{"id":4388,"date":"2022-06-06T12:49:57","date_gmt":"2022-06-06T12:49:57","guid":{"rendered":"https:\/\/grupotorivac.com\/producto\/bobinas-para-electroimanes-2\/"},"modified":"2026-03-10T02:22:06","modified_gmt":"2026-03-10T02:22:06","slug":"bobinas-para-electroimanes","status":"publish","type":"product","link":"https:\/\/grupotorivac.com\/fr\/product\/bobinas-para-electroimanes\/","title":{"rendered":"Bobines pour \u00e9lectro-aimants"},"content":{"rendered":"<h4 class=\"p1\"><b>Quelle est sa fonction \u00e9l\u00e9mentaire dans un syst\u00e8me \u00e9lectrique ?<\/b><\/h4>\n<p>Ces bobines \u00e9lectromagn\u00e9tiques g\u00e9n\u00e8rent des champs magn\u00e9tiques contr\u00f4l\u00e9s lorsqu&#8217;elles sont aliment\u00e9es, ce qui permet de les utiliser dans une large gamme de dispositifs et de syst\u00e8mes \u00e9lectromagn\u00e9tiques. Cette capacit\u00e9 de contr\u00f4le pr\u00e9cis est essentielle dans les applications n\u00e9cessitant une manipulation pr\u00e9cise des forces magn\u00e9tiques.<br \/>\nPermet des op\u00e9rations pr\u00e9cises dans les syst\u00e8mes automatis\u00e9s, am\u00e9liorant la pr\u00e9cision et l&#8217;efficacit\u00e9 des processus industriels. Cela est particuli\u00e8rement utile dans les cha\u00eenes de production o\u00f9 la synchronisation et le contr\u00f4le sont essentiels pour maintenir la qualit\u00e9 et la vitesse de fabrication.<br \/>\nEn outre, ils peuvent \u00eatre int\u00e9gr\u00e9s dans une vari\u00e9t\u00e9 de syst\u00e8mes et d&#8217;appareils, des machines lourdes aux \u00e9quipements de pr\u00e9cision, offrant ainsi des solutions personnalis\u00e9es pour diff\u00e9rents besoins industriels.  <\/p>\n<h4 class=\"p1\"><b>Pourquoi une bobine d&#8217;\u00e9lectro-aimant est-elle n\u00e9cessaire dans les syst\u00e8mes \u00e9lectriques lourds ?<\/b><\/h4>\n<p>Ils permettent de contr\u00f4ler efficacement et en toute s\u00e9curit\u00e9 le mouvement des mat\u00e9riaux m\u00e9talliques, d&#8217;optimiser les processus de production et d&#8217;am\u00e9liorer la pr\u00e9cision des syst\u00e8mes automatis\u00e9s. Ils sont indispensables car ils permettent d&#8217;activer et de d\u00e9sactiver la force magn\u00e9tique. Ils sont particuli\u00e8rement utiles dans les environnements o\u00f9 une manipulation rapide et contr\u00f4l\u00e9e est n\u00e9cessaire, tels que les lignes d&#8217;assemblage, les grues industrielles et les syst\u00e8mes de serrage \u00e9lectromagn\u00e9tique.  <\/p>\n<p>Dans des secteurs tels que la m\u00e9tallurgie, l&#8217;automobile et la logistique, ces bobines facilitent des t\u00e2ches telles que le levage de pi\u00e8ces lourdes, la s\u00e9paration de mat\u00e9riaux et l&#8217;automatisation des syst\u00e8mes de transport, r\u00e9duisant ainsi le travail manuel et augmentant la productivit\u00e9.<br \/>\nEn outre, leur int\u00e9gration dans les freins et embrayages \u00e9lectromagn\u00e9tiques assure une plus grande s\u00e9curit\u00e9 et une plus grande pr\u00e9cision dans les machines de haute performance. Gr\u00e2ce \u00e0 leur fiabilit\u00e9 et \u00e0 leur efficacit\u00e9, les bobines \u00e9lectro-aimant\u00e9es sont une solution cl\u00e9 pour les industries qui recherchent un meilleur contr\u00f4le, une plus grande vitesse et une optimisation de l&#8217;\u00e9nergie dans leurs op\u00e9rations. <\/p>\n<p>Les bobines sont con\u00e7ues pour fonctionner avec une consommation d&#8217;\u00e9lectricit\u00e9 efficace, garantissant que l&#8217;\u00e9nergie utilis\u00e9e est traduite en un champ magn\u00e9tique puissant sans gaspillage de ressources.<\/p>\n<h4 class=\"p1\"><b>Torivac est une entreprise sp\u00e9cialis\u00e9e dans la conception et la fabrication de transformateurs toro\u00efdaux et de variateurs de tension.<\/b><\/h4>\n<p>Nous avons pr\u00e8s de 60 ans d&#8217;exp\u00e9rience dans le secteur, ce qui nous a permis d&#8217;\u00eatre pr\u00e9sents dans plus de 30 pays.<br \/>\nNous disposons d&#8217;une \u00e9quipe technique qui garantit la fabrication de dispositifs de haute pr\u00e9cision et efficaces. Notre m\u00e9thodologie de travail nous permet d&#8217;effectuer des simulations avanc\u00e9es \u00e0 chaque \u00e9tape de chaque projet, en veillant \u00e0 ce que chaque composant, qu&#8217;il s&#8217;agisse de variateurs de tension toro\u00efdaux, de transformateurs de r\u00e9gulation, de d\u00e9chargeurs de batterie, de potentiom\u00e8tres ou de noyaux toro\u00efdaux, soit conforme aux normes les plus strictes du secteur. <\/p>\n<p>Nous travaillons en \u00e9troite collaboration avec des entreprises qui disposent d&#8217;une grande infrastructure, en cherchant \u00e0 leur garantir des solutions personnalis\u00e9es et efficaces. Nous visons \u00e0 r\u00e9pondre aux demandes d&#8217;industries telles que la technologie, l&#8217;\u00e9nergie et l&#8217;automobile. Notre objectif est de continuer \u00e0 innover, de renforcer les alliances strat\u00e9giques et d&#8217;\u00e9tendre notre port\u00e9e mondiale, en maintenant toujours le label de qualit\u00e9 et d&#8217;excellence qui nous caract\u00e9rise depuis nos d\u00e9buts.  <\/p>\n","protected":false},"excerpt":{"rendered":"<p>Enrouleurs ronds avec trou central pour arbres lisses ou \u00e9tag\u00e9s. Avec diff\u00e9rentes longueurs de sortie de c\u00e2ble et con\u00e7us pour r\u00e9sister aux vibrations les plus exigeantes. <\/p>\n<p class=\"p1\"><strong>Qu&#8217;est-ce qu&#8217;une bobine d&#8217;\u00e9lectro-aimant ?<\/strong><\/p>\n<p>Les bobines d&#8217;\u00e9lectro-aimants sont des composants \u00e9lectromagn\u00e9tiques constitu\u00e9s d&#8217;un fil conducteur enroul\u00e9 en spirale, con\u00e7u pour g\u00e9n\u00e9rer un champ magn\u00e9tique lorsqu&#8217;un courant \u00e9lectrique lui est appliqu\u00e9. Ce champ lui permet d&#8217;attirer ou de d\u00e9placer des objets m\u00e9talliques de mani\u00e8re contr\u00f4l\u00e9e, ce qui en fait un \u00e9l\u00e9ment cl\u00e9 des syst\u00e8mes de levage, de l&#8217;automatisation industrielle, des freins \u00e9lectromagn\u00e9tiques et des serrures magn\u00e9tiques. <\/p>\n<p><a class=\"button button_size_2 button_dark\" href=\"https:\/\/grupotorivac.com\/wp-content\/uploads\/2026\/02\/Caracteristicas_Bobinas_Encapsuladas.pdf\" target=\"_blank\" rel=\"noopener\"><span class=\"button_label\"><strong>Voir la fiche technique<\/strong><\/span><\/a><\/p>\n","protected":false},"featured_media":15603,"template":"","meta":{"_acf_changed":false},"product_brand":[],"product_cat":[512,514],"product_tag":[],"class_list":{"0":"post-4388","1":"product","2":"type-product","3":"status-publish","4":"has-post-thumbnail","6":"product_cat-bobines-encapsulees","7":"product_cat-rond","9":"first","10":"instock","11":"product-type-simple"},"acf":[],"yoast_head":"<!-- This site is optimized with the Yoast SEO plugin v27.2 - https:\/\/yoast.com\/product\/yoast-seo-wordpress\/ -->\n<title>Bobines pour \u00e9lectro-aimants - Torivac<\/title>\n<meta name=\"description\" content=\"Nous commercialisons des bobines pour \u00e9lectro-aimants qui consomment un minimum d&#039;\u00e9nergie pour les forces d&#039;attraction de l&#039;aimant.\" \/>\n<meta name=\"robots\" content=\"index, follow, max-snippet:-1, max-image-preview:large, max-video-preview:-1\" \/>\n<link rel=\"canonical\" href=\"https:\/\/grupotorivac.com\/product\/bobinas-para-electroimanes\/\" \/>\n<meta property=\"og:locale\" content=\"fr_FR\" \/>\n<meta property=\"og:type\" content=\"article\" \/>\n<meta property=\"og:title\" content=\"Bobines pour \u00e9lectro-aimants - Torivac\" \/>\n<meta property=\"og:description\" content=\"Nous commercialisons des bobines pour \u00e9lectro-aimants qui consomment un minimum d&#039;\u00e9nergie pour les forces d&#039;attraction de l&#039;aimant.\" \/>\n<meta property=\"og:url\" content=\"https:\/\/grupotorivac.com\/product\/bobinas-para-electroimanes\/\" \/>\n<meta property=\"og:site_name\" content=\"Torivac\" \/>\n<meta property=\"article:modified_time\" content=\"2026-03-10T02:22:06+00:00\" \/>\n<meta property=\"og:image\" content=\"https:\/\/grupotorivac.com\/wp-content\/uploads\/2022\/06\/bobina_redonda.png\" \/>\n\t<meta property=\"og:image:width\" content=\"1949\" \/>\n\t<meta property=\"og:image:height\" content=\"1949\" \/>\n\t<meta property=\"og:image:type\" content=\"image\/png\" \/>\n<meta name=\"twitter:card\" content=\"summary_large_image\" \/>\n<meta name=\"twitter:label1\" content=\"Dur\u00e9e de lecture estim\u00e9e\" \/>\n\t<meta name=\"twitter:data1\" content=\"1 minute\" \/>\n<script type=\"application\/ld+json\" class=\"yoast-schema-graph\">{\"@context\":\"https:\/\/schema.org\",\"@graph\":[{\"@type\":\"WebPage\",\"@id\":\"https:\/\/grupotorivac.com\/product\/bobinas-para-electroimanes\/\",\"url\":\"https:\/\/grupotorivac.com\/product\/bobinas-para-electroimanes\/\",\"name\":\"Bobines pour \u00e9lectro-aimants - Torivac\",\"isPartOf\":{\"@id\":\"https:\/\/grupotorivac.com\/#website\"},\"primaryImageOfPage\":{\"@id\":\"https:\/\/grupotorivac.com\/product\/bobinas-para-electroimanes\/#primaryimage\"},\"image\":{\"@id\":\"https:\/\/grupotorivac.com\/product\/bobinas-para-electroimanes\/#primaryimage\"},\"thumbnailUrl\":\"https:\/\/grupotorivac.com\/wp-content\/uploads\/2022\/06\/bobina_redonda.png\",\"datePublished\":\"2022-06-06T12:49:57+00:00\",\"dateModified\":\"2026-03-10T02:22:06+00:00\",\"description\":\"Nous commercialisons des bobines pour \u00e9lectro-aimants qui consomment un minimum d'\u00e9nergie pour les forces d'attraction de l'aimant.\",\"breadcrumb\":{\"@id\":\"https:\/\/grupotorivac.com\/product\/bobinas-para-electroimanes\/#breadcrumb\"},\"inLanguage\":\"fr-FR\",\"potentialAction\":[{\"@type\":\"ReadAction\",\"target\":[\"https:\/\/grupotorivac.com\/product\/bobinas-para-electroimanes\/\"]}]},{\"@type\":\"ImageObject\",\"inLanguage\":\"fr-FR\",\"@id\":\"https:\/\/grupotorivac.com\/product\/bobinas-para-electroimanes\/#primaryimage\",\"url\":\"https:\/\/grupotorivac.com\/wp-content\/uploads\/2022\/06\/bobina_redonda.png\",\"contentUrl\":\"https:\/\/grupotorivac.com\/wp-content\/uploads\/2022\/06\/bobina_redonda.png\",\"width\":1949,\"height\":1949},{\"@type\":\"BreadcrumbList\",\"@id\":\"https:\/\/grupotorivac.com\/product\/bobinas-para-electroimanes\/#breadcrumb\",\"itemListElement\":[{\"@type\":\"ListItem\",\"position\":1,\"name\":\"Portada\",\"item\":\"https:\/\/grupotorivac.com\/fr\/\"},{\"@type\":\"ListItem\",\"position\":2,\"name\":\"Products\",\"item\":\"https:\/\/grupotorivac.com\/en\/shop\/\"},{\"@type\":\"ListItem\",\"position\":3,\"name\":\"Bobines pour \u00e9lectro-aimants\"}]},{\"@type\":\"WebSite\",\"@id\":\"https:\/\/grupotorivac.com\/#website\",\"url\":\"https:\/\/grupotorivac.com\/\",\"name\":\"Torivac\",\"description\":\"Especializados en dise\u00f1o y fabricaci\u00f3n de variados de tensi\u00f3n\",\"publisher\":{\"@id\":\"https:\/\/grupotorivac.com\/#organization\"},\"alternateName\":\"Torivac S.L\",\"potentialAction\":[{\"@type\":\"SearchAction\",\"target\":{\"@type\":\"EntryPoint\",\"urlTemplate\":\"https:\/\/grupotorivac.com\/?s={search_term_string}\"},\"query-input\":{\"@type\":\"PropertyValueSpecification\",\"valueRequired\":true,\"valueName\":\"search_term_string\"}}],\"inLanguage\":\"fr-FR\"},{\"@type\":\"Organization\",\"@id\":\"https:\/\/grupotorivac.com\/#organization\",\"name\":\"Torivac\",\"alternateName\":\"Torivac S.L\",\"url\":\"https:\/\/grupotorivac.com\/\",\"logo\":{\"@type\":\"ImageObject\",\"inLanguage\":\"fr-FR\",\"@id\":\"https:\/\/grupotorivac.com\/#\/schema\/logo\/image\/\",\"url\":\"https:\/\/grupotorivac.com\/wp-content\/uploads\/2025\/02\/Diseno-sin-titulo-73.png\",\"contentUrl\":\"https:\/\/grupotorivac.com\/wp-content\/uploads\/2025\/02\/Diseno-sin-titulo-73.png\",\"width\":250,\"height\":250,\"caption\":\"Torivac\"},\"image\":{\"@id\":\"https:\/\/grupotorivac.com\/#\/schema\/logo\/image\/\"}}]}<\/script>\n<!-- \/ Yoast SEO plugin. -->","yoast_head_json":{"title":"Bobines pour \u00e9lectro-aimants - Torivac","description":"Nous commercialisons des bobines pour \u00e9lectro-aimants qui consomment un minimum d'\u00e9nergie pour les forces d'attraction de l'aimant.","robots":{"index":"index","follow":"follow","max-snippet":"max-snippet:-1","max-image-preview":"max-image-preview:large","max-video-preview":"max-video-preview:-1"},"canonical":"https:\/\/grupotorivac.com\/product\/bobinas-para-electroimanes\/","og_locale":"fr_FR","og_type":"article","og_title":"Bobines pour \u00e9lectro-aimants - Torivac","og_description":"Nous commercialisons des bobines pour \u00e9lectro-aimants qui consomment un minimum d'\u00e9nergie pour les forces d'attraction de l'aimant.","og_url":"https:\/\/grupotorivac.com\/product\/bobinas-para-electroimanes\/","og_site_name":"Torivac","article_modified_time":"2026-03-10T02:22:06+00:00","og_image":[{"width":1949,"height":1949,"url":"https:\/\/grupotorivac.com\/wp-content\/uploads\/2022\/06\/bobina_redonda.png","type":"image\/png"}],"twitter_card":"summary_large_image","twitter_misc":{"Dur\u00e9e de lecture estim\u00e9e":"1 minute"},"schema":{"@context":"https:\/\/schema.org","@graph":[{"@type":"WebPage","@id":"https:\/\/grupotorivac.com\/product\/bobinas-para-electroimanes\/","url":"https:\/\/grupotorivac.com\/product\/bobinas-para-electroimanes\/","name":"Bobines pour \u00e9lectro-aimants - Torivac","isPartOf":{"@id":"https:\/\/grupotorivac.com\/#website"},"primaryImageOfPage":{"@id":"https:\/\/grupotorivac.com\/product\/bobinas-para-electroimanes\/#primaryimage"},"image":{"@id":"https:\/\/grupotorivac.com\/product\/bobinas-para-electroimanes\/#primaryimage"},"thumbnailUrl":"https:\/\/grupotorivac.com\/wp-content\/uploads\/2022\/06\/bobina_redonda.png","datePublished":"2022-06-06T12:49:57+00:00","dateModified":"2026-03-10T02:22:06+00:00","description":"Nous commercialisons des bobines pour \u00e9lectro-aimants qui consomment un minimum d'\u00e9nergie pour les forces d'attraction de l'aimant.","breadcrumb":{"@id":"https:\/\/grupotorivac.com\/product\/bobinas-para-electroimanes\/#breadcrumb"},"inLanguage":"fr-FR","potentialAction":[{"@type":"ReadAction","target":["https:\/\/grupotorivac.com\/product\/bobinas-para-electroimanes\/"]}]},{"@type":"ImageObject","inLanguage":"fr-FR","@id":"https:\/\/grupotorivac.com\/product\/bobinas-para-electroimanes\/#primaryimage","url":"https:\/\/grupotorivac.com\/wp-content\/uploads\/2022\/06\/bobina_redonda.png","contentUrl":"https:\/\/grupotorivac.com\/wp-content\/uploads\/2022\/06\/bobina_redonda.png","width":1949,"height":1949},{"@type":"BreadcrumbList","@id":"https:\/\/grupotorivac.com\/product\/bobinas-para-electroimanes\/#breadcrumb","itemListElement":[{"@type":"ListItem","position":1,"name":"Portada","item":"https:\/\/grupotorivac.com\/fr\/"},{"@type":"ListItem","position":2,"name":"Products","item":"https:\/\/grupotorivac.com\/en\/shop\/"},{"@type":"ListItem","position":3,"name":"Bobines pour \u00e9lectro-aimants"}]},{"@type":"WebSite","@id":"https:\/\/grupotorivac.com\/#website","url":"https:\/\/grupotorivac.com\/","name":"Torivac","description":"Especializados en dise\u00f1o y fabricaci\u00f3n de variados de tensi\u00f3n","publisher":{"@id":"https:\/\/grupotorivac.com\/#organization"},"alternateName":"Torivac S.L","potentialAction":[{"@type":"SearchAction","target":{"@type":"EntryPoint","urlTemplate":"https:\/\/grupotorivac.com\/?s={search_term_string}"},"query-input":{"@type":"PropertyValueSpecification","valueRequired":true,"valueName":"search_term_string"}}],"inLanguage":"fr-FR"},{"@type":"Organization","@id":"https:\/\/grupotorivac.com\/#organization","name":"Torivac","alternateName":"Torivac S.L","url":"https:\/\/grupotorivac.com\/","logo":{"@type":"ImageObject","inLanguage":"fr-FR","@id":"https:\/\/grupotorivac.com\/#\/schema\/logo\/image\/","url":"https:\/\/grupotorivac.com\/wp-content\/uploads\/2025\/02\/Diseno-sin-titulo-73.png","contentUrl":"https:\/\/grupotorivac.com\/wp-content\/uploads\/2025\/02\/Diseno-sin-titulo-73.png","width":250,"height":250,"caption":"Torivac"},"image":{"@id":"https:\/\/grupotorivac.com\/#\/schema\/logo\/image\/"}}]}},"_links":{"self":[{"href":"https:\/\/grupotorivac.com\/fr\/wp-json\/wp\/v2\/product\/4388","targetHints":{"allow":["GET"]}}],"collection":[{"href":"https:\/\/grupotorivac.com\/fr\/wp-json\/wp\/v2\/product"}],"about":[{"href":"https:\/\/grupotorivac.com\/fr\/wp-json\/wp\/v2\/types\/product"}],"wp:featuredmedia":[{"embeddable":true,"href":"https:\/\/grupotorivac.com\/fr\/wp-json\/wp\/v2\/media\/15603"}],"wp:attachment":[{"href":"https:\/\/grupotorivac.com\/fr\/wp-json\/wp\/v2\/media?parent=4388"}],"wp:term":[{"taxonomy":"product_brand","embeddable":true,"href":"https:\/\/grupotorivac.com\/fr\/wp-json\/wp\/v2\/product_brand?post=4388"},{"taxonomy":"product_cat","embeddable":true,"href":"https:\/\/grupotorivac.com\/fr\/wp-json\/wp\/v2\/product_cat?post=4388"},{"taxonomy":"product_tag","embeddable":true,"href":"https:\/\/grupotorivac.com\/fr\/wp-json\/wp\/v2\/product_tag?post=4388"}],"curies":[{"name":"wp","href":"https:\/\/api.w.org\/{rel}","templated":true}]}}