{"id":16413,"date":"2024-11-12T09:06:48","date_gmt":"2024-11-12T09:06:48","guid":{"rendered":"https:\/\/grupotorivac.com\/product\/resistencias-de-frenado\/"},"modified":"2026-03-17T23:00:07","modified_gmt":"2026-03-17T23:00:07","slug":"resistances-de-freinage","status":"publish","type":"product","link":"https:\/\/grupotorivac.com\/fr\/product\/resistances-de-freinage\/","title":{"rendered":"R\u00e9sistances de freinage"},"content":{"rendered":"","protected":false},"excerpt":{"rendered":"<p><span data-sheets-root=\"1\">Les r\u00e9sistances de freinage sont destin\u00e9es \u00e0 dissiper l&#8217;\u00e9nergie g\u00e9n\u00e9r\u00e9e par un moteur pendant la d\u00e9c\u00e9l\u00e9ration, afin d&#8217;\u00e9viter que le variateur ne soit endommag\u00e9 par une surtension et de garantir qu&#8217;il s&#8217;arr\u00eate en toute s\u00e9curit\u00e9.<\/span><\/p>\n<p>TORIVAC est un fabricant de diff\u00e9rents types de r\u00e9sistances de freinage dynamiques, qui offrent une solution \u00e9conomique et compacte pour le contr\u00f4le du freinage en absorbant et en dissipant l&#8217;\u00e9nergie de mani\u00e8re efficace. Une r\u00e9sistance de freinage permet de ralentir ou d&#8217;arr\u00eater un moteur en dissipant l&#8217;exc\u00e8s de tension g\u00e9n\u00e9r\u00e9 par le moteur en d\u00e9c\u00e9l\u00e9ration. <\/p>\n<p>Ces r\u00e9sistances peuvent \u00e9galement contribuer \u00e0 r\u00e9duire l&#8217;usure des composants de freinage, ce qui peut prolonger la dur\u00e9e de vie de l&#8217;\u00e9quipement, permettre un freinage plus rapide et \u00e9liminer le risque de surchauffe.<\/p>\n<p>&#8211; Convient \u00e0 toute application n\u00e9cessitant un freinage dynamique.<br \/>\n&#8211; Convient pour des puissances de 1W \u00e0 100MW et des cycles de fonctionnement de 1% \u00e0 100%.<br \/>\n&#8211; Convient \u00e0 tous les types de convertisseurs de fr\u00e9quence<\/p>\n<p>&#8211; Fabrication selon les sp\u00e9cifications du client<\/p>\n<p>&#8211; Une petite gamme \u00e0 des prix tr\u00e8s comp\u00e9titifs.<\/p>\n<p>&#8211; Ils peuvent \u00eatre fournis dans l&#8217;air (IP00) ou ferm\u00e9s (IP20 \u00e0 IP54).<\/p>\n","protected":false},"featured_media":3296,"template":"","meta":{"_acf_changed":false},"product_brand":[],"product_cat":[474,691],"product_tag":[],"class_list":{"0":"post-16413","1":"product","2":"type-product","3":"status-publish","4":"has-post-thumbnail","6":"product_cat-resistances-bancs-de-charge","7":"product_cat-resistances-de-freinage","9":"first","10":"instock","11":"product-type-simple"},"acf":[],"yoast_head":"<!-- This site is optimized with the Yoast SEO plugin v27.2 - https:\/\/yoast.com\/product\/yoast-seo-wordpress\/ -->\n<title>R\u00e9sistances de freinage - Torivac<\/title>\n<meta name=\"robots\" content=\"index, follow, max-snippet:-1, max-image-preview:large, max-video-preview:-1\" \/>\n<link rel=\"canonical\" href=\"https:\/\/grupotorivac.com\/fr\/product\/resistances-de-freinage\/\" \/>\n<meta property=\"og:locale\" content=\"fr_FR\" \/>\n<meta property=\"og:type\" content=\"article\" \/>\n<meta property=\"og:title\" content=\"R\u00e9sistances de freinage - Torivac\" \/>\n<meta property=\"og:description\" content=\"Les r\u00e9sistances de freinage sont destin\u00e9es \u00e0 dissiper l&#039;\u00e9nergie g\u00e9n\u00e9r\u00e9e par un moteur pendant la d\u00e9c\u00e9l\u00e9ration, afin d&#039;\u00e9viter que le variateur ne soit endommag\u00e9 par une surtension et de garantir qu&#039;il s&#039;arr\u00eate en toute s\u00e9curit\u00e9. TORIVAC est un fabricant de diff\u00e9rents types de r\u00e9sistances de freinage dynamiques, qui offrent une solution \u00e9conomique et compacte pour le contr\u00f4le du freinage en absorbant et en dissipant l&#039;\u00e9nergie de mani\u00e8re efficace. Une r\u00e9sistance de freinage permet de ralentir ou d&#039;arr\u00eater un moteur en dissipant l&#039;exc\u00e8s de tension g\u00e9n\u00e9r\u00e9 par le moteur en d\u00e9c\u00e9l\u00e9ration.  Ces r\u00e9sistances peuvent \u00e9galement contribuer \u00e0 r\u00e9duire l&#039;usure des composants de freinage, ce qui peut prolonger la dur\u00e9e de vie de l&#039;\u00e9quipement, permettre un freinage plus rapide et \u00e9liminer le risque de surchauffe. - Convient \u00e0 toute application n\u00e9cessitant un freinage dynamique. - Convient pour des puissances de 1W \u00e0 100MW et des cycles de fonctionnement de 1% \u00e0 100%. - Convient \u00e0 tous les types de convertisseurs de fr\u00e9quence - Fabrication selon les sp\u00e9cifications du client - Une petite gamme \u00e0 des prix tr\u00e8s comp\u00e9titifs. - Ils peuvent \u00eatre fournis dans l&#039;air (IP00) ou ferm\u00e9s (IP20 \u00e0 IP54).\" \/>\n<meta property=\"og:url\" content=\"https:\/\/grupotorivac.com\/fr\/product\/resistances-de-freinage\/\" \/>\n<meta property=\"og:site_name\" content=\"Torivac\" \/>\n<meta property=\"article:modified_time\" content=\"2026-03-17T23:00:07+00:00\" \/>\n<meta property=\"og:image\" content=\"https:\/\/grupotorivac.com\/wp-content\/uploads\/2023\/05\/resistencia.jpg\" \/>\n\t<meta property=\"og:image:width\" content=\"800\" \/>\n\t<meta property=\"og:image:height\" content=\"800\" \/>\n\t<meta property=\"og:image:type\" content=\"image\/jpeg\" \/>\n<meta name=\"twitter:card\" content=\"summary_large_image\" \/>\n<meta name=\"twitter:label1\" content=\"Dur\u00e9e de lecture estim\u00e9e\" \/>\n\t<meta name=\"twitter:data1\" content=\"1 minute\" \/>\n<script type=\"application\/ld+json\" class=\"yoast-schema-graph\">{\"@context\":\"https:\/\/schema.org\",\"@graph\":[{\"@type\":\"WebPage\",\"@id\":\"https:\/\/grupotorivac.com\/fr\/product\/resistances-de-freinage\/\",\"url\":\"https:\/\/grupotorivac.com\/fr\/product\/resistances-de-freinage\/\",\"name\":\"R\u00e9sistances de freinage - Torivac\",\"isPartOf\":{\"@id\":\"https:\/\/grupotorivac.com\/#website\"},\"primaryImageOfPage\":{\"@id\":\"https:\/\/grupotorivac.com\/fr\/product\/resistances-de-freinage\/#primaryimage\"},\"image\":{\"@id\":\"https:\/\/grupotorivac.com\/fr\/product\/resistances-de-freinage\/#primaryimage\"},\"thumbnailUrl\":\"https:\/\/grupotorivac.com\/wp-content\/uploads\/2023\/05\/resistencia.jpg\",\"datePublished\":\"2024-11-12T09:06:48+00:00\",\"dateModified\":\"2026-03-17T23:00:07+00:00\",\"breadcrumb\":{\"@id\":\"https:\/\/grupotorivac.com\/fr\/product\/resistances-de-freinage\/#breadcrumb\"},\"inLanguage\":\"fr-FR\",\"potentialAction\":[{\"@type\":\"ReadAction\",\"target\":[\"https:\/\/grupotorivac.com\/fr\/product\/resistances-de-freinage\/\"]}]},{\"@type\":\"ImageObject\",\"inLanguage\":\"fr-FR\",\"@id\":\"https:\/\/grupotorivac.com\/fr\/product\/resistances-de-freinage\/#primaryimage\",\"url\":\"https:\/\/grupotorivac.com\/wp-content\/uploads\/2023\/05\/resistencia.jpg\",\"contentUrl\":\"https:\/\/grupotorivac.com\/wp-content\/uploads\/2023\/05\/resistencia.jpg\",\"width\":800,\"height\":800,\"caption\":\"resistencias de frenado\"},{\"@type\":\"BreadcrumbList\",\"@id\":\"https:\/\/grupotorivac.com\/fr\/product\/resistances-de-freinage\/#breadcrumb\",\"itemListElement\":[{\"@type\":\"ListItem\",\"position\":1,\"name\":\"Portada\",\"item\":\"https:\/\/grupotorivac.com\/fr\/\"},{\"@type\":\"ListItem\",\"position\":2,\"name\":\"Products\",\"item\":\"https:\/\/grupotorivac.com\/en\/shop\/\"},{\"@type\":\"ListItem\",\"position\":3,\"name\":\"R\u00e9sistances de freinage\"}]},{\"@type\":\"WebSite\",\"@id\":\"https:\/\/grupotorivac.com\/#website\",\"url\":\"https:\/\/grupotorivac.com\/\",\"name\":\"Torivac\",\"description\":\"Especializados en dise\u00f1o y fabricaci\u00f3n de variados de tensi\u00f3n\",\"publisher\":{\"@id\":\"https:\/\/grupotorivac.com\/#organization\"},\"alternateName\":\"Torivac S.L\",\"potentialAction\":[{\"@type\":\"SearchAction\",\"target\":{\"@type\":\"EntryPoint\",\"urlTemplate\":\"https:\/\/grupotorivac.com\/?s={search_term_string}\"},\"query-input\":{\"@type\":\"PropertyValueSpecification\",\"valueRequired\":true,\"valueName\":\"search_term_string\"}}],\"inLanguage\":\"fr-FR\"},{\"@type\":\"Organization\",\"@id\":\"https:\/\/grupotorivac.com\/#organization\",\"name\":\"Torivac\",\"alternateName\":\"Torivac S.L\",\"url\":\"https:\/\/grupotorivac.com\/\",\"logo\":{\"@type\":\"ImageObject\",\"inLanguage\":\"fr-FR\",\"@id\":\"https:\/\/grupotorivac.com\/#\/schema\/logo\/image\/\",\"url\":\"https:\/\/grupotorivac.com\/wp-content\/uploads\/2025\/02\/Diseno-sin-titulo-73.png\",\"contentUrl\":\"https:\/\/grupotorivac.com\/wp-content\/uploads\/2025\/02\/Diseno-sin-titulo-73.png\",\"width\":250,\"height\":250,\"caption\":\"Torivac\"},\"image\":{\"@id\":\"https:\/\/grupotorivac.com\/#\/schema\/logo\/image\/\"}}]}<\/script>\n<!-- \/ Yoast SEO plugin. -->","yoast_head_json":{"title":"R\u00e9sistances de freinage - Torivac","robots":{"index":"index","follow":"follow","max-snippet":"max-snippet:-1","max-image-preview":"max-image-preview:large","max-video-preview":"max-video-preview:-1"},"canonical":"https:\/\/grupotorivac.com\/fr\/product\/resistances-de-freinage\/","og_locale":"fr_FR","og_type":"article","og_title":"R\u00e9sistances de freinage - Torivac","og_description":"Les r\u00e9sistances de freinage sont destin\u00e9es \u00e0 dissiper l'\u00e9nergie g\u00e9n\u00e9r\u00e9e par un moteur pendant la d\u00e9c\u00e9l\u00e9ration, afin d'\u00e9viter que le variateur ne soit endommag\u00e9 par une surtension et de garantir qu'il s'arr\u00eate en toute s\u00e9curit\u00e9. TORIVAC est un fabricant de diff\u00e9rents types de r\u00e9sistances de freinage dynamiques, qui offrent une solution \u00e9conomique et compacte pour le contr\u00f4le du freinage en absorbant et en dissipant l'\u00e9nergie de mani\u00e8re efficace. Une r\u00e9sistance de freinage permet de ralentir ou d'arr\u00eater un moteur en dissipant l'exc\u00e8s de tension g\u00e9n\u00e9r\u00e9 par le moteur en d\u00e9c\u00e9l\u00e9ration.  Ces r\u00e9sistances peuvent \u00e9galement contribuer \u00e0 r\u00e9duire l'usure des composants de freinage, ce qui peut prolonger la dur\u00e9e de vie de l'\u00e9quipement, permettre un freinage plus rapide et \u00e9liminer le risque de surchauffe. - Convient \u00e0 toute application n\u00e9cessitant un freinage dynamique. - Convient pour des puissances de 1W \u00e0 100MW et des cycles de fonctionnement de 1% \u00e0 100%. - Convient \u00e0 tous les types de convertisseurs de fr\u00e9quence - Fabrication selon les sp\u00e9cifications du client - Une petite gamme \u00e0 des prix tr\u00e8s comp\u00e9titifs. - Ils peuvent \u00eatre fournis dans l'air (IP00) ou ferm\u00e9s (IP20 \u00e0 IP54).","og_url":"https:\/\/grupotorivac.com\/fr\/product\/resistances-de-freinage\/","og_site_name":"Torivac","article_modified_time":"2026-03-17T23:00:07+00:00","og_image":[{"width":800,"height":800,"url":"https:\/\/grupotorivac.com\/wp-content\/uploads\/2023\/05\/resistencia.jpg","type":"image\/jpeg"}],"twitter_card":"summary_large_image","twitter_misc":{"Dur\u00e9e de lecture estim\u00e9e":"1 minute"},"schema":{"@context":"https:\/\/schema.org","@graph":[{"@type":"WebPage","@id":"https:\/\/grupotorivac.com\/fr\/product\/resistances-de-freinage\/","url":"https:\/\/grupotorivac.com\/fr\/product\/resistances-de-freinage\/","name":"R\u00e9sistances de freinage - Torivac","isPartOf":{"@id":"https:\/\/grupotorivac.com\/#website"},"primaryImageOfPage":{"@id":"https:\/\/grupotorivac.com\/fr\/product\/resistances-de-freinage\/#primaryimage"},"image":{"@id":"https:\/\/grupotorivac.com\/fr\/product\/resistances-de-freinage\/#primaryimage"},"thumbnailUrl":"https:\/\/grupotorivac.com\/wp-content\/uploads\/2023\/05\/resistencia.jpg","datePublished":"2024-11-12T09:06:48+00:00","dateModified":"2026-03-17T23:00:07+00:00","breadcrumb":{"@id":"https:\/\/grupotorivac.com\/fr\/product\/resistances-de-freinage\/#breadcrumb"},"inLanguage":"fr-FR","potentialAction":[{"@type":"ReadAction","target":["https:\/\/grupotorivac.com\/fr\/product\/resistances-de-freinage\/"]}]},{"@type":"ImageObject","inLanguage":"fr-FR","@id":"https:\/\/grupotorivac.com\/fr\/product\/resistances-de-freinage\/#primaryimage","url":"https:\/\/grupotorivac.com\/wp-content\/uploads\/2023\/05\/resistencia.jpg","contentUrl":"https:\/\/grupotorivac.com\/wp-content\/uploads\/2023\/05\/resistencia.jpg","width":800,"height":800,"caption":"resistencias de frenado"},{"@type":"BreadcrumbList","@id":"https:\/\/grupotorivac.com\/fr\/product\/resistances-de-freinage\/#breadcrumb","itemListElement":[{"@type":"ListItem","position":1,"name":"Portada","item":"https:\/\/grupotorivac.com\/fr\/"},{"@type":"ListItem","position":2,"name":"Products","item":"https:\/\/grupotorivac.com\/en\/shop\/"},{"@type":"ListItem","position":3,"name":"R\u00e9sistances de freinage"}]},{"@type":"WebSite","@id":"https:\/\/grupotorivac.com\/#website","url":"https:\/\/grupotorivac.com\/","name":"Torivac","description":"Especializados en dise\u00f1o y fabricaci\u00f3n de variados de tensi\u00f3n","publisher":{"@id":"https:\/\/grupotorivac.com\/#organization"},"alternateName":"Torivac S.L","potentialAction":[{"@type":"SearchAction","target":{"@type":"EntryPoint","urlTemplate":"https:\/\/grupotorivac.com\/?s={search_term_string}"},"query-input":{"@type":"PropertyValueSpecification","valueRequired":true,"valueName":"search_term_string"}}],"inLanguage":"fr-FR"},{"@type":"Organization","@id":"https:\/\/grupotorivac.com\/#organization","name":"Torivac","alternateName":"Torivac S.L","url":"https:\/\/grupotorivac.com\/","logo":{"@type":"ImageObject","inLanguage":"fr-FR","@id":"https:\/\/grupotorivac.com\/#\/schema\/logo\/image\/","url":"https:\/\/grupotorivac.com\/wp-content\/uploads\/2025\/02\/Diseno-sin-titulo-73.png","contentUrl":"https:\/\/grupotorivac.com\/wp-content\/uploads\/2025\/02\/Diseno-sin-titulo-73.png","width":250,"height":250,"caption":"Torivac"},"image":{"@id":"https:\/\/grupotorivac.com\/#\/schema\/logo\/image\/"}}]}},"_links":{"self":[{"href":"https:\/\/grupotorivac.com\/fr\/wp-json\/wp\/v2\/product\/16413","targetHints":{"allow":["GET"]}}],"collection":[{"href":"https:\/\/grupotorivac.com\/fr\/wp-json\/wp\/v2\/product"}],"about":[{"href":"https:\/\/grupotorivac.com\/fr\/wp-json\/wp\/v2\/types\/product"}],"wp:featuredmedia":[{"embeddable":true,"href":"https:\/\/grupotorivac.com\/fr\/wp-json\/wp\/v2\/media\/3296"}],"wp:attachment":[{"href":"https:\/\/grupotorivac.com\/fr\/wp-json\/wp\/v2\/media?parent=16413"}],"wp:term":[{"taxonomy":"product_brand","embeddable":true,"href":"https:\/\/grupotorivac.com\/fr\/wp-json\/wp\/v2\/product_brand?post=16413"},{"taxonomy":"product_cat","embeddable":true,"href":"https:\/\/grupotorivac.com\/fr\/wp-json\/wp\/v2\/product_cat?post=16413"},{"taxonomy":"product_tag","embeddable":true,"href":"https:\/\/grupotorivac.com\/fr\/wp-json\/wp\/v2\/product_tag?post=16413"}],"curies":[{"name":"wp","href":"https:\/\/api.w.org\/{rel}","templated":true}]}}