{"id":16412,"date":"2024-11-12T09:17:01","date_gmt":"2024-11-12T09:17:01","guid":{"rendered":"https:\/\/grupotorivac.com\/product\/resistencias-de-alta-potencia-cementadas\/"},"modified":"2026-03-17T22:58:47","modified_gmt":"2026-03-17T22:58:47","slug":"resistances-cimentees-de-haute-puissance","status":"publish","type":"product","link":"https:\/\/grupotorivac.com\/fr\/product\/resistances-cimentees-de-haute-puissance\/","title":{"rendered":"R\u00e9sistances ciment\u00e9es de haute puissance"},"content":{"rendered":"<p><b>R\u00e9sistances ciment\u00e9es de haute puissance<\/b><\/p>\n<p>Les r\u00e9sistances ciment\u00e9es de haute puissance, de conception robuste et \u00e0 forte capacit\u00e9 de charge, constituent la solution id\u00e9ale pour les syst\u00e8mes industriels et les structures de grande puissance.<br \/>\nFabriqu\u00e9es avec un noyau en c\u00e9ramique recouvert d&#8217;un ciment r\u00e9sistant au feu, ces r\u00e9sistances garantissent une durabilit\u00e9 et une r\u00e9sistance thermique \u00e9lev\u00e9es. Leur structure emp\u00eache la surchauffe et am\u00e9liore la s\u00e9curit\u00e9 op\u00e9rationnelle dans les environnements exigeants. Gr\u00e2ce \u00e0 leur capacit\u00e9 \u00e0 g\u00e9rer des puissances \u00e9lev\u00e9es, leurs fonctions \u00e9l\u00e9mentaires sont d&#8217;optimiser les performances des \u00e9quipements \u00e9lectriques, de r\u00e9duire les pannes et de prolonger la dur\u00e9e de vie des syst\u00e8mes.  <\/p>\n<p><b>Comment optimiser la distribution de l&#8217;\u00e9nergie dans des structures de b\u00e2timent et des machines tr\u00e8s complexes ?<\/b><\/p>\n<p>Dans le secteur de l&#8217;\u00e9nergie, ces r\u00e9sistances sont essentielles \u00e0 la r\u00e9gulation du courant dans les r\u00e9seaux de distribution, les sous-stations et les \u00e9quipements \u00e0 haute tension. Elles jouent \u00e9galement un r\u00f4le cl\u00e9 dans le contr\u00f4le des moteurs \u00e0 grande \u00e9chelle et l&#8217;\u00e9quilibrage des charges dans les infrastructures \u00e9lectriques, en \u00e9vitant les surcharges et en assurant un fonctionnement efficace.<br \/>\nLeur pr\u00e9cision et leur stabilit\u00e9 leur permettent de s&#8217;adapter \u00e0 de multiples configurations, en offrant des valeurs de r\u00e9sistance adapt\u00e9es \u00e0 chaque besoin. Elles sont donc id\u00e9ales pour les applications qui exigent une puissance \u00e9lev\u00e9e sans compromettre la s\u00e9curit\u00e9 et l&#8217;efficacit\u00e9 du syst\u00e8me.<br \/>\nDans le secteur industriel, elles optimisent les performances des machines lourdes, des syst\u00e8mes de freinage et des processus d&#8217;automatisation, en \u00e9vitant les surchauffes et en prolongeant la dur\u00e9e de vie utile de l&#8217;\u00e9quipement. Gr\u00e2ce \u00e0 leur conception compacte et robuste, ils offrent une solution fiable et durable, capable de fonctionner dans des conditions exigeantes sans compromettre la s\u00e9curit\u00e9.   <\/p>\n<p><b>Comment fonctionne-t-il dans un syst\u00e8me \u00e9lectrique tr\u00e8s exigeant ?<\/b><\/p>\n<p>Ils fonctionnent avec les transformateurs toro\u00efdaux et les stabilisateurs de tension pour assurer une distribution \u00e9quilibr\u00e9e et s\u00fbre de l&#8217;\u00e9nergie dans les syst\u00e8mes industriels et commerciaux. Dans le cas des transformateurs toro\u00efdaux, elles aident \u00e0 dissiper l&#8217;exc\u00e8s de courant et \u00e0 pr\u00e9venir les surcharges, en garantissant que la tension de sortie reste stable et sans surtensions ou creux de tension qui peuvent endommager les \u00e9quipements connect\u00e9s.<br \/>\nDans les stabilisateurs de tension, ces r\u00e9sistances jouent un r\u00f4le cl\u00e9 dans l&#8217;absorption des pics de courant caus\u00e9s par la magn\u00e9tisation des syst\u00e8mes, en prot\u00e9geant les dispositifs sensibles tels que les machines de pr\u00e9cision, les serveurs et l&#8217;\u00e9quipement m\u00e9dical. Elles garantissent un flux d&#8217;\u00e9nergie constant et s\u00fbr, contribuant \u00e0 la stabilit\u00e9 op\u00e9rationnelle des infrastructures \u00e9lectriques et am\u00e9liorant l&#8217;efficacit\u00e9 de la consommation d&#8217;\u00e9nergie.  <\/p>\n<p><b>Torivac est une entreprise sp\u00e9cialis\u00e9e dans la conception et la fabrication de transformateurs toro\u00efdaux et de variateurs de tension.<\/b><\/p>\n<p>Nous avons pr\u00e8s de 60 ans d&#8217;exp\u00e9rience dans le secteur, ce qui nous a permis d&#8217;\u00eatre pr\u00e9sents dans plus de 30 pays.<br \/>\nNous disposons d&#8217;une \u00e9quipe technique qui garantit la fabrication de dispositifs de haute pr\u00e9cision et efficaces. Notre m\u00e9thodologie de travail nous permet d&#8217;effectuer des simulations avanc\u00e9es \u00e0 chaque \u00e9tape de chaque projet, en garantissant que chaque composant, qu&#8217;il s&#8217;agisse de variateurs de tension toro\u00efdaux, de transformateurs de r\u00e9gulation, de d\u00e9chargeurs de batterie, de potentiom\u00e8tres ou de noyaux toro\u00efdaux, r\u00e9ponde aux normes les plus \u00e9lev\u00e9es du secteur.<br \/>\nNous travaillons en \u00e9troite collaboration avec des entreprises qui disposent d&#8217;une grande infrastructure, afin de garantir des solutions personnalis\u00e9es et efficaces. Nous visons \u00e0 r\u00e9pondre aux demandes d&#8217;industries telles que la technologie, l&#8217;\u00e9nergie et l&#8217;automobile. Notre objectif est de continuer \u00e0 innover, de renforcer les alliances strat\u00e9giques et d&#8217;\u00e9tendre notre port\u00e9e mondiale, en maintenant toujours le label de qualit\u00e9 et d&#8217;excellence qui nous caract\u00e9rise depuis nos d\u00e9buts.   <\/p>\n","protected":false},"excerpt":{"rendered":"<p><span data-sheets-root=\"1\">Nos r\u00e9sistances ciment\u00e9es de haute puissance sont fabriqu\u00e9es \u00e0 partir d&#8217;un fil d&#8217;alliage r\u00e9sistif de haute qualit\u00e9. La valeur ohmique varie peu avec l&#8217;\u00e9l\u00e9vation de temp\u00e9rature de l&#8217;\u00e9l\u00e9ment. <\/span><\/p>\n<p>Il s&#8217;agit de r\u00e9sistances bobin\u00e9es compos\u00e9es d&#8217;un \u00e9l\u00e9ment r\u00e9sistif enroul\u00e9 sur un noyau tubulaire en c\u00e9ramique utilis\u00e9 comme support et recouvert d&#8217;une r\u00e9sine pour assurer une capacit\u00e9 de dissipation \u00e9lev\u00e9e et une excellente r\u00e9sistance aux chocs thermiques et aux surcharges. Il s&#8217;agit d&#8217;un \u00e9l\u00e9ment ouvert avec une faible inductance qui permet des valeurs ohmiques tr\u00e8s basses.  <\/p>\n<p>Sa construction permet une dissipation de puissance \u00e9lev\u00e9e dans un espace r\u00e9duit. Cet ensemble, dot\u00e9 de supports lat\u00e9raux et d&#8217;un bo\u00eetier en acier galvanis\u00e9 avec des trous perfor\u00e9s pour assurer une bonne ventilation, r\u00e9pond aux exigences de protection IP20 ou IP23 (selon le mod\u00e8le de r\u00e9sistance). Ils peuvent \u00eatre fournis avec un protecteur thermique et avec la valeur ohmique demand\u00e9e par le client.  <\/p>\n<p>Faible coefficient de temp\u00e9rature offrant une valeur ohmique constante sur une large plage de temp\u00e9rature. Les r\u00e9sistances de puissance \u00e9tant des \u00e9l\u00e9ments passifs, elles ne sont pas concern\u00e9es par les normes CEM sp\u00e9cifiques.  Ils ne produisent pas de radiations parasites et ne sont pas affect\u00e9s par celles-ci.<\/p>\n<p>Les caract\u00e9ristiques de nos produits font que nos r\u00e9sistances sont particuli\u00e8rement adapt\u00e9es pour limiter les courants forts, les d\u00e9charges de batteries, etc.<\/p>\n","protected":false},"featured_media":8350,"template":"","meta":{"_acf_changed":false},"product_brand":[],"product_cat":[480,474],"product_tag":[],"class_list":{"0":"post-16412","1":"product","2":"type-product","3":"status-publish","4":"has-post-thumbnail","6":"product_cat-cimente","7":"product_cat-resistances-bancs-de-charge","9":"first","10":"instock","11":"product-type-simple"},"acf":[],"yoast_head":"<!-- This site is optimized with the Yoast SEO plugin v27.2 - https:\/\/yoast.com\/product\/yoast-seo-wordpress\/ -->\n<title>R\u00e9sistances ciment\u00e9es de haute puissance - Torivac<\/title>\n<meta name=\"description\" content=\"R\u00e9sistances ciment\u00e9es de haute puissance : assurent une capacit\u00e9 de dissipation \u00e9lev\u00e9e et une excellente r\u00e9sistance aux chocs thermiques et aux surcharges.\" \/>\n<meta name=\"robots\" content=\"index, follow, max-snippet:-1, max-image-preview:large, max-video-preview:-1\" \/>\n<link rel=\"canonical\" href=\"https:\/\/grupotorivac.com\/fr\/product\/resistances-cimentees-de-haute-puissance\/\" \/>\n<meta property=\"og:locale\" content=\"fr_FR\" \/>\n<meta property=\"og:type\" content=\"article\" \/>\n<meta property=\"og:title\" content=\"R\u00e9sistances ciment\u00e9es de haute puissance - Torivac\" \/>\n<meta property=\"og:description\" content=\"R\u00e9sistances ciment\u00e9es de haute puissance : assurent une capacit\u00e9 de dissipation \u00e9lev\u00e9e et une excellente r\u00e9sistance aux chocs thermiques et aux surcharges.\" \/>\n<meta property=\"og:url\" content=\"https:\/\/grupotorivac.com\/fr\/product\/resistances-cimentees-de-haute-puissance\/\" \/>\n<meta property=\"og:site_name\" content=\"Torivac\" \/>\n<meta property=\"article:modified_time\" content=\"2026-03-17T22:58:47+00:00\" \/>\n<meta property=\"og:image\" content=\"https:\/\/grupotorivac.com\/wp-content\/uploads\/2024\/11\/cementadas.jpg\" \/>\n\t<meta property=\"og:image:width\" content=\"250\" \/>\n\t<meta property=\"og:image:height\" content=\"250\" \/>\n\t<meta property=\"og:image:type\" content=\"image\/jpeg\" \/>\n<meta name=\"twitter:card\" content=\"summary_large_image\" \/>\n<meta name=\"twitter:label1\" content=\"Dur\u00e9e de lecture estim\u00e9e\" \/>\n\t<meta name=\"twitter:data1\" content=\"3 minutes\" \/>\n<script type=\"application\/ld+json\" class=\"yoast-schema-graph\">{\"@context\":\"https:\/\/schema.org\",\"@graph\":[{\"@type\":\"WebPage\",\"@id\":\"https:\/\/grupotorivac.com\/fr\/product\/resistances-cimentees-de-haute-puissance\/\",\"url\":\"https:\/\/grupotorivac.com\/fr\/product\/resistances-cimentees-de-haute-puissance\/\",\"name\":\"R\u00e9sistances ciment\u00e9es de haute puissance - Torivac\",\"isPartOf\":{\"@id\":\"https:\/\/grupotorivac.com\/#website\"},\"primaryImageOfPage\":{\"@id\":\"https:\/\/grupotorivac.com\/fr\/product\/resistances-cimentees-de-haute-puissance\/#primaryimage\"},\"image\":{\"@id\":\"https:\/\/grupotorivac.com\/fr\/product\/resistances-cimentees-de-haute-puissance\/#primaryimage\"},\"thumbnailUrl\":\"https:\/\/grupotorivac.com\/wp-content\/uploads\/2024\/11\/cementadas.jpg\",\"datePublished\":\"2024-11-12T09:17:01+00:00\",\"dateModified\":\"2026-03-17T22:58:47+00:00\",\"description\":\"R\u00e9sistances ciment\u00e9es de haute puissance : assurent une capacit\u00e9 de dissipation \u00e9lev\u00e9e et une excellente r\u00e9sistance aux chocs thermiques et aux surcharges.\",\"breadcrumb\":{\"@id\":\"https:\/\/grupotorivac.com\/fr\/product\/resistances-cimentees-de-haute-puissance\/#breadcrumb\"},\"inLanguage\":\"fr-FR\",\"potentialAction\":[{\"@type\":\"ReadAction\",\"target\":[\"https:\/\/grupotorivac.com\/fr\/product\/resistances-cimentees-de-haute-puissance\/\"]}]},{\"@type\":\"ImageObject\",\"inLanguage\":\"fr-FR\",\"@id\":\"https:\/\/grupotorivac.com\/fr\/product\/resistances-cimentees-de-haute-puissance\/#primaryimage\",\"url\":\"https:\/\/grupotorivac.com\/wp-content\/uploads\/2024\/11\/cementadas.jpg\",\"contentUrl\":\"https:\/\/grupotorivac.com\/wp-content\/uploads\/2024\/11\/cementadas.jpg\",\"width\":250,\"height\":250,\"caption\":\"resistencias de alta potencia cementadas: aseguran una alta capacidad de disipaci\u00f3n y una excelente resistencia al choque t\u00e9rmico y a la sobrecarga.\"},{\"@type\":\"BreadcrumbList\",\"@id\":\"https:\/\/grupotorivac.com\/fr\/product\/resistances-cimentees-de-haute-puissance\/#breadcrumb\",\"itemListElement\":[{\"@type\":\"ListItem\",\"position\":1,\"name\":\"Portada\",\"item\":\"https:\/\/grupotorivac.com\/fr\/\"},{\"@type\":\"ListItem\",\"position\":2,\"name\":\"Products\",\"item\":\"https:\/\/grupotorivac.com\/en\/shop\/\"},{\"@type\":\"ListItem\",\"position\":3,\"name\":\"R\u00e9sistances ciment\u00e9es de haute puissance\"}]},{\"@type\":\"WebSite\",\"@id\":\"https:\/\/grupotorivac.com\/#website\",\"url\":\"https:\/\/grupotorivac.com\/\",\"name\":\"Torivac\",\"description\":\"Especializados en dise\u00f1o y fabricaci\u00f3n de variados de tensi\u00f3n\",\"publisher\":{\"@id\":\"https:\/\/grupotorivac.com\/#organization\"},\"alternateName\":\"Torivac S.L\",\"potentialAction\":[{\"@type\":\"SearchAction\",\"target\":{\"@type\":\"EntryPoint\",\"urlTemplate\":\"https:\/\/grupotorivac.com\/?s={search_term_string}\"},\"query-input\":{\"@type\":\"PropertyValueSpecification\",\"valueRequired\":true,\"valueName\":\"search_term_string\"}}],\"inLanguage\":\"fr-FR\"},{\"@type\":\"Organization\",\"@id\":\"https:\/\/grupotorivac.com\/#organization\",\"name\":\"Torivac\",\"alternateName\":\"Torivac S.L\",\"url\":\"https:\/\/grupotorivac.com\/\",\"logo\":{\"@type\":\"ImageObject\",\"inLanguage\":\"fr-FR\",\"@id\":\"https:\/\/grupotorivac.com\/#\/schema\/logo\/image\/\",\"url\":\"https:\/\/grupotorivac.com\/wp-content\/uploads\/2025\/02\/Diseno-sin-titulo-73.png\",\"contentUrl\":\"https:\/\/grupotorivac.com\/wp-content\/uploads\/2025\/02\/Diseno-sin-titulo-73.png\",\"width\":250,\"height\":250,\"caption\":\"Torivac\"},\"image\":{\"@id\":\"https:\/\/grupotorivac.com\/#\/schema\/logo\/image\/\"}}]}<\/script>\n<!-- \/ Yoast SEO plugin. -->","yoast_head_json":{"title":"R\u00e9sistances ciment\u00e9es de haute puissance - Torivac","description":"R\u00e9sistances ciment\u00e9es de haute puissance : assurent une capacit\u00e9 de dissipation \u00e9lev\u00e9e et une excellente r\u00e9sistance aux chocs thermiques et aux surcharges.","robots":{"index":"index","follow":"follow","max-snippet":"max-snippet:-1","max-image-preview":"max-image-preview:large","max-video-preview":"max-video-preview:-1"},"canonical":"https:\/\/grupotorivac.com\/fr\/product\/resistances-cimentees-de-haute-puissance\/","og_locale":"fr_FR","og_type":"article","og_title":"R\u00e9sistances ciment\u00e9es de haute puissance - Torivac","og_description":"R\u00e9sistances ciment\u00e9es de haute puissance : assurent une capacit\u00e9 de dissipation \u00e9lev\u00e9e et une excellente r\u00e9sistance aux chocs thermiques et aux surcharges.","og_url":"https:\/\/grupotorivac.com\/fr\/product\/resistances-cimentees-de-haute-puissance\/","og_site_name":"Torivac","article_modified_time":"2026-03-17T22:58:47+00:00","og_image":[{"width":250,"height":250,"url":"https:\/\/grupotorivac.com\/wp-content\/uploads\/2024\/11\/cementadas.jpg","type":"image\/jpeg"}],"twitter_card":"summary_large_image","twitter_misc":{"Dur\u00e9e de lecture estim\u00e9e":"3 minutes"},"schema":{"@context":"https:\/\/schema.org","@graph":[{"@type":"WebPage","@id":"https:\/\/grupotorivac.com\/fr\/product\/resistances-cimentees-de-haute-puissance\/","url":"https:\/\/grupotorivac.com\/fr\/product\/resistances-cimentees-de-haute-puissance\/","name":"R\u00e9sistances ciment\u00e9es de haute puissance - Torivac","isPartOf":{"@id":"https:\/\/grupotorivac.com\/#website"},"primaryImageOfPage":{"@id":"https:\/\/grupotorivac.com\/fr\/product\/resistances-cimentees-de-haute-puissance\/#primaryimage"},"image":{"@id":"https:\/\/grupotorivac.com\/fr\/product\/resistances-cimentees-de-haute-puissance\/#primaryimage"},"thumbnailUrl":"https:\/\/grupotorivac.com\/wp-content\/uploads\/2024\/11\/cementadas.jpg","datePublished":"2024-11-12T09:17:01+00:00","dateModified":"2026-03-17T22:58:47+00:00","description":"R\u00e9sistances ciment\u00e9es de haute puissance : assurent une capacit\u00e9 de dissipation \u00e9lev\u00e9e et une excellente r\u00e9sistance aux chocs thermiques et aux surcharges.","breadcrumb":{"@id":"https:\/\/grupotorivac.com\/fr\/product\/resistances-cimentees-de-haute-puissance\/#breadcrumb"},"inLanguage":"fr-FR","potentialAction":[{"@type":"ReadAction","target":["https:\/\/grupotorivac.com\/fr\/product\/resistances-cimentees-de-haute-puissance\/"]}]},{"@type":"ImageObject","inLanguage":"fr-FR","@id":"https:\/\/grupotorivac.com\/fr\/product\/resistances-cimentees-de-haute-puissance\/#primaryimage","url":"https:\/\/grupotorivac.com\/wp-content\/uploads\/2024\/11\/cementadas.jpg","contentUrl":"https:\/\/grupotorivac.com\/wp-content\/uploads\/2024\/11\/cementadas.jpg","width":250,"height":250,"caption":"resistencias de alta potencia cementadas: aseguran una alta capacidad de disipaci\u00f3n y una excelente resistencia al choque t\u00e9rmico y a la sobrecarga."},{"@type":"BreadcrumbList","@id":"https:\/\/grupotorivac.com\/fr\/product\/resistances-cimentees-de-haute-puissance\/#breadcrumb","itemListElement":[{"@type":"ListItem","position":1,"name":"Portada","item":"https:\/\/grupotorivac.com\/fr\/"},{"@type":"ListItem","position":2,"name":"Products","item":"https:\/\/grupotorivac.com\/en\/shop\/"},{"@type":"ListItem","position":3,"name":"R\u00e9sistances ciment\u00e9es de haute puissance"}]},{"@type":"WebSite","@id":"https:\/\/grupotorivac.com\/#website","url":"https:\/\/grupotorivac.com\/","name":"Torivac","description":"Especializados en dise\u00f1o y fabricaci\u00f3n de variados de tensi\u00f3n","publisher":{"@id":"https:\/\/grupotorivac.com\/#organization"},"alternateName":"Torivac S.L","potentialAction":[{"@type":"SearchAction","target":{"@type":"EntryPoint","urlTemplate":"https:\/\/grupotorivac.com\/?s={search_term_string}"},"query-input":{"@type":"PropertyValueSpecification","valueRequired":true,"valueName":"search_term_string"}}],"inLanguage":"fr-FR"},{"@type":"Organization","@id":"https:\/\/grupotorivac.com\/#organization","name":"Torivac","alternateName":"Torivac S.L","url":"https:\/\/grupotorivac.com\/","logo":{"@type":"ImageObject","inLanguage":"fr-FR","@id":"https:\/\/grupotorivac.com\/#\/schema\/logo\/image\/","url":"https:\/\/grupotorivac.com\/wp-content\/uploads\/2025\/02\/Diseno-sin-titulo-73.png","contentUrl":"https:\/\/grupotorivac.com\/wp-content\/uploads\/2025\/02\/Diseno-sin-titulo-73.png","width":250,"height":250,"caption":"Torivac"},"image":{"@id":"https:\/\/grupotorivac.com\/#\/schema\/logo\/image\/"}}]}},"_links":{"self":[{"href":"https:\/\/grupotorivac.com\/fr\/wp-json\/wp\/v2\/product\/16412","targetHints":{"allow":["GET"]}}],"collection":[{"href":"https:\/\/grupotorivac.com\/fr\/wp-json\/wp\/v2\/product"}],"about":[{"href":"https:\/\/grupotorivac.com\/fr\/wp-json\/wp\/v2\/types\/product"}],"wp:featuredmedia":[{"embeddable":true,"href":"https:\/\/grupotorivac.com\/fr\/wp-json\/wp\/v2\/media\/8350"}],"wp:attachment":[{"href":"https:\/\/grupotorivac.com\/fr\/wp-json\/wp\/v2\/media?parent=16412"}],"wp:term":[{"taxonomy":"product_brand","embeddable":true,"href":"https:\/\/grupotorivac.com\/fr\/wp-json\/wp\/v2\/product_brand?post=16412"},{"taxonomy":"product_cat","embeddable":true,"href":"https:\/\/grupotorivac.com\/fr\/wp-json\/wp\/v2\/product_cat?post=16412"},{"taxonomy":"product_tag","embeddable":true,"href":"https:\/\/grupotorivac.com\/fr\/wp-json\/wp\/v2\/product_tag?post=16412"}],"curies":[{"name":"wp","href":"https:\/\/api.w.org\/{rel}","templated":true}]}}