{"id":16387,"date":"2022-06-06T12:50:16","date_gmt":"2022-06-06T12:50:16","guid":{"rendered":"https:\/\/grupotorivac.com\/product\/cubretercas-2\/"},"modified":"2026-03-17T21:57:49","modified_gmt":"2026-03-17T21:57:49","slug":"couvercles-decrous","status":"publish","type":"product","link":"https:\/\/grupotorivac.com\/fr\/product\/couvercles-decrous\/","title":{"rendered":"Couvercles d&#8217;\u00e9crous"},"content":{"rendered":"","protected":false},"excerpt":{"rendered":"<p>Con\u00e7us comme un compl\u00e9ment n\u00e9cessaire pour couvrir les \u00e9crous de potentiom\u00e8tre lorsque de petits boutons de 10 et 15 mm sont utilis\u00e9s. Ils peuvent \u00eatre simples ou avec ligne de r\u00e9f\u00e9rence. <\/p>\n<p>Couleurs : noir et gris. Pour d&#8217;autres couleurs, veuillez consulter la quantit\u00e9. <\/p>\n<p>Pour les commandes, veuillez indiquer le type, la couleur et si elles sont doubl\u00e9es.<\/p>\n<p><a class=\"button button_size_2 button_dark\" href=\"https:\/\/grupotorivac.com\/wp-content\/uploads\/2023\/02\/BOTONES-DE-MANDO.pdf\" target=\"_blank\" rel=\"noopener\"><span class=\"button_label\"><strong>Voir la fiche technique<\/strong><\/span><\/a><\/p>\n","protected":false},"featured_media":948,"template":"","meta":{"_acf_changed":false},"product_brand":[],"product_cat":[570,674],"product_tag":[],"class_list":{"0":"post-16387","1":"product","2":"type-product","3":"status-publish","4":"has-post-thumbnail","6":"product_cat-boutons-de-commande","7":"product_cat-couvertures","9":"first","10":"instock","11":"product-type-simple"},"acf":[],"yoast_head":"<!-- This site is optimized with the Yoast SEO plugin v27.2 - https:\/\/yoast.com\/product\/yoast-seo-wordpress\/ -->\n<title>Couvercles d&#039;\u00e9crous - Torivac<\/title>\n<meta name=\"robots\" content=\"index, follow, max-snippet:-1, max-image-preview:large, max-video-preview:-1\" \/>\n<link rel=\"canonical\" href=\"https:\/\/grupotorivac.com\/fr\/product\/couvercles-decrous\/\" \/>\n<meta property=\"og:locale\" content=\"fr_FR\" \/>\n<meta property=\"og:type\" content=\"article\" \/>\n<meta property=\"og:title\" content=\"Couvercles d&#039;\u00e9crous - Torivac\" \/>\n<meta property=\"og:description\" content=\"Con\u00e7us comme un compl\u00e9ment n\u00e9cessaire pour couvrir les \u00e9crous de potentiom\u00e8tre lorsque de petits boutons de 10 et 15 mm sont utilis\u00e9s. Ils peuvent \u00eatre simples ou avec ligne de r\u00e9f\u00e9rence.  Couleurs : noir et gris. Pour d&#039;autres couleurs, veuillez consulter la quantit\u00e9.  Pour les commandes, veuillez indiquer le type, la couleur et si elles sont doubl\u00e9es. Voir la fiche technique\" \/>\n<meta property=\"og:url\" content=\"https:\/\/grupotorivac.com\/fr\/product\/couvercles-decrous\/\" \/>\n<meta property=\"og:site_name\" content=\"Torivac\" \/>\n<meta property=\"article:modified_time\" content=\"2026-03-17T21:57:49+00:00\" \/>\n<meta property=\"og:image\" content=\"https:\/\/grupotorivac.com\/wp-content\/uploads\/2022\/06\/discos-para-botones-cubretuercas-600x600-2.jpg\" \/>\n\t<meta property=\"og:image:width\" content=\"600\" \/>\n\t<meta property=\"og:image:height\" content=\"600\" \/>\n\t<meta property=\"og:image:type\" content=\"image\/png\" \/>\n<meta name=\"twitter:card\" content=\"summary_large_image\" \/>\n<script type=\"application\/ld+json\" class=\"yoast-schema-graph\">{\"@context\":\"https:\/\/schema.org\",\"@graph\":[{\"@type\":\"WebPage\",\"@id\":\"https:\/\/grupotorivac.com\/fr\/product\/couvercles-decrous\/\",\"url\":\"https:\/\/grupotorivac.com\/fr\/product\/couvercles-decrous\/\",\"name\":\"Couvercles d'\u00e9crous - Torivac\",\"isPartOf\":{\"@id\":\"https:\/\/grupotorivac.com\/#website\"},\"primaryImageOfPage\":{\"@id\":\"https:\/\/grupotorivac.com\/fr\/product\/couvercles-decrous\/#primaryimage\"},\"image\":{\"@id\":\"https:\/\/grupotorivac.com\/fr\/product\/couvercles-decrous\/#primaryimage\"},\"thumbnailUrl\":\"https:\/\/grupotorivac.com\/wp-content\/uploads\/2022\/06\/discos-para-botones-cubretuercas-600x600-2.jpg\",\"datePublished\":\"2022-06-06T12:50:16+00:00\",\"dateModified\":\"2026-03-17T21:57:49+00:00\",\"breadcrumb\":{\"@id\":\"https:\/\/grupotorivac.com\/fr\/product\/couvercles-decrous\/#breadcrumb\"},\"inLanguage\":\"fr-FR\",\"potentialAction\":[{\"@type\":\"ReadAction\",\"target\":[\"https:\/\/grupotorivac.com\/fr\/product\/couvercles-decrous\/\"]}]},{\"@type\":\"ImageObject\",\"inLanguage\":\"fr-FR\",\"@id\":\"https:\/\/grupotorivac.com\/fr\/product\/couvercles-decrous\/#primaryimage\",\"url\":\"https:\/\/grupotorivac.com\/wp-content\/uploads\/2022\/06\/discos-para-botones-cubretuercas-600x600-2.jpg\",\"contentUrl\":\"https:\/\/grupotorivac.com\/wp-content\/uploads\/2022\/06\/discos-para-botones-cubretuercas-600x600-2.jpg\",\"width\":600,\"height\":600},{\"@type\":\"BreadcrumbList\",\"@id\":\"https:\/\/grupotorivac.com\/fr\/product\/couvercles-decrous\/#breadcrumb\",\"itemListElement\":[{\"@type\":\"ListItem\",\"position\":1,\"name\":\"Portada\",\"item\":\"https:\/\/grupotorivac.com\/fr\/\"},{\"@type\":\"ListItem\",\"position\":2,\"name\":\"Products\",\"item\":\"https:\/\/grupotorivac.com\/en\/shop\/\"},{\"@type\":\"ListItem\",\"position\":3,\"name\":\"Couvercles d&rsquo;\u00e9crous\"}]},{\"@type\":\"WebSite\",\"@id\":\"https:\/\/grupotorivac.com\/#website\",\"url\":\"https:\/\/grupotorivac.com\/\",\"name\":\"Torivac\",\"description\":\"Especializados en dise\u00f1o y fabricaci\u00f3n de variados de tensi\u00f3n\",\"publisher\":{\"@id\":\"https:\/\/grupotorivac.com\/#organization\"},\"alternateName\":\"Torivac S.L\",\"potentialAction\":[{\"@type\":\"SearchAction\",\"target\":{\"@type\":\"EntryPoint\",\"urlTemplate\":\"https:\/\/grupotorivac.com\/?s={search_term_string}\"},\"query-input\":{\"@type\":\"PropertyValueSpecification\",\"valueRequired\":true,\"valueName\":\"search_term_string\"}}],\"inLanguage\":\"fr-FR\"},{\"@type\":\"Organization\",\"@id\":\"https:\/\/grupotorivac.com\/#organization\",\"name\":\"Torivac\",\"alternateName\":\"Torivac S.L\",\"url\":\"https:\/\/grupotorivac.com\/\",\"logo\":{\"@type\":\"ImageObject\",\"inLanguage\":\"fr-FR\",\"@id\":\"https:\/\/grupotorivac.com\/#\/schema\/logo\/image\/\",\"url\":\"https:\/\/grupotorivac.com\/wp-content\/uploads\/2025\/02\/Diseno-sin-titulo-73.png\",\"contentUrl\":\"https:\/\/grupotorivac.com\/wp-content\/uploads\/2025\/02\/Diseno-sin-titulo-73.png\",\"width\":250,\"height\":250,\"caption\":\"Torivac\"},\"image\":{\"@id\":\"https:\/\/grupotorivac.com\/#\/schema\/logo\/image\/\"}}]}<\/script>\n<!-- \/ Yoast SEO plugin. -->","yoast_head_json":{"title":"Couvercles d'\u00e9crous - Torivac","robots":{"index":"index","follow":"follow","max-snippet":"max-snippet:-1","max-image-preview":"max-image-preview:large","max-video-preview":"max-video-preview:-1"},"canonical":"https:\/\/grupotorivac.com\/fr\/product\/couvercles-decrous\/","og_locale":"fr_FR","og_type":"article","og_title":"Couvercles d'\u00e9crous - Torivac","og_description":"Con\u00e7us comme un compl\u00e9ment n\u00e9cessaire pour couvrir les \u00e9crous de potentiom\u00e8tre lorsque de petits boutons de 10 et 15 mm sont utilis\u00e9s. Ils peuvent \u00eatre simples ou avec ligne de r\u00e9f\u00e9rence.  Couleurs : noir et gris. Pour d'autres couleurs, veuillez consulter la quantit\u00e9.  Pour les commandes, veuillez indiquer le type, la couleur et si elles sont doubl\u00e9es. Voir la fiche technique","og_url":"https:\/\/grupotorivac.com\/fr\/product\/couvercles-decrous\/","og_site_name":"Torivac","article_modified_time":"2026-03-17T21:57:49+00:00","og_image":[{"width":600,"height":600,"url":"https:\/\/grupotorivac.com\/wp-content\/uploads\/2022\/06\/discos-para-botones-cubretuercas-600x600-2.jpg","type":"image\/png"}],"twitter_card":"summary_large_image","schema":{"@context":"https:\/\/schema.org","@graph":[{"@type":"WebPage","@id":"https:\/\/grupotorivac.com\/fr\/product\/couvercles-decrous\/","url":"https:\/\/grupotorivac.com\/fr\/product\/couvercles-decrous\/","name":"Couvercles d'\u00e9crous - Torivac","isPartOf":{"@id":"https:\/\/grupotorivac.com\/#website"},"primaryImageOfPage":{"@id":"https:\/\/grupotorivac.com\/fr\/product\/couvercles-decrous\/#primaryimage"},"image":{"@id":"https:\/\/grupotorivac.com\/fr\/product\/couvercles-decrous\/#primaryimage"},"thumbnailUrl":"https:\/\/grupotorivac.com\/wp-content\/uploads\/2022\/06\/discos-para-botones-cubretuercas-600x600-2.jpg","datePublished":"2022-06-06T12:50:16+00:00","dateModified":"2026-03-17T21:57:49+00:00","breadcrumb":{"@id":"https:\/\/grupotorivac.com\/fr\/product\/couvercles-decrous\/#breadcrumb"},"inLanguage":"fr-FR","potentialAction":[{"@type":"ReadAction","target":["https:\/\/grupotorivac.com\/fr\/product\/couvercles-decrous\/"]}]},{"@type":"ImageObject","inLanguage":"fr-FR","@id":"https:\/\/grupotorivac.com\/fr\/product\/couvercles-decrous\/#primaryimage","url":"https:\/\/grupotorivac.com\/wp-content\/uploads\/2022\/06\/discos-para-botones-cubretuercas-600x600-2.jpg","contentUrl":"https:\/\/grupotorivac.com\/wp-content\/uploads\/2022\/06\/discos-para-botones-cubretuercas-600x600-2.jpg","width":600,"height":600},{"@type":"BreadcrumbList","@id":"https:\/\/grupotorivac.com\/fr\/product\/couvercles-decrous\/#breadcrumb","itemListElement":[{"@type":"ListItem","position":1,"name":"Portada","item":"https:\/\/grupotorivac.com\/fr\/"},{"@type":"ListItem","position":2,"name":"Products","item":"https:\/\/grupotorivac.com\/en\/shop\/"},{"@type":"ListItem","position":3,"name":"Couvercles d&rsquo;\u00e9crous"}]},{"@type":"WebSite","@id":"https:\/\/grupotorivac.com\/#website","url":"https:\/\/grupotorivac.com\/","name":"Torivac","description":"Especializados en dise\u00f1o y fabricaci\u00f3n de variados de tensi\u00f3n","publisher":{"@id":"https:\/\/grupotorivac.com\/#organization"},"alternateName":"Torivac S.L","potentialAction":[{"@type":"SearchAction","target":{"@type":"EntryPoint","urlTemplate":"https:\/\/grupotorivac.com\/?s={search_term_string}"},"query-input":{"@type":"PropertyValueSpecification","valueRequired":true,"valueName":"search_term_string"}}],"inLanguage":"fr-FR"},{"@type":"Organization","@id":"https:\/\/grupotorivac.com\/#organization","name":"Torivac","alternateName":"Torivac S.L","url":"https:\/\/grupotorivac.com\/","logo":{"@type":"ImageObject","inLanguage":"fr-FR","@id":"https:\/\/grupotorivac.com\/#\/schema\/logo\/image\/","url":"https:\/\/grupotorivac.com\/wp-content\/uploads\/2025\/02\/Diseno-sin-titulo-73.png","contentUrl":"https:\/\/grupotorivac.com\/wp-content\/uploads\/2025\/02\/Diseno-sin-titulo-73.png","width":250,"height":250,"caption":"Torivac"},"image":{"@id":"https:\/\/grupotorivac.com\/#\/schema\/logo\/image\/"}}]}},"_links":{"self":[{"href":"https:\/\/grupotorivac.com\/fr\/wp-json\/wp\/v2\/product\/16387","targetHints":{"allow":["GET"]}}],"collection":[{"href":"https:\/\/grupotorivac.com\/fr\/wp-json\/wp\/v2\/product"}],"about":[{"href":"https:\/\/grupotorivac.com\/fr\/wp-json\/wp\/v2\/types\/product"}],"wp:featuredmedia":[{"embeddable":true,"href":"https:\/\/grupotorivac.com\/fr\/wp-json\/wp\/v2\/media\/948"}],"wp:attachment":[{"href":"https:\/\/grupotorivac.com\/fr\/wp-json\/wp\/v2\/media?parent=16387"}],"wp:term":[{"taxonomy":"product_brand","embeddable":true,"href":"https:\/\/grupotorivac.com\/fr\/wp-json\/wp\/v2\/product_brand?post=16387"},{"taxonomy":"product_cat","embeddable":true,"href":"https:\/\/grupotorivac.com\/fr\/wp-json\/wp\/v2\/product_cat?post=16387"},{"taxonomy":"product_tag","embeddable":true,"href":"https:\/\/grupotorivac.com\/fr\/wp-json\/wp\/v2\/product_tag?post=16387"}],"curies":[{"name":"wp","href":"https:\/\/api.w.org\/{rel}","templated":true}]}}