{"id":16378,"date":"2022-06-06T12:49:57","date_gmt":"2022-06-06T12:49:57","guid":{"rendered":"https:\/\/grupotorivac.com\/product\/botones-de-mando-serie-bo-brillante-2\/"},"modified":"2026-03-17T21:58:05","modified_gmt":"2026-03-17T21:58:05","slug":"boutons-de-commande-de-la-serie-bo-brillants","status":"publish","type":"product","link":"https:\/\/grupotorivac.com\/fr\/product\/boutons-de-commande-de-la-serie-bo-brillants\/","title":{"rendered":"Boutons de commande de la s\u00e9rie BO (brillants)"},"content":{"rendered":"","protected":false},"excerpt":{"rendered":"<p>Cette s\u00e9rie utilise le syst\u00e8me de fixation par collier central, sans vis, qui permet un pouvoir de serrage \u00e9lev\u00e9 (8-20 kp\/cm). Le corps est inject\u00e9 en polyamide 6 et le collier ainsi que la douille ins\u00e9r\u00e9e sont en laiton. <\/p>\n<p>La famille se compose de cinq tailles fabriqu\u00e9es pour diff\u00e9rents diam\u00e8tres d&#8217;arbre.<\/p>\n<p>Couleurs standard de la carrosserie : noir et gris. Autres couleurs sur demande. <\/p>\n<p>Ils sont compl\u00e9t\u00e9s par une large gamme de couvercles et d&#8217;accessoires en plusieurs couleurs pour personnaliser chaque application. Pour commander, veuillez indiquer le mod\u00e8le, le diam\u00e8tre de l&#8217;arbre et la couleur. <\/p>\n<p><a class=\"button button_size_2 button_dark\" href=\"https:\/\/grupotorivac.com\/wp-content\/uploads\/2023\/02\/BOTONES-DE-MANDO.pdf\" target=\"_blank\" rel=\"noopener\"><span class=\"button_label\"><strong>Voir la fiche technique<\/strong><\/span><\/a><\/p>\n","protected":false},"featured_media":933,"template":"","meta":{"_acf_changed":false},"product_brand":[],"product_cat":[665],"product_tag":[],"class_list":{"0":"post-16378","1":"product","2":"type-product","3":"status-publish","4":"has-post-thumbnail","6":"product_cat-boutons-de-commande-de-la-serie-bo-brillants","8":"first","9":"instock","10":"product-type-simple"},"acf":[],"yoast_head":"<!-- This site is optimized with the Yoast SEO plugin v27.2 - https:\/\/yoast.com\/product\/yoast-seo-wordpress\/ -->\n<title>Boutons de commande de la s\u00e9rie BO (brillants) - Torivac<\/title>\n<meta name=\"robots\" content=\"index, follow, max-snippet:-1, max-image-preview:large, max-video-preview:-1\" \/>\n<link rel=\"canonical\" href=\"https:\/\/grupotorivac.com\/fr\/product\/boutons-de-commande-de-la-serie-bo-brillants\/\" \/>\n<meta property=\"og:locale\" content=\"fr_FR\" \/>\n<meta property=\"og:type\" content=\"article\" \/>\n<meta property=\"og:title\" content=\"Boutons de commande de la s\u00e9rie BO (brillants) - Torivac\" \/>\n<meta property=\"og:description\" content=\"Cette s\u00e9rie utilise le syst\u00e8me de fixation par collier central, sans vis, qui permet un pouvoir de serrage \u00e9lev\u00e9 (8-20 kp\/cm). Le corps est inject\u00e9 en polyamide 6 et le collier ainsi que la douille ins\u00e9r\u00e9e sont en laiton.  La famille se compose de cinq tailles fabriqu\u00e9es pour diff\u00e9rents diam\u00e8tres d&#039;arbre. Couleurs standard de la carrosserie : noir et gris. Autres couleurs sur demande.  Ils sont compl\u00e9t\u00e9s par une large gamme de couvercles et d&#039;accessoires en plusieurs couleurs pour personnaliser chaque application. Pour commander, veuillez indiquer le mod\u00e8le, le diam\u00e8tre de l&#039;arbre et la couleur.  Voir la fiche technique\" \/>\n<meta property=\"og:url\" content=\"https:\/\/grupotorivac.com\/fr\/product\/boutons-de-commande-de-la-serie-bo-brillants\/\" \/>\n<meta property=\"og:site_name\" content=\"Torivac\" \/>\n<meta property=\"article:modified_time\" content=\"2026-03-17T21:58:05+00:00\" \/>\n<meta property=\"og:image\" content=\"https:\/\/grupotorivac.com\/wp-content\/uploads\/2022\/06\/boton-serie-bo-torivac-600x600-2.jpg\" \/>\n\t<meta property=\"og:image:width\" content=\"600\" \/>\n\t<meta property=\"og:image:height\" content=\"600\" \/>\n\t<meta property=\"og:image:type\" content=\"image\/png\" \/>\n<meta name=\"twitter:card\" content=\"summary_large_image\" \/>\n<script type=\"application\/ld+json\" class=\"yoast-schema-graph\">{\"@context\":\"https:\/\/schema.org\",\"@graph\":[{\"@type\":\"WebPage\",\"@id\":\"https:\/\/grupotorivac.com\/fr\/product\/boutons-de-commande-de-la-serie-bo-brillants\/\",\"url\":\"https:\/\/grupotorivac.com\/fr\/product\/boutons-de-commande-de-la-serie-bo-brillants\/\",\"name\":\"Boutons de commande de la s\u00e9rie BO (brillants) - Torivac\",\"isPartOf\":{\"@id\":\"https:\/\/grupotorivac.com\/#website\"},\"primaryImageOfPage\":{\"@id\":\"https:\/\/grupotorivac.com\/fr\/product\/boutons-de-commande-de-la-serie-bo-brillants\/#primaryimage\"},\"image\":{\"@id\":\"https:\/\/grupotorivac.com\/fr\/product\/boutons-de-commande-de-la-serie-bo-brillants\/#primaryimage\"},\"thumbnailUrl\":\"https:\/\/grupotorivac.com\/wp-content\/uploads\/2022\/06\/boton-serie-bo-torivac-600x600-2.jpg\",\"datePublished\":\"2022-06-06T12:49:57+00:00\",\"dateModified\":\"2026-03-17T21:58:05+00:00\",\"breadcrumb\":{\"@id\":\"https:\/\/grupotorivac.com\/fr\/product\/boutons-de-commande-de-la-serie-bo-brillants\/#breadcrumb\"},\"inLanguage\":\"fr-FR\",\"potentialAction\":[{\"@type\":\"ReadAction\",\"target\":[\"https:\/\/grupotorivac.com\/fr\/product\/boutons-de-commande-de-la-serie-bo-brillants\/\"]}]},{\"@type\":\"ImageObject\",\"inLanguage\":\"fr-FR\",\"@id\":\"https:\/\/grupotorivac.com\/fr\/product\/boutons-de-commande-de-la-serie-bo-brillants\/#primaryimage\",\"url\":\"https:\/\/grupotorivac.com\/wp-content\/uploads\/2022\/06\/boton-serie-bo-torivac-600x600-2.jpg\",\"contentUrl\":\"https:\/\/grupotorivac.com\/wp-content\/uploads\/2022\/06\/boton-serie-bo-torivac-600x600-2.jpg\",\"width\":600,\"height\":600},{\"@type\":\"BreadcrumbList\",\"@id\":\"https:\/\/grupotorivac.com\/fr\/product\/boutons-de-commande-de-la-serie-bo-brillants\/#breadcrumb\",\"itemListElement\":[{\"@type\":\"ListItem\",\"position\":1,\"name\":\"Portada\",\"item\":\"https:\/\/grupotorivac.com\/fr\/\"},{\"@type\":\"ListItem\",\"position\":2,\"name\":\"Products\",\"item\":\"https:\/\/grupotorivac.com\/en\/shop\/\"},{\"@type\":\"ListItem\",\"position\":3,\"name\":\"Boutons de commande de la s\u00e9rie BO (brillants)\"}]},{\"@type\":\"WebSite\",\"@id\":\"https:\/\/grupotorivac.com\/#website\",\"url\":\"https:\/\/grupotorivac.com\/\",\"name\":\"Torivac\",\"description\":\"Especializados en dise\u00f1o y fabricaci\u00f3n de variados de tensi\u00f3n\",\"publisher\":{\"@id\":\"https:\/\/grupotorivac.com\/#organization\"},\"alternateName\":\"Torivac S.L\",\"potentialAction\":[{\"@type\":\"SearchAction\",\"target\":{\"@type\":\"EntryPoint\",\"urlTemplate\":\"https:\/\/grupotorivac.com\/?s={search_term_string}\"},\"query-input\":{\"@type\":\"PropertyValueSpecification\",\"valueRequired\":true,\"valueName\":\"search_term_string\"}}],\"inLanguage\":\"fr-FR\"},{\"@type\":\"Organization\",\"@id\":\"https:\/\/grupotorivac.com\/#organization\",\"name\":\"Torivac\",\"alternateName\":\"Torivac S.L\",\"url\":\"https:\/\/grupotorivac.com\/\",\"logo\":{\"@type\":\"ImageObject\",\"inLanguage\":\"fr-FR\",\"@id\":\"https:\/\/grupotorivac.com\/#\/schema\/logo\/image\/\",\"url\":\"https:\/\/grupotorivac.com\/wp-content\/uploads\/2025\/02\/Diseno-sin-titulo-73.png\",\"contentUrl\":\"https:\/\/grupotorivac.com\/wp-content\/uploads\/2025\/02\/Diseno-sin-titulo-73.png\",\"width\":250,\"height\":250,\"caption\":\"Torivac\"},\"image\":{\"@id\":\"https:\/\/grupotorivac.com\/#\/schema\/logo\/image\/\"}}]}<\/script>\n<!-- \/ Yoast SEO plugin. -->","yoast_head_json":{"title":"Boutons de commande de la s\u00e9rie BO (brillants) - Torivac","robots":{"index":"index","follow":"follow","max-snippet":"max-snippet:-1","max-image-preview":"max-image-preview:large","max-video-preview":"max-video-preview:-1"},"canonical":"https:\/\/grupotorivac.com\/fr\/product\/boutons-de-commande-de-la-serie-bo-brillants\/","og_locale":"fr_FR","og_type":"article","og_title":"Boutons de commande de la s\u00e9rie BO (brillants) - Torivac","og_description":"Cette s\u00e9rie utilise le syst\u00e8me de fixation par collier central, sans vis, qui permet un pouvoir de serrage \u00e9lev\u00e9 (8-20 kp\/cm). Le corps est inject\u00e9 en polyamide 6 et le collier ainsi que la douille ins\u00e9r\u00e9e sont en laiton.  La famille se compose de cinq tailles fabriqu\u00e9es pour diff\u00e9rents diam\u00e8tres d'arbre. Couleurs standard de la carrosserie : noir et gris. Autres couleurs sur demande.  Ils sont compl\u00e9t\u00e9s par une large gamme de couvercles et d'accessoires en plusieurs couleurs pour personnaliser chaque application. Pour commander, veuillez indiquer le mod\u00e8le, le diam\u00e8tre de l'arbre et la couleur.  Voir la fiche technique","og_url":"https:\/\/grupotorivac.com\/fr\/product\/boutons-de-commande-de-la-serie-bo-brillants\/","og_site_name":"Torivac","article_modified_time":"2026-03-17T21:58:05+00:00","og_image":[{"width":600,"height":600,"url":"https:\/\/grupotorivac.com\/wp-content\/uploads\/2022\/06\/boton-serie-bo-torivac-600x600-2.jpg","type":"image\/png"}],"twitter_card":"summary_large_image","schema":{"@context":"https:\/\/schema.org","@graph":[{"@type":"WebPage","@id":"https:\/\/grupotorivac.com\/fr\/product\/boutons-de-commande-de-la-serie-bo-brillants\/","url":"https:\/\/grupotorivac.com\/fr\/product\/boutons-de-commande-de-la-serie-bo-brillants\/","name":"Boutons de commande de la s\u00e9rie BO (brillants) - Torivac","isPartOf":{"@id":"https:\/\/grupotorivac.com\/#website"},"primaryImageOfPage":{"@id":"https:\/\/grupotorivac.com\/fr\/product\/boutons-de-commande-de-la-serie-bo-brillants\/#primaryimage"},"image":{"@id":"https:\/\/grupotorivac.com\/fr\/product\/boutons-de-commande-de-la-serie-bo-brillants\/#primaryimage"},"thumbnailUrl":"https:\/\/grupotorivac.com\/wp-content\/uploads\/2022\/06\/boton-serie-bo-torivac-600x600-2.jpg","datePublished":"2022-06-06T12:49:57+00:00","dateModified":"2026-03-17T21:58:05+00:00","breadcrumb":{"@id":"https:\/\/grupotorivac.com\/fr\/product\/boutons-de-commande-de-la-serie-bo-brillants\/#breadcrumb"},"inLanguage":"fr-FR","potentialAction":[{"@type":"ReadAction","target":["https:\/\/grupotorivac.com\/fr\/product\/boutons-de-commande-de-la-serie-bo-brillants\/"]}]},{"@type":"ImageObject","inLanguage":"fr-FR","@id":"https:\/\/grupotorivac.com\/fr\/product\/boutons-de-commande-de-la-serie-bo-brillants\/#primaryimage","url":"https:\/\/grupotorivac.com\/wp-content\/uploads\/2022\/06\/boton-serie-bo-torivac-600x600-2.jpg","contentUrl":"https:\/\/grupotorivac.com\/wp-content\/uploads\/2022\/06\/boton-serie-bo-torivac-600x600-2.jpg","width":600,"height":600},{"@type":"BreadcrumbList","@id":"https:\/\/grupotorivac.com\/fr\/product\/boutons-de-commande-de-la-serie-bo-brillants\/#breadcrumb","itemListElement":[{"@type":"ListItem","position":1,"name":"Portada","item":"https:\/\/grupotorivac.com\/fr\/"},{"@type":"ListItem","position":2,"name":"Products","item":"https:\/\/grupotorivac.com\/en\/shop\/"},{"@type":"ListItem","position":3,"name":"Boutons de commande de la s\u00e9rie BO (brillants)"}]},{"@type":"WebSite","@id":"https:\/\/grupotorivac.com\/#website","url":"https:\/\/grupotorivac.com\/","name":"Torivac","description":"Especializados en dise\u00f1o y fabricaci\u00f3n de variados de tensi\u00f3n","publisher":{"@id":"https:\/\/grupotorivac.com\/#organization"},"alternateName":"Torivac S.L","potentialAction":[{"@type":"SearchAction","target":{"@type":"EntryPoint","urlTemplate":"https:\/\/grupotorivac.com\/?s={search_term_string}"},"query-input":{"@type":"PropertyValueSpecification","valueRequired":true,"valueName":"search_term_string"}}],"inLanguage":"fr-FR"},{"@type":"Organization","@id":"https:\/\/grupotorivac.com\/#organization","name":"Torivac","alternateName":"Torivac S.L","url":"https:\/\/grupotorivac.com\/","logo":{"@type":"ImageObject","inLanguage":"fr-FR","@id":"https:\/\/grupotorivac.com\/#\/schema\/logo\/image\/","url":"https:\/\/grupotorivac.com\/wp-content\/uploads\/2025\/02\/Diseno-sin-titulo-73.png","contentUrl":"https:\/\/grupotorivac.com\/wp-content\/uploads\/2025\/02\/Diseno-sin-titulo-73.png","width":250,"height":250,"caption":"Torivac"},"image":{"@id":"https:\/\/grupotorivac.com\/#\/schema\/logo\/image\/"}}]}},"_links":{"self":[{"href":"https:\/\/grupotorivac.com\/fr\/wp-json\/wp\/v2\/product\/16378","targetHints":{"allow":["GET"]}}],"collection":[{"href":"https:\/\/grupotorivac.com\/fr\/wp-json\/wp\/v2\/product"}],"about":[{"href":"https:\/\/grupotorivac.com\/fr\/wp-json\/wp\/v2\/types\/product"}],"wp:featuredmedia":[{"embeddable":true,"href":"https:\/\/grupotorivac.com\/fr\/wp-json\/wp\/v2\/media\/933"}],"wp:attachment":[{"href":"https:\/\/grupotorivac.com\/fr\/wp-json\/wp\/v2\/media?parent=16378"}],"wp:term":[{"taxonomy":"product_brand","embeddable":true,"href":"https:\/\/grupotorivac.com\/fr\/wp-json\/wp\/v2\/product_brand?post=16378"},{"taxonomy":"product_cat","embeddable":true,"href":"https:\/\/grupotorivac.com\/fr\/wp-json\/wp\/v2\/product_cat?post=16378"},{"taxonomy":"product_tag","embeddable":true,"href":"https:\/\/grupotorivac.com\/fr\/wp-json\/wp\/v2\/product_tag?post=16378"}],"curies":[{"name":"wp","href":"https:\/\/api.w.org\/{rel}","templated":true}]}}