{"id":16372,"date":"2022-06-06T12:50:16","date_gmt":"2022-06-06T12:50:16","guid":{"rendered":"https:\/\/grupotorivac.com\/product\/aros-con-flecha-2\/"},"modified":"2026-03-17T21:58:21","modified_gmt":"2026-03-17T21:58:21","slug":"cerceaux-a-fleches","status":"publish","type":"product","link":"https:\/\/grupotorivac.com\/fr\/product\/cerceaux-a-fleches\/","title":{"rendered":"Cerceaux \u00e0 fl\u00e8ches"},"content":{"rendered":"<div style=\"display: flex;\">\n<div style=\"width: 70%\"><a href=\"https:\/\/grupotorivac.com\/wp-content\/uploads\/2022\/06\/boton_01.jpg\"><img fetchpriority=\"high\" decoding=\"async\" class=\"alignright wp-image-14484 size-full\" style=\"margin-right: 50px;\" src=\"https:\/\/grupotorivac.com\/wp-content\/uploads\/2022\/06\/boton_01.jpg\" alt=\"\" width=\"430\" height=\"430\" srcset=\"https:\/\/grupotorivac.com\/wp-content\/uploads\/2022\/06\/boton_01.jpg 430w, https:\/\/grupotorivac.com\/wp-content\/uploads\/2022\/06\/boton_01-300x300.jpg 300w, https:\/\/grupotorivac.com\/wp-content\/uploads\/2022\/06\/boton_01-150x150.jpg 150w, https:\/\/grupotorivac.com\/wp-content\/uploads\/2022\/06\/boton_01-146x146.jpg 146w, https:\/\/grupotorivac.com\/wp-content\/uploads\/2022\/06\/boton_01-50x50.jpg 50w, https:\/\/grupotorivac.com\/wp-content\/uploads\/2022\/06\/boton_01-75x75.jpg 75w, https:\/\/grupotorivac.com\/wp-content\/uploads\/2022\/06\/boton_01-85x85.jpg 85w, https:\/\/grupotorivac.com\/wp-content\/uploads\/2022\/06\/boton_01-80x80.jpg 80w\" sizes=\"(max-width: 430px) 100vw, 430px\" \/><\/a><\/div>\n<div style=\"width: 100%;\">\n<p style=\"text-align: left; margin-bottom: 30px;\"><strong>Boutons de commande :<\/strong><\/p>\n<p style=\"text-align: left; margin-bottom: 30px;\">Fabriqu\u00e9s dans des mat\u00e9riaux r\u00e9sistants \u00e0 une utilisation continue et aux conditions industrielles, ils constituent un \u00e9l\u00e9ment essentiel de l&#8217;interface homme-machine (IHM) pour le contr\u00f4le des processus \u00e9lectriques et automatis\u00e9s.<\/p>\n<table style=\"width: 100%; border-collapse: collapse; text-align: center; font-family: Arial, sans-serif; font-size: 14px;\">\n<thead>\n<tr>\n<th style=\"color: #000; background-color: #e99c3b; padding: 8px; border: 1px solid #000;\" colspan=\"4\"><strong>Cerceaux Arrow<\/strong><\/th>\n<\/tr>\n<tr>\n<th style=\"border: 1px solid #000; padding: 6px; font-size: 13px; background-color: #ffffff;\">MOD.<br \/>\nTYPE<\/th>\n<th style=\"border: 1px solid #000; padding: 6px; font-size: 13px; background-color: #ffffff;\">D<\/th>\n<th style=\"border: 1px solid #000; padding: 6px; font-size: 13px; background-color: #ffffff;\">e<\/th>\n<th style=\"border: 1px solid #000; padding: 6px; font-size: 13px; background-color: #ffffff;\">H<\/th>\n<\/tr>\n<\/thead>\n<tbody>\n<tr>\n<td style=\"border: 1px solid #000; padding: 6px; font-size: 13px;\">10<\/td>\n<td style=\"border: 1px solid #000; padding: 6px; font-size: 13px;\">8<\/td>\n<td style=\"border: 1px solid #000; padding: 6px; font-size: 13px;\">6,5<\/td>\n<td style=\"border: 1px solid #000; padding: 6px; font-size: 13px;\">8,5<\/td>\n<\/tr>\n<tr>\n<td style=\"border: 1px solid #000; padding: 6px; font-size: 13px;\">15<\/td>\n<td style=\"border: 1px solid #000; padding: 6px; font-size: 13px;\">11<\/td>\n<td style=\"border: 1px solid #000; padding: 6px; font-size: 13px;\">10<\/td>\n<td style=\"border: 1px solid #000; padding: 6px; font-size: 13px;\">13<\/td>\n<\/tr>\n<tr>\n<td style=\"border: 1px solid #000; padding: 6px; font-size: 13px;\">21<\/td>\n<td style=\"border: 1px solid #000; padding: 6px; font-size: 13px;\">18<\/td>\n<td style=\"border: 1px solid #000; padding: 6px; font-size: 13px;\">15,7<\/td>\n<td style=\"border: 1px solid #000; padding: 6px; font-size: 13px;\">19,5<\/td>\n<\/tr>\n<tr>\n<td style=\"border: 1px solid #000; padding: 6px; font-size: 13px;\">30<\/td>\n<td style=\"border: 1px solid #000; padding: 6px; font-size: 13px;\">25,5<\/td>\n<td style=\"border: 1px solid #000; padding: 6px; font-size: 13px;\">23,8<\/td>\n<td style=\"border: 1px solid #000; padding: 6px; font-size: 13px;\">28<\/td>\n<\/tr>\n<tr>\n<td style=\"border: 1px solid #000; padding: 6px; font-size: 13px;\">38<\/td>\n<td style=\"border: 1px solid #000; padding: 6px; font-size: 13px;\">33,5<\/td>\n<td style=\"border: 1px solid #000; padding: 6px; font-size: 13px;\">30,5<\/td>\n<td style=\"border: 1px solid #000; padding: 6px; font-size: 13px;\">36,5<\/td>\n<\/tr>\n<\/tbody>\n<\/table>\n<\/div>\n<\/div>\n","protected":false},"excerpt":{"rendered":"<p>Ils s&#8217;ins\u00e8rent dans la base des boutons de la s\u00e9rie BO de mani\u00e8re \u00e0 ce que seule la pointe de l&#8217;indicateur d\u00e9passe et sont utilis\u00e9s pour identifier la position du bouton. Disponibles pour toutes les gammes de boutons. <\/p>\n<p>Couleurs : noir, rouge, vert, bleu et gris.<\/p>\n<p><a class=\"button button_size_2 button_dark\" href=\"https:\/\/grupotorivac.com\/wp-content\/uploads\/2023\/02\/BOTONES-DE-MANDO.pdf\" target=\"_blank\" rel=\"noopener\"><span class=\"button_label\"><strong>Voir la fiche technique<\/strong><\/span><\/a><\/p>\n","protected":false},"featured_media":821,"template":"","meta":{"_acf_changed":false},"product_brand":[],"product_cat":[570,659],"product_tag":[],"class_list":{"0":"post-16372","1":"product","2":"type-product","3":"status-publish","4":"has-post-thumbnail","6":"product_cat-boutons-de-commande","7":"product_cat-cerceaux-avec-fleche","9":"first","10":"instock","11":"product-type-simple"},"acf":[],"yoast_head":"<!-- This site is optimized with the Yoast SEO plugin v27.2 - https:\/\/yoast.com\/product\/yoast-seo-wordpress\/ -->\n<title>Cerceaux \u00e0 fl\u00e8ches - Torivac<\/title>\n<meta name=\"robots\" content=\"index, follow, max-snippet:-1, max-image-preview:large, max-video-preview:-1\" \/>\n<link rel=\"canonical\" href=\"https:\/\/grupotorivac.com\/fr\/product\/cerceaux-a-fleches\/\" \/>\n<meta property=\"og:locale\" content=\"fr_FR\" \/>\n<meta property=\"og:type\" content=\"article\" \/>\n<meta property=\"og:title\" content=\"Cerceaux \u00e0 fl\u00e8ches - Torivac\" \/>\n<meta property=\"og:description\" content=\"Ils s&#039;ins\u00e8rent dans la base des boutons de la s\u00e9rie BO de mani\u00e8re \u00e0 ce que seule la pointe de l&#039;indicateur d\u00e9passe et sont utilis\u00e9s pour identifier la position du bouton. Disponibles pour toutes les gammes de boutons.  Couleurs : noir, rouge, vert, bleu et gris. Voir la fiche technique\" \/>\n<meta property=\"og:url\" content=\"https:\/\/grupotorivac.com\/fr\/product\/cerceaux-a-fleches\/\" \/>\n<meta property=\"og:site_name\" content=\"Torivac\" \/>\n<meta property=\"article:modified_time\" content=\"2026-03-17T21:58:21+00:00\" \/>\n<meta property=\"og:image\" content=\"https:\/\/grupotorivac.com\/wp-content\/uploads\/2022\/06\/disco-para-botones-aro-con-flecha.jpg\" \/>\n\t<meta property=\"og:image:width\" content=\"800\" \/>\n\t<meta property=\"og:image:height\" content=\"803\" \/>\n\t<meta property=\"og:image:type\" content=\"image\/png\" \/>\n<meta name=\"twitter:card\" content=\"summary_large_image\" \/>\n<script type=\"application\/ld+json\" class=\"yoast-schema-graph\">{\"@context\":\"https:\/\/schema.org\",\"@graph\":[{\"@type\":\"WebPage\",\"@id\":\"https:\/\/grupotorivac.com\/fr\/product\/cerceaux-a-fleches\/\",\"url\":\"https:\/\/grupotorivac.com\/fr\/product\/cerceaux-a-fleches\/\",\"name\":\"Cerceaux \u00e0 fl\u00e8ches - Torivac\",\"isPartOf\":{\"@id\":\"https:\/\/grupotorivac.com\/#website\"},\"primaryImageOfPage\":{\"@id\":\"https:\/\/grupotorivac.com\/fr\/product\/cerceaux-a-fleches\/#primaryimage\"},\"image\":{\"@id\":\"https:\/\/grupotorivac.com\/fr\/product\/cerceaux-a-fleches\/#primaryimage\"},\"thumbnailUrl\":\"https:\/\/grupotorivac.com\/wp-content\/uploads\/2022\/06\/disco-para-botones-aro-con-flecha.jpg\",\"datePublished\":\"2022-06-06T12:50:16+00:00\",\"dateModified\":\"2026-03-17T21:58:21+00:00\",\"breadcrumb\":{\"@id\":\"https:\/\/grupotorivac.com\/fr\/product\/cerceaux-a-fleches\/#breadcrumb\"},\"inLanguage\":\"fr-FR\",\"potentialAction\":[{\"@type\":\"ReadAction\",\"target\":[\"https:\/\/grupotorivac.com\/fr\/product\/cerceaux-a-fleches\/\"]}]},{\"@type\":\"ImageObject\",\"inLanguage\":\"fr-FR\",\"@id\":\"https:\/\/grupotorivac.com\/fr\/product\/cerceaux-a-fleches\/#primaryimage\",\"url\":\"https:\/\/grupotorivac.com\/wp-content\/uploads\/2022\/06\/disco-para-botones-aro-con-flecha.jpg\",\"contentUrl\":\"https:\/\/grupotorivac.com\/wp-content\/uploads\/2022\/06\/disco-para-botones-aro-con-flecha.jpg\",\"width\":800,\"height\":803},{\"@type\":\"BreadcrumbList\",\"@id\":\"https:\/\/grupotorivac.com\/fr\/product\/cerceaux-a-fleches\/#breadcrumb\",\"itemListElement\":[{\"@type\":\"ListItem\",\"position\":1,\"name\":\"Portada\",\"item\":\"https:\/\/grupotorivac.com\/fr\/\"},{\"@type\":\"ListItem\",\"position\":2,\"name\":\"Products\",\"item\":\"https:\/\/grupotorivac.com\/en\/shop\/\"},{\"@type\":\"ListItem\",\"position\":3,\"name\":\"Cerceaux \u00e0 fl\u00e8ches\"}]},{\"@type\":\"WebSite\",\"@id\":\"https:\/\/grupotorivac.com\/#website\",\"url\":\"https:\/\/grupotorivac.com\/\",\"name\":\"Torivac\",\"description\":\"Especializados en dise\u00f1o y fabricaci\u00f3n de variados de tensi\u00f3n\",\"publisher\":{\"@id\":\"https:\/\/grupotorivac.com\/#organization\"},\"alternateName\":\"Torivac S.L\",\"potentialAction\":[{\"@type\":\"SearchAction\",\"target\":{\"@type\":\"EntryPoint\",\"urlTemplate\":\"https:\/\/grupotorivac.com\/?s={search_term_string}\"},\"query-input\":{\"@type\":\"PropertyValueSpecification\",\"valueRequired\":true,\"valueName\":\"search_term_string\"}}],\"inLanguage\":\"fr-FR\"},{\"@type\":\"Organization\",\"@id\":\"https:\/\/grupotorivac.com\/#organization\",\"name\":\"Torivac\",\"alternateName\":\"Torivac S.L\",\"url\":\"https:\/\/grupotorivac.com\/\",\"logo\":{\"@type\":\"ImageObject\",\"inLanguage\":\"fr-FR\",\"@id\":\"https:\/\/grupotorivac.com\/#\/schema\/logo\/image\/\",\"url\":\"https:\/\/grupotorivac.com\/wp-content\/uploads\/2025\/02\/Diseno-sin-titulo-73.png\",\"contentUrl\":\"https:\/\/grupotorivac.com\/wp-content\/uploads\/2025\/02\/Diseno-sin-titulo-73.png\",\"width\":250,\"height\":250,\"caption\":\"Torivac\"},\"image\":{\"@id\":\"https:\/\/grupotorivac.com\/#\/schema\/logo\/image\/\"}}]}<\/script>\n<!-- \/ Yoast SEO plugin. -->","yoast_head_json":{"title":"Cerceaux \u00e0 fl\u00e8ches - Torivac","robots":{"index":"index","follow":"follow","max-snippet":"max-snippet:-1","max-image-preview":"max-image-preview:large","max-video-preview":"max-video-preview:-1"},"canonical":"https:\/\/grupotorivac.com\/fr\/product\/cerceaux-a-fleches\/","og_locale":"fr_FR","og_type":"article","og_title":"Cerceaux \u00e0 fl\u00e8ches - Torivac","og_description":"Ils s'ins\u00e8rent dans la base des boutons de la s\u00e9rie BO de mani\u00e8re \u00e0 ce que seule la pointe de l'indicateur d\u00e9passe et sont utilis\u00e9s pour identifier la position du bouton. Disponibles pour toutes les gammes de boutons.  Couleurs : noir, rouge, vert, bleu et gris. Voir la fiche technique","og_url":"https:\/\/grupotorivac.com\/fr\/product\/cerceaux-a-fleches\/","og_site_name":"Torivac","article_modified_time":"2026-03-17T21:58:21+00:00","og_image":[{"width":800,"height":803,"url":"https:\/\/grupotorivac.com\/wp-content\/uploads\/2022\/06\/disco-para-botones-aro-con-flecha.jpg","type":"image\/png"}],"twitter_card":"summary_large_image","schema":{"@context":"https:\/\/schema.org","@graph":[{"@type":"WebPage","@id":"https:\/\/grupotorivac.com\/fr\/product\/cerceaux-a-fleches\/","url":"https:\/\/grupotorivac.com\/fr\/product\/cerceaux-a-fleches\/","name":"Cerceaux \u00e0 fl\u00e8ches - Torivac","isPartOf":{"@id":"https:\/\/grupotorivac.com\/#website"},"primaryImageOfPage":{"@id":"https:\/\/grupotorivac.com\/fr\/product\/cerceaux-a-fleches\/#primaryimage"},"image":{"@id":"https:\/\/grupotorivac.com\/fr\/product\/cerceaux-a-fleches\/#primaryimage"},"thumbnailUrl":"https:\/\/grupotorivac.com\/wp-content\/uploads\/2022\/06\/disco-para-botones-aro-con-flecha.jpg","datePublished":"2022-06-06T12:50:16+00:00","dateModified":"2026-03-17T21:58:21+00:00","breadcrumb":{"@id":"https:\/\/grupotorivac.com\/fr\/product\/cerceaux-a-fleches\/#breadcrumb"},"inLanguage":"fr-FR","potentialAction":[{"@type":"ReadAction","target":["https:\/\/grupotorivac.com\/fr\/product\/cerceaux-a-fleches\/"]}]},{"@type":"ImageObject","inLanguage":"fr-FR","@id":"https:\/\/grupotorivac.com\/fr\/product\/cerceaux-a-fleches\/#primaryimage","url":"https:\/\/grupotorivac.com\/wp-content\/uploads\/2022\/06\/disco-para-botones-aro-con-flecha.jpg","contentUrl":"https:\/\/grupotorivac.com\/wp-content\/uploads\/2022\/06\/disco-para-botones-aro-con-flecha.jpg","width":800,"height":803},{"@type":"BreadcrumbList","@id":"https:\/\/grupotorivac.com\/fr\/product\/cerceaux-a-fleches\/#breadcrumb","itemListElement":[{"@type":"ListItem","position":1,"name":"Portada","item":"https:\/\/grupotorivac.com\/fr\/"},{"@type":"ListItem","position":2,"name":"Products","item":"https:\/\/grupotorivac.com\/en\/shop\/"},{"@type":"ListItem","position":3,"name":"Cerceaux \u00e0 fl\u00e8ches"}]},{"@type":"WebSite","@id":"https:\/\/grupotorivac.com\/#website","url":"https:\/\/grupotorivac.com\/","name":"Torivac","description":"Especializados en dise\u00f1o y fabricaci\u00f3n de variados de tensi\u00f3n","publisher":{"@id":"https:\/\/grupotorivac.com\/#organization"},"alternateName":"Torivac S.L","potentialAction":[{"@type":"SearchAction","target":{"@type":"EntryPoint","urlTemplate":"https:\/\/grupotorivac.com\/?s={search_term_string}"},"query-input":{"@type":"PropertyValueSpecification","valueRequired":true,"valueName":"search_term_string"}}],"inLanguage":"fr-FR"},{"@type":"Organization","@id":"https:\/\/grupotorivac.com\/#organization","name":"Torivac","alternateName":"Torivac S.L","url":"https:\/\/grupotorivac.com\/","logo":{"@type":"ImageObject","inLanguage":"fr-FR","@id":"https:\/\/grupotorivac.com\/#\/schema\/logo\/image\/","url":"https:\/\/grupotorivac.com\/wp-content\/uploads\/2025\/02\/Diseno-sin-titulo-73.png","contentUrl":"https:\/\/grupotorivac.com\/wp-content\/uploads\/2025\/02\/Diseno-sin-titulo-73.png","width":250,"height":250,"caption":"Torivac"},"image":{"@id":"https:\/\/grupotorivac.com\/#\/schema\/logo\/image\/"}}]}},"_links":{"self":[{"href":"https:\/\/grupotorivac.com\/fr\/wp-json\/wp\/v2\/product\/16372","targetHints":{"allow":["GET"]}}],"collection":[{"href":"https:\/\/grupotorivac.com\/fr\/wp-json\/wp\/v2\/product"}],"about":[{"href":"https:\/\/grupotorivac.com\/fr\/wp-json\/wp\/v2\/types\/product"}],"wp:featuredmedia":[{"embeddable":true,"href":"https:\/\/grupotorivac.com\/fr\/wp-json\/wp\/v2\/media\/821"}],"wp:attachment":[{"href":"https:\/\/grupotorivac.com\/fr\/wp-json\/wp\/v2\/media?parent=16372"}],"wp:term":[{"taxonomy":"product_brand","embeddable":true,"href":"https:\/\/grupotorivac.com\/fr\/wp-json\/wp\/v2\/product_brand?post=16372"},{"taxonomy":"product_cat","embeddable":true,"href":"https:\/\/grupotorivac.com\/fr\/wp-json\/wp\/v2\/product_cat?post=16372"},{"taxonomy":"product_tag","embeddable":true,"href":"https:\/\/grupotorivac.com\/fr\/wp-json\/wp\/v2\/product_tag?post=16372"}],"curies":[{"name":"wp","href":"https:\/\/api.w.org\/{rel}","templated":true}]}}