{"id":16345,"date":"2022-06-06T12:49:57","date_gmt":"2022-06-06T12:49:57","guid":{"rendered":"https:\/\/grupotorivac.com\/product\/nucleos-toroidales\/"},"modified":"2026-03-17T19:47:17","modified_gmt":"2026-03-17T19:47:17","slug":"noyaux-toroidaux","status":"publish","type":"product","link":"https:\/\/grupotorivac.com\/fr\/product\/noyaux-toroidaux\/","title":{"rendered":"Noyaux toro\u00efdaux"},"content":{"rendered":"<h4><b style=\"color: #ba6b1e;\">Les noyaux toro\u00efdaux sont des composants magn\u00e9tiques essentiels dans une grande vari\u00e9t\u00e9 d&#8217;applications \u00e9lectroniques et industrielles.<\/b><\/h4>\n<p>Sa conception en anneau ferm\u00e9 permet une distribution uniforme du flux magn\u00e9tique, ce qui se traduit par une plus grande efficacit\u00e9 et une r\u00e9duction significative des interf\u00e9rences \u00e9lectromagn\u00e9tiques (EMI).<\/p>\n<p>Dans notre gamme de produits, vous trouverez des noyaux toro\u00efdaux fabriqu\u00e9s \u00e0 partir de mat\u00e9riaux \u00e0 haute perm\u00e9abilit\u00e9 tels que la ferrite, la poudre de fer et les alliages amorphes, id\u00e9aux pour.. :<\/p>\n<ul>\n<li><strong>Filtres de ligne <\/strong>et suppression du bruit.<\/li>\n<li><strong>Transformateurs de<\/strong> <strong>courant<\/strong> et de puissance.<\/li>\n<li><strong>Inducteurs de<\/strong> <strong>stockage d&#8217;<\/strong> \u00e9nergie.<\/li>\n<li><strong>Applications \u00e0 haute fr\u00e9quence et \u00e0 haut rendement \u00e9nerg\u00e9tique.<\/strong><\/li>\n<\/ul>\n<p>Gr\u00e2ce \u00e0 leur g\u00e9om\u00e9trie, les noyaux toro\u00efdaux minimisent les pertes par hyst\u00e9r\u00e9sis et par courants de Foucault, ce qui en fait le choix privil\u00e9gi\u00e9 pour les conceptions compactes et performantes.<\/p>\n<p>Nous proposons des solutions standard et personnalis\u00e9es, adapt\u00e9es aux besoins sp\u00e9cifiques de chaque projet. Notre \u00e9quipe technique est \u00e0 votre disposition pour vous conseiller sur le choix du noyau le plus appropri\u00e9 en fonction de vos exigences en mati\u00e8re de fr\u00e9quence, de puissance et d&#8217;environnement de fonctionnement. <\/p>\n","protected":false},"excerpt":{"rendered":"<p>Les noyaux toro\u00efdaux fabriqu\u00e9s par Torivac sont constitu\u00e9s de t\u00f4les magn\u00e9tiques en alliage fer-silicium \u00e0 grains orient\u00e9s, avec des pertes tr\u00e8s faibles et une induction de saturation \u00e9lev\u00e9e qui, apr\u00e8s traitement thermique, am\u00e9liorent leur perm\u00e9abilit\u00e9 magn\u00e9tique d&#8217;environ 40 %. Les qualit\u00e9s de t\u00f4le utilis\u00e9es sont de type M4 ou M5, selon les diff\u00e9rentes applications.<br \/>\nTous les noyaux sont soud\u00e9s au d\u00e9but et \u00e0 la fin de l&#8217;enroulement, afin d&#8217;\u00e9viter d&#8217;\u00e9ventuelles vibrations, puis isol\u00e9s au moyen de capsules en polyamide-6 avec 30% de fibre de verre, id\u00e9ales pour supporter des temp\u00e9ratures de l&#8217;ordre de 155 degr\u00e9s centigrades. <\/p>\n<p><a class=\"button button_size_2 button_dark\" href=\"https:\/\/grupotorivac.com\/wp-content\/uploads\/2023\/02\/Nucleos-toroidales.pdf\" target=\"_blank\" rel=\"noopener\"><span class=\"button_label\"><strong>Voir la fiche technique<\/strong><\/span><\/a><\/p>\n","protected":false},"featured_media":15424,"template":"","meta":{"_acf_changed":false},"product_brand":[],"product_cat":[561],"product_tag":[],"class_list":{"0":"post-16345","1":"product","2":"type-product","3":"status-publish","4":"has-post-thumbnail","6":"product_cat-noyaux","8":"first","9":"instock","10":"product-type-simple"},"acf":[],"yoast_head":"<!-- This site is optimized with the Yoast SEO plugin v27.2 - https:\/\/yoast.com\/product\/yoast-seo-wordpress\/ -->\n<title>Noyaux toro\u00efdaux - Torivac<\/title>\n<meta name=\"description\" content=\"Les noyaux toro\u00efdaux sont des composants magn\u00e9tiques essentiels dans une grande vari\u00e9t\u00e9 d&#039;applications \u00e9lectroniques et industrielles.\" \/>\n<meta name=\"robots\" content=\"index, follow, max-snippet:-1, max-image-preview:large, max-video-preview:-1\" \/>\n<link rel=\"canonical\" href=\"https:\/\/grupotorivac.com\/fr\/product\/noyaux-toroidaux\/\" \/>\n<meta property=\"og:locale\" content=\"fr_FR\" \/>\n<meta property=\"og:type\" content=\"article\" \/>\n<meta property=\"og:title\" content=\"Noyaux toro\u00efdaux - Torivac\" \/>\n<meta property=\"og:description\" content=\"Les noyaux toro\u00efdaux sont des composants magn\u00e9tiques essentiels dans une grande vari\u00e9t\u00e9 d&#039;applications \u00e9lectroniques et industrielles.\" \/>\n<meta property=\"og:url\" content=\"https:\/\/grupotorivac.com\/fr\/product\/noyaux-toroidaux\/\" \/>\n<meta property=\"og:site_name\" content=\"Torivac\" \/>\n<meta property=\"article:modified_time\" content=\"2026-03-17T19:47:17+00:00\" \/>\n<meta property=\"og:image\" content=\"https:\/\/grupotorivac.com\/wp-content\/uploads\/2022\/06\/B7T3102.jpg\" \/>\n\t<meta property=\"og:image:width\" content=\"1000\" \/>\n\t<meta property=\"og:image:height\" content=\"667\" \/>\n\t<meta property=\"og:image:type\" content=\"image\/jpeg\" \/>\n<meta name=\"twitter:card\" content=\"summary_large_image\" \/>\n<meta name=\"twitter:label1\" content=\"Dur\u00e9e de lecture estim\u00e9e\" \/>\n\t<meta name=\"twitter:data1\" content=\"1 minute\" \/>\n<script type=\"application\/ld+json\" class=\"yoast-schema-graph\">{\"@context\":\"https:\/\/schema.org\",\"@graph\":[{\"@type\":\"WebPage\",\"@id\":\"https:\/\/grupotorivac.com\/fr\/product\/noyaux-toroidaux\/\",\"url\":\"https:\/\/grupotorivac.com\/fr\/product\/noyaux-toroidaux\/\",\"name\":\"Noyaux toro\u00efdaux - Torivac\",\"isPartOf\":{\"@id\":\"https:\/\/grupotorivac.com\/#website\"},\"primaryImageOfPage\":{\"@id\":\"https:\/\/grupotorivac.com\/fr\/product\/noyaux-toroidaux\/#primaryimage\"},\"image\":{\"@id\":\"https:\/\/grupotorivac.com\/fr\/product\/noyaux-toroidaux\/#primaryimage\"},\"thumbnailUrl\":\"https:\/\/grupotorivac.com\/wp-content\/uploads\/2022\/06\/B7T3102.jpg\",\"datePublished\":\"2022-06-06T12:49:57+00:00\",\"dateModified\":\"2026-03-17T19:47:17+00:00\",\"description\":\"Les noyaux toro\u00efdaux sont des composants magn\u00e9tiques essentiels dans une grande vari\u00e9t\u00e9 d'applications \u00e9lectroniques et industrielles.\",\"breadcrumb\":{\"@id\":\"https:\/\/grupotorivac.com\/fr\/product\/noyaux-toroidaux\/#breadcrumb\"},\"inLanguage\":\"fr-FR\",\"potentialAction\":[{\"@type\":\"ReadAction\",\"target\":[\"https:\/\/grupotorivac.com\/fr\/product\/noyaux-toroidaux\/\"]}]},{\"@type\":\"ImageObject\",\"inLanguage\":\"fr-FR\",\"@id\":\"https:\/\/grupotorivac.com\/fr\/product\/noyaux-toroidaux\/#primaryimage\",\"url\":\"https:\/\/grupotorivac.com\/wp-content\/uploads\/2022\/06\/B7T3102.jpg\",\"contentUrl\":\"https:\/\/grupotorivac.com\/wp-content\/uploads\/2022\/06\/B7T3102.jpg\",\"width\":1000,\"height\":667},{\"@type\":\"BreadcrumbList\",\"@id\":\"https:\/\/grupotorivac.com\/fr\/product\/noyaux-toroidaux\/#breadcrumb\",\"itemListElement\":[{\"@type\":\"ListItem\",\"position\":1,\"name\":\"Portada\",\"item\":\"https:\/\/grupotorivac.com\/fr\/\"},{\"@type\":\"ListItem\",\"position\":2,\"name\":\"Products\",\"item\":\"https:\/\/grupotorivac.com\/en\/shop\/\"},{\"@type\":\"ListItem\",\"position\":3,\"name\":\"Noyaux toro\u00efdaux\"}]},{\"@type\":\"WebSite\",\"@id\":\"https:\/\/grupotorivac.com\/#website\",\"url\":\"https:\/\/grupotorivac.com\/\",\"name\":\"Torivac\",\"description\":\"Especializados en dise\u00f1o y fabricaci\u00f3n de variados de tensi\u00f3n\",\"publisher\":{\"@id\":\"https:\/\/grupotorivac.com\/#organization\"},\"alternateName\":\"Torivac S.L\",\"potentialAction\":[{\"@type\":\"SearchAction\",\"target\":{\"@type\":\"EntryPoint\",\"urlTemplate\":\"https:\/\/grupotorivac.com\/?s={search_term_string}\"},\"query-input\":{\"@type\":\"PropertyValueSpecification\",\"valueRequired\":true,\"valueName\":\"search_term_string\"}}],\"inLanguage\":\"fr-FR\"},{\"@type\":\"Organization\",\"@id\":\"https:\/\/grupotorivac.com\/#organization\",\"name\":\"Torivac\",\"alternateName\":\"Torivac S.L\",\"url\":\"https:\/\/grupotorivac.com\/\",\"logo\":{\"@type\":\"ImageObject\",\"inLanguage\":\"fr-FR\",\"@id\":\"https:\/\/grupotorivac.com\/#\/schema\/logo\/image\/\",\"url\":\"https:\/\/grupotorivac.com\/wp-content\/uploads\/2025\/02\/Diseno-sin-titulo-73.png\",\"contentUrl\":\"https:\/\/grupotorivac.com\/wp-content\/uploads\/2025\/02\/Diseno-sin-titulo-73.png\",\"width\":250,\"height\":250,\"caption\":\"Torivac\"},\"image\":{\"@id\":\"https:\/\/grupotorivac.com\/#\/schema\/logo\/image\/\"}}]}<\/script>\n<!-- \/ Yoast SEO plugin. -->","yoast_head_json":{"title":"Noyaux toro\u00efdaux - Torivac","description":"Les noyaux toro\u00efdaux sont des composants magn\u00e9tiques essentiels dans une grande vari\u00e9t\u00e9 d'applications \u00e9lectroniques et industrielles.","robots":{"index":"index","follow":"follow","max-snippet":"max-snippet:-1","max-image-preview":"max-image-preview:large","max-video-preview":"max-video-preview:-1"},"canonical":"https:\/\/grupotorivac.com\/fr\/product\/noyaux-toroidaux\/","og_locale":"fr_FR","og_type":"article","og_title":"Noyaux toro\u00efdaux - Torivac","og_description":"Les noyaux toro\u00efdaux sont des composants magn\u00e9tiques essentiels dans une grande vari\u00e9t\u00e9 d'applications \u00e9lectroniques et industrielles.","og_url":"https:\/\/grupotorivac.com\/fr\/product\/noyaux-toroidaux\/","og_site_name":"Torivac","article_modified_time":"2026-03-17T19:47:17+00:00","og_image":[{"width":1000,"height":667,"url":"https:\/\/grupotorivac.com\/wp-content\/uploads\/2022\/06\/B7T3102.jpg","type":"image\/jpeg"}],"twitter_card":"summary_large_image","twitter_misc":{"Dur\u00e9e de lecture estim\u00e9e":"1 minute"},"schema":{"@context":"https:\/\/schema.org","@graph":[{"@type":"WebPage","@id":"https:\/\/grupotorivac.com\/fr\/product\/noyaux-toroidaux\/","url":"https:\/\/grupotorivac.com\/fr\/product\/noyaux-toroidaux\/","name":"Noyaux toro\u00efdaux - Torivac","isPartOf":{"@id":"https:\/\/grupotorivac.com\/#website"},"primaryImageOfPage":{"@id":"https:\/\/grupotorivac.com\/fr\/product\/noyaux-toroidaux\/#primaryimage"},"image":{"@id":"https:\/\/grupotorivac.com\/fr\/product\/noyaux-toroidaux\/#primaryimage"},"thumbnailUrl":"https:\/\/grupotorivac.com\/wp-content\/uploads\/2022\/06\/B7T3102.jpg","datePublished":"2022-06-06T12:49:57+00:00","dateModified":"2026-03-17T19:47:17+00:00","description":"Les noyaux toro\u00efdaux sont des composants magn\u00e9tiques essentiels dans une grande vari\u00e9t\u00e9 d'applications \u00e9lectroniques et industrielles.","breadcrumb":{"@id":"https:\/\/grupotorivac.com\/fr\/product\/noyaux-toroidaux\/#breadcrumb"},"inLanguage":"fr-FR","potentialAction":[{"@type":"ReadAction","target":["https:\/\/grupotorivac.com\/fr\/product\/noyaux-toroidaux\/"]}]},{"@type":"ImageObject","inLanguage":"fr-FR","@id":"https:\/\/grupotorivac.com\/fr\/product\/noyaux-toroidaux\/#primaryimage","url":"https:\/\/grupotorivac.com\/wp-content\/uploads\/2022\/06\/B7T3102.jpg","contentUrl":"https:\/\/grupotorivac.com\/wp-content\/uploads\/2022\/06\/B7T3102.jpg","width":1000,"height":667},{"@type":"BreadcrumbList","@id":"https:\/\/grupotorivac.com\/fr\/product\/noyaux-toroidaux\/#breadcrumb","itemListElement":[{"@type":"ListItem","position":1,"name":"Portada","item":"https:\/\/grupotorivac.com\/fr\/"},{"@type":"ListItem","position":2,"name":"Products","item":"https:\/\/grupotorivac.com\/en\/shop\/"},{"@type":"ListItem","position":3,"name":"Noyaux toro\u00efdaux"}]},{"@type":"WebSite","@id":"https:\/\/grupotorivac.com\/#website","url":"https:\/\/grupotorivac.com\/","name":"Torivac","description":"Especializados en dise\u00f1o y fabricaci\u00f3n de variados de tensi\u00f3n","publisher":{"@id":"https:\/\/grupotorivac.com\/#organization"},"alternateName":"Torivac S.L","potentialAction":[{"@type":"SearchAction","target":{"@type":"EntryPoint","urlTemplate":"https:\/\/grupotorivac.com\/?s={search_term_string}"},"query-input":{"@type":"PropertyValueSpecification","valueRequired":true,"valueName":"search_term_string"}}],"inLanguage":"fr-FR"},{"@type":"Organization","@id":"https:\/\/grupotorivac.com\/#organization","name":"Torivac","alternateName":"Torivac S.L","url":"https:\/\/grupotorivac.com\/","logo":{"@type":"ImageObject","inLanguage":"fr-FR","@id":"https:\/\/grupotorivac.com\/#\/schema\/logo\/image\/","url":"https:\/\/grupotorivac.com\/wp-content\/uploads\/2025\/02\/Diseno-sin-titulo-73.png","contentUrl":"https:\/\/grupotorivac.com\/wp-content\/uploads\/2025\/02\/Diseno-sin-titulo-73.png","width":250,"height":250,"caption":"Torivac"},"image":{"@id":"https:\/\/grupotorivac.com\/#\/schema\/logo\/image\/"}}]}},"_links":{"self":[{"href":"https:\/\/grupotorivac.com\/fr\/wp-json\/wp\/v2\/product\/16345","targetHints":{"allow":["GET"]}}],"collection":[{"href":"https:\/\/grupotorivac.com\/fr\/wp-json\/wp\/v2\/product"}],"about":[{"href":"https:\/\/grupotorivac.com\/fr\/wp-json\/wp\/v2\/types\/product"}],"wp:featuredmedia":[{"embeddable":true,"href":"https:\/\/grupotorivac.com\/fr\/wp-json\/wp\/v2\/media\/15424"}],"wp:attachment":[{"href":"https:\/\/grupotorivac.com\/fr\/wp-json\/wp\/v2\/media?parent=16345"}],"wp:term":[{"taxonomy":"product_brand","embeddable":true,"href":"https:\/\/grupotorivac.com\/fr\/wp-json\/wp\/v2\/product_brand?post=16345"},{"taxonomy":"product_cat","embeddable":true,"href":"https:\/\/grupotorivac.com\/fr\/wp-json\/wp\/v2\/product_cat?post=16345"},{"taxonomy":"product_tag","embeddable":true,"href":"https:\/\/grupotorivac.com\/fr\/wp-json\/wp\/v2\/product_tag?post=16345"}],"curies":[{"name":"wp","href":"https:\/\/api.w.org\/{rel}","templated":true}]}}