{"id":16342,"date":"2022-06-06T12:49:57","date_gmt":"2022-06-06T12:49:57","guid":{"rendered":"https:\/\/grupotorivac.com\/product\/choques-inductancias-reactancias-toroidales\/"},"modified":"2026-03-17T18:09:08","modified_gmt":"2026-03-17T18:09:08","slug":"inductances-reactances-toroidales","status":"publish","type":"product","link":"https:\/\/grupotorivac.com\/fr\/product\/inductances-reactances-toroidales\/","title":{"rendered":"Inductances | R\u00e9actances toro\u00efdales"},"content":{"rendered":"<div style=\"display: flex;\">\n<div style=\"width: 70%; padding: 0px 50px 0px 0px;\"><a href=\"https:\/\/grupotorivac.com\/wp-content\/uploads\/2022\/06\/CHOQUES-TOROIDALES.jpg\"><img fetchpriority=\"high\" decoding=\"async\" class=\"alignleft wp-image-14479 size-full\" style=\"margin-right: 50px;\" src=\"https:\/\/grupotorivac.com\/wp-content\/uploads\/2022\/06\/CHOQUES-TOROIDALES.jpg\" alt=\"\" width=\"570\" height=\"760\" srcset=\"https:\/\/grupotorivac.com\/wp-content\/uploads\/2022\/06\/CHOQUES-TOROIDALES.jpg 570w, https:\/\/grupotorivac.com\/wp-content\/uploads\/2022\/06\/CHOQUES-TOROIDALES-225x300.jpg 225w, https:\/\/grupotorivac.com\/wp-content\/uploads\/2022\/06\/CHOQUES-TOROIDALES-110x146.jpg 110w, https:\/\/grupotorivac.com\/wp-content\/uploads\/2022\/06\/CHOQUES-TOROIDALES-38x50.jpg 38w, https:\/\/grupotorivac.com\/wp-content\/uploads\/2022\/06\/CHOQUES-TOROIDALES-56x75.jpg 56w\" sizes=\"(max-width: 570px) 100vw, 570px\" \/><\/a><\/div>\n<div style=\"width: 100%;\">\n<p style=\"text-align: left;margin-bottom: 30px;\"><strong>Ses principales caract\u00e9ristiques sont les suivantes<\/strong><\/p>\n<ul style=\"text-align: left; margin-bottom: 30px;\">\n<li style=\"text-align: left;\">* Faible diffusion du champ magn\u00e9tique, limitant les champs rayonn\u00e9s \u00e0 un minimum.<\/li>\n<li style=\"text-align: left;\">* Haute performance, permettant de filtrer ou de stocker l&#8217;\u00e9nergie dans un minimum d&#8217;espace.<\/li>\n<li style=\"text-align: left;\">* Faibles pertes sur toute la plage de fr\u00e9quence de fonctionnement.<\/li>\n<li style=\"text-align: left;\">* Stabilit\u00e9 \u00e0 haute temp\u00e9rature avec une plage de -50\u00baC \u00e0 + 90\u00baC.<\/li>\n<li style=\"text-align: left;\">* Large gamme de fr\u00e9quences de 10Khz \u00e0 150Khz.<\/li>\n<\/ul>\n<p style=\"text-align: left;margin-bottom: 30px;\">La famille est compos\u00e9e de 27 valeurs inductives diff\u00e9rentes qui correspondent aux valeurs standard pour les composants passifs en \u00e9lectronique, et de 11 noyaux diff\u00e9rents, ce qui donne 297 r\u00e9f\u00e9rences diff\u00e9rentes qui permettent, dans la plupart des cas, de couvrir les besoins de conception. Nous pouvons fabriquer des mod\u00e8les sp\u00e9ciaux avec d&#8217;autres valeurs ou avec d&#8217;autres types de noyaux de diff\u00e9rentes tailles, selon les sp\u00e9cifications de chaque client. <\/p>\n<table style=\"width: 100%; border-collapse: collapse; text-align: center; font-family: Arial, sans-serif; font-size: 14px; height: 394px;\">\n<thead>\n<tr>\n<th style=\"color: #000; background-color: #e99c3b; padding: 8px; border: 1px solid #000;\" colspan=\"4\"><strong>Dimensions (mm.)<br \/>\n<em>Dimensions (mm.)<\/em><\/strong><\/th>\n<\/tr>\n<tr>\n<th style=\"border: 1px solid #000; padding: 2px; font-size: 13px; background-color: #ffffff;\">R\u00e9f\u00e9rence<br \/>\n<em>R\u00e9f\u00e9rence<\/em><\/th>\n<th style=\"border: 1px solid #000; padding: 2px; font-size: 13px; background-color: #ffffff;\">D<\/th>\n<th style=\"border: 1px solid #000; padding: 2px; font-size: 13px; background-color: #ffffff;\">A<\/th>\n<th style=\"border: 1px solid #000; padding: 2px; font-size: 13px; background-color: #ffffff;\">L<\/th>\n<\/tr>\n<\/thead>\n<tbody>\n<tr>\n<th style=\"border: 1px solid #000; padding: 2px; font-size: 13px; background-color: #ffffff;\">1305<\/th>\n<th style=\"border: 1px solid #000; padding: 2px; font-size: 13px; background-color: #ffffff;\">15<\/th>\n<th style=\"border: 1px solid #000; padding: 2px; font-size: 13px; background-color: #ffffff;\">7<\/th>\n<th style=\"border: 1px solid #000; padding: 2px; font-size: 13px; background-color: #ffffff;\">30<\/th>\n<\/tr>\n<tr>\n<th style=\"border: 1px solid #000; padding: 2px; font-size: 13px; background-color: #ffffff;\">1307<\/th>\n<th style=\"border: 1px solid #000; padding: 2px; font-size: 13px; background-color: #ffffff;\">16<\/th>\n<th style=\"border: 1px solid #000; padding: 2px; font-size: 13px; background-color: #ffffff;\">10<\/th>\n<th style=\"border: 1px solid #000; padding: 2px; font-size: 13px; background-color: #ffffff;\">30<\/th>\n<\/tr>\n<tr>\n<th style=\"border: 1px solid #000; padding: 2px; font-size: 13px; background-color: #ffffff;\">1706<\/th>\n<th style=\"border: 1px solid #000; padding: 2px; font-size: 13px; background-color: #ffffff;\">20<\/th>\n<th style=\"border: 1px solid #000; padding: 2px; font-size: 13px; background-color: #ffffff;\">8<\/th>\n<th style=\"border: 1px solid #000; padding: 2px; font-size: 13px; background-color: #ffffff;\">30<\/th>\n<\/tr>\n<tr>\n<th style=\"border: 1px solid #000; padding: 2px; font-size: 13px; background-color: #ffffff;\">2006<\/th>\n<th style=\"border: 1px solid #000; padding: 2px; font-size: 13px; background-color: #ffffff;\">23<\/th>\n<th style=\"border: 1px solid #000; padding: 2px; font-size: 13px; background-color: #ffffff;\">9<\/th>\n<th style=\"border: 1px solid #000; padding: 2px; font-size: 13px; background-color: #ffffff;\">30<\/th>\n<\/tr>\n<tr>\n<th style=\"border: 1px solid #000; padding: 2px; font-size: 13px; background-color: #ffffff;\">2010<\/th>\n<th style=\"border: 1px solid #000; padding: 2px; font-size: 13px; background-color: #ffffff;\">23<\/th>\n<th style=\"border: 1px solid #000; padding: 2px; font-size: 13px; background-color: #ffffff;\">14<\/th>\n<th style=\"border: 1px solid #000; padding: 2px; font-size: 13px; background-color: #ffffff;\">30<\/th>\n<\/tr>\n<tr>\n<th style=\"border: 1px solid #000; padding: 2px; font-size: 13px; background-color: #ffffff;\">2408<\/th>\n<th style=\"border: 1px solid #000; padding: 2px; font-size: 13px; background-color: #ffffff;\">27<\/th>\n<th style=\"border: 1px solid #000; padding: 2px; font-size: 13px; background-color: #ffffff;\">11<\/th>\n<th style=\"border: 1px solid #000; padding: 2px; font-size: 13px; background-color: #ffffff;\">30<\/th>\n<\/tr>\n<tr>\n<th style=\"border: 1px solid #000; padding: 2px; font-size: 13px; background-color: #ffffff;\">2711<\/th>\n<th style=\"border: 1px solid #000; padding: 2px; font-size: 13px; background-color: #ffffff;\">32<\/th>\n<th style=\"border: 1px solid #000; padding: 2px; font-size: 13px; background-color: #ffffff;\">14<\/th>\n<th style=\"border: 1px solid #000; padding: 2px; font-size: 13px; background-color: #ffffff;\">30<\/th>\n<\/tr>\n<tr>\n<th style=\"border: 1px solid #000; padding: 2px; font-size: 13px; background-color: #ffffff;\">3311<\/th>\n<th style=\"border: 1px solid #000; padding: 2px; font-size: 13px; background-color: #ffffff;\">37<\/th>\n<th style=\"border: 1px solid #000; padding: 2px; font-size: 13px; background-color: #ffffff;\">15<\/th>\n<th style=\"border: 1px solid #000; padding: 2px; font-size: 13px; background-color: #ffffff;\">30<\/th>\n<\/tr>\n<tr>\n<th style=\"border: 1px solid #000; padding: 2px; font-size: 13px; background-color: #ffffff;\">3915<\/th>\n<th style=\"border: 1px solid #000; padding: 2px; font-size: 13px; background-color: #ffffff;\">44<\/th>\n<th style=\"border: 1px solid #000; padding: 2px; font-size: 13px; background-color: #ffffff;\">20<\/th>\n<th style=\"border: 1px solid #000; padding: 2px; font-size: 13px; background-color: #ffffff;\">30<\/th>\n<\/tr>\n<tr>\n<th style=\"border: 1px solid #000; padding: 2px; font-size: 13px; background-color: #ffffff;\">4715<\/th>\n<th style=\"border: 1px solid #000; padding: 2px; font-size: 13px; background-color: #ffffff;\">52<\/th>\n<th style=\"border: 1px solid #000; padding: 2px; font-size: 13px; background-color: #ffffff;\">21<\/th>\n<th style=\"border: 1px solid #000; padding: 2px; font-size: 13px; background-color: #ffffff;\">30<\/th>\n<\/tr>\n<tr>\n<th style=\"border: 1px solid #000; padding: 2px; font-size: 13px; background-color: #ffffff;\">5122<\/th>\n<th style=\"border: 1px solid #000; padding: 2px; font-size: 13px; background-color: #ffffff;\">57<\/th>\n<th style=\"border: 1px solid #000; padding: 2px; font-size: 13px; background-color: #ffffff;\">28<\/th>\n<th style=\"border: 1px solid #000; padding: 2px; font-size: 13px; background-color: #ffffff;\">30<\/th>\n<\/tr>\n<\/tbody>\n<\/table>\n<\/div>\n<\/div>\n","protected":false},"excerpt":{"rendered":"<p>Les selfs toriques en poudre de fer sont les composants inductifs id\u00e9aux pour la conception et la fabrication de convertisseurs DC\/DC ou d&#8217;alimentations \u00e0 d\u00e9coupage AC\/DC, ainsi que pour les filtres de r\u00e9seau, les filtres d&#8217;interf\u00e9rence \u00e9lectromagn\u00e9tique et d&#8217;autres selfs dans la gamme des basses fr\u00e9quences.<\/p>\n<p><a class=\"button button_size_2 button_dark\" href=\"https:\/\/grupotorivac.com\/wp-content\/uploads\/2023\/02\/CHOQUES-TOROIDALES.pdf\" target=\"_blank\" rel=\"noopener\"><span class=\"button_label\"><strong>Voir la fiche technique<\/strong><\/span><\/a><\/p>\n","protected":false},"featured_media":920,"template":"","meta":{"_acf_changed":false},"product_brand":[],"product_cat":[573],"product_tag":[],"class_list":{"0":"post-16342","1":"product","2":"type-product","3":"status-publish","4":"has-post-thumbnail","6":"product_cat-bobines-darret-inductances-reactances-toroidales","8":"first","9":"outofstock","10":"product-type-variable"},"acf":[],"yoast_head":"<!-- This site is optimized with the Yoast SEO plugin v27.2 - https:\/\/yoast.com\/product\/yoast-seo-wordpress\/ -->\n<title>Inductances | R\u00e9actances toro\u00efdales - Torivac<\/title>\n<meta name=\"description\" content=\"Les selfs toro\u00efdales \u00e0 poudre de fer sont les composants inductifs id\u00e9aux pour la conception et la fabrication de convertisseurs DC\/DC ou d&#039;alimentations \u00e0 d\u00e9coupage AC\/DC.\" \/>\n<meta name=\"robots\" content=\"index, follow, max-snippet:-1, max-image-preview:large, max-video-preview:-1\" \/>\n<link rel=\"canonical\" href=\"https:\/\/grupotorivac.com\/fr\/product\/inductances-reactances-toroidales\/\" \/>\n<meta property=\"og:locale\" content=\"fr_FR\" \/>\n<meta property=\"og:type\" content=\"article\" \/>\n<meta property=\"og:title\" content=\"Inductances | R\u00e9actances toro\u00efdales - Torivac\" \/>\n<meta property=\"og:description\" content=\"Les selfs toro\u00efdales \u00e0 poudre de fer sont les composants inductifs id\u00e9aux pour la conception et la fabrication de convertisseurs DC\/DC ou d&#039;alimentations \u00e0 d\u00e9coupage AC\/DC.\" \/>\n<meta property=\"og:url\" content=\"https:\/\/grupotorivac.com\/fr\/product\/inductances-reactances-toroidales\/\" \/>\n<meta property=\"og:site_name\" content=\"Torivac\" \/>\n<meta property=\"article:modified_time\" content=\"2026-03-17T18:09:08+00:00\" \/>\n<meta property=\"og:image\" content=\"https:\/\/grupotorivac.com\/wp-content\/uploads\/2022\/06\/choque_toroidal-300x300-2.jpg\" \/>\n\t<meta property=\"og:image:width\" content=\"300\" \/>\n\t<meta property=\"og:image:height\" content=\"300\" \/>\n\t<meta property=\"og:image:type\" content=\"image\/png\" \/>\n<meta name=\"twitter:card\" content=\"summary_large_image\" \/>\n<meta name=\"twitter:label1\" content=\"Dur\u00e9e de lecture estim\u00e9e\" \/>\n\t<meta name=\"twitter:data1\" content=\"1 minute\" \/>\n<script type=\"application\/ld+json\" class=\"yoast-schema-graph\">{\"@context\":\"https:\/\/schema.org\",\"@graph\":[{\"@type\":\"WebPage\",\"@id\":\"https:\/\/grupotorivac.com\/fr\/product\/inductances-reactances-toroidales\/\",\"url\":\"https:\/\/grupotorivac.com\/fr\/product\/inductances-reactances-toroidales\/\",\"name\":\"Inductances | R\u00e9actances toro\u00efdales - Torivac\",\"isPartOf\":{\"@id\":\"https:\/\/grupotorivac.com\/#website\"},\"primaryImageOfPage\":{\"@id\":\"https:\/\/grupotorivac.com\/fr\/product\/inductances-reactances-toroidales\/#primaryimage\"},\"image\":{\"@id\":\"https:\/\/grupotorivac.com\/fr\/product\/inductances-reactances-toroidales\/#primaryimage\"},\"thumbnailUrl\":\"https:\/\/grupotorivac.com\/wp-content\/uploads\/2022\/06\/choque_toroidal-300x300-2.jpg\",\"datePublished\":\"2022-06-06T12:49:57+00:00\",\"dateModified\":\"2026-03-17T18:09:08+00:00\",\"description\":\"Les selfs toro\u00efdales \u00e0 poudre de fer sont les composants inductifs id\u00e9aux pour la conception et la fabrication de convertisseurs DC\/DC ou d'alimentations \u00e0 d\u00e9coupage AC\/DC.\",\"breadcrumb\":{\"@id\":\"https:\/\/grupotorivac.com\/fr\/product\/inductances-reactances-toroidales\/#breadcrumb\"},\"inLanguage\":\"fr-FR\",\"potentialAction\":[{\"@type\":\"ReadAction\",\"target\":[\"https:\/\/grupotorivac.com\/fr\/product\/inductances-reactances-toroidales\/\"]}]},{\"@type\":\"ImageObject\",\"inLanguage\":\"fr-FR\",\"@id\":\"https:\/\/grupotorivac.com\/fr\/product\/inductances-reactances-toroidales\/#primaryimage\",\"url\":\"https:\/\/grupotorivac.com\/wp-content\/uploads\/2022\/06\/choque_toroidal-300x300-2.jpg\",\"contentUrl\":\"https:\/\/grupotorivac.com\/wp-content\/uploads\/2022\/06\/choque_toroidal-300x300-2.jpg\",\"width\":300,\"height\":300},{\"@type\":\"BreadcrumbList\",\"@id\":\"https:\/\/grupotorivac.com\/fr\/product\/inductances-reactances-toroidales\/#breadcrumb\",\"itemListElement\":[{\"@type\":\"ListItem\",\"position\":1,\"name\":\"Portada\",\"item\":\"https:\/\/grupotorivac.com\/fr\/\"},{\"@type\":\"ListItem\",\"position\":2,\"name\":\"Products\",\"item\":\"https:\/\/grupotorivac.com\/en\/shop\/\"},{\"@type\":\"ListItem\",\"position\":3,\"name\":\"Inductances | R\u00e9actances toro\u00efdales\"}]},{\"@type\":\"WebSite\",\"@id\":\"https:\/\/grupotorivac.com\/#website\",\"url\":\"https:\/\/grupotorivac.com\/\",\"name\":\"Torivac\",\"description\":\"Especializados en dise\u00f1o y fabricaci\u00f3n de variados de tensi\u00f3n\",\"publisher\":{\"@id\":\"https:\/\/grupotorivac.com\/#organization\"},\"alternateName\":\"Torivac S.L\",\"potentialAction\":[{\"@type\":\"SearchAction\",\"target\":{\"@type\":\"EntryPoint\",\"urlTemplate\":\"https:\/\/grupotorivac.com\/?s={search_term_string}\"},\"query-input\":{\"@type\":\"PropertyValueSpecification\",\"valueRequired\":true,\"valueName\":\"search_term_string\"}}],\"inLanguage\":\"fr-FR\"},{\"@type\":\"Organization\",\"@id\":\"https:\/\/grupotorivac.com\/#organization\",\"name\":\"Torivac\",\"alternateName\":\"Torivac S.L\",\"url\":\"https:\/\/grupotorivac.com\/\",\"logo\":{\"@type\":\"ImageObject\",\"inLanguage\":\"fr-FR\",\"@id\":\"https:\/\/grupotorivac.com\/#\/schema\/logo\/image\/\",\"url\":\"https:\/\/grupotorivac.com\/wp-content\/uploads\/2025\/02\/Diseno-sin-titulo-73.png\",\"contentUrl\":\"https:\/\/grupotorivac.com\/wp-content\/uploads\/2025\/02\/Diseno-sin-titulo-73.png\",\"width\":250,\"height\":250,\"caption\":\"Torivac\"},\"image\":{\"@id\":\"https:\/\/grupotorivac.com\/#\/schema\/logo\/image\/\"}}]}<\/script>\n<!-- \/ Yoast SEO plugin. -->","yoast_head_json":{"title":"Inductances | R\u00e9actances toro\u00efdales - Torivac","description":"Les selfs toro\u00efdales \u00e0 poudre de fer sont les composants inductifs id\u00e9aux pour la conception et la fabrication de convertisseurs DC\/DC ou d'alimentations \u00e0 d\u00e9coupage AC\/DC.","robots":{"index":"index","follow":"follow","max-snippet":"max-snippet:-1","max-image-preview":"max-image-preview:large","max-video-preview":"max-video-preview:-1"},"canonical":"https:\/\/grupotorivac.com\/fr\/product\/inductances-reactances-toroidales\/","og_locale":"fr_FR","og_type":"article","og_title":"Inductances | R\u00e9actances toro\u00efdales - Torivac","og_description":"Les selfs toro\u00efdales \u00e0 poudre de fer sont les composants inductifs id\u00e9aux pour la conception et la fabrication de convertisseurs DC\/DC ou d'alimentations \u00e0 d\u00e9coupage AC\/DC.","og_url":"https:\/\/grupotorivac.com\/fr\/product\/inductances-reactances-toroidales\/","og_site_name":"Torivac","article_modified_time":"2026-03-17T18:09:08+00:00","og_image":[{"width":300,"height":300,"url":"https:\/\/grupotorivac.com\/wp-content\/uploads\/2022\/06\/choque_toroidal-300x300-2.jpg","type":"image\/png"}],"twitter_card":"summary_large_image","twitter_misc":{"Dur\u00e9e de lecture estim\u00e9e":"1 minute"},"schema":{"@context":"https:\/\/schema.org","@graph":[{"@type":"WebPage","@id":"https:\/\/grupotorivac.com\/fr\/product\/inductances-reactances-toroidales\/","url":"https:\/\/grupotorivac.com\/fr\/product\/inductances-reactances-toroidales\/","name":"Inductances | R\u00e9actances toro\u00efdales - Torivac","isPartOf":{"@id":"https:\/\/grupotorivac.com\/#website"},"primaryImageOfPage":{"@id":"https:\/\/grupotorivac.com\/fr\/product\/inductances-reactances-toroidales\/#primaryimage"},"image":{"@id":"https:\/\/grupotorivac.com\/fr\/product\/inductances-reactances-toroidales\/#primaryimage"},"thumbnailUrl":"https:\/\/grupotorivac.com\/wp-content\/uploads\/2022\/06\/choque_toroidal-300x300-2.jpg","datePublished":"2022-06-06T12:49:57+00:00","dateModified":"2026-03-17T18:09:08+00:00","description":"Les selfs toro\u00efdales \u00e0 poudre de fer sont les composants inductifs id\u00e9aux pour la conception et la fabrication de convertisseurs DC\/DC ou d'alimentations \u00e0 d\u00e9coupage AC\/DC.","breadcrumb":{"@id":"https:\/\/grupotorivac.com\/fr\/product\/inductances-reactances-toroidales\/#breadcrumb"},"inLanguage":"fr-FR","potentialAction":[{"@type":"ReadAction","target":["https:\/\/grupotorivac.com\/fr\/product\/inductances-reactances-toroidales\/"]}]},{"@type":"ImageObject","inLanguage":"fr-FR","@id":"https:\/\/grupotorivac.com\/fr\/product\/inductances-reactances-toroidales\/#primaryimage","url":"https:\/\/grupotorivac.com\/wp-content\/uploads\/2022\/06\/choque_toroidal-300x300-2.jpg","contentUrl":"https:\/\/grupotorivac.com\/wp-content\/uploads\/2022\/06\/choque_toroidal-300x300-2.jpg","width":300,"height":300},{"@type":"BreadcrumbList","@id":"https:\/\/grupotorivac.com\/fr\/product\/inductances-reactances-toroidales\/#breadcrumb","itemListElement":[{"@type":"ListItem","position":1,"name":"Portada","item":"https:\/\/grupotorivac.com\/fr\/"},{"@type":"ListItem","position":2,"name":"Products","item":"https:\/\/grupotorivac.com\/en\/shop\/"},{"@type":"ListItem","position":3,"name":"Inductances | R\u00e9actances toro\u00efdales"}]},{"@type":"WebSite","@id":"https:\/\/grupotorivac.com\/#website","url":"https:\/\/grupotorivac.com\/","name":"Torivac","description":"Especializados en dise\u00f1o y fabricaci\u00f3n de variados de tensi\u00f3n","publisher":{"@id":"https:\/\/grupotorivac.com\/#organization"},"alternateName":"Torivac S.L","potentialAction":[{"@type":"SearchAction","target":{"@type":"EntryPoint","urlTemplate":"https:\/\/grupotorivac.com\/?s={search_term_string}"},"query-input":{"@type":"PropertyValueSpecification","valueRequired":true,"valueName":"search_term_string"}}],"inLanguage":"fr-FR"},{"@type":"Organization","@id":"https:\/\/grupotorivac.com\/#organization","name":"Torivac","alternateName":"Torivac S.L","url":"https:\/\/grupotorivac.com\/","logo":{"@type":"ImageObject","inLanguage":"fr-FR","@id":"https:\/\/grupotorivac.com\/#\/schema\/logo\/image\/","url":"https:\/\/grupotorivac.com\/wp-content\/uploads\/2025\/02\/Diseno-sin-titulo-73.png","contentUrl":"https:\/\/grupotorivac.com\/wp-content\/uploads\/2025\/02\/Diseno-sin-titulo-73.png","width":250,"height":250,"caption":"Torivac"},"image":{"@id":"https:\/\/grupotorivac.com\/#\/schema\/logo\/image\/"}}]}},"_links":{"self":[{"href":"https:\/\/grupotorivac.com\/fr\/wp-json\/wp\/v2\/product\/16342","targetHints":{"allow":["GET"]}}],"collection":[{"href":"https:\/\/grupotorivac.com\/fr\/wp-json\/wp\/v2\/product"}],"about":[{"href":"https:\/\/grupotorivac.com\/fr\/wp-json\/wp\/v2\/types\/product"}],"wp:featuredmedia":[{"embeddable":true,"href":"https:\/\/grupotorivac.com\/fr\/wp-json\/wp\/v2\/media\/920"}],"wp:attachment":[{"href":"https:\/\/grupotorivac.com\/fr\/wp-json\/wp\/v2\/media?parent=16342"}],"wp:term":[{"taxonomy":"product_brand","embeddable":true,"href":"https:\/\/grupotorivac.com\/fr\/wp-json\/wp\/v2\/product_brand?post=16342"},{"taxonomy":"product_cat","embeddable":true,"href":"https:\/\/grupotorivac.com\/fr\/wp-json\/wp\/v2\/product_cat?post=16342"},{"taxonomy":"product_tag","embeddable":true,"href":"https:\/\/grupotorivac.com\/fr\/wp-json\/wp\/v2\/product_tag?post=16342"}],"curies":[{"name":"wp","href":"https:\/\/api.w.org\/{rel}","templated":true}]}}