{"id":16326,"date":"2022-06-06T12:49:11","date_gmt":"2022-06-06T12:49:11","guid":{"rendered":"https:\/\/grupotorivac.com\/product\/reostatos-y-potenciometros-bobinados-4\/"},"modified":"2026-03-17T16:17:30","modified_gmt":"2026-03-17T16:17:30","slug":"rheostats-et-potentiometres-a-simple-enroulement-5w","status":"publish","type":"product","link":"https:\/\/grupotorivac.com\/fr\/product\/rheostats-et-potentiometres-a-simple-enroulement-5w\/","title":{"rendered":"Rh\u00e9ostats et potentiom\u00e8tres \u00e0 simple enroulement 5W"},"content":{"rendered":"","protected":false},"excerpt":{"rendered":"<p>L&#8217;enroulement minutieux de l&#8217;\u00e9l\u00e9ment chauffant et la conception originale d&#8217;un syst\u00e8me de glissi\u00e8re tr\u00e8s sensible garantissent un fonctionnement tr\u00e8s doux, pr\u00e9cis et durable. La brosse est un rouleau de laiton inclinable qui tourne sur la surface plane de l&#8217;\u00e9l\u00e9ment chauffant avec la bonne pression pour assurer un bon contact et un tr\u00e8s grand nombre de man\u0153uvres. La r\u00e9sistance r\u00e9siduelle en d\u00e9but et en fin de course est pratiquement nulle.  <\/p>\n<p><a class=\"button button_size_2 button_dark\" href=\"https:\/\/grupotorivac.com\/wp-content\/uploads\/2023\/02\/POTENCIOMETRO-5W.pdf\" target=\"_blank\" rel=\"noopener\"><span class=\"button_label\"><strong>Voir la fiche technique<\/strong><\/span><\/a><\/p>\n","protected":false},"featured_media":783,"template":"","meta":{"_acf_changed":false},"product_brand":[],"product_cat":[600,602],"product_tag":[],"class_list":{"0":"post-16326","1":"product","2":"type-product","3":"status-publish","4":"has-post-thumbnail","6":"product_cat-potentiometres","7":"product_cat-simple","9":"first","10":"instock","11":"product-type-simple"},"acf":[],"yoast_head":"<!-- This site is optimized with the Yoast SEO plugin v27.2 - https:\/\/yoast.com\/product\/yoast-seo-wordpress\/ -->\n<title>Rh\u00e9ostats et potentiom\u00e8tres \u00e0 simple enroulement 5W - Torivac<\/title>\n<meta name=\"robots\" content=\"index, follow, max-snippet:-1, max-image-preview:large, max-video-preview:-1\" \/>\n<link rel=\"canonical\" href=\"https:\/\/grupotorivac.com\/fr\/product\/rheostats-et-potentiometres-a-simple-enroulement-5w\/\" \/>\n<meta property=\"og:locale\" content=\"fr_FR\" \/>\n<meta property=\"og:type\" content=\"article\" \/>\n<meta property=\"og:title\" content=\"Rh\u00e9ostats et potentiom\u00e8tres \u00e0 simple enroulement 5W - Torivac\" \/>\n<meta property=\"og:description\" content=\"L&#039;enroulement minutieux de l&#039;\u00e9l\u00e9ment chauffant et la conception originale d&#039;un syst\u00e8me de glissi\u00e8re tr\u00e8s sensible garantissent un fonctionnement tr\u00e8s doux, pr\u00e9cis et durable. La brosse est un rouleau de laiton inclinable qui tourne sur la surface plane de l&#039;\u00e9l\u00e9ment chauffant avec la bonne pression pour assurer un bon contact et un tr\u00e8s grand nombre de man\u0153uvres. La r\u00e9sistance r\u00e9siduelle en d\u00e9but et en fin de course est pratiquement nulle.  Voir la fiche technique\" \/>\n<meta property=\"og:url\" content=\"https:\/\/grupotorivac.com\/fr\/product\/rheostats-et-potentiometres-a-simple-enroulement-5w\/\" \/>\n<meta property=\"og:site_name\" content=\"Torivac\" \/>\n<meta property=\"article:modified_time\" content=\"2026-03-17T16:17:30+00:00\" \/>\n<meta property=\"og:image\" content=\"https:\/\/grupotorivac.com\/wp-content\/uploads\/2022\/06\/potenciometro-5w-torivac.jpg\" \/>\n\t<meta property=\"og:image:width\" content=\"800\" \/>\n\t<meta property=\"og:image:height\" content=\"800\" \/>\n\t<meta property=\"og:image:type\" content=\"image\/png\" \/>\n<meta name=\"twitter:card\" content=\"summary_large_image\" \/>\n<script type=\"application\/ld+json\" class=\"yoast-schema-graph\">{\"@context\":\"https:\/\/schema.org\",\"@graph\":[{\"@type\":\"WebPage\",\"@id\":\"https:\/\/grupotorivac.com\/fr\/product\/rheostats-et-potentiometres-a-simple-enroulement-5w\/\",\"url\":\"https:\/\/grupotorivac.com\/fr\/product\/rheostats-et-potentiometres-a-simple-enroulement-5w\/\",\"name\":\"Rh\u00e9ostats et potentiom\u00e8tres \u00e0 simple enroulement 5W - Torivac\",\"isPartOf\":{\"@id\":\"https:\/\/grupotorivac.com\/#website\"},\"primaryImageOfPage\":{\"@id\":\"https:\/\/grupotorivac.com\/fr\/product\/rheostats-et-potentiometres-a-simple-enroulement-5w\/#primaryimage\"},\"image\":{\"@id\":\"https:\/\/grupotorivac.com\/fr\/product\/rheostats-et-potentiometres-a-simple-enroulement-5w\/#primaryimage\"},\"thumbnailUrl\":\"https:\/\/grupotorivac.com\/wp-content\/uploads\/2022\/06\/potenciometro-5w-torivac.jpg\",\"datePublished\":\"2022-06-06T12:49:11+00:00\",\"dateModified\":\"2026-03-17T16:17:30+00:00\",\"breadcrumb\":{\"@id\":\"https:\/\/grupotorivac.com\/fr\/product\/rheostats-et-potentiometres-a-simple-enroulement-5w\/#breadcrumb\"},\"inLanguage\":\"fr-FR\",\"potentialAction\":[{\"@type\":\"ReadAction\",\"target\":[\"https:\/\/grupotorivac.com\/fr\/product\/rheostats-et-potentiometres-a-simple-enroulement-5w\/\"]}]},{\"@type\":\"ImageObject\",\"inLanguage\":\"fr-FR\",\"@id\":\"https:\/\/grupotorivac.com\/fr\/product\/rheostats-et-potentiometres-a-simple-enroulement-5w\/#primaryimage\",\"url\":\"https:\/\/grupotorivac.com\/wp-content\/uploads\/2022\/06\/potenciometro-5w-torivac.jpg\",\"contentUrl\":\"https:\/\/grupotorivac.com\/wp-content\/uploads\/2022\/06\/potenciometro-5w-torivac.jpg\",\"width\":800,\"height\":800},{\"@type\":\"BreadcrumbList\",\"@id\":\"https:\/\/grupotorivac.com\/fr\/product\/rheostats-et-potentiometres-a-simple-enroulement-5w\/#breadcrumb\",\"itemListElement\":[{\"@type\":\"ListItem\",\"position\":1,\"name\":\"Portada\",\"item\":\"https:\/\/grupotorivac.com\/fr\/\"},{\"@type\":\"ListItem\",\"position\":2,\"name\":\"Products\",\"item\":\"https:\/\/grupotorivac.com\/en\/shop\/\"},{\"@type\":\"ListItem\",\"position\":3,\"name\":\"Rh\u00e9ostats et potentiom\u00e8tres \u00e0 simple enroulement 5W\"}]},{\"@type\":\"WebSite\",\"@id\":\"https:\/\/grupotorivac.com\/#website\",\"url\":\"https:\/\/grupotorivac.com\/\",\"name\":\"Torivac\",\"description\":\"Especializados en dise\u00f1o y fabricaci\u00f3n de variados de tensi\u00f3n\",\"publisher\":{\"@id\":\"https:\/\/grupotorivac.com\/#organization\"},\"alternateName\":\"Torivac S.L\",\"potentialAction\":[{\"@type\":\"SearchAction\",\"target\":{\"@type\":\"EntryPoint\",\"urlTemplate\":\"https:\/\/grupotorivac.com\/?s={search_term_string}\"},\"query-input\":{\"@type\":\"PropertyValueSpecification\",\"valueRequired\":true,\"valueName\":\"search_term_string\"}}],\"inLanguage\":\"fr-FR\"},{\"@type\":\"Organization\",\"@id\":\"https:\/\/grupotorivac.com\/#organization\",\"name\":\"Torivac\",\"alternateName\":\"Torivac S.L\",\"url\":\"https:\/\/grupotorivac.com\/\",\"logo\":{\"@type\":\"ImageObject\",\"inLanguage\":\"fr-FR\",\"@id\":\"https:\/\/grupotorivac.com\/#\/schema\/logo\/image\/\",\"url\":\"https:\/\/grupotorivac.com\/wp-content\/uploads\/2025\/02\/Diseno-sin-titulo-73.png\",\"contentUrl\":\"https:\/\/grupotorivac.com\/wp-content\/uploads\/2025\/02\/Diseno-sin-titulo-73.png\",\"width\":250,\"height\":250,\"caption\":\"Torivac\"},\"image\":{\"@id\":\"https:\/\/grupotorivac.com\/#\/schema\/logo\/image\/\"}}]}<\/script>\n<!-- \/ Yoast SEO plugin. -->","yoast_head_json":{"title":"Rh\u00e9ostats et potentiom\u00e8tres \u00e0 simple enroulement 5W - Torivac","robots":{"index":"index","follow":"follow","max-snippet":"max-snippet:-1","max-image-preview":"max-image-preview:large","max-video-preview":"max-video-preview:-1"},"canonical":"https:\/\/grupotorivac.com\/fr\/product\/rheostats-et-potentiometres-a-simple-enroulement-5w\/","og_locale":"fr_FR","og_type":"article","og_title":"Rh\u00e9ostats et potentiom\u00e8tres \u00e0 simple enroulement 5W - Torivac","og_description":"L'enroulement minutieux de l'\u00e9l\u00e9ment chauffant et la conception originale d'un syst\u00e8me de glissi\u00e8re tr\u00e8s sensible garantissent un fonctionnement tr\u00e8s doux, pr\u00e9cis et durable. La brosse est un rouleau de laiton inclinable qui tourne sur la surface plane de l'\u00e9l\u00e9ment chauffant avec la bonne pression pour assurer un bon contact et un tr\u00e8s grand nombre de man\u0153uvres. La r\u00e9sistance r\u00e9siduelle en d\u00e9but et en fin de course est pratiquement nulle.  Voir la fiche technique","og_url":"https:\/\/grupotorivac.com\/fr\/product\/rheostats-et-potentiometres-a-simple-enroulement-5w\/","og_site_name":"Torivac","article_modified_time":"2026-03-17T16:17:30+00:00","og_image":[{"width":800,"height":800,"url":"https:\/\/grupotorivac.com\/wp-content\/uploads\/2022\/06\/potenciometro-5w-torivac.jpg","type":"image\/png"}],"twitter_card":"summary_large_image","schema":{"@context":"https:\/\/schema.org","@graph":[{"@type":"WebPage","@id":"https:\/\/grupotorivac.com\/fr\/product\/rheostats-et-potentiometres-a-simple-enroulement-5w\/","url":"https:\/\/grupotorivac.com\/fr\/product\/rheostats-et-potentiometres-a-simple-enroulement-5w\/","name":"Rh\u00e9ostats et potentiom\u00e8tres \u00e0 simple enroulement 5W - Torivac","isPartOf":{"@id":"https:\/\/grupotorivac.com\/#website"},"primaryImageOfPage":{"@id":"https:\/\/grupotorivac.com\/fr\/product\/rheostats-et-potentiometres-a-simple-enroulement-5w\/#primaryimage"},"image":{"@id":"https:\/\/grupotorivac.com\/fr\/product\/rheostats-et-potentiometres-a-simple-enroulement-5w\/#primaryimage"},"thumbnailUrl":"https:\/\/grupotorivac.com\/wp-content\/uploads\/2022\/06\/potenciometro-5w-torivac.jpg","datePublished":"2022-06-06T12:49:11+00:00","dateModified":"2026-03-17T16:17:30+00:00","breadcrumb":{"@id":"https:\/\/grupotorivac.com\/fr\/product\/rheostats-et-potentiometres-a-simple-enroulement-5w\/#breadcrumb"},"inLanguage":"fr-FR","potentialAction":[{"@type":"ReadAction","target":["https:\/\/grupotorivac.com\/fr\/product\/rheostats-et-potentiometres-a-simple-enroulement-5w\/"]}]},{"@type":"ImageObject","inLanguage":"fr-FR","@id":"https:\/\/grupotorivac.com\/fr\/product\/rheostats-et-potentiometres-a-simple-enroulement-5w\/#primaryimage","url":"https:\/\/grupotorivac.com\/wp-content\/uploads\/2022\/06\/potenciometro-5w-torivac.jpg","contentUrl":"https:\/\/grupotorivac.com\/wp-content\/uploads\/2022\/06\/potenciometro-5w-torivac.jpg","width":800,"height":800},{"@type":"BreadcrumbList","@id":"https:\/\/grupotorivac.com\/fr\/product\/rheostats-et-potentiometres-a-simple-enroulement-5w\/#breadcrumb","itemListElement":[{"@type":"ListItem","position":1,"name":"Portada","item":"https:\/\/grupotorivac.com\/fr\/"},{"@type":"ListItem","position":2,"name":"Products","item":"https:\/\/grupotorivac.com\/en\/shop\/"},{"@type":"ListItem","position":3,"name":"Rh\u00e9ostats et potentiom\u00e8tres \u00e0 simple enroulement 5W"}]},{"@type":"WebSite","@id":"https:\/\/grupotorivac.com\/#website","url":"https:\/\/grupotorivac.com\/","name":"Torivac","description":"Especializados en dise\u00f1o y fabricaci\u00f3n de variados de tensi\u00f3n","publisher":{"@id":"https:\/\/grupotorivac.com\/#organization"},"alternateName":"Torivac S.L","potentialAction":[{"@type":"SearchAction","target":{"@type":"EntryPoint","urlTemplate":"https:\/\/grupotorivac.com\/?s={search_term_string}"},"query-input":{"@type":"PropertyValueSpecification","valueRequired":true,"valueName":"search_term_string"}}],"inLanguage":"fr-FR"},{"@type":"Organization","@id":"https:\/\/grupotorivac.com\/#organization","name":"Torivac","alternateName":"Torivac S.L","url":"https:\/\/grupotorivac.com\/","logo":{"@type":"ImageObject","inLanguage":"fr-FR","@id":"https:\/\/grupotorivac.com\/#\/schema\/logo\/image\/","url":"https:\/\/grupotorivac.com\/wp-content\/uploads\/2025\/02\/Diseno-sin-titulo-73.png","contentUrl":"https:\/\/grupotorivac.com\/wp-content\/uploads\/2025\/02\/Diseno-sin-titulo-73.png","width":250,"height":250,"caption":"Torivac"},"image":{"@id":"https:\/\/grupotorivac.com\/#\/schema\/logo\/image\/"}}]}},"_links":{"self":[{"href":"https:\/\/grupotorivac.com\/fr\/wp-json\/wp\/v2\/product\/16326","targetHints":{"allow":["GET"]}}],"collection":[{"href":"https:\/\/grupotorivac.com\/fr\/wp-json\/wp\/v2\/product"}],"about":[{"href":"https:\/\/grupotorivac.com\/fr\/wp-json\/wp\/v2\/types\/product"}],"wp:featuredmedia":[{"embeddable":true,"href":"https:\/\/grupotorivac.com\/fr\/wp-json\/wp\/v2\/media\/783"}],"wp:attachment":[{"href":"https:\/\/grupotorivac.com\/fr\/wp-json\/wp\/v2\/media?parent=16326"}],"wp:term":[{"taxonomy":"product_brand","embeddable":true,"href":"https:\/\/grupotorivac.com\/fr\/wp-json\/wp\/v2\/product_brand?post=16326"},{"taxonomy":"product_cat","embeddable":true,"href":"https:\/\/grupotorivac.com\/fr\/wp-json\/wp\/v2\/product_cat?post=16326"},{"taxonomy":"product_tag","embeddable":true,"href":"https:\/\/grupotorivac.com\/fr\/wp-json\/wp\/v2\/product_tag?post=16326"}],"curies":[{"name":"wp","href":"https:\/\/api.w.org\/{rel}","templated":true}]}}