{"id":16322,"date":"2022-06-06T12:49:11","date_gmt":"2022-06-06T12:49:11","guid":{"rendered":"https:\/\/grupotorivac.com\/product\/reostatos-y-potenciometros-bobinados-5\/"},"modified":"2026-03-17T16:01:17","modified_gmt":"2026-03-17T16:01:17","slug":"rheostats-et-potentiometres-a-double-enroulement-2x3w","status":"publish","type":"product","link":"https:\/\/grupotorivac.com\/fr\/product\/rheostats-et-potentiometres-a-double-enroulement-2x3w\/","title":{"rendered":"Rh\u00e9ostats et potentiom\u00e8tres \u00e0 double enroulement 2x3W"},"content":{"rendered":"","protected":false},"excerpt":{"rendered":"<p>Ce double potentiom\u00e8tre 2 x 3W est un d\u00e9riv\u00e9 du mod\u00e8le 3W. Il est destin\u00e9 \u00e0 \u00eatre utilis\u00e9 dans les \u00e9quipements st\u00e9r\u00e9o, comme att\u00e9nuateur. Ses caract\u00e9ristiques \u00e9lectriques et physiques sont les m\u00eames que ce dernier. Poids net : 28 gr.<\/p>\n<p><a class=\"button button_size_2 button_dark\" href=\"https:\/\/grupotorivac.com\/wp-content\/uploads\/2023\/02\/Potenciometro.pdf\" target=\"_blank\" rel=\"noopener\"><span class=\"button_label\"><strong>Voir la fiche technique<\/strong><\/span><\/a><\/p>\n","protected":false},"featured_media":785,"template":"","meta":{"_acf_changed":false},"product_brand":[],"product_cat":[628,600],"product_tag":[],"class_list":{"0":"post-16322","1":"product","2":"type-product","3":"status-publish","4":"has-post-thumbnail","6":"product_cat-potentiometres-doubles","7":"product_cat-potentiometres","9":"first","10":"instock","11":"product-type-simple"},"acf":[],"yoast_head":"<!-- This site is optimized with the Yoast SEO plugin v27.2 - https:\/\/yoast.com\/product\/yoast-seo-wordpress\/ -->\n<title>Rh\u00e9ostats et potentiom\u00e8tres \u00e0 double enroulement 2x3W - Torivac<\/title>\n<meta name=\"robots\" content=\"index, follow, max-snippet:-1, max-image-preview:large, max-video-preview:-1\" \/>\n<link rel=\"canonical\" href=\"https:\/\/grupotorivac.com\/fr\/product\/rheostats-et-potentiometres-a-double-enroulement-2x3w\/\" \/>\n<meta property=\"og:locale\" content=\"fr_FR\" \/>\n<meta property=\"og:type\" content=\"article\" \/>\n<meta property=\"og:title\" content=\"Rh\u00e9ostats et potentiom\u00e8tres \u00e0 double enroulement 2x3W - Torivac\" \/>\n<meta property=\"og:description\" content=\"Ce double potentiom\u00e8tre 2 x 3W est un d\u00e9riv\u00e9 du mod\u00e8le 3W. Il est destin\u00e9 \u00e0 \u00eatre utilis\u00e9 dans les \u00e9quipements st\u00e9r\u00e9o, comme att\u00e9nuateur. Ses caract\u00e9ristiques \u00e9lectriques et physiques sont les m\u00eames que ce dernier. Poids net : 28 gr. Voir la fiche technique\" \/>\n<meta property=\"og:url\" content=\"https:\/\/grupotorivac.com\/fr\/product\/rheostats-et-potentiometres-a-double-enroulement-2x3w\/\" \/>\n<meta property=\"og:site_name\" content=\"Torivac\" \/>\n<meta property=\"article:modified_time\" content=\"2026-03-17T16:01:17+00:00\" \/>\n<meta property=\"og:image\" content=\"https:\/\/grupotorivac.com\/wp-content\/uploads\/2022\/06\/potenciometro-3w-tandem-torivac.jpg\" \/>\n\t<meta property=\"og:image:width\" content=\"800\" \/>\n\t<meta property=\"og:image:height\" content=\"800\" \/>\n\t<meta property=\"og:image:type\" content=\"image\/png\" \/>\n<meta name=\"twitter:card\" content=\"summary_large_image\" \/>\n<script type=\"application\/ld+json\" class=\"yoast-schema-graph\">{\"@context\":\"https:\/\/schema.org\",\"@graph\":[{\"@type\":\"WebPage\",\"@id\":\"https:\/\/grupotorivac.com\/fr\/product\/rheostats-et-potentiometres-a-double-enroulement-2x3w\/\",\"url\":\"https:\/\/grupotorivac.com\/fr\/product\/rheostats-et-potentiometres-a-double-enroulement-2x3w\/\",\"name\":\"Rh\u00e9ostats et potentiom\u00e8tres \u00e0 double enroulement 2x3W - Torivac\",\"isPartOf\":{\"@id\":\"https:\/\/grupotorivac.com\/#website\"},\"primaryImageOfPage\":{\"@id\":\"https:\/\/grupotorivac.com\/fr\/product\/rheostats-et-potentiometres-a-double-enroulement-2x3w\/#primaryimage\"},\"image\":{\"@id\":\"https:\/\/grupotorivac.com\/fr\/product\/rheostats-et-potentiometres-a-double-enroulement-2x3w\/#primaryimage\"},\"thumbnailUrl\":\"https:\/\/grupotorivac.com\/wp-content\/uploads\/2022\/06\/potenciometro-3w-tandem-torivac.jpg\",\"datePublished\":\"2022-06-06T12:49:11+00:00\",\"dateModified\":\"2026-03-17T16:01:17+00:00\",\"breadcrumb\":{\"@id\":\"https:\/\/grupotorivac.com\/fr\/product\/rheostats-et-potentiometres-a-double-enroulement-2x3w\/#breadcrumb\"},\"inLanguage\":\"fr-FR\",\"potentialAction\":[{\"@type\":\"ReadAction\",\"target\":[\"https:\/\/grupotorivac.com\/fr\/product\/rheostats-et-potentiometres-a-double-enroulement-2x3w\/\"]}]},{\"@type\":\"ImageObject\",\"inLanguage\":\"fr-FR\",\"@id\":\"https:\/\/grupotorivac.com\/fr\/product\/rheostats-et-potentiometres-a-double-enroulement-2x3w\/#primaryimage\",\"url\":\"https:\/\/grupotorivac.com\/wp-content\/uploads\/2022\/06\/potenciometro-3w-tandem-torivac.jpg\",\"contentUrl\":\"https:\/\/grupotorivac.com\/wp-content\/uploads\/2022\/06\/potenciometro-3w-tandem-torivac.jpg\",\"width\":800,\"height\":800},{\"@type\":\"BreadcrumbList\",\"@id\":\"https:\/\/grupotorivac.com\/fr\/product\/rheostats-et-potentiometres-a-double-enroulement-2x3w\/#breadcrumb\",\"itemListElement\":[{\"@type\":\"ListItem\",\"position\":1,\"name\":\"Portada\",\"item\":\"https:\/\/grupotorivac.com\/fr\/\"},{\"@type\":\"ListItem\",\"position\":2,\"name\":\"Products\",\"item\":\"https:\/\/grupotorivac.com\/en\/shop\/\"},{\"@type\":\"ListItem\",\"position\":3,\"name\":\"Rh\u00e9ostats et potentiom\u00e8tres \u00e0 double enroulement 2x3W\"}]},{\"@type\":\"WebSite\",\"@id\":\"https:\/\/grupotorivac.com\/#website\",\"url\":\"https:\/\/grupotorivac.com\/\",\"name\":\"Torivac\",\"description\":\"Especializados en dise\u00f1o y fabricaci\u00f3n de variados de tensi\u00f3n\",\"publisher\":{\"@id\":\"https:\/\/grupotorivac.com\/#organization\"},\"alternateName\":\"Torivac S.L\",\"potentialAction\":[{\"@type\":\"SearchAction\",\"target\":{\"@type\":\"EntryPoint\",\"urlTemplate\":\"https:\/\/grupotorivac.com\/?s={search_term_string}\"},\"query-input\":{\"@type\":\"PropertyValueSpecification\",\"valueRequired\":true,\"valueName\":\"search_term_string\"}}],\"inLanguage\":\"fr-FR\"},{\"@type\":\"Organization\",\"@id\":\"https:\/\/grupotorivac.com\/#organization\",\"name\":\"Torivac\",\"alternateName\":\"Torivac S.L\",\"url\":\"https:\/\/grupotorivac.com\/\",\"logo\":{\"@type\":\"ImageObject\",\"inLanguage\":\"fr-FR\",\"@id\":\"https:\/\/grupotorivac.com\/#\/schema\/logo\/image\/\",\"url\":\"https:\/\/grupotorivac.com\/wp-content\/uploads\/2025\/02\/Diseno-sin-titulo-73.png\",\"contentUrl\":\"https:\/\/grupotorivac.com\/wp-content\/uploads\/2025\/02\/Diseno-sin-titulo-73.png\",\"width\":250,\"height\":250,\"caption\":\"Torivac\"},\"image\":{\"@id\":\"https:\/\/grupotorivac.com\/#\/schema\/logo\/image\/\"}}]}<\/script>\n<!-- \/ Yoast SEO plugin. -->","yoast_head_json":{"title":"Rh\u00e9ostats et potentiom\u00e8tres \u00e0 double enroulement 2x3W - Torivac","robots":{"index":"index","follow":"follow","max-snippet":"max-snippet:-1","max-image-preview":"max-image-preview:large","max-video-preview":"max-video-preview:-1"},"canonical":"https:\/\/grupotorivac.com\/fr\/product\/rheostats-et-potentiometres-a-double-enroulement-2x3w\/","og_locale":"fr_FR","og_type":"article","og_title":"Rh\u00e9ostats et potentiom\u00e8tres \u00e0 double enroulement 2x3W - Torivac","og_description":"Ce double potentiom\u00e8tre 2 x 3W est un d\u00e9riv\u00e9 du mod\u00e8le 3W. Il est destin\u00e9 \u00e0 \u00eatre utilis\u00e9 dans les \u00e9quipements st\u00e9r\u00e9o, comme att\u00e9nuateur. Ses caract\u00e9ristiques \u00e9lectriques et physiques sont les m\u00eames que ce dernier. Poids net : 28 gr. Voir la fiche technique","og_url":"https:\/\/grupotorivac.com\/fr\/product\/rheostats-et-potentiometres-a-double-enroulement-2x3w\/","og_site_name":"Torivac","article_modified_time":"2026-03-17T16:01:17+00:00","og_image":[{"width":800,"height":800,"url":"https:\/\/grupotorivac.com\/wp-content\/uploads\/2022\/06\/potenciometro-3w-tandem-torivac.jpg","type":"image\/png"}],"twitter_card":"summary_large_image","schema":{"@context":"https:\/\/schema.org","@graph":[{"@type":"WebPage","@id":"https:\/\/grupotorivac.com\/fr\/product\/rheostats-et-potentiometres-a-double-enroulement-2x3w\/","url":"https:\/\/grupotorivac.com\/fr\/product\/rheostats-et-potentiometres-a-double-enroulement-2x3w\/","name":"Rh\u00e9ostats et potentiom\u00e8tres \u00e0 double enroulement 2x3W - Torivac","isPartOf":{"@id":"https:\/\/grupotorivac.com\/#website"},"primaryImageOfPage":{"@id":"https:\/\/grupotorivac.com\/fr\/product\/rheostats-et-potentiometres-a-double-enroulement-2x3w\/#primaryimage"},"image":{"@id":"https:\/\/grupotorivac.com\/fr\/product\/rheostats-et-potentiometres-a-double-enroulement-2x3w\/#primaryimage"},"thumbnailUrl":"https:\/\/grupotorivac.com\/wp-content\/uploads\/2022\/06\/potenciometro-3w-tandem-torivac.jpg","datePublished":"2022-06-06T12:49:11+00:00","dateModified":"2026-03-17T16:01:17+00:00","breadcrumb":{"@id":"https:\/\/grupotorivac.com\/fr\/product\/rheostats-et-potentiometres-a-double-enroulement-2x3w\/#breadcrumb"},"inLanguage":"fr-FR","potentialAction":[{"@type":"ReadAction","target":["https:\/\/grupotorivac.com\/fr\/product\/rheostats-et-potentiometres-a-double-enroulement-2x3w\/"]}]},{"@type":"ImageObject","inLanguage":"fr-FR","@id":"https:\/\/grupotorivac.com\/fr\/product\/rheostats-et-potentiometres-a-double-enroulement-2x3w\/#primaryimage","url":"https:\/\/grupotorivac.com\/wp-content\/uploads\/2022\/06\/potenciometro-3w-tandem-torivac.jpg","contentUrl":"https:\/\/grupotorivac.com\/wp-content\/uploads\/2022\/06\/potenciometro-3w-tandem-torivac.jpg","width":800,"height":800},{"@type":"BreadcrumbList","@id":"https:\/\/grupotorivac.com\/fr\/product\/rheostats-et-potentiometres-a-double-enroulement-2x3w\/#breadcrumb","itemListElement":[{"@type":"ListItem","position":1,"name":"Portada","item":"https:\/\/grupotorivac.com\/fr\/"},{"@type":"ListItem","position":2,"name":"Products","item":"https:\/\/grupotorivac.com\/en\/shop\/"},{"@type":"ListItem","position":3,"name":"Rh\u00e9ostats et potentiom\u00e8tres \u00e0 double enroulement 2x3W"}]},{"@type":"WebSite","@id":"https:\/\/grupotorivac.com\/#website","url":"https:\/\/grupotorivac.com\/","name":"Torivac","description":"Especializados en dise\u00f1o y fabricaci\u00f3n de variados de tensi\u00f3n","publisher":{"@id":"https:\/\/grupotorivac.com\/#organization"},"alternateName":"Torivac S.L","potentialAction":[{"@type":"SearchAction","target":{"@type":"EntryPoint","urlTemplate":"https:\/\/grupotorivac.com\/?s={search_term_string}"},"query-input":{"@type":"PropertyValueSpecification","valueRequired":true,"valueName":"search_term_string"}}],"inLanguage":"fr-FR"},{"@type":"Organization","@id":"https:\/\/grupotorivac.com\/#organization","name":"Torivac","alternateName":"Torivac S.L","url":"https:\/\/grupotorivac.com\/","logo":{"@type":"ImageObject","inLanguage":"fr-FR","@id":"https:\/\/grupotorivac.com\/#\/schema\/logo\/image\/","url":"https:\/\/grupotorivac.com\/wp-content\/uploads\/2025\/02\/Diseno-sin-titulo-73.png","contentUrl":"https:\/\/grupotorivac.com\/wp-content\/uploads\/2025\/02\/Diseno-sin-titulo-73.png","width":250,"height":250,"caption":"Torivac"},"image":{"@id":"https:\/\/grupotorivac.com\/#\/schema\/logo\/image\/"}}]}},"_links":{"self":[{"href":"https:\/\/grupotorivac.com\/fr\/wp-json\/wp\/v2\/product\/16322","targetHints":{"allow":["GET"]}}],"collection":[{"href":"https:\/\/grupotorivac.com\/fr\/wp-json\/wp\/v2\/product"}],"about":[{"href":"https:\/\/grupotorivac.com\/fr\/wp-json\/wp\/v2\/types\/product"}],"wp:featuredmedia":[{"embeddable":true,"href":"https:\/\/grupotorivac.com\/fr\/wp-json\/wp\/v2\/media\/785"}],"wp:attachment":[{"href":"https:\/\/grupotorivac.com\/fr\/wp-json\/wp\/v2\/media?parent=16322"}],"wp:term":[{"taxonomy":"product_brand","embeddable":true,"href":"https:\/\/grupotorivac.com\/fr\/wp-json\/wp\/v2\/product_brand?post=16322"},{"taxonomy":"product_cat","embeddable":true,"href":"https:\/\/grupotorivac.com\/fr\/wp-json\/wp\/v2\/product_cat?post=16322"},{"taxonomy":"product_tag","embeddable":true,"href":"https:\/\/grupotorivac.com\/fr\/wp-json\/wp\/v2\/product_tag?post=16322"}],"curies":[{"name":"wp","href":"https:\/\/api.w.org\/{rel}","templated":true}]}}