{"id":16319,"date":"2022-06-06T12:48:52","date_gmt":"2022-06-06T12:48:52","guid":{"rendered":"https:\/\/grupotorivac.com\/product\/comunicacion-modbus-2\/"},"modified":"2026-03-17T14:53:25","modified_gmt":"2026-03-17T14:53:25","slug":"communication-modbus","status":"publish","type":"product","link":"https:\/\/grupotorivac.com\/fr\/product\/communication-modbus\/","title":{"rendered":"Communication MODBUS"},"content":{"rendered":"<p><strong>Billets disponibles :<\/strong><\/p>\n<ul>\n<li>Tension de ligne<\/li>\n<li>Tension phase\/neutre<\/li>\n<li>Courant par phase<\/li>\n<li>Signal de commande 0-10VDC<\/li>\n<li>Potentiom\u00e8tre<\/li>\n<li>MODBUS<\/li>\n<\/ul>\n<p><strong>Sorties de param\u00e8tres affich\u00e9es \u00e0 l&#8217;\u00e9cran<\/strong><\/p>\n<ul>\n<li>Tension de ligne<\/li>\n<li>Tension phase\/neutre<\/li>\n<li>Courant par phase<\/li>\n<li>Puissance active<\/li>\n<li>Puissance r\u00e9active<\/li>\n<li>Puissance apparente<\/li>\n<li>Fr\u00e9quence<\/li>\n<li>Phi<\/li>\n<li>\u00c9tat de l&#8217;alarme<\/li>\n<\/ul>\n<p>Il dispose de 4 sorties relais programmables pour g\u00e9rer les alarmes ou les syst\u00e8mes adjacents.<\/p>\n","protected":false},"excerpt":{"rendered":"<p>Ce pilote \u00e9lectronique peut \u00eatre utilis\u00e9 pour g\u00e9rer et param\u00e9trer le syst\u00e8me \u00e9lectrique auquel il est connect\u00e9, ce qui lui permet d&#8217;agir sur le moteur de l&#8217;onduleur en tenant compte de la logique programm\u00e9e et de l&#8217;\u00e9tat des entr\u00e9es et des sorties.<br \/>\nIl permet de stabiliser individuellement la tension entre les phases en agissant sur trois moteurs simultan\u00e9ment et en les ajustant \u00e0 la tension requise, en obtenant une diff\u00e9rence de phase entre les tensions &lt;0,5 %<br \/>\nCe syst\u00e8me est programm\u00e9 en fonction des besoins de chaque client, ce qui permet de l&#8217;adapter \u00e0 n&#8217;importe quel syst\u00e8me adjacent ou de le faire fonctionner de la mani\u00e8re souhait\u00e9e, en appliquant des rampes, des param\u00e8tres de s\u00e9curit\u00e9, entre autres.<\/p>\n","protected":false},"featured_media":15405,"template":"","meta":{"_acf_changed":false},"product_brand":[],"product_cat":[546,532],"product_tag":[],"class_list":{"0":"post-16319","1":"product","2":"type-product","3":"status-publish","4":"has-post-thumbnail","6":"product_cat-accessoires-de-regulation","7":"product_cat-regulateurs-de-tension-autotransformateurs-reglables","9":"first","10":"instock","11":"product-type-simple"},"acf":[],"yoast_head":"<!-- This site is optimized with the Yoast SEO plugin v27.2 - https:\/\/yoast.com\/product\/yoast-seo-wordpress\/ -->\n<title>Communication MODBUS - Torivac<\/title>\n<meta name=\"robots\" content=\"index, follow, max-snippet:-1, max-image-preview:large, max-video-preview:-1\" \/>\n<link rel=\"canonical\" href=\"https:\/\/grupotorivac.com\/fr\/product\/communication-modbus\/\" \/>\n<meta property=\"og:locale\" content=\"fr_FR\" \/>\n<meta property=\"og:type\" content=\"article\" \/>\n<meta property=\"og:title\" content=\"Communication MODBUS - Torivac\" \/>\n<meta property=\"og:description\" content=\"Ce pilote \u00e9lectronique peut \u00eatre utilis\u00e9 pour g\u00e9rer et param\u00e9trer le syst\u00e8me \u00e9lectrique auquel il est connect\u00e9, ce qui lui permet d&#039;agir sur le moteur de l&#039;onduleur en tenant compte de la logique programm\u00e9e et de l&#039;\u00e9tat des entr\u00e9es et des sorties. Il permet de stabiliser individuellement la tension entre les phases en agissant sur trois moteurs simultan\u00e9ment et en les ajustant \u00e0 la tension requise, en obtenant une diff\u00e9rence de phase entre les tensions &lt;0,5 % Ce syst\u00e8me est programm\u00e9 en fonction des besoins de chaque client, ce qui permet de l&#039;adapter \u00e0 n&#039;importe quel syst\u00e8me adjacent ou de le faire fonctionner de la mani\u00e8re souhait\u00e9e, en appliquant des rampes, des param\u00e8tres de s\u00e9curit\u00e9, entre autres.\" \/>\n<meta property=\"og:url\" content=\"https:\/\/grupotorivac.com\/fr\/product\/communication-modbus\/\" \/>\n<meta property=\"og:site_name\" content=\"Torivac\" \/>\n<meta property=\"article:modified_time\" content=\"2026-03-17T14:53:25+00:00\" \/>\n<meta property=\"og:image\" content=\"https:\/\/grupotorivac.com\/wp-content\/uploads\/2022\/06\/WhatsApp-Image-2026-02-25-at-10.48.06.jpeg\" \/>\n\t<meta property=\"og:image:width\" content=\"1600\" \/>\n\t<meta property=\"og:image:height\" content=\"1066\" \/>\n\t<meta property=\"og:image:type\" content=\"image\/jpeg\" \/>\n<meta name=\"twitter:card\" content=\"summary_large_image\" \/>\n<script type=\"application\/ld+json\" class=\"yoast-schema-graph\">{\"@context\":\"https:\/\/schema.org\",\"@graph\":[{\"@type\":\"WebPage\",\"@id\":\"https:\/\/grupotorivac.com\/fr\/product\/communication-modbus\/\",\"url\":\"https:\/\/grupotorivac.com\/fr\/product\/communication-modbus\/\",\"name\":\"Communication MODBUS - Torivac\",\"isPartOf\":{\"@id\":\"https:\/\/grupotorivac.com\/#website\"},\"primaryImageOfPage\":{\"@id\":\"https:\/\/grupotorivac.com\/fr\/product\/communication-modbus\/#primaryimage\"},\"image\":{\"@id\":\"https:\/\/grupotorivac.com\/fr\/product\/communication-modbus\/#primaryimage\"},\"thumbnailUrl\":\"https:\/\/grupotorivac.com\/wp-content\/uploads\/2022\/06\/WhatsApp-Image-2026-02-25-at-10.48.06.jpeg\",\"datePublished\":\"2022-06-06T12:48:52+00:00\",\"dateModified\":\"2026-03-17T14:53:25+00:00\",\"breadcrumb\":{\"@id\":\"https:\/\/grupotorivac.com\/fr\/product\/communication-modbus\/#breadcrumb\"},\"inLanguage\":\"fr-FR\",\"potentialAction\":[{\"@type\":\"ReadAction\",\"target\":[\"https:\/\/grupotorivac.com\/fr\/product\/communication-modbus\/\"]}]},{\"@type\":\"ImageObject\",\"inLanguage\":\"fr-FR\",\"@id\":\"https:\/\/grupotorivac.com\/fr\/product\/communication-modbus\/#primaryimage\",\"url\":\"https:\/\/grupotorivac.com\/wp-content\/uploads\/2022\/06\/WhatsApp-Image-2026-02-25-at-10.48.06.jpeg\",\"contentUrl\":\"https:\/\/grupotorivac.com\/wp-content\/uploads\/2022\/06\/WhatsApp-Image-2026-02-25-at-10.48.06.jpeg\",\"width\":1600,\"height\":1066,\"caption\":\"Comunicaci\u00f3n MODBUS\"},{\"@type\":\"BreadcrumbList\",\"@id\":\"https:\/\/grupotorivac.com\/fr\/product\/communication-modbus\/#breadcrumb\",\"itemListElement\":[{\"@type\":\"ListItem\",\"position\":1,\"name\":\"Portada\",\"item\":\"https:\/\/grupotorivac.com\/fr\/\"},{\"@type\":\"ListItem\",\"position\":2,\"name\":\"Products\",\"item\":\"https:\/\/grupotorivac.com\/en\/shop\/\"},{\"@type\":\"ListItem\",\"position\":3,\"name\":\"Communication MODBUS\"}]},{\"@type\":\"WebSite\",\"@id\":\"https:\/\/grupotorivac.com\/#website\",\"url\":\"https:\/\/grupotorivac.com\/\",\"name\":\"Torivac\",\"description\":\"Especializados en dise\u00f1o y fabricaci\u00f3n de variados de tensi\u00f3n\",\"publisher\":{\"@id\":\"https:\/\/grupotorivac.com\/#organization\"},\"alternateName\":\"Torivac S.L\",\"potentialAction\":[{\"@type\":\"SearchAction\",\"target\":{\"@type\":\"EntryPoint\",\"urlTemplate\":\"https:\/\/grupotorivac.com\/?s={search_term_string}\"},\"query-input\":{\"@type\":\"PropertyValueSpecification\",\"valueRequired\":true,\"valueName\":\"search_term_string\"}}],\"inLanguage\":\"fr-FR\"},{\"@type\":\"Organization\",\"@id\":\"https:\/\/grupotorivac.com\/#organization\",\"name\":\"Torivac\",\"alternateName\":\"Torivac S.L\",\"url\":\"https:\/\/grupotorivac.com\/\",\"logo\":{\"@type\":\"ImageObject\",\"inLanguage\":\"fr-FR\",\"@id\":\"https:\/\/grupotorivac.com\/#\/schema\/logo\/image\/\",\"url\":\"https:\/\/grupotorivac.com\/wp-content\/uploads\/2025\/02\/Diseno-sin-titulo-73.png\",\"contentUrl\":\"https:\/\/grupotorivac.com\/wp-content\/uploads\/2025\/02\/Diseno-sin-titulo-73.png\",\"width\":250,\"height\":250,\"caption\":\"Torivac\"},\"image\":{\"@id\":\"https:\/\/grupotorivac.com\/#\/schema\/logo\/image\/\"}}]}<\/script>\n<!-- \/ Yoast SEO plugin. -->","yoast_head_json":{"title":"Communication MODBUS - Torivac","robots":{"index":"index","follow":"follow","max-snippet":"max-snippet:-1","max-image-preview":"max-image-preview:large","max-video-preview":"max-video-preview:-1"},"canonical":"https:\/\/grupotorivac.com\/fr\/product\/communication-modbus\/","og_locale":"fr_FR","og_type":"article","og_title":"Communication MODBUS - Torivac","og_description":"Ce pilote \u00e9lectronique peut \u00eatre utilis\u00e9 pour g\u00e9rer et param\u00e9trer le syst\u00e8me \u00e9lectrique auquel il est connect\u00e9, ce qui lui permet d'agir sur le moteur de l'onduleur en tenant compte de la logique programm\u00e9e et de l'\u00e9tat des entr\u00e9es et des sorties. Il permet de stabiliser individuellement la tension entre les phases en agissant sur trois moteurs simultan\u00e9ment et en les ajustant \u00e0 la tension requise, en obtenant une diff\u00e9rence de phase entre les tensions &lt;0,5 % Ce syst\u00e8me est programm\u00e9 en fonction des besoins de chaque client, ce qui permet de l'adapter \u00e0 n'importe quel syst\u00e8me adjacent ou de le faire fonctionner de la mani\u00e8re souhait\u00e9e, en appliquant des rampes, des param\u00e8tres de s\u00e9curit\u00e9, entre autres.","og_url":"https:\/\/grupotorivac.com\/fr\/product\/communication-modbus\/","og_site_name":"Torivac","article_modified_time":"2026-03-17T14:53:25+00:00","og_image":[{"width":1600,"height":1066,"url":"https:\/\/grupotorivac.com\/wp-content\/uploads\/2022\/06\/WhatsApp-Image-2026-02-25-at-10.48.06.jpeg","type":"image\/jpeg"}],"twitter_card":"summary_large_image","schema":{"@context":"https:\/\/schema.org","@graph":[{"@type":"WebPage","@id":"https:\/\/grupotorivac.com\/fr\/product\/communication-modbus\/","url":"https:\/\/grupotorivac.com\/fr\/product\/communication-modbus\/","name":"Communication MODBUS - Torivac","isPartOf":{"@id":"https:\/\/grupotorivac.com\/#website"},"primaryImageOfPage":{"@id":"https:\/\/grupotorivac.com\/fr\/product\/communication-modbus\/#primaryimage"},"image":{"@id":"https:\/\/grupotorivac.com\/fr\/product\/communication-modbus\/#primaryimage"},"thumbnailUrl":"https:\/\/grupotorivac.com\/wp-content\/uploads\/2022\/06\/WhatsApp-Image-2026-02-25-at-10.48.06.jpeg","datePublished":"2022-06-06T12:48:52+00:00","dateModified":"2026-03-17T14:53:25+00:00","breadcrumb":{"@id":"https:\/\/grupotorivac.com\/fr\/product\/communication-modbus\/#breadcrumb"},"inLanguage":"fr-FR","potentialAction":[{"@type":"ReadAction","target":["https:\/\/grupotorivac.com\/fr\/product\/communication-modbus\/"]}]},{"@type":"ImageObject","inLanguage":"fr-FR","@id":"https:\/\/grupotorivac.com\/fr\/product\/communication-modbus\/#primaryimage","url":"https:\/\/grupotorivac.com\/wp-content\/uploads\/2022\/06\/WhatsApp-Image-2026-02-25-at-10.48.06.jpeg","contentUrl":"https:\/\/grupotorivac.com\/wp-content\/uploads\/2022\/06\/WhatsApp-Image-2026-02-25-at-10.48.06.jpeg","width":1600,"height":1066,"caption":"Comunicaci\u00f3n MODBUS"},{"@type":"BreadcrumbList","@id":"https:\/\/grupotorivac.com\/fr\/product\/communication-modbus\/#breadcrumb","itemListElement":[{"@type":"ListItem","position":1,"name":"Portada","item":"https:\/\/grupotorivac.com\/fr\/"},{"@type":"ListItem","position":2,"name":"Products","item":"https:\/\/grupotorivac.com\/en\/shop\/"},{"@type":"ListItem","position":3,"name":"Communication MODBUS"}]},{"@type":"WebSite","@id":"https:\/\/grupotorivac.com\/#website","url":"https:\/\/grupotorivac.com\/","name":"Torivac","description":"Especializados en dise\u00f1o y fabricaci\u00f3n de variados de tensi\u00f3n","publisher":{"@id":"https:\/\/grupotorivac.com\/#organization"},"alternateName":"Torivac S.L","potentialAction":[{"@type":"SearchAction","target":{"@type":"EntryPoint","urlTemplate":"https:\/\/grupotorivac.com\/?s={search_term_string}"},"query-input":{"@type":"PropertyValueSpecification","valueRequired":true,"valueName":"search_term_string"}}],"inLanguage":"fr-FR"},{"@type":"Organization","@id":"https:\/\/grupotorivac.com\/#organization","name":"Torivac","alternateName":"Torivac S.L","url":"https:\/\/grupotorivac.com\/","logo":{"@type":"ImageObject","inLanguage":"fr-FR","@id":"https:\/\/grupotorivac.com\/#\/schema\/logo\/image\/","url":"https:\/\/grupotorivac.com\/wp-content\/uploads\/2025\/02\/Diseno-sin-titulo-73.png","contentUrl":"https:\/\/grupotorivac.com\/wp-content\/uploads\/2025\/02\/Diseno-sin-titulo-73.png","width":250,"height":250,"caption":"Torivac"},"image":{"@id":"https:\/\/grupotorivac.com\/#\/schema\/logo\/image\/"}}]}},"_links":{"self":[{"href":"https:\/\/grupotorivac.com\/fr\/wp-json\/wp\/v2\/product\/16319","targetHints":{"allow":["GET"]}}],"collection":[{"href":"https:\/\/grupotorivac.com\/fr\/wp-json\/wp\/v2\/product"}],"about":[{"href":"https:\/\/grupotorivac.com\/fr\/wp-json\/wp\/v2\/types\/product"}],"wp:featuredmedia":[{"embeddable":true,"href":"https:\/\/grupotorivac.com\/fr\/wp-json\/wp\/v2\/media\/15405"}],"wp:attachment":[{"href":"https:\/\/grupotorivac.com\/fr\/wp-json\/wp\/v2\/media?parent=16319"}],"wp:term":[{"taxonomy":"product_brand","embeddable":true,"href":"https:\/\/grupotorivac.com\/fr\/wp-json\/wp\/v2\/product_brand?post=16319"},{"taxonomy":"product_cat","embeddable":true,"href":"https:\/\/grupotorivac.com\/fr\/wp-json\/wp\/v2\/product_cat?post=16319"},{"taxonomy":"product_tag","embeddable":true,"href":"https:\/\/grupotorivac.com\/fr\/wp-json\/wp\/v2\/product_tag?post=16319"}],"curies":[{"name":"wp","href":"https:\/\/api.w.org\/{rel}","templated":true}]}}