{"id":16314,"date":"2022-05-17T13:29:29","date_gmt":"2022-05-17T13:29:29","guid":{"rendered":"https:\/\/grupotorivac.com\/product\/controlador-0-10vdc-2\/"},"modified":"2026-03-17T14:36:57","modified_gmt":"2026-03-17T14:36:57","slug":"controleur-0-10vdc","status":"publish","type":"product","link":"https:\/\/grupotorivac.com\/fr\/product\/controleur-0-10vdc\/","title":{"rendered":"Contr\u00f4leur 0-10VDC"},"content":{"rendered":"","protected":false},"excerpt":{"rendered":"<p>Con\u00e7u pour obtenir le meilleur rapport qualit\u00e9-prix, il permet de contr\u00f4ler les variateurs de tension \u00e0 distance, par l&#8217;interm\u00e9diaire d&#8217;un PLC ou d&#8217;un PC.<\/p>\n<p>L&#8217;\u00e9lectronique de contr\u00f4le \u00e0 microprocesseur, de notre propre conception, facilite la stabilisation de la tension de sortie avec un point de consigne analogique de 0-10VDC.<\/p>\n<p>Comprend un afficheur \u00e0 7 segments sans r\u00e9tro-\u00e9clairage qui fournit la lecture de la tension avec une pr\u00e9cision de 1%, configurable par des boutons non accessibles \u00e0 l&#8217;utilisateur final.<\/p>\n","protected":false},"featured_media":1076,"template":"","meta":{"_acf_changed":false},"product_brand":[],"product_cat":[546],"product_tag":[],"class_list":{"0":"post-16314","1":"product","2":"type-product","3":"status-publish","4":"has-post-thumbnail","6":"product_cat-accessoires-de-regulation","8":"first","9":"instock","10":"product-type-simple"},"acf":[],"yoast_head":"<!-- This site is optimized with the Yoast SEO plugin v27.2 - https:\/\/yoast.com\/product\/yoast-seo-wordpress\/ -->\n<title>Contr\u00f4leur 0-10VDC - Torivac<\/title>\n<meta name=\"robots\" content=\"index, follow, max-snippet:-1, max-image-preview:large, max-video-preview:-1\" \/>\n<link rel=\"canonical\" href=\"https:\/\/grupotorivac.com\/fr\/product\/controleur-0-10vdc\/\" \/>\n<meta property=\"og:locale\" content=\"fr_FR\" \/>\n<meta property=\"og:type\" content=\"article\" \/>\n<meta property=\"og:title\" content=\"Contr\u00f4leur 0-10VDC - Torivac\" \/>\n<meta property=\"og:description\" content=\"Con\u00e7u pour obtenir le meilleur rapport qualit\u00e9-prix, il permet de contr\u00f4ler les variateurs de tension \u00e0 distance, par l&#039;interm\u00e9diaire d&#039;un PLC ou d&#039;un PC. L&#039;\u00e9lectronique de contr\u00f4le \u00e0 microprocesseur, de notre propre conception, facilite la stabilisation de la tension de sortie avec un point de consigne analogique de 0-10VDC. Comprend un afficheur \u00e0 7 segments sans r\u00e9tro-\u00e9clairage qui fournit la lecture de la tension avec une pr\u00e9cision de 1%, configurable par des boutons non accessibles \u00e0 l&#039;utilisateur final.\" \/>\n<meta property=\"og:url\" content=\"https:\/\/grupotorivac.com\/fr\/product\/controleur-0-10vdc\/\" \/>\n<meta property=\"og:site_name\" content=\"Torivac\" \/>\n<meta property=\"article:modified_time\" content=\"2026-03-17T14:36:57+00:00\" \/>\n<meta property=\"og:image\" content=\"https:\/\/grupotorivac.com\/wp-content\/uploads\/2022\/12\/controlador0-10.jpg\" \/>\n\t<meta property=\"og:image:width\" content=\"1500\" \/>\n\t<meta property=\"og:image:height\" content=\"1500\" \/>\n\t<meta property=\"og:image:type\" content=\"image\/jpeg\" \/>\n<meta name=\"twitter:card\" content=\"summary_large_image\" \/>\n<script type=\"application\/ld+json\" class=\"yoast-schema-graph\">{\"@context\":\"https:\/\/schema.org\",\"@graph\":[{\"@type\":\"WebPage\",\"@id\":\"https:\/\/grupotorivac.com\/fr\/product\/controleur-0-10vdc\/\",\"url\":\"https:\/\/grupotorivac.com\/fr\/product\/controleur-0-10vdc\/\",\"name\":\"Contr\u00f4leur 0-10VDC - Torivac\",\"isPartOf\":{\"@id\":\"https:\/\/grupotorivac.com\/#website\"},\"primaryImageOfPage\":{\"@id\":\"https:\/\/grupotorivac.com\/fr\/product\/controleur-0-10vdc\/#primaryimage\"},\"image\":{\"@id\":\"https:\/\/grupotorivac.com\/fr\/product\/controleur-0-10vdc\/#primaryimage\"},\"thumbnailUrl\":\"https:\/\/grupotorivac.com\/wp-content\/uploads\/2022\/12\/controlador0-10.jpg\",\"datePublished\":\"2022-05-17T13:29:29+00:00\",\"dateModified\":\"2026-03-17T14:36:57+00:00\",\"breadcrumb\":{\"@id\":\"https:\/\/grupotorivac.com\/fr\/product\/controleur-0-10vdc\/#breadcrumb\"},\"inLanguage\":\"fr-FR\",\"potentialAction\":[{\"@type\":\"ReadAction\",\"target\":[\"https:\/\/grupotorivac.com\/fr\/product\/controleur-0-10vdc\/\"]}]},{\"@type\":\"ImageObject\",\"inLanguage\":\"fr-FR\",\"@id\":\"https:\/\/grupotorivac.com\/fr\/product\/controleur-0-10vdc\/#primaryimage\",\"url\":\"https:\/\/grupotorivac.com\/wp-content\/uploads\/2022\/12\/controlador0-10.jpg\",\"contentUrl\":\"https:\/\/grupotorivac.com\/wp-content\/uploads\/2022\/12\/controlador0-10.jpg\",\"width\":1500,\"height\":1500},{\"@type\":\"BreadcrumbList\",\"@id\":\"https:\/\/grupotorivac.com\/fr\/product\/controleur-0-10vdc\/#breadcrumb\",\"itemListElement\":[{\"@type\":\"ListItem\",\"position\":1,\"name\":\"Portada\",\"item\":\"https:\/\/grupotorivac.com\/fr\/\"},{\"@type\":\"ListItem\",\"position\":2,\"name\":\"Products\",\"item\":\"https:\/\/grupotorivac.com\/en\/shop\/\"},{\"@type\":\"ListItem\",\"position\":3,\"name\":\"Contr\u00f4leur 0-10VDC\"}]},{\"@type\":\"WebSite\",\"@id\":\"https:\/\/grupotorivac.com\/#website\",\"url\":\"https:\/\/grupotorivac.com\/\",\"name\":\"Torivac\",\"description\":\"Especializados en dise\u00f1o y fabricaci\u00f3n de variados de tensi\u00f3n\",\"publisher\":{\"@id\":\"https:\/\/grupotorivac.com\/#organization\"},\"alternateName\":\"Torivac S.L\",\"potentialAction\":[{\"@type\":\"SearchAction\",\"target\":{\"@type\":\"EntryPoint\",\"urlTemplate\":\"https:\/\/grupotorivac.com\/?s={search_term_string}\"},\"query-input\":{\"@type\":\"PropertyValueSpecification\",\"valueRequired\":true,\"valueName\":\"search_term_string\"}}],\"inLanguage\":\"fr-FR\"},{\"@type\":\"Organization\",\"@id\":\"https:\/\/grupotorivac.com\/#organization\",\"name\":\"Torivac\",\"alternateName\":\"Torivac S.L\",\"url\":\"https:\/\/grupotorivac.com\/\",\"logo\":{\"@type\":\"ImageObject\",\"inLanguage\":\"fr-FR\",\"@id\":\"https:\/\/grupotorivac.com\/#\/schema\/logo\/image\/\",\"url\":\"https:\/\/grupotorivac.com\/wp-content\/uploads\/2025\/02\/Diseno-sin-titulo-73.png\",\"contentUrl\":\"https:\/\/grupotorivac.com\/wp-content\/uploads\/2025\/02\/Diseno-sin-titulo-73.png\",\"width\":250,\"height\":250,\"caption\":\"Torivac\"},\"image\":{\"@id\":\"https:\/\/grupotorivac.com\/#\/schema\/logo\/image\/\"}}]}<\/script>\n<!-- \/ Yoast SEO plugin. -->","yoast_head_json":{"title":"Contr\u00f4leur 0-10VDC - Torivac","robots":{"index":"index","follow":"follow","max-snippet":"max-snippet:-1","max-image-preview":"max-image-preview:large","max-video-preview":"max-video-preview:-1"},"canonical":"https:\/\/grupotorivac.com\/fr\/product\/controleur-0-10vdc\/","og_locale":"fr_FR","og_type":"article","og_title":"Contr\u00f4leur 0-10VDC - Torivac","og_description":"Con\u00e7u pour obtenir le meilleur rapport qualit\u00e9-prix, il permet de contr\u00f4ler les variateurs de tension \u00e0 distance, par l'interm\u00e9diaire d'un PLC ou d'un PC. L'\u00e9lectronique de contr\u00f4le \u00e0 microprocesseur, de notre propre conception, facilite la stabilisation de la tension de sortie avec un point de consigne analogique de 0-10VDC. Comprend un afficheur \u00e0 7 segments sans r\u00e9tro-\u00e9clairage qui fournit la lecture de la tension avec une pr\u00e9cision de 1%, configurable par des boutons non accessibles \u00e0 l'utilisateur final.","og_url":"https:\/\/grupotorivac.com\/fr\/product\/controleur-0-10vdc\/","og_site_name":"Torivac","article_modified_time":"2026-03-17T14:36:57+00:00","og_image":[{"width":1500,"height":1500,"url":"https:\/\/grupotorivac.com\/wp-content\/uploads\/2022\/12\/controlador0-10.jpg","type":"image\/jpeg"}],"twitter_card":"summary_large_image","schema":{"@context":"https:\/\/schema.org","@graph":[{"@type":"WebPage","@id":"https:\/\/grupotorivac.com\/fr\/product\/controleur-0-10vdc\/","url":"https:\/\/grupotorivac.com\/fr\/product\/controleur-0-10vdc\/","name":"Contr\u00f4leur 0-10VDC - Torivac","isPartOf":{"@id":"https:\/\/grupotorivac.com\/#website"},"primaryImageOfPage":{"@id":"https:\/\/grupotorivac.com\/fr\/product\/controleur-0-10vdc\/#primaryimage"},"image":{"@id":"https:\/\/grupotorivac.com\/fr\/product\/controleur-0-10vdc\/#primaryimage"},"thumbnailUrl":"https:\/\/grupotorivac.com\/wp-content\/uploads\/2022\/12\/controlador0-10.jpg","datePublished":"2022-05-17T13:29:29+00:00","dateModified":"2026-03-17T14:36:57+00:00","breadcrumb":{"@id":"https:\/\/grupotorivac.com\/fr\/product\/controleur-0-10vdc\/#breadcrumb"},"inLanguage":"fr-FR","potentialAction":[{"@type":"ReadAction","target":["https:\/\/grupotorivac.com\/fr\/product\/controleur-0-10vdc\/"]}]},{"@type":"ImageObject","inLanguage":"fr-FR","@id":"https:\/\/grupotorivac.com\/fr\/product\/controleur-0-10vdc\/#primaryimage","url":"https:\/\/grupotorivac.com\/wp-content\/uploads\/2022\/12\/controlador0-10.jpg","contentUrl":"https:\/\/grupotorivac.com\/wp-content\/uploads\/2022\/12\/controlador0-10.jpg","width":1500,"height":1500},{"@type":"BreadcrumbList","@id":"https:\/\/grupotorivac.com\/fr\/product\/controleur-0-10vdc\/#breadcrumb","itemListElement":[{"@type":"ListItem","position":1,"name":"Portada","item":"https:\/\/grupotorivac.com\/fr\/"},{"@type":"ListItem","position":2,"name":"Products","item":"https:\/\/grupotorivac.com\/en\/shop\/"},{"@type":"ListItem","position":3,"name":"Contr\u00f4leur 0-10VDC"}]},{"@type":"WebSite","@id":"https:\/\/grupotorivac.com\/#website","url":"https:\/\/grupotorivac.com\/","name":"Torivac","description":"Especializados en dise\u00f1o y fabricaci\u00f3n de variados de tensi\u00f3n","publisher":{"@id":"https:\/\/grupotorivac.com\/#organization"},"alternateName":"Torivac S.L","potentialAction":[{"@type":"SearchAction","target":{"@type":"EntryPoint","urlTemplate":"https:\/\/grupotorivac.com\/?s={search_term_string}"},"query-input":{"@type":"PropertyValueSpecification","valueRequired":true,"valueName":"search_term_string"}}],"inLanguage":"fr-FR"},{"@type":"Organization","@id":"https:\/\/grupotorivac.com\/#organization","name":"Torivac","alternateName":"Torivac S.L","url":"https:\/\/grupotorivac.com\/","logo":{"@type":"ImageObject","inLanguage":"fr-FR","@id":"https:\/\/grupotorivac.com\/#\/schema\/logo\/image\/","url":"https:\/\/grupotorivac.com\/wp-content\/uploads\/2025\/02\/Diseno-sin-titulo-73.png","contentUrl":"https:\/\/grupotorivac.com\/wp-content\/uploads\/2025\/02\/Diseno-sin-titulo-73.png","width":250,"height":250,"caption":"Torivac"},"image":{"@id":"https:\/\/grupotorivac.com\/#\/schema\/logo\/image\/"}}]}},"_links":{"self":[{"href":"https:\/\/grupotorivac.com\/fr\/wp-json\/wp\/v2\/product\/16314","targetHints":{"allow":["GET"]}}],"collection":[{"href":"https:\/\/grupotorivac.com\/fr\/wp-json\/wp\/v2\/product"}],"about":[{"href":"https:\/\/grupotorivac.com\/fr\/wp-json\/wp\/v2\/types\/product"}],"wp:featuredmedia":[{"embeddable":true,"href":"https:\/\/grupotorivac.com\/fr\/wp-json\/wp\/v2\/media\/1076"}],"wp:attachment":[{"href":"https:\/\/grupotorivac.com\/fr\/wp-json\/wp\/v2\/media?parent=16314"}],"wp:term":[{"taxonomy":"product_brand","embeddable":true,"href":"https:\/\/grupotorivac.com\/fr\/wp-json\/wp\/v2\/product_brand?post=16314"},{"taxonomy":"product_cat","embeddable":true,"href":"https:\/\/grupotorivac.com\/fr\/wp-json\/wp\/v2\/product_cat?post=16314"},{"taxonomy":"product_tag","embeddable":true,"href":"https:\/\/grupotorivac.com\/fr\/wp-json\/wp\/v2\/product_tag?post=16314"}],"curies":[{"name":"wp","href":"https:\/\/api.w.org\/{rel}","templated":true}]}}