{"id":16194,"date":"2022-06-06T12:49:11","date_gmt":"2022-06-06T12:49:11","guid":{"rendered":"https:\/\/grupotorivac.com\/product\/serie-avs-3\/"},"modified":"2026-03-16T17:59:17","modified_gmt":"2026-03-16T17:59:17","slug":"serie-avs-3","status":"publish","type":"product","link":"https:\/\/grupotorivac.com\/fr\/product\/serie-avs-3\/","title":{"rendered":"Stabilisateur triphas\u00e9 de la s\u00e9rie AVS"},"content":{"rendered":"","protected":false},"excerpt":{"rendered":"<p>Stabilisateur \u00e9lectrom\u00e9canique \u00e0 servomoteur pour r\u00e9seaux triphas\u00e9s.<br \/>\n&#8211; Vitesse de stabilisation jusqu&#8217;\u00e0 90V\/Sec.<br \/>\n&#8211; Contr\u00f4l\u00e9 par microprocesseur.<br \/>\n&#8211; R\u00e9gulation continue par phase.<br \/>\n&#8211; Pr\u00e9cision de la tension de sortie meilleure que 1 %.<br \/>\n&#8211; Plage de r\u00e9gulation jusqu&#8217;\u00e0 \u00b1 40 %.<br \/>\n&#8211; Pas de distorsion de forme d&#8217;onde ni d&#8217;\u00e9cr\u00eatage.<br \/>\n&#8211; \u00c9cran tactile indiquant la tension d&#8217;entr\u00e9e et de sortie par phase.<br \/>\n&#8211; Courant de charge, puissance active et r\u00e9active, cosinus de fi.<br \/>\n&#8211; Fr\u00e9quence, temp\u00e9rature.<\/p>\n","protected":false},"featured_media":1080,"template":"","meta":{"_acf_changed":false},"product_brand":[],"product_cat":[617],"product_tag":[],"class_list":{"0":"post-16194","1":"product","2":"type-product","3":"status-publish","4":"has-post-thumbnail","6":"product_cat-triphase","8":"first","9":"instock","10":"product-type-simple"},"acf":[],"yoast_head":"<!-- This site is optimized with the Yoast SEO plugin v27.2 - https:\/\/yoast.com\/product\/yoast-seo-wordpress\/ -->\n<title>Stabilisateur triphas\u00e9 de la s\u00e9rie AVS - Torivac<\/title>\n<meta name=\"robots\" content=\"index, follow, max-snippet:-1, max-image-preview:large, max-video-preview:-1\" \/>\n<link rel=\"canonical\" href=\"https:\/\/grupotorivac.com\/fr\/product\/serie-avs-3\/\" \/>\n<meta property=\"og:locale\" content=\"fr_FR\" \/>\n<meta property=\"og:type\" content=\"article\" \/>\n<meta property=\"og:title\" content=\"Stabilisateur triphas\u00e9 de la s\u00e9rie AVS - Torivac\" \/>\n<meta property=\"og:description\" content=\"Stabilisateur \u00e9lectrom\u00e9canique \u00e0 servomoteur pour r\u00e9seaux triphas\u00e9s. - Vitesse de stabilisation jusqu&#039;\u00e0 90V\/Sec. - Contr\u00f4l\u00e9 par microprocesseur. - R\u00e9gulation continue par phase. - Pr\u00e9cision de la tension de sortie meilleure que 1 %. - Plage de r\u00e9gulation jusqu&#039;\u00e0 \u00b1 40 %. - Pas de distorsion de forme d&#039;onde ni d&#039;\u00e9cr\u00eatage. - \u00c9cran tactile indiquant la tension d&#039;entr\u00e9e et de sortie par phase. - Courant de charge, puissance active et r\u00e9active, cosinus de fi. - Fr\u00e9quence, temp\u00e9rature.\" \/>\n<meta property=\"og:url\" content=\"https:\/\/grupotorivac.com\/fr\/product\/serie-avs-3\/\" \/>\n<meta property=\"og:site_name\" content=\"Torivac\" \/>\n<meta property=\"article:modified_time\" content=\"2026-03-16T17:59:17+00:00\" \/>\n<meta property=\"og:image\" content=\"https:\/\/grupotorivac.com\/wp-content\/uploads\/2022\/12\/trifasico-servomotor.jpg\" \/>\n\t<meta property=\"og:image:width\" content=\"1500\" \/>\n\t<meta property=\"og:image:height\" content=\"1500\" \/>\n\t<meta property=\"og:image:type\" content=\"image\/jpeg\" \/>\n<meta name=\"twitter:card\" content=\"summary_large_image\" \/>\n<script type=\"application\/ld+json\" class=\"yoast-schema-graph\">{\"@context\":\"https:\/\/schema.org\",\"@graph\":[{\"@type\":\"WebPage\",\"@id\":\"https:\/\/grupotorivac.com\/fr\/product\/serie-avs-3\/\",\"url\":\"https:\/\/grupotorivac.com\/fr\/product\/serie-avs-3\/\",\"name\":\"Stabilisateur triphas\u00e9 de la s\u00e9rie AVS - Torivac\",\"isPartOf\":{\"@id\":\"https:\/\/grupotorivac.com\/#website\"},\"primaryImageOfPage\":{\"@id\":\"https:\/\/grupotorivac.com\/fr\/product\/serie-avs-3\/#primaryimage\"},\"image\":{\"@id\":\"https:\/\/grupotorivac.com\/fr\/product\/serie-avs-3\/#primaryimage\"},\"thumbnailUrl\":\"https:\/\/grupotorivac.com\/wp-content\/uploads\/2022\/12\/trifasico-servomotor.jpg\",\"datePublished\":\"2022-06-06T12:49:11+00:00\",\"dateModified\":\"2026-03-16T17:59:17+00:00\",\"breadcrumb\":{\"@id\":\"https:\/\/grupotorivac.com\/fr\/product\/serie-avs-3\/#breadcrumb\"},\"inLanguage\":\"fr-FR\",\"potentialAction\":[{\"@type\":\"ReadAction\",\"target\":[\"https:\/\/grupotorivac.com\/fr\/product\/serie-avs-3\/\"]}]},{\"@type\":\"ImageObject\",\"inLanguage\":\"fr-FR\",\"@id\":\"https:\/\/grupotorivac.com\/fr\/product\/serie-avs-3\/#primaryimage\",\"url\":\"https:\/\/grupotorivac.com\/wp-content\/uploads\/2022\/12\/trifasico-servomotor.jpg\",\"contentUrl\":\"https:\/\/grupotorivac.com\/wp-content\/uploads\/2022\/12\/trifasico-servomotor.jpg\",\"width\":1500,\"height\":1500},{\"@type\":\"BreadcrumbList\",\"@id\":\"https:\/\/grupotorivac.com\/fr\/product\/serie-avs-3\/#breadcrumb\",\"itemListElement\":[{\"@type\":\"ListItem\",\"position\":1,\"name\":\"Portada\",\"item\":\"https:\/\/grupotorivac.com\/fr\/\"},{\"@type\":\"ListItem\",\"position\":2,\"name\":\"Products\",\"item\":\"https:\/\/grupotorivac.com\/en\/shop\/\"},{\"@type\":\"ListItem\",\"position\":3,\"name\":\"Stabilisateur triphas\u00e9 de la s\u00e9rie AVS\"}]},{\"@type\":\"WebSite\",\"@id\":\"https:\/\/grupotorivac.com\/#website\",\"url\":\"https:\/\/grupotorivac.com\/\",\"name\":\"Torivac\",\"description\":\"Especializados en dise\u00f1o y fabricaci\u00f3n de variados de tensi\u00f3n\",\"publisher\":{\"@id\":\"https:\/\/grupotorivac.com\/#organization\"},\"alternateName\":\"Torivac S.L\",\"potentialAction\":[{\"@type\":\"SearchAction\",\"target\":{\"@type\":\"EntryPoint\",\"urlTemplate\":\"https:\/\/grupotorivac.com\/?s={search_term_string}\"},\"query-input\":{\"@type\":\"PropertyValueSpecification\",\"valueRequired\":true,\"valueName\":\"search_term_string\"}}],\"inLanguage\":\"fr-FR\"},{\"@type\":\"Organization\",\"@id\":\"https:\/\/grupotorivac.com\/#organization\",\"name\":\"Torivac\",\"alternateName\":\"Torivac S.L\",\"url\":\"https:\/\/grupotorivac.com\/\",\"logo\":{\"@type\":\"ImageObject\",\"inLanguage\":\"fr-FR\",\"@id\":\"https:\/\/grupotorivac.com\/#\/schema\/logo\/image\/\",\"url\":\"https:\/\/grupotorivac.com\/wp-content\/uploads\/2025\/02\/Diseno-sin-titulo-73.png\",\"contentUrl\":\"https:\/\/grupotorivac.com\/wp-content\/uploads\/2025\/02\/Diseno-sin-titulo-73.png\",\"width\":250,\"height\":250,\"caption\":\"Torivac\"},\"image\":{\"@id\":\"https:\/\/grupotorivac.com\/#\/schema\/logo\/image\/\"}}]}<\/script>\n<!-- \/ Yoast SEO plugin. -->","yoast_head_json":{"title":"Stabilisateur triphas\u00e9 de la s\u00e9rie AVS - Torivac","robots":{"index":"index","follow":"follow","max-snippet":"max-snippet:-1","max-image-preview":"max-image-preview:large","max-video-preview":"max-video-preview:-1"},"canonical":"https:\/\/grupotorivac.com\/fr\/product\/serie-avs-3\/","og_locale":"fr_FR","og_type":"article","og_title":"Stabilisateur triphas\u00e9 de la s\u00e9rie AVS - Torivac","og_description":"Stabilisateur \u00e9lectrom\u00e9canique \u00e0 servomoteur pour r\u00e9seaux triphas\u00e9s. - Vitesse de stabilisation jusqu'\u00e0 90V\/Sec. - Contr\u00f4l\u00e9 par microprocesseur. - R\u00e9gulation continue par phase. - Pr\u00e9cision de la tension de sortie meilleure que 1 %. - Plage de r\u00e9gulation jusqu'\u00e0 \u00b1 40 %. - Pas de distorsion de forme d'onde ni d'\u00e9cr\u00eatage. - \u00c9cran tactile indiquant la tension d'entr\u00e9e et de sortie par phase. - Courant de charge, puissance active et r\u00e9active, cosinus de fi. - Fr\u00e9quence, temp\u00e9rature.","og_url":"https:\/\/grupotorivac.com\/fr\/product\/serie-avs-3\/","og_site_name":"Torivac","article_modified_time":"2026-03-16T17:59:17+00:00","og_image":[{"width":1500,"height":1500,"url":"https:\/\/grupotorivac.com\/wp-content\/uploads\/2022\/12\/trifasico-servomotor.jpg","type":"image\/jpeg"}],"twitter_card":"summary_large_image","schema":{"@context":"https:\/\/schema.org","@graph":[{"@type":"WebPage","@id":"https:\/\/grupotorivac.com\/fr\/product\/serie-avs-3\/","url":"https:\/\/grupotorivac.com\/fr\/product\/serie-avs-3\/","name":"Stabilisateur triphas\u00e9 de la s\u00e9rie AVS - Torivac","isPartOf":{"@id":"https:\/\/grupotorivac.com\/#website"},"primaryImageOfPage":{"@id":"https:\/\/grupotorivac.com\/fr\/product\/serie-avs-3\/#primaryimage"},"image":{"@id":"https:\/\/grupotorivac.com\/fr\/product\/serie-avs-3\/#primaryimage"},"thumbnailUrl":"https:\/\/grupotorivac.com\/wp-content\/uploads\/2022\/12\/trifasico-servomotor.jpg","datePublished":"2022-06-06T12:49:11+00:00","dateModified":"2026-03-16T17:59:17+00:00","breadcrumb":{"@id":"https:\/\/grupotorivac.com\/fr\/product\/serie-avs-3\/#breadcrumb"},"inLanguage":"fr-FR","potentialAction":[{"@type":"ReadAction","target":["https:\/\/grupotorivac.com\/fr\/product\/serie-avs-3\/"]}]},{"@type":"ImageObject","inLanguage":"fr-FR","@id":"https:\/\/grupotorivac.com\/fr\/product\/serie-avs-3\/#primaryimage","url":"https:\/\/grupotorivac.com\/wp-content\/uploads\/2022\/12\/trifasico-servomotor.jpg","contentUrl":"https:\/\/grupotorivac.com\/wp-content\/uploads\/2022\/12\/trifasico-servomotor.jpg","width":1500,"height":1500},{"@type":"BreadcrumbList","@id":"https:\/\/grupotorivac.com\/fr\/product\/serie-avs-3\/#breadcrumb","itemListElement":[{"@type":"ListItem","position":1,"name":"Portada","item":"https:\/\/grupotorivac.com\/fr\/"},{"@type":"ListItem","position":2,"name":"Products","item":"https:\/\/grupotorivac.com\/en\/shop\/"},{"@type":"ListItem","position":3,"name":"Stabilisateur triphas\u00e9 de la s\u00e9rie AVS"}]},{"@type":"WebSite","@id":"https:\/\/grupotorivac.com\/#website","url":"https:\/\/grupotorivac.com\/","name":"Torivac","description":"Especializados en dise\u00f1o y fabricaci\u00f3n de variados de tensi\u00f3n","publisher":{"@id":"https:\/\/grupotorivac.com\/#organization"},"alternateName":"Torivac S.L","potentialAction":[{"@type":"SearchAction","target":{"@type":"EntryPoint","urlTemplate":"https:\/\/grupotorivac.com\/?s={search_term_string}"},"query-input":{"@type":"PropertyValueSpecification","valueRequired":true,"valueName":"search_term_string"}}],"inLanguage":"fr-FR"},{"@type":"Organization","@id":"https:\/\/grupotorivac.com\/#organization","name":"Torivac","alternateName":"Torivac S.L","url":"https:\/\/grupotorivac.com\/","logo":{"@type":"ImageObject","inLanguage":"fr-FR","@id":"https:\/\/grupotorivac.com\/#\/schema\/logo\/image\/","url":"https:\/\/grupotorivac.com\/wp-content\/uploads\/2025\/02\/Diseno-sin-titulo-73.png","contentUrl":"https:\/\/grupotorivac.com\/wp-content\/uploads\/2025\/02\/Diseno-sin-titulo-73.png","width":250,"height":250,"caption":"Torivac"},"image":{"@id":"https:\/\/grupotorivac.com\/#\/schema\/logo\/image\/"}}]}},"_links":{"self":[{"href":"https:\/\/grupotorivac.com\/fr\/wp-json\/wp\/v2\/product\/16194","targetHints":{"allow":["GET"]}}],"collection":[{"href":"https:\/\/grupotorivac.com\/fr\/wp-json\/wp\/v2\/product"}],"about":[{"href":"https:\/\/grupotorivac.com\/fr\/wp-json\/wp\/v2\/types\/product"}],"wp:featuredmedia":[{"embeddable":true,"href":"https:\/\/grupotorivac.com\/fr\/wp-json\/wp\/v2\/media\/1080"}],"wp:attachment":[{"href":"https:\/\/grupotorivac.com\/fr\/wp-json\/wp\/v2\/media?parent=16194"}],"wp:term":[{"taxonomy":"product_brand","embeddable":true,"href":"https:\/\/grupotorivac.com\/fr\/wp-json\/wp\/v2\/product_brand?post=16194"},{"taxonomy":"product_cat","embeddable":true,"href":"https:\/\/grupotorivac.com\/fr\/wp-json\/wp\/v2\/product_cat?post=16194"},{"taxonomy":"product_tag","embeddable":true,"href":"https:\/\/grupotorivac.com\/fr\/wp-json\/wp\/v2\/product_tag?post=16194"}],"curies":[{"name":"wp","href":"https:\/\/api.w.org\/{rel}","templated":true}]}}