{"id":15914,"date":"2022-06-06T12:50:24","date_gmt":"2022-06-06T12:50:24","guid":{"rendered":"https:\/\/grupotorivac.com\/product\/resistencias-de-puesta-a-tierra\/"},"modified":"2022-06-06T12:50:24","modified_gmt":"2022-06-06T12:50:24","slug":"resistencias-de-puesta-a-tierra","status":"publish","type":"product","link":"https:\/\/grupotorivac.com\/fr\/product\/resistencias-de-puesta-a-tierra\/","title":{"rendered":"R\u00e9sistances de mise \u00e0 la terre"},"content":{"rendered":"<p>&nbsp;<\/p>\n<p><b>Fonction des r\u00e9sistances de mise \u00e0 la terre dans les syst\u00e8mes \u00e9lectriques<\/b><\/p>\n<p><span style=\"font-weight: 400;\">Les r\u00e9sistances de terre jouent un r\u00f4le essentiel dans la protection et la s\u00e9curit\u00e9 des installations \u00e9lectriques, en particulier dans les environnements industriels \u00e0 haute tension. Dans les zones o\u00f9 la r\u00e9gulation \u00e9lectrique est critique, comme c&#8217;est le cas dans une grande partie de l&#8217;Europe, ces dispositifs assurent le contr\u00f4le du potentiel de terre et limitent le courant de d\u00e9faut en cas de foudre ou de court-circuit. Leur fonction principale est d&#8217;introduire une imp\u00e9dance soigneusement calcul\u00e9e entre le neutre du syst\u00e8me et la terre, ce qui permet de dissiper l&#8217;\u00e9nergie en toute s\u00e9curit\u00e9 et de maintenir l&#8217;int\u00e9grit\u00e9 du syst\u00e8me \u00e9lectrique en cas de d\u00e9fauts soudains. Ces solutions sont couramment int\u00e9gr\u00e9es dans les installations industrielles, les centres de distribution d&#8217;\u00e9nergie et les r\u00e9seaux d&#8217;infrastructures critiques, o\u00f9 une continuit\u00e9 op\u00e9rationnelle et une fiabilit\u00e9 technique \u00e9lev\u00e9es sont requises.   <\/span><\/p>\n<p>Dans les pays les plus industrialis\u00e9s du continent, comme l&#8217;Allemagne, il existe une forte demande de r\u00e9sistances de mise \u00e0 la terre tr\u00e8s efficaces, fabriqu\u00e9es selon des normes europ\u00e9ennes strictes. Dans ces conditions, il est essentiel d&#8217;avoir acc\u00e8s \u00e0 des fabricants sp\u00e9cialis\u00e9s qui peuvent garantir la conformit\u00e9 r\u00e9glementaire, les certifications internationales et une assistance technique efficace. La mise en \u0153uvre correcte de ces \u00e9l\u00e9ments permet non seulement d&#8217;\u00e9viter d&#8217;endommager les \u00e9quipements, mais aussi de prot\u00e9ger le personnel technique et d&#8217;\u00e9viter les interruptions du r\u00e9seau \u00e9lectrique, r\u00e9duisant ainsi les pertes \u00e9conomiques et augmentant l&#8217;efficacit\u00e9 op\u00e9rationnelle de l&#8217;ensemble du syst\u00e8me. Le bon choix d&#8217;un tel \u00e9quipement d\u00e9pend non seulement des sp\u00e9cifications techniques, mais aussi de la connaissance qu&#8217;a le fournisseur des r\u00e9glementations europ\u00e9ennes en mati\u00e8re d&#8217;environnement et d&#8217;\u00e9lectricit\u00e9.   <\/p>\n<p>&nbsp;<\/p>\n<p><b>Nous sommes des distributeurs sp\u00e9cialis\u00e9s dans la r\u00e9gulation de la tension<\/b><\/p>\n<p><span style=\"font-weight: 400;\">Le march\u00e9 europ\u00e9en pr\u00e9sente une grande complexit\u00e9 technique en ce qui concerne la distribution des \u00e9l\u00e9ments de variation et de r\u00e9gulation de la tension \u00e9lectrique. Les entreprises responsables d&#8217;installations \u00e9lectriques dans le secteur civil ou industriel, comme celles qui travaillent sur des syst\u00e8mes de c\u00e2blage complexes, l&#8217;int\u00e9gration de convertisseurs de fr\u00e9quence ou la mise en \u0153uvre de solutions dans les centres de stockage d&#8217;\u00e9nergie, se heurtent souvent \u00e0 des obstacles lorsqu&#8217;elles tentent de se procurer des r\u00e9sistances de mise \u00e0 la terre avec des sp\u00e9cifications appropri\u00e9es. Les besoins techniques de ces projets requi\u00e8rent des produits d\u00e9velopp\u00e9s avec pr\u00e9cision et, contrairement \u00e0 cela, le nombre de distributeurs capables d&#8217;offrir des conseils d&#8217;experts et une fourniture directe en Europe reste minime.  <\/span><\/p>\n<p>Cela met en \u00e9vidence le d\u00e9fi de trouver des fournisseurs qui ne se contentent pas de distribuer des composants, mais qui les fabriquent \u00e9galement, qui connaissent le cycle de production complet et qui peuvent s&#8217;adapter \u00e0 des exigences particuli\u00e8res.<\/p>\n<p>La r\u00e9alit\u00e9 actuelle montre que de nombreuses solutions proviennent d&#8217;interm\u00e9diaires qui augmentent les co\u00fbts et diluent le contr\u00f4le de la qualit\u00e9. Dans ce contexte, l&#8217;acc\u00e8s direct \u00e0 des fabricants ayant une connaissance interne des processus de conception, de test et de validation est d\u00e9cisif. De plus, dans un contexte o\u00f9 l&#8217;augmentation de l&#8217;efficacit\u00e9 \u00e9nerg\u00e9tique et le respect des r\u00e8gles de s\u00e9curit\u00e9 sont essentiels, disposer d&#8217;un \u00e9quipement d\u00e9velopp\u00e9 \u00e0 partir d&#8217;une base technique solide devient une priorit\u00e9 non n\u00e9gociable. Les r\u00e9sistances de mise \u00e0 la terre, lorsqu&#8217;elles sont s\u00e9lectionn\u00e9es selon des crit\u00e8res techniques appropri\u00e9s, assurent la stabilit\u00e9 des syst\u00e8mes \u00e9lectriques, r\u00e9duisent les risques op\u00e9rationnels et sont conformes \u00e0 la l\u00e9gislation qui varie subtilement entre des pays tels que l&#8217;Allemagne, la France ou les Pays-Bas.   <\/p>\n<p>&nbsp;<\/p>\n<p><b>Avantages techniques des &#8220;r\u00e9sistances de mise \u00e0 la terre&#8221; fabriqu\u00e9es par Torivac<\/b><\/p>\n<p><span style=\"font-weight: 400;\">Contrairement \u00e0 de nombreuses entreprises qui op\u00e8rent uniquement en tant qu&#8217;interm\u00e9diaires, Torivac con\u00e7oit et fabrique ses propres r\u00e9sistances de mise \u00e0 la terre, ce qui lui permet de contr\u00f4ler int\u00e9gralement les param\u00e8tres \u00e9lectriques, m\u00e9caniques et thermiques de chaque unit\u00e9. Cela repr\u00e9sente un avantage certain pour les int\u00e9grateurs de syst\u00e8mes qui ont besoin de r\u00e9ponses personnalis\u00e9es, d&#8217;une livraison rapide et d&#8217;une flexibilit\u00e9 dans la conception en fonction des r\u00e9glementations locales ou des exigences d&#8217;int\u00e9gration avec les syst\u00e8mes SCADA et l&#8217;automatisation industrielle. Les solutions propos\u00e9es par Torivac sont test\u00e9es dans des environnements contr\u00f4l\u00e9s, en utilisant des m\u00e9thodologies de qualit\u00e9 de niveau europ\u00e9en et des mat\u00e9riaux certifi\u00e9s pour garantir des performances stables dans les gammes de courant de fuite, de r\u00e9sistance thermique et de dissipation de puissance.  <\/span><\/p>\n<p>La d\u00e9cision de maintenir notre propre ligne de production garantit non seulement des normes coh\u00e9rentes, mais r\u00e9duit \u00e9galement les co\u00fbts de mani\u00e8re significative, ce qui nous permet d&#8217;offrir des r\u00e9sistances de mise \u00e0 la terre \u00e0 un meilleur rapport qualit\u00e9-prix que ce que l&#8217;on trouve habituellement sur le march\u00e9. Les entreprises du secteur de l&#8217;\u00e9nergie, les centres logistiques automatis\u00e9s, les installations de stockage de batteries ou les syst\u00e8mes de pompage industriels trouveront en Torivac un fournisseur technique capable de coop\u00e9rer \u00e9troitement de la conception \u00e0 la mise en service. Un support technique orient\u00e9 vers le d\u00e9tail, une connaissance approfondie des normes europ\u00e9ennes telles que la norme EN 50522 et la capacit\u00e9 de fournir des volumes importants compl\u00e8tent un profil id\u00e9al pour ceux qui recherchent des fournisseurs strat\u00e9giques \u00e0 long terme.  <\/p>\n<p>&nbsp;<\/p>\n<p><b>S\u00e9curit\u00e9 et efficacit\u00e9 des produits fabriqu\u00e9s directement en Europe<\/b><\/p>\n<p><span style=\"font-weight: 400;\">Choisir un fournisseur comme Torivac, c&#8217;est bien plus qu&#8217;acheter un composant \u00e9lectrique. C&#8217;est \u00e9tablir une relation de confiance avec un fabricant qui s&#8217;engage \u00e0 l&#8217;excellence technique et \u00e0 la responsabilit\u00e9 dans chaque unit\u00e9 qu&#8217;il livre. Dans un contexte europ\u00e9en tr\u00e8s exigeant et r\u00e9glement\u00e9, notamment sur des march\u00e9s comme l&#8217;Allemagne et les pays nordiques, proposer des r\u00e9sistances de mise \u00e0 la terre con\u00e7ues et fabriqu\u00e9es localement repr\u00e9sente un r\u00e9el avantage concurrentiel. Chaque composant est d\u00e9velopp\u00e9 pour s&#8217;int\u00e9grer avec pr\u00e9cision dans des sch\u00e9mas de contr\u00f4le complexes, r\u00e9sister \u00e0 des tensions variables et offrir une grande r\u00e9p\u00e9tabilit\u00e9 dans des conditions exigeantes en permanence. L&#8217;approche directe entre le fabricant et le client signifie \u00e9galement une meilleure tra\u00e7abilit\u00e9, l&#8217;adaptation du produit aux exigences du projet et une r\u00e9duction significative des d\u00e9lais de livraison.    <\/span><\/p>\n<p>Torivac n&#8217;est pas un simple point de distribution, mais se positionne comme un partenaire technique, avec une vision industrielle et une connaissance globale des applications o\u00f9 ses solutions apportent une valeur ajout\u00e9e. De nombreux projets dans les secteurs ferroviaire, de la production d&#8217;\u00e9nergie et de la logistique automatis\u00e9e ont d\u00e9j\u00e0 int\u00e9gr\u00e9 des r\u00e9sistances de mise \u00e0 la terre d\u00e9velopp\u00e9es par Torivac, b\u00e9n\u00e9ficiant de produits dont le design, le prix et l&#8217;efficacit\u00e9 sont orient\u00e9s vers les normes europ\u00e9ennes \u00e0 long terme. Avec sa propre technologie et son engagement op\u00e9rationnel absolu, Torivac est un point de r\u00e9f\u00e9rence pour les entreprises qui comprennent que les composants \u00e9lectriques doivent \u00eatre non seulement fonctionnels, mais aussi con\u00e7us avec pr\u00e9cision pour garantir la continuit\u00e9, la s\u00e9curit\u00e9 et un rendement \u00e9conomique soutenu.  <\/p>\n","protected":false},"excerpt":{"rendered":"<p>Les r\u00e9sistances de mise \u00e0 la terre du neutre sont particuli\u00e8rement recommand\u00e9es pour la protection des transformateurs de puissance et des g\u00e9n\u00e9rateurs en cas de d\u00e9fauts \u00e0 la terre dans les r\u00e9seaux de distribution de moyenne et basse tension.<\/p>\n<p>Nos r\u00e9sistances de mise \u00e0 la terre sur mesure, \u00e9quip\u00e9es d&#8217;un transformateur de courant, offrent une capacit\u00e9 thermique \u00e9lev\u00e9e pour absorber des courants importants. Nos r\u00e9sistances peuvent \u00e9galement int\u00e9grer tous types d&#8217;accessoires (interrupteurs, contacteurs, \u00e9l\u00e9ments de commande, bo\u00eetes \u00e0 bornes, etc.) <\/p>\n","protected":false},"featured_media":3805,"template":"","meta":{"_acf_changed":false},"product_brand":[],"product_cat":[474,504],"product_tag":[],"class_list":{"0":"post-15914","1":"product","2":"type-product","3":"status-publish","4":"has-post-thumbnail","6":"product_cat-resistances-bancs-de-charge","7":"product_cat-resistances-de-mise-a-la-terre","9":"first","10":"instock","11":"product-type-simple"},"acf":[],"yoast_head":"<!-- This site is optimized with the Yoast SEO plugin v27.2 - https:\/\/yoast.com\/product\/yoast-seo-wordpress\/ -->\n<title>R\u00e9sistances de mise \u00e0 la terre pour syst\u00e8mes \u00e9lectriques<\/title>\n<meta name=\"description\" content=\"R\u00e9sistances de mise \u00e0 la terre pour des syst\u00e8mes \u00e9lectriques s\u00fbrs et efficaces, con\u00e7ues en Europe avec des normes de qualit\u00e9 \u00e9lev\u00e9es et une assistance technique.\" \/>\n<meta name=\"robots\" content=\"index, follow, max-snippet:-1, max-image-preview:large, max-video-preview:-1\" \/>\n<link rel=\"canonical\" href=\"https:\/\/grupotorivac.com\/product\/resistencias-de-puesta-a-tierra\/\" \/>\n<meta property=\"og:locale\" content=\"fr_FR\" \/>\n<meta property=\"og:type\" content=\"article\" \/>\n<meta property=\"og:title\" content=\"R\u00e9sistances de mise \u00e0 la terre pour syst\u00e8mes \u00e9lectriques\" \/>\n<meta property=\"og:description\" content=\"R\u00e9sistances de mise \u00e0 la terre pour des syst\u00e8mes \u00e9lectriques s\u00fbrs et efficaces, con\u00e7ues en Europe avec des normes de qualit\u00e9 \u00e9lev\u00e9es et une assistance technique.\" \/>\n<meta property=\"og:url\" content=\"https:\/\/grupotorivac.com\/product\/resistencias-de-puesta-a-tierra\/\" \/>\n<meta property=\"og:site_name\" content=\"Torivac\" \/>\n<meta property=\"og:image\" content=\"https:\/\/grupotorivac.com\/wp-content\/uploads\/2022\/06\/puesta-a-tierra.jpg\" \/>\n\t<meta property=\"og:image:width\" content=\"200\" \/>\n\t<meta property=\"og:image:height\" content=\"200\" \/>\n\t<meta property=\"og:image:type\" content=\"image\/png\" \/>\n<meta name=\"twitter:card\" content=\"summary_large_image\" \/>\n<meta name=\"twitter:label1\" content=\"Dur\u00e9e de lecture estim\u00e9e\" \/>\n\t<meta name=\"twitter:data1\" content=\"6 minutes\" \/>\n<script type=\"application\/ld+json\" class=\"yoast-schema-graph\">{\"@context\":\"https:\/\/schema.org\",\"@graph\":[{\"@type\":\"WebPage\",\"@id\":\"https:\/\/grupotorivac.com\/product\/resistencias-de-puesta-a-tierra\/\",\"url\":\"https:\/\/grupotorivac.com\/product\/resistencias-de-puesta-a-tierra\/\",\"name\":\"R\u00e9sistances de mise \u00e0 la terre pour syst\u00e8mes \u00e9lectriques\",\"isPartOf\":{\"@id\":\"https:\/\/grupotorivac.com\/#website\"},\"primaryImageOfPage\":{\"@id\":\"https:\/\/grupotorivac.com\/product\/resistencias-de-puesta-a-tierra\/#primaryimage\"},\"image\":{\"@id\":\"https:\/\/grupotorivac.com\/product\/resistencias-de-puesta-a-tierra\/#primaryimage\"},\"thumbnailUrl\":\"https:\/\/grupotorivac.com\/wp-content\/uploads\/2022\/06\/puesta-a-tierra.jpg\",\"datePublished\":\"2022-06-06T12:50:24+00:00\",\"description\":\"R\u00e9sistances de mise \u00e0 la terre pour des syst\u00e8mes \u00e9lectriques s\u00fbrs et efficaces, con\u00e7ues en Europe avec des normes de qualit\u00e9 \u00e9lev\u00e9es et une assistance technique.\",\"breadcrumb\":{\"@id\":\"https:\/\/grupotorivac.com\/product\/resistencias-de-puesta-a-tierra\/#breadcrumb\"},\"inLanguage\":\"fr-FR\",\"potentialAction\":[{\"@type\":\"ReadAction\",\"target\":[\"https:\/\/grupotorivac.com\/product\/resistencias-de-puesta-a-tierra\/\"]}]},{\"@type\":\"ImageObject\",\"inLanguage\":\"fr-FR\",\"@id\":\"https:\/\/grupotorivac.com\/product\/resistencias-de-puesta-a-tierra\/#primaryimage\",\"url\":\"https:\/\/grupotorivac.com\/wp-content\/uploads\/2022\/06\/puesta-a-tierra.jpg\",\"contentUrl\":\"https:\/\/grupotorivac.com\/wp-content\/uploads\/2022\/06\/puesta-a-tierra.jpg\",\"width\":200,\"height\":200},{\"@type\":\"BreadcrumbList\",\"@id\":\"https:\/\/grupotorivac.com\/product\/resistencias-de-puesta-a-tierra\/#breadcrumb\",\"itemListElement\":[{\"@type\":\"ListItem\",\"position\":1,\"name\":\"Portada\",\"item\":\"https:\/\/grupotorivac.com\/fr\/\"},{\"@type\":\"ListItem\",\"position\":2,\"name\":\"Products\",\"item\":\"https:\/\/grupotorivac.com\/en\/shop\/\"},{\"@type\":\"ListItem\",\"position\":3,\"name\":\"R\u00e9sistances de mise \u00e0 la terre\"}]},{\"@type\":\"WebSite\",\"@id\":\"https:\/\/grupotorivac.com\/#website\",\"url\":\"https:\/\/grupotorivac.com\/\",\"name\":\"Torivac\",\"description\":\"Especializados en dise\u00f1o y fabricaci\u00f3n de variados de tensi\u00f3n\",\"publisher\":{\"@id\":\"https:\/\/grupotorivac.com\/#organization\"},\"alternateName\":\"Torivac S.L\",\"potentialAction\":[{\"@type\":\"SearchAction\",\"target\":{\"@type\":\"EntryPoint\",\"urlTemplate\":\"https:\/\/grupotorivac.com\/?s={search_term_string}\"},\"query-input\":{\"@type\":\"PropertyValueSpecification\",\"valueRequired\":true,\"valueName\":\"search_term_string\"}}],\"inLanguage\":\"fr-FR\"},{\"@type\":\"Organization\",\"@id\":\"https:\/\/grupotorivac.com\/#organization\",\"name\":\"Torivac\",\"alternateName\":\"Torivac S.L\",\"url\":\"https:\/\/grupotorivac.com\/\",\"logo\":{\"@type\":\"ImageObject\",\"inLanguage\":\"fr-FR\",\"@id\":\"https:\/\/grupotorivac.com\/#\/schema\/logo\/image\/\",\"url\":\"https:\/\/grupotorivac.com\/wp-content\/uploads\/2025\/02\/Diseno-sin-titulo-73.png\",\"contentUrl\":\"https:\/\/grupotorivac.com\/wp-content\/uploads\/2025\/02\/Diseno-sin-titulo-73.png\",\"width\":250,\"height\":250,\"caption\":\"Torivac\"},\"image\":{\"@id\":\"https:\/\/grupotorivac.com\/#\/schema\/logo\/image\/\"}}]}<\/script>\n<!-- \/ Yoast SEO plugin. -->","yoast_head_json":{"title":"R\u00e9sistances de mise \u00e0 la terre pour syst\u00e8mes \u00e9lectriques","description":"R\u00e9sistances de mise \u00e0 la terre pour des syst\u00e8mes \u00e9lectriques s\u00fbrs et efficaces, con\u00e7ues en Europe avec des normes de qualit\u00e9 \u00e9lev\u00e9es et une assistance technique.","robots":{"index":"index","follow":"follow","max-snippet":"max-snippet:-1","max-image-preview":"max-image-preview:large","max-video-preview":"max-video-preview:-1"},"canonical":"https:\/\/grupotorivac.com\/product\/resistencias-de-puesta-a-tierra\/","og_locale":"fr_FR","og_type":"article","og_title":"R\u00e9sistances de mise \u00e0 la terre pour syst\u00e8mes \u00e9lectriques","og_description":"R\u00e9sistances de mise \u00e0 la terre pour des syst\u00e8mes \u00e9lectriques s\u00fbrs et efficaces, con\u00e7ues en Europe avec des normes de qualit\u00e9 \u00e9lev\u00e9es et une assistance technique.","og_url":"https:\/\/grupotorivac.com\/product\/resistencias-de-puesta-a-tierra\/","og_site_name":"Torivac","og_image":[{"width":200,"height":200,"url":"https:\/\/grupotorivac.com\/wp-content\/uploads\/2022\/06\/puesta-a-tierra.jpg","type":"image\/png"}],"twitter_card":"summary_large_image","twitter_misc":{"Dur\u00e9e de lecture estim\u00e9e":"6 minutes"},"schema":{"@context":"https:\/\/schema.org","@graph":[{"@type":"WebPage","@id":"https:\/\/grupotorivac.com\/product\/resistencias-de-puesta-a-tierra\/","url":"https:\/\/grupotorivac.com\/product\/resistencias-de-puesta-a-tierra\/","name":"R\u00e9sistances de mise \u00e0 la terre pour syst\u00e8mes \u00e9lectriques","isPartOf":{"@id":"https:\/\/grupotorivac.com\/#website"},"primaryImageOfPage":{"@id":"https:\/\/grupotorivac.com\/product\/resistencias-de-puesta-a-tierra\/#primaryimage"},"image":{"@id":"https:\/\/grupotorivac.com\/product\/resistencias-de-puesta-a-tierra\/#primaryimage"},"thumbnailUrl":"https:\/\/grupotorivac.com\/wp-content\/uploads\/2022\/06\/puesta-a-tierra.jpg","datePublished":"2022-06-06T12:50:24+00:00","description":"R\u00e9sistances de mise \u00e0 la terre pour des syst\u00e8mes \u00e9lectriques s\u00fbrs et efficaces, con\u00e7ues en Europe avec des normes de qualit\u00e9 \u00e9lev\u00e9es et une assistance technique.","breadcrumb":{"@id":"https:\/\/grupotorivac.com\/product\/resistencias-de-puesta-a-tierra\/#breadcrumb"},"inLanguage":"fr-FR","potentialAction":[{"@type":"ReadAction","target":["https:\/\/grupotorivac.com\/product\/resistencias-de-puesta-a-tierra\/"]}]},{"@type":"ImageObject","inLanguage":"fr-FR","@id":"https:\/\/grupotorivac.com\/product\/resistencias-de-puesta-a-tierra\/#primaryimage","url":"https:\/\/grupotorivac.com\/wp-content\/uploads\/2022\/06\/puesta-a-tierra.jpg","contentUrl":"https:\/\/grupotorivac.com\/wp-content\/uploads\/2022\/06\/puesta-a-tierra.jpg","width":200,"height":200},{"@type":"BreadcrumbList","@id":"https:\/\/grupotorivac.com\/product\/resistencias-de-puesta-a-tierra\/#breadcrumb","itemListElement":[{"@type":"ListItem","position":1,"name":"Portada","item":"https:\/\/grupotorivac.com\/fr\/"},{"@type":"ListItem","position":2,"name":"Products","item":"https:\/\/grupotorivac.com\/en\/shop\/"},{"@type":"ListItem","position":3,"name":"R\u00e9sistances de mise \u00e0 la terre"}]},{"@type":"WebSite","@id":"https:\/\/grupotorivac.com\/#website","url":"https:\/\/grupotorivac.com\/","name":"Torivac","description":"Especializados en dise\u00f1o y fabricaci\u00f3n de variados de tensi\u00f3n","publisher":{"@id":"https:\/\/grupotorivac.com\/#organization"},"alternateName":"Torivac S.L","potentialAction":[{"@type":"SearchAction","target":{"@type":"EntryPoint","urlTemplate":"https:\/\/grupotorivac.com\/?s={search_term_string}"},"query-input":{"@type":"PropertyValueSpecification","valueRequired":true,"valueName":"search_term_string"}}],"inLanguage":"fr-FR"},{"@type":"Organization","@id":"https:\/\/grupotorivac.com\/#organization","name":"Torivac","alternateName":"Torivac S.L","url":"https:\/\/grupotorivac.com\/","logo":{"@type":"ImageObject","inLanguage":"fr-FR","@id":"https:\/\/grupotorivac.com\/#\/schema\/logo\/image\/","url":"https:\/\/grupotorivac.com\/wp-content\/uploads\/2025\/02\/Diseno-sin-titulo-73.png","contentUrl":"https:\/\/grupotorivac.com\/wp-content\/uploads\/2025\/02\/Diseno-sin-titulo-73.png","width":250,"height":250,"caption":"Torivac"},"image":{"@id":"https:\/\/grupotorivac.com\/#\/schema\/logo\/image\/"}}]}},"_links":{"self":[{"href":"https:\/\/grupotorivac.com\/fr\/wp-json\/wp\/v2\/product\/15914","targetHints":{"allow":["GET"]}}],"collection":[{"href":"https:\/\/grupotorivac.com\/fr\/wp-json\/wp\/v2\/product"}],"about":[{"href":"https:\/\/grupotorivac.com\/fr\/wp-json\/wp\/v2\/types\/product"}],"wp:featuredmedia":[{"embeddable":true,"href":"https:\/\/grupotorivac.com\/fr\/wp-json\/wp\/v2\/media\/3805"}],"wp:attachment":[{"href":"https:\/\/grupotorivac.com\/fr\/wp-json\/wp\/v2\/media?parent=15914"}],"wp:term":[{"taxonomy":"product_brand","embeddable":true,"href":"https:\/\/grupotorivac.com\/fr\/wp-json\/wp\/v2\/product_brand?post=15914"},{"taxonomy":"product_cat","embeddable":true,"href":"https:\/\/grupotorivac.com\/fr\/wp-json\/wp\/v2\/product_cat?post=15914"},{"taxonomy":"product_tag","embeddable":true,"href":"https:\/\/grupotorivac.com\/fr\/wp-json\/wp\/v2\/product_tag?post=15914"}],"curies":[{"name":"wp","href":"https:\/\/api.w.org\/{rel}","templated":true}]}}