{"id":15911,"date":"2022-06-06T12:50:24","date_gmt":"2022-06-06T12:50:24","guid":{"rendered":"https:\/\/grupotorivac.com\/product\/fuente-de-alimentacion-de-corriente-constante-150a\/"},"modified":"2022-06-06T12:50:24","modified_gmt":"2022-06-06T12:50:24","slug":"fuente-de-alimentacion-de-corriente-constante-150a","status":"publish","type":"product","link":"https:\/\/grupotorivac.com\/fr\/product\/fuente-de-alimentacion-de-corriente-constante-150a\/","title":{"rendered":"Alimentations 150A"},"content":{"rendered":"<p class=\"p1\"><b>Alimentation \u00e9lectrique 150A<\/b><\/p>\n<p>Les alimentations 150A de Torivac sont des dispositifs con\u00e7us pour fournir une alimentation \u00e9lectrique stable et continue aux \u00e9quipements et syst\u00e8mes n\u00e9cessitant des courants allant jusqu&rsquo;\u00e0 150 amp\u00e8res. Leur fonction principale est de convertir le courant alternatif (AC) du secteur en courant continu (DC) r\u00e9gul\u00e9, assurant ainsi une alimentation fiable et s\u00fbre pour les applications industrielles. <\/p>\n<p class=\"p1\"><b>Quelle est la fonction de base du convertisseur de fr\u00e9quence ?<\/b><\/p>\n<p>Ils sont essentiels dans les applications de laboratoire o\u00f9 la stabilit\u00e9 de l&rsquo;alimentation est cruciale, dans les syst\u00e8mes de contr\u00f4le industriel et dans les \u00e9quipements \u00e9lectroniques avanc\u00e9s. Ils se caract\u00e9risent par un rendement \u00e9nerg\u00e9tique \u00e9lev\u00e9, une protection contre les surcharges et une conception compacte qui facilite leur int\u00e9gration dans diff\u00e9rentes configurations industrielles. Leur mise en \u0153uvre garantit des performances plus s\u00fbres et plus efficaces dans tout environnement exigeant en mati\u00e8re d&rsquo;\u00e9nergie.  <\/p>\n<p class=\"p1\"><b>\u00c0 quoi servent les alimentations \u00e0 courant constant ?<\/b><\/p>\n<p>Ils sont essentiels dans les applications de laboratoire o\u00f9 la stabilit\u00e9 de l&rsquo;alimentation est cruciale, dans les syst\u00e8mes de contr\u00f4le industriel et dans les \u00e9quipements \u00e9lectroniques avanc\u00e9s. Ils se caract\u00e9risent par un rendement \u00e9nerg\u00e9tique \u00e9lev\u00e9, une protection contre les surcharges et une conception compacte qui facilite leur int\u00e9gration dans diff\u00e9rentes configurations industrielles. Leur mise en \u0153uvre garantit des performances plus s\u00fbres et plus efficaces dans tout environnement exigeant en mati\u00e8re d&rsquo;\u00e9nergie.  <\/p>\n<p class=\"p1\"><b>Torivac est une entreprise sp\u00e9cialis\u00e9e dans la conception et la fabrication de transformateurs toro\u00efdaux et de variateurs de tension.<\/b><\/p>\n<p>Nous avons pr\u00e8s de 60 ans d&rsquo;exp\u00e9rience dans le secteur, ce qui nous a permis d&rsquo;\u00eatre pr\u00e9sents dans plus de 30 pays.<br \/>\nNous disposons d&rsquo;une \u00e9quipe technique qui garantit la fabrication de dispositifs de haute pr\u00e9cision et efficaces. Notre m\u00e9thodologie de travail nous permet d&rsquo;effectuer des simulations avanc\u00e9es \u00e0 chaque \u00e9tape de chaque projet, garantissant que chaque composant, des variateurs de tension toro\u00efdaux aux transformateurs de r\u00e9gulation, en passant par les d\u00e9chargeurs de batterie, les potentiom\u00e8tres et les noyaux toro\u00efdaux, r\u00e9pond aux normes les plus strictes du secteur.<br \/>\nNous travaillons en \u00e9troite collaboration avec des entreprises disposant d&rsquo;une grande infrastructure, afin de garantir des solutions personnalis\u00e9es et efficaces. Nous visons \u00e0 r\u00e9pondre aux demandes d&rsquo;industries telles que la technologie, l&rsquo;\u00e9nergie et l&rsquo;automobile. Notre objectif est de continuer \u00e0 innover, de renforcer les alliances strat\u00e9giques et d&rsquo;\u00e9tendre notre port\u00e9e mondiale, en maintenant toujours le label de qualit\u00e9 et d&rsquo;excellence qui nous caract\u00e9rise depuis nos d\u00e9buts.   <\/p>\n","protected":false},"excerpt":{"rendered":"<p>Alimentations \u00e0 d\u00e9coupage \u00e0 courant constant de toutes tailles<\/p>\n<p><strong>CARACT\u00c9RISTIQUES G\u00c9N\u00c9RALES<\/strong><\/p>\n<ul>\n<li>Entr\u00e9e courant alternatif monophas\u00e9 <strong>230V 50Hz<\/strong><\/li>\n<li>Sortie DC<strong> 0 \u00e0 30V<\/strong><\/li>\n<li>Courant de sortie maximal <strong>100A<\/strong><\/li>\n<li>Programmation de la tension et de l&rsquo;intensit\u00e9 maximales de sortie par boutons-poussoirs, contr\u00f4le par microprocesseur.<\/li>\n<li>Affichage alphanum\u00e9rique indiquant la tension et le courant.<\/li>\n<li>M\u00e9moire non volatile des valeurs configur\u00e9es.<\/li>\n<li>Redresseur d&rsquo;entr\u00e9e contr\u00f4l\u00e9, avec limitation du courant d&rsquo;enclenchement<\/li>\n<li>Onduleur avec <strong>transistors IGBT<\/strong>, commutation avec modulation de largeur d&rsquo;impulsion \u00e0 40kHz.<\/li>\n<li>Redresseur \u00e0 haut rendement \u00e9quip\u00e9 de diodes schottky.<\/li>\n<li>S\u00e9paration du transformateur et du filtre de sortie, assurant une isolation galvanique<\/li>\n<li>Protection \u00e9lectronique contre les courts-circuits et les surcharges.<\/li>\n<li>Ensemble complet mont\u00e9 dans une bo\u00eete m\u00e9tallique pour une utilisation sur table en laboratoire.<\/li>\n<li>En option : <strong>t\u00e9l\u00e9commande RS-232<\/strong>.<\/li>\n<\/ul>\n","protected":false},"featured_media":3917,"template":"","meta":{"_acf_changed":false},"product_brand":[],"product_cat":[498,489],"product_tag":[],"class_list":{"0":"post-15911","1":"product","2":"type-product","3":"status-publish","4":"has-post-thumbnail","6":"product_cat-alimentations-en-courant-continu","7":"product_cat-equipements-electroniques","9":"first","10":"instock","11":"product-type-simple"},"acf":[],"yoast_head":"<!-- This site is optimized with the Yoast SEO plugin v27.2 - https:\/\/yoast.com\/product\/yoast-seo-wordpress\/ -->\n<title>Alimentations 150A - Torivac<\/title>\n<meta name=\"description\" content=\"Les alimentations 150A d\u00e9livrent un niveau de courant fixe, quelles que soient les variations de la charge ou de la tension d&#039;entr\u00e9e.\" \/>\n<meta name=\"robots\" content=\"index, follow, max-snippet:-1, max-image-preview:large, max-video-preview:-1\" \/>\n<link rel=\"canonical\" href=\"https:\/\/grupotorivac.com\/fr\/product\/fuente-de-alimentacion-de-corriente-constante-150a\/\" \/>\n<meta property=\"og:locale\" content=\"fr_FR\" \/>\n<meta property=\"og:type\" content=\"article\" \/>\n<meta property=\"og:title\" content=\"Alimentations 150A - Torivac\" \/>\n<meta property=\"og:description\" content=\"Les alimentations 150A d\u00e9livrent un niveau de courant fixe, quelles que soient les variations de la charge ou de la tension d&#039;entr\u00e9e.\" \/>\n<meta property=\"og:url\" content=\"https:\/\/grupotorivac.com\/fr\/product\/fuente-de-alimentacion-de-corriente-constante-150a\/\" \/>\n<meta property=\"og:site_name\" content=\"Torivac\" \/>\n<meta property=\"og:image\" content=\"https:\/\/grupotorivac.com\/wp-content\/uploads\/2022\/06\/fuentes_alimentacion_cc-1.jpg\" \/>\n\t<meta property=\"og:image:width\" content=\"900\" \/>\n\t<meta property=\"og:image:height\" content=\"900\" \/>\n\t<meta property=\"og:image:type\" content=\"image\/jpeg\" \/>\n<meta name=\"twitter:card\" content=\"summary_large_image\" \/>\n<meta name=\"twitter:label1\" content=\"Dur\u00e9e de lecture estim\u00e9e\" \/>\n\t<meta name=\"twitter:data1\" content=\"2 minutes\" \/>\n<script type=\"application\/ld+json\" class=\"yoast-schema-graph\">{\"@context\":\"https:\/\/schema.org\",\"@graph\":[{\"@type\":\"WebPage\",\"@id\":\"https:\/\/grupotorivac.com\/fr\/product\/fuente-de-alimentacion-de-corriente-constante-150a\/\",\"url\":\"https:\/\/grupotorivac.com\/fr\/product\/fuente-de-alimentacion-de-corriente-constante-150a\/\",\"name\":\"Alimentations 150A - Torivac\",\"isPartOf\":{\"@id\":\"https:\/\/grupotorivac.com\/#website\"},\"primaryImageOfPage\":{\"@id\":\"https:\/\/grupotorivac.com\/fr\/product\/fuente-de-alimentacion-de-corriente-constante-150a\/#primaryimage\"},\"image\":{\"@id\":\"https:\/\/grupotorivac.com\/fr\/product\/fuente-de-alimentacion-de-corriente-constante-150a\/#primaryimage\"},\"thumbnailUrl\":\"https:\/\/grupotorivac.com\/wp-content\/uploads\/2022\/06\/fuentes_alimentacion_cc-1.jpg\",\"datePublished\":\"2022-06-06T12:50:24+00:00\",\"description\":\"Les alimentations 150A d\u00e9livrent un niveau de courant fixe, quelles que soient les variations de la charge ou de la tension d'entr\u00e9e.\",\"breadcrumb\":{\"@id\":\"https:\/\/grupotorivac.com\/fr\/product\/fuente-de-alimentacion-de-corriente-constante-150a\/#breadcrumb\"},\"inLanguage\":\"fr-FR\",\"potentialAction\":[{\"@type\":\"ReadAction\",\"target\":[\"https:\/\/grupotorivac.com\/fr\/product\/fuente-de-alimentacion-de-corriente-constante-150a\/\"]}]},{\"@type\":\"ImageObject\",\"inLanguage\":\"fr-FR\",\"@id\":\"https:\/\/grupotorivac.com\/fr\/product\/fuente-de-alimentacion-de-corriente-constante-150a\/#primaryimage\",\"url\":\"https:\/\/grupotorivac.com\/wp-content\/uploads\/2022\/06\/fuentes_alimentacion_cc-1.jpg\",\"contentUrl\":\"https:\/\/grupotorivac.com\/wp-content\/uploads\/2022\/06\/fuentes_alimentacion_cc-1.jpg\",\"width\":900,\"height\":900,\"caption\":\"Alimentations de 150A, sp\u00e9cialement con\u00e7ues pour assurer la stabilit\u00e9 de la distribution d'\u00e9nergie des \u00e9quipements \u00e9lectroniques de pointe.\"},{\"@type\":\"BreadcrumbList\",\"@id\":\"https:\/\/grupotorivac.com\/fr\/product\/fuente-de-alimentacion-de-corriente-constante-150a\/#breadcrumb\",\"itemListElement\":[{\"@type\":\"ListItem\",\"position\":1,\"name\":\"Portada\",\"item\":\"https:\/\/grupotorivac.com\/fr\/\"},{\"@type\":\"ListItem\",\"position\":2,\"name\":\"Products\",\"item\":\"https:\/\/grupotorivac.com\/en\/shop\/\"},{\"@type\":\"ListItem\",\"position\":3,\"name\":\"Alimentations 150A\"}]},{\"@type\":\"WebSite\",\"@id\":\"https:\/\/grupotorivac.com\/#website\",\"url\":\"https:\/\/grupotorivac.com\/\",\"name\":\"Torivac\",\"description\":\"Especializados en dise\u00f1o y fabricaci\u00f3n de variados de tensi\u00f3n\",\"publisher\":{\"@id\":\"https:\/\/grupotorivac.com\/#organization\"},\"alternateName\":\"Torivac S.L\",\"potentialAction\":[{\"@type\":\"SearchAction\",\"target\":{\"@type\":\"EntryPoint\",\"urlTemplate\":\"https:\/\/grupotorivac.com\/?s={search_term_string}\"},\"query-input\":{\"@type\":\"PropertyValueSpecification\",\"valueRequired\":true,\"valueName\":\"search_term_string\"}}],\"inLanguage\":\"fr-FR\"},{\"@type\":\"Organization\",\"@id\":\"https:\/\/grupotorivac.com\/#organization\",\"name\":\"Torivac\",\"alternateName\":\"Torivac S.L\",\"url\":\"https:\/\/grupotorivac.com\/\",\"logo\":{\"@type\":\"ImageObject\",\"inLanguage\":\"fr-FR\",\"@id\":\"https:\/\/grupotorivac.com\/#\/schema\/logo\/image\/\",\"url\":\"https:\/\/grupotorivac.com\/wp-content\/uploads\/2025\/02\/Diseno-sin-titulo-73.png\",\"contentUrl\":\"https:\/\/grupotorivac.com\/wp-content\/uploads\/2025\/02\/Diseno-sin-titulo-73.png\",\"width\":250,\"height\":250,\"caption\":\"Torivac\"},\"image\":{\"@id\":\"https:\/\/grupotorivac.com\/#\/schema\/logo\/image\/\"}}]}<\/script>\n<!-- \/ Yoast SEO plugin. -->","yoast_head_json":{"title":"Alimentations 150A - Torivac","description":"Les alimentations 150A d\u00e9livrent un niveau de courant fixe, quelles que soient les variations de la charge ou de la tension d'entr\u00e9e.","robots":{"index":"index","follow":"follow","max-snippet":"max-snippet:-1","max-image-preview":"max-image-preview:large","max-video-preview":"max-video-preview:-1"},"canonical":"https:\/\/grupotorivac.com\/fr\/product\/fuente-de-alimentacion-de-corriente-constante-150a\/","og_locale":"fr_FR","og_type":"article","og_title":"Alimentations 150A - Torivac","og_description":"Les alimentations 150A d\u00e9livrent un niveau de courant fixe, quelles que soient les variations de la charge ou de la tension d'entr\u00e9e.","og_url":"https:\/\/grupotorivac.com\/fr\/product\/fuente-de-alimentacion-de-corriente-constante-150a\/","og_site_name":"Torivac","og_image":[{"width":900,"height":900,"url":"https:\/\/grupotorivac.com\/wp-content\/uploads\/2022\/06\/fuentes_alimentacion_cc-1.jpg","type":"image\/jpeg"}],"twitter_card":"summary_large_image","twitter_misc":{"Dur\u00e9e de lecture estim\u00e9e":"2 minutes"},"schema":{"@context":"https:\/\/schema.org","@graph":[{"@type":"WebPage","@id":"https:\/\/grupotorivac.com\/fr\/product\/fuente-de-alimentacion-de-corriente-constante-150a\/","url":"https:\/\/grupotorivac.com\/fr\/product\/fuente-de-alimentacion-de-corriente-constante-150a\/","name":"Alimentations 150A - Torivac","isPartOf":{"@id":"https:\/\/grupotorivac.com\/#website"},"primaryImageOfPage":{"@id":"https:\/\/grupotorivac.com\/fr\/product\/fuente-de-alimentacion-de-corriente-constante-150a\/#primaryimage"},"image":{"@id":"https:\/\/grupotorivac.com\/fr\/product\/fuente-de-alimentacion-de-corriente-constante-150a\/#primaryimage"},"thumbnailUrl":"https:\/\/grupotorivac.com\/wp-content\/uploads\/2022\/06\/fuentes_alimentacion_cc-1.jpg","datePublished":"2022-06-06T12:50:24+00:00","description":"Les alimentations 150A d\u00e9livrent un niveau de courant fixe, quelles que soient les variations de la charge ou de la tension d'entr\u00e9e.","breadcrumb":{"@id":"https:\/\/grupotorivac.com\/fr\/product\/fuente-de-alimentacion-de-corriente-constante-150a\/#breadcrumb"},"inLanguage":"fr-FR","potentialAction":[{"@type":"ReadAction","target":["https:\/\/grupotorivac.com\/fr\/product\/fuente-de-alimentacion-de-corriente-constante-150a\/"]}]},{"@type":"ImageObject","inLanguage":"fr-FR","@id":"https:\/\/grupotorivac.com\/fr\/product\/fuente-de-alimentacion-de-corriente-constante-150a\/#primaryimage","url":"https:\/\/grupotorivac.com\/wp-content\/uploads\/2022\/06\/fuentes_alimentacion_cc-1.jpg","contentUrl":"https:\/\/grupotorivac.com\/wp-content\/uploads\/2022\/06\/fuentes_alimentacion_cc-1.jpg","width":900,"height":900,"caption":"Alimentations de 150A, sp\u00e9cialement con\u00e7ues pour assurer la stabilit\u00e9 de la distribution d'\u00e9nergie des \u00e9quipements \u00e9lectroniques de pointe."},{"@type":"BreadcrumbList","@id":"https:\/\/grupotorivac.com\/fr\/product\/fuente-de-alimentacion-de-corriente-constante-150a\/#breadcrumb","itemListElement":[{"@type":"ListItem","position":1,"name":"Portada","item":"https:\/\/grupotorivac.com\/fr\/"},{"@type":"ListItem","position":2,"name":"Products","item":"https:\/\/grupotorivac.com\/en\/shop\/"},{"@type":"ListItem","position":3,"name":"Alimentations 150A"}]},{"@type":"WebSite","@id":"https:\/\/grupotorivac.com\/#website","url":"https:\/\/grupotorivac.com\/","name":"Torivac","description":"Especializados en dise\u00f1o y fabricaci\u00f3n de variados de tensi\u00f3n","publisher":{"@id":"https:\/\/grupotorivac.com\/#organization"},"alternateName":"Torivac S.L","potentialAction":[{"@type":"SearchAction","target":{"@type":"EntryPoint","urlTemplate":"https:\/\/grupotorivac.com\/?s={search_term_string}"},"query-input":{"@type":"PropertyValueSpecification","valueRequired":true,"valueName":"search_term_string"}}],"inLanguage":"fr-FR"},{"@type":"Organization","@id":"https:\/\/grupotorivac.com\/#organization","name":"Torivac","alternateName":"Torivac S.L","url":"https:\/\/grupotorivac.com\/","logo":{"@type":"ImageObject","inLanguage":"fr-FR","@id":"https:\/\/grupotorivac.com\/#\/schema\/logo\/image\/","url":"https:\/\/grupotorivac.com\/wp-content\/uploads\/2025\/02\/Diseno-sin-titulo-73.png","contentUrl":"https:\/\/grupotorivac.com\/wp-content\/uploads\/2025\/02\/Diseno-sin-titulo-73.png","width":250,"height":250,"caption":"Torivac"},"image":{"@id":"https:\/\/grupotorivac.com\/#\/schema\/logo\/image\/"}}]}},"_links":{"self":[{"href":"https:\/\/grupotorivac.com\/fr\/wp-json\/wp\/v2\/product\/15911","targetHints":{"allow":["GET"]}}],"collection":[{"href":"https:\/\/grupotorivac.com\/fr\/wp-json\/wp\/v2\/product"}],"about":[{"href":"https:\/\/grupotorivac.com\/fr\/wp-json\/wp\/v2\/types\/product"}],"wp:featuredmedia":[{"embeddable":true,"href":"https:\/\/grupotorivac.com\/fr\/wp-json\/wp\/v2\/media\/3917"}],"wp:attachment":[{"href":"https:\/\/grupotorivac.com\/fr\/wp-json\/wp\/v2\/media?parent=15911"}],"wp:term":[{"taxonomy":"product_brand","embeddable":true,"href":"https:\/\/grupotorivac.com\/fr\/wp-json\/wp\/v2\/product_brand?post=15911"},{"taxonomy":"product_cat","embeddable":true,"href":"https:\/\/grupotorivac.com\/fr\/wp-json\/wp\/v2\/product_cat?post=15911"},{"taxonomy":"product_tag","embeddable":true,"href":"https:\/\/grupotorivac.com\/fr\/wp-json\/wp\/v2\/product_tag?post=15911"}],"curies":[{"name":"wp","href":"https:\/\/api.w.org\/{rel}","templated":true}]}}