{"id":15909,"date":"2022-06-06T12:49:11","date_gmt":"2022-06-06T12:49:11","guid":{"rendered":"https:\/\/grupotorivac.com\/product\/transformador-trifasico-2\/"},"modified":"2022-06-06T12:49:11","modified_gmt":"2022-06-06T12:49:11","slug":"transformador-trifasico-2","status":"publish","type":"product","link":"https:\/\/grupotorivac.com\/fr\/product\/transformador-trifasico-2\/","title":{"rendered":"Transformateur triphas\u00e9"},"content":{"rendered":"<p><b>Pourquoi le choix du bon transformateur triphas\u00e9 est-il essentiel ?<\/b><\/p>\n<p>Dans le paysage industriel europ\u00e9en, en particulier dans des pays comme l&#8217;Espagne, l&#8217;Allemagne et l&#8217;Italie, le r\u00f4le du transformateur triphas\u00e9 est essentiel pour l&#8217;infrastructure \u00e9lectrique et l&#8217;efficacit\u00e9 \u00e9nerg\u00e9tique. Ce composant est fondamental pour la distribution efficace de l&#8217;\u00e9nergie dans les syst\u00e8mes triphas\u00e9s, qui sont largement utilis\u00e9s dans les environnements d&#8217;automatisation, les processus industriels et les r\u00e9seaux logistiques. Sa mise en \u0153uvre correcte garantit non seulement la s\u00e9curit\u00e9 et la stabilit\u00e9 op\u00e9rationnelle, mais contribue \u00e9galement \u00e0 r\u00e9pondre aux exigences r\u00e9glementaires croissantes en mati\u00e8re d&#8217;efficacit\u00e9 \u00e9nerg\u00e9tique. Pour les fabricants et les distributeurs d&#8217;\u00e9quipements \u00e0 moyenne et haute tension, un transformateur triphas\u00e9 n&#8217;est pas un simple produit : il repr\u00e9sente un investissement strat\u00e9gique \u00e0 fort impact.   <\/p>\n<p>La demande dans des secteurs tels que la mobilit\u00e9 \u00e9lectrique, les \u00e9nergies renouvelables et l&#8217;IA a transform\u00e9 ce march\u00e9 en un domaine technique hautement sp\u00e9cialis\u00e9. Les attentes en termes de qualit\u00e9, de performance et de conformit\u00e9 r\u00e9glementaire sont plus \u00e9lev\u00e9es que jamais. Dans ce contexte, choisir le bon transformateur triphas\u00e9 est une n\u00e9cessit\u00e9 op\u00e9rationnelle qui a un impact direct sur l&#8217;avantage concurrentiel. Opter pour un \u00e9quipement de qualit\u00e9 m\u00e9diocre ou non conforme comporte des risques tels qu&#8217;une d\u00e9faillance op\u00e9rationnelle, une surchauffe ou m\u00eame des sanctions l\u00e9gales pour non-conformit\u00e9. Un choix judicieux n&#8217;est donc plus une option, mais une obligation pour tout acteur s\u00e9rieux du secteur de l&#8217;\u00e9lectricit\u00e9.    <\/p>\n<p><b>Pr\u00e9occupation concernant la production europ\u00e9enne limit\u00e9e de transformateurs triphas\u00e9s.<\/b><\/p>\n<p>L&#8217;offre europ\u00e9enne de transformateurs \u00e9lectriques, en particulier pour les applications industrielles de moyenne tension, est confront\u00e9e \u00e0 des d\u00e9fis importants. L&#8217;un des probl\u00e8mes les plus importants est le manque de fabricants europ\u00e9ens fiables ayant prouv\u00e9 leur capacit\u00e9 \u00e0 d\u00e9velopper des \u00e9quipements sp\u00e9cialis\u00e9s tels que le transformateur triphas\u00e9. Cette p\u00e9nurie a entra\u00een\u00e9 un recours accru aux produits import\u00e9s, en particulier d&#8217;Asie, ce qui a renforc\u00e9 les doutes quant \u00e0 la qualit\u00e9, la durabilit\u00e9 et la tra\u00e7abilit\u00e9 de ces dispositifs. Si certains fabricants chinois proposent des prix attractifs, leurs produits ne sont souvent pas conformes \u00e0 des normes telles que la norme IEC 60076 ou aux exigences d&#8217;EcoDesign, ce qui compromet la s\u00e9curit\u00e9 et la fiabilit\u00e9 \u00e0 long terme.   <\/p>\n<p>Dans l&#8217;environnement r\u00e9glementaire europ\u00e9en, des aspects tels que la compatibilit\u00e9 \u00e9lectromagn\u00e9tique, les tol\u00e9rances m\u00e9caniques et le comportement thermique ne sont pas n\u00e9gociables. Un transformateur qui ne r\u00e9pond pas \u00e0 ces param\u00e8tres peut entra\u00eener des \u00e9checs d&#8217;installation, des probl\u00e8mes juridiques et une perte importante de confiance commerciale. Seuls quelques fabricants en Europe disposent de l&#8217;expertise n\u00e9cessaire pour proposer des solutions alliant pr\u00e9cision, efficacit\u00e9 \u00e9nerg\u00e9tique et r\u00e9sistance m\u00e9canique, des qualit\u00e9s qui ne peuvent \u00eatre garanties par les fournisseurs \u00e0 bas prix.  <\/p>\n<p>En outre, le service apr\u00e8s-vente offert par ces fournisseurs n&#8217;a souvent pas le niveau technique requis pour les op\u00e9rations critiques, en particulier dans les projets de renouvellement ou de remplacement des infrastructures. Des secteurs tels que le traitement de l&#8217;eau, la sid\u00e9rurgie ou la conversion des \u00e9nergies renouvelables exigent une fiabilit\u00e9 \u00e0 toute \u00e9preuve. <\/p>\n<p><b>Le transformateur triphas\u00e9 est une pi\u00e8ce ma\u00eetresse technique pour les fabricants sp\u00e9cialis\u00e9s.<\/b><\/p>\n<p>Parmi les quelques entreprises europ\u00e9ennes sp\u00e9cialis\u00e9es dans la conception et la fabrication de transformateurs de haute technicit\u00e9, Torivac fait figure de r\u00e9f\u00e9rence technique. Sp\u00e9cialis\u00e9e dans les solutions personnalis\u00e9es et la fabrication ax\u00e9e sur l&#8217;efficacit\u00e9, l&#8217;entreprise fournit des transformateurs triphas\u00e9s capables de d\u00e9passer les normes industrielles dans des domaines tels que la perte d&#8217;\u00e9nergie, la r\u00e9sistance thermique et la facilit\u00e9 d&#8217;installation. Chaque unit\u00e9 comprend des certifications de mat\u00e9riaux, des essais internes rigoureux et une tra\u00e7abilit\u00e9 conforme aux normes ISO 9001 et ISO 14001, ce qui garantit un contr\u00f4le total de la conception \u00e0 l&#8217;assemblage final.  <\/p>\n<p>Pour les entreprises actives dans l&#8217;automatisation, la transmission de charges \u00e9lev\u00e9es ou l&#8217;int\u00e9gration des \u00e9nergies renouvelables, le choix d&#8217;un transformateur triphas\u00e9 de Torivac est synonyme de compatibilit\u00e9 avec des technologies telles que le filtrage des harmoniques, l&#8217;int\u00e9gration SCADA et les syst\u00e8mes hybrides. Chaque appareil est adapt\u00e9 aux param\u00e8tres sp\u00e9cifiques du client, tels que le profil de charge, les conditions environnementales ou la configuration du r\u00e9seau. Gr\u00e2ce \u00e0 cette approche d&#8217;ing\u00e9nierie, Torivac r\u00e9duit consid\u00e9rablement les temps de mise en service et am\u00e9liore les indicateurs de qualit\u00e9 de l&#8217;\u00e9nergie tels que le facteur de puissance ou le THDi.  <\/p>\n<p>Ce qui distingue Torivac, ce n&#8217;est pas seulement son niveau technique, mais aussi son engagement global en tant que partenaire \u00e0 part enti\u00e8re. Du conseil avant l&#8217;installation \u00e0 l&#8217;assistance technique apr\u00e8s l&#8217;installation, son mod\u00e8le d&#8217;accompagnement r\u00e9duit les risques op\u00e9rationnels et garantit la r\u00e9ussite du projet, ce qui est particuli\u00e8rement pr\u00e9cieux pour les \u00e9quipementiers et les entrepreneurs EPC. Qu&#8217;il s&#8217;agisse d&#8217;une nouvelle installation ou d&#8217;une modernisation, la confiance en Torivac garantit la stabilit\u00e9, la performance et la conformit\u00e9 technique \u00e0 long terme.  <\/p>\n<p><b>S&#8217;aligner sur l&#8217;expertise technique de Torivac fait la diff\u00e9rence en Europe et dans le reste du monde.<\/b><\/p>\n<p>  Sur un march\u00e9 o\u00f9 la fiabilit\u00e9 et la conformit\u00e9 ne sont pas n\u00e9gociables, travailler avec un fabricant ax\u00e9 sur l&#8217;ing\u00e9nierie n&#8217;est pas seulement la chose la plus s\u00fbre \u00e0 faire, c&#8217;est aussi la chose la plus intelligente \u00e0 faire. Alors que l&#8217;Europe se dirige vers la num\u00e9risation, l&#8217;\u00e9lectrification et la d\u00e9carbonisation, la demande de transformateurs efficaces et adaptables continuera de cro\u00eetre en complexit\u00e9. <\/p>\n<p>Les entreprises qui choisissent des fabricants comme Torivac n&#8217;ont pas seulement acc\u00e8s \u00e0 des transformateurs de haute performance, mais aussi \u00e0 la tranquillit\u00e9 d&#8217;esprit que procurent des solutions certifi\u00e9es, fabriqu\u00e9es localement et con\u00e7ues pour des environnements exigeants. La capacit\u00e9 d&#8217;int\u00e9grer des syst\u00e8mes de refroidissement avanc\u00e9s ou de r\u00e9pondre \u00e0 des configurations de tension complexes ne peut \u00eatre confi\u00e9e \u00e0 des fournisseurs g\u00e9n\u00e9ralistes. S&#8217;appuyer sur un sp\u00e9cialiste technique, c&#8217;est s&#8217;assurer que chaque investissement dans l&#8217;infrastructure \u00e9lectrique apporte une valeur r\u00e9elle et durable.  <\/p>\n<p>L&#8217;avenir de l&#8217;industrie \u00e9lectrique exige plus que de l&#8217;innovation : il requiert des partenaires fiables. Torivac d\u00e9montre que l&#8217;excellence technique, la conformit\u00e9 r\u00e9glementaire et l&#8217;adaptabilit\u00e9 ne sont pas des attributs n\u00e9gociables, mais des conditions minimales de succ\u00e8s. Un transformateur triphas\u00e9 de conception europ\u00e9enne n&#8217;est pas seulement une solution \u00e9lectrique, c&#8217;est une garantie de stabilit\u00e9, de continuit\u00e9 et de performance r\u00e9elle sur un march\u00e9 qui ne tol\u00e8re pas l&#8217;erreur.  <\/p>\n","protected":false},"excerpt":{"rendered":"<p>Con\u00e7us avec des noyaux de la meilleure qualit\u00e9 et selon les besoins de chaque client.<br \/>\nimpr\u00e9gn\u00e9s de vernis de classe F et s\u00e9ch\u00e9s au four, conformes aux normes internationales de s\u00e9curit\u00e9 et de qualit\u00e9 (EN 61558, VDE 0570, VDE 0550-0551, UL-506, CSA C22.2, CEE 15, SEMKO 115), ce qui garantit des performances optimales face aux changements de temp\u00e9rature, \u00e0 l&#8217;humidit\u00e9 et aux environnements agressifs.<\/p>\n","protected":false},"featured_media":3893,"template":"","meta":{"_acf_changed":false},"product_brand":[],"product_cat":[526,466],"product_tag":[],"class_list":{"0":"post-15909","1":"product","2":"type-product","3":"status-publish","4":"has-post-thumbnail","6":"product_cat-tct","7":"product_cat-transformateur-conventionnel","9":"first","10":"instock","11":"product-type-simple"},"acf":[],"yoast_head":"<!-- This site is optimized with the Yoast SEO plugin v27.2 - https:\/\/yoast.com\/product\/yoast-seo-wordpress\/ -->\n<title>Transformateur triphas\u00e9 : performance, fiabilit\u00e9 et qualit\u00e9 industrielle<\/title>\n<meta name=\"description\" content=\"Le transformateur triphas\u00e9 est une pi\u00e8ce ma\u00eetresse technique pour les fabricants sp\u00e9cialis\u00e9s du monde entier et Torivac en est conscient.\" \/>\n<meta name=\"robots\" content=\"index, follow, max-snippet:-1, max-image-preview:large, max-video-preview:-1\" \/>\n<link rel=\"canonical\" href=\"https:\/\/grupotorivac.com\/product\/transformador-trifasico-2\/\" \/>\n<meta property=\"og:locale\" content=\"fr_FR\" \/>\n<meta property=\"og:type\" content=\"article\" \/>\n<meta property=\"og:title\" content=\"Transformateur triphas\u00e9 : performance, fiabilit\u00e9 et qualit\u00e9 industrielle\" \/>\n<meta property=\"og:description\" content=\"Le transformateur triphas\u00e9 est une pi\u00e8ce ma\u00eetresse technique pour les fabricants sp\u00e9cialis\u00e9s du monde entier et Torivac en est conscient.\" \/>\n<meta property=\"og:url\" content=\"https:\/\/grupotorivac.com\/product\/transformador-trifasico-2\/\" \/>\n<meta property=\"og:site_name\" content=\"Torivac\" \/>\n<meta property=\"og:image\" content=\"https:\/\/grupotorivac.com\/wp-content\/uploads\/2022\/06\/TCT1.png\" \/>\n\t<meta property=\"og:image:width\" content=\"300\" \/>\n\t<meta property=\"og:image:height\" content=\"300\" \/>\n\t<meta property=\"og:image:type\" content=\"image\/png\" \/>\n<meta name=\"twitter:card\" content=\"summary_large_image\" \/>\n<meta name=\"twitter:label1\" content=\"Dur\u00e9e de lecture estim\u00e9e\" \/>\n\t<meta name=\"twitter:data1\" content=\"6 minutes\" \/>\n<script type=\"application\/ld+json\" class=\"yoast-schema-graph\">{\"@context\":\"https:\/\/schema.org\",\"@graph\":[{\"@type\":\"WebPage\",\"@id\":\"https:\/\/grupotorivac.com\/product\/transformador-trifasico-2\/\",\"url\":\"https:\/\/grupotorivac.com\/product\/transformador-trifasico-2\/\",\"name\":\"Transformateur triphas\u00e9 : performance, fiabilit\u00e9 et qualit\u00e9 industrielle\",\"isPartOf\":{\"@id\":\"https:\/\/grupotorivac.com\/#website\"},\"primaryImageOfPage\":{\"@id\":\"https:\/\/grupotorivac.com\/product\/transformador-trifasico-2\/#primaryimage\"},\"image\":{\"@id\":\"https:\/\/grupotorivac.com\/product\/transformador-trifasico-2\/#primaryimage\"},\"thumbnailUrl\":\"https:\/\/grupotorivac.com\/wp-content\/uploads\/2022\/06\/TCT1.png\",\"datePublished\":\"2022-06-06T12:49:11+00:00\",\"description\":\"Le transformateur triphas\u00e9 est une pi\u00e8ce ma\u00eetresse technique pour les fabricants sp\u00e9cialis\u00e9s du monde entier et Torivac en est conscient.\",\"breadcrumb\":{\"@id\":\"https:\/\/grupotorivac.com\/product\/transformador-trifasico-2\/#breadcrumb\"},\"inLanguage\":\"fr-FR\",\"potentialAction\":[{\"@type\":\"ReadAction\",\"target\":[\"https:\/\/grupotorivac.com\/product\/transformador-trifasico-2\/\"]}]},{\"@type\":\"ImageObject\",\"inLanguage\":\"fr-FR\",\"@id\":\"https:\/\/grupotorivac.com\/product\/transformador-trifasico-2\/#primaryimage\",\"url\":\"https:\/\/grupotorivac.com\/wp-content\/uploads\/2022\/06\/TCT1.png\",\"contentUrl\":\"https:\/\/grupotorivac.com\/wp-content\/uploads\/2022\/06\/TCT1.png\",\"width\":300,\"height\":300},{\"@type\":\"BreadcrumbList\",\"@id\":\"https:\/\/grupotorivac.com\/product\/transformador-trifasico-2\/#breadcrumb\",\"itemListElement\":[{\"@type\":\"ListItem\",\"position\":1,\"name\":\"Portada\",\"item\":\"https:\/\/grupotorivac.com\/fr\/\"},{\"@type\":\"ListItem\",\"position\":2,\"name\":\"Products\",\"item\":\"https:\/\/grupotorivac.com\/en\/shop\/\"},{\"@type\":\"ListItem\",\"position\":3,\"name\":\"Transformateur triphas\u00e9\"}]},{\"@type\":\"WebSite\",\"@id\":\"https:\/\/grupotorivac.com\/#website\",\"url\":\"https:\/\/grupotorivac.com\/\",\"name\":\"Torivac\",\"description\":\"Especializados en dise\u00f1o y fabricaci\u00f3n de variados de tensi\u00f3n\",\"publisher\":{\"@id\":\"https:\/\/grupotorivac.com\/#organization\"},\"alternateName\":\"Torivac S.L\",\"potentialAction\":[{\"@type\":\"SearchAction\",\"target\":{\"@type\":\"EntryPoint\",\"urlTemplate\":\"https:\/\/grupotorivac.com\/?s={search_term_string}\"},\"query-input\":{\"@type\":\"PropertyValueSpecification\",\"valueRequired\":true,\"valueName\":\"search_term_string\"}}],\"inLanguage\":\"fr-FR\"},{\"@type\":\"Organization\",\"@id\":\"https:\/\/grupotorivac.com\/#organization\",\"name\":\"Torivac\",\"alternateName\":\"Torivac S.L\",\"url\":\"https:\/\/grupotorivac.com\/\",\"logo\":{\"@type\":\"ImageObject\",\"inLanguage\":\"fr-FR\",\"@id\":\"https:\/\/grupotorivac.com\/#\/schema\/logo\/image\/\",\"url\":\"https:\/\/grupotorivac.com\/wp-content\/uploads\/2025\/02\/Diseno-sin-titulo-73.png\",\"contentUrl\":\"https:\/\/grupotorivac.com\/wp-content\/uploads\/2025\/02\/Diseno-sin-titulo-73.png\",\"width\":250,\"height\":250,\"caption\":\"Torivac\"},\"image\":{\"@id\":\"https:\/\/grupotorivac.com\/#\/schema\/logo\/image\/\"}}]}<\/script>\n<!-- \/ Yoast SEO plugin. -->","yoast_head_json":{"title":"Transformateur triphas\u00e9 : performance, fiabilit\u00e9 et qualit\u00e9 industrielle","description":"Le transformateur triphas\u00e9 est une pi\u00e8ce ma\u00eetresse technique pour les fabricants sp\u00e9cialis\u00e9s du monde entier et Torivac en est conscient.","robots":{"index":"index","follow":"follow","max-snippet":"max-snippet:-1","max-image-preview":"max-image-preview:large","max-video-preview":"max-video-preview:-1"},"canonical":"https:\/\/grupotorivac.com\/product\/transformador-trifasico-2\/","og_locale":"fr_FR","og_type":"article","og_title":"Transformateur triphas\u00e9 : performance, fiabilit\u00e9 et qualit\u00e9 industrielle","og_description":"Le transformateur triphas\u00e9 est une pi\u00e8ce ma\u00eetresse technique pour les fabricants sp\u00e9cialis\u00e9s du monde entier et Torivac en est conscient.","og_url":"https:\/\/grupotorivac.com\/product\/transformador-trifasico-2\/","og_site_name":"Torivac","og_image":[{"width":300,"height":300,"url":"https:\/\/grupotorivac.com\/wp-content\/uploads\/2022\/06\/TCT1.png","type":"image\/png"}],"twitter_card":"summary_large_image","twitter_misc":{"Dur\u00e9e de lecture estim\u00e9e":"6 minutes"},"schema":{"@context":"https:\/\/schema.org","@graph":[{"@type":"WebPage","@id":"https:\/\/grupotorivac.com\/product\/transformador-trifasico-2\/","url":"https:\/\/grupotorivac.com\/product\/transformador-trifasico-2\/","name":"Transformateur triphas\u00e9 : performance, fiabilit\u00e9 et qualit\u00e9 industrielle","isPartOf":{"@id":"https:\/\/grupotorivac.com\/#website"},"primaryImageOfPage":{"@id":"https:\/\/grupotorivac.com\/product\/transformador-trifasico-2\/#primaryimage"},"image":{"@id":"https:\/\/grupotorivac.com\/product\/transformador-trifasico-2\/#primaryimage"},"thumbnailUrl":"https:\/\/grupotorivac.com\/wp-content\/uploads\/2022\/06\/TCT1.png","datePublished":"2022-06-06T12:49:11+00:00","description":"Le transformateur triphas\u00e9 est une pi\u00e8ce ma\u00eetresse technique pour les fabricants sp\u00e9cialis\u00e9s du monde entier et Torivac en est conscient.","breadcrumb":{"@id":"https:\/\/grupotorivac.com\/product\/transformador-trifasico-2\/#breadcrumb"},"inLanguage":"fr-FR","potentialAction":[{"@type":"ReadAction","target":["https:\/\/grupotorivac.com\/product\/transformador-trifasico-2\/"]}]},{"@type":"ImageObject","inLanguage":"fr-FR","@id":"https:\/\/grupotorivac.com\/product\/transformador-trifasico-2\/#primaryimage","url":"https:\/\/grupotorivac.com\/wp-content\/uploads\/2022\/06\/TCT1.png","contentUrl":"https:\/\/grupotorivac.com\/wp-content\/uploads\/2022\/06\/TCT1.png","width":300,"height":300},{"@type":"BreadcrumbList","@id":"https:\/\/grupotorivac.com\/product\/transformador-trifasico-2\/#breadcrumb","itemListElement":[{"@type":"ListItem","position":1,"name":"Portada","item":"https:\/\/grupotorivac.com\/fr\/"},{"@type":"ListItem","position":2,"name":"Products","item":"https:\/\/grupotorivac.com\/en\/shop\/"},{"@type":"ListItem","position":3,"name":"Transformateur triphas\u00e9"}]},{"@type":"WebSite","@id":"https:\/\/grupotorivac.com\/#website","url":"https:\/\/grupotorivac.com\/","name":"Torivac","description":"Especializados en dise\u00f1o y fabricaci\u00f3n de variados de tensi\u00f3n","publisher":{"@id":"https:\/\/grupotorivac.com\/#organization"},"alternateName":"Torivac S.L","potentialAction":[{"@type":"SearchAction","target":{"@type":"EntryPoint","urlTemplate":"https:\/\/grupotorivac.com\/?s={search_term_string}"},"query-input":{"@type":"PropertyValueSpecification","valueRequired":true,"valueName":"search_term_string"}}],"inLanguage":"fr-FR"},{"@type":"Organization","@id":"https:\/\/grupotorivac.com\/#organization","name":"Torivac","alternateName":"Torivac S.L","url":"https:\/\/grupotorivac.com\/","logo":{"@type":"ImageObject","inLanguage":"fr-FR","@id":"https:\/\/grupotorivac.com\/#\/schema\/logo\/image\/","url":"https:\/\/grupotorivac.com\/wp-content\/uploads\/2025\/02\/Diseno-sin-titulo-73.png","contentUrl":"https:\/\/grupotorivac.com\/wp-content\/uploads\/2025\/02\/Diseno-sin-titulo-73.png","width":250,"height":250,"caption":"Torivac"},"image":{"@id":"https:\/\/grupotorivac.com\/#\/schema\/logo\/image\/"}}]}},"_links":{"self":[{"href":"https:\/\/grupotorivac.com\/fr\/wp-json\/wp\/v2\/product\/15909","targetHints":{"allow":["GET"]}}],"collection":[{"href":"https:\/\/grupotorivac.com\/fr\/wp-json\/wp\/v2\/product"}],"about":[{"href":"https:\/\/grupotorivac.com\/fr\/wp-json\/wp\/v2\/types\/product"}],"wp:featuredmedia":[{"embeddable":true,"href":"https:\/\/grupotorivac.com\/fr\/wp-json\/wp\/v2\/media\/3893"}],"wp:attachment":[{"href":"https:\/\/grupotorivac.com\/fr\/wp-json\/wp\/v2\/media?parent=15909"}],"wp:term":[{"taxonomy":"product_brand","embeddable":true,"href":"https:\/\/grupotorivac.com\/fr\/wp-json\/wp\/v2\/product_brand?post=15909"},{"taxonomy":"product_cat","embeddable":true,"href":"https:\/\/grupotorivac.com\/fr\/wp-json\/wp\/v2\/product_cat?post=15909"},{"taxonomy":"product_tag","embeddable":true,"href":"https:\/\/grupotorivac.com\/fr\/wp-json\/wp\/v2\/product_tag?post=15909"}],"curies":[{"name":"wp","href":"https:\/\/api.w.org\/{rel}","templated":true}]}}