{"id":15901,"date":"2022-12-05T12:22:49","date_gmt":"2022-12-05T12:22:49","guid":{"rendered":"https:\/\/grupotorivac.com\/product\/reostatos-y-potenciometros-bobinados-especiales\/"},"modified":"2022-12-05T12:22:49","modified_gmt":"2022-12-05T12:22:49","slug":"reostatos-y-potenciometros-bobinados-especiales","status":"publish","type":"product","link":"https:\/\/grupotorivac.com\/fr\/product\/reostatos-y-potenciometros-bobinados-especiales\/","title":{"rendered":"Rh\u00e9ostats et potentiom\u00e8tres, enroul\u00e9s, constructions sp\u00e9ciales"},"content":{"rendered":"<p><b>Que sont les rh\u00e9ostats et les potentiom\u00e8tres \u00e0 enroulement et pourquoi sont-ils importants ?<br \/>\n<\/b><br \/>\nLes rh\u00e9ostats et les potentiom\u00e8tres \u00e0 enroulement sont des dispositifs \u00e0 r\u00e9sistance variable con\u00e7us pour r\u00e9guler la tension d&#8217;un circuit \u00e9lectrique en ajustant la puissance fournie \u00e0 un syst\u00e8me.<\/p>\n<p>Le rh\u00e9ostat est principalement utilis\u00e9 dans les moteurs \u00e9lectriques, les bancs de charge et les syst\u00e8mes de contr\u00f4le industriel, o\u00f9 il est n\u00e9cessaire de modifier la r\u00e9sistance pour g\u00e9rer le flux de puissance. En revanche, le potentiom\u00e8tre bobin\u00e9 agit comme un diviseur de tension, permettant d&#8217;ajuster le signal \u00e9lectrique dans les \u00e9quipements d&#8217;\u00e9talonnage, les r\u00e9gulateurs de vitesse et les appareils de mesure. <\/p>\n<p>Les rh\u00e9ostats et les potentiom\u00e8tres enroul\u00e9s sp\u00e9cialement fabriqu\u00e9s offrent une solution sur mesure pour la r\u00e9gulation de la tension et la gestion de l&#8217;\u00e9nergie dans les infrastructures critiques, optimisant ainsi les performances des syst\u00e8mes \u00e9lectriques et prolongeant la dur\u00e9e de vie des \u00e9quipements.<\/p>\n<p>Ces dispositifs permettent des ajustements fins du courant, am\u00e9liorant la stabilit\u00e9 op\u00e9rationnelle des moteurs, des g\u00e9n\u00e9rateurs et des syst\u00e8mes de distribution d&#8217;\u00e9nergie. Leur personnalisation les rend id\u00e9aux pour s&#8217;adapter \u00e0 toute application sp\u00e9cifique, garantissant des performances optimales dans des conditions exigeantes.<br \/>\nIls sont essentiels pour le contr\u00f4le de la vitesse des moteurs industriels, la r\u00e9gulation du courant dans les syst\u00e8mes \u00e9lectriques et la simulation de la charge dans les bancs d&#8217;essai. Dans les grandes structures \u00e9lectriques, leur utilisation permet de minimiser les pertes d&#8217;\u00e9nergie, d&#8217;am\u00e9liorer l&#8217;efficacit\u00e9 du syst\u00e8me et d&#8217;\u00e9viter les surcharges, garantissant ainsi un fonctionnement fiable et continu.  <\/p>\n<p class=\"p1\"><b>Une solution efficace pour chaque application industrielle<\/b><\/p>\n<p>L&#8217;utilisation de rh\u00e9ostats et de potentiom\u00e8tres bobin\u00e9s est une strat\u00e9gie cl\u00e9 pour optimiser la consommation d&#8217;\u00e9nergie dans les environnements industriels. En r\u00e9gulant le courant de mani\u00e8re contr\u00f4l\u00e9e, on \u00e9vite les surchauffes et on am\u00e9liore la stabilit\u00e9 du syst\u00e8me \u00e9lectrique. Cette capacit\u00e9 de r\u00e9glage contribue \u00e0 une gestion plus efficace de l&#8217;\u00e9nergie.<br \/>\nLes rh\u00e9ostats permettent d&#8217;ajuster la puissance de d\u00e9marrage et de fonctionnement, \u00e9vitant ainsi les pics de courant qui peuvent endommager l&#8217;\u00e9quipement. Ceci est particuli\u00e8rement utile dans les machines lourdes, les ascenseurs et les syst\u00e8mes de production automatis\u00e9s.<br \/>\nLes potentiom\u00e8tres bobin\u00e9s sont essentiels dans les syst\u00e8mes d&#8217;\u00e9talonnage, de mesure et de contr\u00f4le de pr\u00e9cision, garantissant que la puissance fournie aux capteurs, r\u00e9gulateurs et \u00e9quipements d&#8217;essai est ad\u00e9quate pour un fonctionnement correct.   <\/p>\n<p class=\"p1\"><strong>Torivac est une entreprise sp\u00e9cialis\u00e9e dans la conception et la fabrication de transformateurs toro\u00efdaux et de variateurs de tension.<\/strong><\/p>\n<p>Nous avons pr\u00e8s de 60 ans d&#8217;exp\u00e9rience dans le secteur, ce qui nous a permis d&#8217;\u00eatre pr\u00e9sents dans plus de 30 pays.<br \/>\nNous disposons d&#8217;une \u00e9quipe technique qui garantit la fabrication de dispositifs de haute pr\u00e9cision et efficaces. Notre m\u00e9thodologie de travail nous permet d&#8217;effectuer des simulations avanc\u00e9es \u00e0 chaque \u00e9tape de chaque projet, garantissant que chaque composant, des variateurs de tension toro\u00efdaux aux transformateurs de r\u00e9gulation, en passant par les d\u00e9chargeurs de batterie, les potentiom\u00e8tres et les noyaux toro\u00efdaux, r\u00e9pond aux normes les plus strictes du secteur.<br \/>\nNous travaillons en \u00e9troite collaboration avec des entreprises disposant d&#8217;une grande infrastructure, afin de garantir des solutions personnalis\u00e9es et efficaces. Nous visons \u00e0 r\u00e9pondre aux demandes d&#8217;industries telles que la technologie, l&#8217;\u00e9nergie et l&#8217;automobile. Notre objectif est de continuer \u00e0 innover, de renforcer les alliances strat\u00e9giques et d&#8217;\u00e9tendre notre port\u00e9e mondiale, en maintenant toujours le label de qualit\u00e9 et d&#8217;excellence qui nous caract\u00e9rise depuis nos d\u00e9buts.   <\/p>\n","protected":false},"excerpt":{"rendered":"<p>Chaque client a des besoins sp\u00e9cifiques, il y a donc des nuances ou des variations de produits standards qu&#8217;il demande.<br \/>\nChez TORIVAC nous r\u00e9alisons des adaptations de rh\u00e9ostats avec des designs personnalis\u00e9s selon les besoins de chaque client.<br \/>\nN&#8217;h\u00e9sitez pas \u00e0 nous consulter et nous vous proposerons la solution optimale.<\/p>\n<p><a class=\"button button_size_2 button_dark\" href=\"https:\/\/grupotorivac.com\/wp-content\/uploads\/2023\/02\/REOSTATOS-CERAMICOS.pdf\" target=\"_blank\" rel=\"noopener\"><span class=\"button_label\"><strong>Voir la fiche technique<\/strong><\/span><\/a><\/p>\n","protected":false},"featured_media":15904,"template":"","meta":{"_acf_changed":false},"product_brand":[],"product_cat":[483],"product_tag":[],"class_list":{"0":"post-15901","1":"product","2":"type-product","3":"status-publish","4":"has-post-thumbnail","6":"product_cat-rheostats-en-ceramique","8":"first","9":"instock","10":"product-type-simple"},"acf":[],"yoast_head":"<!-- This site is optimized with the Yoast SEO plugin v27.2 - https:\/\/yoast.com\/product\/yoast-seo-wordpress\/ -->\n<title>Rh\u00e9ostats et potentiom\u00e8tres, enroul\u00e9s, constructions sp\u00e9ciales - Torivac<\/title>\n<meta name=\"description\" content=\"Les rh\u00e9ostats et les potentiom\u00e8tres am\u00e9liorent la r\u00e9gulation du courant dans les syst\u00e8mes \u00e9lectriques et la simulation de charge dans les bancs d&#039;essai.\" \/>\n<meta name=\"robots\" content=\"index, follow, max-snippet:-1, max-image-preview:large, max-video-preview:-1\" \/>\n<link rel=\"canonical\" href=\"https:\/\/grupotorivac.com\/fr\/product\/reostatos-y-potenciometros-bobinados-especiales\/\" \/>\n<meta property=\"og:locale\" content=\"fr_FR\" \/>\n<meta property=\"og:type\" content=\"article\" \/>\n<meta property=\"og:title\" content=\"Rh\u00e9ostats et potentiom\u00e8tres, enroul\u00e9s, constructions sp\u00e9ciales - Torivac\" \/>\n<meta property=\"og:description\" content=\"Les rh\u00e9ostats et les potentiom\u00e8tres am\u00e9liorent la r\u00e9gulation du courant dans les syst\u00e8mes \u00e9lectriques et la simulation de charge dans les bancs d&#039;essai.\" \/>\n<meta property=\"og:url\" content=\"https:\/\/grupotorivac.com\/fr\/product\/reostatos-y-potenciometros-bobinados-especiales\/\" \/>\n<meta property=\"og:site_name\" content=\"Torivac\" \/>\n<meta property=\"og:image\" content=\"https:\/\/grupotorivac.com\/wp-content\/uploads\/2022\/12\/fabricaciones-especiales-1-1.png\" \/>\n\t<meta property=\"og:image:width\" content=\"567\" \/>\n\t<meta property=\"og:image:height\" content=\"567\" \/>\n\t<meta property=\"og:image:type\" content=\"image\/png\" \/>\n<meta name=\"twitter:card\" content=\"summary_large_image\" \/>\n<meta name=\"twitter:label1\" content=\"Dur\u00e9e de lecture estim\u00e9e\" \/>\n\t<meta name=\"twitter:data1\" content=\"3 minutes\" \/>\n<script type=\"application\/ld+json\" class=\"yoast-schema-graph\">{\"@context\":\"https:\/\/schema.org\",\"@graph\":[{\"@type\":\"WebPage\",\"@id\":\"https:\/\/grupotorivac.com\/fr\/product\/reostatos-y-potenciometros-bobinados-especiales\/\",\"url\":\"https:\/\/grupotorivac.com\/fr\/product\/reostatos-y-potenciometros-bobinados-especiales\/\",\"name\":\"Rh\u00e9ostats et potentiom\u00e8tres, enroul\u00e9s, constructions sp\u00e9ciales - Torivac\",\"isPartOf\":{\"@id\":\"https:\/\/grupotorivac.com\/#website\"},\"primaryImageOfPage\":{\"@id\":\"https:\/\/grupotorivac.com\/fr\/product\/reostatos-y-potenciometros-bobinados-especiales\/#primaryimage\"},\"image\":{\"@id\":\"https:\/\/grupotorivac.com\/fr\/product\/reostatos-y-potenciometros-bobinados-especiales\/#primaryimage\"},\"thumbnailUrl\":\"https:\/\/grupotorivac.com\/wp-content\/uploads\/2022\/12\/fabricaciones-especiales-1-1.png\",\"datePublished\":\"2022-12-05T12:22:49+00:00\",\"description\":\"Les rh\u00e9ostats et les potentiom\u00e8tres am\u00e9liorent la r\u00e9gulation du courant dans les syst\u00e8mes \u00e9lectriques et la simulation de charge dans les bancs d'essai.\",\"breadcrumb\":{\"@id\":\"https:\/\/grupotorivac.com\/fr\/product\/reostatos-y-potenciometros-bobinados-especiales\/#breadcrumb\"},\"inLanguage\":\"fr-FR\",\"potentialAction\":[{\"@type\":\"ReadAction\",\"target\":[\"https:\/\/grupotorivac.com\/fr\/product\/reostatos-y-potenciometros-bobinados-especiales\/\"]}]},{\"@type\":\"ImageObject\",\"inLanguage\":\"fr-FR\",\"@id\":\"https:\/\/grupotorivac.com\/fr\/product\/reostatos-y-potenciometros-bobinados-especiales\/#primaryimage\",\"url\":\"https:\/\/grupotorivac.com\/wp-content\/uploads\/2022\/12\/fabricaciones-especiales-1-1.png\",\"contentUrl\":\"https:\/\/grupotorivac.com\/wp-content\/uploads\/2022\/12\/fabricaciones-especiales-1-1.png\",\"width\":567,\"height\":567},{\"@type\":\"BreadcrumbList\",\"@id\":\"https:\/\/grupotorivac.com\/fr\/product\/reostatos-y-potenciometros-bobinados-especiales\/#breadcrumb\",\"itemListElement\":[{\"@type\":\"ListItem\",\"position\":1,\"name\":\"Portada\",\"item\":\"https:\/\/grupotorivac.com\/fr\/\"},{\"@type\":\"ListItem\",\"position\":2,\"name\":\"Products\",\"item\":\"https:\/\/grupotorivac.com\/en\/shop\/\"},{\"@type\":\"ListItem\",\"position\":3,\"name\":\"Rh\u00e9ostats et potentiom\u00e8tres, enroul\u00e9s, constructions sp\u00e9ciales\"}]},{\"@type\":\"WebSite\",\"@id\":\"https:\/\/grupotorivac.com\/#website\",\"url\":\"https:\/\/grupotorivac.com\/\",\"name\":\"Torivac\",\"description\":\"Especializados en dise\u00f1o y fabricaci\u00f3n de variados de tensi\u00f3n\",\"publisher\":{\"@id\":\"https:\/\/grupotorivac.com\/#organization\"},\"alternateName\":\"Torivac S.L\",\"potentialAction\":[{\"@type\":\"SearchAction\",\"target\":{\"@type\":\"EntryPoint\",\"urlTemplate\":\"https:\/\/grupotorivac.com\/?s={search_term_string}\"},\"query-input\":{\"@type\":\"PropertyValueSpecification\",\"valueRequired\":true,\"valueName\":\"search_term_string\"}}],\"inLanguage\":\"fr-FR\"},{\"@type\":\"Organization\",\"@id\":\"https:\/\/grupotorivac.com\/#organization\",\"name\":\"Torivac\",\"alternateName\":\"Torivac S.L\",\"url\":\"https:\/\/grupotorivac.com\/\",\"logo\":{\"@type\":\"ImageObject\",\"inLanguage\":\"fr-FR\",\"@id\":\"https:\/\/grupotorivac.com\/#\/schema\/logo\/image\/\",\"url\":\"https:\/\/grupotorivac.com\/wp-content\/uploads\/2025\/02\/Diseno-sin-titulo-73.png\",\"contentUrl\":\"https:\/\/grupotorivac.com\/wp-content\/uploads\/2025\/02\/Diseno-sin-titulo-73.png\",\"width\":250,\"height\":250,\"caption\":\"Torivac\"},\"image\":{\"@id\":\"https:\/\/grupotorivac.com\/#\/schema\/logo\/image\/\"}}]}<\/script>\n<!-- \/ Yoast SEO plugin. -->","yoast_head_json":{"title":"Rh\u00e9ostats et potentiom\u00e8tres, enroul\u00e9s, constructions sp\u00e9ciales - Torivac","description":"Les rh\u00e9ostats et les potentiom\u00e8tres am\u00e9liorent la r\u00e9gulation du courant dans les syst\u00e8mes \u00e9lectriques et la simulation de charge dans les bancs d'essai.","robots":{"index":"index","follow":"follow","max-snippet":"max-snippet:-1","max-image-preview":"max-image-preview:large","max-video-preview":"max-video-preview:-1"},"canonical":"https:\/\/grupotorivac.com\/fr\/product\/reostatos-y-potenciometros-bobinados-especiales\/","og_locale":"fr_FR","og_type":"article","og_title":"Rh\u00e9ostats et potentiom\u00e8tres, enroul\u00e9s, constructions sp\u00e9ciales - Torivac","og_description":"Les rh\u00e9ostats et les potentiom\u00e8tres am\u00e9liorent la r\u00e9gulation du courant dans les syst\u00e8mes \u00e9lectriques et la simulation de charge dans les bancs d'essai.","og_url":"https:\/\/grupotorivac.com\/fr\/product\/reostatos-y-potenciometros-bobinados-especiales\/","og_site_name":"Torivac","og_image":[{"width":567,"height":567,"url":"https:\/\/grupotorivac.com\/wp-content\/uploads\/2022\/12\/fabricaciones-especiales-1-1.png","type":"image\/png"}],"twitter_card":"summary_large_image","twitter_misc":{"Dur\u00e9e de lecture estim\u00e9e":"3 minutes"},"schema":{"@context":"https:\/\/schema.org","@graph":[{"@type":"WebPage","@id":"https:\/\/grupotorivac.com\/fr\/product\/reostatos-y-potenciometros-bobinados-especiales\/","url":"https:\/\/grupotorivac.com\/fr\/product\/reostatos-y-potenciometros-bobinados-especiales\/","name":"Rh\u00e9ostats et potentiom\u00e8tres, enroul\u00e9s, constructions sp\u00e9ciales - Torivac","isPartOf":{"@id":"https:\/\/grupotorivac.com\/#website"},"primaryImageOfPage":{"@id":"https:\/\/grupotorivac.com\/fr\/product\/reostatos-y-potenciometros-bobinados-especiales\/#primaryimage"},"image":{"@id":"https:\/\/grupotorivac.com\/fr\/product\/reostatos-y-potenciometros-bobinados-especiales\/#primaryimage"},"thumbnailUrl":"https:\/\/grupotorivac.com\/wp-content\/uploads\/2022\/12\/fabricaciones-especiales-1-1.png","datePublished":"2022-12-05T12:22:49+00:00","description":"Les rh\u00e9ostats et les potentiom\u00e8tres am\u00e9liorent la r\u00e9gulation du courant dans les syst\u00e8mes \u00e9lectriques et la simulation de charge dans les bancs d'essai.","breadcrumb":{"@id":"https:\/\/grupotorivac.com\/fr\/product\/reostatos-y-potenciometros-bobinados-especiales\/#breadcrumb"},"inLanguage":"fr-FR","potentialAction":[{"@type":"ReadAction","target":["https:\/\/grupotorivac.com\/fr\/product\/reostatos-y-potenciometros-bobinados-especiales\/"]}]},{"@type":"ImageObject","inLanguage":"fr-FR","@id":"https:\/\/grupotorivac.com\/fr\/product\/reostatos-y-potenciometros-bobinados-especiales\/#primaryimage","url":"https:\/\/grupotorivac.com\/wp-content\/uploads\/2022\/12\/fabricaciones-especiales-1-1.png","contentUrl":"https:\/\/grupotorivac.com\/wp-content\/uploads\/2022\/12\/fabricaciones-especiales-1-1.png","width":567,"height":567},{"@type":"BreadcrumbList","@id":"https:\/\/grupotorivac.com\/fr\/product\/reostatos-y-potenciometros-bobinados-especiales\/#breadcrumb","itemListElement":[{"@type":"ListItem","position":1,"name":"Portada","item":"https:\/\/grupotorivac.com\/fr\/"},{"@type":"ListItem","position":2,"name":"Products","item":"https:\/\/grupotorivac.com\/en\/shop\/"},{"@type":"ListItem","position":3,"name":"Rh\u00e9ostats et potentiom\u00e8tres, enroul\u00e9s, constructions sp\u00e9ciales"}]},{"@type":"WebSite","@id":"https:\/\/grupotorivac.com\/#website","url":"https:\/\/grupotorivac.com\/","name":"Torivac","description":"Especializados en dise\u00f1o y fabricaci\u00f3n de variados de tensi\u00f3n","publisher":{"@id":"https:\/\/grupotorivac.com\/#organization"},"alternateName":"Torivac S.L","potentialAction":[{"@type":"SearchAction","target":{"@type":"EntryPoint","urlTemplate":"https:\/\/grupotorivac.com\/?s={search_term_string}"},"query-input":{"@type":"PropertyValueSpecification","valueRequired":true,"valueName":"search_term_string"}}],"inLanguage":"fr-FR"},{"@type":"Organization","@id":"https:\/\/grupotorivac.com\/#organization","name":"Torivac","alternateName":"Torivac S.L","url":"https:\/\/grupotorivac.com\/","logo":{"@type":"ImageObject","inLanguage":"fr-FR","@id":"https:\/\/grupotorivac.com\/#\/schema\/logo\/image\/","url":"https:\/\/grupotorivac.com\/wp-content\/uploads\/2025\/02\/Diseno-sin-titulo-73.png","contentUrl":"https:\/\/grupotorivac.com\/wp-content\/uploads\/2025\/02\/Diseno-sin-titulo-73.png","width":250,"height":250,"caption":"Torivac"},"image":{"@id":"https:\/\/grupotorivac.com\/#\/schema\/logo\/image\/"}}]}},"_links":{"self":[{"href":"https:\/\/grupotorivac.com\/fr\/wp-json\/wp\/v2\/product\/15901","targetHints":{"allow":["GET"]}}],"collection":[{"href":"https:\/\/grupotorivac.com\/fr\/wp-json\/wp\/v2\/product"}],"about":[{"href":"https:\/\/grupotorivac.com\/fr\/wp-json\/wp\/v2\/types\/product"}],"wp:featuredmedia":[{"embeddable":true,"href":"https:\/\/grupotorivac.com\/fr\/wp-json\/wp\/v2\/media\/15904"}],"wp:attachment":[{"href":"https:\/\/grupotorivac.com\/fr\/wp-json\/wp\/v2\/media?parent=15901"}],"wp:term":[{"taxonomy":"product_brand","embeddable":true,"href":"https:\/\/grupotorivac.com\/fr\/wp-json\/wp\/v2\/product_brand?post=15901"},{"taxonomy":"product_cat","embeddable":true,"href":"https:\/\/grupotorivac.com\/fr\/wp-json\/wp\/v2\/product_cat?post=15901"},{"taxonomy":"product_tag","embeddable":true,"href":"https:\/\/grupotorivac.com\/fr\/wp-json\/wp\/v2\/product_tag?post=15901"}],"curies":[{"name":"wp","href":"https:\/\/api.w.org\/{rel}","templated":true}]}}