{"id":15899,"date":"2022-06-06T12:50:24","date_gmt":"2022-06-06T12:50:24","guid":{"rendered":"https:\/\/grupotorivac.com\/product\/resistencias-de-arranque\/"},"modified":"2022-06-06T12:50:24","modified_gmt":"2022-06-06T12:50:24","slug":"resistencias-de-arranque","status":"publish","type":"product","link":"https:\/\/grupotorivac.com\/fr\/product\/resistencias-de-arranque\/","title":{"rendered":"R\u00e9sistances de d\u00e9marrage"},"content":{"rendered":"<p><b>Qu&#8217;est-ce qu&#8217;une r\u00e9sistance de d\u00e9marrage ?<\/b><\/p>\n<p>Les r\u00e9sistances de d\u00e9marrage sont des dispositifs con\u00e7us pour limiter le courant initial des moteurs \u00e9lectriques au d\u00e9marrage, en \u00e9vitant les pics de courant qui peuvent endommager le syst\u00e8me ou r\u00e9duire la dur\u00e9e de vie des composants. Lorsqu&#8217;un moteur d\u00e9marre, il a besoin d&#8217;un flux d&#8217;\u00e9nergie \u00e9lev\u00e9 pour surmonter l&#8217;inertie et commencer \u00e0 tourner, ce qui peut entra\u00eener une consommation excessive et une usure pr\u00e9matur\u00e9e. Ils sont essentiels pour le contr\u00f4le et la protection des moteurs \u00e9lectriques dans les infrastructures \u00e9nerg\u00e9tiques et industrielles \u00e0 grande \u00e9chelle.<br \/>\nSa fonction principale est de limiter le courant de d\u00e9marrage, en r\u00e9duisant les pics de tension et en \u00e9vitant les contraintes inutiles sur le syst\u00e8me. Cela permet un allumage progressif et s\u00fbr, optimisant le fonctionnement de l&#8217;\u00e9quipement et prolongeant sa dur\u00e9e de vie. <\/p>\n<p><b>Pourquoi les grandes industries ont-elles besoin de r\u00e9sistances de d\u00e9marrage ?<\/b><\/p>\n<p>Dans les grandes infrastructures \u00e9nerg\u00e9tiques, o\u00f9 la demande d&#8217;\u00e9nergie est \u00e9lev\u00e9e et constante, il est essentiel, pour la s\u00e9curit\u00e9 et la performance des \u00e9quipements, de disposer d&#8217;une solution qui garantisse un d\u00e9marrage en douceur et efficace.<\/p>\n<p>Ces r\u00e9sistances de d\u00e9marrage limitent le courant initial et r\u00e9duisent les contraintes m\u00e9caniques exerc\u00e9es sur le moteur, \u00e9vitant ainsi la surchauffe et l&#8217;usure pr\u00e9matur\u00e9e des composants. Leur application est essentielle dans les industries \u00e9quip\u00e9es de gros moteurs, telles que les centrales \u00e9lectriques, les syst\u00e8mes de pompage, l&#8217;industrie mini\u00e8re et l&#8217;industrie lourde, o\u00f9 un mauvais d\u00e9marrage peut entra\u00eener des pannes co\u00fbteuses et des interruptions de fonctionnement. <\/p>\n<p>Dans les syst\u00e8mes industriels, ces r\u00e9sistances fonctionnent avec des moteurs triphas\u00e9s et des variateurs de tension, r\u00e9duisant le courant initial au d\u00e9marrage et \u00e9vitant les pics susceptibles d&#8217;affecter les performances ou d&#8217;endommager les composants. Lorsque le moteur atteint sa vitesse nominale, les r\u00e9sistances sont automatiquement d\u00e9connect\u00e9es, ce qui permet au syst\u00e8me de fonctionner en toute stabilit\u00e9. <\/p>\n<p><b>Torivac est une entreprise sp\u00e9cialis\u00e9e dans la conception et la fabrication de transformateurs toro\u00efdaux et de variateurs de tension.<\/b><\/p>\n<p>Nous avons pr\u00e8s de 60 ans d&#8217;exp\u00e9rience dans le secteur, ce qui nous a permis d&#8217;\u00eatre pr\u00e9sents dans plus de 30 pays.<br \/>\nNous disposons d&#8217;une \u00e9quipe technique qui garantit la fabrication de dispositifs de haute pr\u00e9cision et efficaces. Notre m\u00e9thodologie de travail nous permet d&#8217;effectuer des simulations avanc\u00e9es \u00e0 chaque \u00e9tape de chaque projet, en garantissant que chaque composant, qu&#8217;il s&#8217;agisse de variateurs de tension toro\u00efdaux, de transformateurs de r\u00e9gulation, de d\u00e9chargeurs de batterie, de potentiom\u00e8tres ou de noyaux toro\u00efdaux, r\u00e9ponde aux normes les plus \u00e9lev\u00e9es du secteur.<br \/>\nNous travaillons en \u00e9troite collaboration avec des entreprises qui disposent d&#8217;une grande infrastructure, afin de garantir des solutions personnalis\u00e9es et efficaces. Nous visons \u00e0 r\u00e9pondre aux demandes d&#8217;industries telles que la technologie, l&#8217;\u00e9nergie et l&#8217;automobile. Notre objectif est de continuer \u00e0 innover, de renforcer les alliances strat\u00e9giques et d&#8217;\u00e9tendre notre port\u00e9e mondiale, en maintenant toujours le label de qualit\u00e9 et d&#8217;excellence qui nous caract\u00e9rise depuis nos d\u00e9buts.   <\/p>\n","protected":false},"excerpt":{"rendered":"<p>Nos r\u00e9sistances de d\u00e9marrage en acier inoxydable sont utilis\u00e9es chaque fois qu&#8217;il est n\u00e9cessaire de contr\u00f4ler le courant d&#8217;un moteur \u00e9lectrique pendant les phases de d\u00e9marrage et d&#8217;arr\u00eat.<\/p>\n<p>Nos r\u00e9sistances de d\u00e9marrage en acier inoxydable sont utilis\u00e9es chaque fois qu&#8217;il est n\u00e9cessaire de contr\u00f4ler le courant d&#8217;un moteur \u00e9lectrique pendant les phases de d\u00e9marrage et d&#8217;arr\u00eat.<\/p>\n","protected":false},"featured_media":3803,"template":"","meta":{"_acf_changed":false},"product_brand":[],"product_cat":[474,509],"product_tag":[],"class_list":{"0":"post-15899","1":"product","2":"type-product","3":"status-publish","4":"has-post-thumbnail","6":"product_cat-resistances-bancs-de-charge","7":"product_cat-resistances-de-demarrage","9":"first","10":"instock","11":"product-type-simple"},"acf":[],"yoast_head":"<!-- This site is optimized with the Yoast SEO plugin v27.2 - https:\/\/yoast.com\/product\/yoast-seo-wordpress\/ -->\n<title>R\u00e9sistances de d\u00e9marrage - Torivac<\/title>\n<meta name=\"description\" content=\"Nous commercialisons des r\u00e9sistances de d\u00e9marrage qui contr\u00f4lent le courant d&#039;un moteur \u00e9lectrique pendant les phases de d\u00e9marrage.\" \/>\n<meta name=\"robots\" content=\"index, follow, max-snippet:-1, max-image-preview:large, max-video-preview:-1\" \/>\n<link rel=\"canonical\" href=\"https:\/\/grupotorivac.com\/product\/resistencias-de-arranque\/\" \/>\n<meta property=\"og:locale\" content=\"fr_FR\" \/>\n<meta property=\"og:type\" content=\"article\" \/>\n<meta property=\"og:title\" content=\"R\u00e9sistances de d\u00e9marrage - Torivac\" \/>\n<meta property=\"og:description\" content=\"Nous commercialisons des r\u00e9sistances de d\u00e9marrage qui contr\u00f4lent le courant d&#039;un moteur \u00e9lectrique pendant les phases de d\u00e9marrage.\" \/>\n<meta property=\"og:url\" content=\"https:\/\/grupotorivac.com\/product\/resistencias-de-arranque\/\" \/>\n<meta property=\"og:site_name\" content=\"Torivac\" \/>\n<meta property=\"og:image\" content=\"https:\/\/grupotorivac.com\/wp-content\/uploads\/2022\/06\/arranque.jpg\" \/>\n\t<meta property=\"og:image:width\" content=\"318\" \/>\n\t<meta property=\"og:image:height\" content=\"321\" \/>\n\t<meta property=\"og:image:type\" content=\"image\/webp\" \/>\n<meta name=\"twitter:card\" content=\"summary_large_image\" \/>\n<meta name=\"twitter:label1\" content=\"Dur\u00e9e de lecture estim\u00e9e\" \/>\n\t<meta name=\"twitter:data1\" content=\"3 minutes\" \/>\n<script type=\"application\/ld+json\" class=\"yoast-schema-graph\">{\"@context\":\"https:\/\/schema.org\",\"@graph\":[{\"@type\":\"WebPage\",\"@id\":\"https:\/\/grupotorivac.com\/product\/resistencias-de-arranque\/\",\"url\":\"https:\/\/grupotorivac.com\/product\/resistencias-de-arranque\/\",\"name\":\"R\u00e9sistances de d\u00e9marrage - Torivac\",\"isPartOf\":{\"@id\":\"https:\/\/grupotorivac.com\/#website\"},\"primaryImageOfPage\":{\"@id\":\"https:\/\/grupotorivac.com\/product\/resistencias-de-arranque\/#primaryimage\"},\"image\":{\"@id\":\"https:\/\/grupotorivac.com\/product\/resistencias-de-arranque\/#primaryimage\"},\"thumbnailUrl\":\"https:\/\/grupotorivac.com\/wp-content\/uploads\/2022\/06\/arranque.jpg\",\"datePublished\":\"2022-06-06T12:50:24+00:00\",\"description\":\"Nous commercialisons des r\u00e9sistances de d\u00e9marrage qui contr\u00f4lent le courant d'un moteur \u00e9lectrique pendant les phases de d\u00e9marrage.\",\"breadcrumb\":{\"@id\":\"https:\/\/grupotorivac.com\/product\/resistencias-de-arranque\/#breadcrumb\"},\"inLanguage\":\"fr-FR\",\"potentialAction\":[{\"@type\":\"ReadAction\",\"target\":[\"https:\/\/grupotorivac.com\/product\/resistencias-de-arranque\/\"]}]},{\"@type\":\"ImageObject\",\"inLanguage\":\"fr-FR\",\"@id\":\"https:\/\/grupotorivac.com\/product\/resistencias-de-arranque\/#primaryimage\",\"url\":\"https:\/\/grupotorivac.com\/wp-content\/uploads\/2022\/06\/arranque.jpg\",\"contentUrl\":\"https:\/\/grupotorivac.com\/wp-content\/uploads\/2022\/06\/arranque.jpg\",\"width\":318,\"height\":321,\"caption\":\"R\u00e9sistances de d\u00e9marrage sp\u00e9ciales Torivac pour la r\u00e9gulation de la tension dans les grandes infrastructures industrielles.\"},{\"@type\":\"BreadcrumbList\",\"@id\":\"https:\/\/grupotorivac.com\/product\/resistencias-de-arranque\/#breadcrumb\",\"itemListElement\":[{\"@type\":\"ListItem\",\"position\":1,\"name\":\"Portada\",\"item\":\"https:\/\/grupotorivac.com\/fr\/\"},{\"@type\":\"ListItem\",\"position\":2,\"name\":\"Products\",\"item\":\"https:\/\/grupotorivac.com\/en\/shop\/\"},{\"@type\":\"ListItem\",\"position\":3,\"name\":\"R\u00e9sistances de d\u00e9marrage\"}]},{\"@type\":\"WebSite\",\"@id\":\"https:\/\/grupotorivac.com\/#website\",\"url\":\"https:\/\/grupotorivac.com\/\",\"name\":\"Torivac\",\"description\":\"Especializados en dise\u00f1o y fabricaci\u00f3n de variados de tensi\u00f3n\",\"publisher\":{\"@id\":\"https:\/\/grupotorivac.com\/#organization\"},\"alternateName\":\"Torivac S.L\",\"potentialAction\":[{\"@type\":\"SearchAction\",\"target\":{\"@type\":\"EntryPoint\",\"urlTemplate\":\"https:\/\/grupotorivac.com\/?s={search_term_string}\"},\"query-input\":{\"@type\":\"PropertyValueSpecification\",\"valueRequired\":true,\"valueName\":\"search_term_string\"}}],\"inLanguage\":\"fr-FR\"},{\"@type\":\"Organization\",\"@id\":\"https:\/\/grupotorivac.com\/#organization\",\"name\":\"Torivac\",\"alternateName\":\"Torivac S.L\",\"url\":\"https:\/\/grupotorivac.com\/\",\"logo\":{\"@type\":\"ImageObject\",\"inLanguage\":\"fr-FR\",\"@id\":\"https:\/\/grupotorivac.com\/#\/schema\/logo\/image\/\",\"url\":\"https:\/\/grupotorivac.com\/wp-content\/uploads\/2025\/02\/Diseno-sin-titulo-73.png\",\"contentUrl\":\"https:\/\/grupotorivac.com\/wp-content\/uploads\/2025\/02\/Diseno-sin-titulo-73.png\",\"width\":250,\"height\":250,\"caption\":\"Torivac\"},\"image\":{\"@id\":\"https:\/\/grupotorivac.com\/#\/schema\/logo\/image\/\"}}]}<\/script>\n<!-- \/ Yoast SEO plugin. -->","yoast_head_json":{"title":"R\u00e9sistances de d\u00e9marrage - Torivac","description":"Nous commercialisons des r\u00e9sistances de d\u00e9marrage qui contr\u00f4lent le courant d'un moteur \u00e9lectrique pendant les phases de d\u00e9marrage.","robots":{"index":"index","follow":"follow","max-snippet":"max-snippet:-1","max-image-preview":"max-image-preview:large","max-video-preview":"max-video-preview:-1"},"canonical":"https:\/\/grupotorivac.com\/product\/resistencias-de-arranque\/","og_locale":"fr_FR","og_type":"article","og_title":"R\u00e9sistances de d\u00e9marrage - Torivac","og_description":"Nous commercialisons des r\u00e9sistances de d\u00e9marrage qui contr\u00f4lent le courant d'un moteur \u00e9lectrique pendant les phases de d\u00e9marrage.","og_url":"https:\/\/grupotorivac.com\/product\/resistencias-de-arranque\/","og_site_name":"Torivac","og_image":[{"width":318,"height":321,"url":"https:\/\/grupotorivac.com\/wp-content\/uploads\/2022\/06\/arranque.jpg","type":"image\/webp"}],"twitter_card":"summary_large_image","twitter_misc":{"Dur\u00e9e de lecture estim\u00e9e":"3 minutes"},"schema":{"@context":"https:\/\/schema.org","@graph":[{"@type":"WebPage","@id":"https:\/\/grupotorivac.com\/product\/resistencias-de-arranque\/","url":"https:\/\/grupotorivac.com\/product\/resistencias-de-arranque\/","name":"R\u00e9sistances de d\u00e9marrage - Torivac","isPartOf":{"@id":"https:\/\/grupotorivac.com\/#website"},"primaryImageOfPage":{"@id":"https:\/\/grupotorivac.com\/product\/resistencias-de-arranque\/#primaryimage"},"image":{"@id":"https:\/\/grupotorivac.com\/product\/resistencias-de-arranque\/#primaryimage"},"thumbnailUrl":"https:\/\/grupotorivac.com\/wp-content\/uploads\/2022\/06\/arranque.jpg","datePublished":"2022-06-06T12:50:24+00:00","description":"Nous commercialisons des r\u00e9sistances de d\u00e9marrage qui contr\u00f4lent le courant d'un moteur \u00e9lectrique pendant les phases de d\u00e9marrage.","breadcrumb":{"@id":"https:\/\/grupotorivac.com\/product\/resistencias-de-arranque\/#breadcrumb"},"inLanguage":"fr-FR","potentialAction":[{"@type":"ReadAction","target":["https:\/\/grupotorivac.com\/product\/resistencias-de-arranque\/"]}]},{"@type":"ImageObject","inLanguage":"fr-FR","@id":"https:\/\/grupotorivac.com\/product\/resistencias-de-arranque\/#primaryimage","url":"https:\/\/grupotorivac.com\/wp-content\/uploads\/2022\/06\/arranque.jpg","contentUrl":"https:\/\/grupotorivac.com\/wp-content\/uploads\/2022\/06\/arranque.jpg","width":318,"height":321,"caption":"R\u00e9sistances de d\u00e9marrage sp\u00e9ciales Torivac pour la r\u00e9gulation de la tension dans les grandes infrastructures industrielles."},{"@type":"BreadcrumbList","@id":"https:\/\/grupotorivac.com\/product\/resistencias-de-arranque\/#breadcrumb","itemListElement":[{"@type":"ListItem","position":1,"name":"Portada","item":"https:\/\/grupotorivac.com\/fr\/"},{"@type":"ListItem","position":2,"name":"Products","item":"https:\/\/grupotorivac.com\/en\/shop\/"},{"@type":"ListItem","position":3,"name":"R\u00e9sistances de d\u00e9marrage"}]},{"@type":"WebSite","@id":"https:\/\/grupotorivac.com\/#website","url":"https:\/\/grupotorivac.com\/","name":"Torivac","description":"Especializados en dise\u00f1o y fabricaci\u00f3n de variados de tensi\u00f3n","publisher":{"@id":"https:\/\/grupotorivac.com\/#organization"},"alternateName":"Torivac S.L","potentialAction":[{"@type":"SearchAction","target":{"@type":"EntryPoint","urlTemplate":"https:\/\/grupotorivac.com\/?s={search_term_string}"},"query-input":{"@type":"PropertyValueSpecification","valueRequired":true,"valueName":"search_term_string"}}],"inLanguage":"fr-FR"},{"@type":"Organization","@id":"https:\/\/grupotorivac.com\/#organization","name":"Torivac","alternateName":"Torivac S.L","url":"https:\/\/grupotorivac.com\/","logo":{"@type":"ImageObject","inLanguage":"fr-FR","@id":"https:\/\/grupotorivac.com\/#\/schema\/logo\/image\/","url":"https:\/\/grupotorivac.com\/wp-content\/uploads\/2025\/02\/Diseno-sin-titulo-73.png","contentUrl":"https:\/\/grupotorivac.com\/wp-content\/uploads\/2025\/02\/Diseno-sin-titulo-73.png","width":250,"height":250,"caption":"Torivac"},"image":{"@id":"https:\/\/grupotorivac.com\/#\/schema\/logo\/image\/"}}]}},"_links":{"self":[{"href":"https:\/\/grupotorivac.com\/fr\/wp-json\/wp\/v2\/product\/15899","targetHints":{"allow":["GET"]}}],"collection":[{"href":"https:\/\/grupotorivac.com\/fr\/wp-json\/wp\/v2\/product"}],"about":[{"href":"https:\/\/grupotorivac.com\/fr\/wp-json\/wp\/v2\/types\/product"}],"wp:featuredmedia":[{"embeddable":true,"href":"https:\/\/grupotorivac.com\/fr\/wp-json\/wp\/v2\/media\/3803"}],"wp:attachment":[{"href":"https:\/\/grupotorivac.com\/fr\/wp-json\/wp\/v2\/media?parent=15899"}],"wp:term":[{"taxonomy":"product_brand","embeddable":true,"href":"https:\/\/grupotorivac.com\/fr\/wp-json\/wp\/v2\/product_brand?post=15899"},{"taxonomy":"product_cat","embeddable":true,"href":"https:\/\/grupotorivac.com\/fr\/wp-json\/wp\/v2\/product_cat?post=15899"},{"taxonomy":"product_tag","embeddable":true,"href":"https:\/\/grupotorivac.com\/fr\/wp-json\/wp\/v2\/product_tag?post=15899"}],"curies":[{"name":"wp","href":"https:\/\/api.w.org\/{rel}","templated":true}]}}