{"id":15896,"date":"2022-06-06T12:50:16","date_gmt":"2022-06-06T12:50:16","guid":{"rendered":"https:\/\/grupotorivac.com\/product\/bancos-de-carga\/"},"modified":"2022-06-06T12:50:16","modified_gmt":"2022-06-06T12:50:16","slug":"bancos-de-carga","status":"publish","type":"product","link":"https:\/\/grupotorivac.com\/fr\/product\/bancos-de-carga\/","title":{"rendered":"R\u00e9sistances &#8211; Banc de charge"},"content":{"rendered":"<p><b>Banc de charge dans le secteur europ\u00e9en de la r\u00e9gulation de la tension<\/b><br \/>\n<b>S\u00e9curit\u00e9 et efficacit\u00e9 des produits fabriqu\u00e9s directement en Europe<\/b><\/p>\n<p><span style=\"font-weight: 400;\">Le banc de charge est un composant essentiel des infrastructures \u00e9lectriques qui n\u00e9cessitent des essais, des validations et des tests des syst\u00e8mes \u00e9nerg\u00e9tiques. Dans le contexte industriel europ\u00e9en, o\u00f9 l&#8217;efficacit\u00e9, la stabilit\u00e9 et la s\u00e9curit\u00e9 de la distribution \u00e9lectrique font la diff\u00e9rence sur le plan de la concurrence, ce type d&#8217;assemblage de r\u00e9sistances acquiert une importance technique capitale. Il s&#8217;agit d&#8217;une solution technique permettant de simuler des charges r\u00e9elles et de v\u00e9rifier efficacement la qualit\u00e9 des g\u00e9n\u00e9rateurs, des onduleurs et d&#8217;autres \u00e9quipements \u00e9nerg\u00e9tiques sans d\u00e9pendre de la charge qu&#8217;ils auraient dans des conditions de fonctionnement normales. En Europe, en particulier dans des pays comme l&#8217;Allemagne, la France ou les Pays-Bas, o\u00f9 les exigences r\u00e9glementaires sont strictes, le fait de disposer d&#8217;un banc de charge con\u00e7u avec pr\u00e9cision permet d&#8217;am\u00e9liorer les normes de contr\u00f4le interne de la qualit\u00e9 dans de nombreux secteurs industriels.   <\/span><\/p>\n<p><span style=\"font-weight: 400;\">Les r\u00e9sistances qui composent chaque banc de charge doivent r\u00e9pondre \u00e0 des param\u00e8tres stricts de dissipation, de tol\u00e9rance et de r\u00e9sistance aux temp\u00e9ratures extr\u00eames. Leur int\u00e9gration dans le sch\u00e9ma de test ou de validation n&#8217;est pas seulement une exigence technique mais une n\u00e9cessit\u00e9 op\u00e9rationnelle. Cette capacit\u00e9 technique est particuli\u00e8rement cruciale pour les centres de stockage d&#8217;\u00e9nergie, les infrastructures de production d&#8217;\u00e9nergie renouvelable et les syst\u00e8mes d&#8217;essai dans les secteurs ferroviaire, naval et a\u00e9rospatial. L&#8217;utilisation correcte du banc de charge permet de d\u00e9tecter les premi\u00e8res d\u00e9faillances des syst\u00e8mes, de prolonger la dur\u00e9e de vie utile des \u00e9quipements et d&#8217;\u00e9viter les \u00e9carts de performance dans les projets critiques. Dans un environnement tel que celui de l&#8217;Europe, o\u00f9 les comp\u00e9tences techniques sont \u00e9lev\u00e9es et les exigences r\u00e9glementaires fortes, la mise en \u0153uvre d&#8217;un syst\u00e8me d&#8217;essai fiable n&#8217;est pas facultative : c&#8217;est une condition sine qua non pour rester sur le march\u00e9.    <\/span><\/p>\n<p>&nbsp;<\/p>\n<p><b>Les bancs d&#8217;essai de charge d\u00e9finissent la qualit\u00e9 d&#8217;un syst\u00e8me \u00e9lectrique.<\/b><\/p>\n<p><span style=\"font-weight: 400;\">Les bancs d&#8217;essai de charge sont devenus un outil essentiel dans les installations industrielles exploitant des syst\u00e8mes \u00e9lectriques \u00e0 haute tension. Leur fonction va bien au-del\u00e0 de simples t\u00e2ches de v\u00e9rification. Ces \u00e9quipements permettent de reproduire les conditions r\u00e9elles d&#8217;exploitation sans compromettre la s\u00e9curit\u00e9 et la stabilit\u00e9 des syst\u00e8mes concern\u00e9s. Dans des secteurs tels que la fabrication de transformateurs, les essais de g\u00e9n\u00e9rateurs ou la maintenance de syst\u00e8mes de secours, des bancs de charge pr\u00e9cis et fiables font une diff\u00e9rence essentielle en termes d&#8217;efficacit\u00e9 op\u00e9rationnelle et de conformit\u00e9 aux r\u00e9glementations.   <\/span><\/p>\n<p><span style=\"font-weight: 400;\">Pour ces clients industriels, les exigences de validation \u00e9lectrique sont d\u00e9termin\u00e9es par des facteurs tels que les normes IEC ou la conformit\u00e9 aux directives de s\u00e9curit\u00e9 europ\u00e9ennes, de sorte que le composant du banc de charge doit \u00eatre int\u00e9gr\u00e9 avec une documentation technique compl\u00e8te, la tra\u00e7abilit\u00e9 des mat\u00e9riaux et des param\u00e8tres d&#8217;essai sp\u00e9cifiques. Il est essentiel qu&#8217;un fournisseur con\u00e7oive et fabrique le produit, surtout si le client op\u00e8re dans des conditions techniques exigeantes ou dans des environnements r\u00e9glement\u00e9s tels que les installations d&#8217;\u00e9nergie renouvelable en Allemagne ou les programmes d&#8217;efficacit\u00e9 industrielle dans les pays nordiques. <\/span><\/p>\n<p>&nbsp;<\/p>\n<p><b>Fabricants directs de r\u00e9sistances et de bancs d&#8217;essai de charge<\/b><\/p>\n<p><span style=\"font-weight: 400;\">Dans les environnements o\u00f9 des niveaux importants de tension et de courant sont manipul\u00e9s, il est essentiel de disposer de m\u00e9canismes qui simulent avec pr\u00e9cision les sc\u00e9narios les plus exigeants. Les bancs de charge sont utilis\u00e9s pr\u00e9cis\u00e9ment dans ce but, car ils permettent de tester les \u00e9quipements \u00e9lectriques dans diff\u00e9rentes conditions sans exposer l&#8217;infrastructure principale \u00e0 des risques inutiles. Les ing\u00e9nieurs \u00e9lectriciens peuvent ainsi valider le comportement des syst\u00e8mes avant leur mise en service d\u00e9finitive ou apr\u00e8s des interventions de maintenance.  <\/span><\/p>\n<p><span style=\"font-weight: 400;\">Le banc de charge d\u00e9velopp\u00e9 et produit par Torivac est une solution robuste et durable, optimis\u00e9e pour fonctionner dans des applications industrielles critiques. De plus, son statut de fabricant lui permet d&#8217;adapter les param\u00e8tres de ses produits dans des d\u00e9lais courts et avec une r\u00e9ponse technique align\u00e9e sur les exigences sp\u00e9cifiques de chaque client. L&#8217;excellent rapport entre performance, co\u00fbt et tra\u00e7abilit\u00e9 fait des r\u00e9sistances et des bancs de charge Torivac un choix strat\u00e9gique s\u00fbr. Pour les projets op\u00e9rant dans des environnements r\u00e9glement\u00e9s ou dans des secteurs fortement sollicit\u00e9s par les exigences r\u00e9glementaires, avoir un partenaire technique fiable n&#8217;est pas une question de pr\u00e9f\u00e9rence, mais une n\u00e9cessit\u00e9 op\u00e9rationnelle.   <\/span><\/p>\n<p>&nbsp;<\/p>\n<p><b>Torivac fabrique des r\u00e9sistances &#8211; des bancs de charge de haute pr\u00e9cision pour les tests critiques.<\/b><\/p>\n<p><span style=\"font-weight: 400;\">L&#8217;adoption d&#8217;un banc de charge de haute pr\u00e9cision permet non seulement de garantir la fiabilit\u00e9 du syst\u00e8me \u00e9lectrique dans lequel il sera install\u00e9, mais aussi d&#8217;optimiser les cycles de maintenance pr\u00e9ventive et de r\u00e9duire le risque de d\u00e9faillance dans les situations critiques. Dans l&#8217;environnement industriel europ\u00e9en concurrentiel, o\u00f9 chaque \u00e9cart technique peut entra\u00eener des pertes financi\u00e8res ou des repr\u00e9sailles contractuelles, des syst\u00e8mes tels que ceux propos\u00e9s par Torivac offrent un avantage tangible \u00e0 long terme. Chaque r\u00e9sistance d\u00e9velopp\u00e9e par cette entreprise est fabriqu\u00e9e selon des crit\u00e8res techniques rigoureux, visant \u00e0 offrir des solutions \u00e0 haute durabilit\u00e9, efficacit\u00e9 \u00e9nerg\u00e9tique et compatibilit\u00e9 r\u00e9glementaire.  <\/span><\/p>\n<p><span style=\"font-weight: 400;\">Enfin, il est important de noter qu&#8217;un banc de charge bien con\u00e7u ne se contente pas d&#8217;am\u00e9liorer les processus techniques, mais v\u00e9hicule \u00e9galement une image d&#8217;engagement en faveur de la qualit\u00e9 et de la s\u00e9curit\u00e9. Dans les industries o\u00f9 la fiabilit\u00e9 est primordiale, la d\u00e9monstration d&#8217;un \u00e9quipement de v\u00e9rification avanc\u00e9 renforce la confiance des clients et des partenaires commerciaux. C&#8217;est l\u00e0 que Torivac se positionne en tant que partenaire strat\u00e9gique, offrant des solutions qui combinent pr\u00e9cision technique, adaptabilit\u00e9 et compr\u00e9hension approfondie des exigences de l&#8217;environnement industriel moderne.  <\/span><\/p>\n<p><span style=\"font-weight: 400;\">La confiance, la pr\u00e9cision et la collaboration technique \u00e0 long terme sont les principes qui d\u00e9finissent la proposition de valeur de Torivac. Pour les entreprises qui font face au d\u00e9fi quotidien d&#8217;assurer l&#8217;efficacit\u00e9 de leurs installations gr\u00e2ce \u00e0 des syst\u00e8mes d&#8217;essai exigeants, le choix d&#8217;un banc de charge certifi\u00e9, robuste et fabriqu\u00e9 par des sp\u00e9cialistes n&#8217;est pas seulement une mesure de qualit\u00e9, mais un investissement strat\u00e9gique dans la durabilit\u00e9 et la fiabilit\u00e9 technique. Choisir Torivac n&#8217;est pas un fournisseur comme les autres, mais un fournisseur qui comprend que chaque r\u00e9sistance fabriqu\u00e9e est une promesse technique tenue.  <\/span><\/p>\n","protected":false},"excerpt":{"rendered":"<p>En tant que fabricant d&#8217;\u00e9l\u00e9ments r\u00e9sistifs, nous pouvons fournir des charges r\u00e9sistives aux fabricants de bancs de charge et de bancs de d\u00e9charge : fabriqu\u00e9s avec diff\u00e9rents types d&#8217;\u00e9l\u00e9ments r\u00e9sistifs en fonction des applications et des exigences de puissance, nous pouvons fournir des bancs de charge ayant une capacit\u00e9 de dissipation \u00e9lev\u00e9e et une excellente r\u00e9sistance aux chocs thermiques et aux surcharges, particuli\u00e8rement recommand\u00e9s pour les petites puissances (jusqu&#8217;\u00e0 30 kW) et, pour les puissances plus \u00e9lev\u00e9es, des charges offrant un faible coefficient d&#8217;induction et une grande capacit\u00e9 d&#8217;absorption d&#8217;\u00e9nergie.<\/p>\n<p>&nbsp;<\/p>\n","protected":false},"featured_media":3911,"template":"","meta":{"_acf_changed":false},"product_brand":[],"product_cat":[506,474],"product_tag":[],"class_list":{"0":"post-15896","1":"product","2":"type-product","3":"status-publish","4":"has-post-thumbnail","6":"product_cat-bancs-de-charge","7":"product_cat-resistances-bancs-de-charge","9":"first","10":"instock","11":"product-type-simple"},"acf":[],"yoast_head":"<!-- This site is optimized with the Yoast SEO plugin v27.2 - https:\/\/yoast.com\/product\/yoast-seo-wordpress\/ -->\n<title>R\u00e9sistances - Bancs de charge pour essais Torivac<\/title>\n<meta name=\"description\" content=\"R\u00e9sistances - bancs de charge id\u00e9aux pour les tests \u00e9lectriques de qualit\u00e9 dans les usines, les sites industriels et les installations \u00e0 haute tension.\" \/>\n<meta name=\"robots\" content=\"index, follow, max-snippet:-1, max-image-preview:large, max-video-preview:-1\" \/>\n<link rel=\"canonical\" href=\"https:\/\/grupotorivac.com\/fr\/product\/bancos-de-carga\/\" \/>\n<meta property=\"og:locale\" content=\"fr_FR\" \/>\n<meta property=\"og:type\" content=\"article\" \/>\n<meta property=\"og:title\" content=\"R\u00e9sistances - Bancs de charge pour essais Torivac\" \/>\n<meta property=\"og:description\" content=\"R\u00e9sistances - bancs de charge id\u00e9aux pour les tests \u00e9lectriques de qualit\u00e9 dans les usines, les sites industriels et les installations \u00e0 haute tension.\" \/>\n<meta property=\"og:url\" content=\"https:\/\/grupotorivac.com\/fr\/product\/bancos-de-carga\/\" \/>\n<meta property=\"og:site_name\" content=\"Torivac\" \/>\n<meta property=\"og:image\" content=\"https:\/\/grupotorivac.com\/wp-content\/uploads\/2022\/06\/banco-de-carga1-1.jpg\" \/>\n\t<meta property=\"og:image:width\" content=\"900\" \/>\n\t<meta property=\"og:image:height\" content=\"900\" \/>\n\t<meta property=\"og:image:type\" content=\"image\/jpeg\" \/>\n<meta name=\"twitter:card\" content=\"summary_large_image\" \/>\n<meta name=\"twitter:label1\" content=\"Dur\u00e9e de lecture estim\u00e9e\" \/>\n\t<meta name=\"twitter:data1\" content=\"6 minutes\" \/>\n<script type=\"application\/ld+json\" class=\"yoast-schema-graph\">{\"@context\":\"https:\/\/schema.org\",\"@graph\":[{\"@type\":\"WebPage\",\"@id\":\"https:\/\/grupotorivac.com\/fr\/product\/bancos-de-carga\/\",\"url\":\"https:\/\/grupotorivac.com\/fr\/product\/bancos-de-carga\/\",\"name\":\"R\u00e9sistances - Bancs de charge pour essais Torivac\",\"isPartOf\":{\"@id\":\"https:\/\/grupotorivac.com\/#website\"},\"primaryImageOfPage\":{\"@id\":\"https:\/\/grupotorivac.com\/fr\/product\/bancos-de-carga\/#primaryimage\"},\"image\":{\"@id\":\"https:\/\/grupotorivac.com\/fr\/product\/bancos-de-carga\/#primaryimage\"},\"thumbnailUrl\":\"https:\/\/grupotorivac.com\/wp-content\/uploads\/2022\/06\/banco-de-carga1-1.jpg\",\"datePublished\":\"2022-06-06T12:50:16+00:00\",\"description\":\"R\u00e9sistances - bancs de charge id\u00e9aux pour les tests \u00e9lectriques de qualit\u00e9 dans les usines, les sites industriels et les installations \u00e0 haute tension.\",\"breadcrumb\":{\"@id\":\"https:\/\/grupotorivac.com\/fr\/product\/bancos-de-carga\/#breadcrumb\"},\"inLanguage\":\"fr-FR\",\"potentialAction\":[{\"@type\":\"ReadAction\",\"target\":[\"https:\/\/grupotorivac.com\/fr\/product\/bancos-de-carga\/\"]}]},{\"@type\":\"ImageObject\",\"inLanguage\":\"fr-FR\",\"@id\":\"https:\/\/grupotorivac.com\/fr\/product\/bancos-de-carga\/#primaryimage\",\"url\":\"https:\/\/grupotorivac.com\/wp-content\/uploads\/2022\/06\/banco-de-carga1-1.jpg\",\"contentUrl\":\"https:\/\/grupotorivac.com\/wp-content\/uploads\/2022\/06\/banco-de-carga1-1.jpg\",\"width\":900,\"height\":900,\"caption\":\"r\u00e9sistances - bancs de charge pour tests \u00e9lectriques dans les usines, sites industriels, etc...\"},{\"@type\":\"BreadcrumbList\",\"@id\":\"https:\/\/grupotorivac.com\/fr\/product\/bancos-de-carga\/#breadcrumb\",\"itemListElement\":[{\"@type\":\"ListItem\",\"position\":1,\"name\":\"Portada\",\"item\":\"https:\/\/grupotorivac.com\/fr\/\"},{\"@type\":\"ListItem\",\"position\":2,\"name\":\"Products\",\"item\":\"https:\/\/grupotorivac.com\/en\/shop\/\"},{\"@type\":\"ListItem\",\"position\":3,\"name\":\"R\u00e9sistances &#8211; Banc de charge\"}]},{\"@type\":\"WebSite\",\"@id\":\"https:\/\/grupotorivac.com\/#website\",\"url\":\"https:\/\/grupotorivac.com\/\",\"name\":\"Torivac\",\"description\":\"Especializados en dise\u00f1o y fabricaci\u00f3n de variados de tensi\u00f3n\",\"publisher\":{\"@id\":\"https:\/\/grupotorivac.com\/#organization\"},\"alternateName\":\"Torivac S.L\",\"potentialAction\":[{\"@type\":\"SearchAction\",\"target\":{\"@type\":\"EntryPoint\",\"urlTemplate\":\"https:\/\/grupotorivac.com\/?s={search_term_string}\"},\"query-input\":{\"@type\":\"PropertyValueSpecification\",\"valueRequired\":true,\"valueName\":\"search_term_string\"}}],\"inLanguage\":\"fr-FR\"},{\"@type\":\"Organization\",\"@id\":\"https:\/\/grupotorivac.com\/#organization\",\"name\":\"Torivac\",\"alternateName\":\"Torivac S.L\",\"url\":\"https:\/\/grupotorivac.com\/\",\"logo\":{\"@type\":\"ImageObject\",\"inLanguage\":\"fr-FR\",\"@id\":\"https:\/\/grupotorivac.com\/#\/schema\/logo\/image\/\",\"url\":\"https:\/\/grupotorivac.com\/wp-content\/uploads\/2025\/02\/Diseno-sin-titulo-73.png\",\"contentUrl\":\"https:\/\/grupotorivac.com\/wp-content\/uploads\/2025\/02\/Diseno-sin-titulo-73.png\",\"width\":250,\"height\":250,\"caption\":\"Torivac\"},\"image\":{\"@id\":\"https:\/\/grupotorivac.com\/#\/schema\/logo\/image\/\"}}]}<\/script>\n<!-- \/ Yoast SEO plugin. -->","yoast_head_json":{"title":"R\u00e9sistances - Bancs de charge pour essais Torivac","description":"R\u00e9sistances - bancs de charge id\u00e9aux pour les tests \u00e9lectriques de qualit\u00e9 dans les usines, les sites industriels et les installations \u00e0 haute tension.","robots":{"index":"index","follow":"follow","max-snippet":"max-snippet:-1","max-image-preview":"max-image-preview:large","max-video-preview":"max-video-preview:-1"},"canonical":"https:\/\/grupotorivac.com\/fr\/product\/bancos-de-carga\/","og_locale":"fr_FR","og_type":"article","og_title":"R\u00e9sistances - Bancs de charge pour essais Torivac","og_description":"R\u00e9sistances - bancs de charge id\u00e9aux pour les tests \u00e9lectriques de qualit\u00e9 dans les usines, les sites industriels et les installations \u00e0 haute tension.","og_url":"https:\/\/grupotorivac.com\/fr\/product\/bancos-de-carga\/","og_site_name":"Torivac","og_image":[{"width":900,"height":900,"url":"https:\/\/grupotorivac.com\/wp-content\/uploads\/2022\/06\/banco-de-carga1-1.jpg","type":"image\/jpeg"}],"twitter_card":"summary_large_image","twitter_misc":{"Dur\u00e9e de lecture estim\u00e9e":"6 minutes"},"schema":{"@context":"https:\/\/schema.org","@graph":[{"@type":"WebPage","@id":"https:\/\/grupotorivac.com\/fr\/product\/bancos-de-carga\/","url":"https:\/\/grupotorivac.com\/fr\/product\/bancos-de-carga\/","name":"R\u00e9sistances - Bancs de charge pour essais Torivac","isPartOf":{"@id":"https:\/\/grupotorivac.com\/#website"},"primaryImageOfPage":{"@id":"https:\/\/grupotorivac.com\/fr\/product\/bancos-de-carga\/#primaryimage"},"image":{"@id":"https:\/\/grupotorivac.com\/fr\/product\/bancos-de-carga\/#primaryimage"},"thumbnailUrl":"https:\/\/grupotorivac.com\/wp-content\/uploads\/2022\/06\/banco-de-carga1-1.jpg","datePublished":"2022-06-06T12:50:16+00:00","description":"R\u00e9sistances - bancs de charge id\u00e9aux pour les tests \u00e9lectriques de qualit\u00e9 dans les usines, les sites industriels et les installations \u00e0 haute tension.","breadcrumb":{"@id":"https:\/\/grupotorivac.com\/fr\/product\/bancos-de-carga\/#breadcrumb"},"inLanguage":"fr-FR","potentialAction":[{"@type":"ReadAction","target":["https:\/\/grupotorivac.com\/fr\/product\/bancos-de-carga\/"]}]},{"@type":"ImageObject","inLanguage":"fr-FR","@id":"https:\/\/grupotorivac.com\/fr\/product\/bancos-de-carga\/#primaryimage","url":"https:\/\/grupotorivac.com\/wp-content\/uploads\/2022\/06\/banco-de-carga1-1.jpg","contentUrl":"https:\/\/grupotorivac.com\/wp-content\/uploads\/2022\/06\/banco-de-carga1-1.jpg","width":900,"height":900,"caption":"r\u00e9sistances - bancs de charge pour tests \u00e9lectriques dans les usines, sites industriels, etc..."},{"@type":"BreadcrumbList","@id":"https:\/\/grupotorivac.com\/fr\/product\/bancos-de-carga\/#breadcrumb","itemListElement":[{"@type":"ListItem","position":1,"name":"Portada","item":"https:\/\/grupotorivac.com\/fr\/"},{"@type":"ListItem","position":2,"name":"Products","item":"https:\/\/grupotorivac.com\/en\/shop\/"},{"@type":"ListItem","position":3,"name":"R\u00e9sistances &#8211; Banc de charge"}]},{"@type":"WebSite","@id":"https:\/\/grupotorivac.com\/#website","url":"https:\/\/grupotorivac.com\/","name":"Torivac","description":"Especializados en dise\u00f1o y fabricaci\u00f3n de variados de tensi\u00f3n","publisher":{"@id":"https:\/\/grupotorivac.com\/#organization"},"alternateName":"Torivac S.L","potentialAction":[{"@type":"SearchAction","target":{"@type":"EntryPoint","urlTemplate":"https:\/\/grupotorivac.com\/?s={search_term_string}"},"query-input":{"@type":"PropertyValueSpecification","valueRequired":true,"valueName":"search_term_string"}}],"inLanguage":"fr-FR"},{"@type":"Organization","@id":"https:\/\/grupotorivac.com\/#organization","name":"Torivac","alternateName":"Torivac S.L","url":"https:\/\/grupotorivac.com\/","logo":{"@type":"ImageObject","inLanguage":"fr-FR","@id":"https:\/\/grupotorivac.com\/#\/schema\/logo\/image\/","url":"https:\/\/grupotorivac.com\/wp-content\/uploads\/2025\/02\/Diseno-sin-titulo-73.png","contentUrl":"https:\/\/grupotorivac.com\/wp-content\/uploads\/2025\/02\/Diseno-sin-titulo-73.png","width":250,"height":250,"caption":"Torivac"},"image":{"@id":"https:\/\/grupotorivac.com\/#\/schema\/logo\/image\/"}}]}},"_links":{"self":[{"href":"https:\/\/grupotorivac.com\/fr\/wp-json\/wp\/v2\/product\/15896","targetHints":{"allow":["GET"]}}],"collection":[{"href":"https:\/\/grupotorivac.com\/fr\/wp-json\/wp\/v2\/product"}],"about":[{"href":"https:\/\/grupotorivac.com\/fr\/wp-json\/wp\/v2\/types\/product"}],"wp:featuredmedia":[{"embeddable":true,"href":"https:\/\/grupotorivac.com\/fr\/wp-json\/wp\/v2\/media\/3911"}],"wp:attachment":[{"href":"https:\/\/grupotorivac.com\/fr\/wp-json\/wp\/v2\/media?parent=15896"}],"wp:term":[{"taxonomy":"product_brand","embeddable":true,"href":"https:\/\/grupotorivac.com\/fr\/wp-json\/wp\/v2\/product_brand?post=15896"},{"taxonomy":"product_cat","embeddable":true,"href":"https:\/\/grupotorivac.com\/fr\/wp-json\/wp\/v2\/product_cat?post=15896"},{"taxonomy":"product_tag","embeddable":true,"href":"https:\/\/grupotorivac.com\/fr\/wp-json\/wp\/v2\/product_tag?post=15896"}],"curies":[{"name":"wp","href":"https:\/\/api.w.org\/{rel}","templated":true}]}}