{"id":15895,"date":"2022-05-17T13:29:29","date_gmt":"2022-05-17T13:29:29","guid":{"rendered":"https:\/\/grupotorivac.com\/product\/variador-trifasico-motorizado\/"},"modified":"2022-05-17T13:29:29","modified_gmt":"2022-05-17T13:29:29","slug":"variador-trifasico-motorizado","status":"publish","type":"product","link":"https:\/\/grupotorivac.com\/fr\/product\/variador-trifasico-motorizado\/","title":{"rendered":"Inverseur motoris\u00e9 triphas\u00e9"},"content":{"rendered":"<h2 class=\"p1\"><b>Apports de l&#8217;onduleur motoris\u00e9 triphas\u00e9 Torivac<\/b><\/h2>\n<p>Un onduleur motoris\u00e9 triphas\u00e9 Torivac est un appareil con\u00e7u pour r\u00e9guler et ajuster la tension de sortie dans les syst\u00e8mes \u00e9lectriques triphas\u00e9s, permettant un contr\u00f4le pr\u00e9cis de la tension en fonction des besoins de l&#8217;installation. Sa fonction de base est de stabiliser la puissance fournie aux moteurs \u00e9lectriques et aux machines industrielles, en \u00e9vitant les surtensions ou les chutes de tension qui peuvent affecter les performances et l&#8217;efficacit\u00e9 du fonctionnement.<br \/>\nDans les environnements tr\u00e8s exigeants, son utilisation est essentielle pour optimiser la consommation d&#8217;\u00e9lectricit\u00e9, prolonger la dur\u00e9e de vie utile des \u00e9quipements et am\u00e9liorer la s\u00e9curit\u00e9 de l&#8217;infrastructure \u00e9nerg\u00e9tique.<br \/>\nIl est situ\u00e9 entre le moteur et la source de tension de l&#8217;\u00e9quipement. Il alimente, r\u00e9gule et contr\u00f4le un moteur \u00e0 courant alternatif. Les onduleurs ont g\u00e9n\u00e9ralement un rendement compris entre 95% et 98%, ce qui implique une r\u00e9duction consid\u00e9rable de la consommation d&#8217;\u00e9nergie des moteurs et, par cons\u00e9quent, une r\u00e9duction des co\u00fbts.   <\/p>\n<h3 class=\"p1\"><b>A quoi sert un onduleur triphas\u00e9 motoris\u00e9 ?<\/b><\/h3>\n<p>Alimentations sinuso\u00efdales de forte puissance<br \/>\nContr\u00f4le de la puissance des charges lin\u00e9aires.<br \/>\nLorsque des tests de sous ou de surtension sont n\u00e9cessaires<br \/>\nLorsque le processus n\u00e9cessite une source d&#8217;\u00e9nergie \u00e9lectrique stable et une alimentation constante.<\/p>\n<h3 class=\"p1\"><b>Il apporte une stabilit\u00e9 et une meilleure synchronisation aux processus op\u00e9rationnels dans les grandes industries de l&#8217;\u00e9nergie.<\/b><\/h3>\n<p>L&#8217;entra\u00eenement triphas\u00e9 motoris\u00e9 permet d&#8217;ajuster pr\u00e9cis\u00e9ment la tension de sortie, ce qui est essentiel dans les applications exigeant stabilit\u00e9 et synchronisation.<br \/>\nDans les lignes de production automatis\u00e9es, par exemple, il garantit que les machines fonctionnent avec une tension ajust\u00e9e en fonction des besoins, \u00e9vitant ainsi les d\u00e9faillances dues \u00e0 des \u00e9carts de temp\u00e9rature dans une cuve ou de courant dans un bain galvanique. Dans l&#8217;industrie alimentaire, o\u00f9 les processus doivent r\u00e9pondre \u00e0 des normes de qualit\u00e9, cette capacit\u00e9 de contr\u00f4le est essentielle \u00e0 l&#8217;uniformit\u00e9 du produit final. <\/p>\n<p>Ce variateur prot\u00e8ge le syst\u00e8me contre les pics de tension et les variations de charge, \u00e9vitant ainsi les dommages et garantissant un fonctionnement stable. Dans les environnements industriels o\u00f9 les r\u00e9seaux \u00e9lectriques changent, cette protection est essentielle pour \u00e9viter les pannes et les d\u00e9faillances inattendues.<br \/>\nIl est con\u00e7u pour \u00eatre int\u00e9gr\u00e9 dans divers secteurs, des syst\u00e8mes de climatisation aux machines lourdes. Dans le domaine de la logistique et du transport, il optimise les performances des bandes transporteuses, garantissant un flux efficace de mat\u00e9riaux. <\/p>\n<h3 class=\"p1\"><b>Torivac est une entreprise sp\u00e9cialis\u00e9e dans la conception et la fabrication de transformateurs toro\u00efdaux et de variateurs de tension.<\/b><\/h3>\n<p>Nous avons pr\u00e8s de 60 ans d&#8217;exp\u00e9rience dans le secteur, ce qui nous a permis d&#8217;\u00eatre pr\u00e9sents dans plus de 30 pays.<br \/>\nNous disposons d&#8217;une \u00e9quipe technique qui garantit la fabrication de dispositifs de haute pr\u00e9cision et efficaces. Notre m\u00e9thodologie de travail nous permet d&#8217;effectuer des simulations avanc\u00e9es \u00e0 chaque \u00e9tape de chaque projet, en garantissant que chaque composant, qu&#8217;il s&#8217;agisse de variateurs de tension toro\u00efdaux, de transformateurs de r\u00e9gulation, de d\u00e9chargeurs de batterie, de potentiom\u00e8tres ou de noyaux toro\u00efdaux, r\u00e9ponde aux normes les plus \u00e9lev\u00e9es du secteur.<br \/>\nNous travaillons en \u00e9troite collaboration avec des entreprises qui disposent d&#8217;une grande infrastructure, afin de garantir des solutions personnalis\u00e9es et efficaces. Nous visons \u00e0 r\u00e9pondre aux demandes d&#8217;industries telles que la technologie, l&#8217;\u00e9nergie et l&#8217;automobile. Notre objectif est de continuer \u00e0 innover, de renforcer les alliances strat\u00e9giques et d&#8217;\u00e9tendre notre port\u00e9e mondiale, en maintenant toujours le label de qualit\u00e9 et d&#8217;excellence qui nous caract\u00e9rise depuis nos d\u00e9buts.   <\/p>\n","protected":false},"excerpt":{"rendered":"<p>Il est principalement utilis\u00e9 pour r\u00e9guler des \u00e9quipements \u00e0 distance ou pour stabiliser des \u00e9quipements. Il est \u00e9galement recommand\u00e9 pour motoriser les variateurs de tension de forte puissance, en raison de la facilit\u00e9 d&#8217;utilisation qu&#8217;il procure.   <\/p>\n<p>Dans ce type de r\u00e9gulation, l&#8217;arbre de l&#8217;onduleur est entra\u00een\u00e9 par un motor\u00e9ducteur via un interrupteur manuel qui permet d&#8217;augmenter ou de diminuer la tension de sortie.  <\/p>\n<p>Les moteurs assembl\u00e9s par TORIVAC n&#8217;ont pas d&#8217;inertie, ce qui les rend id\u00e9aux pour la t\u00e9l\u00e9commande.  <\/p>\n<p>Sur demande, des mod\u00e8les stabilis\u00e9s peuvent \u00eatre fabriqu\u00e9s en utilisant notre propre \u00e9lectronique avec une pr\u00e9cision de 2% (lien vers les accessoires de contr\u00f4le). <\/p>\n<p><a class=\"button button_size_2 button_dark\" href=\"https:\/\/grupotorivac.com\/wp-content\/uploads\/2023\/02\/Variador-tension-trifasico-regulacion-motorizada-1.pdf\" target=\"_blank\" rel=\"noopener\"><span class=\"button_label\"><strong>Voir la fiche technique<\/strong><\/span><\/a><\/p>\n","protected":false},"featured_media":3879,"template":"","meta":{"_acf_changed":false},"product_brand":[],"product_cat":[541,547,532],"product_tag":[],"class_list":{"0":"post-15895","1":"product","2":"type-product","3":"status-publish","4":"has-post-thumbnail","6":"product_cat-entrainements-triphases","7":"product_cat-motorise","8":"product_cat-regulateurs-de-tension-autotransformateurs-reglables","10":"first","11":"instock","12":"product-type-simple"},"acf":[],"yoast_head":"<!-- This site is optimized with the Yoast SEO plugin v27.2 - https:\/\/yoast.com\/product\/yoast-seo-wordpress\/ -->\n<title>Inverseur motoris\u00e9 triphas\u00e9 - Torivac<\/title>\n<meta name=\"description\" content=\"Les onduleurs motoris\u00e9s triphas\u00e9s de Torivac contr\u00f4lent la vitesse des moteurs \u00e0 induction monophas\u00e9s et triphas\u00e9s.\" \/>\n<meta name=\"robots\" content=\"index, follow, max-snippet:-1, max-image-preview:large, max-video-preview:-1\" \/>\n<link rel=\"canonical\" href=\"https:\/\/grupotorivac.com\/product\/variador-trifasico-motorizado\/\" \/>\n<meta property=\"og:locale\" content=\"fr_FR\" \/>\n<meta property=\"og:type\" content=\"article\" \/>\n<meta property=\"og:title\" content=\"Inverseur motoris\u00e9 triphas\u00e9 - Torivac\" \/>\n<meta property=\"og:description\" content=\"Les onduleurs motoris\u00e9s triphas\u00e9s de Torivac contr\u00f4lent la vitesse des moteurs \u00e0 induction monophas\u00e9s et triphas\u00e9s.\" \/>\n<meta property=\"og:url\" content=\"https:\/\/grupotorivac.com\/product\/variador-trifasico-motorizado\/\" \/>\n<meta property=\"og:site_name\" content=\"Torivac\" \/>\n<meta property=\"og:image\" content=\"https:\/\/grupotorivac.com\/wp-content\/uploads\/2022\/12\/TRIFASICO-MOTORIZADO.jpg\" \/>\n\t<meta property=\"og:image:width\" content=\"1500\" \/>\n\t<meta property=\"og:image:height\" content=\"1500\" \/>\n\t<meta property=\"og:image:type\" content=\"image\/jpeg\" \/>\n<meta name=\"twitter:card\" content=\"summary_large_image\" \/>\n<meta name=\"twitter:label1\" content=\"Dur\u00e9e de lecture estim\u00e9e\" \/>\n\t<meta name=\"twitter:data1\" content=\"3 minutes\" \/>\n<script type=\"application\/ld+json\" class=\"yoast-schema-graph\">{\"@context\":\"https:\/\/schema.org\",\"@graph\":[{\"@type\":\"WebPage\",\"@id\":\"https:\/\/grupotorivac.com\/product\/variador-trifasico-motorizado\/\",\"url\":\"https:\/\/grupotorivac.com\/product\/variador-trifasico-motorizado\/\",\"name\":\"Inverseur motoris\u00e9 triphas\u00e9 - Torivac\",\"isPartOf\":{\"@id\":\"https:\/\/grupotorivac.com\/#website\"},\"primaryImageOfPage\":{\"@id\":\"https:\/\/grupotorivac.com\/product\/variador-trifasico-motorizado\/#primaryimage\"},\"image\":{\"@id\":\"https:\/\/grupotorivac.com\/product\/variador-trifasico-motorizado\/#primaryimage\"},\"thumbnailUrl\":\"https:\/\/grupotorivac.com\/wp-content\/uploads\/2022\/12\/TRIFASICO-MOTORIZADO.jpg\",\"datePublished\":\"2022-05-17T13:29:29+00:00\",\"description\":\"Les onduleurs motoris\u00e9s triphas\u00e9s de Torivac contr\u00f4lent la vitesse des moteurs \u00e0 induction monophas\u00e9s et triphas\u00e9s.\",\"breadcrumb\":{\"@id\":\"https:\/\/grupotorivac.com\/product\/variador-trifasico-motorizado\/#breadcrumb\"},\"inLanguage\":\"fr-FR\",\"potentialAction\":[{\"@type\":\"ReadAction\",\"target\":[\"https:\/\/grupotorivac.com\/product\/variador-trifasico-motorizado\/\"]}]},{\"@type\":\"ImageObject\",\"inLanguage\":\"fr-FR\",\"@id\":\"https:\/\/grupotorivac.com\/product\/variador-trifasico-motorizado\/#primaryimage\",\"url\":\"https:\/\/grupotorivac.com\/wp-content\/uploads\/2022\/12\/TRIFASICO-MOTORIZADO.jpg\",\"contentUrl\":\"https:\/\/grupotorivac.com\/wp-content\/uploads\/2022\/12\/TRIFASICO-MOTORIZADO.jpg\",\"width\":1500,\"height\":1500,\"caption\":\"Onduleur de tension triphas\u00e9 Torivac, con\u00e7u pour les machines lourdes, r\u00e9duisant la consommation d'\u00e9nergie et optimisant les performances du moteur.\"},{\"@type\":\"BreadcrumbList\",\"@id\":\"https:\/\/grupotorivac.com\/product\/variador-trifasico-motorizado\/#breadcrumb\",\"itemListElement\":[{\"@type\":\"ListItem\",\"position\":1,\"name\":\"Portada\",\"item\":\"https:\/\/grupotorivac.com\/fr\/\"},{\"@type\":\"ListItem\",\"position\":2,\"name\":\"Products\",\"item\":\"https:\/\/grupotorivac.com\/en\/shop\/\"},{\"@type\":\"ListItem\",\"position\":3,\"name\":\"Inverseur motoris\u00e9 triphas\u00e9\"}]},{\"@type\":\"WebSite\",\"@id\":\"https:\/\/grupotorivac.com\/#website\",\"url\":\"https:\/\/grupotorivac.com\/\",\"name\":\"Torivac\",\"description\":\"Especializados en dise\u00f1o y fabricaci\u00f3n de variados de tensi\u00f3n\",\"publisher\":{\"@id\":\"https:\/\/grupotorivac.com\/#organization\"},\"alternateName\":\"Torivac S.L\",\"potentialAction\":[{\"@type\":\"SearchAction\",\"target\":{\"@type\":\"EntryPoint\",\"urlTemplate\":\"https:\/\/grupotorivac.com\/?s={search_term_string}\"},\"query-input\":{\"@type\":\"PropertyValueSpecification\",\"valueRequired\":true,\"valueName\":\"search_term_string\"}}],\"inLanguage\":\"fr-FR\"},{\"@type\":\"Organization\",\"@id\":\"https:\/\/grupotorivac.com\/#organization\",\"name\":\"Torivac\",\"alternateName\":\"Torivac S.L\",\"url\":\"https:\/\/grupotorivac.com\/\",\"logo\":{\"@type\":\"ImageObject\",\"inLanguage\":\"fr-FR\",\"@id\":\"https:\/\/grupotorivac.com\/#\/schema\/logo\/image\/\",\"url\":\"https:\/\/grupotorivac.com\/wp-content\/uploads\/2025\/02\/Diseno-sin-titulo-73.png\",\"contentUrl\":\"https:\/\/grupotorivac.com\/wp-content\/uploads\/2025\/02\/Diseno-sin-titulo-73.png\",\"width\":250,\"height\":250,\"caption\":\"Torivac\"},\"image\":{\"@id\":\"https:\/\/grupotorivac.com\/#\/schema\/logo\/image\/\"}}]}<\/script>\n<!-- \/ Yoast SEO plugin. -->","yoast_head_json":{"title":"Inverseur motoris\u00e9 triphas\u00e9 - Torivac","description":"Les onduleurs motoris\u00e9s triphas\u00e9s de Torivac contr\u00f4lent la vitesse des moteurs \u00e0 induction monophas\u00e9s et triphas\u00e9s.","robots":{"index":"index","follow":"follow","max-snippet":"max-snippet:-1","max-image-preview":"max-image-preview:large","max-video-preview":"max-video-preview:-1"},"canonical":"https:\/\/grupotorivac.com\/product\/variador-trifasico-motorizado\/","og_locale":"fr_FR","og_type":"article","og_title":"Inverseur motoris\u00e9 triphas\u00e9 - Torivac","og_description":"Les onduleurs motoris\u00e9s triphas\u00e9s de Torivac contr\u00f4lent la vitesse des moteurs \u00e0 induction monophas\u00e9s et triphas\u00e9s.","og_url":"https:\/\/grupotorivac.com\/product\/variador-trifasico-motorizado\/","og_site_name":"Torivac","og_image":[{"width":1500,"height":1500,"url":"https:\/\/grupotorivac.com\/wp-content\/uploads\/2022\/12\/TRIFASICO-MOTORIZADO.jpg","type":"image\/jpeg"}],"twitter_card":"summary_large_image","twitter_misc":{"Dur\u00e9e de lecture estim\u00e9e":"3 minutes"},"schema":{"@context":"https:\/\/schema.org","@graph":[{"@type":"WebPage","@id":"https:\/\/grupotorivac.com\/product\/variador-trifasico-motorizado\/","url":"https:\/\/grupotorivac.com\/product\/variador-trifasico-motorizado\/","name":"Inverseur motoris\u00e9 triphas\u00e9 - Torivac","isPartOf":{"@id":"https:\/\/grupotorivac.com\/#website"},"primaryImageOfPage":{"@id":"https:\/\/grupotorivac.com\/product\/variador-trifasico-motorizado\/#primaryimage"},"image":{"@id":"https:\/\/grupotorivac.com\/product\/variador-trifasico-motorizado\/#primaryimage"},"thumbnailUrl":"https:\/\/grupotorivac.com\/wp-content\/uploads\/2022\/12\/TRIFASICO-MOTORIZADO.jpg","datePublished":"2022-05-17T13:29:29+00:00","description":"Les onduleurs motoris\u00e9s triphas\u00e9s de Torivac contr\u00f4lent la vitesse des moteurs \u00e0 induction monophas\u00e9s et triphas\u00e9s.","breadcrumb":{"@id":"https:\/\/grupotorivac.com\/product\/variador-trifasico-motorizado\/#breadcrumb"},"inLanguage":"fr-FR","potentialAction":[{"@type":"ReadAction","target":["https:\/\/grupotorivac.com\/product\/variador-trifasico-motorizado\/"]}]},{"@type":"ImageObject","inLanguage":"fr-FR","@id":"https:\/\/grupotorivac.com\/product\/variador-trifasico-motorizado\/#primaryimage","url":"https:\/\/grupotorivac.com\/wp-content\/uploads\/2022\/12\/TRIFASICO-MOTORIZADO.jpg","contentUrl":"https:\/\/grupotorivac.com\/wp-content\/uploads\/2022\/12\/TRIFASICO-MOTORIZADO.jpg","width":1500,"height":1500,"caption":"Onduleur de tension triphas\u00e9 Torivac, con\u00e7u pour les machines lourdes, r\u00e9duisant la consommation d'\u00e9nergie et optimisant les performances du moteur."},{"@type":"BreadcrumbList","@id":"https:\/\/grupotorivac.com\/product\/variador-trifasico-motorizado\/#breadcrumb","itemListElement":[{"@type":"ListItem","position":1,"name":"Portada","item":"https:\/\/grupotorivac.com\/fr\/"},{"@type":"ListItem","position":2,"name":"Products","item":"https:\/\/grupotorivac.com\/en\/shop\/"},{"@type":"ListItem","position":3,"name":"Inverseur motoris\u00e9 triphas\u00e9"}]},{"@type":"WebSite","@id":"https:\/\/grupotorivac.com\/#website","url":"https:\/\/grupotorivac.com\/","name":"Torivac","description":"Especializados en dise\u00f1o y fabricaci\u00f3n de variados de tensi\u00f3n","publisher":{"@id":"https:\/\/grupotorivac.com\/#organization"},"alternateName":"Torivac S.L","potentialAction":[{"@type":"SearchAction","target":{"@type":"EntryPoint","urlTemplate":"https:\/\/grupotorivac.com\/?s={search_term_string}"},"query-input":{"@type":"PropertyValueSpecification","valueRequired":true,"valueName":"search_term_string"}}],"inLanguage":"fr-FR"},{"@type":"Organization","@id":"https:\/\/grupotorivac.com\/#organization","name":"Torivac","alternateName":"Torivac S.L","url":"https:\/\/grupotorivac.com\/","logo":{"@type":"ImageObject","inLanguage":"fr-FR","@id":"https:\/\/grupotorivac.com\/#\/schema\/logo\/image\/","url":"https:\/\/grupotorivac.com\/wp-content\/uploads\/2025\/02\/Diseno-sin-titulo-73.png","contentUrl":"https:\/\/grupotorivac.com\/wp-content\/uploads\/2025\/02\/Diseno-sin-titulo-73.png","width":250,"height":250,"caption":"Torivac"},"image":{"@id":"https:\/\/grupotorivac.com\/#\/schema\/logo\/image\/"}}]}},"_links":{"self":[{"href":"https:\/\/grupotorivac.com\/fr\/wp-json\/wp\/v2\/product\/15895","targetHints":{"allow":["GET"]}}],"collection":[{"href":"https:\/\/grupotorivac.com\/fr\/wp-json\/wp\/v2\/product"}],"about":[{"href":"https:\/\/grupotorivac.com\/fr\/wp-json\/wp\/v2\/types\/product"}],"wp:featuredmedia":[{"embeddable":true,"href":"https:\/\/grupotorivac.com\/fr\/wp-json\/wp\/v2\/media\/3879"}],"wp:attachment":[{"href":"https:\/\/grupotorivac.com\/fr\/wp-json\/wp\/v2\/media?parent=15895"}],"wp:term":[{"taxonomy":"product_brand","embeddable":true,"href":"https:\/\/grupotorivac.com\/fr\/wp-json\/wp\/v2\/product_brand?post=15895"},{"taxonomy":"product_cat","embeddable":true,"href":"https:\/\/grupotorivac.com\/fr\/wp-json\/wp\/v2\/product_cat?post=15895"},{"taxonomy":"product_tag","embeddable":true,"href":"https:\/\/grupotorivac.com\/fr\/wp-json\/wp\/v2\/product_tag?post=15895"}],"curies":[{"name":"wp","href":"https:\/\/api.w.org\/{rel}","templated":true}]}}