{"id":15892,"date":"2024-11-12T09:11:50","date_gmt":"2024-11-12T09:11:50","guid":{"rendered":"https:\/\/grupotorivac.com\/product\/resistencias-helicoidales\/"},"modified":"2024-11-12T09:11:50","modified_gmt":"2024-11-12T09:11:50","slug":"resistencias-helicoidales","status":"publish","type":"product","link":"https:\/\/grupotorivac.com\/fr\/product\/resistencias-helicoidales\/","title":{"rendered":"R\u00e9sistances h\u00e9lico\u00efdales"},"content":{"rendered":"<p><b>Qu&#8217;est-ce qu&#8217;une r\u00e9sistance h\u00e9lico\u00efdale ?<\/b><\/p>\n<p>Les r\u00e9sistances h\u00e9lico\u00efdales sont des composants \u00e9lectriques fabriqu\u00e9s \u00e0 partir d&#8217;un fil conducteur enroul\u00e9 en spirale autour d&#8217;un noyau isolant ou c\u00e9ramique, ce qui leur permet de supporter des charges \u00e9nerg\u00e9tiques \u00e9lev\u00e9es et de dissiper efficacement la chaleur. Leur structure h\u00e9lico\u00efdale facilite une distribution uniforme du courant \u00e9lectrique, r\u00e9duisant le risque de points chauds et am\u00e9liorant leur performance dans des conditions exigeantes.<br \/>\nElles sont essentielles dans des applications telles que les syst\u00e8mes de freinage industriels, les bancs de charge, les machines automatis\u00e9es et les contr\u00f4les de puissance dans les processus de production. <\/p>\n<p><b>Qu&#8217;est-ce qu&#8217;une r\u00e9sistance h\u00e9lico\u00efdale ?<\/b><\/p>\n<p>La conception en spirale permet une distribution uniforme de la chaleur, optimisant ainsi les performances des syst\u00e8mes \u00e9lectriques \u00e0 grande \u00e9chelle et des structures d&#8217;alimentation avanc\u00e9es.<br \/>\nFabriqu\u00e9es \u00e0 partir de mat\u00e9riaux \u00e0 haute conductivit\u00e9 thermique et prot\u00e9g\u00e9es par des rev\u00eatements r\u00e9sistants \u00e0 la corrosion, ces r\u00e9sistances garantissent un fonctionnement stable, m\u00eame dans des conditions extr\u00eames. Leur structure h\u00e9lico\u00efdale am\u00e9liore non seulement la dissipation de la chaleur, mais r\u00e9duit \u00e9galement les risques de surcharge, prolongeant ainsi la dur\u00e9e de vie de l&#8217;\u00e9quipement et r\u00e9duisant la n\u00e9cessit\u00e9 d&#8217;une maintenance fr\u00e9quente.<br \/>\nPermet une dissipation de puissance \u00e9lev\u00e9e dans un espace r\u00e9duit. Cet ensemble, avec ses supports lat\u00e9raux et son bo\u00eetier en acier galvanis\u00e9 perfor\u00e9 pour assurer une bonne ventilation, r\u00e9pond aux exigences de protection IP20 ou IP23. Elles peuvent \u00eatre fournies avec un protecteur thermique et avec la valeur ohmique requise par le client.<br \/>\nFaible coefficient de temp\u00e9rature offrant une valeur ohmique constante (param\u00e8tre d\u00e9pendant de la temp\u00e9rature) sur une large plage de temp\u00e9rature. Les r\u00e9sistances de puissance \u00e9tant des \u00e9l\u00e9ments passifs, elles ne sont pas concern\u00e9es par les normes CEM sp\u00e9cifiques.    <\/p>\n<p><b>Quelle est la compl\u00e9mentarit\u00e9 avec d&#8217;autres dispositifs ?<\/b><\/p>\n<p>Dans le domaine industriel, les r\u00e9chauffeurs h\u00e9lico\u00efdaux sont essentiels dans les syst\u00e8mes de chauffage, les fours \u00e9lectriques, les machines de transformation et les r\u00e9seaux de distribution d&#8217;\u00e9nergie. Leur capacit\u00e9 \u00e0 fonctionner \u00e0 des charges \u00e9lectriques \u00e9lev\u00e9es en fait un composant essentiel de la r\u00e9gulation thermique des infrastructures critiques, garantissant l&#8217;efficacit\u00e9 et la s\u00e9curit\u00e9 op\u00e9rationnelle.<br \/>\nEn plus de leur r\u00e9sistance m\u00e9canique et thermique, ces unit\u00e9s offrent une flexibilit\u00e9 dans leur conception, permettant des adaptations sp\u00e9cifiques en fonction des exigences de chaque installation. Elles sont donc id\u00e9ales pour les applications o\u00f9 la pr\u00e9cision et la constance des performances sont essentielles.  <\/p>\n<p><b>Torivac est une entreprise sp\u00e9cialis\u00e9e dans la conception et la fabrication de transformateurs toro\u00efdaux et de variateurs de tension.<\/b><\/p>\n<p>Nous avons pr\u00e8s de 60 ans d&#8217;exp\u00e9rience dans le secteur, ce qui nous a permis d&#8217;\u00eatre pr\u00e9sents dans plus de 30 pays.<br \/>\nNous disposons d&#8217;une \u00e9quipe technique qui garantit la fabrication de dispositifs de haute pr\u00e9cision et efficaces. Notre m\u00e9thodologie de travail nous permet d&#8217;effectuer des simulations avanc\u00e9es \u00e0 chaque \u00e9tape de chaque projet, en garantissant que chaque composant, qu&#8217;il s&#8217;agisse de variateurs de tension toro\u00efdaux, de transformateurs de r\u00e9gulation, de d\u00e9chargeurs de batterie, de potentiom\u00e8tres ou de noyaux toro\u00efdaux, r\u00e9ponde aux normes les plus \u00e9lev\u00e9es du secteur.<br \/>\nNous travaillons en \u00e9troite collaboration avec des entreprises qui disposent d&#8217;une grande infrastructure, afin de garantir des solutions personnalis\u00e9es et efficaces. Nous visons \u00e0 r\u00e9pondre aux demandes d&#8217;industries telles que la technologie, l&#8217;\u00e9nergie et l&#8217;automobile. Notre objectif est de continuer \u00e0 innover, de renforcer les alliances strat\u00e9giques et d&#8217;\u00e9tendre notre port\u00e9e mondiale, en maintenant toujours le label de qualit\u00e9 et d&#8217;excellence qui nous caract\u00e9rise depuis nos d\u00e9buts.   <\/p>\n","protected":false},"excerpt":{"rendered":"<p><span data-sheets-root=\"1\">Nos r\u00e9sistances mod\u00e8les haute puissance sont fabriqu\u00e9es \u00e0 partir de fils d&#8217;alliage r\u00e9sistif de haute qualit\u00e9. La valeur ohmique varie peu avec l&#8217;\u00e9l\u00e9vation de temp\u00e9rature de l&#8217;\u00e9l\u00e9ment. <\/span><\/p>\n<p>Il s&#8217;agit de r\u00e9sistances bobin\u00e9es compos\u00e9es d&#8217;un \u00e9l\u00e9ment r\u00e9sistif enroul\u00e9 sur un noyau tubulaire en c\u00e9ramique utilis\u00e9 comme support, afin de garantir une capacit\u00e9 de dissipation \u00e9lev\u00e9e et une excellente r\u00e9sistance aux chocs thermiques et aux surcharges. Il s&#8217;agit d&#8217;un \u00e9l\u00e9ment ouvert \u00e0 faible inductance. <\/p>\n<p>Sa construction permet une dissipation de puissance \u00e9lev\u00e9e dans un espace r\u00e9duit. Cet ensemble, dot\u00e9 de supports lat\u00e9raux et d&#8217;un bo\u00eetier en acier galvanis\u00e9 avec des trous perfor\u00e9s pour assurer une bonne ventilation, r\u00e9pond aux exigences de protection IP20 ou IP23 (selon le mod\u00e8le de r\u00e9sistance). Ils peuvent \u00eatre fournis avec un protecteur thermique et avec la valeur ohmique demand\u00e9e par le client.  <\/p>\n<p>Faible coefficient de temp\u00e9rature offrant une valeur ohmique constante sur une large plage de temp\u00e9rature.<br \/>\nLes r\u00e9sistances de puissance \u00e9tant des \u00e9l\u00e9ments passifs, elles ne sont pas concern\u00e9es par les normes CEM sp\u00e9cifiques.<\/p>\n<p>Ils ne produisent pas de radiations parasites et ne sont pas affect\u00e9s par celles-ci.<\/p>\n<p>Les caract\u00e9ristiques de nos produits font que nos r\u00e9sistances sont particuli\u00e8rement adapt\u00e9es pour limiter les courants forts, les d\u00e9charges de batteries, etc.<\/p>\n","protected":false},"featured_media":8344,"template":"","meta":{"_acf_changed":false},"product_brand":[],"product_cat":[486,474],"product_tag":[],"class_list":{"0":"post-15892","1":"product","2":"type-product","3":"status-publish","4":"has-post-thumbnail","6":"product_cat-helicoidale","7":"product_cat-resistances-bancs-de-charge","9":"first","10":"instock","11":"product-type-simple"},"acf":[],"yoast_head":"<!-- This site is optimized with the Yoast SEO plugin v27.2 - https:\/\/yoast.com\/product\/yoast-seo-wordpress\/ -->\n<title>R\u00e9sistances h\u00e9lico\u00efdales - Torivac<\/title>\n<meta name=\"description\" content=\"Les r\u00e9sistances de type h\u00e9lico\u00efdal facilitent la distribution uniforme du courant, r\u00e9duisant ainsi le risque de points chauds et am\u00e9liorant les performances.\" \/>\n<meta name=\"robots\" content=\"index, follow, max-snippet:-1, max-image-preview:large, max-video-preview:-1\" \/>\n<link rel=\"canonical\" href=\"https:\/\/grupotorivac.com\/fr\/product\/resistencias-helicoidales\/\" \/>\n<meta property=\"og:locale\" content=\"fr_FR\" \/>\n<meta property=\"og:type\" content=\"article\" \/>\n<meta property=\"og:title\" content=\"R\u00e9sistances h\u00e9lico\u00efdales - Torivac\" \/>\n<meta property=\"og:description\" content=\"Les r\u00e9sistances de type h\u00e9lico\u00efdal facilitent la distribution uniforme du courant, r\u00e9duisant ainsi le risque de points chauds et am\u00e9liorant les performances.\" \/>\n<meta property=\"og:url\" content=\"https:\/\/grupotorivac.com\/fr\/product\/resistencias-helicoidales\/\" \/>\n<meta property=\"og:site_name\" content=\"Torivac\" \/>\n<meta property=\"og:image\" content=\"https:\/\/grupotorivac.com\/wp-content\/uploads\/2024\/11\/helicoidal.jpg\" \/>\n\t<meta property=\"og:image:width\" content=\"250\" \/>\n\t<meta property=\"og:image:height\" content=\"250\" \/>\n\t<meta property=\"og:image:type\" content=\"image\/jpeg\" \/>\n<meta name=\"twitter:card\" content=\"summary_large_image\" \/>\n<meta name=\"twitter:label1\" content=\"Dur\u00e9e de lecture estim\u00e9e\" \/>\n\t<meta name=\"twitter:data1\" content=\"3 minutes\" \/>\n<script type=\"application\/ld+json\" class=\"yoast-schema-graph\">{\"@context\":\"https:\/\/schema.org\",\"@graph\":[{\"@type\":\"WebPage\",\"@id\":\"https:\/\/grupotorivac.com\/fr\/product\/resistencias-helicoidales\/\",\"url\":\"https:\/\/grupotorivac.com\/fr\/product\/resistencias-helicoidales\/\",\"name\":\"R\u00e9sistances h\u00e9lico\u00efdales - Torivac\",\"isPartOf\":{\"@id\":\"https:\/\/grupotorivac.com\/#website\"},\"primaryImageOfPage\":{\"@id\":\"https:\/\/grupotorivac.com\/fr\/product\/resistencias-helicoidales\/#primaryimage\"},\"image\":{\"@id\":\"https:\/\/grupotorivac.com\/fr\/product\/resistencias-helicoidales\/#primaryimage\"},\"thumbnailUrl\":\"https:\/\/grupotorivac.com\/wp-content\/uploads\/2024\/11\/helicoidal.jpg\",\"datePublished\":\"2024-11-12T09:11:50+00:00\",\"description\":\"Les r\u00e9sistances de type h\u00e9lico\u00efdal facilitent la distribution uniforme du courant, r\u00e9duisant ainsi le risque de points chauds et am\u00e9liorant les performances.\",\"breadcrumb\":{\"@id\":\"https:\/\/grupotorivac.com\/fr\/product\/resistencias-helicoidales\/#breadcrumb\"},\"inLanguage\":\"fr-FR\",\"potentialAction\":[{\"@type\":\"ReadAction\",\"target\":[\"https:\/\/grupotorivac.com\/fr\/product\/resistencias-helicoidales\/\"]}]},{\"@type\":\"ImageObject\",\"inLanguage\":\"fr-FR\",\"@id\":\"https:\/\/grupotorivac.com\/fr\/product\/resistencias-helicoidales\/#primaryimage\",\"url\":\"https:\/\/grupotorivac.com\/wp-content\/uploads\/2024\/11\/helicoidal.jpg\",\"contentUrl\":\"https:\/\/grupotorivac.com\/wp-content\/uploads\/2024\/11\/helicoidal.jpg\",\"width\":250,\"height\":250,\"caption\":\"Les r\u00e9sistances h\u00e9lico\u00efdales s'adaptent aux infrastructures \u00e9lectriques. Dot\u00e9e d'un rev\u00eatement anticorrosion et d'une ventilation optimis\u00e9e, elle est con\u00e7ue pour des applications dans les r\u00e9seaux de chauffage et d'\u00e9lectricit\u00e9.\"},{\"@type\":\"BreadcrumbList\",\"@id\":\"https:\/\/grupotorivac.com\/fr\/product\/resistencias-helicoidales\/#breadcrumb\",\"itemListElement\":[{\"@type\":\"ListItem\",\"position\":1,\"name\":\"Portada\",\"item\":\"https:\/\/grupotorivac.com\/fr\/\"},{\"@type\":\"ListItem\",\"position\":2,\"name\":\"Products\",\"item\":\"https:\/\/grupotorivac.com\/en\/shop\/\"},{\"@type\":\"ListItem\",\"position\":3,\"name\":\"R\u00e9sistances h\u00e9lico\u00efdales\"}]},{\"@type\":\"WebSite\",\"@id\":\"https:\/\/grupotorivac.com\/#website\",\"url\":\"https:\/\/grupotorivac.com\/\",\"name\":\"Torivac\",\"description\":\"Especializados en dise\u00f1o y fabricaci\u00f3n de variados de tensi\u00f3n\",\"publisher\":{\"@id\":\"https:\/\/grupotorivac.com\/#organization\"},\"alternateName\":\"Torivac S.L\",\"potentialAction\":[{\"@type\":\"SearchAction\",\"target\":{\"@type\":\"EntryPoint\",\"urlTemplate\":\"https:\/\/grupotorivac.com\/?s={search_term_string}\"},\"query-input\":{\"@type\":\"PropertyValueSpecification\",\"valueRequired\":true,\"valueName\":\"search_term_string\"}}],\"inLanguage\":\"fr-FR\"},{\"@type\":\"Organization\",\"@id\":\"https:\/\/grupotorivac.com\/#organization\",\"name\":\"Torivac\",\"alternateName\":\"Torivac S.L\",\"url\":\"https:\/\/grupotorivac.com\/\",\"logo\":{\"@type\":\"ImageObject\",\"inLanguage\":\"fr-FR\",\"@id\":\"https:\/\/grupotorivac.com\/#\/schema\/logo\/image\/\",\"url\":\"https:\/\/grupotorivac.com\/wp-content\/uploads\/2025\/02\/Diseno-sin-titulo-73.png\",\"contentUrl\":\"https:\/\/grupotorivac.com\/wp-content\/uploads\/2025\/02\/Diseno-sin-titulo-73.png\",\"width\":250,\"height\":250,\"caption\":\"Torivac\"},\"image\":{\"@id\":\"https:\/\/grupotorivac.com\/#\/schema\/logo\/image\/\"}}]}<\/script>\n<!-- \/ Yoast SEO plugin. -->","yoast_head_json":{"title":"R\u00e9sistances h\u00e9lico\u00efdales - Torivac","description":"Les r\u00e9sistances de type h\u00e9lico\u00efdal facilitent la distribution uniforme du courant, r\u00e9duisant ainsi le risque de points chauds et am\u00e9liorant les performances.","robots":{"index":"index","follow":"follow","max-snippet":"max-snippet:-1","max-image-preview":"max-image-preview:large","max-video-preview":"max-video-preview:-1"},"canonical":"https:\/\/grupotorivac.com\/fr\/product\/resistencias-helicoidales\/","og_locale":"fr_FR","og_type":"article","og_title":"R\u00e9sistances h\u00e9lico\u00efdales - Torivac","og_description":"Les r\u00e9sistances de type h\u00e9lico\u00efdal facilitent la distribution uniforme du courant, r\u00e9duisant ainsi le risque de points chauds et am\u00e9liorant les performances.","og_url":"https:\/\/grupotorivac.com\/fr\/product\/resistencias-helicoidales\/","og_site_name":"Torivac","og_image":[{"width":250,"height":250,"url":"https:\/\/grupotorivac.com\/wp-content\/uploads\/2024\/11\/helicoidal.jpg","type":"image\/jpeg"}],"twitter_card":"summary_large_image","twitter_misc":{"Dur\u00e9e de lecture estim\u00e9e":"3 minutes"},"schema":{"@context":"https:\/\/schema.org","@graph":[{"@type":"WebPage","@id":"https:\/\/grupotorivac.com\/fr\/product\/resistencias-helicoidales\/","url":"https:\/\/grupotorivac.com\/fr\/product\/resistencias-helicoidales\/","name":"R\u00e9sistances h\u00e9lico\u00efdales - Torivac","isPartOf":{"@id":"https:\/\/grupotorivac.com\/#website"},"primaryImageOfPage":{"@id":"https:\/\/grupotorivac.com\/fr\/product\/resistencias-helicoidales\/#primaryimage"},"image":{"@id":"https:\/\/grupotorivac.com\/fr\/product\/resistencias-helicoidales\/#primaryimage"},"thumbnailUrl":"https:\/\/grupotorivac.com\/wp-content\/uploads\/2024\/11\/helicoidal.jpg","datePublished":"2024-11-12T09:11:50+00:00","description":"Les r\u00e9sistances de type h\u00e9lico\u00efdal facilitent la distribution uniforme du courant, r\u00e9duisant ainsi le risque de points chauds et am\u00e9liorant les performances.","breadcrumb":{"@id":"https:\/\/grupotorivac.com\/fr\/product\/resistencias-helicoidales\/#breadcrumb"},"inLanguage":"fr-FR","potentialAction":[{"@type":"ReadAction","target":["https:\/\/grupotorivac.com\/fr\/product\/resistencias-helicoidales\/"]}]},{"@type":"ImageObject","inLanguage":"fr-FR","@id":"https:\/\/grupotorivac.com\/fr\/product\/resistencias-helicoidales\/#primaryimage","url":"https:\/\/grupotorivac.com\/wp-content\/uploads\/2024\/11\/helicoidal.jpg","contentUrl":"https:\/\/grupotorivac.com\/wp-content\/uploads\/2024\/11\/helicoidal.jpg","width":250,"height":250,"caption":"Les r\u00e9sistances h\u00e9lico\u00efdales s'adaptent aux infrastructures \u00e9lectriques. Dot\u00e9e d'un rev\u00eatement anticorrosion et d'une ventilation optimis\u00e9e, elle est con\u00e7ue pour des applications dans les r\u00e9seaux de chauffage et d'\u00e9lectricit\u00e9."},{"@type":"BreadcrumbList","@id":"https:\/\/grupotorivac.com\/fr\/product\/resistencias-helicoidales\/#breadcrumb","itemListElement":[{"@type":"ListItem","position":1,"name":"Portada","item":"https:\/\/grupotorivac.com\/fr\/"},{"@type":"ListItem","position":2,"name":"Products","item":"https:\/\/grupotorivac.com\/en\/shop\/"},{"@type":"ListItem","position":3,"name":"R\u00e9sistances h\u00e9lico\u00efdales"}]},{"@type":"WebSite","@id":"https:\/\/grupotorivac.com\/#website","url":"https:\/\/grupotorivac.com\/","name":"Torivac","description":"Especializados en dise\u00f1o y fabricaci\u00f3n de variados de tensi\u00f3n","publisher":{"@id":"https:\/\/grupotorivac.com\/#organization"},"alternateName":"Torivac S.L","potentialAction":[{"@type":"SearchAction","target":{"@type":"EntryPoint","urlTemplate":"https:\/\/grupotorivac.com\/?s={search_term_string}"},"query-input":{"@type":"PropertyValueSpecification","valueRequired":true,"valueName":"search_term_string"}}],"inLanguage":"fr-FR"},{"@type":"Organization","@id":"https:\/\/grupotorivac.com\/#organization","name":"Torivac","alternateName":"Torivac S.L","url":"https:\/\/grupotorivac.com\/","logo":{"@type":"ImageObject","inLanguage":"fr-FR","@id":"https:\/\/grupotorivac.com\/#\/schema\/logo\/image\/","url":"https:\/\/grupotorivac.com\/wp-content\/uploads\/2025\/02\/Diseno-sin-titulo-73.png","contentUrl":"https:\/\/grupotorivac.com\/wp-content\/uploads\/2025\/02\/Diseno-sin-titulo-73.png","width":250,"height":250,"caption":"Torivac"},"image":{"@id":"https:\/\/grupotorivac.com\/#\/schema\/logo\/image\/"}}]}},"_links":{"self":[{"href":"https:\/\/grupotorivac.com\/fr\/wp-json\/wp\/v2\/product\/15892","targetHints":{"allow":["GET"]}}],"collection":[{"href":"https:\/\/grupotorivac.com\/fr\/wp-json\/wp\/v2\/product"}],"about":[{"href":"https:\/\/grupotorivac.com\/fr\/wp-json\/wp\/v2\/types\/product"}],"wp:featuredmedia":[{"embeddable":true,"href":"https:\/\/grupotorivac.com\/fr\/wp-json\/wp\/v2\/media\/8344"}],"wp:attachment":[{"href":"https:\/\/grupotorivac.com\/fr\/wp-json\/wp\/v2\/media?parent=15892"}],"wp:term":[{"taxonomy":"product_brand","embeddable":true,"href":"https:\/\/grupotorivac.com\/fr\/wp-json\/wp\/v2\/product_brand?post=15892"},{"taxonomy":"product_cat","embeddable":true,"href":"https:\/\/grupotorivac.com\/fr\/wp-json\/wp\/v2\/product_cat?post=15892"},{"taxonomy":"product_tag","embeddable":true,"href":"https:\/\/grupotorivac.com\/fr\/wp-json\/wp\/v2\/product_tag?post=15892"}],"curies":[{"name":"wp","href":"https:\/\/api.w.org\/{rel}","templated":true}]}}