{"id":15890,"date":"2022-06-06T12:49:11","date_gmt":"2022-06-06T12:49:11","guid":{"rendered":"https:\/\/grupotorivac.com\/product\/transformador-convencional-estandar-2\/"},"modified":"2022-06-06T12:49:11","modified_gmt":"2022-06-06T12:49:11","slug":"transformador-convencional-estandar-2","status":"publish","type":"product","link":"https:\/\/grupotorivac.com\/fr\/product\/transformador-convencional-estandar-2\/","title":{"rendered":"Transformateur conventionnel standard"},"content":{"rendered":"<p class=\"p1\"><b>Qu&#8217;est-ce qu&#8217;un transformateur conventionnel standard et quelle est sa fonction ?<\/b><\/p>\n<p>Un transformateur conventionnel standard transforme la tension \u00e9lectrique dans les syst\u00e8mes industriels et commerciaux, en veillant \u00e0 ce que le courant atteigne l&#8217;\u00e9quipement \u00e0 la tension correcte. Sa fonction principale est d&#8217;adapter le courant \u00e9lectrique aux exigences sp\u00e9cifiques de chaque application, en \u00e9vitant les fluctuations qui pourraient compromettre les performances ou la s\u00e9curit\u00e9 de l&#8217;installation. <\/p>\n<p>Fabriqu\u00e9s avec des options de sortie simple, sym\u00e9trique ou multiple, les transformateurs conventionnels de Torivac r\u00e9pondent \u00e0 une large gamme d&#8217;exigences. Ils sont id\u00e9aux pour des fonctions telles que les transformateurs audio, d&#8217;imp\u00e9dance et de ligne 100V, ce qui les rend polyvalents dans diff\u00e9rents environnements. <\/p>\n<p>Ces transformateurs sont essentiels pour r\u00e9duire les tensions moyennes \u00e0 des niveaux adapt\u00e9s aux r\u00e9seaux de distribution basse tension. Ils sont couramment utilis\u00e9s dans les installations industrielles, commerciales et r\u00e9sidentielles, fournissant une alimentation fiable aux machines, aux syst\u00e8mes d&#8217;\u00e9clairage et aux autres \u00e9quipements \u00e9lectriques. Ils sont couramment utilis\u00e9s dans les installations industrielles, commerciales et r\u00e9sidentielles, fournissant une alimentation fiable aux machines, aux syst\u00e8mes d&#8217;\u00e9clairage et \u00e0 d&#8217;autres \u00e9quipements \u00e9lectriques. Leur conception permet de former des bancs triphas\u00e9s, offrant la flexibilit\u00e9 de configurer des secondaires Delta ou \u00c9toile, s&#8217;adaptant ainsi aux besoins sp\u00e9cifiques de chaque installation. <\/p>\n<p class=\"p1\"><b>Quelles sont les fonctions du transformateur Torivac conventionnel ?<\/b><\/p>\n<p><span style=\"color: #ac631e;\">1. R\u00e9duire les co\u00fbts d&#8217;entretien et de r\u00e9paration :<\/span> Lorsque l&#8217;\u00e9quipement fonctionne \u00e0 une tension id\u00e9ale, il s&#8217;use moins, ce qui r\u00e9duit la n\u00e9cessit\u00e9 de r\u00e9parations fr\u00e9quentes et prolonge sa dur\u00e9e de vie. Cela se traduit par une r\u00e9duction des co\u00fbts de remplacement des composants et une diminution des interruptions de production. <\/p>\n<p><span style=\"color: #ac631e;\">2. \u00c9vitez les interruptions et les arr\u00eats de production :<\/span> Dans les environnements industriels, une coupure ou une variation soudaine de la tension peut interrompre les processus de fabrication, entra\u00eenant des pertes \u00e9conomiques et des retards de production. Un transformateur associ\u00e9 \u00e0 un syst\u00e8me de r\u00e9gulation de la tension garantit une alimentation continue et fiable, \u00e9vitant ainsi les d\u00e9faillances inattendues. <\/p>\n<p><span style=\"color: #ac631e;\">3. am\u00e9liorer les performances des \u00e9quipements de haute<\/span> pr\u00e9cision <span style=\"color: #ac631e;\">:<\/span> dans les secteurs o\u00f9 des \u00e9quipements de haute pr\u00e9cision sont utilis\u00e9s, tels que les laboratoires, les h\u00f4pitaux ou les centres de donn\u00e9es, les fluctuations de tension peuvent entra\u00eener des erreurs de mesure, des dommages au serveur ou des pertes de donn\u00e9es. Nos transformateurs et stabilisateurs maintiennent les niveaux de tension stables afin de garantir des performances optimales et d&#8217;\u00e9viter la perte de donn\u00e9es ou la d\u00e9faillance de processus critiques. <\/p>\n<p class=\"p1\"><b>Diff\u00e9rences entre un transformateur Torivac et tout autre transformateur<\/b><\/p>\n<p>Alors qu&#8217;un transformateur standard n&#8217;assure que la fonction de conversion de tension, les transformateurs Torivac sont con\u00e7us pour optimiser l&#8217;efficacit\u00e9 \u00e9nerg\u00e9tique, minimiser les pertes et am\u00e9liorer le r\u00e9seau. Leur construction avec des mat\u00e9riaux de haute qualit\u00e9 garantit une dur\u00e9e de vie plus longue et une r\u00e9sistance aux surcharges ou aux variations de tension, r\u00e9duisant ainsi les co\u00fbts de maintenance et le risque de d\u00e9faillance op\u00e9rationnelle. <\/p>\n<p>De plus, les transformateurs Torivac permettent des configurations personnalis\u00e9es dans les banques triphas\u00e9es, en fournissant des connexions Delta ou \u00c9toile selon les besoins sp\u00e9cifiques de votre projet. Cette flexibilit\u00e9 est cruciale dans les secteurs industriels o\u00f9 la continuit\u00e9 de l&#8217;alimentation \u00e9lectrique est une priorit\u00e9. <\/p>\n<p class=\"p1\"><b>Torivac est une entreprise sp\u00e9cialis\u00e9e dans la conception et la fabrication de transformateurs conventionnels et toro\u00efdaux.<\/b><\/p>\n<p>Nous avons pr\u00e8s de 60 ans d&#8217;exp\u00e9rience dans le secteur, ce qui nous a permis d&#8217;\u00eatre pr\u00e9sents dans plus de 30 pays.<br \/>\nNous disposons d&#8217;une \u00e9quipe technique qui garantit la fabrication de dispositifs de haute pr\u00e9cision et efficaces. Notre m\u00e9thodologie de travail nous permet d&#8217;effectuer des simulations avanc\u00e9es \u00e0 chaque \u00e9tape de chaque projet, en veillant \u00e0 ce que chaque composant, qu&#8217;il s&#8217;agisse de variateurs de tension toro\u00efdaux, de transformateurs de r\u00e9gulation, de d\u00e9chargeurs de batterie, de potentiom\u00e8tres ou de noyaux toro\u00efdaux, soit conforme aux normes les plus strictes du secteur. <\/p>\n<p>Nous travaillons en \u00e9troite collaboration avec des entreprises qui disposent d&#8217;une grande infrastructure, en cherchant \u00e0 leur garantir des solutions personnalis\u00e9es et efficaces. Nous visons \u00e0 r\u00e9pondre aux demandes d&#8217;industries telles que la technologie, l&#8217;\u00e9nergie et l&#8217;automobile. Notre objectif est de continuer \u00e0 innover, de renforcer les alliances strat\u00e9giques et d&#8217;\u00e9tendre notre port\u00e9e mondiale, en maintenant toujours le label de qualit\u00e9 et d&#8217;excellence qui nous caract\u00e9rise depuis nos d\u00e9buts.  <\/p>\n","protected":false},"excerpt":{"rendered":"<p>Fabriqu\u00e9s avec une sortie simple, sym\u00e9trique ou multiple, ils sont parfaits comme transformateurs audio, transformateurs d&#8217;imp\u00e9dance, ligne audio 100V et t\u00e9l\u00e9phone 600 ohms.<br \/>\nImpr\u00e9gn\u00e9s de vernis \u00e9poxy classe F et s\u00e9ch\u00e9s au four, ils sont conformes aux normes internationales de s\u00e9curit\u00e9 et de qualit\u00e9 (EN 61558, VDE 0570, VDE 0550-0551, UL-506, CSA C22.2, CEE 15, SEMKO 115), ce qui garantit des performances optimales face aux changements de temp\u00e9rature, \u00e0 l&#8217;humidit\u00e9 et aux environnements agressifs.<\/p>\n","protected":false},"featured_media":3743,"template":"","meta":{"_acf_changed":false},"product_brand":[],"product_cat":[467,466],"product_tag":[],"class_list":{"0":"post-15890","1":"product","2":"type-product","3":"status-publish","4":"has-post-thumbnail","6":"product_cat-serie-tc","7":"product_cat-transformateur-conventionnel","9":"first","10":"instock","11":"product-type-simple"},"acf":[],"yoast_head":"<!-- This site is optimized with the Yoast SEO plugin v27.2 - https:\/\/yoast.com\/product\/yoast-seo-wordpress\/ -->\n<title>Transformateur conventionnel standard - Torivac<\/title>\n<meta name=\"description\" content=\"Ce transformateur conventionnel standard permet de r\u00e9duire les pertes magn\u00e9tiques, d&#039;am\u00e9liorer le rendement et de minimiser les interf\u00e9rences \u00e9lectromagn\u00e9tiques.\" \/>\n<meta name=\"robots\" content=\"index, follow, max-snippet:-1, max-image-preview:large, max-video-preview:-1\" \/>\n<link rel=\"canonical\" href=\"https:\/\/grupotorivac.com\/product\/transformador-convencional-estandar-2\/\" \/>\n<meta property=\"og:locale\" content=\"fr_FR\" \/>\n<meta property=\"og:type\" content=\"article\" \/>\n<meta property=\"og:title\" content=\"Transformateur conventionnel standard - Torivac\" \/>\n<meta property=\"og:description\" content=\"Ce transformateur conventionnel standard permet de r\u00e9duire les pertes magn\u00e9tiques, d&#039;am\u00e9liorer le rendement et de minimiser les interf\u00e9rences \u00e9lectromagn\u00e9tiques.\" \/>\n<meta property=\"og:url\" content=\"https:\/\/grupotorivac.com\/product\/transformador-convencional-estandar-2\/\" \/>\n<meta property=\"og:site_name\" content=\"Torivac\" \/>\n<meta property=\"og:image\" content=\"https:\/\/grupotorivac.com\/wp-content\/uploads\/2022\/06\/TC.jpg\" \/>\n\t<meta property=\"og:image:width\" content=\"800\" \/>\n\t<meta property=\"og:image:height\" content=\"600\" \/>\n\t<meta property=\"og:image:type\" content=\"image\/png\" \/>\n<meta name=\"twitter:card\" content=\"summary_large_image\" \/>\n<meta name=\"twitter:label1\" content=\"Dur\u00e9e de lecture estim\u00e9e\" \/>\n\t<meta name=\"twitter:data1\" content=\"4 minutes\" \/>\n<script type=\"application\/ld+json\" class=\"yoast-schema-graph\">{\"@context\":\"https:\/\/schema.org\",\"@graph\":[{\"@type\":\"WebPage\",\"@id\":\"https:\/\/grupotorivac.com\/product\/transformador-convencional-estandar-2\/\",\"url\":\"https:\/\/grupotorivac.com\/product\/transformador-convencional-estandar-2\/\",\"name\":\"Transformateur conventionnel standard - Torivac\",\"isPartOf\":{\"@id\":\"https:\/\/grupotorivac.com\/#website\"},\"primaryImageOfPage\":{\"@id\":\"https:\/\/grupotorivac.com\/product\/transformador-convencional-estandar-2\/#primaryimage\"},\"image\":{\"@id\":\"https:\/\/grupotorivac.com\/product\/transformador-convencional-estandar-2\/#primaryimage\"},\"thumbnailUrl\":\"https:\/\/grupotorivac.com\/wp-content\/uploads\/2022\/06\/TC.jpg\",\"datePublished\":\"2022-06-06T12:49:11+00:00\",\"description\":\"Ce transformateur conventionnel standard permet de r\u00e9duire les pertes magn\u00e9tiques, d'am\u00e9liorer le rendement et de minimiser les interf\u00e9rences \u00e9lectromagn\u00e9tiques.\",\"breadcrumb\":{\"@id\":\"https:\/\/grupotorivac.com\/product\/transformador-convencional-estandar-2\/#breadcrumb\"},\"inLanguage\":\"fr-FR\",\"potentialAction\":[{\"@type\":\"ReadAction\",\"target\":[\"https:\/\/grupotorivac.com\/product\/transformador-convencional-estandar-2\/\"]}]},{\"@type\":\"ImageObject\",\"inLanguage\":\"fr-FR\",\"@id\":\"https:\/\/grupotorivac.com\/product\/transformador-convencional-estandar-2\/#primaryimage\",\"url\":\"https:\/\/grupotorivac.com\/wp-content\/uploads\/2022\/06\/TC.jpg\",\"contentUrl\":\"https:\/\/grupotorivac.com\/wp-content\/uploads\/2022\/06\/TC.jpg\",\"width\":800,\"height\":600,\"caption\":\"Transformateur conventionnel \u00e0 sorties multiples, con\u00e7u pour les applications industrielles, commerciales et r\u00e9sidentielles \u00e0 forte demande d'\u00e9nergie.\"},{\"@type\":\"BreadcrumbList\",\"@id\":\"https:\/\/grupotorivac.com\/product\/transformador-convencional-estandar-2\/#breadcrumb\",\"itemListElement\":[{\"@type\":\"ListItem\",\"position\":1,\"name\":\"Portada\",\"item\":\"https:\/\/grupotorivac.com\/fr\/\"},{\"@type\":\"ListItem\",\"position\":2,\"name\":\"Products\",\"item\":\"https:\/\/grupotorivac.com\/en\/shop\/\"},{\"@type\":\"ListItem\",\"position\":3,\"name\":\"Transformateur conventionnel standard\"}]},{\"@type\":\"WebSite\",\"@id\":\"https:\/\/grupotorivac.com\/#website\",\"url\":\"https:\/\/grupotorivac.com\/\",\"name\":\"Torivac\",\"description\":\"Especializados en dise\u00f1o y fabricaci\u00f3n de variados de tensi\u00f3n\",\"publisher\":{\"@id\":\"https:\/\/grupotorivac.com\/#organization\"},\"alternateName\":\"Torivac S.L\",\"potentialAction\":[{\"@type\":\"SearchAction\",\"target\":{\"@type\":\"EntryPoint\",\"urlTemplate\":\"https:\/\/grupotorivac.com\/?s={search_term_string}\"},\"query-input\":{\"@type\":\"PropertyValueSpecification\",\"valueRequired\":true,\"valueName\":\"search_term_string\"}}],\"inLanguage\":\"fr-FR\"},{\"@type\":\"Organization\",\"@id\":\"https:\/\/grupotorivac.com\/#organization\",\"name\":\"Torivac\",\"alternateName\":\"Torivac S.L\",\"url\":\"https:\/\/grupotorivac.com\/\",\"logo\":{\"@type\":\"ImageObject\",\"inLanguage\":\"fr-FR\",\"@id\":\"https:\/\/grupotorivac.com\/#\/schema\/logo\/image\/\",\"url\":\"https:\/\/grupotorivac.com\/wp-content\/uploads\/2025\/02\/Diseno-sin-titulo-73.png\",\"contentUrl\":\"https:\/\/grupotorivac.com\/wp-content\/uploads\/2025\/02\/Diseno-sin-titulo-73.png\",\"width\":250,\"height\":250,\"caption\":\"Torivac\"},\"image\":{\"@id\":\"https:\/\/grupotorivac.com\/#\/schema\/logo\/image\/\"}}]}<\/script>\n<!-- \/ Yoast SEO plugin. -->","yoast_head_json":{"title":"Transformateur conventionnel standard - Torivac","description":"Ce transformateur conventionnel standard permet de r\u00e9duire les pertes magn\u00e9tiques, d'am\u00e9liorer le rendement et de minimiser les interf\u00e9rences \u00e9lectromagn\u00e9tiques.","robots":{"index":"index","follow":"follow","max-snippet":"max-snippet:-1","max-image-preview":"max-image-preview:large","max-video-preview":"max-video-preview:-1"},"canonical":"https:\/\/grupotorivac.com\/product\/transformador-convencional-estandar-2\/","og_locale":"fr_FR","og_type":"article","og_title":"Transformateur conventionnel standard - Torivac","og_description":"Ce transformateur conventionnel standard permet de r\u00e9duire les pertes magn\u00e9tiques, d'am\u00e9liorer le rendement et de minimiser les interf\u00e9rences \u00e9lectromagn\u00e9tiques.","og_url":"https:\/\/grupotorivac.com\/product\/transformador-convencional-estandar-2\/","og_site_name":"Torivac","og_image":[{"width":800,"height":600,"url":"https:\/\/grupotorivac.com\/wp-content\/uploads\/2022\/06\/TC.jpg","type":"image\/png"}],"twitter_card":"summary_large_image","twitter_misc":{"Dur\u00e9e de lecture estim\u00e9e":"4 minutes"},"schema":{"@context":"https:\/\/schema.org","@graph":[{"@type":"WebPage","@id":"https:\/\/grupotorivac.com\/product\/transformador-convencional-estandar-2\/","url":"https:\/\/grupotorivac.com\/product\/transformador-convencional-estandar-2\/","name":"Transformateur conventionnel standard - Torivac","isPartOf":{"@id":"https:\/\/grupotorivac.com\/#website"},"primaryImageOfPage":{"@id":"https:\/\/grupotorivac.com\/product\/transformador-convencional-estandar-2\/#primaryimage"},"image":{"@id":"https:\/\/grupotorivac.com\/product\/transformador-convencional-estandar-2\/#primaryimage"},"thumbnailUrl":"https:\/\/grupotorivac.com\/wp-content\/uploads\/2022\/06\/TC.jpg","datePublished":"2022-06-06T12:49:11+00:00","description":"Ce transformateur conventionnel standard permet de r\u00e9duire les pertes magn\u00e9tiques, d'am\u00e9liorer le rendement et de minimiser les interf\u00e9rences \u00e9lectromagn\u00e9tiques.","breadcrumb":{"@id":"https:\/\/grupotorivac.com\/product\/transformador-convencional-estandar-2\/#breadcrumb"},"inLanguage":"fr-FR","potentialAction":[{"@type":"ReadAction","target":["https:\/\/grupotorivac.com\/product\/transformador-convencional-estandar-2\/"]}]},{"@type":"ImageObject","inLanguage":"fr-FR","@id":"https:\/\/grupotorivac.com\/product\/transformador-convencional-estandar-2\/#primaryimage","url":"https:\/\/grupotorivac.com\/wp-content\/uploads\/2022\/06\/TC.jpg","contentUrl":"https:\/\/grupotorivac.com\/wp-content\/uploads\/2022\/06\/TC.jpg","width":800,"height":600,"caption":"Transformateur conventionnel \u00e0 sorties multiples, con\u00e7u pour les applications industrielles, commerciales et r\u00e9sidentielles \u00e0 forte demande d'\u00e9nergie."},{"@type":"BreadcrumbList","@id":"https:\/\/grupotorivac.com\/product\/transformador-convencional-estandar-2\/#breadcrumb","itemListElement":[{"@type":"ListItem","position":1,"name":"Portada","item":"https:\/\/grupotorivac.com\/fr\/"},{"@type":"ListItem","position":2,"name":"Products","item":"https:\/\/grupotorivac.com\/en\/shop\/"},{"@type":"ListItem","position":3,"name":"Transformateur conventionnel standard"}]},{"@type":"WebSite","@id":"https:\/\/grupotorivac.com\/#website","url":"https:\/\/grupotorivac.com\/","name":"Torivac","description":"Especializados en dise\u00f1o y fabricaci\u00f3n de variados de tensi\u00f3n","publisher":{"@id":"https:\/\/grupotorivac.com\/#organization"},"alternateName":"Torivac S.L","potentialAction":[{"@type":"SearchAction","target":{"@type":"EntryPoint","urlTemplate":"https:\/\/grupotorivac.com\/?s={search_term_string}"},"query-input":{"@type":"PropertyValueSpecification","valueRequired":true,"valueName":"search_term_string"}}],"inLanguage":"fr-FR"},{"@type":"Organization","@id":"https:\/\/grupotorivac.com\/#organization","name":"Torivac","alternateName":"Torivac S.L","url":"https:\/\/grupotorivac.com\/","logo":{"@type":"ImageObject","inLanguage":"fr-FR","@id":"https:\/\/grupotorivac.com\/#\/schema\/logo\/image\/","url":"https:\/\/grupotorivac.com\/wp-content\/uploads\/2025\/02\/Diseno-sin-titulo-73.png","contentUrl":"https:\/\/grupotorivac.com\/wp-content\/uploads\/2025\/02\/Diseno-sin-titulo-73.png","width":250,"height":250,"caption":"Torivac"},"image":{"@id":"https:\/\/grupotorivac.com\/#\/schema\/logo\/image\/"}}]}},"_links":{"self":[{"href":"https:\/\/grupotorivac.com\/fr\/wp-json\/wp\/v2\/product\/15890","targetHints":{"allow":["GET"]}}],"collection":[{"href":"https:\/\/grupotorivac.com\/fr\/wp-json\/wp\/v2\/product"}],"about":[{"href":"https:\/\/grupotorivac.com\/fr\/wp-json\/wp\/v2\/types\/product"}],"wp:featuredmedia":[{"embeddable":true,"href":"https:\/\/grupotorivac.com\/fr\/wp-json\/wp\/v2\/media\/3743"}],"wp:attachment":[{"href":"https:\/\/grupotorivac.com\/fr\/wp-json\/wp\/v2\/media?parent=15890"}],"wp:term":[{"taxonomy":"product_brand","embeddable":true,"href":"https:\/\/grupotorivac.com\/fr\/wp-json\/wp\/v2\/product_brand?post=15890"},{"taxonomy":"product_cat","embeddable":true,"href":"https:\/\/grupotorivac.com\/fr\/wp-json\/wp\/v2\/product_cat?post=15890"},{"taxonomy":"product_tag","embeddable":true,"href":"https:\/\/grupotorivac.com\/fr\/wp-json\/wp\/v2\/product_tag?post=15890"}],"curies":[{"name":"wp","href":"https:\/\/api.w.org\/{rel}","templated":true}]}}