{"id":15884,"date":"2022-05-17T13:29:29","date_gmt":"2022-05-17T13:29:29","guid":{"rendered":"https:\/\/grupotorivac.com\/product\/a-medida-2\/"},"modified":"2022-05-17T13:29:29","modified_gmt":"2022-05-17T13:29:29","slug":"a-medida-2","status":"publish","type":"product","link":"https:\/\/grupotorivac.com\/fr\/product\/a-medida-2\/","title":{"rendered":"R\u00e9gulateur de tension sur mesure"},"content":{"rendered":"","protected":false},"excerpt":{"rendered":"<p>Chaque client est unique et il existe donc des nuances ou des variations des produits standard dont il a besoin.<\/p>\n<p>Chez TORIVAC, nous adaptons les produits pour en faire VOTRE produit, qu&#8217;il s&#8217;agisse d&#8217;un arbre plus long pour pouvoir installer le variateur de tension au fond d&#8217;une armoire, de motorisations sp\u00e9ciales en courant continu ou en triphas\u00e9, d&#8217;\u00e9l\u00e9ments d&#8217;affichage sp\u00e9cifiques, de tailles sp\u00e9ciales. Des fixations adapt\u00e9es \u00e0 votre syst\u00e8me, etc. <\/p>\n<p>N&#8217;h\u00e9sitez pas \u00e0 nous contacter et nous vous proposerons la solution optimale.<\/p>\n","protected":false},"featured_media":9563,"template":"","meta":{"_acf_changed":false},"product_brand":[],"product_cat":[549],"product_tag":[],"class_list":{"0":"post-15884","1":"product","2":"type-product","3":"status-publish","4":"has-post-thumbnail","6":"product_cat-production-sur-mesure","8":"first","9":"instock","10":"product-type-simple"},"acf":[],"yoast_head":"<!-- This site is optimized with the Yoast SEO plugin v27.2 - https:\/\/yoast.com\/product\/yoast-seo-wordpress\/ -->\n<title>R\u00e9gulateur de tension sur mesure - Torivac<\/title>\n<meta name=\"robots\" content=\"index, follow, max-snippet:-1, max-image-preview:large, max-video-preview:-1\" \/>\n<link rel=\"canonical\" href=\"https:\/\/grupotorivac.com\/product\/a-medida-2\/\" \/>\n<meta property=\"og:locale\" content=\"fr_FR\" \/>\n<meta property=\"og:type\" content=\"article\" \/>\n<meta property=\"og:title\" content=\"R\u00e9gulateur de tension sur mesure - Torivac\" \/>\n<meta property=\"og:description\" content=\"Chaque client est unique et il existe donc des nuances ou des variations des produits standard dont il a besoin. Chez TORIVAC, nous adaptons les produits pour en faire VOTRE produit, qu&#039;il s&#039;agisse d&#039;un arbre plus long pour pouvoir installer le variateur de tension au fond d&#039;une armoire, de motorisations sp\u00e9ciales en courant continu ou en triphas\u00e9, d&#039;\u00e9l\u00e9ments d&#039;affichage sp\u00e9cifiques, de tailles sp\u00e9ciales. Des fixations adapt\u00e9es \u00e0 votre syst\u00e8me, etc.  N&#039;h\u00e9sitez pas \u00e0 nous contacter et nous vous proposerons la solution optimale.\" \/>\n<meta property=\"og:url\" content=\"https:\/\/grupotorivac.com\/product\/a-medida-2\/\" \/>\n<meta property=\"og:site_name\" content=\"Torivac\" \/>\n<meta property=\"og:image\" content=\"https:\/\/grupotorivac.com\/wp-content\/uploads\/2025\/02\/4Z0A9199.jpg\" \/>\n\t<meta property=\"og:image:width\" content=\"1200\" \/>\n\t<meta property=\"og:image:height\" content=\"800\" \/>\n\t<meta property=\"og:image:type\" content=\"image\/jpeg\" \/>\n<meta name=\"twitter:card\" content=\"summary_large_image\" \/>\n<script type=\"application\/ld+json\" class=\"yoast-schema-graph\">{\"@context\":\"https:\/\/schema.org\",\"@graph\":[{\"@type\":\"WebPage\",\"@id\":\"https:\/\/grupotorivac.com\/product\/a-medida-2\/\",\"url\":\"https:\/\/grupotorivac.com\/product\/a-medida-2\/\",\"name\":\"R\u00e9gulateur de tension sur mesure - Torivac\",\"isPartOf\":{\"@id\":\"https:\/\/grupotorivac.com\/#website\"},\"primaryImageOfPage\":{\"@id\":\"https:\/\/grupotorivac.com\/product\/a-medida-2\/#primaryimage\"},\"image\":{\"@id\":\"https:\/\/grupotorivac.com\/product\/a-medida-2\/#primaryimage\"},\"thumbnailUrl\":\"https:\/\/grupotorivac.com\/wp-content\/uploads\/2025\/02\/4Z0A9199.jpg\",\"datePublished\":\"2022-05-17T13:29:29+00:00\",\"breadcrumb\":{\"@id\":\"https:\/\/grupotorivac.com\/product\/a-medida-2\/#breadcrumb\"},\"inLanguage\":\"fr-FR\",\"potentialAction\":[{\"@type\":\"ReadAction\",\"target\":[\"https:\/\/grupotorivac.com\/product\/a-medida-2\/\"]}]},{\"@type\":\"ImageObject\",\"inLanguage\":\"fr-FR\",\"@id\":\"https:\/\/grupotorivac.com\/product\/a-medida-2\/#primaryimage\",\"url\":\"https:\/\/grupotorivac.com\/wp-content\/uploads\/2025\/02\/4Z0A9199.jpg\",\"contentUrl\":\"https:\/\/grupotorivac.com\/wp-content\/uploads\/2025\/02\/4Z0A9199.jpg\",\"width\":1200,\"height\":800,\"caption\":\"R\u00e9gulateur de tension sur mesure\"},{\"@type\":\"BreadcrumbList\",\"@id\":\"https:\/\/grupotorivac.com\/product\/a-medida-2\/#breadcrumb\",\"itemListElement\":[{\"@type\":\"ListItem\",\"position\":1,\"name\":\"Portada\",\"item\":\"https:\/\/grupotorivac.com\/fr\/\"},{\"@type\":\"ListItem\",\"position\":2,\"name\":\"Products\",\"item\":\"https:\/\/grupotorivac.com\/en\/shop\/\"},{\"@type\":\"ListItem\",\"position\":3,\"name\":\"R\u00e9gulateur de tension sur mesure\"}]},{\"@type\":\"WebSite\",\"@id\":\"https:\/\/grupotorivac.com\/#website\",\"url\":\"https:\/\/grupotorivac.com\/\",\"name\":\"Torivac\",\"description\":\"Especializados en dise\u00f1o y fabricaci\u00f3n de variados de tensi\u00f3n\",\"publisher\":{\"@id\":\"https:\/\/grupotorivac.com\/#organization\"},\"alternateName\":\"Torivac S.L\",\"potentialAction\":[{\"@type\":\"SearchAction\",\"target\":{\"@type\":\"EntryPoint\",\"urlTemplate\":\"https:\/\/grupotorivac.com\/?s={search_term_string}\"},\"query-input\":{\"@type\":\"PropertyValueSpecification\",\"valueRequired\":true,\"valueName\":\"search_term_string\"}}],\"inLanguage\":\"fr-FR\"},{\"@type\":\"Organization\",\"@id\":\"https:\/\/grupotorivac.com\/#organization\",\"name\":\"Torivac\",\"alternateName\":\"Torivac S.L\",\"url\":\"https:\/\/grupotorivac.com\/\",\"logo\":{\"@type\":\"ImageObject\",\"inLanguage\":\"fr-FR\",\"@id\":\"https:\/\/grupotorivac.com\/#\/schema\/logo\/image\/\",\"url\":\"https:\/\/grupotorivac.com\/wp-content\/uploads\/2025\/02\/Diseno-sin-titulo-73.png\",\"contentUrl\":\"https:\/\/grupotorivac.com\/wp-content\/uploads\/2025\/02\/Diseno-sin-titulo-73.png\",\"width\":250,\"height\":250,\"caption\":\"Torivac\"},\"image\":{\"@id\":\"https:\/\/grupotorivac.com\/#\/schema\/logo\/image\/\"}}]}<\/script>\n<!-- \/ Yoast SEO plugin. -->","yoast_head_json":{"title":"R\u00e9gulateur de tension sur mesure - Torivac","robots":{"index":"index","follow":"follow","max-snippet":"max-snippet:-1","max-image-preview":"max-image-preview:large","max-video-preview":"max-video-preview:-1"},"canonical":"https:\/\/grupotorivac.com\/product\/a-medida-2\/","og_locale":"fr_FR","og_type":"article","og_title":"R\u00e9gulateur de tension sur mesure - Torivac","og_description":"Chaque client est unique et il existe donc des nuances ou des variations des produits standard dont il a besoin. Chez TORIVAC, nous adaptons les produits pour en faire VOTRE produit, qu'il s'agisse d'un arbre plus long pour pouvoir installer le variateur de tension au fond d'une armoire, de motorisations sp\u00e9ciales en courant continu ou en triphas\u00e9, d'\u00e9l\u00e9ments d'affichage sp\u00e9cifiques, de tailles sp\u00e9ciales. Des fixations adapt\u00e9es \u00e0 votre syst\u00e8me, etc.  N'h\u00e9sitez pas \u00e0 nous contacter et nous vous proposerons la solution optimale.","og_url":"https:\/\/grupotorivac.com\/product\/a-medida-2\/","og_site_name":"Torivac","og_image":[{"width":1200,"height":800,"url":"https:\/\/grupotorivac.com\/wp-content\/uploads\/2025\/02\/4Z0A9199.jpg","type":"image\/jpeg"}],"twitter_card":"summary_large_image","schema":{"@context":"https:\/\/schema.org","@graph":[{"@type":"WebPage","@id":"https:\/\/grupotorivac.com\/product\/a-medida-2\/","url":"https:\/\/grupotorivac.com\/product\/a-medida-2\/","name":"R\u00e9gulateur de tension sur mesure - Torivac","isPartOf":{"@id":"https:\/\/grupotorivac.com\/#website"},"primaryImageOfPage":{"@id":"https:\/\/grupotorivac.com\/product\/a-medida-2\/#primaryimage"},"image":{"@id":"https:\/\/grupotorivac.com\/product\/a-medida-2\/#primaryimage"},"thumbnailUrl":"https:\/\/grupotorivac.com\/wp-content\/uploads\/2025\/02\/4Z0A9199.jpg","datePublished":"2022-05-17T13:29:29+00:00","breadcrumb":{"@id":"https:\/\/grupotorivac.com\/product\/a-medida-2\/#breadcrumb"},"inLanguage":"fr-FR","potentialAction":[{"@type":"ReadAction","target":["https:\/\/grupotorivac.com\/product\/a-medida-2\/"]}]},{"@type":"ImageObject","inLanguage":"fr-FR","@id":"https:\/\/grupotorivac.com\/product\/a-medida-2\/#primaryimage","url":"https:\/\/grupotorivac.com\/wp-content\/uploads\/2025\/02\/4Z0A9199.jpg","contentUrl":"https:\/\/grupotorivac.com\/wp-content\/uploads\/2025\/02\/4Z0A9199.jpg","width":1200,"height":800,"caption":"R\u00e9gulateur de tension sur mesure"},{"@type":"BreadcrumbList","@id":"https:\/\/grupotorivac.com\/product\/a-medida-2\/#breadcrumb","itemListElement":[{"@type":"ListItem","position":1,"name":"Portada","item":"https:\/\/grupotorivac.com\/fr\/"},{"@type":"ListItem","position":2,"name":"Products","item":"https:\/\/grupotorivac.com\/en\/shop\/"},{"@type":"ListItem","position":3,"name":"R\u00e9gulateur de tension sur mesure"}]},{"@type":"WebSite","@id":"https:\/\/grupotorivac.com\/#website","url":"https:\/\/grupotorivac.com\/","name":"Torivac","description":"Especializados en dise\u00f1o y fabricaci\u00f3n de variados de tensi\u00f3n","publisher":{"@id":"https:\/\/grupotorivac.com\/#organization"},"alternateName":"Torivac S.L","potentialAction":[{"@type":"SearchAction","target":{"@type":"EntryPoint","urlTemplate":"https:\/\/grupotorivac.com\/?s={search_term_string}"},"query-input":{"@type":"PropertyValueSpecification","valueRequired":true,"valueName":"search_term_string"}}],"inLanguage":"fr-FR"},{"@type":"Organization","@id":"https:\/\/grupotorivac.com\/#organization","name":"Torivac","alternateName":"Torivac S.L","url":"https:\/\/grupotorivac.com\/","logo":{"@type":"ImageObject","inLanguage":"fr-FR","@id":"https:\/\/grupotorivac.com\/#\/schema\/logo\/image\/","url":"https:\/\/grupotorivac.com\/wp-content\/uploads\/2025\/02\/Diseno-sin-titulo-73.png","contentUrl":"https:\/\/grupotorivac.com\/wp-content\/uploads\/2025\/02\/Diseno-sin-titulo-73.png","width":250,"height":250,"caption":"Torivac"},"image":{"@id":"https:\/\/grupotorivac.com\/#\/schema\/logo\/image\/"}}]}},"_links":{"self":[{"href":"https:\/\/grupotorivac.com\/fr\/wp-json\/wp\/v2\/product\/15884","targetHints":{"allow":["GET"]}}],"collection":[{"href":"https:\/\/grupotorivac.com\/fr\/wp-json\/wp\/v2\/product"}],"about":[{"href":"https:\/\/grupotorivac.com\/fr\/wp-json\/wp\/v2\/types\/product"}],"wp:featuredmedia":[{"embeddable":true,"href":"https:\/\/grupotorivac.com\/fr\/wp-json\/wp\/v2\/media\/9563"}],"wp:attachment":[{"href":"https:\/\/grupotorivac.com\/fr\/wp-json\/wp\/v2\/media?parent=15884"}],"wp:term":[{"taxonomy":"product_brand","embeddable":true,"href":"https:\/\/grupotorivac.com\/fr\/wp-json\/wp\/v2\/product_brand?post=15884"},{"taxonomy":"product_cat","embeddable":true,"href":"https:\/\/grupotorivac.com\/fr\/wp-json\/wp\/v2\/product_cat?post=15884"},{"taxonomy":"product_tag","embeddable":true,"href":"https:\/\/grupotorivac.com\/fr\/wp-json\/wp\/v2\/product_tag?post=15884"}],"curies":[{"name":"wp","href":"https:\/\/api.w.org\/{rel}","templated":true}]}}