{"id":15880,"date":"2022-06-06T12:48:52","date_gmt":"2022-06-06T12:48:52","guid":{"rendered":"https:\/\/grupotorivac.com\/product\/monofasico-motorizado\/"},"modified":"2022-06-06T12:48:52","modified_gmt":"2022-06-06T12:48:52","slug":"monofasico-motorizado","status":"publish","type":"product","link":"https:\/\/grupotorivac.com\/fr\/product\/monofasico-motorizado\/","title":{"rendered":"Inverseur motoris\u00e9 monophas\u00e9"},"content":{"rendered":"","protected":false},"excerpt":{"rendered":"<p>Il est principalement utilis\u00e9 pour r\u00e9guler des \u00e9quipements \u00e0 distance ou pour stabiliser des \u00e9quipements. Il est \u00e9galement recommand\u00e9 pour motoriser les variateurs de tension de forte puissance, en raison de la facilit\u00e9 d&#8217;utilisation qu&#8217;il procure.   <\/p>\n<p>Dans ce type de r\u00e9gulation, l&#8217;arbre de l&#8217;onduleur est entra\u00een\u00e9 par un motor\u00e9ducteur via un interrupteur manuel qui permet d&#8217;augmenter ou de diminuer la tension de sortie.  <\/p>\n<p>Les moteurs assembl\u00e9s par TORIVAC n&#8217;ont pas d&#8217;inertie, ce qui les rend id\u00e9aux pour la t\u00e9l\u00e9commande.  <\/p>\n<p>Des mod\u00e8les stabilis\u00e9s par notre propre \u00e9lectronique avec une pr\u00e9cision de 2% sont produits sur demande.  <\/p>\n<p><a class=\"button button_size_2 button_dark\" href=\"https:\/\/grupotorivac.com\/wp-content\/uploads\/2024\/09\/1.-Variadores-de-tension_monofasicomotorizado.pdf\" target=\"_blank\" rel=\"noopener\"><span class=\"button_label\"><strong>Voir la fiche technique<\/strong><\/span><\/a><\/p>\n","protected":false},"featured_media":3593,"template":"","meta":{"_acf_changed":false},"product_brand":[],"product_cat":[535,534,532],"product_tag":[],"class_list":{"0":"post-15880","1":"product","2":"type-product","3":"status-publish","4":"has-post-thumbnail","6":"product_cat-motorise","7":"product_cat-onduleurs-monophases","8":"product_cat-regulateurs-de-tension-autotransformateurs-reglables","10":"first","11":"instock","12":"product-type-simple"},"acf":[],"yoast_head":"<!-- This site is optimized with the Yoast SEO plugin v27.2 - https:\/\/yoast.com\/product\/yoast-seo-wordpress\/ -->\n<title>Inverseur motoris\u00e9 monophas\u00e9 - Torivac<\/title>\n<meta name=\"robots\" content=\"index, follow, max-snippet:-1, max-image-preview:large, max-video-preview:-1\" \/>\n<link rel=\"canonical\" href=\"https:\/\/grupotorivac.com\/product\/monofasico-motorizado\/\" \/>\n<meta property=\"og:locale\" content=\"fr_FR\" \/>\n<meta property=\"og:type\" content=\"article\" \/>\n<meta property=\"og:title\" content=\"Inverseur motoris\u00e9 monophas\u00e9 - Torivac\" \/>\n<meta property=\"og:description\" content=\"Il est principalement utilis\u00e9 pour r\u00e9guler des \u00e9quipements \u00e0 distance ou pour stabiliser des \u00e9quipements. Il est \u00e9galement recommand\u00e9 pour motoriser les variateurs de tension de forte puissance, en raison de la facilit\u00e9 d&#039;utilisation qu&#039;il procure.   Dans ce type de r\u00e9gulation, l&#039;arbre de l&#039;onduleur est entra\u00een\u00e9 par un motor\u00e9ducteur via un interrupteur manuel qui permet d&#039;augmenter ou de diminuer la tension de sortie.  Les moteurs assembl\u00e9s par TORIVAC n&#039;ont pas d&#039;inertie, ce qui les rend id\u00e9aux pour la t\u00e9l\u00e9commande.  Des mod\u00e8les stabilis\u00e9s par notre propre \u00e9lectronique avec une pr\u00e9cision de 2% sont produits sur demande.  Voir la fiche technique\" \/>\n<meta property=\"og:url\" content=\"https:\/\/grupotorivac.com\/product\/monofasico-motorizado\/\" \/>\n<meta property=\"og:site_name\" content=\"Torivac\" \/>\n<meta property=\"og:image\" content=\"https:\/\/grupotorivac.com\/wp-content\/uploads\/2022\/06\/MONOFASICO-MOTORIZADO.jpg\" \/>\n\t<meta property=\"og:image:width\" content=\"1000\" \/>\n\t<meta property=\"og:image:height\" content=\"1132\" \/>\n\t<meta property=\"og:image:type\" content=\"image\/jpeg\" \/>\n<meta name=\"twitter:card\" content=\"summary_large_image\" \/>\n<script type=\"application\/ld+json\" class=\"yoast-schema-graph\">{\"@context\":\"https:\/\/schema.org\",\"@graph\":[{\"@type\":\"WebPage\",\"@id\":\"https:\/\/grupotorivac.com\/product\/monofasico-motorizado\/\",\"url\":\"https:\/\/grupotorivac.com\/product\/monofasico-motorizado\/\",\"name\":\"Inverseur motoris\u00e9 monophas\u00e9 - Torivac\",\"isPartOf\":{\"@id\":\"https:\/\/grupotorivac.com\/#website\"},\"primaryImageOfPage\":{\"@id\":\"https:\/\/grupotorivac.com\/product\/monofasico-motorizado\/#primaryimage\"},\"image\":{\"@id\":\"https:\/\/grupotorivac.com\/product\/monofasico-motorizado\/#primaryimage\"},\"thumbnailUrl\":\"https:\/\/grupotorivac.com\/wp-content\/uploads\/2022\/06\/MONOFASICO-MOTORIZADO.jpg\",\"datePublished\":\"2022-06-06T12:48:52+00:00\",\"breadcrumb\":{\"@id\":\"https:\/\/grupotorivac.com\/product\/monofasico-motorizado\/#breadcrumb\"},\"inLanguage\":\"fr-FR\",\"potentialAction\":[{\"@type\":\"ReadAction\",\"target\":[\"https:\/\/grupotorivac.com\/product\/monofasico-motorizado\/\"]}]},{\"@type\":\"ImageObject\",\"inLanguage\":\"fr-FR\",\"@id\":\"https:\/\/grupotorivac.com\/product\/monofasico-motorizado\/#primaryimage\",\"url\":\"https:\/\/grupotorivac.com\/wp-content\/uploads\/2022\/06\/MONOFASICO-MOTORIZADO.jpg\",\"contentUrl\":\"https:\/\/grupotorivac.com\/wp-content\/uploads\/2022\/06\/MONOFASICO-MOTORIZADO.jpg\",\"width\":1000,\"height\":1132},{\"@type\":\"BreadcrumbList\",\"@id\":\"https:\/\/grupotorivac.com\/product\/monofasico-motorizado\/#breadcrumb\",\"itemListElement\":[{\"@type\":\"ListItem\",\"position\":1,\"name\":\"Portada\",\"item\":\"https:\/\/grupotorivac.com\/fr\/\"},{\"@type\":\"ListItem\",\"position\":2,\"name\":\"Products\",\"item\":\"https:\/\/grupotorivac.com\/en\/shop\/\"},{\"@type\":\"ListItem\",\"position\":3,\"name\":\"Inverseur motoris\u00e9 monophas\u00e9\"}]},{\"@type\":\"WebSite\",\"@id\":\"https:\/\/grupotorivac.com\/#website\",\"url\":\"https:\/\/grupotorivac.com\/\",\"name\":\"Torivac\",\"description\":\"Especializados en dise\u00f1o y fabricaci\u00f3n de variados de tensi\u00f3n\",\"publisher\":{\"@id\":\"https:\/\/grupotorivac.com\/#organization\"},\"alternateName\":\"Torivac S.L\",\"potentialAction\":[{\"@type\":\"SearchAction\",\"target\":{\"@type\":\"EntryPoint\",\"urlTemplate\":\"https:\/\/grupotorivac.com\/?s={search_term_string}\"},\"query-input\":{\"@type\":\"PropertyValueSpecification\",\"valueRequired\":true,\"valueName\":\"search_term_string\"}}],\"inLanguage\":\"fr-FR\"},{\"@type\":\"Organization\",\"@id\":\"https:\/\/grupotorivac.com\/#organization\",\"name\":\"Torivac\",\"alternateName\":\"Torivac S.L\",\"url\":\"https:\/\/grupotorivac.com\/\",\"logo\":{\"@type\":\"ImageObject\",\"inLanguage\":\"fr-FR\",\"@id\":\"https:\/\/grupotorivac.com\/#\/schema\/logo\/image\/\",\"url\":\"https:\/\/grupotorivac.com\/wp-content\/uploads\/2025\/02\/Diseno-sin-titulo-73.png\",\"contentUrl\":\"https:\/\/grupotorivac.com\/wp-content\/uploads\/2025\/02\/Diseno-sin-titulo-73.png\",\"width\":250,\"height\":250,\"caption\":\"Torivac\"},\"image\":{\"@id\":\"https:\/\/grupotorivac.com\/#\/schema\/logo\/image\/\"}}]}<\/script>\n<!-- \/ Yoast SEO plugin. -->","yoast_head_json":{"title":"Inverseur motoris\u00e9 monophas\u00e9 - Torivac","robots":{"index":"index","follow":"follow","max-snippet":"max-snippet:-1","max-image-preview":"max-image-preview:large","max-video-preview":"max-video-preview:-1"},"canonical":"https:\/\/grupotorivac.com\/product\/monofasico-motorizado\/","og_locale":"fr_FR","og_type":"article","og_title":"Inverseur motoris\u00e9 monophas\u00e9 - Torivac","og_description":"Il est principalement utilis\u00e9 pour r\u00e9guler des \u00e9quipements \u00e0 distance ou pour stabiliser des \u00e9quipements. Il est \u00e9galement recommand\u00e9 pour motoriser les variateurs de tension de forte puissance, en raison de la facilit\u00e9 d'utilisation qu'il procure.   Dans ce type de r\u00e9gulation, l'arbre de l'onduleur est entra\u00een\u00e9 par un motor\u00e9ducteur via un interrupteur manuel qui permet d'augmenter ou de diminuer la tension de sortie.  Les moteurs assembl\u00e9s par TORIVAC n'ont pas d'inertie, ce qui les rend id\u00e9aux pour la t\u00e9l\u00e9commande.  Des mod\u00e8les stabilis\u00e9s par notre propre \u00e9lectronique avec une pr\u00e9cision de 2% sont produits sur demande.  Voir la fiche technique","og_url":"https:\/\/grupotorivac.com\/product\/monofasico-motorizado\/","og_site_name":"Torivac","og_image":[{"width":1000,"height":1132,"url":"https:\/\/grupotorivac.com\/wp-content\/uploads\/2022\/06\/MONOFASICO-MOTORIZADO.jpg","type":"image\/jpeg"}],"twitter_card":"summary_large_image","schema":{"@context":"https:\/\/schema.org","@graph":[{"@type":"WebPage","@id":"https:\/\/grupotorivac.com\/product\/monofasico-motorizado\/","url":"https:\/\/grupotorivac.com\/product\/monofasico-motorizado\/","name":"Inverseur motoris\u00e9 monophas\u00e9 - Torivac","isPartOf":{"@id":"https:\/\/grupotorivac.com\/#website"},"primaryImageOfPage":{"@id":"https:\/\/grupotorivac.com\/product\/monofasico-motorizado\/#primaryimage"},"image":{"@id":"https:\/\/grupotorivac.com\/product\/monofasico-motorizado\/#primaryimage"},"thumbnailUrl":"https:\/\/grupotorivac.com\/wp-content\/uploads\/2022\/06\/MONOFASICO-MOTORIZADO.jpg","datePublished":"2022-06-06T12:48:52+00:00","breadcrumb":{"@id":"https:\/\/grupotorivac.com\/product\/monofasico-motorizado\/#breadcrumb"},"inLanguage":"fr-FR","potentialAction":[{"@type":"ReadAction","target":["https:\/\/grupotorivac.com\/product\/monofasico-motorizado\/"]}]},{"@type":"ImageObject","inLanguage":"fr-FR","@id":"https:\/\/grupotorivac.com\/product\/monofasico-motorizado\/#primaryimage","url":"https:\/\/grupotorivac.com\/wp-content\/uploads\/2022\/06\/MONOFASICO-MOTORIZADO.jpg","contentUrl":"https:\/\/grupotorivac.com\/wp-content\/uploads\/2022\/06\/MONOFASICO-MOTORIZADO.jpg","width":1000,"height":1132},{"@type":"BreadcrumbList","@id":"https:\/\/grupotorivac.com\/product\/monofasico-motorizado\/#breadcrumb","itemListElement":[{"@type":"ListItem","position":1,"name":"Portada","item":"https:\/\/grupotorivac.com\/fr\/"},{"@type":"ListItem","position":2,"name":"Products","item":"https:\/\/grupotorivac.com\/en\/shop\/"},{"@type":"ListItem","position":3,"name":"Inverseur motoris\u00e9 monophas\u00e9"}]},{"@type":"WebSite","@id":"https:\/\/grupotorivac.com\/#website","url":"https:\/\/grupotorivac.com\/","name":"Torivac","description":"Especializados en dise\u00f1o y fabricaci\u00f3n de variados de tensi\u00f3n","publisher":{"@id":"https:\/\/grupotorivac.com\/#organization"},"alternateName":"Torivac S.L","potentialAction":[{"@type":"SearchAction","target":{"@type":"EntryPoint","urlTemplate":"https:\/\/grupotorivac.com\/?s={search_term_string}"},"query-input":{"@type":"PropertyValueSpecification","valueRequired":true,"valueName":"search_term_string"}}],"inLanguage":"fr-FR"},{"@type":"Organization","@id":"https:\/\/grupotorivac.com\/#organization","name":"Torivac","alternateName":"Torivac S.L","url":"https:\/\/grupotorivac.com\/","logo":{"@type":"ImageObject","inLanguage":"fr-FR","@id":"https:\/\/grupotorivac.com\/#\/schema\/logo\/image\/","url":"https:\/\/grupotorivac.com\/wp-content\/uploads\/2025\/02\/Diseno-sin-titulo-73.png","contentUrl":"https:\/\/grupotorivac.com\/wp-content\/uploads\/2025\/02\/Diseno-sin-titulo-73.png","width":250,"height":250,"caption":"Torivac"},"image":{"@id":"https:\/\/grupotorivac.com\/#\/schema\/logo\/image\/"}}]}},"_links":{"self":[{"href":"https:\/\/grupotorivac.com\/fr\/wp-json\/wp\/v2\/product\/15880","targetHints":{"allow":["GET"]}}],"collection":[{"href":"https:\/\/grupotorivac.com\/fr\/wp-json\/wp\/v2\/product"}],"about":[{"href":"https:\/\/grupotorivac.com\/fr\/wp-json\/wp\/v2\/types\/product"}],"wp:featuredmedia":[{"embeddable":true,"href":"https:\/\/grupotorivac.com\/fr\/wp-json\/wp\/v2\/media\/3593"}],"wp:attachment":[{"href":"https:\/\/grupotorivac.com\/fr\/wp-json\/wp\/v2\/media?parent=15880"}],"wp:term":[{"taxonomy":"product_brand","embeddable":true,"href":"https:\/\/grupotorivac.com\/fr\/wp-json\/wp\/v2\/product_brand?post=15880"},{"taxonomy":"product_cat","embeddable":true,"href":"https:\/\/grupotorivac.com\/fr\/wp-json\/wp\/v2\/product_cat?post=15880"},{"taxonomy":"product_tag","embeddable":true,"href":"https:\/\/grupotorivac.com\/fr\/wp-json\/wp\/v2\/product_tag?post=15880"}],"curies":[{"name":"wp","href":"https:\/\/api.w.org\/{rel}","templated":true}]}}