{"id":15861,"date":"2022-06-06T12:49:11","date_gmt":"2022-06-06T12:49:11","guid":{"rendered":"https:\/\/grupotorivac.com\/product\/transformadores-convencionales-encapsulados\/"},"modified":"2022-06-06T12:49:11","modified_gmt":"2022-06-06T12:49:11","slug":"transformadores-convencionales-encapsulados","status":"publish","type":"product","link":"https:\/\/grupotorivac.com\/fr\/product\/transformadores-convencionales-encapsulados\/","title":{"rendered":"Transformateur conventionnel encapsul\u00e9"},"content":{"rendered":"<p><b>Transformateur conventionnel encapsul\u00e9 pour les \u00e9nergies renouvelables.<\/b><\/p>\n<p>L&#8217;utilisation de transformateurs encapsul\u00e9s conventionnels est un besoin fondamental dans de nombreuses applications industrielles et \u00e9nerg\u00e9tiques en Espagne et en Europe. Malgr\u00e9 les tendances modernes vers des solutions plus automatis\u00e9es ou num\u00e9riques, de nombreuses industries continuent de s&#8217;appuyer sur des \u00e9quipements conventionnels en raison de leur fiabilit\u00e9, de la stabilit\u00e9 de leurs performances et de leur continuit\u00e9 op\u00e9rationnelle. Cependant, sur le march\u00e9 europ\u00e9en, la disponibilit\u00e9 des fabricants qui r\u00e9pondent aux niveaux de qualit\u00e9 requis est limit\u00e9e, ce qui accro\u00eet le d\u00e9fi pour les fabricants et les distributeurs d&#8217;\u00e9quipements \u00e9lectriques qui doivent s&#8217;approvisionner avec des garanties techniques exigeantes. Le contexte actuel sur le continent montre un manque important de fournisseurs qui combinent l&#8217;exp\u00e9rience, les normes et la qualit\u00e9 certifi\u00e9e dans des solutions qui restent stables dans des conditions industrielles vari\u00e9es.   <\/p>\n<p>Dans ce cadre, les transformateurs encapsul\u00e9s conventionnels deviennent encore plus pertinents en tant que solution attendue, pratique et robuste qui ne doit pas \u00eatre perdue lors de leur fabrication. Les installations \u00e9lectriques ont besoin de composants qui fonctionnent avec pr\u00e9cision, sans fluctuations ni risques inutiles. Cela signifie que le bon choix des fournisseurs et des fabricants fait la diff\u00e9rence non seulement en termes de co\u00fbt, mais aussi de fiabilit\u00e9 op\u00e9rationnelle. Sur des march\u00e9s exigeants comme l&#8217;Europe, la conformit\u00e9 aux normes EN et l&#8217;exp\u00e9rience des conditions de charge soutenues distinguent les transformateurs encapsul\u00e9s conventionnels comp\u00e9titifs d&#8217;une copie bas de gamme. Il ne s&#8217;agit pas simplement d&#8217;acheter, mais de donner \u00e0 chaque projet la confiance technique n\u00e9cessaire pour minimiser les d\u00e9faillances et r\u00e9duire les op\u00e9rations de maintenance.    <\/p>\n<p><b>Qualit\u00e9 certifi\u00e9e des transformateurs encapsul\u00e9s conventionnels par rapport aux copies asiatiques<\/b><\/p>\n<p>Le secteur europ\u00e9en de l&#8217;\u00e9lectricit\u00e9 est confront\u00e9 \u00e0 un sc\u00e9nario particulier dans lequel l&#8217;offre limit\u00e9e de fabricants \u00e9thiquement engag\u00e9s en faveur de la qualit\u00e9 constitue un obstacle \u00e9vident \u00e0 un progr\u00e8s technologique uniforme. Bien que certains fabricants asiatiques proposent des transformateurs \u00e0 bas prix, l&#8217;historique des processus de qualit\u00e9 incoh\u00e9rents et la faible tra\u00e7abilit\u00e9 des certifications ont tir\u00e9 la sonnette d&#8217;alarme pour de nombreux distributeurs et techniciens europ\u00e9ens. Il est important de comprendre qu&#8217;un transformateur encapsul\u00e9 conventionnel, bien qu&#8217;il puisse sembler \u00eatre un composant passif, remplit des fonctions critiques dans le syst\u00e8me de distribution \u00e9lectrique. Son comportement direct face aux variations de tension, de courant et de charge d\u00e9termine si une installation enti\u00e8re fonctionne normalement ou s&#8217;effondre sous l&#8217;effet des variations.   <\/p>\n<p>Les produits provenant de certains march\u00e9s peu r\u00e9glement\u00e9s, comme la Chine, offrent souvent des prix comp\u00e9titifs, mais sacrifient la stabilit\u00e9 op\u00e9rationnelle, la long\u00e9vit\u00e9 et la s\u00e9curit\u00e9. L&#8217;adaptation de ces technologies risque d&#8217;entra\u00eener des pannes, des augmentations de maintenance et une perte d&#8217;efficacit\u00e9 \u00e9nerg\u00e9tique. En revanche, dans ce contexte d&#8217;incertitude, les fabricants europ\u00e9ens qui restent actifs ont connu une croissance soutenue gr\u00e2ce \u00e0 leurs politiques de production transparentes, aux certifications en vigueur et \u00e0 leur engagement \u00e0 respecter les exigences techniques r\u00e9gionales. C&#8217;est l\u00e0 que des noms s\u00e9rieux comme Torivac apparaissent comme une solution fiable pour les acteurs du secteur de l&#8217;\u00e9nergie qui recherchent plus qu&#8217;un produit, mais une promesse de performance.   <\/p>\n<p>Il convient de noter que ceux qui travaillent avec des syst\u00e8mes de moyenne ou haute tension, tels que les fabricants de tableaux de distribution ou les distributeurs professionnels de l&#8217;industrie, accordent une grande importance \u00e0 la stabilit\u00e9. L&#8217;importance du transformateur conventionnel encapsul\u00e9 r\u00e9side non seulement dans sa bonne fabrication, mais aussi dans la fiabilit\u00e9 attach\u00e9e \u00e0 chaque unit\u00e9. Le manque de concurrence en Europe ne refl\u00e8te pas un manque de capacit\u00e9 industrielle, mais plut\u00f4t une sp\u00e9cialisation profonde que seuls ceux qui comprennent les exigences techniques de chaque projet peuvent ma\u00eetriser. L&#8217;engagement envers des fabricants fiables qui ont une tradition de qualit\u00e9, par opposition aux imitations et aux produits hors normes, est essentiel pour maintenir la r\u00e9putation d&#8217;un fournisseur de mat\u00e9riel \u00e9lectrique.   <\/p>\n<p><b>Efficacit\u00e9 et qualit\u00e9 du fabricant espagnol Torivac dans les transformateurs conventionnels encapsul\u00e9s pour les industries \u00e9olienne et photovolta\u00efque.<\/b><\/p>\n<p>Torivac, entreprise de premier plan dot\u00e9e d&#8217;une solide exp\u00e9rience dans le d\u00e9veloppement de composants \u00e9lectriques destin\u00e9s \u00e0 des environnements exigeants, s&#8217;est impos\u00e9e comme l&#8217;une des rares marques europ\u00e9ennes sp\u00e9cialis\u00e9es dans la production de transformateurs conventionnels standard, de transformateurs conventionnels encapsul\u00e9s et de s\u00e9ries TT r\u00e9pondant \u00e0 des normes de qualit\u00e9 \u00e9lev\u00e9es. Contrairement aux alternatives bas de gamme, la marque investit dans des processus techniques valid\u00e9s, des \u00e9quipements dot\u00e9s de rev\u00eatements ext\u00e9rieurs r\u00e9sistants et des structures internes conformes aux normes ISO v\u00e9rifiables. Cela donne aux distributeurs et aux fabricants europ\u00e9ens la confiance dont ils ont besoin pour concevoir, installer ou entretenir des installations \u00e9nerg\u00e9tiques dans des b\u00e2timents industriels, des entrep\u00f4ts logistiques ou des postes de transformation.  <\/p>\n<p>En outre, le service apr\u00e8s-vente garantit des r\u00e9ponses techniques claires, des d\u00e9lais de livraison efficaces et un processus de production qui permet une tra\u00e7abilit\u00e9 compl\u00e8te, de l&#8217;\u00e9tape du bobinage jusqu&#8217;aux essais finaux. Faire confiance \u00e0 Torivac en tant que fournisseur de transformateurs conventionnels standard est donc une d\u00e9cision strat\u00e9gique, rentable et techniquement durable. Pour ceux qui appr\u00e9cient la durabilit\u00e9, la fiabilit\u00e9 de l&#8217;int\u00e9gration et les normes europ\u00e9ennes, cette entreprise repr\u00e9sente le meilleur choix possible alors que d&#8217;autres marques choisissent de r\u00e9duire les co\u00fbts en sacrifiant la qualit\u00e9.  <\/p>\n<p><b>comment choisir un transformateur conventionnel standard fiable ?<\/b><\/p>\n<p>Facile : choisir Torivac comme fournisseur de <a href=\"https:\/\/grupotorivac.com\/fr\/categoria-producto\/transformateurs\/transformateur-conventionnel\/\">transformateurs conventionnels<\/a> en Europe est un choix conscient vers des solutions qui fonctionnent, qui durent, qui apportent une valeur r\u00e9elle dans chaque cycle d&#8217;utilisation. Lorsque les projets \u00e9lectriques n\u00e9cessitent des composants essentiels qui garantissent la durabilit\u00e9, la continuit\u00e9 \u00e9lectrique et l&#8217;efficacit\u00e9 \u00e9nerg\u00e9tique, il n&#8217;y a pas de place pour les raccourcis. Le march\u00e9 reconna\u00eet que la diff\u00e9rence entre une installation stable et un syst\u00e8me probl\u00e9matique r\u00e9side souvent dans l&#8217;honn\u00eatet\u00e9 technique du fournisseur d&#8217;origine.  <\/p>\n<p><b>Pourquoi faire confiance \u00e0 Torivac comme fournisseur de transformateurs ?<\/b><\/p>\n<p>Le march\u00e9 europ\u00e9en de l&#8217;\u00e9nergie continue d&#8217;\u00e9voluer et seuls quelques acteurs ont la vision et la capacit\u00e9 de se pr\u00e9parer \u00e0 relever ses d\u00e9fis. Torivac prouve, \u00e0 chaque livraison, que la fabrication de solutions robustes reste possible, rentable et essentielle. Si vous \u00eates un fabricant, un int\u00e9grateur ou un distributeur \u00e9lectrique \u00e0 la recherche de fiabilit\u00e9, ne sous-estimez pas la valeur d&#8217;un transformateur conventionnel standard d\u00e9velopp\u00e9 par un expert. Il ne s&#8217;agit pas de vendre de l&#8217;\u00e9lectronique, mais de garantir la performance, la stabilit\u00e9 et la cr\u00e9dibilit\u00e9 sur un march\u00e9 o\u00f9 la pression technique est la plus forte et o\u00f9 les marges d&#8217;erreur sont inacceptables.   <\/p>\n","protected":false},"excerpt":{"rendered":"<p>Transformateurs conventionnels encapsul\u00e9s, fabriqu\u00e9s avec une sortie unique, une sortie sym\u00e9trique ou une sortie double, encapsul\u00e9s dans une r\u00e9sine \u00e9poxy auto-extinguible, conformes aux normes internationales de s\u00e9curit\u00e9 et de qualit\u00e9 (EN 61558, VDE 0570, VDE 0550-0551, UL-506, CSA C22.2, CEE 15, SEMKO 115), ce qui garantit des performances optimales face aux changements de temp\u00e9rature, \u00e0 l&#8217;humidit\u00e9 et aux environnements agressifs. Ce produit pr\u00e9sente une r\u00e9duction thermique d&#8217;environ 25 % par rapport aux produits conventionnels. <\/p>\n","protected":false},"featured_media":3745,"template":"","meta":{"_acf_changed":false},"product_brand":[],"product_cat":[524,466],"product_tag":[],"class_list":{"0":"post-15861","1":"product","2":"type-product","3":"status-publish","4":"has-post-thumbnail","6":"product_cat-serie-tce","7":"product_cat-transformateur-conventionnel","9":"first","10":"instock","11":"product-type-simple"},"acf":[],"yoast_head":"<!-- This site is optimized with the Yoast SEO plugin v27.2 - https:\/\/yoast.com\/product\/yoast-seo-wordpress\/ -->\n<title>Usine de transformateurs conventionnels encapsul\u00e9s | Torivac<\/title>\n<meta name=\"description\" content=\"Faire fabriquer des transformateurs conventionnels encapsul\u00e9s par Torivac est une d\u00e9cision strat\u00e9gique, rentable et techniquement durable.\" \/>\n<meta name=\"robots\" content=\"index, follow, max-snippet:-1, max-image-preview:large, max-video-preview:-1\" \/>\n<link rel=\"canonical\" href=\"https:\/\/grupotorivac.com\/product\/transformadores-convencionales-encapsulados\/\" \/>\n<meta property=\"og:locale\" content=\"fr_FR\" \/>\n<meta property=\"og:type\" content=\"article\" \/>\n<meta property=\"og:title\" content=\"Usine de transformateurs conventionnels encapsul\u00e9s | Torivac\" \/>\n<meta property=\"og:description\" content=\"Faire fabriquer des transformateurs conventionnels encapsul\u00e9s par Torivac est une d\u00e9cision strat\u00e9gique, rentable et techniquement durable.\" \/>\n<meta property=\"og:url\" content=\"https:\/\/grupotorivac.com\/product\/transformadores-convencionales-encapsulados\/\" \/>\n<meta property=\"og:site_name\" content=\"Torivac\" \/>\n<meta property=\"og:image\" content=\"https:\/\/grupotorivac.com\/wp-content\/uploads\/2022\/06\/TCE.jpg\" \/>\n\t<meta property=\"og:image:width\" content=\"800\" \/>\n\t<meta property=\"og:image:height\" content=\"600\" \/>\n\t<meta property=\"og:image:type\" content=\"image\/png\" \/>\n<meta name=\"twitter:card\" content=\"summary_large_image\" \/>\n<meta name=\"twitter:label1\" content=\"Dur\u00e9e de lecture estim\u00e9e\" \/>\n\t<meta name=\"twitter:data1\" content=\"6 minutes\" \/>\n<script type=\"application\/ld+json\" class=\"yoast-schema-graph\">{\"@context\":\"https:\/\/schema.org\",\"@graph\":[{\"@type\":\"WebPage\",\"@id\":\"https:\/\/grupotorivac.com\/product\/transformadores-convencionales-encapsulados\/\",\"url\":\"https:\/\/grupotorivac.com\/product\/transformadores-convencionales-encapsulados\/\",\"name\":\"Usine de transformateurs conventionnels encapsul\u00e9s | Torivac\",\"isPartOf\":{\"@id\":\"https:\/\/grupotorivac.com\/#website\"},\"primaryImageOfPage\":{\"@id\":\"https:\/\/grupotorivac.com\/product\/transformadores-convencionales-encapsulados\/#primaryimage\"},\"image\":{\"@id\":\"https:\/\/grupotorivac.com\/product\/transformadores-convencionales-encapsulados\/#primaryimage\"},\"thumbnailUrl\":\"https:\/\/grupotorivac.com\/wp-content\/uploads\/2022\/06\/TCE.jpg\",\"datePublished\":\"2022-06-06T12:49:11+00:00\",\"description\":\"Faire fabriquer des transformateurs conventionnels encapsul\u00e9s par Torivac est une d\u00e9cision strat\u00e9gique, rentable et techniquement durable.\",\"breadcrumb\":{\"@id\":\"https:\/\/grupotorivac.com\/product\/transformadores-convencionales-encapsulados\/#breadcrumb\"},\"inLanguage\":\"fr-FR\",\"potentialAction\":[{\"@type\":\"ReadAction\",\"target\":[\"https:\/\/grupotorivac.com\/product\/transformadores-convencionales-encapsulados\/\"]}]},{\"@type\":\"ImageObject\",\"inLanguage\":\"fr-FR\",\"@id\":\"https:\/\/grupotorivac.com\/product\/transformadores-convencionales-encapsulados\/#primaryimage\",\"url\":\"https:\/\/grupotorivac.com\/wp-content\/uploads\/2022\/06\/TCE.jpg\",\"contentUrl\":\"https:\/\/grupotorivac.com\/wp-content\/uploads\/2022\/06\/TCE.jpg\",\"width\":800,\"height\":600,\"caption\":\"transformateurs encapsul\u00e9s conventionnels\"},{\"@type\":\"BreadcrumbList\",\"@id\":\"https:\/\/grupotorivac.com\/product\/transformadores-convencionales-encapsulados\/#breadcrumb\",\"itemListElement\":[{\"@type\":\"ListItem\",\"position\":1,\"name\":\"Portada\",\"item\":\"https:\/\/grupotorivac.com\/fr\/\"},{\"@type\":\"ListItem\",\"position\":2,\"name\":\"Products\",\"item\":\"https:\/\/grupotorivac.com\/en\/shop\/\"},{\"@type\":\"ListItem\",\"position\":3,\"name\":\"Transformateur conventionnel encapsul\u00e9\"}]},{\"@type\":\"WebSite\",\"@id\":\"https:\/\/grupotorivac.com\/#website\",\"url\":\"https:\/\/grupotorivac.com\/\",\"name\":\"Torivac\",\"description\":\"Especializados en dise\u00f1o y fabricaci\u00f3n de variados de tensi\u00f3n\",\"publisher\":{\"@id\":\"https:\/\/grupotorivac.com\/#organization\"},\"alternateName\":\"Torivac S.L\",\"potentialAction\":[{\"@type\":\"SearchAction\",\"target\":{\"@type\":\"EntryPoint\",\"urlTemplate\":\"https:\/\/grupotorivac.com\/?s={search_term_string}\"},\"query-input\":{\"@type\":\"PropertyValueSpecification\",\"valueRequired\":true,\"valueName\":\"search_term_string\"}}],\"inLanguage\":\"fr-FR\"},{\"@type\":\"Organization\",\"@id\":\"https:\/\/grupotorivac.com\/#organization\",\"name\":\"Torivac\",\"alternateName\":\"Torivac S.L\",\"url\":\"https:\/\/grupotorivac.com\/\",\"logo\":{\"@type\":\"ImageObject\",\"inLanguage\":\"fr-FR\",\"@id\":\"https:\/\/grupotorivac.com\/#\/schema\/logo\/image\/\",\"url\":\"https:\/\/grupotorivac.com\/wp-content\/uploads\/2025\/02\/Diseno-sin-titulo-73.png\",\"contentUrl\":\"https:\/\/grupotorivac.com\/wp-content\/uploads\/2025\/02\/Diseno-sin-titulo-73.png\",\"width\":250,\"height\":250,\"caption\":\"Torivac\"},\"image\":{\"@id\":\"https:\/\/grupotorivac.com\/#\/schema\/logo\/image\/\"}}]}<\/script>\n<!-- \/ Yoast SEO plugin. -->","yoast_head_json":{"title":"Usine de transformateurs conventionnels encapsul\u00e9s | Torivac","description":"Faire fabriquer des transformateurs conventionnels encapsul\u00e9s par Torivac est une d\u00e9cision strat\u00e9gique, rentable et techniquement durable.","robots":{"index":"index","follow":"follow","max-snippet":"max-snippet:-1","max-image-preview":"max-image-preview:large","max-video-preview":"max-video-preview:-1"},"canonical":"https:\/\/grupotorivac.com\/product\/transformadores-convencionales-encapsulados\/","og_locale":"fr_FR","og_type":"article","og_title":"Usine de transformateurs conventionnels encapsul\u00e9s | Torivac","og_description":"Faire fabriquer des transformateurs conventionnels encapsul\u00e9s par Torivac est une d\u00e9cision strat\u00e9gique, rentable et techniquement durable.","og_url":"https:\/\/grupotorivac.com\/product\/transformadores-convencionales-encapsulados\/","og_site_name":"Torivac","og_image":[{"width":800,"height":600,"url":"https:\/\/grupotorivac.com\/wp-content\/uploads\/2022\/06\/TCE.jpg","type":"image\/png"}],"twitter_card":"summary_large_image","twitter_misc":{"Dur\u00e9e de lecture estim\u00e9e":"6 minutes"},"schema":{"@context":"https:\/\/schema.org","@graph":[{"@type":"WebPage","@id":"https:\/\/grupotorivac.com\/product\/transformadores-convencionales-encapsulados\/","url":"https:\/\/grupotorivac.com\/product\/transformadores-convencionales-encapsulados\/","name":"Usine de transformateurs conventionnels encapsul\u00e9s | Torivac","isPartOf":{"@id":"https:\/\/grupotorivac.com\/#website"},"primaryImageOfPage":{"@id":"https:\/\/grupotorivac.com\/product\/transformadores-convencionales-encapsulados\/#primaryimage"},"image":{"@id":"https:\/\/grupotorivac.com\/product\/transformadores-convencionales-encapsulados\/#primaryimage"},"thumbnailUrl":"https:\/\/grupotorivac.com\/wp-content\/uploads\/2022\/06\/TCE.jpg","datePublished":"2022-06-06T12:49:11+00:00","description":"Faire fabriquer des transformateurs conventionnels encapsul\u00e9s par Torivac est une d\u00e9cision strat\u00e9gique, rentable et techniquement durable.","breadcrumb":{"@id":"https:\/\/grupotorivac.com\/product\/transformadores-convencionales-encapsulados\/#breadcrumb"},"inLanguage":"fr-FR","potentialAction":[{"@type":"ReadAction","target":["https:\/\/grupotorivac.com\/product\/transformadores-convencionales-encapsulados\/"]}]},{"@type":"ImageObject","inLanguage":"fr-FR","@id":"https:\/\/grupotorivac.com\/product\/transformadores-convencionales-encapsulados\/#primaryimage","url":"https:\/\/grupotorivac.com\/wp-content\/uploads\/2022\/06\/TCE.jpg","contentUrl":"https:\/\/grupotorivac.com\/wp-content\/uploads\/2022\/06\/TCE.jpg","width":800,"height":600,"caption":"transformateurs encapsul\u00e9s conventionnels"},{"@type":"BreadcrumbList","@id":"https:\/\/grupotorivac.com\/product\/transformadores-convencionales-encapsulados\/#breadcrumb","itemListElement":[{"@type":"ListItem","position":1,"name":"Portada","item":"https:\/\/grupotorivac.com\/fr\/"},{"@type":"ListItem","position":2,"name":"Products","item":"https:\/\/grupotorivac.com\/en\/shop\/"},{"@type":"ListItem","position":3,"name":"Transformateur conventionnel encapsul\u00e9"}]},{"@type":"WebSite","@id":"https:\/\/grupotorivac.com\/#website","url":"https:\/\/grupotorivac.com\/","name":"Torivac","description":"Especializados en dise\u00f1o y fabricaci\u00f3n de variados de tensi\u00f3n","publisher":{"@id":"https:\/\/grupotorivac.com\/#organization"},"alternateName":"Torivac S.L","potentialAction":[{"@type":"SearchAction","target":{"@type":"EntryPoint","urlTemplate":"https:\/\/grupotorivac.com\/?s={search_term_string}"},"query-input":{"@type":"PropertyValueSpecification","valueRequired":true,"valueName":"search_term_string"}}],"inLanguage":"fr-FR"},{"@type":"Organization","@id":"https:\/\/grupotorivac.com\/#organization","name":"Torivac","alternateName":"Torivac S.L","url":"https:\/\/grupotorivac.com\/","logo":{"@type":"ImageObject","inLanguage":"fr-FR","@id":"https:\/\/grupotorivac.com\/#\/schema\/logo\/image\/","url":"https:\/\/grupotorivac.com\/wp-content\/uploads\/2025\/02\/Diseno-sin-titulo-73.png","contentUrl":"https:\/\/grupotorivac.com\/wp-content\/uploads\/2025\/02\/Diseno-sin-titulo-73.png","width":250,"height":250,"caption":"Torivac"},"image":{"@id":"https:\/\/grupotorivac.com\/#\/schema\/logo\/image\/"}}]}},"_links":{"self":[{"href":"https:\/\/grupotorivac.com\/fr\/wp-json\/wp\/v2\/product\/15861","targetHints":{"allow":["GET"]}}],"collection":[{"href":"https:\/\/grupotorivac.com\/fr\/wp-json\/wp\/v2\/product"}],"about":[{"href":"https:\/\/grupotorivac.com\/fr\/wp-json\/wp\/v2\/types\/product"}],"wp:featuredmedia":[{"embeddable":true,"href":"https:\/\/grupotorivac.com\/fr\/wp-json\/wp\/v2\/media\/3745"}],"wp:attachment":[{"href":"https:\/\/grupotorivac.com\/fr\/wp-json\/wp\/v2\/media?parent=15861"}],"wp:term":[{"taxonomy":"product_brand","embeddable":true,"href":"https:\/\/grupotorivac.com\/fr\/wp-json\/wp\/v2\/product_brand?post=15861"},{"taxonomy":"product_cat","embeddable":true,"href":"https:\/\/grupotorivac.com\/fr\/wp-json\/wp\/v2\/product_cat?post=15861"},{"taxonomy":"product_tag","embeddable":true,"href":"https:\/\/grupotorivac.com\/fr\/wp-json\/wp\/v2\/product_tag?post=15861"}],"curies":[{"name":"wp","href":"https:\/\/api.w.org\/{rel}","templated":true}]}}