{"id":15855,"date":"2022-06-06T12:50:24","date_gmt":"2022-06-06T12:50:24","guid":{"rendered":"https:\/\/grupotorivac.com\/product\/regulador-a-tiristores\/"},"modified":"2022-06-06T12:50:24","modified_gmt":"2022-06-06T12:50:24","slug":"regulador-a-tiristores","status":"publish","type":"product","link":"https:\/\/grupotorivac.com\/fr\/product\/regulador-a-tiristores\/","title":{"rendered":"Contr\u00f4leur \u00e0 thyristor"},"content":{"rendered":"","protected":false},"excerpt":{"rendered":"<p>Il s&#8217;agit d&#8217;une carte de contr\u00f4le de thyristors pour la r\u00e9gulation de l&#8217;angle de phase.<\/p>\n<p>Avec un minimum de composants externes, elle permet \u00e0 la fois le contr\u00f4le du courant alternatif et le contr\u00f4le d&#8217;un pont redresseur.<\/p>\n<p>Les caract\u00e9ristiques les plus remarquables sont :<br \/>\n&#8211; Contr\u00f4le jusqu&#8217;\u00e0 6 thyristors, en connexion W3C ou B6C<br \/>\n&#8211; Alimentation 3x400V sans neutre.<br \/>\n&#8211; Equilibrage automatique des phases.<br \/>\n&#8211; Entr\u00e9e signal shunt 60mV.<br \/>\n&#8211; R\u00e9gulation de la tension et du courant.<br \/>\n&#8211; Sorties d&#8217;alimentation auxiliaire pour instruments.<\/p>\n","protected":false},"featured_media":3931,"template":"","meta":{"_acf_changed":false},"product_brand":[],"product_cat":[490,489],"product_tag":[],"class_list":{"0":"post-15855","1":"product","2":"type-product","3":"status-publish","4":"has-post-thumbnail","6":"product_cat-controle-industriel","7":"product_cat-equipements-electroniques","9":"first","10":"instock","11":"product-type-simple"},"acf":[],"yoast_head":"<!-- This site is optimized with the Yoast SEO plugin v27.2 - https:\/\/yoast.com\/product\/yoast-seo-wordpress\/ -->\n<title>Contr\u00f4leur \u00e0 thyristor - Torivac<\/title>\n<meta name=\"robots\" content=\"index, follow, max-snippet:-1, max-image-preview:large, max-video-preview:-1\" \/>\n<link rel=\"canonical\" href=\"https:\/\/grupotorivac.com\/fr\/product\/regulador-a-tiristores\/\" \/>\n<meta property=\"og:locale\" content=\"fr_FR\" \/>\n<meta property=\"og:type\" content=\"article\" \/>\n<meta property=\"og:title\" content=\"Contr\u00f4leur \u00e0 thyristor - Torivac\" \/>\n<meta property=\"og:description\" content=\"Il s&#039;agit d&#039;une carte de contr\u00f4le de thyristors pour la r\u00e9gulation de l&#039;angle de phase. Avec un minimum de composants externes, elle permet \u00e0 la fois le contr\u00f4le du courant alternatif et le contr\u00f4le d&#039;un pont redresseur. Les caract\u00e9ristiques les plus remarquables sont : - Contr\u00f4le jusqu&#039;\u00e0 6 thyristors, en connexion W3C ou B6C - Alimentation 3x400V sans neutre. - Equilibrage automatique des phases. - Entr\u00e9e signal shunt 60mV. - R\u00e9gulation de la tension et du courant. - Sorties d&#039;alimentation auxiliaire pour instruments.\" \/>\n<meta property=\"og:url\" content=\"https:\/\/grupotorivac.com\/fr\/product\/regulador-a-tiristores\/\" \/>\n<meta property=\"og:site_name\" content=\"Torivac\" \/>\n<meta property=\"og:image\" content=\"https:\/\/grupotorivac.com\/wp-content\/uploads\/2022\/12\/control-src.png\" \/>\n\t<meta property=\"og:image:width\" content=\"600\" \/>\n\t<meta property=\"og:image:height\" content=\"600\" \/>\n\t<meta property=\"og:image:type\" content=\"image\/png\" \/>\n<meta name=\"twitter:card\" content=\"summary_large_image\" \/>\n<script type=\"application\/ld+json\" class=\"yoast-schema-graph\">{\"@context\":\"https:\/\/schema.org\",\"@graph\":[{\"@type\":\"WebPage\",\"@id\":\"https:\/\/grupotorivac.com\/fr\/product\/regulador-a-tiristores\/\",\"url\":\"https:\/\/grupotorivac.com\/fr\/product\/regulador-a-tiristores\/\",\"name\":\"Contr\u00f4leur \u00e0 thyristor - Torivac\",\"isPartOf\":{\"@id\":\"https:\/\/grupotorivac.com\/#website\"},\"primaryImageOfPage\":{\"@id\":\"https:\/\/grupotorivac.com\/fr\/product\/regulador-a-tiristores\/#primaryimage\"},\"image\":{\"@id\":\"https:\/\/grupotorivac.com\/fr\/product\/regulador-a-tiristores\/#primaryimage\"},\"thumbnailUrl\":\"https:\/\/grupotorivac.com\/wp-content\/uploads\/2022\/12\/control-src.png\",\"datePublished\":\"2022-06-06T12:50:24+00:00\",\"breadcrumb\":{\"@id\":\"https:\/\/grupotorivac.com\/fr\/product\/regulador-a-tiristores\/#breadcrumb\"},\"inLanguage\":\"fr-FR\",\"potentialAction\":[{\"@type\":\"ReadAction\",\"target\":[\"https:\/\/grupotorivac.com\/fr\/product\/regulador-a-tiristores\/\"]}]},{\"@type\":\"ImageObject\",\"inLanguage\":\"fr-FR\",\"@id\":\"https:\/\/grupotorivac.com\/fr\/product\/regulador-a-tiristores\/#primaryimage\",\"url\":\"https:\/\/grupotorivac.com\/wp-content\/uploads\/2022\/12\/control-src.png\",\"contentUrl\":\"https:\/\/grupotorivac.com\/wp-content\/uploads\/2022\/12\/control-src.png\",\"width\":600,\"height\":600},{\"@type\":\"BreadcrumbList\",\"@id\":\"https:\/\/grupotorivac.com\/fr\/product\/regulador-a-tiristores\/#breadcrumb\",\"itemListElement\":[{\"@type\":\"ListItem\",\"position\":1,\"name\":\"Portada\",\"item\":\"https:\/\/grupotorivac.com\/fr\/\"},{\"@type\":\"ListItem\",\"position\":2,\"name\":\"Products\",\"item\":\"https:\/\/grupotorivac.com\/en\/shop\/\"},{\"@type\":\"ListItem\",\"position\":3,\"name\":\"Contr\u00f4leur \u00e0 thyristor\"}]},{\"@type\":\"WebSite\",\"@id\":\"https:\/\/grupotorivac.com\/#website\",\"url\":\"https:\/\/grupotorivac.com\/\",\"name\":\"Torivac\",\"description\":\"Especializados en dise\u00f1o y fabricaci\u00f3n de variados de tensi\u00f3n\",\"publisher\":{\"@id\":\"https:\/\/grupotorivac.com\/#organization\"},\"alternateName\":\"Torivac S.L\",\"potentialAction\":[{\"@type\":\"SearchAction\",\"target\":{\"@type\":\"EntryPoint\",\"urlTemplate\":\"https:\/\/grupotorivac.com\/?s={search_term_string}\"},\"query-input\":{\"@type\":\"PropertyValueSpecification\",\"valueRequired\":true,\"valueName\":\"search_term_string\"}}],\"inLanguage\":\"fr-FR\"},{\"@type\":\"Organization\",\"@id\":\"https:\/\/grupotorivac.com\/#organization\",\"name\":\"Torivac\",\"alternateName\":\"Torivac S.L\",\"url\":\"https:\/\/grupotorivac.com\/\",\"logo\":{\"@type\":\"ImageObject\",\"inLanguage\":\"fr-FR\",\"@id\":\"https:\/\/grupotorivac.com\/#\/schema\/logo\/image\/\",\"url\":\"https:\/\/grupotorivac.com\/wp-content\/uploads\/2025\/02\/Diseno-sin-titulo-73.png\",\"contentUrl\":\"https:\/\/grupotorivac.com\/wp-content\/uploads\/2025\/02\/Diseno-sin-titulo-73.png\",\"width\":250,\"height\":250,\"caption\":\"Torivac\"},\"image\":{\"@id\":\"https:\/\/grupotorivac.com\/#\/schema\/logo\/image\/\"}}]}<\/script>\n<!-- \/ Yoast SEO plugin. -->","yoast_head_json":{"title":"Contr\u00f4leur \u00e0 thyristor - Torivac","robots":{"index":"index","follow":"follow","max-snippet":"max-snippet:-1","max-image-preview":"max-image-preview:large","max-video-preview":"max-video-preview:-1"},"canonical":"https:\/\/grupotorivac.com\/fr\/product\/regulador-a-tiristores\/","og_locale":"fr_FR","og_type":"article","og_title":"Contr\u00f4leur \u00e0 thyristor - Torivac","og_description":"Il s'agit d'une carte de contr\u00f4le de thyristors pour la r\u00e9gulation de l'angle de phase. Avec un minimum de composants externes, elle permet \u00e0 la fois le contr\u00f4le du courant alternatif et le contr\u00f4le d'un pont redresseur. Les caract\u00e9ristiques les plus remarquables sont : - Contr\u00f4le jusqu'\u00e0 6 thyristors, en connexion W3C ou B6C - Alimentation 3x400V sans neutre. - Equilibrage automatique des phases. - Entr\u00e9e signal shunt 60mV. - R\u00e9gulation de la tension et du courant. - Sorties d'alimentation auxiliaire pour instruments.","og_url":"https:\/\/grupotorivac.com\/fr\/product\/regulador-a-tiristores\/","og_site_name":"Torivac","og_image":[{"width":600,"height":600,"url":"https:\/\/grupotorivac.com\/wp-content\/uploads\/2022\/12\/control-src.png","type":"image\/png"}],"twitter_card":"summary_large_image","schema":{"@context":"https:\/\/schema.org","@graph":[{"@type":"WebPage","@id":"https:\/\/grupotorivac.com\/fr\/product\/regulador-a-tiristores\/","url":"https:\/\/grupotorivac.com\/fr\/product\/regulador-a-tiristores\/","name":"Contr\u00f4leur \u00e0 thyristor - Torivac","isPartOf":{"@id":"https:\/\/grupotorivac.com\/#website"},"primaryImageOfPage":{"@id":"https:\/\/grupotorivac.com\/fr\/product\/regulador-a-tiristores\/#primaryimage"},"image":{"@id":"https:\/\/grupotorivac.com\/fr\/product\/regulador-a-tiristores\/#primaryimage"},"thumbnailUrl":"https:\/\/grupotorivac.com\/wp-content\/uploads\/2022\/12\/control-src.png","datePublished":"2022-06-06T12:50:24+00:00","breadcrumb":{"@id":"https:\/\/grupotorivac.com\/fr\/product\/regulador-a-tiristores\/#breadcrumb"},"inLanguage":"fr-FR","potentialAction":[{"@type":"ReadAction","target":["https:\/\/grupotorivac.com\/fr\/product\/regulador-a-tiristores\/"]}]},{"@type":"ImageObject","inLanguage":"fr-FR","@id":"https:\/\/grupotorivac.com\/fr\/product\/regulador-a-tiristores\/#primaryimage","url":"https:\/\/grupotorivac.com\/wp-content\/uploads\/2022\/12\/control-src.png","contentUrl":"https:\/\/grupotorivac.com\/wp-content\/uploads\/2022\/12\/control-src.png","width":600,"height":600},{"@type":"BreadcrumbList","@id":"https:\/\/grupotorivac.com\/fr\/product\/regulador-a-tiristores\/#breadcrumb","itemListElement":[{"@type":"ListItem","position":1,"name":"Portada","item":"https:\/\/grupotorivac.com\/fr\/"},{"@type":"ListItem","position":2,"name":"Products","item":"https:\/\/grupotorivac.com\/en\/shop\/"},{"@type":"ListItem","position":3,"name":"Contr\u00f4leur \u00e0 thyristor"}]},{"@type":"WebSite","@id":"https:\/\/grupotorivac.com\/#website","url":"https:\/\/grupotorivac.com\/","name":"Torivac","description":"Especializados en dise\u00f1o y fabricaci\u00f3n de variados de tensi\u00f3n","publisher":{"@id":"https:\/\/grupotorivac.com\/#organization"},"alternateName":"Torivac S.L","potentialAction":[{"@type":"SearchAction","target":{"@type":"EntryPoint","urlTemplate":"https:\/\/grupotorivac.com\/?s={search_term_string}"},"query-input":{"@type":"PropertyValueSpecification","valueRequired":true,"valueName":"search_term_string"}}],"inLanguage":"fr-FR"},{"@type":"Organization","@id":"https:\/\/grupotorivac.com\/#organization","name":"Torivac","alternateName":"Torivac S.L","url":"https:\/\/grupotorivac.com\/","logo":{"@type":"ImageObject","inLanguage":"fr-FR","@id":"https:\/\/grupotorivac.com\/#\/schema\/logo\/image\/","url":"https:\/\/grupotorivac.com\/wp-content\/uploads\/2025\/02\/Diseno-sin-titulo-73.png","contentUrl":"https:\/\/grupotorivac.com\/wp-content\/uploads\/2025\/02\/Diseno-sin-titulo-73.png","width":250,"height":250,"caption":"Torivac"},"image":{"@id":"https:\/\/grupotorivac.com\/#\/schema\/logo\/image\/"}}]}},"_links":{"self":[{"href":"https:\/\/grupotorivac.com\/fr\/wp-json\/wp\/v2\/product\/15855","targetHints":{"allow":["GET"]}}],"collection":[{"href":"https:\/\/grupotorivac.com\/fr\/wp-json\/wp\/v2\/product"}],"about":[{"href":"https:\/\/grupotorivac.com\/fr\/wp-json\/wp\/v2\/types\/product"}],"wp:featuredmedia":[{"embeddable":true,"href":"https:\/\/grupotorivac.com\/fr\/wp-json\/wp\/v2\/media\/3931"}],"wp:attachment":[{"href":"https:\/\/grupotorivac.com\/fr\/wp-json\/wp\/v2\/media?parent=15855"}],"wp:term":[{"taxonomy":"product_brand","embeddable":true,"href":"https:\/\/grupotorivac.com\/fr\/wp-json\/wp\/v2\/product_brand?post=15855"},{"taxonomy":"product_cat","embeddable":true,"href":"https:\/\/grupotorivac.com\/fr\/wp-json\/wp\/v2\/product_cat?post=15855"},{"taxonomy":"product_tag","embeddable":true,"href":"https:\/\/grupotorivac.com\/fr\/wp-json\/wp\/v2\/product_tag?post=15855"}],"curies":[{"name":"wp","href":"https:\/\/api.w.org\/{rel}","templated":true}]}}