{"id":15752,"date":"2025-11-03T18:24:43","date_gmt":"2025-11-03T18:24:43","guid":{"rendered":"https:\/\/grupotorivac.com\/projets-cles-en-main\/"},"modified":"2026-03-09T23:08:37","modified_gmt":"2026-03-09T23:08:37","slug":"projets-cles-en-main","status":"publish","type":"page","link":"https:\/\/grupotorivac.com\/fr\/projets-cles-en-main\/","title":{"rendered":"Torivac_Projets entrepreneuriaux"},"content":{"rendered":"\t\t<div data-elementor-type=\"wp-page\" data-elementor-id=\"15752\" class=\"elementor elementor-15752 elementor-14299\" data-elementor-post-type=\"page\">\n\t\t\t\t<div class=\"elementor-element elementor-element-6010927 e-con-full e-flex e-con e-parent\" data-id=\"6010927\" data-element_type=\"container\" data-e-type=\"container\" data-settings=\"{&quot;background_background&quot;:&quot;classic&quot;}\">\n\t\t<div class=\"elementor-element elementor-element-dea9175 e-flex e-con-boxed e-con e-child\" data-id=\"dea9175\" data-element_type=\"container\" data-e-type=\"container\">\n\t\t\t\t\t<div class=\"e-con-inner\">\n\t\t\t\t<div class=\"elementor-element elementor-element-fa8b268 elementor-widget__width-initial elementor-widget elementor-widget-heading\" data-id=\"fa8b268\" data-element_type=\"widget\" data-e-type=\"widget\" data-widget_type=\"heading.default\">\n\t\t\t\t<div class=\"elementor-widget-container\">\n\t\t\t\t\t<h1 class=\"elementor-heading-title elementor-size-default\">Projets cl\u00e9s en main\n<\/h1>\t\t\t\t<\/div>\n\t\t\t\t<\/div>\n\t\t\t\t<div class=\"elementor-element elementor-element-a9eaaf1 elementor-widget elementor-widget-text-editor\" data-id=\"a9eaaf1\" data-element_type=\"widget\" data-e-type=\"widget\" data-widget_type=\"text-editor.default\">\n\t\t\t\t<div class=\"elementor-widget-container\">\n\t\t\t\t\t\t\t\t\tNous nous caract\u00e9risons par une analyse rigoureuse de chaque projet et de ses avantages pour chaque client.<br>Nous incluons la conception, la fabrication et la mise en service des installations.\n\n\t\t\t\t\t\t\t\t<\/div>\n\t\t\t\t<\/div>\n\t\t\t\t\t<\/div>\n\t\t\t\t<\/div>\n\t\t\t\t<\/div>\n\t\t<div class=\"elementor-element elementor-element-d43b12a e-flex e-con-boxed e-con e-parent\" data-id=\"d43b12a\" data-element_type=\"container\" data-e-type=\"container\" data-settings=\"{&quot;background_background&quot;:&quot;classic&quot;}\">\n\t\t\t\t\t<div class=\"e-con-inner\">\n\t\t<div class=\"elementor-element elementor-element-6b0a2cf e-con-full e-flex e-con e-child\" data-id=\"6b0a2cf\" data-element_type=\"container\" data-e-type=\"container\">\n\t\t\t\t<div class=\"elementor-element elementor-element-fc22768 elementor-widget__width-auto elementor-widget elementor-widget-heading\" data-id=\"fc22768\" data-element_type=\"widget\" data-e-type=\"widget\" data-widget_type=\"heading.default\">\n\t\t\t\t<div class=\"elementor-widget-container\">\n\t\t\t\t\t<h2 class=\"elementor-heading-title elementor-size-default\">Solutions efficaces pour la r\u00e9gulation et la transformation de la tension<br>.\n\n<\/h2>\t\t\t\t<\/div>\n\t\t\t\t<\/div>\n\t\t\t\t<\/div>\n\t\t<div class=\"elementor-element elementor-element-1131450 e-con-full e-flex e-con e-child\" data-id=\"1131450\" data-element_type=\"container\" data-e-type=\"container\">\n\t\t<div class=\"elementor-element elementor-element-049bafd e-con-full e-flex e-con e-child\" data-id=\"049bafd\" data-element_type=\"container\" data-e-type=\"container\" data-settings=\"{&quot;background_background&quot;:&quot;classic&quot;}\">\n\t\t\t\t<div class=\"elementor-element elementor-element-82d0692 elementor-widget__width-auto elementor-widget elementor-widget-heading\" data-id=\"82d0692\" data-element_type=\"widget\" data-e-type=\"widget\" data-widget_type=\"heading.default\">\n\t\t\t\t<div class=\"elementor-widget-container\">\n\t\t\t\t\t<h4 class=\"elementor-heading-title elementor-size-default\">Projets sur mesure<\/h4>\t\t\t\t<\/div>\n\t\t\t\t<\/div>\n\t\t\t\t<div class=\"elementor-element elementor-element-021c550 elementor-widget elementor-widget-text-editor\" data-id=\"021c550\" data-element_type=\"widget\" data-e-type=\"widget\" data-widget_type=\"text-editor.default\">\n\t\t\t\t<div class=\"elementor-widget-container\">\n\t\t\t\t\t\t\t\t\t<p>Chaque projet est analys\u00e9 en d\u00e9tail pour s&#8217;assurer que la conception est parfaitement adapt\u00e9e aux besoins op\u00e9rationnels, garantissant un fonctionnement stable et s\u00fbr dans n&#8217;importe quel environnement industriel.<\/p><p>La gestion de chaque \u00e9tape du processus, de la conceptualisation \u00e0 l&#8217;installation, nous permet de proposer des solutions optimis\u00e9es en termes de performances et de co\u00fbts.<\/p>\t\t\t\t\t\t\t\t<\/div>\n\t\t\t\t<\/div>\n\t\t\t\t<\/div>\n\t\t<div class=\"elementor-element elementor-element-eb174dd e-con-full e-flex e-con e-child\" data-id=\"eb174dd\" data-element_type=\"container\" data-e-type=\"container\" data-settings=\"{&quot;background_background&quot;:&quot;classic&quot;}\">\n\t\t\t\t<div class=\"elementor-element elementor-element-8444c0d elementor-widget elementor-widget-image-carousel\" data-id=\"8444c0d\" data-element_type=\"widget\" data-e-type=\"widget\" data-settings=\"{&quot;slides_to_show&quot;:&quot;1&quot;,&quot;navigation&quot;:&quot;none&quot;,&quot;autoplay&quot;:&quot;yes&quot;,&quot;pause_on_hover&quot;:&quot;yes&quot;,&quot;pause_on_interaction&quot;:&quot;yes&quot;,&quot;autoplay_speed&quot;:5000,&quot;infinite&quot;:&quot;yes&quot;,&quot;effect&quot;:&quot;slide&quot;,&quot;speed&quot;:500}\" data-widget_type=\"image-carousel.default\">\n\t\t\t\t<div class=\"elementor-widget-container\">\n\t\t\t\t\t\t\t<div class=\"elementor-image-carousel-wrapper swiper\" role=\"region\" aria-roledescription=\"carousel\" aria-label=\"Carrusel de im\u00e1genes\" dir=\"ltr\">\n\t\t\t<div class=\"elementor-image-carousel swiper-wrapper\" aria-live=\"off\">\n\t\t\t\t\t\t\t\t<div class=\"swiper-slide\" role=\"group\" aria-roledescription=\"slide\" aria-label=\"1 sur 3\"><figure class=\"swiper-slide-inner\"><img decoding=\"async\" class=\"swiper-slide-image\" src=\"https:\/\/grupotorivac.com\/wp-content\/uploads\/2022\/03\/transformador-serie-tci.png\" alt=\"transformador-serie-tci.png\" \/><\/figure><\/div><div class=\"swiper-slide\" role=\"group\" aria-roledescription=\"slide\" aria-label=\"2 sur 3\"><figure class=\"swiper-slide-inner\"><img decoding=\"async\" class=\"swiper-slide-image\" src=\"https:\/\/grupotorivac.com\/wp-content\/uploads\/2022\/03\/transformador-serie-te.png\" alt=\"transformador-serie-te.png\" \/><\/figure><\/div><div class=\"swiper-slide\" role=\"group\" aria-roledescription=\"slide\" aria-label=\"3 sur 3\"><figure class=\"swiper-slide-inner\"><img decoding=\"async\" class=\"swiper-slide-image\" src=\"https:\/\/grupotorivac.com\/wp-content\/uploads\/2025\/02\/fa300a-1280x1000.png\" alt=\"fa300a\" \/><\/figure><\/div>\t\t\t<\/div>\n\t\t\t\t\t\t\t\n\t\t\t\t\t\t\t\t\t<\/div>\n\t\t\t\t\t\t<\/div>\n\t\t\t\t<\/div>\n\t\t\t\t<\/div>\n\t\t\t\t<\/div>\n\t\t\t\t\t<\/div>\n\t\t\t\t<\/div>\n\t\t<div class=\"elementor-element elementor-element-30e6af8 e-flex e-con-boxed e-con e-parent\" data-id=\"30e6af8\" data-element_type=\"container\" data-e-type=\"container\" data-settings=\"{&quot;background_background&quot;:&quot;classic&quot;}\">\n\t\t\t\t\t<div class=\"e-con-inner\">\n\t\t<div class=\"elementor-element elementor-element-9bfe5f2 e-con-full e-flex e-con e-child\" data-id=\"9bfe5f2\" data-element_type=\"container\" data-e-type=\"container\">\n\t\t<div class=\"elementor-element elementor-element-3503673 e-con-full e-flex e-con e-child\" data-id=\"3503673\" data-element_type=\"container\" data-e-type=\"container\">\n\t\t\t\t<div class=\"elementor-element elementor-element-658d219 elementor-widget__width-auto elementor-widget elementor-widget-heading\" data-id=\"658d219\" data-element_type=\"widget\" data-e-type=\"widget\" data-widget_type=\"heading.default\">\n\t\t\t\t<div class=\"elementor-widget-container\">\n\t\t\t\t\t<h4 class=\"elementor-heading-title elementor-size-default\">Travail strat\u00e9gique et collaboration<\/h4>\t\t\t\t<\/div>\n\t\t\t\t<\/div>\n\t\t\t\t<div class=\"elementor-element elementor-element-c328bb2 elementor-widget__width-auto elementor-widget elementor-widget-heading\" data-id=\"c328bb2\" data-element_type=\"widget\" data-e-type=\"widget\" data-widget_type=\"heading.default\">\n\t\t\t\t<div class=\"elementor-widget-container\">\n\t\t\t\t\t<h2 class=\"elementor-heading-title elementor-size-default\">Vous avez un projet sp\u00e9cial ou un besoin technique ?<\/h2>\t\t\t\t<\/div>\n\t\t\t\t<\/div>\n\t\t\t\t<div class=\"elementor-element elementor-element-1b7c717 elementor-widget elementor-widget-text-editor\" data-id=\"1b7c717\" data-element_type=\"widget\" data-e-type=\"widget\" data-widget_type=\"text-editor.default\">\n\t\t\t\t<div class=\"elementor-widget-container\">\n\t\t\t\t\t\t\t\t\t<p>Notre \u00e9quipe d&#8217;ing\u00e9nieurs peut vous conseiller. Nos professionnels travaillent en \u00e9troite collaboration avec nos clients et nos partenaires strat\u00e9giques pour d\u00e9velopper des solutions efficaces en mati\u00e8re de r\u00e9gulation et de transformation de la tension \u00e9lectrique. <\/p>\t\t\t\t\t\t\t\t<\/div>\n\t\t\t\t<\/div>\n\t\t\t\t<\/div>\n\t\t<div class=\"elementor-element elementor-element-4476193 e-con-full e-flex e-con e-child\" data-id=\"4476193\" data-element_type=\"container\" data-e-type=\"container\">\n\t\t\t\t<div class=\"elementor-element elementor-element-2e65f6e elementor-align-left elementor-widget elementor-widget-elementskit-button\" data-id=\"2e65f6e\" data-element_type=\"widget\" data-e-type=\"widget\" data-widget_type=\"elementskit-button.default\">\n\t\t\t\t<div class=\"elementor-widget-container\">\n\t\t\t\t\t<div class=\"ekit-wid-con\" >\t\t<div class=\"ekit-btn-wraper\">\n\t\t\t\t\t\t\t<a href=\"https:\/\/grupotorivac.com\/contacto\/\" class=\"elementskit-btn  whitespace--normal\" id=\"\">\n\t\t\t\t\t<i class=\"icon icon-contact\"><\/i>Contactez-nous \u00e0 l&#039;adresse suivante\t\t\t\t<\/a>\n\t\t\t\t\t<\/div>\n        <\/div>\t\t\t\t<\/div>\n\t\t\t\t<\/div>\n\t\t\t\t<\/div>\n\t\t\t\t<\/div>\n\t\t\t\t\t<\/div>\n\t\t\t\t<\/div>\n\t\t<div class=\"elementor-element elementor-element-743e143 e-flex e-con-boxed e-con e-parent\" data-id=\"743e143\" data-element_type=\"container\" data-e-type=\"container\" data-settings=\"{&quot;background_background&quot;:&quot;classic&quot;}\">\n\t\t\t\t\t<div class=\"e-con-inner\">\n\t\t<div class=\"elementor-element elementor-element-a66909e e-con-full e-flex e-con e-child\" data-id=\"a66909e\" data-element_type=\"container\" data-e-type=\"container\">\n\t\t\t\t<div class=\"elementor-element elementor-element-d19b2a0 elementor-widget__width-initial elementor-widget elementor-widget-image-carousel\" data-id=\"d19b2a0\" data-element_type=\"widget\" data-e-type=\"widget\" data-settings=\"{&quot;slides_to_show&quot;:&quot;1&quot;,&quot;navigation&quot;:&quot;none&quot;,&quot;autoplay&quot;:&quot;yes&quot;,&quot;pause_on_hover&quot;:&quot;yes&quot;,&quot;pause_on_interaction&quot;:&quot;yes&quot;,&quot;autoplay_speed&quot;:5000,&quot;infinite&quot;:&quot;yes&quot;,&quot;effect&quot;:&quot;slide&quot;,&quot;speed&quot;:500}\" data-widget_type=\"image-carousel.default\">\n\t\t\t\t<div class=\"elementor-widget-container\">\n\t\t\t\t\t\t\t<div class=\"elementor-image-carousel-wrapper swiper\" role=\"region\" aria-roledescription=\"carousel\" aria-label=\"Carrusel de im\u00e1genes\" dir=\"ltr\">\n\t\t\t<div class=\"elementor-image-carousel swiper-wrapper\" aria-live=\"off\">\n\t\t\t\t\t\t\t\t<div class=\"swiper-slide\" role=\"group\" aria-roledescription=\"slide\" aria-label=\"1 sur 3\"><figure class=\"swiper-slide-inner\"><img decoding=\"async\" class=\"swiper-slide-image\" src=\"https:\/\/grupotorivac.com\/wp-content\/uploads\/2025\/11\/convertidor1-1-1024x1024-1.png\" alt=\"convertidor1-1-1024x1024\" \/><\/figure><\/div><div class=\"swiper-slide\" role=\"group\" aria-roledescription=\"slide\" aria-label=\"2 sur 3\"><figure class=\"swiper-slide-inner\"><img decoding=\"async\" class=\"swiper-slide-image\" src=\"https:\/\/grupotorivac.com\/wp-content\/uploads\/2025\/11\/resistencia.png\" alt=\"resistencia\" \/><\/figure><\/div><div class=\"swiper-slide\" role=\"group\" aria-roledescription=\"slide\" aria-label=\"3 sur 3\"><figure class=\"swiper-slide-inner\"><img decoding=\"async\" class=\"swiper-slide-image\" src=\"https:\/\/grupotorivac.com\/wp-content\/uploads\/2025\/11\/Adobe-Express-file.png\" alt=\"Adobe Express - file\" \/><\/figure><\/div>\t\t\t<\/div>\n\t\t\t\t\t\t\t\n\t\t\t\t\t\t\t\t\t<\/div>\n\t\t\t\t\t\t<\/div>\n\t\t\t\t<\/div>\n\t\t<div class=\"elementor-element elementor-element-6199802 e-con-full e-flex e-con e-child\" data-id=\"6199802\" data-element_type=\"container\" data-e-type=\"container\">\n\t\t<div class=\"elementor-element elementor-element-7e23b32 e-con-full e-flex e-con e-child\" data-id=\"7e23b32\" data-element_type=\"container\" data-e-type=\"container\" data-settings=\"{&quot;background_background&quot;:&quot;classic&quot;}\">\n\t\t\t\t<div class=\"elementor-element elementor-element-30d3f78 elementor-widget__width-auto elementor-widget elementor-widget-heading\" data-id=\"30d3f78\" data-element_type=\"widget\" data-e-type=\"widget\" data-widget_type=\"heading.default\">\n\t\t\t\t<div class=\"elementor-widget-container\">\n\t\t\t\t\t<h4 class=\"elementor-heading-title elementor-size-default\">Travail strat\u00e9gique et collaboration\n<\/h4>\t\t\t\t<\/div>\n\t\t\t\t<\/div>\n\t\t\t\t<div class=\"elementor-element elementor-element-288b90c elementor-widget elementor-widget-text-editor\" data-id=\"288b90c\" data-element_type=\"widget\" data-e-type=\"widget\" data-widget_type=\"text-editor.default\">\n\t\t\t\t<div class=\"elementor-widget-container\">\n\t\t\t\t\t\t\t\t\t<p>Le contr\u00f4le total du d\u00e9veloppement de l&#8217;\u00e9quipement nous permet d&#8217;ajuster chaque d\u00e9tail, de r\u00e9duire les temps d&#8217;installation et d&#8217;am\u00e9liorer l&#8217;op\u00e9rabilit\u00e9 des syst\u00e8mes \u00e9lectriques.  <br><br>L&#8217;innovation et la pr\u00e9cision de la conception sont essentielles pour obtenir des solutions adapt\u00e9es aux applications : gr\u00e2ce \u00e0 l&#8217;utilisation d&#8217;outils avanc\u00e9s et de m\u00e9thodes de simulation, chaque pi\u00e8ce d&#8217;\u00e9quipement est test\u00e9e et affin\u00e9e avant d&#8217;\u00eatre d\u00e9ploy\u00e9e, ce qui garantit sa fiabilit\u00e9 et son efficacit\u00e9.<\/p>\t\t\t\t\t\t\t\t<\/div>\n\t\t\t\t<\/div>\n\t\t\t\t<\/div>\n\t\t\t\t<\/div>\n\t\t\t\t<\/div>\n\t\t\t\t\t<\/div>\n\t\t\t\t<\/div>\n\t\t\t\t<\/div>\n\t\t","protected":false},"excerpt":{"rendered":"<p>Projets cl\u00e9s en main Nous nous caract\u00e9risons par une analyse rigoureuse de chaque projet et de ses avantages pour chaque client.Nous incluons la conception, la fabrication<span class=\"excerpt-hellip\"> [\u2026]<\/span><\/p>\n","protected":false},"author":3,"featured_media":0,"parent":0,"menu_order":0,"comment_status":"closed","ping_status":"closed","template":"elementor_header_footer","meta":{"_acf_changed":false,"footnotes":""},"class_list":["post-15752","page","type-page","status-publish","hentry"],"acf":[],"yoast_head":"<!-- This site is optimized with the Yoast SEO plugin v27.2 - https:\/\/yoast.com\/product\/yoast-seo-wordpress\/ -->\n<title>Grupor Torivac - Projets d&#039;entreprise<\/title>\n<meta name=\"description\" content=\"%\" \/>\n<meta name=\"robots\" content=\"index, follow, max-snippet:-1, max-image-preview:large, max-video-preview:-1\" \/>\n<link rel=\"canonical\" href=\"https:\/\/grupotorivac.com\/fr\/projets-cles-en-main\/\" \/>\n<meta property=\"og:locale\" content=\"fr_FR\" \/>\n<meta property=\"og:type\" content=\"article\" \/>\n<meta property=\"og:title\" content=\"Grupor Torivac - Projets d&#039;entreprise\" \/>\n<meta property=\"og:description\" content=\"%\" \/>\n<meta property=\"og:url\" content=\"https:\/\/grupotorivac.com\/fr\/projets-cles-en-main\/\" \/>\n<meta property=\"og:site_name\" content=\"Torivac\" \/>\n<meta property=\"article:modified_time\" content=\"2026-03-09T23:08:37+00:00\" \/>\n<meta property=\"og:image\" content=\"https:\/\/grupotorivac.com\/wp-content\/uploads\/2022\/03\/transformador-serie-tci.png\" \/>\n<meta name=\"twitter:card\" content=\"summary_large_image\" \/>\n<meta name=\"twitter:label1\" content=\"Dur\u00e9e de lecture estim\u00e9e\" \/>\n\t<meta name=\"twitter:data1\" content=\"1 minute\" \/>\n<script type=\"application\/ld+json\" class=\"yoast-schema-graph\">{\"@context\":\"https:\/\/schema.org\",\"@graph\":[{\"@type\":[\"Article\",\"BlogPosting\"],\"@id\":\"https:\/\/grupotorivac.com\/fr\/projets-cles-en-main\/#article\",\"isPartOf\":{\"@id\":\"https:\/\/grupotorivac.com\/fr\/projets-cles-en-main\/\"},\"author\":{\"name\":\"Franco Santiso\",\"@id\":\"https:\/\/grupotorivac.com\/#\/schema\/person\/66a7a9ac227ee4c0306e33ff34be3c24\"},\"headline\":\"Torivac_Projets entrepreneuriaux\",\"datePublished\":\"2025-11-03T18:24:43+00:00\",\"dateModified\":\"2026-03-09T23:08:37+00:00\",\"mainEntityOfPage\":{\"@id\":\"https:\/\/grupotorivac.com\/fr\/projets-cles-en-main\/\"},\"wordCount\":274,\"publisher\":{\"@id\":\"https:\/\/grupotorivac.com\/#organization\"},\"image\":{\"@id\":\"https:\/\/grupotorivac.com\/fr\/projets-cles-en-main\/#primaryimage\"},\"thumbnailUrl\":\"https:\/\/grupotorivac.com\/wp-content\/uploads\/2022\/03\/transformador-serie-tci.png\",\"inLanguage\":\"fr-FR\"},{\"@type\":\"WebPage\",\"@id\":\"https:\/\/grupotorivac.com\/fr\/projets-cles-en-main\/\",\"url\":\"https:\/\/grupotorivac.com\/fr\/projets-cles-en-main\/\",\"name\":\"Grupor Torivac - Projets d'entreprise\",\"isPartOf\":{\"@id\":\"https:\/\/grupotorivac.com\/#website\"},\"primaryImageOfPage\":{\"@id\":\"https:\/\/grupotorivac.com\/fr\/projets-cles-en-main\/#primaryimage\"},\"image\":{\"@id\":\"https:\/\/grupotorivac.com\/fr\/projets-cles-en-main\/#primaryimage\"},\"thumbnailUrl\":\"https:\/\/grupotorivac.com\/wp-content\/uploads\/2022\/03\/transformador-serie-tci.png\",\"datePublished\":\"2025-11-03T18:24:43+00:00\",\"dateModified\":\"2026-03-09T23:08:37+00:00\",\"description\":\"%\",\"breadcrumb\":{\"@id\":\"https:\/\/grupotorivac.com\/fr\/projets-cles-en-main\/#breadcrumb\"},\"inLanguage\":\"fr-FR\",\"potentialAction\":[{\"@type\":\"ReadAction\",\"target\":[\"https:\/\/grupotorivac.com\/fr\/projets-cles-en-main\/\"]}]},{\"@type\":\"ImageObject\",\"inLanguage\":\"fr-FR\",\"@id\":\"https:\/\/grupotorivac.com\/fr\/projets-cles-en-main\/#primaryimage\",\"url\":\"https:\/\/grupotorivac.com\/wp-content\/uploads\/2022\/03\/transformador-serie-tci.png\",\"contentUrl\":\"https:\/\/grupotorivac.com\/wp-content\/uploads\/2022\/03\/transformador-serie-tci.png\"},{\"@type\":\"BreadcrumbList\",\"@id\":\"https:\/\/grupotorivac.com\/fr\/projets-cles-en-main\/#breadcrumb\",\"itemListElement\":[{\"@type\":\"ListItem\",\"position\":1,\"name\":\"Portada\",\"item\":\"https:\/\/grupotorivac.com\/fr\/\"},{\"@type\":\"ListItem\",\"position\":2,\"name\":\"Torivac_Projets entrepreneuriaux\"}]},{\"@type\":\"WebSite\",\"@id\":\"https:\/\/grupotorivac.com\/#website\",\"url\":\"https:\/\/grupotorivac.com\/\",\"name\":\"Torivac\",\"description\":\"Especializados en dise\u00f1o y fabricaci\u00f3n de variados de tensi\u00f3n\",\"publisher\":{\"@id\":\"https:\/\/grupotorivac.com\/#organization\"},\"alternateName\":\"Torivac S.L\",\"potentialAction\":[{\"@type\":\"SearchAction\",\"target\":{\"@type\":\"EntryPoint\",\"urlTemplate\":\"https:\/\/grupotorivac.com\/?s={search_term_string}\"},\"query-input\":{\"@type\":\"PropertyValueSpecification\",\"valueRequired\":true,\"valueName\":\"search_term_string\"}}],\"inLanguage\":\"fr-FR\"},{\"@type\":\"Organization\",\"@id\":\"https:\/\/grupotorivac.com\/#organization\",\"name\":\"Torivac\",\"alternateName\":\"Torivac S.L\",\"url\":\"https:\/\/grupotorivac.com\/\",\"logo\":{\"@type\":\"ImageObject\",\"inLanguage\":\"fr-FR\",\"@id\":\"https:\/\/grupotorivac.com\/#\/schema\/logo\/image\/\",\"url\":\"https:\/\/grupotorivac.com\/wp-content\/uploads\/2025\/02\/Diseno-sin-titulo-73.png\",\"contentUrl\":\"https:\/\/grupotorivac.com\/wp-content\/uploads\/2025\/02\/Diseno-sin-titulo-73.png\",\"width\":250,\"height\":250,\"caption\":\"Torivac\"},\"image\":{\"@id\":\"https:\/\/grupotorivac.com\/#\/schema\/logo\/image\/\"}},{\"@type\":\"Person\",\"@id\":\"https:\/\/grupotorivac.com\/#\/schema\/person\/66a7a9ac227ee4c0306e33ff34be3c24\",\"name\":\"Franco Santiso\",\"image\":{\"@type\":\"ImageObject\",\"inLanguage\":\"fr-FR\",\"@id\":\"https:\/\/secure.gravatar.com\/avatar\/3e691e40ad87da5eb1e273b36578b364bae76a43c3de9c1754bae6b45966b3f4?s=96&d=mm&r=g\",\"url\":\"https:\/\/secure.gravatar.com\/avatar\/3e691e40ad87da5eb1e273b36578b364bae76a43c3de9c1754bae6b45966b3f4?s=96&d=mm&r=g\",\"contentUrl\":\"https:\/\/secure.gravatar.com\/avatar\/3e691e40ad87da5eb1e273b36578b364bae76a43c3de9c1754bae6b45966b3f4?s=96&d=mm&r=g\",\"caption\":\"Franco Santiso\"},\"url\":\"https:\/\/grupotorivac.com\/fr\/author\/francoadm\/\"}]}<\/script>\n<!-- \/ Yoast SEO plugin. -->","yoast_head_json":{"title":"Grupor Torivac - Projets d'entreprise","description":"%","robots":{"index":"index","follow":"follow","max-snippet":"max-snippet:-1","max-image-preview":"max-image-preview:large","max-video-preview":"max-video-preview:-1"},"canonical":"https:\/\/grupotorivac.com\/fr\/projets-cles-en-main\/","og_locale":"fr_FR","og_type":"article","og_title":"Grupor Torivac - Projets d'entreprise","og_description":"%","og_url":"https:\/\/grupotorivac.com\/fr\/projets-cles-en-main\/","og_site_name":"Torivac","article_modified_time":"2026-03-09T23:08:37+00:00","og_image":[{"url":"https:\/\/grupotorivac.com\/wp-content\/uploads\/2022\/03\/transformador-serie-tci.png","type":"","width":"","height":""}],"twitter_card":"summary_large_image","twitter_misc":{"Dur\u00e9e de lecture estim\u00e9e":"1 minute"},"schema":{"@context":"https:\/\/schema.org","@graph":[{"@type":["Article","BlogPosting"],"@id":"https:\/\/grupotorivac.com\/fr\/projets-cles-en-main\/#article","isPartOf":{"@id":"https:\/\/grupotorivac.com\/fr\/projets-cles-en-main\/"},"author":{"name":"Franco Santiso","@id":"https:\/\/grupotorivac.com\/#\/schema\/person\/66a7a9ac227ee4c0306e33ff34be3c24"},"headline":"Torivac_Projets entrepreneuriaux","datePublished":"2025-11-03T18:24:43+00:00","dateModified":"2026-03-09T23:08:37+00:00","mainEntityOfPage":{"@id":"https:\/\/grupotorivac.com\/fr\/projets-cles-en-main\/"},"wordCount":274,"publisher":{"@id":"https:\/\/grupotorivac.com\/#organization"},"image":{"@id":"https:\/\/grupotorivac.com\/fr\/projets-cles-en-main\/#primaryimage"},"thumbnailUrl":"https:\/\/grupotorivac.com\/wp-content\/uploads\/2022\/03\/transformador-serie-tci.png","inLanguage":"fr-FR"},{"@type":"WebPage","@id":"https:\/\/grupotorivac.com\/fr\/projets-cles-en-main\/","url":"https:\/\/grupotorivac.com\/fr\/projets-cles-en-main\/","name":"Grupor Torivac - Projets d'entreprise","isPartOf":{"@id":"https:\/\/grupotorivac.com\/#website"},"primaryImageOfPage":{"@id":"https:\/\/grupotorivac.com\/fr\/projets-cles-en-main\/#primaryimage"},"image":{"@id":"https:\/\/grupotorivac.com\/fr\/projets-cles-en-main\/#primaryimage"},"thumbnailUrl":"https:\/\/grupotorivac.com\/wp-content\/uploads\/2022\/03\/transformador-serie-tci.png","datePublished":"2025-11-03T18:24:43+00:00","dateModified":"2026-03-09T23:08:37+00:00","description":"%","breadcrumb":{"@id":"https:\/\/grupotorivac.com\/fr\/projets-cles-en-main\/#breadcrumb"},"inLanguage":"fr-FR","potentialAction":[{"@type":"ReadAction","target":["https:\/\/grupotorivac.com\/fr\/projets-cles-en-main\/"]}]},{"@type":"ImageObject","inLanguage":"fr-FR","@id":"https:\/\/grupotorivac.com\/fr\/projets-cles-en-main\/#primaryimage","url":"https:\/\/grupotorivac.com\/wp-content\/uploads\/2022\/03\/transformador-serie-tci.png","contentUrl":"https:\/\/grupotorivac.com\/wp-content\/uploads\/2022\/03\/transformador-serie-tci.png"},{"@type":"BreadcrumbList","@id":"https:\/\/grupotorivac.com\/fr\/projets-cles-en-main\/#breadcrumb","itemListElement":[{"@type":"ListItem","position":1,"name":"Portada","item":"https:\/\/grupotorivac.com\/fr\/"},{"@type":"ListItem","position":2,"name":"Torivac_Projets entrepreneuriaux"}]},{"@type":"WebSite","@id":"https:\/\/grupotorivac.com\/#website","url":"https:\/\/grupotorivac.com\/","name":"Torivac","description":"Especializados en dise\u00f1o y fabricaci\u00f3n de variados de tensi\u00f3n","publisher":{"@id":"https:\/\/grupotorivac.com\/#organization"},"alternateName":"Torivac S.L","potentialAction":[{"@type":"SearchAction","target":{"@type":"EntryPoint","urlTemplate":"https:\/\/grupotorivac.com\/?s={search_term_string}"},"query-input":{"@type":"PropertyValueSpecification","valueRequired":true,"valueName":"search_term_string"}}],"inLanguage":"fr-FR"},{"@type":"Organization","@id":"https:\/\/grupotorivac.com\/#organization","name":"Torivac","alternateName":"Torivac S.L","url":"https:\/\/grupotorivac.com\/","logo":{"@type":"ImageObject","inLanguage":"fr-FR","@id":"https:\/\/grupotorivac.com\/#\/schema\/logo\/image\/","url":"https:\/\/grupotorivac.com\/wp-content\/uploads\/2025\/02\/Diseno-sin-titulo-73.png","contentUrl":"https:\/\/grupotorivac.com\/wp-content\/uploads\/2025\/02\/Diseno-sin-titulo-73.png","width":250,"height":250,"caption":"Torivac"},"image":{"@id":"https:\/\/grupotorivac.com\/#\/schema\/logo\/image\/"}},{"@type":"Person","@id":"https:\/\/grupotorivac.com\/#\/schema\/person\/66a7a9ac227ee4c0306e33ff34be3c24","name":"Franco Santiso","image":{"@type":"ImageObject","inLanguage":"fr-FR","@id":"https:\/\/secure.gravatar.com\/avatar\/3e691e40ad87da5eb1e273b36578b364bae76a43c3de9c1754bae6b45966b3f4?s=96&d=mm&r=g","url":"https:\/\/secure.gravatar.com\/avatar\/3e691e40ad87da5eb1e273b36578b364bae76a43c3de9c1754bae6b45966b3f4?s=96&d=mm&r=g","contentUrl":"https:\/\/secure.gravatar.com\/avatar\/3e691e40ad87da5eb1e273b36578b364bae76a43c3de9c1754bae6b45966b3f4?s=96&d=mm&r=g","caption":"Franco Santiso"},"url":"https:\/\/grupotorivac.com\/fr\/author\/francoadm\/"}]}},"_links":{"self":[{"href":"https:\/\/grupotorivac.com\/fr\/wp-json\/wp\/v2\/pages\/15752","targetHints":{"allow":["GET"]}}],"collection":[{"href":"https:\/\/grupotorivac.com\/fr\/wp-json\/wp\/v2\/pages"}],"about":[{"href":"https:\/\/grupotorivac.com\/fr\/wp-json\/wp\/v2\/types\/page"}],"author":[{"embeddable":true,"href":"https:\/\/grupotorivac.com\/fr\/wp-json\/wp\/v2\/users\/3"}],"replies":[{"embeddable":true,"href":"https:\/\/grupotorivac.com\/fr\/wp-json\/wp\/v2\/comments?post=15752"}],"version-history":[{"count":1,"href":"https:\/\/grupotorivac.com\/fr\/wp-json\/wp\/v2\/pages\/15752\/revisions"}],"predecessor-version":[{"id":15754,"href":"https:\/\/grupotorivac.com\/fr\/wp-json\/wp\/v2\/pages\/15752\/revisions\/15754"}],"wp:attachment":[{"href":"https:\/\/grupotorivac.com\/fr\/wp-json\/wp\/v2\/media?parent=15752"}],"curies":[{"name":"wp","href":"https:\/\/api.w.org\/{rel}","templated":true}]}}