{"id":15709,"date":"2025-12-10T11:17:16","date_gmt":"2025-12-10T11:17:16","guid":{"rendered":"https:\/\/grupotorivac.com\/politique-de-confidentialite\/"},"modified":"2026-03-09T19:59:43","modified_gmt":"2026-03-09T19:59:43","slug":"politique-de-confidentialite","status":"publish","type":"page","link":"https:\/\/grupotorivac.com\/fr\/politique-de-confidentialite\/","title":{"rendered":"Politique de confidentialit\u00e9"},"content":{"rendered":"\t\t<div data-elementor-type=\"wp-page\" data-elementor-id=\"15709\" class=\"elementor elementor-15709 elementor-14762\" data-elementor-post-type=\"page\">\n\t\t\t\t<div class=\"elementor-element elementor-element-6479055 e-flex e-con-boxed e-con e-parent\" data-id=\"6479055\" data-element_type=\"container\" data-e-type=\"container\">\n\t\t\t\t\t<div class=\"e-con-inner\">\n\t\t\t\t<div class=\"elementor-element elementor-element-2802e41 elementor-widget elementor-widget-heading\" data-id=\"2802e41\" data-element_type=\"widget\" data-e-type=\"widget\" data-widget_type=\"heading.default\">\n\t\t\t\t<div class=\"elementor-widget-container\">\n\t\t\t\t\t<h2 class=\"elementor-heading-title elementor-size-default\">Politique de confidentialit\u00e9\n<\/h2>\t\t\t\t<\/div>\n\t\t\t\t<\/div>\n\t\t\t\t<div class=\"elementor-element elementor-element-99764fa elementor-widget elementor-widget-text-editor\" data-id=\"99764fa\" data-element_type=\"widget\" data-e-type=\"widget\" data-widget_type=\"text-editor.default\">\n\t\t\t\t<div class=\"elementor-widget-container\">\n\t\t\t\t\t\t\t\t\t<p><strong>INFORMATIONS SUR L&#8217;UTILISATEUR<\/strong><\/p><p>TORIVAC GROUP, en tant que contr\u00f4leur de donn\u00e9es, vous informe que, conform\u00e9ment aux dispositions du R\u00e8glement (UE) 2016\/679 du 27 avril 2016 sur la protection des donn\u00e9es personnelles (GDPR), nous traiterons vos donn\u00e9es comme refl\u00e9t\u00e9 dans cette politique de confidentialit\u00e9.<\/p><p>Dans la pr\u00e9sente politique de confidentialit\u00e9, nous d\u00e9crivons comment nous recueillons vos donn\u00e9es \u00e0 caract\u00e8re personnel et pourquoi nous les recueillons, ce que nous en faisons, avec qui nous les partageons, comment nous les prot\u00e9geons et quels sont vos choix quant \u00e0 la mani\u00e8re dont nous traitons vos donn\u00e9es \u00e0 caract\u00e8re personnel.<\/p><p>La pr\u00e9sente politique s&#8217;applique au traitement de vos donn\u00e9es \u00e0 caract\u00e8re personnel collect\u00e9es par l&#8217;entreprise dans le cadre de la fourniture de ses services. Si vous acceptez les mesures de la pr\u00e9sente politique, vous consentez \u00e0 ce que nous traitions vos donn\u00e9es \u00e0 caract\u00e8re personnel comme d\u00e9fini dans la pr\u00e9sente politique. <\/p>\t\t\t\t\t\t\t\t<\/div>\n\t\t\t\t<\/div>\n\t\t\t\t<div class=\"elementor-element elementor-element-fbc0a49 elementor-widget elementor-widget-text-editor\" data-id=\"fbc0a49\" data-element_type=\"widget\" data-e-type=\"widget\" data-widget_type=\"text-editor.default\">\n\t\t\t\t<div class=\"elementor-widget-container\">\n\t\t\t\t\t\t\t\t\t<p><b>CONTACT<\/b><br>La propri\u00e9t\u00e9 de ce site web, https:\/\/grupotorivac.com\/, (ci-apr\u00e8s d\u00e9nomm\u00e9 le site web) est d\u00e9tenue par : B60784584, et dont les coordonn\u00e9es sont :<\/p><p>Adresse : C\/ Potosi N\u00ba 2, Planta 6\u00aa, 08030 Barcelona<br>T\u00e9l\u00e9phone de contact : +34 93 312 01 61<br>Courriel de contact : info@torivac.com<\/p>\t\t\t\t\t\t\t\t<\/div>\n\t\t\t\t<\/div>\n\t\t\t\t<div class=\"elementor-element elementor-element-e80f071 elementor-widget elementor-widget-text-editor\" data-id=\"e80f071\" data-element_type=\"widget\" data-e-type=\"widget\" data-widget_type=\"text-editor.default\">\n\t\t\t\t<div class=\"elementor-widget-container\">\n\t\t\t\t\t\t\t\t\t<p><strong>PRINCIPES CL\u00c9S<\/strong><br>Nous nous sommes toujours engag\u00e9s \u00e0 fournir nos services avec le plus haut degr\u00e9 de qualit\u00e9, ce qui implique de traiter vos donn\u00e9es de mani\u00e8re s\u00fbre et transparente. Nos principes sont les suivants : <\/p><ul><li>L\u00e9galit\u00e9 : Nous ne collecterons vos donn\u00e9es personnelles que pour des raisons sp\u00e9cifiques, explicites et l\u00e9gitimes.<\/li><li>Minimisation des donn\u00e9es : Nous limitons la collecte de donn\u00e9es \u00e0 caract\u00e8re personnel \u00e0 ce qui est strictement pertinent et n\u00e9cessaire aux fins pour lesquelles elles ont \u00e9t\u00e9 collect\u00e9es.<\/li><li>Limitation des finalit\u00e9s : nous ne collecterons vos donn\u00e9es personnelles qu&#8217;aux fins indiqu\u00e9es et conform\u00e9ment \u00e0 vos souhaits.<\/li><li>Exactitude : nous veillerons \u00e0 ce que vos donn\u00e9es personnelles soient exactes et \u00e0 jour.<\/li><li>S\u00e9curit\u00e9 des donn\u00e9es : Nous mettons en \u0153uvre des mesures techniques et organisationnelles appropri\u00e9es, proportionn\u00e9es aux risques, afin de garantir que vos donn\u00e9es ne soient pas endommag\u00e9es, notamment par une divulgation ou un acc\u00e8s non autoris\u00e9, une destruction accidentelle ou illicite, une perte ou une alt\u00e9ration accidentelle et toute autre forme de traitement illicite.<\/li><li>Acc\u00e8s et rectification : nous mettons \u00e0 votre disposition les moyens d&#8217;acc\u00e9der \u00e0 vos donn\u00e9es ou de les rectifier chaque fois que vous le jugez opportun.<\/li><li>Conservation : nous conservons vos donn\u00e9es \u00e0 caract\u00e8re personnel d&#8217;une mani\u00e8re l\u00e9gale et appropri\u00e9e et uniquement pendant la dur\u00e9e n\u00e9cessaire aux fins pour lesquelles elles ont \u00e9t\u00e9 collect\u00e9es.<\/li><li>Transferts internationaux : lorsque vos donn\u00e9es doivent \u00eatre transf\u00e9r\u00e9es en dehors de l&#8217;UE\/EEE, elles seront prot\u00e9g\u00e9es de mani\u00e8re ad\u00e9quate.<\/li><li>Tiers : l&#8217;acc\u00e8s aux donn\u00e9es \u00e0 caract\u00e8re personnel et leur transfert \u00e0 des tiers s&#8217;effectuent conform\u00e9ment aux lois et r\u00e9glementations applicables et avec des garanties contractuelles appropri\u00e9es.<\/li><li>Marketing direct et cookies : Nous respectons la l\u00e9gislation applicable en mati\u00e8re de publicit\u00e9 et de cookies.<\/li><\/ul>\t\t\t\t\t\t\t\t<\/div>\n\t\t\t\t<\/div>\n\t\t\t\t<div class=\"elementor-element elementor-element-8cbcd73 elementor-widget elementor-widget-text-editor\" data-id=\"8cbcd73\" data-element_type=\"widget\" data-e-type=\"widget\" data-widget_type=\"text-editor.default\">\n\t\t\t\t<div class=\"elementor-widget-container\">\n\t\t\t\t\t\t\t\t\t<p><strong>COLLECTE ET TRAITEMENT DE VOS DONN\u00c9ES PERSONNELLES<\/strong><br>Les types de donn\u00e9es demand\u00e9es et trait\u00e9es sont les suivants :<\/p><ul><li>Donn\u00e9es \u00e0 caract\u00e8re identifiant, caract\u00e9ristiques personnelles et situation sociale.<\/li><li>Donn\u00e9es financi\u00e8res, le cas \u00e9ch\u00e9ant.<\/li><\/ul><p><span style=\"letter-spacing: 0px;\">Nous recueillons aussi automatiquement des donn\u00e9es sur votre visite de notre site web, comme d\u00e9crit dans la section &#8220;Utilisation des cookies&#8221; ci-dessous.<\/span><\/p><p>Chaque fois que nous vous demandons vos donn\u00e9es personnelles, nous vous informons clairement des donn\u00e9es personnelles que nous collectons et de la finalit\u00e9 de cette collecte. En g\u00e9n\u00e9ral, nous collectons et traitons vos donn\u00e9es \u00e0 caract\u00e8re personnel dans le but de : <\/p><ul><li>Fournir des informations sur nos produits et services.<\/li><li>Fournir nos services.<\/li><li>R\u00e9pondre \u00e0 vos questions et \u00e0 vos demandes.<\/li><\/ul>\t\t\t\t\t\t\t\t<\/div>\n\t\t\t\t<\/div>\n\t\t\t\t<div class=\"elementor-element elementor-element-00c88cc elementor-widget elementor-widget-text-editor\" data-id=\"00c88cc\" data-element_type=\"widget\" data-e-type=\"widget\" data-widget_type=\"text-editor.default\">\n\t\t\t\t<div class=\"elementor-widget-container\">\n\t\t\t\t\t\t\t\t\t<p><b>L\u00c9GITIMIT\u00c9<\/b><\/p><p>Conform\u00e9ment \u00e0 la r\u00e9glementation applicable en mati\u00e8re de protection des donn\u00e9es, vos donn\u00e9es \u00e0 caract\u00e8re personnel peuvent \u00eatre trait\u00e9es dans les cas suivants :<\/p><ul><li>Vous nous avez donn\u00e9 votre consentement aux fins du traitement. Vous pouvez bien entendu retirer votre consentement \u00e0 tout moment. <\/li><li>Elle est n\u00e9cessaire \u00e0 la fourniture de l&#8217;un de nos services dans le cadre d&#8217;une relation contractuelle entre vous et nous.<\/li><li>Par ce traitement, nous poursuivons un int\u00e9r\u00eat l\u00e9gitime qui n&#8217;est pas compromis par vos droits en mati\u00e8re de protection de la vie priv\u00e9e. Cet int\u00e9r\u00eat l\u00e9gitime vous sera d\u00fbment communiqu\u00e9 dans l&#8217;avis de confidentialit\u00e9 relatif \u00e0 ce traitement particulier. <\/li><li>La loi l&#8217;exige<\/li><\/ul>\t\t\t\t\t\t\t\t<\/div>\n\t\t\t\t<\/div>\n\t\t\t\t<div class=\"elementor-element elementor-element-de3a2ca elementor-widget elementor-widget-text-editor\" data-id=\"de3a2ca\" data-element_type=\"widget\" data-e-type=\"widget\" data-widget_type=\"text-editor.default\">\n\t\t\t\t<div class=\"elementor-widget-container\">\n\t\t\t\t\t\t\t\t\t<p><b>VOS DROITS<\/b><\/p><p>En ce qui concerne la collecte et le traitement de vos donn\u00e9es personnelles, vous pouvez nous contacter \u00e0 tout moment \u00e0 l&#8217;adresse suivante :<\/p><ul><li>Pour savoir si nous traitons vos donn\u00e9es personnelles.<\/li><li>Acc\u00e9der \u00e0 vos donn\u00e9es personnelles et \u00e0 toute autre information vis\u00e9e \u00e0 l&#8217;article 15.1 du RGPD.<\/li><li>Rectifier vos donn\u00e9es personnelles qui sont inexactes ou incompl\u00e8tes conform\u00e9ment \u00e0 l&#8217;article 16 du GDPR.<\/li><li>Supprimer vos donn\u00e9es personnelles conform\u00e9ment \u00e0 l&#8217;article 17 du GDPR.<\/li><li>Limiter le traitement de vos donn\u00e9es personnelles conform\u00e9ment \u00e0 l&#8217;article 18 du GDPR.<\/li><li>Demander la portabilit\u00e9 de vos donn\u00e9es conform\u00e9ment \u00e0 l&#8217;article 20 du RGPD.<\/li><li>s&#8217;opposer au traitement de vos donn\u00e9es \u00e0 caract\u00e8re personnel conform\u00e9ment \u00e0 l&#8217;article 21 du RGPD.<\/li><\/ul><p>Si vous avez donn\u00e9 votre consentement pour une finalit\u00e9 sp\u00e9cifique, vous avez le droit de le retirer \u00e0 tout moment, sans que cela n&#8217;affecte la l\u00e9galit\u00e9 du traitement fond\u00e9 sur votre consentement avant son retrait. Pour exercer vos droits, vous pouvez nous envoyer une communication \u00e0 correodelcliente <\/p>\t\t\t\t\t\t\t\t<\/div>\n\t\t\t\t<\/div>\n\t\t\t\t<div class=\"elementor-element elementor-element-2d08dde elementor-widget elementor-widget-text-editor\" data-id=\"2d08dde\" data-element_type=\"widget\" data-e-type=\"widget\" data-widget_type=\"text-editor.default\">\n\t\t\t\t<div class=\"elementor-widget-container\">\n\t\t\t\t\t\t\t\t\t<p><b>INFORMATIONS JURIDIQUES<br><\/b>Les exigences de la pr\u00e9sente politique compl\u00e8tent, et ne remplacent pas, toute autre exigence existant en vertu de la l\u00e9gislation applicable en mati\u00e8re de protection des donn\u00e9es, qui pr\u00e9vaut en tout \u00e9tat de cause.<\/p><p>La pr\u00e9sente politique fait l&#8217;objet d&#8217;une r\u00e9vision p\u00e9riodique et peut \u00eatre modifi\u00e9e par la Soci\u00e9t\u00e9 \u00e0 tout moment. Le cas \u00e9ch\u00e9ant, nous vous informerons des changements et vous demanderons de relire la version la plus r\u00e9cente de notre politique et de confirmer votre acceptation. <\/p><p>Derni\u00e8re mise \u00e0 jour : D\u00c9CEMBRE 2025.<\/p>\t\t\t\t\t\t\t\t<\/div>\n\t\t\t\t<\/div>\n\t\t\t\t\t<\/div>\n\t\t\t\t<\/div>\n\t\t\t\t<\/div>\n\t\t","protected":false},"excerpt":{"rendered":"<p>Politique de confidentialit\u00e9 INFORMATIONS SUR L&#8217;UTILISATEUR TORIVAC GROUP, en tant que contr\u00f4leur de donn\u00e9es, vous informe que, conform\u00e9ment aux dispositions du R\u00e8glement (UE) 2016\/679 du 27<span class=\"excerpt-hellip\"> [\u2026]<\/span><\/p>\n","protected":false},"author":3,"featured_media":0,"parent":0,"menu_order":0,"comment_status":"closed","ping_status":"closed","template":"","meta":{"_acf_changed":false,"footnotes":""},"class_list":["post-15709","page","type-page","status-publish","hentry"],"acf":[],"yoast_head":"<!-- This site is optimized with the Yoast SEO plugin v27.2 - https:\/\/yoast.com\/product\/yoast-seo-wordpress\/ -->\n<title>Politique de confidentialit\u00e9 - Torivac<\/title>\n<meta name=\"description\" content=\"%\" \/>\n<meta name=\"robots\" content=\"index, follow, max-snippet:-1, max-image-preview:large, max-video-preview:-1\" \/>\n<link rel=\"canonical\" href=\"https:\/\/grupotorivac.com\/fr\/politique-de-confidentialite\/\" \/>\n<meta property=\"og:locale\" content=\"fr_FR\" \/>\n<meta property=\"og:type\" content=\"article\" \/>\n<meta property=\"og:title\" content=\"Politique de confidentialit\u00e9 - Torivac\" \/>\n<meta property=\"og:description\" content=\"%\" \/>\n<meta property=\"og:url\" content=\"https:\/\/grupotorivac.com\/fr\/politique-de-confidentialite\/\" \/>\n<meta property=\"og:site_name\" content=\"Torivac\" \/>\n<meta property=\"article:modified_time\" content=\"2026-03-09T19:59:43+00:00\" \/>\n<meta property=\"og:image\" content=\"https:\/\/grupotorivac.com\/wp-content\/uploads\/2025\/02\/Diseno-sin-titulo-73.png\" \/>\n\t<meta property=\"og:image:width\" content=\"250\" \/>\n\t<meta property=\"og:image:height\" content=\"250\" \/>\n\t<meta property=\"og:image:type\" content=\"image\/png\" \/>\n<meta name=\"twitter:card\" content=\"summary_large_image\" \/>\n<meta name=\"twitter:label1\" content=\"Dur\u00e9e de lecture estim\u00e9e\" \/>\n\t<meta name=\"twitter:data1\" content=\"5 minutes\" \/>\n<script type=\"application\/ld+json\" class=\"yoast-schema-graph\">{\"@context\":\"https:\/\/schema.org\",\"@graph\":[{\"@type\":[\"Article\",\"BlogPosting\"],\"@id\":\"https:\/\/grupotorivac.com\/fr\/politique-de-confidentialite\/#article\",\"isPartOf\":{\"@id\":\"https:\/\/grupotorivac.com\/fr\/politique-de-confidentialite\/\"},\"author\":{\"name\":\"Franco Santiso\",\"@id\":\"https:\/\/grupotorivac.com\/#\/schema\/person\/66a7a9ac227ee4c0306e33ff34be3c24\"},\"headline\":\"Politique de confidentialit\u00e9\",\"datePublished\":\"2025-12-10T11:17:16+00:00\",\"dateModified\":\"2026-03-09T19:59:43+00:00\",\"mainEntityOfPage\":{\"@id\":\"https:\/\/grupotorivac.com\/fr\/politique-de-confidentialite\/\"},\"wordCount\":1061,\"publisher\":{\"@id\":\"https:\/\/grupotorivac.com\/#organization\"},\"inLanguage\":\"fr-FR\"},{\"@type\":\"WebPage\",\"@id\":\"https:\/\/grupotorivac.com\/fr\/politique-de-confidentialite\/\",\"url\":\"https:\/\/grupotorivac.com\/fr\/politique-de-confidentialite\/\",\"name\":\"Politique de confidentialit\u00e9 - Torivac\",\"isPartOf\":{\"@id\":\"https:\/\/grupotorivac.com\/#website\"},\"datePublished\":\"2025-12-10T11:17:16+00:00\",\"dateModified\":\"2026-03-09T19:59:43+00:00\",\"description\":\"%\",\"breadcrumb\":{\"@id\":\"https:\/\/grupotorivac.com\/fr\/politique-de-confidentialite\/#breadcrumb\"},\"inLanguage\":\"fr-FR\",\"potentialAction\":[{\"@type\":\"ReadAction\",\"target\":[\"https:\/\/grupotorivac.com\/fr\/politique-de-confidentialite\/\"]}]},{\"@type\":\"BreadcrumbList\",\"@id\":\"https:\/\/grupotorivac.com\/fr\/politique-de-confidentialite\/#breadcrumb\",\"itemListElement\":[{\"@type\":\"ListItem\",\"position\":1,\"name\":\"Portada\",\"item\":\"https:\/\/grupotorivac.com\/fr\/\"},{\"@type\":\"ListItem\",\"position\":2,\"name\":\"Politique de confidentialit\u00e9\"}]},{\"@type\":\"WebSite\",\"@id\":\"https:\/\/grupotorivac.com\/#website\",\"url\":\"https:\/\/grupotorivac.com\/\",\"name\":\"Torivac\",\"description\":\"Especializados en dise\u00f1o y fabricaci\u00f3n de variados de tensi\u00f3n\",\"publisher\":{\"@id\":\"https:\/\/grupotorivac.com\/#organization\"},\"alternateName\":\"Torivac S.L\",\"potentialAction\":[{\"@type\":\"SearchAction\",\"target\":{\"@type\":\"EntryPoint\",\"urlTemplate\":\"https:\/\/grupotorivac.com\/?s={search_term_string}\"},\"query-input\":{\"@type\":\"PropertyValueSpecification\",\"valueRequired\":true,\"valueName\":\"search_term_string\"}}],\"inLanguage\":\"fr-FR\"},{\"@type\":\"Organization\",\"@id\":\"https:\/\/grupotorivac.com\/#organization\",\"name\":\"Torivac\",\"alternateName\":\"Torivac S.L\",\"url\":\"https:\/\/grupotorivac.com\/\",\"logo\":{\"@type\":\"ImageObject\",\"inLanguage\":\"fr-FR\",\"@id\":\"https:\/\/grupotorivac.com\/#\/schema\/logo\/image\/\",\"url\":\"https:\/\/grupotorivac.com\/wp-content\/uploads\/2025\/02\/Diseno-sin-titulo-73.png\",\"contentUrl\":\"https:\/\/grupotorivac.com\/wp-content\/uploads\/2025\/02\/Diseno-sin-titulo-73.png\",\"width\":250,\"height\":250,\"caption\":\"Torivac\"},\"image\":{\"@id\":\"https:\/\/grupotorivac.com\/#\/schema\/logo\/image\/\"}},{\"@type\":\"Person\",\"@id\":\"https:\/\/grupotorivac.com\/#\/schema\/person\/66a7a9ac227ee4c0306e33ff34be3c24\",\"name\":\"Franco Santiso\",\"image\":{\"@type\":\"ImageObject\",\"inLanguage\":\"fr-FR\",\"@id\":\"https:\/\/secure.gravatar.com\/avatar\/3e691e40ad87da5eb1e273b36578b364bae76a43c3de9c1754bae6b45966b3f4?s=96&d=mm&r=g\",\"url\":\"https:\/\/secure.gravatar.com\/avatar\/3e691e40ad87da5eb1e273b36578b364bae76a43c3de9c1754bae6b45966b3f4?s=96&d=mm&r=g\",\"contentUrl\":\"https:\/\/secure.gravatar.com\/avatar\/3e691e40ad87da5eb1e273b36578b364bae76a43c3de9c1754bae6b45966b3f4?s=96&d=mm&r=g\",\"caption\":\"Franco Santiso\"},\"url\":\"https:\/\/grupotorivac.com\/fr\/author\/francoadm\/\"}]}<\/script>\n<!-- \/ Yoast SEO plugin. -->","yoast_head_json":{"title":"Politique de confidentialit\u00e9 - Torivac","description":"%","robots":{"index":"index","follow":"follow","max-snippet":"max-snippet:-1","max-image-preview":"max-image-preview:large","max-video-preview":"max-video-preview:-1"},"canonical":"https:\/\/grupotorivac.com\/fr\/politique-de-confidentialite\/","og_locale":"fr_FR","og_type":"article","og_title":"Politique de confidentialit\u00e9 - Torivac","og_description":"%","og_url":"https:\/\/grupotorivac.com\/fr\/politique-de-confidentialite\/","og_site_name":"Torivac","article_modified_time":"2026-03-09T19:59:43+00:00","og_image":[{"width":250,"height":250,"url":"https:\/\/grupotorivac.com\/wp-content\/uploads\/2025\/02\/Diseno-sin-titulo-73.png","type":"image\/png"}],"twitter_card":"summary_large_image","twitter_misc":{"Dur\u00e9e de lecture estim\u00e9e":"5 minutes"},"schema":{"@context":"https:\/\/schema.org","@graph":[{"@type":["Article","BlogPosting"],"@id":"https:\/\/grupotorivac.com\/fr\/politique-de-confidentialite\/#article","isPartOf":{"@id":"https:\/\/grupotorivac.com\/fr\/politique-de-confidentialite\/"},"author":{"name":"Franco Santiso","@id":"https:\/\/grupotorivac.com\/#\/schema\/person\/66a7a9ac227ee4c0306e33ff34be3c24"},"headline":"Politique de confidentialit\u00e9","datePublished":"2025-12-10T11:17:16+00:00","dateModified":"2026-03-09T19:59:43+00:00","mainEntityOfPage":{"@id":"https:\/\/grupotorivac.com\/fr\/politique-de-confidentialite\/"},"wordCount":1061,"publisher":{"@id":"https:\/\/grupotorivac.com\/#organization"},"inLanguage":"fr-FR"},{"@type":"WebPage","@id":"https:\/\/grupotorivac.com\/fr\/politique-de-confidentialite\/","url":"https:\/\/grupotorivac.com\/fr\/politique-de-confidentialite\/","name":"Politique de confidentialit\u00e9 - Torivac","isPartOf":{"@id":"https:\/\/grupotorivac.com\/#website"},"datePublished":"2025-12-10T11:17:16+00:00","dateModified":"2026-03-09T19:59:43+00:00","description":"%","breadcrumb":{"@id":"https:\/\/grupotorivac.com\/fr\/politique-de-confidentialite\/#breadcrumb"},"inLanguage":"fr-FR","potentialAction":[{"@type":"ReadAction","target":["https:\/\/grupotorivac.com\/fr\/politique-de-confidentialite\/"]}]},{"@type":"BreadcrumbList","@id":"https:\/\/grupotorivac.com\/fr\/politique-de-confidentialite\/#breadcrumb","itemListElement":[{"@type":"ListItem","position":1,"name":"Portada","item":"https:\/\/grupotorivac.com\/fr\/"},{"@type":"ListItem","position":2,"name":"Politique de confidentialit\u00e9"}]},{"@type":"WebSite","@id":"https:\/\/grupotorivac.com\/#website","url":"https:\/\/grupotorivac.com\/","name":"Torivac","description":"Especializados en dise\u00f1o y fabricaci\u00f3n de variados de tensi\u00f3n","publisher":{"@id":"https:\/\/grupotorivac.com\/#organization"},"alternateName":"Torivac S.L","potentialAction":[{"@type":"SearchAction","target":{"@type":"EntryPoint","urlTemplate":"https:\/\/grupotorivac.com\/?s={search_term_string}"},"query-input":{"@type":"PropertyValueSpecification","valueRequired":true,"valueName":"search_term_string"}}],"inLanguage":"fr-FR"},{"@type":"Organization","@id":"https:\/\/grupotorivac.com\/#organization","name":"Torivac","alternateName":"Torivac S.L","url":"https:\/\/grupotorivac.com\/","logo":{"@type":"ImageObject","inLanguage":"fr-FR","@id":"https:\/\/grupotorivac.com\/#\/schema\/logo\/image\/","url":"https:\/\/grupotorivac.com\/wp-content\/uploads\/2025\/02\/Diseno-sin-titulo-73.png","contentUrl":"https:\/\/grupotorivac.com\/wp-content\/uploads\/2025\/02\/Diseno-sin-titulo-73.png","width":250,"height":250,"caption":"Torivac"},"image":{"@id":"https:\/\/grupotorivac.com\/#\/schema\/logo\/image\/"}},{"@type":"Person","@id":"https:\/\/grupotorivac.com\/#\/schema\/person\/66a7a9ac227ee4c0306e33ff34be3c24","name":"Franco Santiso","image":{"@type":"ImageObject","inLanguage":"fr-FR","@id":"https:\/\/secure.gravatar.com\/avatar\/3e691e40ad87da5eb1e273b36578b364bae76a43c3de9c1754bae6b45966b3f4?s=96&d=mm&r=g","url":"https:\/\/secure.gravatar.com\/avatar\/3e691e40ad87da5eb1e273b36578b364bae76a43c3de9c1754bae6b45966b3f4?s=96&d=mm&r=g","contentUrl":"https:\/\/secure.gravatar.com\/avatar\/3e691e40ad87da5eb1e273b36578b364bae76a43c3de9c1754bae6b45966b3f4?s=96&d=mm&r=g","caption":"Franco Santiso"},"url":"https:\/\/grupotorivac.com\/fr\/author\/francoadm\/"}]}},"_links":{"self":[{"href":"https:\/\/grupotorivac.com\/fr\/wp-json\/wp\/v2\/pages\/15709","targetHints":{"allow":["GET"]}}],"collection":[{"href":"https:\/\/grupotorivac.com\/fr\/wp-json\/wp\/v2\/pages"}],"about":[{"href":"https:\/\/grupotorivac.com\/fr\/wp-json\/wp\/v2\/types\/page"}],"author":[{"embeddable":true,"href":"https:\/\/grupotorivac.com\/fr\/wp-json\/wp\/v2\/users\/3"}],"replies":[{"embeddable":true,"href":"https:\/\/grupotorivac.com\/fr\/wp-json\/wp\/v2\/comments?post=15709"}],"version-history":[{"count":1,"href":"https:\/\/grupotorivac.com\/fr\/wp-json\/wp\/v2\/pages\/15709\/revisions"}],"predecessor-version":[{"id":15710,"href":"https:\/\/grupotorivac.com\/fr\/wp-json\/wp\/v2\/pages\/15709\/revisions\/15710"}],"wp:attachment":[{"href":"https:\/\/grupotorivac.com\/fr\/wp-json\/wp\/v2\/media?parent=15709"}],"curies":[{"name":"wp","href":"https:\/\/api.w.org\/{rel}","templated":true}]}}