{"id":15701,"date":"2025-12-10T11:26:43","date_gmt":"2025-12-10T11:26:43","guid":{"rendered":"https:\/\/grupotorivac.com\/declaracion-de-accesibilidad\/"},"modified":"2026-03-09T19:54:58","modified_gmt":"2026-03-09T19:54:58","slug":"declaracion-de-accesibilidad","status":"publish","type":"page","link":"https:\/\/grupotorivac.com\/fr\/declaracion-de-accesibilidad\/","title":{"rendered":"D\u00e9claration d&#8217;accessibilit\u00e9"},"content":{"rendered":"\t\t<div data-elementor-type=\"wp-page\" data-elementor-id=\"15701\" class=\"elementor elementor-15701 elementor-14774\" data-elementor-post-type=\"page\">\n\t\t\t\t<div class=\"elementor-element elementor-element-c3fab39 e-flex e-con-boxed e-con e-parent\" data-id=\"c3fab39\" data-element_type=\"container\" data-e-type=\"container\">\n\t\t\t\t\t<div class=\"e-con-inner\">\n\t\t\t\t<div class=\"elementor-element elementor-element-860a646 elementor-widget elementor-widget-heading\" data-id=\"860a646\" data-element_type=\"widget\" data-e-type=\"widget\" data-widget_type=\"heading.default\">\n\t\t\t\t<div class=\"elementor-widget-container\">\n\t\t\t\t\t<h2 class=\"elementor-heading-title elementor-size-default\">D\u00e9claration d'accessibilit\u00e9<span><\/span><\/h2>\t\t\t\t<\/div>\n\t\t\t\t<\/div>\n\t\t\t\t<div class=\"elementor-element elementor-element-8688278 elementor-widget elementor-widget-text-editor\" data-id=\"8688278\" data-element_type=\"widget\" data-e-type=\"widget\" data-widget_type=\"text-editor.default\">\n\t\t\t\t<div class=\"elementor-widget-container\">\n\t\t\t\t\t\t\t\t\t<p>https:\/\/grupotorivac.com<br><b>SITUATION DE CONFORMIT\u00c9<br><\/b>Le Groupe Torivac (ci-apr\u00e8s \u00e9galement Site Web) est partiellement conforme au d\u00e9cret royal 1112\/2018, du 7 septembre, en raison de la non-conformit\u00e9 des aspects \u00e9num\u00e9r\u00e9s ci-dessous.<\/p>\t\t\t\t\t\t\t\t<\/div>\n\t\t\t\t<\/div>\n\t\t\t\t<div class=\"elementor-element elementor-element-fd16cbf elementor-widget elementor-widget-text-editor\" data-id=\"fd16cbf\" data-element_type=\"widget\" data-e-type=\"widget\" data-widget_type=\"text-editor.default\">\n\t\t\t\t<div class=\"elementor-widget-container\">\n\t\t\t\t\t\t\t\t\t<p><strong>Contenu non accessible<\/strong><br>Le contenu \u00e9num\u00e9r\u00e9 ci-dessous n&#8217;est pas accessible pour les raisons suivantes :<\/p><p>a. Non-conformit\u00e9 au RD 1112\/2018 : Sans objet. Conforme \u00e0 100% des crit\u00e8res d&#8217;accessibilit\u00e9 du web. <br><span style=\"letter-spacing: 0px;\">b. Charge disproportionn\u00e9e : sans objet. <br><\/span><span style=\"letter-spacing: 0px;\">c. Le contenu n&#8217;entre pas dans le champ d&#8217;application de la l\u00e9gislation applicable : <\/span><\/p><p>Il se peut que certains fichiers PDF et autres fichiers bureautiques publi\u00e9s avant le 20 septembre 2018 ne r\u00e9pondent pas \u00e0 toutes les exigences en mati\u00e8re d&#8217;accessibilit\u00e9. Cependant, des efforts ont \u00e9t\u00e9 faits pour s&#8217;assurer que la plupart d&#8217;entre eux le sont. <br>Il peut y avoir du contenu de tiers qui n&#8217;est pas d\u00e9velopp\u00e9 par ou sous le contr\u00f4le de cette unit\u00e9, comme des images, des cartes interactives, des vid\u00e9os, des documents, des lecteurs, etc.<br>Il se peut que des fichiers pr\u00e9enregistr\u00e9s publi\u00e9s avant le 20 septembre 2018 ne r\u00e9pondent pas \u00e0 toutes les exigences en mati\u00e8re d&#8217;accessibilit\u00e9.<br>Une partie ou la totalit\u00e9 du site web peut \u00eatre cr\u00e9\u00e9e avec un CMS (WordPress, Shopify, PrestaShop, etc.), de sorte qu&#8217;en raison d&#8217;une mise \u00e0 jour ou d&#8217;un changement dans les syst\u00e8mes, tout le contenu g\u00e9n\u00e9r\u00e9 ou autog\u00e9n\u00e9r\u00e9 peut ne pas \u00eatre conforme \u00e0 toutes les r\u00e9glementations en mati\u00e8re d&#8217;accessibilit\u00e9.<br>Pr\u00e9paration de la pr\u00e9sente d\u00e9claration d&#8217;accessibilit\u00e9<\/p><p>La m\u00e9thode utilis\u00e9e pour pr\u00e9parer la d\u00e9claration \u00e9tait une auto-\u00e9valuation r\u00e9alis\u00e9e par l&#8217;entreprise elle-m\u00eame.<\/p>\t\t\t\t\t\t\t\t<\/div>\n\t\t\t\t<\/div>\n\t\t\t\t<div class=\"elementor-element elementor-element-d1def15 elementor-widget elementor-widget-text-editor\" data-id=\"d1def15\" data-element_type=\"widget\" data-e-type=\"widget\" data-widget_type=\"text-editor.default\">\n\t\t\t\t<div class=\"elementor-widget-container\">\n\t\t\t\t\t\t\t\t\t<p><strong>Commentaires et coordonn\u00e9es<\/strong><br>Vous pouvez faire des communications sur les exigences en mati\u00e8re d&#8217;accessibilit\u00e9 (article 10.2.a du d\u00e9cret royal 1112\/2018, du 7 septembre) comme, par exemple :<\/p><p>Pour signaler toute non-conformit\u00e9 \u00e9ventuelle de ce site web.<br>Pour signaler d&#8217;autres difficult\u00e9s d&#8217;acc\u00e8s au contenu.<br>Pour faire toute autre demande ou suggestion d&#8217;am\u00e9lioration concernant l&#8217;accessibilit\u00e9 du site web.<br>Par les canaux suivants :<\/p><p style=\"font-style: normal; font-variant-ligatures: normal; font-variant-caps: normal; font-weight: 400; font-size: 15px; font-family: Archivo, Helvetica, Arial, sans-serif;\">T\u00e9l\u00e9phone de contact : <span class=\"blanc-space ng-binding\">+34 93 312 01 61<br><\/span>Courriel de contact : <span class=\"blanc-space ng-binding\">info@torivac.com<\/span><\/p><p>Conform\u00e9ment \u00e0 l&#8217;article 10.2.b du RD 1112\/2018, vous pouvez \u00e9galement soumettre :<\/p><p>Une plainte concernant le respect des exigences du RD 1112\/2018.<br>Une demande d&#8217;informations accessibles concernant :<br>Le contenu qui est exclu du champ d&#8217;application du RD 1112\/2018 comme \u00e9tabli par l&#8217;article 3, paragraphe 4.<br>Le contenu qui est exempt\u00e9 du respect des exigences d&#8217;accessibilit\u00e9 parce qu&#8217;il impose une charge disproportionn\u00e9e.<br>La demande d&#8217;informations accessibles doit clairement sp\u00e9cifier les faits, les raisons et la demande qui permettent d&#8217;\u00e9tablir qu&#8217;il s&#8217;agit d&#8217;une demande raisonnable et l\u00e9gitime.<\/p><p>Les communications seront re\u00e7ues et trait\u00e9es par la direction de l&#8217;entreprise, en tant qu&#8217;unit\u00e9 responsable du contenu de ce site web.<\/p>\t\t\t\t\t\t\t\t<\/div>\n\t\t\t\t<\/div>\n\t\t\t\t<div class=\"elementor-element elementor-element-ed04e58 elementor-widget elementor-widget-text-editor\" data-id=\"ed04e58\" data-element_type=\"widget\" data-e-type=\"widget\" data-widget_type=\"text-editor.default\">\n\t\t\t\t<div class=\"elementor-widget-container\">\n\t\t\t\t\t\t\t\t\t<p><strong>Contenu facultatif<\/strong><br>La version actuellement visible de ce site web est dat\u00e9e du 26\/08\/2024 et le niveau d&#8217;accessibilit\u00e9 actuel a \u00e9t\u00e9 r\u00e9vis\u00e9 \u00e0 cette date.<\/p><p>\u00c0 partir de cette date, des examens partiels quotidiens sont effectu\u00e9s sur les contenus web nouveaux ou modifi\u00e9s, tant sur les mod\u00e8les que sur les pages et documents finaux publi\u00e9s, afin de garantir le respect des exigences d&#8217;accessibilit\u00e9 de la norme UNE-EN 301549:2022, compte tenu des exceptions du d\u00e9cret royal 1112\/2018, du 7 septembre.<\/p><p>Les mesures suivantes sont notamment prises pour faciliter l&#8217;accessibilit\u00e9 :<\/p><p>Utilisation d&#8217;un texte alternatif sur les images.<br>Les liens fournissent des d\u00e9tails sur la fonction ou la destination de l&#8217;hyperlien.<br>Utilisation des normes du W3C : XHTML 1.0, CSS 3.0, WAI AA.<\/p>\t\t\t\t\t\t\t\t<\/div>\n\t\t\t\t<\/div>\n\t\t\t\t<div class=\"elementor-element elementor-element-dd6a5fc elementor-widget elementor-widget-text-editor\" data-id=\"dd6a5fc\" data-element_type=\"widget\" data-e-type=\"widget\" data-widget_type=\"text-editor.default\">\n\t\t\t\t<div class=\"elementor-widget-container\">\n\t\t\t\t\t\t\t\t\t<p><strong>Compatibilit\u00e9<\/strong><br>Le site web :<\/p><p>a \u00e9t\u00e9 con\u00e7u pour s&#8217;adapter aux normes et r\u00e9glementations en vigueur en mati\u00e8re d&#8217;accessibilit\u00e9, en respectant les points de contr\u00f4le de la priorit\u00e9 2 (AA) d\u00e9finis dans la sp\u00e9cification WCAG 2.1 (Web Content Accessibility Guidelines)<br>est optimis\u00e9 pour les derni\u00e8res versions de Chrome, Edge, Firefox, Safari et Opera<br>est con\u00e7u pour une visualisation correcte dans n&#8217;importe quelle r\u00e9solution et sur n&#8217;importe quel ordinateur de bureau, tablette ou appareil mobile (responsive design)<br>a \u00e9t\u00e9 con\u00e7u en utilisant HTML5 comme langage de balisage et les feuilles de style CSS 3 pour sa conception.<br>En outre, un audit et une r\u00e9vision continus du contenu sont effectu\u00e9s afin de faciliter son interpr\u00e9tation et d&#8217;am\u00e9liorer la navigation sur le portail web.<\/p><p>Cette d\u00e9claration d&#8217;accessibilit\u00e9 a \u00e9t\u00e9 cr\u00e9\u00e9e \u00e0 l&#8217;aide du g\u00e9n\u00e9rateur de mod\u00e8le de d\u00e9claration d&#8217;accessibilit\u00e9 gratuite en ligne le 26\/08\/2024.<\/p>\t\t\t\t\t\t\t\t<\/div>\n\t\t\t\t<\/div>\n\t\t\t\t\t<\/div>\n\t\t\t\t<\/div>\n\t\t\t\t<\/div>\n\t\t","protected":false},"excerpt":{"rendered":"<p>D\u00e9claration d&#8217;accessibilit\u00e9 https:\/\/grupotorivac.comSITUATION DE CONFORMIT\u00c9Le Groupe Torivac (ci-apr\u00e8s \u00e9galement Site Web) est partiellement conforme au d\u00e9cret royal 1112\/2018, du 7 septembre, en raison de la non-conformit\u00e9<span class=\"excerpt-hellip\"> [\u2026]<\/span><\/p>\n","protected":false},"author":3,"featured_media":0,"parent":0,"menu_order":0,"comment_status":"closed","ping_status":"closed","template":"","meta":{"_acf_changed":false,"footnotes":""},"class_list":["post-15701","page","type-page","status-publish","hentry"],"acf":[],"yoast_head":"<!-- This site is optimized with the Yoast SEO plugin v27.2 - https:\/\/yoast.com\/product\/yoast-seo-wordpress\/ -->\n<title>D\u00e9claration d&#039;accessibilit\u00e9 - Torivac<\/title>\n<meta name=\"description\" content=\"%\" \/>\n<meta name=\"robots\" content=\"index, follow, max-snippet:-1, max-image-preview:large, max-video-preview:-1\" \/>\n<link rel=\"canonical\" href=\"https:\/\/grupotorivac.com\/fr\/declaracion-de-accesibilidad\/\" \/>\n<meta property=\"og:locale\" content=\"fr_FR\" \/>\n<meta property=\"og:type\" content=\"article\" \/>\n<meta property=\"og:title\" content=\"D\u00e9claration d&#039;accessibilit\u00e9 - Torivac\" \/>\n<meta property=\"og:description\" content=\"%\" \/>\n<meta property=\"og:url\" content=\"https:\/\/grupotorivac.com\/fr\/declaracion-de-accesibilidad\/\" \/>\n<meta property=\"og:site_name\" content=\"Torivac\" \/>\n<meta property=\"article:modified_time\" content=\"2026-03-09T19:54:58+00:00\" \/>\n<meta property=\"og:image\" content=\"https:\/\/grupotorivac.com\/wp-content\/uploads\/2025\/02\/Diseno-sin-titulo-73.png\" \/>\n\t<meta property=\"og:image:width\" content=\"250\" \/>\n\t<meta property=\"og:image:height\" content=\"250\" \/>\n\t<meta property=\"og:image:type\" content=\"image\/png\" \/>\n<meta name=\"twitter:card\" content=\"summary_large_image\" \/>\n<meta name=\"twitter:label1\" content=\"Dur\u00e9e de lecture estim\u00e9e\" \/>\n\t<meta name=\"twitter:data1\" content=\"4 minutes\" \/>\n<script type=\"application\/ld+json\" class=\"yoast-schema-graph\">{\"@context\":\"https:\/\/schema.org\",\"@graph\":[{\"@type\":[\"Article\",\"BlogPosting\"],\"@id\":\"https:\/\/grupotorivac.com\/fr\/declaracion-de-accesibilidad\/#article\",\"isPartOf\":{\"@id\":\"https:\/\/grupotorivac.com\/fr\/declaracion-de-accesibilidad\/\"},\"author\":{\"name\":\"Franco Santiso\",\"@id\":\"https:\/\/grupotorivac.com\/#\/schema\/person\/66a7a9ac227ee4c0306e33ff34be3c24\"},\"headline\":\"D\u00e9claration d&#8217;accessibilit\u00e9\",\"datePublished\":\"2025-12-10T11:26:43+00:00\",\"dateModified\":\"2026-03-09T19:54:58+00:00\",\"mainEntityOfPage\":{\"@id\":\"https:\/\/grupotorivac.com\/fr\/declaracion-de-accesibilidad\/\"},\"wordCount\":779,\"publisher\":{\"@id\":\"https:\/\/grupotorivac.com\/#organization\"},\"inLanguage\":\"fr-FR\"},{\"@type\":\"WebPage\",\"@id\":\"https:\/\/grupotorivac.com\/fr\/declaracion-de-accesibilidad\/\",\"url\":\"https:\/\/grupotorivac.com\/fr\/declaracion-de-accesibilidad\/\",\"name\":\"D\u00e9claration d'accessibilit\u00e9 - Torivac\",\"isPartOf\":{\"@id\":\"https:\/\/grupotorivac.com\/#website\"},\"datePublished\":\"2025-12-10T11:26:43+00:00\",\"dateModified\":\"2026-03-09T19:54:58+00:00\",\"description\":\"%\",\"breadcrumb\":{\"@id\":\"https:\/\/grupotorivac.com\/fr\/declaracion-de-accesibilidad\/#breadcrumb\"},\"inLanguage\":\"fr-FR\",\"potentialAction\":[{\"@type\":\"ReadAction\",\"target\":[\"https:\/\/grupotorivac.com\/fr\/declaracion-de-accesibilidad\/\"]}]},{\"@type\":\"BreadcrumbList\",\"@id\":\"https:\/\/grupotorivac.com\/fr\/declaracion-de-accesibilidad\/#breadcrumb\",\"itemListElement\":[{\"@type\":\"ListItem\",\"position\":1,\"name\":\"Portada\",\"item\":\"https:\/\/grupotorivac.com\/fr\/\"},{\"@type\":\"ListItem\",\"position\":2,\"name\":\"D\u00e9claration d&rsquo;accessibilit\u00e9\"}]},{\"@type\":\"WebSite\",\"@id\":\"https:\/\/grupotorivac.com\/#website\",\"url\":\"https:\/\/grupotorivac.com\/\",\"name\":\"Torivac\",\"description\":\"Especializados en dise\u00f1o y fabricaci\u00f3n de variados de tensi\u00f3n\",\"publisher\":{\"@id\":\"https:\/\/grupotorivac.com\/#organization\"},\"alternateName\":\"Torivac S.L\",\"potentialAction\":[{\"@type\":\"SearchAction\",\"target\":{\"@type\":\"EntryPoint\",\"urlTemplate\":\"https:\/\/grupotorivac.com\/?s={search_term_string}\"},\"query-input\":{\"@type\":\"PropertyValueSpecification\",\"valueRequired\":true,\"valueName\":\"search_term_string\"}}],\"inLanguage\":\"fr-FR\"},{\"@type\":\"Organization\",\"@id\":\"https:\/\/grupotorivac.com\/#organization\",\"name\":\"Torivac\",\"alternateName\":\"Torivac S.L\",\"url\":\"https:\/\/grupotorivac.com\/\",\"logo\":{\"@type\":\"ImageObject\",\"inLanguage\":\"fr-FR\",\"@id\":\"https:\/\/grupotorivac.com\/#\/schema\/logo\/image\/\",\"url\":\"https:\/\/grupotorivac.com\/wp-content\/uploads\/2025\/02\/Diseno-sin-titulo-73.png\",\"contentUrl\":\"https:\/\/grupotorivac.com\/wp-content\/uploads\/2025\/02\/Diseno-sin-titulo-73.png\",\"width\":250,\"height\":250,\"caption\":\"Torivac\"},\"image\":{\"@id\":\"https:\/\/grupotorivac.com\/#\/schema\/logo\/image\/\"}},{\"@type\":\"Person\",\"@id\":\"https:\/\/grupotorivac.com\/#\/schema\/person\/66a7a9ac227ee4c0306e33ff34be3c24\",\"name\":\"Franco Santiso\",\"image\":{\"@type\":\"ImageObject\",\"inLanguage\":\"fr-FR\",\"@id\":\"https:\/\/secure.gravatar.com\/avatar\/3e691e40ad87da5eb1e273b36578b364bae76a43c3de9c1754bae6b45966b3f4?s=96&d=mm&r=g\",\"url\":\"https:\/\/secure.gravatar.com\/avatar\/3e691e40ad87da5eb1e273b36578b364bae76a43c3de9c1754bae6b45966b3f4?s=96&d=mm&r=g\",\"contentUrl\":\"https:\/\/secure.gravatar.com\/avatar\/3e691e40ad87da5eb1e273b36578b364bae76a43c3de9c1754bae6b45966b3f4?s=96&d=mm&r=g\",\"caption\":\"Franco Santiso\"},\"url\":\"https:\/\/grupotorivac.com\/fr\/author\/francoadm\/\"}]}<\/script>\n<!-- \/ Yoast SEO plugin. -->","yoast_head_json":{"title":"D\u00e9claration d'accessibilit\u00e9 - Torivac","description":"%","robots":{"index":"index","follow":"follow","max-snippet":"max-snippet:-1","max-image-preview":"max-image-preview:large","max-video-preview":"max-video-preview:-1"},"canonical":"https:\/\/grupotorivac.com\/fr\/declaracion-de-accesibilidad\/","og_locale":"fr_FR","og_type":"article","og_title":"D\u00e9claration d'accessibilit\u00e9 - Torivac","og_description":"%","og_url":"https:\/\/grupotorivac.com\/fr\/declaracion-de-accesibilidad\/","og_site_name":"Torivac","article_modified_time":"2026-03-09T19:54:58+00:00","og_image":[{"width":250,"height":250,"url":"https:\/\/grupotorivac.com\/wp-content\/uploads\/2025\/02\/Diseno-sin-titulo-73.png","type":"image\/png"}],"twitter_card":"summary_large_image","twitter_misc":{"Dur\u00e9e de lecture estim\u00e9e":"4 minutes"},"schema":{"@context":"https:\/\/schema.org","@graph":[{"@type":["Article","BlogPosting"],"@id":"https:\/\/grupotorivac.com\/fr\/declaracion-de-accesibilidad\/#article","isPartOf":{"@id":"https:\/\/grupotorivac.com\/fr\/declaracion-de-accesibilidad\/"},"author":{"name":"Franco Santiso","@id":"https:\/\/grupotorivac.com\/#\/schema\/person\/66a7a9ac227ee4c0306e33ff34be3c24"},"headline":"D\u00e9claration d&#8217;accessibilit\u00e9","datePublished":"2025-12-10T11:26:43+00:00","dateModified":"2026-03-09T19:54:58+00:00","mainEntityOfPage":{"@id":"https:\/\/grupotorivac.com\/fr\/declaracion-de-accesibilidad\/"},"wordCount":779,"publisher":{"@id":"https:\/\/grupotorivac.com\/#organization"},"inLanguage":"fr-FR"},{"@type":"WebPage","@id":"https:\/\/grupotorivac.com\/fr\/declaracion-de-accesibilidad\/","url":"https:\/\/grupotorivac.com\/fr\/declaracion-de-accesibilidad\/","name":"D\u00e9claration d'accessibilit\u00e9 - Torivac","isPartOf":{"@id":"https:\/\/grupotorivac.com\/#website"},"datePublished":"2025-12-10T11:26:43+00:00","dateModified":"2026-03-09T19:54:58+00:00","description":"%","breadcrumb":{"@id":"https:\/\/grupotorivac.com\/fr\/declaracion-de-accesibilidad\/#breadcrumb"},"inLanguage":"fr-FR","potentialAction":[{"@type":"ReadAction","target":["https:\/\/grupotorivac.com\/fr\/declaracion-de-accesibilidad\/"]}]},{"@type":"BreadcrumbList","@id":"https:\/\/grupotorivac.com\/fr\/declaracion-de-accesibilidad\/#breadcrumb","itemListElement":[{"@type":"ListItem","position":1,"name":"Portada","item":"https:\/\/grupotorivac.com\/fr\/"},{"@type":"ListItem","position":2,"name":"D\u00e9claration d&rsquo;accessibilit\u00e9"}]},{"@type":"WebSite","@id":"https:\/\/grupotorivac.com\/#website","url":"https:\/\/grupotorivac.com\/","name":"Torivac","description":"Especializados en dise\u00f1o y fabricaci\u00f3n de variados de tensi\u00f3n","publisher":{"@id":"https:\/\/grupotorivac.com\/#organization"},"alternateName":"Torivac S.L","potentialAction":[{"@type":"SearchAction","target":{"@type":"EntryPoint","urlTemplate":"https:\/\/grupotorivac.com\/?s={search_term_string}"},"query-input":{"@type":"PropertyValueSpecification","valueRequired":true,"valueName":"search_term_string"}}],"inLanguage":"fr-FR"},{"@type":"Organization","@id":"https:\/\/grupotorivac.com\/#organization","name":"Torivac","alternateName":"Torivac S.L","url":"https:\/\/grupotorivac.com\/","logo":{"@type":"ImageObject","inLanguage":"fr-FR","@id":"https:\/\/grupotorivac.com\/#\/schema\/logo\/image\/","url":"https:\/\/grupotorivac.com\/wp-content\/uploads\/2025\/02\/Diseno-sin-titulo-73.png","contentUrl":"https:\/\/grupotorivac.com\/wp-content\/uploads\/2025\/02\/Diseno-sin-titulo-73.png","width":250,"height":250,"caption":"Torivac"},"image":{"@id":"https:\/\/grupotorivac.com\/#\/schema\/logo\/image\/"}},{"@type":"Person","@id":"https:\/\/grupotorivac.com\/#\/schema\/person\/66a7a9ac227ee4c0306e33ff34be3c24","name":"Franco Santiso","image":{"@type":"ImageObject","inLanguage":"fr-FR","@id":"https:\/\/secure.gravatar.com\/avatar\/3e691e40ad87da5eb1e273b36578b364bae76a43c3de9c1754bae6b45966b3f4?s=96&d=mm&r=g","url":"https:\/\/secure.gravatar.com\/avatar\/3e691e40ad87da5eb1e273b36578b364bae76a43c3de9c1754bae6b45966b3f4?s=96&d=mm&r=g","contentUrl":"https:\/\/secure.gravatar.com\/avatar\/3e691e40ad87da5eb1e273b36578b364bae76a43c3de9c1754bae6b45966b3f4?s=96&d=mm&r=g","caption":"Franco Santiso"},"url":"https:\/\/grupotorivac.com\/fr\/author\/francoadm\/"}]}},"_links":{"self":[{"href":"https:\/\/grupotorivac.com\/fr\/wp-json\/wp\/v2\/pages\/15701","targetHints":{"allow":["GET"]}}],"collection":[{"href":"https:\/\/grupotorivac.com\/fr\/wp-json\/wp\/v2\/pages"}],"about":[{"href":"https:\/\/grupotorivac.com\/fr\/wp-json\/wp\/v2\/types\/page"}],"author":[{"embeddable":true,"href":"https:\/\/grupotorivac.com\/fr\/wp-json\/wp\/v2\/users\/3"}],"replies":[{"embeddable":true,"href":"https:\/\/grupotorivac.com\/fr\/wp-json\/wp\/v2\/comments?post=15701"}],"version-history":[{"count":3,"href":"https:\/\/grupotorivac.com\/fr\/wp-json\/wp\/v2\/pages\/15701\/revisions"}],"predecessor-version":[{"id":15706,"href":"https:\/\/grupotorivac.com\/fr\/wp-json\/wp\/v2\/pages\/15701\/revisions\/15706"}],"wp:attachment":[{"href":"https:\/\/grupotorivac.com\/fr\/wp-json\/wp\/v2\/media?parent=15701"}],"curies":[{"name":"wp","href":"https:\/\/api.w.org\/{rel}","templated":true}]}}