{"id":16371,"date":"2022-06-06T12:50:16","date_gmt":"2022-06-06T12:50:16","guid":{"rendered":"https:\/\/grupotorivac.com\/product\/aros-con-flecha-2\/"},"modified":"2026-03-17T21:56:35","modified_gmt":"2026-03-17T21:56:35","slug":"arrow-hoops","status":"publish","type":"product","link":"https:\/\/grupotorivac.com\/en\/product\/arrow-hoops\/","title":{"rendered":"Arrow hoops"},"content":{"rendered":"<div style=\"display: flex;\">\n<div style=\"width: 70%\"><a href=\"https:\/\/grupotorivac.com\/wp-content\/uploads\/2022\/06\/boton_01.jpg\"><img fetchpriority=\"high\" decoding=\"async\" class=\"alignright wp-image-14484 size-full\" style=\"margin-right: 50px;\" src=\"https:\/\/grupotorivac.com\/wp-content\/uploads\/2022\/06\/boton_01.jpg\" alt=\"\" width=\"430\" height=\"430\" srcset=\"https:\/\/grupotorivac.com\/wp-content\/uploads\/2022\/06\/boton_01.jpg 430w, https:\/\/grupotorivac.com\/wp-content\/uploads\/2022\/06\/boton_01-300x300.jpg 300w, https:\/\/grupotorivac.com\/wp-content\/uploads\/2022\/06\/boton_01-150x150.jpg 150w, https:\/\/grupotorivac.com\/wp-content\/uploads\/2022\/06\/boton_01-146x146.jpg 146w, https:\/\/grupotorivac.com\/wp-content\/uploads\/2022\/06\/boton_01-50x50.jpg 50w, https:\/\/grupotorivac.com\/wp-content\/uploads\/2022\/06\/boton_01-75x75.jpg 75w, https:\/\/grupotorivac.com\/wp-content\/uploads\/2022\/06\/boton_01-85x85.jpg 85w, https:\/\/grupotorivac.com\/wp-content\/uploads\/2022\/06\/boton_01-80x80.jpg 80w\" sizes=\"(max-width: 430px) 100vw, 430px\" \/><\/a><\/div>\n<div style=\"width: 100%;\">\n<p style=\"text-align: left; margin-bottom: 30px;\"><strong>Control buttons:<\/strong><\/p>\n<p style=\"text-align: left; margin-bottom: 30px;\">Manufactured with materials resistant to continuous use and industrial conditions, they are an essential element in the human-machine interface (HMI) for the control of electrical and automated processes.<\/p>\n<table style=\"width: 100%; border-collapse: collapse; text-align: center; font-family: Arial, sans-serif; font-size: 14px;\">\n<thead>\n<tr>\n<th style=\"color: #000; background-color: #e99c3b; padding: 8px; border: 1px solid #000;\" colspan=\"4\"><strong>Arrow Hoops<\/strong><\/th>\n<\/tr>\n<tr>\n<th style=\"border: 1px solid #000; padding: 6px; font-size: 13px; background-color: #ffffff;\">MOD.<br \/>\nTYPE<\/th>\n<th style=\"border: 1px solid #000; padding: 6px; font-size: 13px; background-color: #ffffff;\">D<\/th>\n<th style=\"border: 1px solid #000; padding: 6px; font-size: 13px; background-color: #ffffff;\">e<\/th>\n<th style=\"border: 1px solid #000; padding: 6px; font-size: 13px; background-color: #ffffff;\">H<\/th>\n<\/tr>\n<\/thead>\n<tbody>\n<tr>\n<td style=\"border: 1px solid #000; padding: 6px; font-size: 13px;\">10<\/td>\n<td style=\"border: 1px solid #000; padding: 6px; font-size: 13px;\">8<\/td>\n<td style=\"border: 1px solid #000; padding: 6px; font-size: 13px;\">6,5<\/td>\n<td style=\"border: 1px solid #000; padding: 6px; font-size: 13px;\">8,5<\/td>\n<\/tr>\n<tr>\n<td style=\"border: 1px solid #000; padding: 6px; font-size: 13px;\">15<\/td>\n<td style=\"border: 1px solid #000; padding: 6px; font-size: 13px;\">11<\/td>\n<td style=\"border: 1px solid #000; padding: 6px; font-size: 13px;\">10<\/td>\n<td style=\"border: 1px solid #000; padding: 6px; font-size: 13px;\">13<\/td>\n<\/tr>\n<tr>\n<td style=\"border: 1px solid #000; padding: 6px; font-size: 13px;\">21<\/td>\n<td style=\"border: 1px solid #000; padding: 6px; font-size: 13px;\">18<\/td>\n<td style=\"border: 1px solid #000; padding: 6px; font-size: 13px;\">15,7<\/td>\n<td style=\"border: 1px solid #000; padding: 6px; font-size: 13px;\">19,5<\/td>\n<\/tr>\n<tr>\n<td style=\"border: 1px solid #000; padding: 6px; font-size: 13px;\">30<\/td>\n<td style=\"border: 1px solid #000; padding: 6px; font-size: 13px;\">25,5<\/td>\n<td style=\"border: 1px solid #000; padding: 6px; font-size: 13px;\">23,8<\/td>\n<td style=\"border: 1px solid #000; padding: 6px; font-size: 13px;\">28<\/td>\n<\/tr>\n<tr>\n<td style=\"border: 1px solid #000; padding: 6px; font-size: 13px;\">38<\/td>\n<td style=\"border: 1px solid #000; padding: 6px; font-size: 13px;\">33,5<\/td>\n<td style=\"border: 1px solid #000; padding: 6px; font-size: 13px;\">30,5<\/td>\n<td style=\"border: 1px solid #000; padding: 6px; font-size: 13px;\">36,5<\/td>\n<\/tr>\n<\/tbody>\n<\/table>\n<\/div>\n<\/div>\n","protected":false},"excerpt":{"rendered":"<p>They adapt to the base of the BO series buttons so that only the indicator tip protrudes and are used to identify the position of the button. Available for all range of buttons. <\/p>\n<p>Colors : Black, red, green, blue and gray.<\/p>\n<p><a class=\"button button_size_2 button_dark\" href=\"https:\/\/grupotorivac.com\/wp-content\/uploads\/2023\/02\/BOTONES-DE-MANDO.pdf\" target=\"_blank\" rel=\"noopener\"><span class=\"button_label\"><strong>See technical data sheet<\/strong><\/span><\/a><\/p>\n","protected":false},"featured_media":821,"template":"","meta":{"_acf_changed":false},"product_brand":[],"product_cat":[658,569],"product_tag":[],"class_list":{"0":"post-16371","1":"product","2":"type-product","3":"status-publish","4":"has-post-thumbnail","6":"product_cat-hoops-with-arrow","7":"product_cat-control-buttons","9":"first","10":"instock","11":"product-type-simple"},"acf":[],"yoast_head":"<!-- This site is optimized with the Yoast SEO plugin v27.2 - https:\/\/yoast.com\/product\/yoast-seo-wordpress\/ -->\n<title>Arrow hoops - Torivac<\/title>\n<meta name=\"robots\" content=\"index, follow, max-snippet:-1, max-image-preview:large, max-video-preview:-1\" \/>\n<link rel=\"canonical\" href=\"https:\/\/grupotorivac.com\/en\/product\/arrow-hoops\/\" \/>\n<meta property=\"og:locale\" content=\"en_US\" \/>\n<meta property=\"og:type\" content=\"article\" \/>\n<meta property=\"og:title\" content=\"Arrow hoops - Torivac\" \/>\n<meta property=\"og:description\" content=\"They adapt to the base of the BO series buttons so that only the indicator tip protrudes and are used to identify the position of the button. Available for all range of buttons.  Colors : Black, red, green, blue and gray. See technical data sheet\" \/>\n<meta property=\"og:url\" content=\"https:\/\/grupotorivac.com\/en\/product\/arrow-hoops\/\" \/>\n<meta property=\"og:site_name\" content=\"Torivac\" \/>\n<meta property=\"article:modified_time\" content=\"2026-03-17T21:56:35+00:00\" \/>\n<meta property=\"og:image\" content=\"https:\/\/grupotorivac.com\/wp-content\/uploads\/2022\/06\/disco-para-botones-aro-con-flecha.jpg\" \/>\n\t<meta property=\"og:image:width\" content=\"800\" \/>\n\t<meta property=\"og:image:height\" content=\"803\" \/>\n\t<meta property=\"og:image:type\" content=\"image\/png\" \/>\n<meta name=\"twitter:card\" content=\"summary_large_image\" \/>\n<meta name=\"twitter:label1\" content=\"Est. reading time\" \/>\n\t<meta name=\"twitter:data1\" content=\"1 minute\" \/>\n<script type=\"application\/ld+json\" class=\"yoast-schema-graph\">{\"@context\":\"https:\/\/schema.org\",\"@graph\":[{\"@type\":\"WebPage\",\"@id\":\"https:\/\/grupotorivac.com\/en\/product\/arrow-hoops\/\",\"url\":\"https:\/\/grupotorivac.com\/en\/product\/arrow-hoops\/\",\"name\":\"Arrow hoops - Torivac\",\"isPartOf\":{\"@id\":\"https:\/\/grupotorivac.com\/#website\"},\"primaryImageOfPage\":{\"@id\":\"https:\/\/grupotorivac.com\/en\/product\/arrow-hoops\/#primaryimage\"},\"image\":{\"@id\":\"https:\/\/grupotorivac.com\/en\/product\/arrow-hoops\/#primaryimage\"},\"thumbnailUrl\":\"https:\/\/grupotorivac.com\/wp-content\/uploads\/2022\/06\/disco-para-botones-aro-con-flecha.jpg\",\"datePublished\":\"2022-06-06T12:50:16+00:00\",\"dateModified\":\"2026-03-17T21:56:35+00:00\",\"breadcrumb\":{\"@id\":\"https:\/\/grupotorivac.com\/en\/product\/arrow-hoops\/#breadcrumb\"},\"inLanguage\":\"en-US\",\"potentialAction\":[{\"@type\":\"ReadAction\",\"target\":[\"https:\/\/grupotorivac.com\/en\/product\/arrow-hoops\/\"]}]},{\"@type\":\"ImageObject\",\"inLanguage\":\"en-US\",\"@id\":\"https:\/\/grupotorivac.com\/en\/product\/arrow-hoops\/#primaryimage\",\"url\":\"https:\/\/grupotorivac.com\/wp-content\/uploads\/2022\/06\/disco-para-botones-aro-con-flecha.jpg\",\"contentUrl\":\"https:\/\/grupotorivac.com\/wp-content\/uploads\/2022\/06\/disco-para-botones-aro-con-flecha.jpg\",\"width\":800,\"height\":803},{\"@type\":\"BreadcrumbList\",\"@id\":\"https:\/\/grupotorivac.com\/en\/product\/arrow-hoops\/#breadcrumb\",\"itemListElement\":[{\"@type\":\"ListItem\",\"position\":1,\"name\":\"Portada\",\"item\":\"https:\/\/grupotorivac.com\/de\/\"},{\"@type\":\"ListItem\",\"position\":2,\"name\":\"Products\",\"item\":\"https:\/\/grupotorivac.com\/en\/shop\/\"},{\"@type\":\"ListItem\",\"position\":3,\"name\":\"Arrow hoops\"}]},{\"@type\":\"WebSite\",\"@id\":\"https:\/\/grupotorivac.com\/#website\",\"url\":\"https:\/\/grupotorivac.com\/\",\"name\":\"Torivac\",\"description\":\"Especializados en dise\u00f1o y fabricaci\u00f3n de variados de tensi\u00f3n\",\"publisher\":{\"@id\":\"https:\/\/grupotorivac.com\/#organization\"},\"alternateName\":\"Torivac S.L\",\"potentialAction\":[{\"@type\":\"SearchAction\",\"target\":{\"@type\":\"EntryPoint\",\"urlTemplate\":\"https:\/\/grupotorivac.com\/?s={search_term_string}\"},\"query-input\":{\"@type\":\"PropertyValueSpecification\",\"valueRequired\":true,\"valueName\":\"search_term_string\"}}],\"inLanguage\":\"en-US\"},{\"@type\":\"Organization\",\"@id\":\"https:\/\/grupotorivac.com\/#organization\",\"name\":\"Torivac\",\"alternateName\":\"Torivac S.L\",\"url\":\"https:\/\/grupotorivac.com\/\",\"logo\":{\"@type\":\"ImageObject\",\"inLanguage\":\"en-US\",\"@id\":\"https:\/\/grupotorivac.com\/#\/schema\/logo\/image\/\",\"url\":\"https:\/\/grupotorivac.com\/wp-content\/uploads\/2025\/02\/Diseno-sin-titulo-73.png\",\"contentUrl\":\"https:\/\/grupotorivac.com\/wp-content\/uploads\/2025\/02\/Diseno-sin-titulo-73.png\",\"width\":250,\"height\":250,\"caption\":\"Torivac\"},\"image\":{\"@id\":\"https:\/\/grupotorivac.com\/#\/schema\/logo\/image\/\"}}]}<\/script>\n<!-- \/ Yoast SEO plugin. -->","yoast_head_json":{"title":"Arrow hoops - Torivac","robots":{"index":"index","follow":"follow","max-snippet":"max-snippet:-1","max-image-preview":"max-image-preview:large","max-video-preview":"max-video-preview:-1"},"canonical":"https:\/\/grupotorivac.com\/en\/product\/arrow-hoops\/","og_locale":"en_US","og_type":"article","og_title":"Arrow hoops - Torivac","og_description":"They adapt to the base of the BO series buttons so that only the indicator tip protrudes and are used to identify the position of the button. Available for all range of buttons.  Colors : Black, red, green, blue and gray. See technical data sheet","og_url":"https:\/\/grupotorivac.com\/en\/product\/arrow-hoops\/","og_site_name":"Torivac","article_modified_time":"2026-03-17T21:56:35+00:00","og_image":[{"width":800,"height":803,"url":"https:\/\/grupotorivac.com\/wp-content\/uploads\/2022\/06\/disco-para-botones-aro-con-flecha.jpg","type":"image\/png"}],"twitter_card":"summary_large_image","twitter_misc":{"Est. reading time":"1 minute"},"schema":{"@context":"https:\/\/schema.org","@graph":[{"@type":"WebPage","@id":"https:\/\/grupotorivac.com\/en\/product\/arrow-hoops\/","url":"https:\/\/grupotorivac.com\/en\/product\/arrow-hoops\/","name":"Arrow hoops - Torivac","isPartOf":{"@id":"https:\/\/grupotorivac.com\/#website"},"primaryImageOfPage":{"@id":"https:\/\/grupotorivac.com\/en\/product\/arrow-hoops\/#primaryimage"},"image":{"@id":"https:\/\/grupotorivac.com\/en\/product\/arrow-hoops\/#primaryimage"},"thumbnailUrl":"https:\/\/grupotorivac.com\/wp-content\/uploads\/2022\/06\/disco-para-botones-aro-con-flecha.jpg","datePublished":"2022-06-06T12:50:16+00:00","dateModified":"2026-03-17T21:56:35+00:00","breadcrumb":{"@id":"https:\/\/grupotorivac.com\/en\/product\/arrow-hoops\/#breadcrumb"},"inLanguage":"en-US","potentialAction":[{"@type":"ReadAction","target":["https:\/\/grupotorivac.com\/en\/product\/arrow-hoops\/"]}]},{"@type":"ImageObject","inLanguage":"en-US","@id":"https:\/\/grupotorivac.com\/en\/product\/arrow-hoops\/#primaryimage","url":"https:\/\/grupotorivac.com\/wp-content\/uploads\/2022\/06\/disco-para-botones-aro-con-flecha.jpg","contentUrl":"https:\/\/grupotorivac.com\/wp-content\/uploads\/2022\/06\/disco-para-botones-aro-con-flecha.jpg","width":800,"height":803},{"@type":"BreadcrumbList","@id":"https:\/\/grupotorivac.com\/en\/product\/arrow-hoops\/#breadcrumb","itemListElement":[{"@type":"ListItem","position":1,"name":"Portada","item":"https:\/\/grupotorivac.com\/de\/"},{"@type":"ListItem","position":2,"name":"Products","item":"https:\/\/grupotorivac.com\/en\/shop\/"},{"@type":"ListItem","position":3,"name":"Arrow hoops"}]},{"@type":"WebSite","@id":"https:\/\/grupotorivac.com\/#website","url":"https:\/\/grupotorivac.com\/","name":"Torivac","description":"Especializados en dise\u00f1o y fabricaci\u00f3n de variados de tensi\u00f3n","publisher":{"@id":"https:\/\/grupotorivac.com\/#organization"},"alternateName":"Torivac S.L","potentialAction":[{"@type":"SearchAction","target":{"@type":"EntryPoint","urlTemplate":"https:\/\/grupotorivac.com\/?s={search_term_string}"},"query-input":{"@type":"PropertyValueSpecification","valueRequired":true,"valueName":"search_term_string"}}],"inLanguage":"en-US"},{"@type":"Organization","@id":"https:\/\/grupotorivac.com\/#organization","name":"Torivac","alternateName":"Torivac S.L","url":"https:\/\/grupotorivac.com\/","logo":{"@type":"ImageObject","inLanguage":"en-US","@id":"https:\/\/grupotorivac.com\/#\/schema\/logo\/image\/","url":"https:\/\/grupotorivac.com\/wp-content\/uploads\/2025\/02\/Diseno-sin-titulo-73.png","contentUrl":"https:\/\/grupotorivac.com\/wp-content\/uploads\/2025\/02\/Diseno-sin-titulo-73.png","width":250,"height":250,"caption":"Torivac"},"image":{"@id":"https:\/\/grupotorivac.com\/#\/schema\/logo\/image\/"}}]}},"_links":{"self":[{"href":"https:\/\/grupotorivac.com\/en\/wp-json\/wp\/v2\/product\/16371","targetHints":{"allow":["GET"]}}],"collection":[{"href":"https:\/\/grupotorivac.com\/en\/wp-json\/wp\/v2\/product"}],"about":[{"href":"https:\/\/grupotorivac.com\/en\/wp-json\/wp\/v2\/types\/product"}],"wp:featuredmedia":[{"embeddable":true,"href":"https:\/\/grupotorivac.com\/en\/wp-json\/wp\/v2\/media\/821"}],"wp:attachment":[{"href":"https:\/\/grupotorivac.com\/en\/wp-json\/wp\/v2\/media?parent=16371"}],"wp:term":[{"taxonomy":"product_brand","embeddable":true,"href":"https:\/\/grupotorivac.com\/en\/wp-json\/wp\/v2\/product_brand?post=16371"},{"taxonomy":"product_cat","embeddable":true,"href":"https:\/\/grupotorivac.com\/en\/wp-json\/wp\/v2\/product_cat?post=16371"},{"taxonomy":"product_tag","embeddable":true,"href":"https:\/\/grupotorivac.com\/en\/wp-json\/wp\/v2\/product_tag?post=16371"}],"curies":[{"name":"wp","href":"https:\/\/api.w.org\/{rel}","templated":true}]}}