{"id":16361,"date":"2022-06-06T12:50:16","date_gmt":"2022-06-06T12:50:16","guid":{"rendered":"https:\/\/grupotorivac.com\/product\/hembrilla-de-seguridad-hbs4\/"},"modified":"2026-03-17T20:30:58","modified_gmt":"2026-03-17T20:30:58","slug":"safety-socket-hbs4","status":"publish","type":"product","link":"https:\/\/grupotorivac.com\/en\/product\/safety-socket-hbs4\/","title":{"rendered":"Safety socket HBS4"},"content":{"rendered":"","protected":false},"excerpt":{"rendered":"<p>Maximum current: 10A\/230V.<\/p>\n<p>Connection with female faston 3,9 or solder.<\/p>\n<p>Polyamide 6\/6 body, self-extinguishing.<\/p>\n<p>Nickel-plated brass bushing.<\/p>\n<p>Colors: black, red, yellow, green, blue and gray.<\/p>\n<p><a class=\"button button_size_2 button_dark\" href=\"https:\/\/grupotorivac.com\/wp-content\/uploads\/2023\/02\/HEMBRILLAS2.pdf\" target=\"_blank\" rel=\"noopener\"><span class=\"button_label\"><strong>See data sheet<\/strong><\/span><\/a><\/p>\n","protected":false},"featured_media":1058,"template":"","meta":{"_acf_changed":false},"product_brand":[],"product_cat":[647],"product_tag":[],"class_list":{"0":"post-16361","1":"product","2":"type-product","3":"status-publish","4":"has-post-thumbnail","6":"product_cat-socket-jack-hbs4","8":"first","9":"instock","10":"product-type-simple"},"acf":[],"yoast_head":"<!-- This site is optimized with the Yoast SEO plugin v27.2 - https:\/\/yoast.com\/product\/yoast-seo-wordpress\/ -->\n<title>Safety socket HBS4 - Torivac<\/title>\n<meta name=\"robots\" content=\"index, follow, max-snippet:-1, max-image-preview:large, max-video-preview:-1\" \/>\n<link rel=\"canonical\" href=\"https:\/\/grupotorivac.com\/en\/product\/safety-socket-hbs4\/\" \/>\n<meta property=\"og:locale\" content=\"en_US\" \/>\n<meta property=\"og:type\" content=\"article\" \/>\n<meta property=\"og:title\" content=\"Safety socket HBS4 - Torivac\" \/>\n<meta property=\"og:description\" content=\"Maximum current: 10A\/230V. Connection with female faston 3,9 or solder. Polyamide 6\/6 body, self-extinguishing. Nickel-plated brass bushing. Colors: black, red, yellow, green, blue and gray. See data sheet\" \/>\n<meta property=\"og:url\" content=\"https:\/\/grupotorivac.com\/en\/product\/safety-socket-hbs4\/\" \/>\n<meta property=\"og:site_name\" content=\"Torivac\" \/>\n<meta property=\"article:modified_time\" content=\"2026-03-17T20:30:58+00:00\" \/>\n<meta property=\"og:image\" content=\"https:\/\/grupotorivac.com\/wp-content\/uploads\/2022\/06\/hembrilla-seguridad-HBS-torivac-600x600-4.png\" \/>\n\t<meta property=\"og:image:width\" content=\"600\" \/>\n\t<meta property=\"og:image:height\" content=\"600\" \/>\n\t<meta property=\"og:image:type\" content=\"image\/png\" \/>\n<meta name=\"twitter:card\" content=\"summary_large_image\" \/>\n<meta name=\"twitter:label1\" content=\"Est. reading time\" \/>\n\t<meta name=\"twitter:data1\" content=\"1 minute\" \/>\n<script type=\"application\/ld+json\" class=\"yoast-schema-graph\">{\"@context\":\"https:\/\/schema.org\",\"@graph\":[{\"@type\":\"WebPage\",\"@id\":\"https:\/\/grupotorivac.com\/en\/product\/safety-socket-hbs4\/\",\"url\":\"https:\/\/grupotorivac.com\/en\/product\/safety-socket-hbs4\/\",\"name\":\"Safety socket HBS4 - Torivac\",\"isPartOf\":{\"@id\":\"https:\/\/grupotorivac.com\/#website\"},\"primaryImageOfPage\":{\"@id\":\"https:\/\/grupotorivac.com\/en\/product\/safety-socket-hbs4\/#primaryimage\"},\"image\":{\"@id\":\"https:\/\/grupotorivac.com\/en\/product\/safety-socket-hbs4\/#primaryimage\"},\"thumbnailUrl\":\"https:\/\/grupotorivac.com\/wp-content\/uploads\/2022\/06\/hembrilla-seguridad-HBS-torivac-600x600-4.png\",\"datePublished\":\"2022-06-06T12:50:16+00:00\",\"dateModified\":\"2026-03-17T20:30:58+00:00\",\"breadcrumb\":{\"@id\":\"https:\/\/grupotorivac.com\/en\/product\/safety-socket-hbs4\/#breadcrumb\"},\"inLanguage\":\"en-US\",\"potentialAction\":[{\"@type\":\"ReadAction\",\"target\":[\"https:\/\/grupotorivac.com\/en\/product\/safety-socket-hbs4\/\"]}]},{\"@type\":\"ImageObject\",\"inLanguage\":\"en-US\",\"@id\":\"https:\/\/grupotorivac.com\/en\/product\/safety-socket-hbs4\/#primaryimage\",\"url\":\"https:\/\/grupotorivac.com\/wp-content\/uploads\/2022\/06\/hembrilla-seguridad-HBS-torivac-600x600-4.png\",\"contentUrl\":\"https:\/\/grupotorivac.com\/wp-content\/uploads\/2022\/06\/hembrilla-seguridad-HBS-torivac-600x600-4.png\",\"width\":600,\"height\":600},{\"@type\":\"BreadcrumbList\",\"@id\":\"https:\/\/grupotorivac.com\/en\/product\/safety-socket-hbs4\/#breadcrumb\",\"itemListElement\":[{\"@type\":\"ListItem\",\"position\":1,\"name\":\"Portada\",\"item\":\"https:\/\/grupotorivac.com\/de\/\"},{\"@type\":\"ListItem\",\"position\":2,\"name\":\"Products\",\"item\":\"https:\/\/grupotorivac.com\/en\/shop\/\"},{\"@type\":\"ListItem\",\"position\":3,\"name\":\"Safety socket HBS4\"}]},{\"@type\":\"WebSite\",\"@id\":\"https:\/\/grupotorivac.com\/#website\",\"url\":\"https:\/\/grupotorivac.com\/\",\"name\":\"Torivac\",\"description\":\"Especializados en dise\u00f1o y fabricaci\u00f3n de variados de tensi\u00f3n\",\"publisher\":{\"@id\":\"https:\/\/grupotorivac.com\/#organization\"},\"alternateName\":\"Torivac S.L\",\"potentialAction\":[{\"@type\":\"SearchAction\",\"target\":{\"@type\":\"EntryPoint\",\"urlTemplate\":\"https:\/\/grupotorivac.com\/?s={search_term_string}\"},\"query-input\":{\"@type\":\"PropertyValueSpecification\",\"valueRequired\":true,\"valueName\":\"search_term_string\"}}],\"inLanguage\":\"en-US\"},{\"@type\":\"Organization\",\"@id\":\"https:\/\/grupotorivac.com\/#organization\",\"name\":\"Torivac\",\"alternateName\":\"Torivac S.L\",\"url\":\"https:\/\/grupotorivac.com\/\",\"logo\":{\"@type\":\"ImageObject\",\"inLanguage\":\"en-US\",\"@id\":\"https:\/\/grupotorivac.com\/#\/schema\/logo\/image\/\",\"url\":\"https:\/\/grupotorivac.com\/wp-content\/uploads\/2025\/02\/Diseno-sin-titulo-73.png\",\"contentUrl\":\"https:\/\/grupotorivac.com\/wp-content\/uploads\/2025\/02\/Diseno-sin-titulo-73.png\",\"width\":250,\"height\":250,\"caption\":\"Torivac\"},\"image\":{\"@id\":\"https:\/\/grupotorivac.com\/#\/schema\/logo\/image\/\"}}]}<\/script>\n<!-- \/ Yoast SEO plugin. -->","yoast_head_json":{"title":"Safety socket HBS4 - Torivac","robots":{"index":"index","follow":"follow","max-snippet":"max-snippet:-1","max-image-preview":"max-image-preview:large","max-video-preview":"max-video-preview:-1"},"canonical":"https:\/\/grupotorivac.com\/en\/product\/safety-socket-hbs4\/","og_locale":"en_US","og_type":"article","og_title":"Safety socket HBS4 - Torivac","og_description":"Maximum current: 10A\/230V. Connection with female faston 3,9 or solder. Polyamide 6\/6 body, self-extinguishing. Nickel-plated brass bushing. Colors: black, red, yellow, green, blue and gray. See data sheet","og_url":"https:\/\/grupotorivac.com\/en\/product\/safety-socket-hbs4\/","og_site_name":"Torivac","article_modified_time":"2026-03-17T20:30:58+00:00","og_image":[{"width":600,"height":600,"url":"https:\/\/grupotorivac.com\/wp-content\/uploads\/2022\/06\/hembrilla-seguridad-HBS-torivac-600x600-4.png","type":"image\/png"}],"twitter_card":"summary_large_image","twitter_misc":{"Est. reading time":"1 minute"},"schema":{"@context":"https:\/\/schema.org","@graph":[{"@type":"WebPage","@id":"https:\/\/grupotorivac.com\/en\/product\/safety-socket-hbs4\/","url":"https:\/\/grupotorivac.com\/en\/product\/safety-socket-hbs4\/","name":"Safety socket HBS4 - Torivac","isPartOf":{"@id":"https:\/\/grupotorivac.com\/#website"},"primaryImageOfPage":{"@id":"https:\/\/grupotorivac.com\/en\/product\/safety-socket-hbs4\/#primaryimage"},"image":{"@id":"https:\/\/grupotorivac.com\/en\/product\/safety-socket-hbs4\/#primaryimage"},"thumbnailUrl":"https:\/\/grupotorivac.com\/wp-content\/uploads\/2022\/06\/hembrilla-seguridad-HBS-torivac-600x600-4.png","datePublished":"2022-06-06T12:50:16+00:00","dateModified":"2026-03-17T20:30:58+00:00","breadcrumb":{"@id":"https:\/\/grupotorivac.com\/en\/product\/safety-socket-hbs4\/#breadcrumb"},"inLanguage":"en-US","potentialAction":[{"@type":"ReadAction","target":["https:\/\/grupotorivac.com\/en\/product\/safety-socket-hbs4\/"]}]},{"@type":"ImageObject","inLanguage":"en-US","@id":"https:\/\/grupotorivac.com\/en\/product\/safety-socket-hbs4\/#primaryimage","url":"https:\/\/grupotorivac.com\/wp-content\/uploads\/2022\/06\/hembrilla-seguridad-HBS-torivac-600x600-4.png","contentUrl":"https:\/\/grupotorivac.com\/wp-content\/uploads\/2022\/06\/hembrilla-seguridad-HBS-torivac-600x600-4.png","width":600,"height":600},{"@type":"BreadcrumbList","@id":"https:\/\/grupotorivac.com\/en\/product\/safety-socket-hbs4\/#breadcrumb","itemListElement":[{"@type":"ListItem","position":1,"name":"Portada","item":"https:\/\/grupotorivac.com\/de\/"},{"@type":"ListItem","position":2,"name":"Products","item":"https:\/\/grupotorivac.com\/en\/shop\/"},{"@type":"ListItem","position":3,"name":"Safety socket HBS4"}]},{"@type":"WebSite","@id":"https:\/\/grupotorivac.com\/#website","url":"https:\/\/grupotorivac.com\/","name":"Torivac","description":"Especializados en dise\u00f1o y fabricaci\u00f3n de variados de tensi\u00f3n","publisher":{"@id":"https:\/\/grupotorivac.com\/#organization"},"alternateName":"Torivac S.L","potentialAction":[{"@type":"SearchAction","target":{"@type":"EntryPoint","urlTemplate":"https:\/\/grupotorivac.com\/?s={search_term_string}"},"query-input":{"@type":"PropertyValueSpecification","valueRequired":true,"valueName":"search_term_string"}}],"inLanguage":"en-US"},{"@type":"Organization","@id":"https:\/\/grupotorivac.com\/#organization","name":"Torivac","alternateName":"Torivac S.L","url":"https:\/\/grupotorivac.com\/","logo":{"@type":"ImageObject","inLanguage":"en-US","@id":"https:\/\/grupotorivac.com\/#\/schema\/logo\/image\/","url":"https:\/\/grupotorivac.com\/wp-content\/uploads\/2025\/02\/Diseno-sin-titulo-73.png","contentUrl":"https:\/\/grupotorivac.com\/wp-content\/uploads\/2025\/02\/Diseno-sin-titulo-73.png","width":250,"height":250,"caption":"Torivac"},"image":{"@id":"https:\/\/grupotorivac.com\/#\/schema\/logo\/image\/"}}]}},"_links":{"self":[{"href":"https:\/\/grupotorivac.com\/en\/wp-json\/wp\/v2\/product\/16361","targetHints":{"allow":["GET"]}}],"collection":[{"href":"https:\/\/grupotorivac.com\/en\/wp-json\/wp\/v2\/product"}],"about":[{"href":"https:\/\/grupotorivac.com\/en\/wp-json\/wp\/v2\/types\/product"}],"wp:featuredmedia":[{"embeddable":true,"href":"https:\/\/grupotorivac.com\/en\/wp-json\/wp\/v2\/media\/1058"}],"wp:attachment":[{"href":"https:\/\/grupotorivac.com\/en\/wp-json\/wp\/v2\/media?parent=16361"}],"wp:term":[{"taxonomy":"product_brand","embeddable":true,"href":"https:\/\/grupotorivac.com\/en\/wp-json\/wp\/v2\/product_brand?post=16361"},{"taxonomy":"product_cat","embeddable":true,"href":"https:\/\/grupotorivac.com\/en\/wp-json\/wp\/v2\/product_cat?post=16361"},{"taxonomy":"product_tag","embeddable":true,"href":"https:\/\/grupotorivac.com\/en\/wp-json\/wp\/v2\/product_tag?post=16361"}],"curies":[{"name":"wp","href":"https:\/\/api.w.org\/{rel}","templated":true}]}}