{"id":16318,"date":"2022-06-06T12:48:52","date_gmt":"2022-06-06T12:48:52","guid":{"rendered":"https:\/\/grupotorivac.com\/product\/comunicacion-modbus-2\/"},"modified":"2026-03-17T14:44:23","modified_gmt":"2026-03-17T14:44:23","slug":"modbus-communication","status":"publish","type":"product","link":"https:\/\/grupotorivac.com\/en\/product\/modbus-communication\/","title":{"rendered":"MODBUS communication"},"content":{"rendered":"<p><strong>Tickets available:<\/strong><\/p>\n<ul>\n<li>Line voltage<\/li>\n<li>Phase\/neutral voltage<\/li>\n<li>Current per phase<\/li>\n<li>Control signal 0-10VDC<\/li>\n<li>Potentiometer<\/li>\n<li>MODBUS<\/li>\n<\/ul>\n<p><strong>Parameter outputs displayed on the screen<\/strong><\/p>\n<ul>\n<li>Line voltage<\/li>\n<li>Phase\/neutral voltage<\/li>\n<li>Current per phase<\/li>\n<li>Active Power<\/li>\n<li>Reactive Power<\/li>\n<li>Apparent Power<\/li>\n<li>Frequency<\/li>\n<li>Phi<\/li>\n<li>Alarm status<\/li>\n<\/ul>\n<p>It has 4 programmable relay outputs for alarm management or adjacent systems.<\/p>\n","protected":false},"excerpt":{"rendered":"<p>With this electronic driver you can manage and parameterize the electrical system to which it is connected, allowing to act on the inverter motor taking into account the programmed logic, and the state of the inputs and outputs.<br \/>\nIt allows to stabilize the voltage between phases individually acting on three motors simultaneously and adjusting them to the required voltage, achieving a phase difference between voltages &lt;0.5%<br \/>\nThis system is programmed according to the needs of each customer so it can be adapted to any adjacent system or make it work as desired, applying ramps up, safety parameters and others.<\/p>\n","protected":false},"featured_media":15405,"template":"","meta":{"_acf_changed":false},"product_brand":[],"product_cat":[449,448],"product_tag":[],"class_list":{"0":"post-16318","1":"product","2":"type-product","3":"status-publish","4":"has-post-thumbnail","6":"product_cat-regulating-accessories","7":"product_cat-voltage-variators-adjustable-autotransformers","9":"first","10":"instock","11":"product-type-simple"},"acf":[],"yoast_head":"<!-- This site is optimized with the Yoast SEO plugin v27.2 - https:\/\/yoast.com\/product\/yoast-seo-wordpress\/ -->\n<title>MODBUS communication - Torivac<\/title>\n<meta name=\"robots\" content=\"index, follow, max-snippet:-1, max-image-preview:large, max-video-preview:-1\" \/>\n<link rel=\"canonical\" href=\"https:\/\/grupotorivac.com\/en\/product\/modbus-communication\/\" \/>\n<meta property=\"og:locale\" content=\"en_US\" \/>\n<meta property=\"og:type\" content=\"article\" \/>\n<meta property=\"og:title\" content=\"MODBUS communication - Torivac\" \/>\n<meta property=\"og:description\" content=\"With this electronic driver you can manage and parameterize the electrical system to which it is connected, allowing to act on the inverter motor taking into account the programmed logic, and the state of the inputs and outputs. It allows to stabilize the voltage between phases individually acting on three motors simultaneously and adjusting them to the required voltage, achieving a phase difference between voltages &lt;0.5% This system is programmed according to the needs of each customer so it can be adapted to any adjacent system or make it work as desired, applying ramps up, safety parameters and others.\" \/>\n<meta property=\"og:url\" content=\"https:\/\/grupotorivac.com\/en\/product\/modbus-communication\/\" \/>\n<meta property=\"og:site_name\" content=\"Torivac\" \/>\n<meta property=\"article:modified_time\" content=\"2026-03-17T14:44:23+00:00\" \/>\n<meta property=\"og:image\" content=\"https:\/\/grupotorivac.com\/wp-content\/uploads\/2022\/06\/WhatsApp-Image-2026-02-25-at-10.48.06.jpeg\" \/>\n\t<meta property=\"og:image:width\" content=\"1600\" \/>\n\t<meta property=\"og:image:height\" content=\"1066\" \/>\n\t<meta property=\"og:image:type\" content=\"image\/jpeg\" \/>\n<meta name=\"twitter:card\" content=\"summary_large_image\" \/>\n<meta name=\"twitter:label1\" content=\"Est. reading time\" \/>\n\t<meta name=\"twitter:data1\" content=\"1 minute\" \/>\n<script type=\"application\/ld+json\" class=\"yoast-schema-graph\">{\"@context\":\"https:\/\/schema.org\",\"@graph\":[{\"@type\":\"WebPage\",\"@id\":\"https:\/\/grupotorivac.com\/en\/product\/modbus-communication\/\",\"url\":\"https:\/\/grupotorivac.com\/en\/product\/modbus-communication\/\",\"name\":\"MODBUS communication - Torivac\",\"isPartOf\":{\"@id\":\"https:\/\/grupotorivac.com\/#website\"},\"primaryImageOfPage\":{\"@id\":\"https:\/\/grupotorivac.com\/en\/product\/modbus-communication\/#primaryimage\"},\"image\":{\"@id\":\"https:\/\/grupotorivac.com\/en\/product\/modbus-communication\/#primaryimage\"},\"thumbnailUrl\":\"https:\/\/grupotorivac.com\/wp-content\/uploads\/2022\/06\/WhatsApp-Image-2026-02-25-at-10.48.06.jpeg\",\"datePublished\":\"2022-06-06T12:48:52+00:00\",\"dateModified\":\"2026-03-17T14:44:23+00:00\",\"breadcrumb\":{\"@id\":\"https:\/\/grupotorivac.com\/en\/product\/modbus-communication\/#breadcrumb\"},\"inLanguage\":\"en-US\",\"potentialAction\":[{\"@type\":\"ReadAction\",\"target\":[\"https:\/\/grupotorivac.com\/en\/product\/modbus-communication\/\"]}]},{\"@type\":\"ImageObject\",\"inLanguage\":\"en-US\",\"@id\":\"https:\/\/grupotorivac.com\/en\/product\/modbus-communication\/#primaryimage\",\"url\":\"https:\/\/grupotorivac.com\/wp-content\/uploads\/2022\/06\/WhatsApp-Image-2026-02-25-at-10.48.06.jpeg\",\"contentUrl\":\"https:\/\/grupotorivac.com\/wp-content\/uploads\/2022\/06\/WhatsApp-Image-2026-02-25-at-10.48.06.jpeg\",\"width\":1600,\"height\":1066,\"caption\":\"Comunicaci\u00f3n MODBUS\"},{\"@type\":\"BreadcrumbList\",\"@id\":\"https:\/\/grupotorivac.com\/en\/product\/modbus-communication\/#breadcrumb\",\"itemListElement\":[{\"@type\":\"ListItem\",\"position\":1,\"name\":\"Portada\",\"item\":\"https:\/\/grupotorivac.com\/de\/\"},{\"@type\":\"ListItem\",\"position\":2,\"name\":\"Products\",\"item\":\"https:\/\/grupotorivac.com\/en\/shop\/\"},{\"@type\":\"ListItem\",\"position\":3,\"name\":\"MODBUS communication\"}]},{\"@type\":\"WebSite\",\"@id\":\"https:\/\/grupotorivac.com\/#website\",\"url\":\"https:\/\/grupotorivac.com\/\",\"name\":\"Torivac\",\"description\":\"Especializados en dise\u00f1o y fabricaci\u00f3n de variados de tensi\u00f3n\",\"publisher\":{\"@id\":\"https:\/\/grupotorivac.com\/#organization\"},\"alternateName\":\"Torivac S.L\",\"potentialAction\":[{\"@type\":\"SearchAction\",\"target\":{\"@type\":\"EntryPoint\",\"urlTemplate\":\"https:\/\/grupotorivac.com\/?s={search_term_string}\"},\"query-input\":{\"@type\":\"PropertyValueSpecification\",\"valueRequired\":true,\"valueName\":\"search_term_string\"}}],\"inLanguage\":\"en-US\"},{\"@type\":\"Organization\",\"@id\":\"https:\/\/grupotorivac.com\/#organization\",\"name\":\"Torivac\",\"alternateName\":\"Torivac S.L\",\"url\":\"https:\/\/grupotorivac.com\/\",\"logo\":{\"@type\":\"ImageObject\",\"inLanguage\":\"en-US\",\"@id\":\"https:\/\/grupotorivac.com\/#\/schema\/logo\/image\/\",\"url\":\"https:\/\/grupotorivac.com\/wp-content\/uploads\/2025\/02\/Diseno-sin-titulo-73.png\",\"contentUrl\":\"https:\/\/grupotorivac.com\/wp-content\/uploads\/2025\/02\/Diseno-sin-titulo-73.png\",\"width\":250,\"height\":250,\"caption\":\"Torivac\"},\"image\":{\"@id\":\"https:\/\/grupotorivac.com\/#\/schema\/logo\/image\/\"}}]}<\/script>\n<!-- \/ Yoast SEO plugin. -->","yoast_head_json":{"title":"MODBUS communication - Torivac","robots":{"index":"index","follow":"follow","max-snippet":"max-snippet:-1","max-image-preview":"max-image-preview:large","max-video-preview":"max-video-preview:-1"},"canonical":"https:\/\/grupotorivac.com\/en\/product\/modbus-communication\/","og_locale":"en_US","og_type":"article","og_title":"MODBUS communication - Torivac","og_description":"With this electronic driver you can manage and parameterize the electrical system to which it is connected, allowing to act on the inverter motor taking into account the programmed logic, and the state of the inputs and outputs. It allows to stabilize the voltage between phases individually acting on three motors simultaneously and adjusting them to the required voltage, achieving a phase difference between voltages &lt;0.5% This system is programmed according to the needs of each customer so it can be adapted to any adjacent system or make it work as desired, applying ramps up, safety parameters and others.","og_url":"https:\/\/grupotorivac.com\/en\/product\/modbus-communication\/","og_site_name":"Torivac","article_modified_time":"2026-03-17T14:44:23+00:00","og_image":[{"width":1600,"height":1066,"url":"https:\/\/grupotorivac.com\/wp-content\/uploads\/2022\/06\/WhatsApp-Image-2026-02-25-at-10.48.06.jpeg","type":"image\/jpeg"}],"twitter_card":"summary_large_image","twitter_misc":{"Est. reading time":"1 minute"},"schema":{"@context":"https:\/\/schema.org","@graph":[{"@type":"WebPage","@id":"https:\/\/grupotorivac.com\/en\/product\/modbus-communication\/","url":"https:\/\/grupotorivac.com\/en\/product\/modbus-communication\/","name":"MODBUS communication - Torivac","isPartOf":{"@id":"https:\/\/grupotorivac.com\/#website"},"primaryImageOfPage":{"@id":"https:\/\/grupotorivac.com\/en\/product\/modbus-communication\/#primaryimage"},"image":{"@id":"https:\/\/grupotorivac.com\/en\/product\/modbus-communication\/#primaryimage"},"thumbnailUrl":"https:\/\/grupotorivac.com\/wp-content\/uploads\/2022\/06\/WhatsApp-Image-2026-02-25-at-10.48.06.jpeg","datePublished":"2022-06-06T12:48:52+00:00","dateModified":"2026-03-17T14:44:23+00:00","breadcrumb":{"@id":"https:\/\/grupotorivac.com\/en\/product\/modbus-communication\/#breadcrumb"},"inLanguage":"en-US","potentialAction":[{"@type":"ReadAction","target":["https:\/\/grupotorivac.com\/en\/product\/modbus-communication\/"]}]},{"@type":"ImageObject","inLanguage":"en-US","@id":"https:\/\/grupotorivac.com\/en\/product\/modbus-communication\/#primaryimage","url":"https:\/\/grupotorivac.com\/wp-content\/uploads\/2022\/06\/WhatsApp-Image-2026-02-25-at-10.48.06.jpeg","contentUrl":"https:\/\/grupotorivac.com\/wp-content\/uploads\/2022\/06\/WhatsApp-Image-2026-02-25-at-10.48.06.jpeg","width":1600,"height":1066,"caption":"Comunicaci\u00f3n MODBUS"},{"@type":"BreadcrumbList","@id":"https:\/\/grupotorivac.com\/en\/product\/modbus-communication\/#breadcrumb","itemListElement":[{"@type":"ListItem","position":1,"name":"Portada","item":"https:\/\/grupotorivac.com\/de\/"},{"@type":"ListItem","position":2,"name":"Products","item":"https:\/\/grupotorivac.com\/en\/shop\/"},{"@type":"ListItem","position":3,"name":"MODBUS communication"}]},{"@type":"WebSite","@id":"https:\/\/grupotorivac.com\/#website","url":"https:\/\/grupotorivac.com\/","name":"Torivac","description":"Especializados en dise\u00f1o y fabricaci\u00f3n de variados de tensi\u00f3n","publisher":{"@id":"https:\/\/grupotorivac.com\/#organization"},"alternateName":"Torivac S.L","potentialAction":[{"@type":"SearchAction","target":{"@type":"EntryPoint","urlTemplate":"https:\/\/grupotorivac.com\/?s={search_term_string}"},"query-input":{"@type":"PropertyValueSpecification","valueRequired":true,"valueName":"search_term_string"}}],"inLanguage":"en-US"},{"@type":"Organization","@id":"https:\/\/grupotorivac.com\/#organization","name":"Torivac","alternateName":"Torivac S.L","url":"https:\/\/grupotorivac.com\/","logo":{"@type":"ImageObject","inLanguage":"en-US","@id":"https:\/\/grupotorivac.com\/#\/schema\/logo\/image\/","url":"https:\/\/grupotorivac.com\/wp-content\/uploads\/2025\/02\/Diseno-sin-titulo-73.png","contentUrl":"https:\/\/grupotorivac.com\/wp-content\/uploads\/2025\/02\/Diseno-sin-titulo-73.png","width":250,"height":250,"caption":"Torivac"},"image":{"@id":"https:\/\/grupotorivac.com\/#\/schema\/logo\/image\/"}}]}},"_links":{"self":[{"href":"https:\/\/grupotorivac.com\/en\/wp-json\/wp\/v2\/product\/16318","targetHints":{"allow":["GET"]}}],"collection":[{"href":"https:\/\/grupotorivac.com\/en\/wp-json\/wp\/v2\/product"}],"about":[{"href":"https:\/\/grupotorivac.com\/en\/wp-json\/wp\/v2\/types\/product"}],"wp:featuredmedia":[{"embeddable":true,"href":"https:\/\/grupotorivac.com\/en\/wp-json\/wp\/v2\/media\/15405"}],"wp:attachment":[{"href":"https:\/\/grupotorivac.com\/en\/wp-json\/wp\/v2\/media?parent=16318"}],"wp:term":[{"taxonomy":"product_brand","embeddable":true,"href":"https:\/\/grupotorivac.com\/en\/wp-json\/wp\/v2\/product_brand?post=16318"},{"taxonomy":"product_cat","embeddable":true,"href":"https:\/\/grupotorivac.com\/en\/wp-json\/wp\/v2\/product_cat?post=16318"},{"taxonomy":"product_tag","embeddable":true,"href":"https:\/\/grupotorivac.com\/en\/wp-json\/wp\/v2\/product_tag?post=16318"}],"curies":[{"name":"wp","href":"https:\/\/api.w.org\/{rel}","templated":true}]}}