{"id":16300,"date":"2022-05-17T13:29:29","date_gmt":"2022-05-17T13:29:29","guid":{"rendered":"https:\/\/grupotorivac.com\/product\/doble-motorizado\/"},"modified":"2026-03-17T12:52:50","modified_gmt":"2026-03-17T12:52:50","slug":"dual-motorized-variator","status":"publish","type":"product","link":"https:\/\/grupotorivac.com\/en\/product\/dual-motorized-variator\/","title":{"rendered":"Dual motorized variator"},"content":{"rendered":"","protected":false},"excerpt":{"rendered":"<p>It is primarily used for remotely regulating equipment or for voltage stabilization equipment. It is also advisable to motorize high power voltage variators, for the convenience of use they provide.  <\/p>\n<p>In this type of regulation, the drive shaft is driven by a geared motor, by means of a manual switch that allows the output voltage to be raised or lowered.  <\/p>\n<p>The motors assembled by TORIVAC have no inertia, making them ideal for remote control.  <\/p>\n<p>On request, stabilized models are manufactured by means of our own electronics with an accuracy of 2%.<\/p>\n<p><a class=\"button button_size_2 button_dark\" href=\"https:\/\/grupotorivac.com\/wp-content\/uploads\/2023\/02\/Variador-tension-doble-regulacion-motorizada.pdf\" target=\"_blank\" rel=\"noopener\"><span class=\"button_label\"><strong>See technical data sheet<\/strong><\/span><\/a><\/p>\n","protected":false},"featured_media":1069,"template":"","meta":{"_acf_changed":false},"product_brand":[],"product_cat":[581,587,448],"product_tag":[],"class_list":{"0":"post-16300","1":"product","2":"type-product","3":"status-publish","4":"has-post-thumbnail","6":"product_cat-dual-variator","7":"product_cat-dual-motorized","8":"product_cat-voltage-variators-adjustable-autotransformers","10":"first","11":"instock","12":"product-type-simple"},"acf":[],"yoast_head":"<!-- This site is optimized with the Yoast SEO plugin v27.2 - https:\/\/yoast.com\/product\/yoast-seo-wordpress\/ -->\n<title>Dual motorized variator - Torivac<\/title>\n<meta name=\"robots\" content=\"index, follow, max-snippet:-1, max-image-preview:large, max-video-preview:-1\" \/>\n<link rel=\"canonical\" href=\"https:\/\/grupotorivac.com\/en\/product\/dual-motorized-variator\/\" \/>\n<meta property=\"og:locale\" content=\"en_US\" \/>\n<meta property=\"og:type\" content=\"article\" \/>\n<meta property=\"og:title\" content=\"Dual motorized variator - Torivac\" \/>\n<meta property=\"og:description\" content=\"It is primarily used for remotely regulating equipment or for voltage stabilization equipment. It is also advisable to motorize high power voltage variators, for the convenience of use they provide.  In this type of regulation, the drive shaft is driven by a geared motor, by means of a manual switch that allows the output voltage to be raised or lowered.  The motors assembled by TORIVAC have no inertia, making them ideal for remote control.  On request, stabilized models are manufactured by means of our own electronics with an accuracy of 2%. See technical data sheet\" \/>\n<meta property=\"og:url\" content=\"https:\/\/grupotorivac.com\/en\/product\/dual-motorized-variator\/\" \/>\n<meta property=\"og:site_name\" content=\"Torivac\" \/>\n<meta property=\"article:modified_time\" content=\"2026-03-17T12:52:50+00:00\" \/>\n<meta property=\"og:image\" content=\"https:\/\/grupotorivac.com\/wp-content\/uploads\/2022\/12\/DOBLE-MOTORIZADO.jpg\" \/>\n\t<meta property=\"og:image:width\" content=\"1500\" \/>\n\t<meta property=\"og:image:height\" content=\"1500\" \/>\n\t<meta property=\"og:image:type\" content=\"image\/jpeg\" \/>\n<meta name=\"twitter:card\" content=\"summary_large_image\" \/>\n<script type=\"application\/ld+json\" class=\"yoast-schema-graph\">{\"@context\":\"https:\/\/schema.org\",\"@graph\":[{\"@type\":\"WebPage\",\"@id\":\"https:\/\/grupotorivac.com\/en\/product\/dual-motorized-variator\/\",\"url\":\"https:\/\/grupotorivac.com\/en\/product\/dual-motorized-variator\/\",\"name\":\"Dual motorized variator - Torivac\",\"isPartOf\":{\"@id\":\"https:\/\/grupotorivac.com\/#website\"},\"primaryImageOfPage\":{\"@id\":\"https:\/\/grupotorivac.com\/en\/product\/dual-motorized-variator\/#primaryimage\"},\"image\":{\"@id\":\"https:\/\/grupotorivac.com\/en\/product\/dual-motorized-variator\/#primaryimage\"},\"thumbnailUrl\":\"https:\/\/grupotorivac.com\/wp-content\/uploads\/2022\/12\/DOBLE-MOTORIZADO.jpg\",\"datePublished\":\"2022-05-17T13:29:29+00:00\",\"dateModified\":\"2026-03-17T12:52:50+00:00\",\"breadcrumb\":{\"@id\":\"https:\/\/grupotorivac.com\/en\/product\/dual-motorized-variator\/#breadcrumb\"},\"inLanguage\":\"en-US\",\"potentialAction\":[{\"@type\":\"ReadAction\",\"target\":[\"https:\/\/grupotorivac.com\/en\/product\/dual-motorized-variator\/\"]}]},{\"@type\":\"ImageObject\",\"inLanguage\":\"en-US\",\"@id\":\"https:\/\/grupotorivac.com\/en\/product\/dual-motorized-variator\/#primaryimage\",\"url\":\"https:\/\/grupotorivac.com\/wp-content\/uploads\/2022\/12\/DOBLE-MOTORIZADO.jpg\",\"contentUrl\":\"https:\/\/grupotorivac.com\/wp-content\/uploads\/2022\/12\/DOBLE-MOTORIZADO.jpg\",\"width\":1500,\"height\":1500},{\"@type\":\"BreadcrumbList\",\"@id\":\"https:\/\/grupotorivac.com\/en\/product\/dual-motorized-variator\/#breadcrumb\",\"itemListElement\":[{\"@type\":\"ListItem\",\"position\":1,\"name\":\"Portada\",\"item\":\"https:\/\/grupotorivac.com\/de\/\"},{\"@type\":\"ListItem\",\"position\":2,\"name\":\"Products\",\"item\":\"https:\/\/grupotorivac.com\/en\/shop\/\"},{\"@type\":\"ListItem\",\"position\":3,\"name\":\"Dual motorized variator\"}]},{\"@type\":\"WebSite\",\"@id\":\"https:\/\/grupotorivac.com\/#website\",\"url\":\"https:\/\/grupotorivac.com\/\",\"name\":\"Torivac\",\"description\":\"Especializados en dise\u00f1o y fabricaci\u00f3n de variados de tensi\u00f3n\",\"publisher\":{\"@id\":\"https:\/\/grupotorivac.com\/#organization\"},\"alternateName\":\"Torivac S.L\",\"potentialAction\":[{\"@type\":\"SearchAction\",\"target\":{\"@type\":\"EntryPoint\",\"urlTemplate\":\"https:\/\/grupotorivac.com\/?s={search_term_string}\"},\"query-input\":{\"@type\":\"PropertyValueSpecification\",\"valueRequired\":true,\"valueName\":\"search_term_string\"}}],\"inLanguage\":\"en-US\"},{\"@type\":\"Organization\",\"@id\":\"https:\/\/grupotorivac.com\/#organization\",\"name\":\"Torivac\",\"alternateName\":\"Torivac S.L\",\"url\":\"https:\/\/grupotorivac.com\/\",\"logo\":{\"@type\":\"ImageObject\",\"inLanguage\":\"en-US\",\"@id\":\"https:\/\/grupotorivac.com\/#\/schema\/logo\/image\/\",\"url\":\"https:\/\/grupotorivac.com\/wp-content\/uploads\/2025\/02\/Diseno-sin-titulo-73.png\",\"contentUrl\":\"https:\/\/grupotorivac.com\/wp-content\/uploads\/2025\/02\/Diseno-sin-titulo-73.png\",\"width\":250,\"height\":250,\"caption\":\"Torivac\"},\"image\":{\"@id\":\"https:\/\/grupotorivac.com\/#\/schema\/logo\/image\/\"}}]}<\/script>\n<!-- \/ Yoast SEO plugin. -->","yoast_head_json":{"title":"Dual motorized variator - Torivac","robots":{"index":"index","follow":"follow","max-snippet":"max-snippet:-1","max-image-preview":"max-image-preview:large","max-video-preview":"max-video-preview:-1"},"canonical":"https:\/\/grupotorivac.com\/en\/product\/dual-motorized-variator\/","og_locale":"en_US","og_type":"article","og_title":"Dual motorized variator - Torivac","og_description":"It is primarily used for remotely regulating equipment or for voltage stabilization equipment. It is also advisable to motorize high power voltage variators, for the convenience of use they provide.  In this type of regulation, the drive shaft is driven by a geared motor, by means of a manual switch that allows the output voltage to be raised or lowered.  The motors assembled by TORIVAC have no inertia, making them ideal for remote control.  On request, stabilized models are manufactured by means of our own electronics with an accuracy of 2%. See technical data sheet","og_url":"https:\/\/grupotorivac.com\/en\/product\/dual-motorized-variator\/","og_site_name":"Torivac","article_modified_time":"2026-03-17T12:52:50+00:00","og_image":[{"width":1500,"height":1500,"url":"https:\/\/grupotorivac.com\/wp-content\/uploads\/2022\/12\/DOBLE-MOTORIZADO.jpg","type":"image\/jpeg"}],"twitter_card":"summary_large_image","schema":{"@context":"https:\/\/schema.org","@graph":[{"@type":"WebPage","@id":"https:\/\/grupotorivac.com\/en\/product\/dual-motorized-variator\/","url":"https:\/\/grupotorivac.com\/en\/product\/dual-motorized-variator\/","name":"Dual motorized variator - Torivac","isPartOf":{"@id":"https:\/\/grupotorivac.com\/#website"},"primaryImageOfPage":{"@id":"https:\/\/grupotorivac.com\/en\/product\/dual-motorized-variator\/#primaryimage"},"image":{"@id":"https:\/\/grupotorivac.com\/en\/product\/dual-motorized-variator\/#primaryimage"},"thumbnailUrl":"https:\/\/grupotorivac.com\/wp-content\/uploads\/2022\/12\/DOBLE-MOTORIZADO.jpg","datePublished":"2022-05-17T13:29:29+00:00","dateModified":"2026-03-17T12:52:50+00:00","breadcrumb":{"@id":"https:\/\/grupotorivac.com\/en\/product\/dual-motorized-variator\/#breadcrumb"},"inLanguage":"en-US","potentialAction":[{"@type":"ReadAction","target":["https:\/\/grupotorivac.com\/en\/product\/dual-motorized-variator\/"]}]},{"@type":"ImageObject","inLanguage":"en-US","@id":"https:\/\/grupotorivac.com\/en\/product\/dual-motorized-variator\/#primaryimage","url":"https:\/\/grupotorivac.com\/wp-content\/uploads\/2022\/12\/DOBLE-MOTORIZADO.jpg","contentUrl":"https:\/\/grupotorivac.com\/wp-content\/uploads\/2022\/12\/DOBLE-MOTORIZADO.jpg","width":1500,"height":1500},{"@type":"BreadcrumbList","@id":"https:\/\/grupotorivac.com\/en\/product\/dual-motorized-variator\/#breadcrumb","itemListElement":[{"@type":"ListItem","position":1,"name":"Portada","item":"https:\/\/grupotorivac.com\/de\/"},{"@type":"ListItem","position":2,"name":"Products","item":"https:\/\/grupotorivac.com\/en\/shop\/"},{"@type":"ListItem","position":3,"name":"Dual motorized variator"}]},{"@type":"WebSite","@id":"https:\/\/grupotorivac.com\/#website","url":"https:\/\/grupotorivac.com\/","name":"Torivac","description":"Especializados en dise\u00f1o y fabricaci\u00f3n de variados de tensi\u00f3n","publisher":{"@id":"https:\/\/grupotorivac.com\/#organization"},"alternateName":"Torivac S.L","potentialAction":[{"@type":"SearchAction","target":{"@type":"EntryPoint","urlTemplate":"https:\/\/grupotorivac.com\/?s={search_term_string}"},"query-input":{"@type":"PropertyValueSpecification","valueRequired":true,"valueName":"search_term_string"}}],"inLanguage":"en-US"},{"@type":"Organization","@id":"https:\/\/grupotorivac.com\/#organization","name":"Torivac","alternateName":"Torivac S.L","url":"https:\/\/grupotorivac.com\/","logo":{"@type":"ImageObject","inLanguage":"en-US","@id":"https:\/\/grupotorivac.com\/#\/schema\/logo\/image\/","url":"https:\/\/grupotorivac.com\/wp-content\/uploads\/2025\/02\/Diseno-sin-titulo-73.png","contentUrl":"https:\/\/grupotorivac.com\/wp-content\/uploads\/2025\/02\/Diseno-sin-titulo-73.png","width":250,"height":250,"caption":"Torivac"},"image":{"@id":"https:\/\/grupotorivac.com\/#\/schema\/logo\/image\/"}}]}},"_links":{"self":[{"href":"https:\/\/grupotorivac.com\/en\/wp-json\/wp\/v2\/product\/16300","targetHints":{"allow":["GET"]}}],"collection":[{"href":"https:\/\/grupotorivac.com\/en\/wp-json\/wp\/v2\/product"}],"about":[{"href":"https:\/\/grupotorivac.com\/en\/wp-json\/wp\/v2\/types\/product"}],"wp:featuredmedia":[{"embeddable":true,"href":"https:\/\/grupotorivac.com\/en\/wp-json\/wp\/v2\/media\/1069"}],"wp:attachment":[{"href":"https:\/\/grupotorivac.com\/en\/wp-json\/wp\/v2\/media?parent=16300"}],"wp:term":[{"taxonomy":"product_brand","embeddable":true,"href":"https:\/\/grupotorivac.com\/en\/wp-json\/wp\/v2\/product_brand?post=16300"},{"taxonomy":"product_cat","embeddable":true,"href":"https:\/\/grupotorivac.com\/en\/wp-json\/wp\/v2\/product_cat?post=16300"},{"taxonomy":"product_tag","embeddable":true,"href":"https:\/\/grupotorivac.com\/en\/wp-json\/wp\/v2\/product_tag?post=16300"}],"curies":[{"name":"wp","href":"https:\/\/api.w.org\/{rel}","templated":true}]}}