{"id":15912,"date":"2022-06-06T12:50:24","date_gmt":"2022-06-06T12:50:24","guid":{"rendered":"https:\/\/grupotorivac.com\/product\/fuente-de-alimentacion-de-corriente-constante-150a\/"},"modified":"2022-06-06T12:50:24","modified_gmt":"2022-06-06T12:50:24","slug":"fuente-de-alimentacion-de-corriente-constante-150a","status":"publish","type":"product","link":"https:\/\/grupotorivac.com\/en\/product\/fuente-de-alimentacion-de-corriente-constante-150a\/","title":{"rendered":"150A power supplies"},"content":{"rendered":"<p class=\"p1\"><b>150A power supply<\/b><\/p>\n<p>Torivac&#8217;s 150A power supplies are devices designed to supply stable and continuous electrical power to equipment and systems that require currents up to 150 amperes. Their main function is to convert alternating current (AC) from the mains into regulated direct current (DC), ensuring a reliable and safe supply for industrial applications. <\/p>\n<p class=\"p1\"><b>What is the basic function of the variable frequency drive?<\/b><\/p>\n<p>They are essential in laboratory applications where supply stability is crucial, industrial control systems and advanced electronic equipment. Their features include high energy efficiency, overload protection and compact design for easy integration into different industrial configurations. Their implementation ensures safer and more efficient performance in any energy demanding environment.  <\/p>\n<p class=\"p1\"><b>What are constant current power supplies for?<\/b><\/p>\n<p>They are essential in laboratory applications where supply stability is crucial, industrial control systems and advanced electronic equipment. Their features include high energy efficiency, overload protection and compact design for easy integration into different industrial configurations. Their implementation ensures safer and more efficient performance in any energy-demanding environment.  <\/p>\n<p class=\"p1\"><b>Torivac is a company specialized in the design and manufacture of toroidal transformers and voltage regulators.<\/b><\/p>\n<p>We have nearly 60 years of experience in the sector, which has allowed us to grow to a presence in more than 30 countries.<br \/>\nWe have a technical team that guarantees the manufacture of high precision and efficient devices. Our work methodology allows us to perform advanced simulations in each phase of each project, ensuring that each component, from toroidal voltage variators, adjustable transformers, battery dischargers, potentiometers and toroidal cores, meet the highest industry standards.<br \/>\nWe work closely with companies that have a large infrastructure, seeking to ensure customized and efficient solutions. We aim to respond to the demands of industries such as technology, energy and automotive. Our goal is to continue innovating, strengthening strategic alliances and expanding our global reach, always maintaining the seal of quality and excellence that has characterized us since our beginnings.   <\/p>\n","protected":false},"excerpt":{"rendered":"<p>Constant current switch-mode power supplies of any size<\/p>\n<p><strong>GENERAL CHARACTERISTICS<\/strong><\/p>\n<ul>\n<li>Single-phase alternating current input <strong>230V 50Hz<\/strong><\/li>\n<li>Direct current output<strong> 0 to 30V<\/strong><\/li>\n<li>Maximum output current <strong>100A<\/strong><\/li>\n<li>Programming of the maximum output voltage and current by push buttons, microprocessor control.<\/li>\n<li>Alphanumeric display indicating voltage and current.<\/li>\n<li>Non-volatile memory of the configured values.<\/li>\n<li>Controlled input rectifier with switch-on current limitation<\/li>\n<li>Inverter with <strong>IGBT transistors<\/strong>, switching with pulse width modulation at 40kHz.<\/li>\n<li>High efficiency rectifier equipped with schottky diodes.<\/li>\n<li>Separating transformer and output filter, ensuring galvanic isolation<\/li>\n<li>Electronic protection against short circuits and overloads.<\/li>\n<li>Complete set mounted in a metal box for benchtop use in the laboratory.<\/li>\n<li>Optional: <strong>RS-232 remote control.<\/strong><\/li>\n<\/ul>\n","protected":false},"featured_media":3916,"template":"","meta":{"_acf_changed":false},"product_brand":[],"product_cat":[499,492],"product_tag":[],"class_list":{"0":"post-15912","1":"product","2":"type-product","3":"status-publish","4":"has-post-thumbnail","6":"product_cat-dc-power-supplies","7":"product_cat-electronic-equipment","9":"first","10":"instock","11":"product-type-simple"},"acf":[],"yoast_head":"<!-- This site is optimized with the Yoast SEO plugin v27.2 - https:\/\/yoast.com\/product\/yoast-seo-wordpress\/ -->\n<title>150A power supplies - Torivac<\/title>\n<meta name=\"description\" content=\"The 150A power supplies deliver a fixed current level, regardless of variations in load or input voltage.\" \/>\n<meta name=\"robots\" content=\"index, follow, max-snippet:-1, max-image-preview:large, max-video-preview:-1\" \/>\n<link rel=\"canonical\" href=\"https:\/\/grupotorivac.com\/product\/fuente-de-alimentacion-de-corriente-constante-150a\/\" \/>\n<meta property=\"og:locale\" content=\"en_US\" \/>\n<meta property=\"og:type\" content=\"article\" \/>\n<meta property=\"og:title\" content=\"150A power supplies - Torivac\" \/>\n<meta property=\"og:description\" content=\"The 150A power supplies deliver a fixed current level, regardless of variations in load or input voltage.\" \/>\n<meta property=\"og:url\" content=\"https:\/\/grupotorivac.com\/product\/fuente-de-alimentacion-de-corriente-constante-150a\/\" \/>\n<meta property=\"og:site_name\" content=\"Torivac\" \/>\n<meta property=\"og:image\" content=\"https:\/\/grupotorivac.com\/wp-content\/uploads\/2022\/06\/fuentes_alimentacion_cc-1.jpg\" \/>\n\t<meta property=\"og:image:width\" content=\"900\" \/>\n\t<meta property=\"og:image:height\" content=\"900\" \/>\n\t<meta property=\"og:image:type\" content=\"image\/jpeg\" \/>\n<meta name=\"twitter:card\" content=\"summary_large_image\" \/>\n<meta name=\"twitter:label1\" content=\"Est. reading time\" \/>\n\t<meta name=\"twitter:data1\" content=\"2 minutes\" \/>\n<script type=\"application\/ld+json\" class=\"yoast-schema-graph\">{\"@context\":\"https:\/\/schema.org\",\"@graph\":[{\"@type\":\"WebPage\",\"@id\":\"https:\/\/grupotorivac.com\/product\/fuente-de-alimentacion-de-corriente-constante-150a\/\",\"url\":\"https:\/\/grupotorivac.com\/product\/fuente-de-alimentacion-de-corriente-constante-150a\/\",\"name\":\"150A power supplies - Torivac\",\"isPartOf\":{\"@id\":\"https:\/\/grupotorivac.com\/#website\"},\"primaryImageOfPage\":{\"@id\":\"https:\/\/grupotorivac.com\/product\/fuente-de-alimentacion-de-corriente-constante-150a\/#primaryimage\"},\"image\":{\"@id\":\"https:\/\/grupotorivac.com\/product\/fuente-de-alimentacion-de-corriente-constante-150a\/#primaryimage\"},\"thumbnailUrl\":\"https:\/\/grupotorivac.com\/wp-content\/uploads\/2022\/06\/fuentes_alimentacion_cc-1.jpg\",\"datePublished\":\"2022-06-06T12:50:24+00:00\",\"description\":\"The 150A power supplies deliver a fixed current level, regardless of variations in load or input voltage.\",\"breadcrumb\":{\"@id\":\"https:\/\/grupotorivac.com\/product\/fuente-de-alimentacion-de-corriente-constante-150a\/#breadcrumb\"},\"inLanguage\":\"en-US\",\"potentialAction\":[{\"@type\":\"ReadAction\",\"target\":[\"https:\/\/grupotorivac.com\/product\/fuente-de-alimentacion-de-corriente-constante-150a\/\"]}]},{\"@type\":\"ImageObject\",\"inLanguage\":\"en-US\",\"@id\":\"https:\/\/grupotorivac.com\/product\/fuente-de-alimentacion-de-corriente-constante-150a\/#primaryimage\",\"url\":\"https:\/\/grupotorivac.com\/wp-content\/uploads\/2022\/06\/fuentes_alimentacion_cc-1.jpg\",\"contentUrl\":\"https:\/\/grupotorivac.com\/wp-content\/uploads\/2022\/06\/fuentes_alimentacion_cc-1.jpg\",\"width\":900,\"height\":900,\"caption\":\"150A power supplies, specially designed to ensure stability in the power distribution of advanced electronic equipment.\"},{\"@type\":\"BreadcrumbList\",\"@id\":\"https:\/\/grupotorivac.com\/product\/fuente-de-alimentacion-de-corriente-constante-150a\/#breadcrumb\",\"itemListElement\":[{\"@type\":\"ListItem\",\"position\":1,\"name\":\"Portada\",\"item\":\"https:\/\/grupotorivac.com\/de\/\"},{\"@type\":\"ListItem\",\"position\":2,\"name\":\"Products\",\"item\":\"https:\/\/grupotorivac.com\/en\/shop\/\"},{\"@type\":\"ListItem\",\"position\":3,\"name\":\"150A power supplies\"}]},{\"@type\":\"WebSite\",\"@id\":\"https:\/\/grupotorivac.com\/#website\",\"url\":\"https:\/\/grupotorivac.com\/\",\"name\":\"Torivac\",\"description\":\"Especializados en dise\u00f1o y fabricaci\u00f3n de variados de tensi\u00f3n\",\"publisher\":{\"@id\":\"https:\/\/grupotorivac.com\/#organization\"},\"alternateName\":\"Torivac S.L\",\"potentialAction\":[{\"@type\":\"SearchAction\",\"target\":{\"@type\":\"EntryPoint\",\"urlTemplate\":\"https:\/\/grupotorivac.com\/?s={search_term_string}\"},\"query-input\":{\"@type\":\"PropertyValueSpecification\",\"valueRequired\":true,\"valueName\":\"search_term_string\"}}],\"inLanguage\":\"en-US\"},{\"@type\":\"Organization\",\"@id\":\"https:\/\/grupotorivac.com\/#organization\",\"name\":\"Torivac\",\"alternateName\":\"Torivac S.L\",\"url\":\"https:\/\/grupotorivac.com\/\",\"logo\":{\"@type\":\"ImageObject\",\"inLanguage\":\"en-US\",\"@id\":\"https:\/\/grupotorivac.com\/#\/schema\/logo\/image\/\",\"url\":\"https:\/\/grupotorivac.com\/wp-content\/uploads\/2025\/02\/Diseno-sin-titulo-73.png\",\"contentUrl\":\"https:\/\/grupotorivac.com\/wp-content\/uploads\/2025\/02\/Diseno-sin-titulo-73.png\",\"width\":250,\"height\":250,\"caption\":\"Torivac\"},\"image\":{\"@id\":\"https:\/\/grupotorivac.com\/#\/schema\/logo\/image\/\"}}]}<\/script>\n<!-- \/ Yoast SEO plugin. -->","yoast_head_json":{"title":"150A power supplies - Torivac","description":"The 150A power supplies deliver a fixed current level, regardless of variations in load or input voltage.","robots":{"index":"index","follow":"follow","max-snippet":"max-snippet:-1","max-image-preview":"max-image-preview:large","max-video-preview":"max-video-preview:-1"},"canonical":"https:\/\/grupotorivac.com\/product\/fuente-de-alimentacion-de-corriente-constante-150a\/","og_locale":"en_US","og_type":"article","og_title":"150A power supplies - Torivac","og_description":"The 150A power supplies deliver a fixed current level, regardless of variations in load or input voltage.","og_url":"https:\/\/grupotorivac.com\/product\/fuente-de-alimentacion-de-corriente-constante-150a\/","og_site_name":"Torivac","og_image":[{"width":900,"height":900,"url":"https:\/\/grupotorivac.com\/wp-content\/uploads\/2022\/06\/fuentes_alimentacion_cc-1.jpg","type":"image\/jpeg"}],"twitter_card":"summary_large_image","twitter_misc":{"Est. reading time":"2 minutes"},"schema":{"@context":"https:\/\/schema.org","@graph":[{"@type":"WebPage","@id":"https:\/\/grupotorivac.com\/product\/fuente-de-alimentacion-de-corriente-constante-150a\/","url":"https:\/\/grupotorivac.com\/product\/fuente-de-alimentacion-de-corriente-constante-150a\/","name":"150A power supplies - Torivac","isPartOf":{"@id":"https:\/\/grupotorivac.com\/#website"},"primaryImageOfPage":{"@id":"https:\/\/grupotorivac.com\/product\/fuente-de-alimentacion-de-corriente-constante-150a\/#primaryimage"},"image":{"@id":"https:\/\/grupotorivac.com\/product\/fuente-de-alimentacion-de-corriente-constante-150a\/#primaryimage"},"thumbnailUrl":"https:\/\/grupotorivac.com\/wp-content\/uploads\/2022\/06\/fuentes_alimentacion_cc-1.jpg","datePublished":"2022-06-06T12:50:24+00:00","description":"The 150A power supplies deliver a fixed current level, regardless of variations in load or input voltage.","breadcrumb":{"@id":"https:\/\/grupotorivac.com\/product\/fuente-de-alimentacion-de-corriente-constante-150a\/#breadcrumb"},"inLanguage":"en-US","potentialAction":[{"@type":"ReadAction","target":["https:\/\/grupotorivac.com\/product\/fuente-de-alimentacion-de-corriente-constante-150a\/"]}]},{"@type":"ImageObject","inLanguage":"en-US","@id":"https:\/\/grupotorivac.com\/product\/fuente-de-alimentacion-de-corriente-constante-150a\/#primaryimage","url":"https:\/\/grupotorivac.com\/wp-content\/uploads\/2022\/06\/fuentes_alimentacion_cc-1.jpg","contentUrl":"https:\/\/grupotorivac.com\/wp-content\/uploads\/2022\/06\/fuentes_alimentacion_cc-1.jpg","width":900,"height":900,"caption":"150A power supplies, specially designed to ensure stability in the power distribution of advanced electronic equipment."},{"@type":"BreadcrumbList","@id":"https:\/\/grupotorivac.com\/product\/fuente-de-alimentacion-de-corriente-constante-150a\/#breadcrumb","itemListElement":[{"@type":"ListItem","position":1,"name":"Portada","item":"https:\/\/grupotorivac.com\/de\/"},{"@type":"ListItem","position":2,"name":"Products","item":"https:\/\/grupotorivac.com\/en\/shop\/"},{"@type":"ListItem","position":3,"name":"150A power supplies"}]},{"@type":"WebSite","@id":"https:\/\/grupotorivac.com\/#website","url":"https:\/\/grupotorivac.com\/","name":"Torivac","description":"Especializados en dise\u00f1o y fabricaci\u00f3n de variados de tensi\u00f3n","publisher":{"@id":"https:\/\/grupotorivac.com\/#organization"},"alternateName":"Torivac S.L","potentialAction":[{"@type":"SearchAction","target":{"@type":"EntryPoint","urlTemplate":"https:\/\/grupotorivac.com\/?s={search_term_string}"},"query-input":{"@type":"PropertyValueSpecification","valueRequired":true,"valueName":"search_term_string"}}],"inLanguage":"en-US"},{"@type":"Organization","@id":"https:\/\/grupotorivac.com\/#organization","name":"Torivac","alternateName":"Torivac S.L","url":"https:\/\/grupotorivac.com\/","logo":{"@type":"ImageObject","inLanguage":"en-US","@id":"https:\/\/grupotorivac.com\/#\/schema\/logo\/image\/","url":"https:\/\/grupotorivac.com\/wp-content\/uploads\/2025\/02\/Diseno-sin-titulo-73.png","contentUrl":"https:\/\/grupotorivac.com\/wp-content\/uploads\/2025\/02\/Diseno-sin-titulo-73.png","width":250,"height":250,"caption":"Torivac"},"image":{"@id":"https:\/\/grupotorivac.com\/#\/schema\/logo\/image\/"}}]}},"_links":{"self":[{"href":"https:\/\/grupotorivac.com\/en\/wp-json\/wp\/v2\/product\/15912","targetHints":{"allow":["GET"]}}],"collection":[{"href":"https:\/\/grupotorivac.com\/en\/wp-json\/wp\/v2\/product"}],"about":[{"href":"https:\/\/grupotorivac.com\/en\/wp-json\/wp\/v2\/types\/product"}],"wp:featuredmedia":[{"embeddable":true,"href":"https:\/\/grupotorivac.com\/en\/wp-json\/wp\/v2\/media\/3916"}],"wp:attachment":[{"href":"https:\/\/grupotorivac.com\/en\/wp-json\/wp\/v2\/media?parent=15912"}],"wp:term":[{"taxonomy":"product_brand","embeddable":true,"href":"https:\/\/grupotorivac.com\/en\/wp-json\/wp\/v2\/product_brand?post=15912"},{"taxonomy":"product_cat","embeddable":true,"href":"https:\/\/grupotorivac.com\/en\/wp-json\/wp\/v2\/product_cat?post=15912"},{"taxonomy":"product_tag","embeddable":true,"href":"https:\/\/grupotorivac.com\/en\/wp-json\/wp\/v2\/product_tag?post=15912"}],"curies":[{"name":"wp","href":"https:\/\/api.w.org\/{rel}","templated":true}]}}