{"id":15910,"date":"2022-06-06T12:48:52","date_gmt":"2022-06-06T12:48:52","guid":{"rendered":"https:\/\/grupotorivac.com\/product\/monofasico-motorizado\/"},"modified":"2022-06-06T12:48:52","modified_gmt":"2022-06-06T12:48:52","slug":"monofasico-motorizado","status":"publish","type":"product","link":"https:\/\/grupotorivac.com\/en\/product\/monofasico-motorizado\/","title":{"rendered":"Single-phase motorized inverter"},"content":{"rendered":"","protected":false},"excerpt":{"rendered":"<p>It is mainly used to regulate equipment remotely or for stabilizing equipment. It is also recommended to motorize high power voltage variators, due to the ease of use they provide.   <\/p>\n<p>In this type of regulation, the drive shaft is driven by a geared motor, by means of a manual switch that allows the output voltage to be raised or lowered.  <\/p>\n<p>The motors assembled by TORIVAC have no inertia, making them ideal for remote control.  <\/p>\n<p>On request, stabilized models are manufactured by means of our own electronics with an accuracy of 2%.  <\/p>\n<p><a class=\"button button_size_2 button_dark\" href=\"https:\/\/grupotorivac.com\/wp-content\/uploads\/2024\/09\/1.-Variadores-de-tension_monofasicomotorizado.pdf\" target=\"_blank\" rel=\"noopener\"><span class=\"button_label\"><strong>See technical data sheet<\/strong><\/span><\/a><\/p>\n","protected":false},"featured_media":3592,"template":"","meta":{"_acf_changed":false},"product_brand":[],"product_cat":[537,536,448],"product_tag":[],"class_list":{"0":"post-15910","1":"product","2":"type-product","3":"status-publish","4":"has-post-thumbnail","6":"product_cat-single-phase-motorized","7":"product_cat-single-phase-inverters","8":"product_cat-voltage-variators-adjustable-autotransformers","10":"first","11":"instock","12":"product-type-simple"},"acf":[],"yoast_head":"<!-- This site is optimized with the Yoast SEO plugin v27.2 - https:\/\/yoast.com\/product\/yoast-seo-wordpress\/ -->\n<title>Single-phase motorized inverter - Torivac<\/title>\n<meta name=\"robots\" content=\"index, follow, max-snippet:-1, max-image-preview:large, max-video-preview:-1\" \/>\n<link rel=\"canonical\" href=\"https:\/\/grupotorivac.com\/en\/product\/monofasico-motorizado\/\" \/>\n<meta property=\"og:locale\" content=\"en_US\" \/>\n<meta property=\"og:type\" content=\"article\" \/>\n<meta property=\"og:title\" content=\"Single-phase motorized inverter - Torivac\" \/>\n<meta property=\"og:description\" content=\"It is mainly used to regulate equipment remotely or for stabilizing equipment. It is also recommended to motorize high power voltage variators, due to the ease of use they provide.   In this type of regulation, the drive shaft is driven by a geared motor, by means of a manual switch that allows the output voltage to be raised or lowered.  The motors assembled by TORIVAC have no inertia, making them ideal for remote control.  On request, stabilized models are manufactured by means of our own electronics with an accuracy of 2%.  See technical data sheet\" \/>\n<meta property=\"og:url\" content=\"https:\/\/grupotorivac.com\/en\/product\/monofasico-motorizado\/\" \/>\n<meta property=\"og:site_name\" content=\"Torivac\" \/>\n<meta property=\"og:image\" content=\"https:\/\/grupotorivac.com\/wp-content\/uploads\/2022\/06\/MONOFASICO-MOTORIZADO.jpg\" \/>\n\t<meta property=\"og:image:width\" content=\"1000\" \/>\n\t<meta property=\"og:image:height\" content=\"1132\" \/>\n\t<meta property=\"og:image:type\" content=\"image\/jpeg\" \/>\n<meta name=\"twitter:card\" content=\"summary_large_image\" \/>\n<script type=\"application\/ld+json\" class=\"yoast-schema-graph\">{\"@context\":\"https:\/\/schema.org\",\"@graph\":[{\"@type\":\"WebPage\",\"@id\":\"https:\/\/grupotorivac.com\/en\/product\/monofasico-motorizado\/\",\"url\":\"https:\/\/grupotorivac.com\/en\/product\/monofasico-motorizado\/\",\"name\":\"Single-phase motorized inverter - Torivac\",\"isPartOf\":{\"@id\":\"https:\/\/grupotorivac.com\/#website\"},\"primaryImageOfPage\":{\"@id\":\"https:\/\/grupotorivac.com\/en\/product\/monofasico-motorizado\/#primaryimage\"},\"image\":{\"@id\":\"https:\/\/grupotorivac.com\/en\/product\/monofasico-motorizado\/#primaryimage\"},\"thumbnailUrl\":\"https:\/\/grupotorivac.com\/wp-content\/uploads\/2022\/06\/MONOFASICO-MOTORIZADO.jpg\",\"datePublished\":\"2022-06-06T12:48:52+00:00\",\"breadcrumb\":{\"@id\":\"https:\/\/grupotorivac.com\/en\/product\/monofasico-motorizado\/#breadcrumb\"},\"inLanguage\":\"en-US\",\"potentialAction\":[{\"@type\":\"ReadAction\",\"target\":[\"https:\/\/grupotorivac.com\/en\/product\/monofasico-motorizado\/\"]}]},{\"@type\":\"ImageObject\",\"inLanguage\":\"en-US\",\"@id\":\"https:\/\/grupotorivac.com\/en\/product\/monofasico-motorizado\/#primaryimage\",\"url\":\"https:\/\/grupotorivac.com\/wp-content\/uploads\/2022\/06\/MONOFASICO-MOTORIZADO.jpg\",\"contentUrl\":\"https:\/\/grupotorivac.com\/wp-content\/uploads\/2022\/06\/MONOFASICO-MOTORIZADO.jpg\",\"width\":1000,\"height\":1132},{\"@type\":\"BreadcrumbList\",\"@id\":\"https:\/\/grupotorivac.com\/en\/product\/monofasico-motorizado\/#breadcrumb\",\"itemListElement\":[{\"@type\":\"ListItem\",\"position\":1,\"name\":\"Portada\",\"item\":\"https:\/\/grupotorivac.com\/de\/\"},{\"@type\":\"ListItem\",\"position\":2,\"name\":\"Products\",\"item\":\"https:\/\/grupotorivac.com\/en\/shop\/\"},{\"@type\":\"ListItem\",\"position\":3,\"name\":\"Single-phase motorized inverter\"}]},{\"@type\":\"WebSite\",\"@id\":\"https:\/\/grupotorivac.com\/#website\",\"url\":\"https:\/\/grupotorivac.com\/\",\"name\":\"Torivac\",\"description\":\"Especializados en dise\u00f1o y fabricaci\u00f3n de variados de tensi\u00f3n\",\"publisher\":{\"@id\":\"https:\/\/grupotorivac.com\/#organization\"},\"alternateName\":\"Torivac S.L\",\"potentialAction\":[{\"@type\":\"SearchAction\",\"target\":{\"@type\":\"EntryPoint\",\"urlTemplate\":\"https:\/\/grupotorivac.com\/?s={search_term_string}\"},\"query-input\":{\"@type\":\"PropertyValueSpecification\",\"valueRequired\":true,\"valueName\":\"search_term_string\"}}],\"inLanguage\":\"en-US\"},{\"@type\":\"Organization\",\"@id\":\"https:\/\/grupotorivac.com\/#organization\",\"name\":\"Torivac\",\"alternateName\":\"Torivac S.L\",\"url\":\"https:\/\/grupotorivac.com\/\",\"logo\":{\"@type\":\"ImageObject\",\"inLanguage\":\"en-US\",\"@id\":\"https:\/\/grupotorivac.com\/#\/schema\/logo\/image\/\",\"url\":\"https:\/\/grupotorivac.com\/wp-content\/uploads\/2025\/02\/Diseno-sin-titulo-73.png\",\"contentUrl\":\"https:\/\/grupotorivac.com\/wp-content\/uploads\/2025\/02\/Diseno-sin-titulo-73.png\",\"width\":250,\"height\":250,\"caption\":\"Torivac\"},\"image\":{\"@id\":\"https:\/\/grupotorivac.com\/#\/schema\/logo\/image\/\"}}]}<\/script>\n<!-- \/ Yoast SEO plugin. -->","yoast_head_json":{"title":"Single-phase motorized inverter - Torivac","robots":{"index":"index","follow":"follow","max-snippet":"max-snippet:-1","max-image-preview":"max-image-preview:large","max-video-preview":"max-video-preview:-1"},"canonical":"https:\/\/grupotorivac.com\/en\/product\/monofasico-motorizado\/","og_locale":"en_US","og_type":"article","og_title":"Single-phase motorized inverter - Torivac","og_description":"It is mainly used to regulate equipment remotely or for stabilizing equipment. It is also recommended to motorize high power voltage variators, due to the ease of use they provide.   In this type of regulation, the drive shaft is driven by a geared motor, by means of a manual switch that allows the output voltage to be raised or lowered.  The motors assembled by TORIVAC have no inertia, making them ideal for remote control.  On request, stabilized models are manufactured by means of our own electronics with an accuracy of 2%.  See technical data sheet","og_url":"https:\/\/grupotorivac.com\/en\/product\/monofasico-motorizado\/","og_site_name":"Torivac","og_image":[{"width":1000,"height":1132,"url":"https:\/\/grupotorivac.com\/wp-content\/uploads\/2022\/06\/MONOFASICO-MOTORIZADO.jpg","type":"image\/jpeg"}],"twitter_card":"summary_large_image","schema":{"@context":"https:\/\/schema.org","@graph":[{"@type":"WebPage","@id":"https:\/\/grupotorivac.com\/en\/product\/monofasico-motorizado\/","url":"https:\/\/grupotorivac.com\/en\/product\/monofasico-motorizado\/","name":"Single-phase motorized inverter - Torivac","isPartOf":{"@id":"https:\/\/grupotorivac.com\/#website"},"primaryImageOfPage":{"@id":"https:\/\/grupotorivac.com\/en\/product\/monofasico-motorizado\/#primaryimage"},"image":{"@id":"https:\/\/grupotorivac.com\/en\/product\/monofasico-motorizado\/#primaryimage"},"thumbnailUrl":"https:\/\/grupotorivac.com\/wp-content\/uploads\/2022\/06\/MONOFASICO-MOTORIZADO.jpg","datePublished":"2022-06-06T12:48:52+00:00","breadcrumb":{"@id":"https:\/\/grupotorivac.com\/en\/product\/monofasico-motorizado\/#breadcrumb"},"inLanguage":"en-US","potentialAction":[{"@type":"ReadAction","target":["https:\/\/grupotorivac.com\/en\/product\/monofasico-motorizado\/"]}]},{"@type":"ImageObject","inLanguage":"en-US","@id":"https:\/\/grupotorivac.com\/en\/product\/monofasico-motorizado\/#primaryimage","url":"https:\/\/grupotorivac.com\/wp-content\/uploads\/2022\/06\/MONOFASICO-MOTORIZADO.jpg","contentUrl":"https:\/\/grupotorivac.com\/wp-content\/uploads\/2022\/06\/MONOFASICO-MOTORIZADO.jpg","width":1000,"height":1132},{"@type":"BreadcrumbList","@id":"https:\/\/grupotorivac.com\/en\/product\/monofasico-motorizado\/#breadcrumb","itemListElement":[{"@type":"ListItem","position":1,"name":"Portada","item":"https:\/\/grupotorivac.com\/de\/"},{"@type":"ListItem","position":2,"name":"Products","item":"https:\/\/grupotorivac.com\/en\/shop\/"},{"@type":"ListItem","position":3,"name":"Single-phase motorized inverter"}]},{"@type":"WebSite","@id":"https:\/\/grupotorivac.com\/#website","url":"https:\/\/grupotorivac.com\/","name":"Torivac","description":"Especializados en dise\u00f1o y fabricaci\u00f3n de variados de tensi\u00f3n","publisher":{"@id":"https:\/\/grupotorivac.com\/#organization"},"alternateName":"Torivac S.L","potentialAction":[{"@type":"SearchAction","target":{"@type":"EntryPoint","urlTemplate":"https:\/\/grupotorivac.com\/?s={search_term_string}"},"query-input":{"@type":"PropertyValueSpecification","valueRequired":true,"valueName":"search_term_string"}}],"inLanguage":"en-US"},{"@type":"Organization","@id":"https:\/\/grupotorivac.com\/#organization","name":"Torivac","alternateName":"Torivac S.L","url":"https:\/\/grupotorivac.com\/","logo":{"@type":"ImageObject","inLanguage":"en-US","@id":"https:\/\/grupotorivac.com\/#\/schema\/logo\/image\/","url":"https:\/\/grupotorivac.com\/wp-content\/uploads\/2025\/02\/Diseno-sin-titulo-73.png","contentUrl":"https:\/\/grupotorivac.com\/wp-content\/uploads\/2025\/02\/Diseno-sin-titulo-73.png","width":250,"height":250,"caption":"Torivac"},"image":{"@id":"https:\/\/grupotorivac.com\/#\/schema\/logo\/image\/"}}]}},"_links":{"self":[{"href":"https:\/\/grupotorivac.com\/en\/wp-json\/wp\/v2\/product\/15910","targetHints":{"allow":["GET"]}}],"collection":[{"href":"https:\/\/grupotorivac.com\/en\/wp-json\/wp\/v2\/product"}],"about":[{"href":"https:\/\/grupotorivac.com\/en\/wp-json\/wp\/v2\/types\/product"}],"wp:featuredmedia":[{"embeddable":true,"href":"https:\/\/grupotorivac.com\/en\/wp-json\/wp\/v2\/media\/3592"}],"wp:attachment":[{"href":"https:\/\/grupotorivac.com\/en\/wp-json\/wp\/v2\/media?parent=15910"}],"wp:term":[{"taxonomy":"product_brand","embeddable":true,"href":"https:\/\/grupotorivac.com\/en\/wp-json\/wp\/v2\/product_brand?post=15910"},{"taxonomy":"product_cat","embeddable":true,"href":"https:\/\/grupotorivac.com\/en\/wp-json\/wp\/v2\/product_cat?post=15910"},{"taxonomy":"product_tag","embeddable":true,"href":"https:\/\/grupotorivac.com\/en\/wp-json\/wp\/v2\/product_tag?post=15910"}],"curies":[{"name":"wp","href":"https:\/\/api.w.org\/{rel}","templated":true}]}}