{"id":15594,"date":"2024-11-12T09:06:48","date_gmt":"2024-11-12T09:06:48","guid":{"rendered":"https:\/\/grupotorivac.com\/product\/resistencias-de-frenado\/"},"modified":"2024-11-12T09:06:48","modified_gmt":"2024-11-12T09:06:48","slug":"resistencias-de-frenado","status":"publish","type":"product","link":"https:\/\/grupotorivac.com\/en\/product\/resistencias-de-frenado\/","title":{"rendered":"Braking resistors"},"content":{"rendered":"","protected":false},"excerpt":{"rendered":"<p><span data-sheets-root=\"1\">Braking resistors are intended to dissipate the energy generated by a motor during deceleration, preventing damage to the drive due to overvoltage and ensuring that it stops safely.<\/span><\/p>\n<p>TORIVAC is a manufacturer of different types of dynamic braking resistors, which offer an economical and small size solution for braking control by absorbing and dissipating energy efficiently and effectively. A braking resistor helps to slow down or stop a motor by dissipating the excess voltage generated by the decelerating motor. <\/p>\n<p>These resistors can also help reduce wear on braking components, which can extend equipment life, enable faster braking and eliminate the risk of overheating.<\/p>\n<p>&#8211; Suitable for any application requiring dynamic braking.<br \/>\n&#8211; Suitable for power from 1W to 100MW and duty cycle from 1% to 100%.<br \/>\n&#8211; Suitable for all types of frequency inverters<\/p>\n<p>&#8211; Manufacture according to customer specifications<\/p>\n<p>&#8211; Small size range at very competitive prices.<\/p>\n<p>&#8211; They can be supplied in air (IP00 or in enclosure (from IP20 to IP54).<\/p>\n","protected":false},"featured_media":4002,"template":"","meta":{"_acf_changed":false},"product_brand":[],"product_cat":[481,476],"product_tag":[],"class_list":{"0":"post-15594","1":"product","2":"type-product","3":"status-publish","4":"has-post-thumbnail","6":"product_cat-braking-resistors","7":"product_cat-resistors-load-banks","9":"first","10":"instock","11":"product-type-simple"},"acf":[],"yoast_head":"<!-- This site is optimized with the Yoast SEO plugin v27.2 - https:\/\/yoast.com\/product\/yoast-seo-wordpress\/ -->\n<title>Braking resistors - Torivac<\/title>\n<meta name=\"robots\" content=\"index, follow, max-snippet:-1, max-image-preview:large, max-video-preview:-1\" \/>\n<link rel=\"canonical\" href=\"https:\/\/grupotorivac.com\/en\/product\/resistencias-de-frenado\/\" \/>\n<meta property=\"og:locale\" content=\"en_US\" \/>\n<meta property=\"og:type\" content=\"article\" \/>\n<meta property=\"og:title\" content=\"Braking resistors - Torivac\" \/>\n<meta property=\"og:description\" content=\"Braking resistors are intended to dissipate the energy generated by a motor during deceleration, preventing damage to the drive due to overvoltage and ensuring that it stops safely. TORIVAC is a manufacturer of different types of dynamic braking resistors, which offer an economical and small size solution for braking control by absorbing and dissipating energy efficiently and effectively. A braking resistor helps to slow down or stop a motor by dissipating the excess voltage generated by the decelerating motor.  These resistors can also help reduce wear on braking components, which can extend equipment life, enable faster braking and eliminate the risk of overheating. - Suitable for any application requiring dynamic braking. - Suitable for power from 1W to 100MW and duty cycle from 1% to 100%. - Suitable for all types of frequency inverters - Manufacture according to customer specifications - Small size range at very competitive prices. - They can be supplied in air (IP00 or in enclosure (from IP20 to IP54).\" \/>\n<meta property=\"og:url\" content=\"https:\/\/grupotorivac.com\/en\/product\/resistencias-de-frenado\/\" \/>\n<meta property=\"og:site_name\" content=\"Torivac\" \/>\n<meta property=\"og:image\" content=\"https:\/\/grupotorivac.com\/wp-content\/uploads\/2023\/05\/resistencia.jpg\" \/>\n\t<meta property=\"og:image:width\" content=\"800\" \/>\n\t<meta property=\"og:image:height\" content=\"800\" \/>\n\t<meta property=\"og:image:type\" content=\"image\/jpeg\" \/>\n<meta name=\"twitter:card\" content=\"summary_large_image\" \/>\n<script type=\"application\/ld+json\" class=\"yoast-schema-graph\">{\"@context\":\"https:\/\/schema.org\",\"@graph\":[{\"@type\":\"WebPage\",\"@id\":\"https:\/\/grupotorivac.com\/en\/product\/resistencias-de-frenado\/\",\"url\":\"https:\/\/grupotorivac.com\/en\/product\/resistencias-de-frenado\/\",\"name\":\"Braking resistors - Torivac\",\"isPartOf\":{\"@id\":\"https:\/\/grupotorivac.com\/#website\"},\"primaryImageOfPage\":{\"@id\":\"https:\/\/grupotorivac.com\/en\/product\/resistencias-de-frenado\/#primaryimage\"},\"image\":{\"@id\":\"https:\/\/grupotorivac.com\/en\/product\/resistencias-de-frenado\/#primaryimage\"},\"thumbnailUrl\":\"https:\/\/grupotorivac.com\/wp-content\/uploads\/2023\/05\/resistencia.jpg\",\"datePublished\":\"2024-11-12T09:06:48+00:00\",\"breadcrumb\":{\"@id\":\"https:\/\/grupotorivac.com\/en\/product\/resistencias-de-frenado\/#breadcrumb\"},\"inLanguage\":\"en-US\",\"potentialAction\":[{\"@type\":\"ReadAction\",\"target\":[\"https:\/\/grupotorivac.com\/en\/product\/resistencias-de-frenado\/\"]}]},{\"@type\":\"ImageObject\",\"inLanguage\":\"en-US\",\"@id\":\"https:\/\/grupotorivac.com\/en\/product\/resistencias-de-frenado\/#primaryimage\",\"url\":\"https:\/\/grupotorivac.com\/wp-content\/uploads\/2023\/05\/resistencia.jpg\",\"contentUrl\":\"https:\/\/grupotorivac.com\/wp-content\/uploads\/2023\/05\/resistencia.jpg\",\"width\":800,\"height\":800,\"caption\":\"braking resistors\"},{\"@type\":\"BreadcrumbList\",\"@id\":\"https:\/\/grupotorivac.com\/en\/product\/resistencias-de-frenado\/#breadcrumb\",\"itemListElement\":[{\"@type\":\"ListItem\",\"position\":1,\"name\":\"Portada\",\"item\":\"https:\/\/grupotorivac.com\/de\/\"},{\"@type\":\"ListItem\",\"position\":2,\"name\":\"Products\",\"item\":\"https:\/\/grupotorivac.com\/en\/shop\/\"},{\"@type\":\"ListItem\",\"position\":3,\"name\":\"Braking resistors\"}]},{\"@type\":\"WebSite\",\"@id\":\"https:\/\/grupotorivac.com\/#website\",\"url\":\"https:\/\/grupotorivac.com\/\",\"name\":\"Torivac\",\"description\":\"Especializados en dise\u00f1o y fabricaci\u00f3n de variados de tensi\u00f3n\",\"publisher\":{\"@id\":\"https:\/\/grupotorivac.com\/#organization\"},\"alternateName\":\"Torivac S.L\",\"potentialAction\":[{\"@type\":\"SearchAction\",\"target\":{\"@type\":\"EntryPoint\",\"urlTemplate\":\"https:\/\/grupotorivac.com\/?s={search_term_string}\"},\"query-input\":{\"@type\":\"PropertyValueSpecification\",\"valueRequired\":true,\"valueName\":\"search_term_string\"}}],\"inLanguage\":\"en-US\"},{\"@type\":\"Organization\",\"@id\":\"https:\/\/grupotorivac.com\/#organization\",\"name\":\"Torivac\",\"alternateName\":\"Torivac S.L\",\"url\":\"https:\/\/grupotorivac.com\/\",\"logo\":{\"@type\":\"ImageObject\",\"inLanguage\":\"en-US\",\"@id\":\"https:\/\/grupotorivac.com\/#\/schema\/logo\/image\/\",\"url\":\"https:\/\/grupotorivac.com\/wp-content\/uploads\/2025\/02\/Diseno-sin-titulo-73.png\",\"contentUrl\":\"https:\/\/grupotorivac.com\/wp-content\/uploads\/2025\/02\/Diseno-sin-titulo-73.png\",\"width\":250,\"height\":250,\"caption\":\"Torivac\"},\"image\":{\"@id\":\"https:\/\/grupotorivac.com\/#\/schema\/logo\/image\/\"}}]}<\/script>\n<!-- \/ Yoast SEO plugin. -->","yoast_head_json":{"title":"Braking resistors - Torivac","robots":{"index":"index","follow":"follow","max-snippet":"max-snippet:-1","max-image-preview":"max-image-preview:large","max-video-preview":"max-video-preview:-1"},"canonical":"https:\/\/grupotorivac.com\/en\/product\/resistencias-de-frenado\/","og_locale":"en_US","og_type":"article","og_title":"Braking resistors - Torivac","og_description":"Braking resistors are intended to dissipate the energy generated by a motor during deceleration, preventing damage to the drive due to overvoltage and ensuring that it stops safely. TORIVAC is a manufacturer of different types of dynamic braking resistors, which offer an economical and small size solution for braking control by absorbing and dissipating energy efficiently and effectively. A braking resistor helps to slow down or stop a motor by dissipating the excess voltage generated by the decelerating motor.  These resistors can also help reduce wear on braking components, which can extend equipment life, enable faster braking and eliminate the risk of overheating. - Suitable for any application requiring dynamic braking. - Suitable for power from 1W to 100MW and duty cycle from 1% to 100%. - Suitable for all types of frequency inverters - Manufacture according to customer specifications - Small size range at very competitive prices. - They can be supplied in air (IP00 or in enclosure (from IP20 to IP54).","og_url":"https:\/\/grupotorivac.com\/en\/product\/resistencias-de-frenado\/","og_site_name":"Torivac","og_image":[{"width":800,"height":800,"url":"https:\/\/grupotorivac.com\/wp-content\/uploads\/2023\/05\/resistencia.jpg","type":"image\/jpeg"}],"twitter_card":"summary_large_image","schema":{"@context":"https:\/\/schema.org","@graph":[{"@type":"WebPage","@id":"https:\/\/grupotorivac.com\/en\/product\/resistencias-de-frenado\/","url":"https:\/\/grupotorivac.com\/en\/product\/resistencias-de-frenado\/","name":"Braking resistors - Torivac","isPartOf":{"@id":"https:\/\/grupotorivac.com\/#website"},"primaryImageOfPage":{"@id":"https:\/\/grupotorivac.com\/en\/product\/resistencias-de-frenado\/#primaryimage"},"image":{"@id":"https:\/\/grupotorivac.com\/en\/product\/resistencias-de-frenado\/#primaryimage"},"thumbnailUrl":"https:\/\/grupotorivac.com\/wp-content\/uploads\/2023\/05\/resistencia.jpg","datePublished":"2024-11-12T09:06:48+00:00","breadcrumb":{"@id":"https:\/\/grupotorivac.com\/en\/product\/resistencias-de-frenado\/#breadcrumb"},"inLanguage":"en-US","potentialAction":[{"@type":"ReadAction","target":["https:\/\/grupotorivac.com\/en\/product\/resistencias-de-frenado\/"]}]},{"@type":"ImageObject","inLanguage":"en-US","@id":"https:\/\/grupotorivac.com\/en\/product\/resistencias-de-frenado\/#primaryimage","url":"https:\/\/grupotorivac.com\/wp-content\/uploads\/2023\/05\/resistencia.jpg","contentUrl":"https:\/\/grupotorivac.com\/wp-content\/uploads\/2023\/05\/resistencia.jpg","width":800,"height":800,"caption":"braking resistors"},{"@type":"BreadcrumbList","@id":"https:\/\/grupotorivac.com\/en\/product\/resistencias-de-frenado\/#breadcrumb","itemListElement":[{"@type":"ListItem","position":1,"name":"Portada","item":"https:\/\/grupotorivac.com\/de\/"},{"@type":"ListItem","position":2,"name":"Products","item":"https:\/\/grupotorivac.com\/en\/shop\/"},{"@type":"ListItem","position":3,"name":"Braking resistors"}]},{"@type":"WebSite","@id":"https:\/\/grupotorivac.com\/#website","url":"https:\/\/grupotorivac.com\/","name":"Torivac","description":"Especializados en dise\u00f1o y fabricaci\u00f3n de variados de tensi\u00f3n","publisher":{"@id":"https:\/\/grupotorivac.com\/#organization"},"alternateName":"Torivac S.L","potentialAction":[{"@type":"SearchAction","target":{"@type":"EntryPoint","urlTemplate":"https:\/\/grupotorivac.com\/?s={search_term_string}"},"query-input":{"@type":"PropertyValueSpecification","valueRequired":true,"valueName":"search_term_string"}}],"inLanguage":"en-US"},{"@type":"Organization","@id":"https:\/\/grupotorivac.com\/#organization","name":"Torivac","alternateName":"Torivac S.L","url":"https:\/\/grupotorivac.com\/","logo":{"@type":"ImageObject","inLanguage":"en-US","@id":"https:\/\/grupotorivac.com\/#\/schema\/logo\/image\/","url":"https:\/\/grupotorivac.com\/wp-content\/uploads\/2025\/02\/Diseno-sin-titulo-73.png","contentUrl":"https:\/\/grupotorivac.com\/wp-content\/uploads\/2025\/02\/Diseno-sin-titulo-73.png","width":250,"height":250,"caption":"Torivac"},"image":{"@id":"https:\/\/grupotorivac.com\/#\/schema\/logo\/image\/"}}]}},"_links":{"self":[{"href":"https:\/\/grupotorivac.com\/en\/wp-json\/wp\/v2\/product\/15594","targetHints":{"allow":["GET"]}}],"collection":[{"href":"https:\/\/grupotorivac.com\/en\/wp-json\/wp\/v2\/product"}],"about":[{"href":"https:\/\/grupotorivac.com\/en\/wp-json\/wp\/v2\/types\/product"}],"wp:featuredmedia":[{"embeddable":true,"href":"https:\/\/grupotorivac.com\/en\/wp-json\/wp\/v2\/media\/4002"}],"wp:attachment":[{"href":"https:\/\/grupotorivac.com\/en\/wp-json\/wp\/v2\/media?parent=15594"}],"wp:term":[{"taxonomy":"product_brand","embeddable":true,"href":"https:\/\/grupotorivac.com\/en\/wp-json\/wp\/v2\/product_brand?post=15594"},{"taxonomy":"product_cat","embeddable":true,"href":"https:\/\/grupotorivac.com\/en\/wp-json\/wp\/v2\/product_cat?post=15594"},{"taxonomy":"product_tag","embeddable":true,"href":"https:\/\/grupotorivac.com\/en\/wp-json\/wp\/v2\/product_tag?post=15594"}],"curies":[{"name":"wp","href":"https:\/\/api.w.org\/{rel}","templated":true}]}}