{"id":15707,"date":"2025-12-10T11:17:16","date_gmt":"2025-12-10T11:17:16","guid":{"rendered":"https:\/\/grupotorivac.com\/privacy-policy\/"},"modified":"2026-03-09T19:59:20","modified_gmt":"2026-03-09T19:59:20","slug":"privacy-policy","status":"publish","type":"page","link":"https:\/\/grupotorivac.com\/en\/privacy-policy\/","title":{"rendered":"Privacy Policy"},"content":{"rendered":"\t\t<div data-elementor-type=\"wp-page\" data-elementor-id=\"15707\" class=\"elementor elementor-15707 elementor-14762\" data-elementor-post-type=\"page\">\n\t\t\t\t<div class=\"elementor-element elementor-element-6479055 e-flex e-con-boxed e-con e-parent\" data-id=\"6479055\" data-element_type=\"container\" data-e-type=\"container\">\n\t\t\t\t\t<div class=\"e-con-inner\">\n\t\t\t\t<div class=\"elementor-element elementor-element-2802e41 elementor-widget elementor-widget-heading\" data-id=\"2802e41\" data-element_type=\"widget\" data-e-type=\"widget\" data-widget_type=\"heading.default\">\n\t\t\t\t<div class=\"elementor-widget-container\">\n\t\t\t\t\t<h2 class=\"elementor-heading-title elementor-size-default\">Privacy Policy\n<\/h2>\t\t\t\t<\/div>\n\t\t\t\t<\/div>\n\t\t\t\t<div class=\"elementor-element elementor-element-99764fa elementor-widget elementor-widget-text-editor\" data-id=\"99764fa\" data-element_type=\"widget\" data-e-type=\"widget\" data-widget_type=\"text-editor.default\">\n\t\t\t\t<div class=\"elementor-widget-container\">\n\t\t\t\t\t\t\t\t\t<p><strong>USER INFORMATION<\/strong><\/p><p>TORIVAC GROUP, as Data Controller, informs you that, in accordance with the provisions of Regulation (EU) 2016\/679 of 27 April 2016 on the protection of personal data (GDPR), we will treat your data as we reflect in this Privacy Policy.<\/p><p>In this Privacy Policy we describe how we collect your personal data and why we collect it, what we do with it, who we share it with, how we protect it, and your choices regarding the treatment of your personal data.<\/p><p>This Policy applies to the processing of your personal data collected by the company for the provision of its services. If you accept the measures in this Policy, you agree to our processing of your personal data as defined in this Policy. <\/p>\t\t\t\t\t\t\t\t<\/div>\n\t\t\t\t<\/div>\n\t\t\t\t<div class=\"elementor-element elementor-element-fbc0a49 elementor-widget elementor-widget-text-editor\" data-id=\"fbc0a49\" data-element_type=\"widget\" data-e-type=\"widget\" data-widget_type=\"text-editor.default\">\n\t\t\t\t<div class=\"elementor-widget-container\">\n\t\t\t\t\t\t\t\t\t<p><b>CONTACT<\/b><br>The ownership of this website, https:\/\/grupotorivac.com\/, (hereinafter Website) is held by: , with NIF: B60784584, and whose contact details are:<\/p><p>Address: C\/ Potosi N\u00ba 2, Planta 6\u00aa, 08030 Barcelona<br>Contact telephone: +34 93 312 01 61<br>Contact email: info@torivac.com<\/p>\t\t\t\t\t\t\t\t<\/div>\n\t\t\t\t<\/div>\n\t\t\t\t<div class=\"elementor-element elementor-element-e80f071 elementor-widget elementor-widget-text-editor\" data-id=\"e80f071\" data-element_type=\"widget\" data-e-type=\"widget\" data-widget_type=\"text-editor.default\">\n\t\t\t\t<div class=\"elementor-widget-container\">\n\t\t\t\t\t\t\t\t\t<p><strong>KEY PRINCIPLES<\/strong><br>We have always been committed to providing our services with the highest degree of quality, which includes treating your data with security and transparency. Our principles are: <\/p><ul><li>Legality: We will only collect your Personal Data for specified, explicit and legitimate purposes.<\/li><li>Data minimization: We limit the collection of personal data to what is strictly relevant and necessary for the purposes for which it was collected.<\/li><li>Purpose Limitation: We will only collect your personal data for the stated purposes and only in accordance with your wishes.<\/li><li>Accuracy: We will keep your personal information accurate and up to date.<\/li><li>Data Security: We implement appropriate technical and organizational measures commensurate with the risks to ensure that your data is not harmed, such as unauthorized disclosure or access, accidental or unlawful destruction or accidental loss or alteration and any other form of unlawful processing.<\/li><li>Access and Rectification: We have the means for you to access or rectify your data whenever you consider it appropriate.<\/li><li>Retention: We retain your personal data in a lawful and appropriate manner and only for as long as necessary for the purposes for which it was collected.<\/li><li>International transfers: if your data is to be transferred outside the EU\/EEA, it will be adequately protected.<\/li><li>Third parties: Access and transfer of personal data to third parties are carried out in accordance with applicable laws and regulations and with appropriate contractual safeguards.<\/li><li>Direct Marketing and cookies: We comply with the applicable legislation on advertising and cookies.<\/li><\/ul>\t\t\t\t\t\t\t\t<\/div>\n\t\t\t\t<\/div>\n\t\t\t\t<div class=\"elementor-element elementor-element-8cbcd73 elementor-widget elementor-widget-text-editor\" data-id=\"8cbcd73\" data-element_type=\"widget\" data-e-type=\"widget\" data-widget_type=\"text-editor.default\">\n\t\t\t\t<div class=\"elementor-widget-container\">\n\t\t\t\t\t\t\t\t\t<p><strong>COLLECTION AND PROCESSING OF YOUR PERSONAL DATA<\/strong><br>The types of data requested and processed are:<\/p><ul><li>Identification data, personal characteristics and social circumstances.<\/li><li>Financial data, if applicable.<\/li><\/ul><p><span style=\"letter-spacing: 0px;\">We also automatically collect data about your visit to our website as described in the &#8220;Use of Cookies&#8221; section below.<\/span><\/p><p>Whenever we request your Personal Data, we will clearly inform you what Personal Data we collect and for what purpose. In general, we collect and process your Personal Data for the purpose of: <\/p><ul><li>Provide information about our products and services.<\/li><li>To provide our services.<\/li><li>Respond to your inquiries and requests.<\/li><\/ul>\t\t\t\t\t\t\t\t<\/div>\n\t\t\t\t<\/div>\n\t\t\t\t<div class=\"elementor-element elementor-element-00c88cc elementor-widget elementor-widget-text-editor\" data-id=\"00c88cc\" data-element_type=\"widget\" data-e-type=\"widget\" data-widget_type=\"text-editor.default\">\n\t\t\t\t<div class=\"elementor-widget-container\">\n\t\t\t\t\t\t\t\t\t<p><b>LEGITIMACY<\/b><\/p><p>In accordance with the applicable data protection regulations, your personal data may be processed if:<\/p><ul><li>You have given us your consent for the purposes of processing. You may, of course, withdraw your consent at any time. <\/li><li>It is necessary for the provision of any of our services through a contractual relationship between you and us.<\/li><li>With such processing, we pursue a legitimate interest that is not undermined by your privacy rights. Such legitimate interest will be duly disclosed to you in the privacy notice relating to that particular processing. <\/li><li>Required by law<\/li><\/ul>\t\t\t\t\t\t\t\t<\/div>\n\t\t\t\t<\/div>\n\t\t\t\t<div class=\"elementor-element elementor-element-de3a2ca elementor-widget elementor-widget-text-editor\" data-id=\"de3a2ca\" data-element_type=\"widget\" data-e-type=\"widget\" data-widget_type=\"text-editor.default\">\n\t\t\t\t<div class=\"elementor-widget-container\">\n\t\t\t\t\t\t\t\t\t<p><b>YOUR RIGHTS<\/b><\/p><p>In connection with the collection and processing of your personal data, you can contact us at any time to:<\/p><ul><li>To know if we process your personal data.<\/li><li>Access your personal data and any other information indicated in Article 15.1 of the GDPR.<\/li><li>Rectify your personal data that is inaccurate or incomplete in accordance with Article 16 of the GDPR.<\/li><li>Delete your personal data in accordance with Article 17 of the GDPR.<\/li><li>Limit the processing of your personal data in accordance with Article 18 of the GDPR.<\/li><li>Request the portability of your data in accordance with Article 20 of the GDPR.<\/li><li>Oppose the processing of your personal data in accordance with Article 21 of the GDPR.<\/li><\/ul><p>If you have given your consent for a specific purpose, you have the right to withdraw the consent given at any time, without affecting the lawfulness of the processing based on the consent prior to its withdrawal. To exercise your rights you can send us a communication to correodelcliente <\/p>\t\t\t\t\t\t\t\t<\/div>\n\t\t\t\t<\/div>\n\t\t\t\t<div class=\"elementor-element elementor-element-2d08dde elementor-widget elementor-widget-text-editor\" data-id=\"2d08dde\" data-element_type=\"widget\" data-e-type=\"widget\" data-widget_type=\"text-editor.default\">\n\t\t\t\t<div class=\"elementor-widget-container\">\n\t\t\t\t\t\t\t\t\t<p><b>LEGAL INFORMATION<br><\/b>The requirements of this Policy supplement, and do not replace, any other requirements existing under applicable data protection law, which shall prevail in any event.<\/p><p>This Policy is subject to periodic review and may be changed by the Company at any time. When this occurs, we will notify you of any changes and ask you to re-read the most recent version of our Policy and confirm your acceptance. <\/p><p>Last update: DECEMBER 2025.<\/p>\t\t\t\t\t\t\t\t<\/div>\n\t\t\t\t<\/div>\n\t\t\t\t\t<\/div>\n\t\t\t\t<\/div>\n\t\t\t\t<\/div>\n\t\t","protected":false},"excerpt":{"rendered":"<p>Privacy Policy USER INFORMATION TORIVAC GROUP, as Data Controller, informs you that, in accordance with the provisions of Regulation (EU) 2016\/679 of 27 April 2016 on<span class=\"excerpt-hellip\"> [\u2026]<\/span><\/p>\n","protected":false},"author":3,"featured_media":0,"parent":0,"menu_order":0,"comment_status":"closed","ping_status":"closed","template":"","meta":{"_acf_changed":false,"footnotes":""},"class_list":["post-15707","page","type-page","status-publish","hentry"],"acf":[],"yoast_head":"<!-- This site is optimized with the Yoast SEO plugin v27.2 - https:\/\/yoast.com\/product\/yoast-seo-wordpress\/ -->\n<title>Privacy Policy - Torivac<\/title>\n<meta name=\"description\" content=\"%\" \/>\n<meta name=\"robots\" content=\"index, follow, max-snippet:-1, max-image-preview:large, max-video-preview:-1\" \/>\n<link rel=\"canonical\" href=\"https:\/\/grupotorivac.com\/en\/privacy-policy\/\" \/>\n<meta property=\"og:locale\" content=\"en_US\" \/>\n<meta property=\"og:type\" content=\"article\" \/>\n<meta property=\"og:title\" content=\"Privacy Policy - Torivac\" \/>\n<meta property=\"og:description\" content=\"%\" \/>\n<meta property=\"og:url\" content=\"https:\/\/grupotorivac.com\/en\/privacy-policy\/\" \/>\n<meta property=\"og:site_name\" content=\"Torivac\" \/>\n<meta property=\"article:modified_time\" content=\"2026-03-09T19:59:20+00:00\" \/>\n<meta property=\"og:image\" content=\"https:\/\/grupotorivac.com\/wp-content\/uploads\/2025\/02\/Diseno-sin-titulo-73.png\" \/>\n\t<meta property=\"og:image:width\" content=\"250\" \/>\n\t<meta property=\"og:image:height\" content=\"250\" \/>\n\t<meta property=\"og:image:type\" content=\"image\/png\" \/>\n<meta name=\"twitter:card\" content=\"summary_large_image\" \/>\n<meta name=\"twitter:label1\" content=\"Est. reading time\" \/>\n\t<meta name=\"twitter:data1\" content=\"4 minutes\" \/>\n<script type=\"application\/ld+json\" class=\"yoast-schema-graph\">{\"@context\":\"https:\/\/schema.org\",\"@graph\":[{\"@type\":[\"Article\",\"BlogPosting\"],\"@id\":\"https:\/\/grupotorivac.com\/en\/privacy-policy\/#article\",\"isPartOf\":{\"@id\":\"https:\/\/grupotorivac.com\/en\/privacy-policy\/\"},\"author\":{\"name\":\"Franco Santiso\",\"@id\":\"https:\/\/grupotorivac.com\/#\/schema\/person\/66a7a9ac227ee4c0306e33ff34be3c24\"},\"headline\":\"Privacy Policy\",\"datePublished\":\"2025-12-10T11:17:16+00:00\",\"dateModified\":\"2026-03-09T19:59:20+00:00\",\"mainEntityOfPage\":{\"@id\":\"https:\/\/grupotorivac.com\/en\/privacy-policy\/\"},\"wordCount\":829,\"publisher\":{\"@id\":\"https:\/\/grupotorivac.com\/#organization\"},\"inLanguage\":\"en-US\"},{\"@type\":\"WebPage\",\"@id\":\"https:\/\/grupotorivac.com\/en\/privacy-policy\/\",\"url\":\"https:\/\/grupotorivac.com\/en\/privacy-policy\/\",\"name\":\"Privacy Policy - Torivac\",\"isPartOf\":{\"@id\":\"https:\/\/grupotorivac.com\/#website\"},\"datePublished\":\"2025-12-10T11:17:16+00:00\",\"dateModified\":\"2026-03-09T19:59:20+00:00\",\"description\":\"%\",\"breadcrumb\":{\"@id\":\"https:\/\/grupotorivac.com\/en\/privacy-policy\/#breadcrumb\"},\"inLanguage\":\"en-US\",\"potentialAction\":[{\"@type\":\"ReadAction\",\"target\":[\"https:\/\/grupotorivac.com\/en\/privacy-policy\/\"]}]},{\"@type\":\"BreadcrumbList\",\"@id\":\"https:\/\/grupotorivac.com\/en\/privacy-policy\/#breadcrumb\",\"itemListElement\":[{\"@type\":\"ListItem\",\"position\":1,\"name\":\"Portada\",\"item\":\"https:\/\/grupotorivac.com\/de\/\"},{\"@type\":\"ListItem\",\"position\":2,\"name\":\"Privacy Policy\"}]},{\"@type\":\"WebSite\",\"@id\":\"https:\/\/grupotorivac.com\/#website\",\"url\":\"https:\/\/grupotorivac.com\/\",\"name\":\"Torivac\",\"description\":\"Especializados en dise\u00f1o y fabricaci\u00f3n de variados de tensi\u00f3n\",\"publisher\":{\"@id\":\"https:\/\/grupotorivac.com\/#organization\"},\"alternateName\":\"Torivac S.L\",\"potentialAction\":[{\"@type\":\"SearchAction\",\"target\":{\"@type\":\"EntryPoint\",\"urlTemplate\":\"https:\/\/grupotorivac.com\/?s={search_term_string}\"},\"query-input\":{\"@type\":\"PropertyValueSpecification\",\"valueRequired\":true,\"valueName\":\"search_term_string\"}}],\"inLanguage\":\"en-US\"},{\"@type\":\"Organization\",\"@id\":\"https:\/\/grupotorivac.com\/#organization\",\"name\":\"Torivac\",\"alternateName\":\"Torivac S.L\",\"url\":\"https:\/\/grupotorivac.com\/\",\"logo\":{\"@type\":\"ImageObject\",\"inLanguage\":\"en-US\",\"@id\":\"https:\/\/grupotorivac.com\/#\/schema\/logo\/image\/\",\"url\":\"https:\/\/grupotorivac.com\/wp-content\/uploads\/2025\/02\/Diseno-sin-titulo-73.png\",\"contentUrl\":\"https:\/\/grupotorivac.com\/wp-content\/uploads\/2025\/02\/Diseno-sin-titulo-73.png\",\"width\":250,\"height\":250,\"caption\":\"Torivac\"},\"image\":{\"@id\":\"https:\/\/grupotorivac.com\/#\/schema\/logo\/image\/\"}},{\"@type\":\"Person\",\"@id\":\"https:\/\/grupotorivac.com\/#\/schema\/person\/66a7a9ac227ee4c0306e33ff34be3c24\",\"name\":\"Franco Santiso\",\"image\":{\"@type\":\"ImageObject\",\"inLanguage\":\"en-US\",\"@id\":\"https:\/\/secure.gravatar.com\/avatar\/3e691e40ad87da5eb1e273b36578b364bae76a43c3de9c1754bae6b45966b3f4?s=96&d=mm&r=g\",\"url\":\"https:\/\/secure.gravatar.com\/avatar\/3e691e40ad87da5eb1e273b36578b364bae76a43c3de9c1754bae6b45966b3f4?s=96&d=mm&r=g\",\"contentUrl\":\"https:\/\/secure.gravatar.com\/avatar\/3e691e40ad87da5eb1e273b36578b364bae76a43c3de9c1754bae6b45966b3f4?s=96&d=mm&r=g\",\"caption\":\"Franco Santiso\"},\"url\":\"https:\/\/grupotorivac.com\/en\/author\/francoadm\/\"}]}<\/script>\n<!-- \/ Yoast SEO plugin. -->","yoast_head_json":{"title":"Privacy Policy - Torivac","description":"%","robots":{"index":"index","follow":"follow","max-snippet":"max-snippet:-1","max-image-preview":"max-image-preview:large","max-video-preview":"max-video-preview:-1"},"canonical":"https:\/\/grupotorivac.com\/en\/privacy-policy\/","og_locale":"en_US","og_type":"article","og_title":"Privacy Policy - Torivac","og_description":"%","og_url":"https:\/\/grupotorivac.com\/en\/privacy-policy\/","og_site_name":"Torivac","article_modified_time":"2026-03-09T19:59:20+00:00","og_image":[{"width":250,"height":250,"url":"https:\/\/grupotorivac.com\/wp-content\/uploads\/2025\/02\/Diseno-sin-titulo-73.png","type":"image\/png"}],"twitter_card":"summary_large_image","twitter_misc":{"Est. reading time":"4 minutes"},"schema":{"@context":"https:\/\/schema.org","@graph":[{"@type":["Article","BlogPosting"],"@id":"https:\/\/grupotorivac.com\/en\/privacy-policy\/#article","isPartOf":{"@id":"https:\/\/grupotorivac.com\/en\/privacy-policy\/"},"author":{"name":"Franco Santiso","@id":"https:\/\/grupotorivac.com\/#\/schema\/person\/66a7a9ac227ee4c0306e33ff34be3c24"},"headline":"Privacy Policy","datePublished":"2025-12-10T11:17:16+00:00","dateModified":"2026-03-09T19:59:20+00:00","mainEntityOfPage":{"@id":"https:\/\/grupotorivac.com\/en\/privacy-policy\/"},"wordCount":829,"publisher":{"@id":"https:\/\/grupotorivac.com\/#organization"},"inLanguage":"en-US"},{"@type":"WebPage","@id":"https:\/\/grupotorivac.com\/en\/privacy-policy\/","url":"https:\/\/grupotorivac.com\/en\/privacy-policy\/","name":"Privacy Policy - Torivac","isPartOf":{"@id":"https:\/\/grupotorivac.com\/#website"},"datePublished":"2025-12-10T11:17:16+00:00","dateModified":"2026-03-09T19:59:20+00:00","description":"%","breadcrumb":{"@id":"https:\/\/grupotorivac.com\/en\/privacy-policy\/#breadcrumb"},"inLanguage":"en-US","potentialAction":[{"@type":"ReadAction","target":["https:\/\/grupotorivac.com\/en\/privacy-policy\/"]}]},{"@type":"BreadcrumbList","@id":"https:\/\/grupotorivac.com\/en\/privacy-policy\/#breadcrumb","itemListElement":[{"@type":"ListItem","position":1,"name":"Portada","item":"https:\/\/grupotorivac.com\/de\/"},{"@type":"ListItem","position":2,"name":"Privacy Policy"}]},{"@type":"WebSite","@id":"https:\/\/grupotorivac.com\/#website","url":"https:\/\/grupotorivac.com\/","name":"Torivac","description":"Especializados en dise\u00f1o y fabricaci\u00f3n de variados de tensi\u00f3n","publisher":{"@id":"https:\/\/grupotorivac.com\/#organization"},"alternateName":"Torivac S.L","potentialAction":[{"@type":"SearchAction","target":{"@type":"EntryPoint","urlTemplate":"https:\/\/grupotorivac.com\/?s={search_term_string}"},"query-input":{"@type":"PropertyValueSpecification","valueRequired":true,"valueName":"search_term_string"}}],"inLanguage":"en-US"},{"@type":"Organization","@id":"https:\/\/grupotorivac.com\/#organization","name":"Torivac","alternateName":"Torivac S.L","url":"https:\/\/grupotorivac.com\/","logo":{"@type":"ImageObject","inLanguage":"en-US","@id":"https:\/\/grupotorivac.com\/#\/schema\/logo\/image\/","url":"https:\/\/grupotorivac.com\/wp-content\/uploads\/2025\/02\/Diseno-sin-titulo-73.png","contentUrl":"https:\/\/grupotorivac.com\/wp-content\/uploads\/2025\/02\/Diseno-sin-titulo-73.png","width":250,"height":250,"caption":"Torivac"},"image":{"@id":"https:\/\/grupotorivac.com\/#\/schema\/logo\/image\/"}},{"@type":"Person","@id":"https:\/\/grupotorivac.com\/#\/schema\/person\/66a7a9ac227ee4c0306e33ff34be3c24","name":"Franco Santiso","image":{"@type":"ImageObject","inLanguage":"en-US","@id":"https:\/\/secure.gravatar.com\/avatar\/3e691e40ad87da5eb1e273b36578b364bae76a43c3de9c1754bae6b45966b3f4?s=96&d=mm&r=g","url":"https:\/\/secure.gravatar.com\/avatar\/3e691e40ad87da5eb1e273b36578b364bae76a43c3de9c1754bae6b45966b3f4?s=96&d=mm&r=g","contentUrl":"https:\/\/secure.gravatar.com\/avatar\/3e691e40ad87da5eb1e273b36578b364bae76a43c3de9c1754bae6b45966b3f4?s=96&d=mm&r=g","caption":"Franco Santiso"},"url":"https:\/\/grupotorivac.com\/en\/author\/francoadm\/"}]}},"_links":{"self":[{"href":"https:\/\/grupotorivac.com\/en\/wp-json\/wp\/v2\/pages\/15707","targetHints":{"allow":["GET"]}}],"collection":[{"href":"https:\/\/grupotorivac.com\/en\/wp-json\/wp\/v2\/pages"}],"about":[{"href":"https:\/\/grupotorivac.com\/en\/wp-json\/wp\/v2\/types\/page"}],"author":[{"embeddable":true,"href":"https:\/\/grupotorivac.com\/en\/wp-json\/wp\/v2\/users\/3"}],"replies":[{"embeddable":true,"href":"https:\/\/grupotorivac.com\/en\/wp-json\/wp\/v2\/comments?post=15707"}],"version-history":[{"count":1,"href":"https:\/\/grupotorivac.com\/en\/wp-json\/wp\/v2\/pages\/15707\/revisions"}],"predecessor-version":[{"id":15708,"href":"https:\/\/grupotorivac.com\/en\/wp-json\/wp\/v2\/pages\/15707\/revisions\/15708"}],"wp:attachment":[{"href":"https:\/\/grupotorivac.com\/en\/wp-json\/wp\/v2\/media?parent=15707"}],"curies":[{"name":"wp","href":"https:\/\/api.w.org\/{rel}","templated":true}]}}