{"id":15699,"date":"2025-12-10T11:26:43","date_gmt":"2025-12-10T11:26:43","guid":{"rendered":"https:\/\/grupotorivac.com\/declaracion-de-accesibilidad\/"},"modified":"2026-03-09T19:53:42","modified_gmt":"2026-03-09T19:53:42","slug":"declaracion-de-accesibilidad","status":"publish","type":"page","link":"https:\/\/grupotorivac.com\/en\/declaracion-de-accesibilidad\/","title":{"rendered":"Accessibility statement"},"content":{"rendered":"\t\t<div data-elementor-type=\"wp-page\" data-elementor-id=\"15699\" class=\"elementor elementor-15699 elementor-14774\" data-elementor-post-type=\"page\">\n\t\t\t\t<div class=\"elementor-element elementor-element-c3fab39 e-flex e-con-boxed e-con e-parent\" data-id=\"c3fab39\" data-element_type=\"container\" data-e-type=\"container\">\n\t\t\t\t\t<div class=\"e-con-inner\">\n\t\t\t\t<div class=\"elementor-element elementor-element-860a646 elementor-widget elementor-widget-heading\" data-id=\"860a646\" data-element_type=\"widget\" data-e-type=\"widget\" data-widget_type=\"heading.default\">\n\t\t\t\t<div class=\"elementor-widget-container\">\n\t\t\t\t\t<h2 class=\"elementor-heading-title elementor-size-default\">Accessibility statement<span><\/span><\/h2>\t\t\t\t<\/div>\n\t\t\t\t<\/div>\n\t\t\t\t<div class=\"elementor-element elementor-element-8688278 elementor-widget elementor-widget-text-editor\" data-id=\"8688278\" data-element_type=\"widget\" data-e-type=\"widget\" data-widget_type=\"text-editor.default\">\n\t\t\t\t<div class=\"elementor-widget-container\">\n\t\t\t\t\t\t\t\t\t<p>https:\/\/grupotorivac.com<br><b>COMPLIANCE SITUATION<br><\/b>Torivac Group (hereinafter also Website) is partially compliant with Royal Decree 1112\/2018, of September 7, due to the non-compliance of the aspects listed below.<\/p>\t\t\t\t\t\t\t\t<\/div>\n\t\t\t\t<\/div>\n\t\t\t\t<div class=\"elementor-element elementor-element-fd16cbf elementor-widget elementor-widget-text-editor\" data-id=\"fd16cbf\" data-element_type=\"widget\" data-e-type=\"widget\" data-widget_type=\"text-editor.default\">\n\t\t\t\t<div class=\"elementor-widget-container\">\n\t\t\t\t\t\t\t\t\t<p><strong>Content not accessible<\/strong><br>The content listed below is not accessible for the following reasons:<\/p><p>a. Non-compliance with RD 1112\/2018: Not applicable. Meets 100% of the web accessibility criteria. <br><span style=\"letter-spacing: 0px;\">b. Disproportionate burden: Not applicable. <br><\/span><span style=\"letter-spacing: 0px;\">c. Content does not fall within the scope of applicable law: <\/span><\/p><p>There may be PDF office automation files and other formats published prior to September 20, 2018 that do not fully meet all accessibility requirements. Although efforts have been made to ensure that most of them do. <br>There may be third party content that is not developed by or under the control of this Unit, such as images, interactive maps, videos, documents, players, etc.<br>There may be pre-recorded files published prior to September 20, 2018 that do not fully meet all accessibility requirements.<br>Parts or all of the website may be created with a CMS (WordPress, Shopify, PrestaShop, etc), so due to some update or change in the systems, not all generated or auto-generated content may comply with all accessibility regulations.<br>Preparation of this accessibility statement<\/p><p>The method used to prepare the statement was a self-assessment carried out by the company itself.<\/p>\t\t\t\t\t\t\t\t<\/div>\n\t\t\t\t<\/div>\n\t\t\t\t<div class=\"elementor-element elementor-element-d1def15 elementor-widget elementor-widget-text-editor\" data-id=\"d1def15\" data-element_type=\"widget\" data-e-type=\"widget\" data-widget_type=\"text-editor.default\">\n\t\t\t\t<div class=\"elementor-widget-container\">\n\t\t\t\t\t\t\t\t\t<p><strong>Remarks and contact details<\/strong><br>You can make communications on accessibility requirements (Article 10.2.a of Royal Decree 1112\/2018, of September 7) such as:<\/p><p>To report any possible non-compliance by this web site.<br>To transmit other difficulties in accessing the content.<br>To make any other consultation or suggestion for improvement related to the accessibility of the web site.<br>Through the following channels:<\/p><p style=\"font-style: normal; font-variant-ligatures: normal; font-variant-caps: normal; font-weight: 400; font-size: 15px; font-family: Archivo, Helvetica, Arial, sans-serif;\">Contact telephone: <span class=\"blanc-space ng-binding\">+34 93 312 01 61<br><\/span>Contact email: <span class=\"blanc-space ng-binding\">info@torivac.com<\/span><\/p><p>According to article 10.2.b of RD 1112\/2018, you can also submit:<\/p><p>A complaint regarding compliance with the requirements of RD 1112\/2018.<br>A request for accessible information relating to:<br>Content that is excluded from the scope of application of RD 1112\/2018 as established by Article 3, paragraph 4.<br>Content that is exempt from compliance with the accessibility requirements because it imposes a disproportionate burden.<br>In the Request for accessible information, the facts, reasons and request must be clearly specified in order to establish that it is a reasonable and legitimate request.<\/p><p>Communications will be received and processed by the company&#8217;s management, as the unit responsible for the contents of this website.<\/p>\t\t\t\t\t\t\t\t<\/div>\n\t\t\t\t<\/div>\n\t\t\t\t<div class=\"elementor-element elementor-element-ed04e58 elementor-widget elementor-widget-text-editor\" data-id=\"ed04e58\" data-element_type=\"widget\" data-e-type=\"widget\" data-widget_type=\"text-editor.default\">\n\t\t\t\t<div class=\"elementor-widget-container\">\n\t\t\t\t\t\t\t\t\t<p><strong>Optional content<\/strong><br>The currently visible version of this website is dated 08\/26\/2024 and on that date the current accessibility level was revised at that time.<\/p><p>As of said date, partial daily reviews of new or modified web content, both templates and final published pages and documents, are carried out on a daily basis in order to ensure compliance with the accessibility requirements of the UNE-EN 301549:2022 Standard, considering the exceptions of Royal Decree 1112\/2018, of September 7.<\/p><p>Among others, the following measures are adopted to facilitate accessibility:<\/p><p>Use of alternative text on images.<br>Links provide details of the function or destination of the hyperlink.<br>Use of W3C standards: XHTML 1.0, CSS 3.0, WAI AA.<\/p>\t\t\t\t\t\t\t\t<\/div>\n\t\t\t\t<\/div>\n\t\t\t\t<div class=\"elementor-element elementor-element-dd6a5fc elementor-widget elementor-widget-text-editor\" data-id=\"dd6a5fc\" data-element_type=\"widget\" data-e-type=\"widget\" data-widget_type=\"text-editor.default\">\n\t\t\t\t<div class=\"elementor-widget-container\">\n\t\t\t\t\t\t\t\t\t<p><strong>Compatibility<\/strong><br>The website:<\/p><p>has been designed adapting to the standards and regulations in force in relation to accessibility, complying with the priority 2 (AA) checkpoints defined in the Web Content Accessibility Guidelines specification (WCAG 2.1)<br>is optimized for the latest versions of Chrome, Edge, Firefox, Safari and Opera<br>is designed for proper viewing in any resolution and desktop, tablet or mobile device (responsive design)<br>has been made using HTML5 as markup language and CSS 3 style sheets for its design.<br>In addition, a continuous audit and revision of content is carried out to facilitate its interpretation and improve navigation through the web portal.<\/p><p>This Accessibility Statement document has been created using the free online web accessibility statement template generator on 08\/26\/2024.<\/p>\t\t\t\t\t\t\t\t<\/div>\n\t\t\t\t<\/div>\n\t\t\t\t\t<\/div>\n\t\t\t\t<\/div>\n\t\t\t\t<\/div>\n\t\t","protected":false},"excerpt":{"rendered":"<p>Accessibility statement https:\/\/grupotorivac.comCOMPLIANCE SITUATIONTorivac Group (hereinafter also Website) is partially compliant with Royal Decree 1112\/2018, of September 7, due to the non-compliance of the aspects listed<span class=\"excerpt-hellip\"> [\u2026]<\/span><\/p>\n","protected":false},"author":3,"featured_media":0,"parent":0,"menu_order":0,"comment_status":"closed","ping_status":"closed","template":"","meta":{"_acf_changed":false,"footnotes":""},"class_list":["post-15699","page","type-page","status-publish","hentry"],"acf":[],"yoast_head":"<!-- This site is optimized with the Yoast SEO plugin v27.2 - https:\/\/yoast.com\/product\/yoast-seo-wordpress\/ -->\n<title>Accessibility statement - Torivac<\/title>\n<meta name=\"description\" content=\"%\" \/>\n<meta name=\"robots\" content=\"index, follow, max-snippet:-1, max-image-preview:large, max-video-preview:-1\" \/>\n<link rel=\"canonical\" href=\"https:\/\/grupotorivac.com\/en\/declaracion-de-accesibilidad\/\" \/>\n<meta property=\"og:locale\" content=\"en_US\" \/>\n<meta property=\"og:type\" content=\"article\" \/>\n<meta property=\"og:title\" content=\"Accessibility statement - Torivac\" \/>\n<meta property=\"og:description\" content=\"%\" \/>\n<meta property=\"og:url\" content=\"https:\/\/grupotorivac.com\/en\/declaracion-de-accesibilidad\/\" \/>\n<meta property=\"og:site_name\" content=\"Torivac\" \/>\n<meta property=\"article:modified_time\" content=\"2026-03-09T19:53:42+00:00\" \/>\n<meta property=\"og:image\" content=\"https:\/\/grupotorivac.com\/wp-content\/uploads\/2025\/02\/Diseno-sin-titulo-73.png\" \/>\n\t<meta property=\"og:image:width\" content=\"250\" \/>\n\t<meta property=\"og:image:height\" content=\"250\" \/>\n\t<meta property=\"og:image:type\" content=\"image\/png\" \/>\n<meta name=\"twitter:card\" content=\"summary_large_image\" \/>\n<meta name=\"twitter:label1\" content=\"Est. reading time\" \/>\n\t<meta name=\"twitter:data1\" content=\"3 minutes\" \/>\n<script type=\"application\/ld+json\" class=\"yoast-schema-graph\">{\"@context\":\"https:\/\/schema.org\",\"@graph\":[{\"@type\":[\"Article\",\"BlogPosting\"],\"@id\":\"https:\/\/grupotorivac.com\/en\/declaracion-de-accesibilidad\/#article\",\"isPartOf\":{\"@id\":\"https:\/\/grupotorivac.com\/en\/declaracion-de-accesibilidad\/\"},\"author\":{\"name\":\"Franco Santiso\",\"@id\":\"https:\/\/grupotorivac.com\/#\/schema\/person\/66a7a9ac227ee4c0306e33ff34be3c24\"},\"headline\":\"Accessibility statement\",\"datePublished\":\"2025-12-10T11:26:43+00:00\",\"dateModified\":\"2026-03-09T19:53:42+00:00\",\"mainEntityOfPage\":{\"@id\":\"https:\/\/grupotorivac.com\/en\/declaracion-de-accesibilidad\/\"},\"wordCount\":606,\"publisher\":{\"@id\":\"https:\/\/grupotorivac.com\/#organization\"},\"inLanguage\":\"en-US\"},{\"@type\":\"WebPage\",\"@id\":\"https:\/\/grupotorivac.com\/en\/declaracion-de-accesibilidad\/\",\"url\":\"https:\/\/grupotorivac.com\/en\/declaracion-de-accesibilidad\/\",\"name\":\"Accessibility statement - Torivac\",\"isPartOf\":{\"@id\":\"https:\/\/grupotorivac.com\/#website\"},\"datePublished\":\"2025-12-10T11:26:43+00:00\",\"dateModified\":\"2026-03-09T19:53:42+00:00\",\"description\":\"%\",\"breadcrumb\":{\"@id\":\"https:\/\/grupotorivac.com\/en\/declaracion-de-accesibilidad\/#breadcrumb\"},\"inLanguage\":\"en-US\",\"potentialAction\":[{\"@type\":\"ReadAction\",\"target\":[\"https:\/\/grupotorivac.com\/en\/declaracion-de-accesibilidad\/\"]}]},{\"@type\":\"BreadcrumbList\",\"@id\":\"https:\/\/grupotorivac.com\/en\/declaracion-de-accesibilidad\/#breadcrumb\",\"itemListElement\":[{\"@type\":\"ListItem\",\"position\":1,\"name\":\"Portada\",\"item\":\"https:\/\/grupotorivac.com\/de\/\"},{\"@type\":\"ListItem\",\"position\":2,\"name\":\"Accessibility statement\"}]},{\"@type\":\"WebSite\",\"@id\":\"https:\/\/grupotorivac.com\/#website\",\"url\":\"https:\/\/grupotorivac.com\/\",\"name\":\"Torivac\",\"description\":\"Especializados en dise\u00f1o y fabricaci\u00f3n de variados de tensi\u00f3n\",\"publisher\":{\"@id\":\"https:\/\/grupotorivac.com\/#organization\"},\"alternateName\":\"Torivac S.L\",\"potentialAction\":[{\"@type\":\"SearchAction\",\"target\":{\"@type\":\"EntryPoint\",\"urlTemplate\":\"https:\/\/grupotorivac.com\/?s={search_term_string}\"},\"query-input\":{\"@type\":\"PropertyValueSpecification\",\"valueRequired\":true,\"valueName\":\"search_term_string\"}}],\"inLanguage\":\"en-US\"},{\"@type\":\"Organization\",\"@id\":\"https:\/\/grupotorivac.com\/#organization\",\"name\":\"Torivac\",\"alternateName\":\"Torivac S.L\",\"url\":\"https:\/\/grupotorivac.com\/\",\"logo\":{\"@type\":\"ImageObject\",\"inLanguage\":\"en-US\",\"@id\":\"https:\/\/grupotorivac.com\/#\/schema\/logo\/image\/\",\"url\":\"https:\/\/grupotorivac.com\/wp-content\/uploads\/2025\/02\/Diseno-sin-titulo-73.png\",\"contentUrl\":\"https:\/\/grupotorivac.com\/wp-content\/uploads\/2025\/02\/Diseno-sin-titulo-73.png\",\"width\":250,\"height\":250,\"caption\":\"Torivac\"},\"image\":{\"@id\":\"https:\/\/grupotorivac.com\/#\/schema\/logo\/image\/\"}},{\"@type\":\"Person\",\"@id\":\"https:\/\/grupotorivac.com\/#\/schema\/person\/66a7a9ac227ee4c0306e33ff34be3c24\",\"name\":\"Franco Santiso\",\"image\":{\"@type\":\"ImageObject\",\"inLanguage\":\"en-US\",\"@id\":\"https:\/\/secure.gravatar.com\/avatar\/3e691e40ad87da5eb1e273b36578b364bae76a43c3de9c1754bae6b45966b3f4?s=96&d=mm&r=g\",\"url\":\"https:\/\/secure.gravatar.com\/avatar\/3e691e40ad87da5eb1e273b36578b364bae76a43c3de9c1754bae6b45966b3f4?s=96&d=mm&r=g\",\"contentUrl\":\"https:\/\/secure.gravatar.com\/avatar\/3e691e40ad87da5eb1e273b36578b364bae76a43c3de9c1754bae6b45966b3f4?s=96&d=mm&r=g\",\"caption\":\"Franco Santiso\"},\"url\":\"https:\/\/grupotorivac.com\/en\/author\/francoadm\/\"}]}<\/script>\n<!-- \/ Yoast SEO plugin. -->","yoast_head_json":{"title":"Accessibility statement - Torivac","description":"%","robots":{"index":"index","follow":"follow","max-snippet":"max-snippet:-1","max-image-preview":"max-image-preview:large","max-video-preview":"max-video-preview:-1"},"canonical":"https:\/\/grupotorivac.com\/en\/declaracion-de-accesibilidad\/","og_locale":"en_US","og_type":"article","og_title":"Accessibility statement - Torivac","og_description":"%","og_url":"https:\/\/grupotorivac.com\/en\/declaracion-de-accesibilidad\/","og_site_name":"Torivac","article_modified_time":"2026-03-09T19:53:42+00:00","og_image":[{"width":250,"height":250,"url":"https:\/\/grupotorivac.com\/wp-content\/uploads\/2025\/02\/Diseno-sin-titulo-73.png","type":"image\/png"}],"twitter_card":"summary_large_image","twitter_misc":{"Est. reading time":"3 minutes"},"schema":{"@context":"https:\/\/schema.org","@graph":[{"@type":["Article","BlogPosting"],"@id":"https:\/\/grupotorivac.com\/en\/declaracion-de-accesibilidad\/#article","isPartOf":{"@id":"https:\/\/grupotorivac.com\/en\/declaracion-de-accesibilidad\/"},"author":{"name":"Franco Santiso","@id":"https:\/\/grupotorivac.com\/#\/schema\/person\/66a7a9ac227ee4c0306e33ff34be3c24"},"headline":"Accessibility statement","datePublished":"2025-12-10T11:26:43+00:00","dateModified":"2026-03-09T19:53:42+00:00","mainEntityOfPage":{"@id":"https:\/\/grupotorivac.com\/en\/declaracion-de-accesibilidad\/"},"wordCount":606,"publisher":{"@id":"https:\/\/grupotorivac.com\/#organization"},"inLanguage":"en-US"},{"@type":"WebPage","@id":"https:\/\/grupotorivac.com\/en\/declaracion-de-accesibilidad\/","url":"https:\/\/grupotorivac.com\/en\/declaracion-de-accesibilidad\/","name":"Accessibility statement - Torivac","isPartOf":{"@id":"https:\/\/grupotorivac.com\/#website"},"datePublished":"2025-12-10T11:26:43+00:00","dateModified":"2026-03-09T19:53:42+00:00","description":"%","breadcrumb":{"@id":"https:\/\/grupotorivac.com\/en\/declaracion-de-accesibilidad\/#breadcrumb"},"inLanguage":"en-US","potentialAction":[{"@type":"ReadAction","target":["https:\/\/grupotorivac.com\/en\/declaracion-de-accesibilidad\/"]}]},{"@type":"BreadcrumbList","@id":"https:\/\/grupotorivac.com\/en\/declaracion-de-accesibilidad\/#breadcrumb","itemListElement":[{"@type":"ListItem","position":1,"name":"Portada","item":"https:\/\/grupotorivac.com\/de\/"},{"@type":"ListItem","position":2,"name":"Accessibility statement"}]},{"@type":"WebSite","@id":"https:\/\/grupotorivac.com\/#website","url":"https:\/\/grupotorivac.com\/","name":"Torivac","description":"Especializados en dise\u00f1o y fabricaci\u00f3n de variados de tensi\u00f3n","publisher":{"@id":"https:\/\/grupotorivac.com\/#organization"},"alternateName":"Torivac S.L","potentialAction":[{"@type":"SearchAction","target":{"@type":"EntryPoint","urlTemplate":"https:\/\/grupotorivac.com\/?s={search_term_string}"},"query-input":{"@type":"PropertyValueSpecification","valueRequired":true,"valueName":"search_term_string"}}],"inLanguage":"en-US"},{"@type":"Organization","@id":"https:\/\/grupotorivac.com\/#organization","name":"Torivac","alternateName":"Torivac S.L","url":"https:\/\/grupotorivac.com\/","logo":{"@type":"ImageObject","inLanguage":"en-US","@id":"https:\/\/grupotorivac.com\/#\/schema\/logo\/image\/","url":"https:\/\/grupotorivac.com\/wp-content\/uploads\/2025\/02\/Diseno-sin-titulo-73.png","contentUrl":"https:\/\/grupotorivac.com\/wp-content\/uploads\/2025\/02\/Diseno-sin-titulo-73.png","width":250,"height":250,"caption":"Torivac"},"image":{"@id":"https:\/\/grupotorivac.com\/#\/schema\/logo\/image\/"}},{"@type":"Person","@id":"https:\/\/grupotorivac.com\/#\/schema\/person\/66a7a9ac227ee4c0306e33ff34be3c24","name":"Franco Santiso","image":{"@type":"ImageObject","inLanguage":"en-US","@id":"https:\/\/secure.gravatar.com\/avatar\/3e691e40ad87da5eb1e273b36578b364bae76a43c3de9c1754bae6b45966b3f4?s=96&d=mm&r=g","url":"https:\/\/secure.gravatar.com\/avatar\/3e691e40ad87da5eb1e273b36578b364bae76a43c3de9c1754bae6b45966b3f4?s=96&d=mm&r=g","contentUrl":"https:\/\/secure.gravatar.com\/avatar\/3e691e40ad87da5eb1e273b36578b364bae76a43c3de9c1754bae6b45966b3f4?s=96&d=mm&r=g","caption":"Franco Santiso"},"url":"https:\/\/grupotorivac.com\/en\/author\/francoadm\/"}]}},"_links":{"self":[{"href":"https:\/\/grupotorivac.com\/en\/wp-json\/wp\/v2\/pages\/15699","targetHints":{"allow":["GET"]}}],"collection":[{"href":"https:\/\/grupotorivac.com\/en\/wp-json\/wp\/v2\/pages"}],"about":[{"href":"https:\/\/grupotorivac.com\/en\/wp-json\/wp\/v2\/types\/page"}],"author":[{"embeddable":true,"href":"https:\/\/grupotorivac.com\/en\/wp-json\/wp\/v2\/users\/3"}],"replies":[{"embeddable":true,"href":"https:\/\/grupotorivac.com\/en\/wp-json\/wp\/v2\/comments?post=15699"}],"version-history":[{"count":1,"href":"https:\/\/grupotorivac.com\/en\/wp-json\/wp\/v2\/pages\/15699\/revisions"}],"predecessor-version":[{"id":15700,"href":"https:\/\/grupotorivac.com\/en\/wp-json\/wp\/v2\/pages\/15699\/revisions\/15700"}],"wp:attachment":[{"href":"https:\/\/grupotorivac.com\/en\/wp-json\/wp\/v2\/media?parent=15699"}],"curies":[{"name":"wp","href":"https:\/\/api.w.org\/{rel}","templated":true}]}}