{"id":16414,"date":"2024-11-12T09:06:48","date_gmt":"2024-11-12T09:06:48","guid":{"rendered":"https:\/\/grupotorivac.com\/product\/resistencias-de-frenado\/"},"modified":"2026-03-17T23:00:56","modified_gmt":"2026-03-17T23:00:56","slug":"bremswiderstaende","status":"publish","type":"product","link":"https:\/\/grupotorivac.com\/de\/product\/bremswiderstaende\/","title":{"rendered":"Bremswiderst\u00e4nde"},"content":{"rendered":"","protected":false},"excerpt":{"rendered":"<p><span data-sheets-root=\"1\">Bremswiderst\u00e4nde dienen dazu, die von einem Motor beim Abbremsen erzeugte Energie abzubauen, um \u00dcberspannungssch\u00e4den am Antrieb zu vermeiden und einen sicheren Halt zu gew\u00e4hrleisten.<\/span><\/p>\n<p>TORIVAC ist ein Hersteller verschiedener Arten von dynamischen Bremswiderst\u00e4nden, die eine kosteng\u00fcnstige und kompakte L\u00f6sung f\u00fcr die Bremssteuerung bieten, indem sie Energie effizient und effektiv absorbieren und ableiten. Ein Bremswiderstand hilft beim Abbremsen oder Anhalten eines Motors, indem er die vom abbremsenden Motor erzeugte \u00dcberspannung ableitet. <\/p>\n<p>Diese Widerst\u00e4nde k\u00f6nnen auch dazu beitragen, die Abnutzung der Bremskomponenten zu verringern, was die Lebensdauer der Ger\u00e4te verl\u00e4ngert, schnelleres Bremsen erm\u00f6glicht und das Risiko einer \u00dcberhitzung ausschlie\u00dft.<\/p>\n<p>&#8211; Geeignet f\u00fcr alle Anwendungen, die ein dynamisches Bremsen erfordern.<br \/>\n&#8211; Geeignet f\u00fcr Leistungen von 1W bis 100MW und Arbeitszyklen von 1% bis 100%.<br \/>\n&#8211; Geeignet f\u00fcr alle Arten von Frequenzumrichtern<\/p>\n<p>&#8211; Herstellung nach Kundenspezifikationen<\/p>\n<p>&#8211; Ein kleines Sortiment zu sehr g\u00fcnstigen Preisen.<\/p>\n<p>&#8211; Sie k\u00f6nnen in Luft (IP00) oder geschlossen (IP20 bis IP54) geliefert werden.<\/p>\n","protected":false},"featured_media":3296,"template":"","meta":{"_acf_changed":false},"product_brand":[],"product_cat":[692,478],"product_tag":[],"class_list":{"0":"post-16414","1":"product","2":"type-product","3":"status-publish","4":"has-post-thumbnail","6":"product_cat-remweerstanden","7":"product_cat-widerstande-lastbanke","9":"first","10":"instock","11":"product-type-simple"},"acf":[],"yoast_head":"<!-- This site is optimized with the Yoast SEO plugin v27.2 - https:\/\/yoast.com\/product\/yoast-seo-wordpress\/ -->\n<title>Bremswiderst\u00e4nde - Torivac<\/title>\n<meta name=\"robots\" content=\"index, follow, max-snippet:-1, max-image-preview:large, max-video-preview:-1\" \/>\n<link rel=\"canonical\" href=\"https:\/\/grupotorivac.com\/de\/product\/bremswiderstaende\/\" \/>\n<meta property=\"og:locale\" content=\"de_DE\" \/>\n<meta property=\"og:type\" content=\"article\" \/>\n<meta property=\"og:title\" content=\"Bremswiderst\u00e4nde - Torivac\" \/>\n<meta property=\"og:description\" content=\"Bremswiderst\u00e4nde dienen dazu, die von einem Motor beim Abbremsen erzeugte Energie abzubauen, um \u00dcberspannungssch\u00e4den am Antrieb zu vermeiden und einen sicheren Halt zu gew\u00e4hrleisten. TORIVAC ist ein Hersteller verschiedener Arten von dynamischen Bremswiderst\u00e4nden, die eine kosteng\u00fcnstige und kompakte L\u00f6sung f\u00fcr die Bremssteuerung bieten, indem sie Energie effizient und effektiv absorbieren und ableiten. Ein Bremswiderstand hilft beim Abbremsen oder Anhalten eines Motors, indem er die vom abbremsenden Motor erzeugte \u00dcberspannung ableitet.  Diese Widerst\u00e4nde k\u00f6nnen auch dazu beitragen, die Abnutzung der Bremskomponenten zu verringern, was die Lebensdauer der Ger\u00e4te verl\u00e4ngert, schnelleres Bremsen erm\u00f6glicht und das Risiko einer \u00dcberhitzung ausschlie\u00dft. - Geeignet f\u00fcr alle Anwendungen, die ein dynamisches Bremsen erfordern. - Geeignet f\u00fcr Leistungen von 1W bis 100MW und Arbeitszyklen von 1% bis 100%. - Geeignet f\u00fcr alle Arten von Frequenzumrichtern - Herstellung nach Kundenspezifikationen - Ein kleines Sortiment zu sehr g\u00fcnstigen Preisen. - Sie k\u00f6nnen in Luft (IP00) oder geschlossen (IP20 bis IP54) geliefert werden.\" \/>\n<meta property=\"og:url\" content=\"https:\/\/grupotorivac.com\/de\/product\/bremswiderstaende\/\" \/>\n<meta property=\"og:site_name\" content=\"Torivac\" \/>\n<meta property=\"article:modified_time\" content=\"2026-03-17T23:00:56+00:00\" \/>\n<meta property=\"og:image\" content=\"https:\/\/grupotorivac.com\/wp-content\/uploads\/2023\/05\/resistencia.jpg\" \/>\n\t<meta property=\"og:image:width\" content=\"800\" \/>\n\t<meta property=\"og:image:height\" content=\"800\" \/>\n\t<meta property=\"og:image:type\" content=\"image\/jpeg\" \/>\n<meta name=\"twitter:card\" content=\"summary_large_image\" \/>\n<script type=\"application\/ld+json\" class=\"yoast-schema-graph\">{\"@context\":\"https:\/\/schema.org\",\"@graph\":[{\"@type\":\"WebPage\",\"@id\":\"https:\/\/grupotorivac.com\/de\/product\/bremswiderstaende\/\",\"url\":\"https:\/\/grupotorivac.com\/de\/product\/bremswiderstaende\/\",\"name\":\"Bremswiderst\u00e4nde - Torivac\",\"isPartOf\":{\"@id\":\"https:\/\/grupotorivac.com\/#website\"},\"primaryImageOfPage\":{\"@id\":\"https:\/\/grupotorivac.com\/de\/product\/bremswiderstaende\/#primaryimage\"},\"image\":{\"@id\":\"https:\/\/grupotorivac.com\/de\/product\/bremswiderstaende\/#primaryimage\"},\"thumbnailUrl\":\"https:\/\/grupotorivac.com\/wp-content\/uploads\/2023\/05\/resistencia.jpg\",\"datePublished\":\"2024-11-12T09:06:48+00:00\",\"dateModified\":\"2026-03-17T23:00:56+00:00\",\"breadcrumb\":{\"@id\":\"https:\/\/grupotorivac.com\/de\/product\/bremswiderstaende\/#breadcrumb\"},\"inLanguage\":\"de\",\"potentialAction\":[{\"@type\":\"ReadAction\",\"target\":[\"https:\/\/grupotorivac.com\/de\/product\/bremswiderstaende\/\"]}]},{\"@type\":\"ImageObject\",\"inLanguage\":\"de\",\"@id\":\"https:\/\/grupotorivac.com\/de\/product\/bremswiderstaende\/#primaryimage\",\"url\":\"https:\/\/grupotorivac.com\/wp-content\/uploads\/2023\/05\/resistencia.jpg\",\"contentUrl\":\"https:\/\/grupotorivac.com\/wp-content\/uploads\/2023\/05\/resistencia.jpg\",\"width\":800,\"height\":800,\"caption\":\"resistencias de frenado\"},{\"@type\":\"BreadcrumbList\",\"@id\":\"https:\/\/grupotorivac.com\/de\/product\/bremswiderstaende\/#breadcrumb\",\"itemListElement\":[{\"@type\":\"ListItem\",\"position\":1,\"name\":\"Portada\",\"item\":\"https:\/\/grupotorivac.com\/de\/\"},{\"@type\":\"ListItem\",\"position\":2,\"name\":\"Products\",\"item\":\"https:\/\/grupotorivac.com\/en\/shop\/\"},{\"@type\":\"ListItem\",\"position\":3,\"name\":\"Bremswiderst\u00e4nde\"}]},{\"@type\":\"WebSite\",\"@id\":\"https:\/\/grupotorivac.com\/#website\",\"url\":\"https:\/\/grupotorivac.com\/\",\"name\":\"Torivac\",\"description\":\"Especializados en dise\u00f1o y fabricaci\u00f3n de variados de tensi\u00f3n\",\"publisher\":{\"@id\":\"https:\/\/grupotorivac.com\/#organization\"},\"alternateName\":\"Torivac S.L\",\"potentialAction\":[{\"@type\":\"SearchAction\",\"target\":{\"@type\":\"EntryPoint\",\"urlTemplate\":\"https:\/\/grupotorivac.com\/?s={search_term_string}\"},\"query-input\":{\"@type\":\"PropertyValueSpecification\",\"valueRequired\":true,\"valueName\":\"search_term_string\"}}],\"inLanguage\":\"de\"},{\"@type\":\"Organization\",\"@id\":\"https:\/\/grupotorivac.com\/#organization\",\"name\":\"Torivac\",\"alternateName\":\"Torivac S.L\",\"url\":\"https:\/\/grupotorivac.com\/\",\"logo\":{\"@type\":\"ImageObject\",\"inLanguage\":\"de\",\"@id\":\"https:\/\/grupotorivac.com\/#\/schema\/logo\/image\/\",\"url\":\"https:\/\/grupotorivac.com\/wp-content\/uploads\/2025\/02\/Diseno-sin-titulo-73.png\",\"contentUrl\":\"https:\/\/grupotorivac.com\/wp-content\/uploads\/2025\/02\/Diseno-sin-titulo-73.png\",\"width\":250,\"height\":250,\"caption\":\"Torivac\"},\"image\":{\"@id\":\"https:\/\/grupotorivac.com\/#\/schema\/logo\/image\/\"}}]}<\/script>\n<!-- \/ Yoast SEO plugin. -->","yoast_head_json":{"title":"Bremswiderst\u00e4nde - Torivac","robots":{"index":"index","follow":"follow","max-snippet":"max-snippet:-1","max-image-preview":"max-image-preview:large","max-video-preview":"max-video-preview:-1"},"canonical":"https:\/\/grupotorivac.com\/de\/product\/bremswiderstaende\/","og_locale":"de_DE","og_type":"article","og_title":"Bremswiderst\u00e4nde - Torivac","og_description":"Bremswiderst\u00e4nde dienen dazu, die von einem Motor beim Abbremsen erzeugte Energie abzubauen, um \u00dcberspannungssch\u00e4den am Antrieb zu vermeiden und einen sicheren Halt zu gew\u00e4hrleisten. TORIVAC ist ein Hersteller verschiedener Arten von dynamischen Bremswiderst\u00e4nden, die eine kosteng\u00fcnstige und kompakte L\u00f6sung f\u00fcr die Bremssteuerung bieten, indem sie Energie effizient und effektiv absorbieren und ableiten. Ein Bremswiderstand hilft beim Abbremsen oder Anhalten eines Motors, indem er die vom abbremsenden Motor erzeugte \u00dcberspannung ableitet.  Diese Widerst\u00e4nde k\u00f6nnen auch dazu beitragen, die Abnutzung der Bremskomponenten zu verringern, was die Lebensdauer der Ger\u00e4te verl\u00e4ngert, schnelleres Bremsen erm\u00f6glicht und das Risiko einer \u00dcberhitzung ausschlie\u00dft. - Geeignet f\u00fcr alle Anwendungen, die ein dynamisches Bremsen erfordern. - Geeignet f\u00fcr Leistungen von 1W bis 100MW und Arbeitszyklen von 1% bis 100%. - Geeignet f\u00fcr alle Arten von Frequenzumrichtern - Herstellung nach Kundenspezifikationen - Ein kleines Sortiment zu sehr g\u00fcnstigen Preisen. - Sie k\u00f6nnen in Luft (IP00) oder geschlossen (IP20 bis IP54) geliefert werden.","og_url":"https:\/\/grupotorivac.com\/de\/product\/bremswiderstaende\/","og_site_name":"Torivac","article_modified_time":"2026-03-17T23:00:56+00:00","og_image":[{"width":800,"height":800,"url":"https:\/\/grupotorivac.com\/wp-content\/uploads\/2023\/05\/resistencia.jpg","type":"image\/jpeg"}],"twitter_card":"summary_large_image","schema":{"@context":"https:\/\/schema.org","@graph":[{"@type":"WebPage","@id":"https:\/\/grupotorivac.com\/de\/product\/bremswiderstaende\/","url":"https:\/\/grupotorivac.com\/de\/product\/bremswiderstaende\/","name":"Bremswiderst\u00e4nde - Torivac","isPartOf":{"@id":"https:\/\/grupotorivac.com\/#website"},"primaryImageOfPage":{"@id":"https:\/\/grupotorivac.com\/de\/product\/bremswiderstaende\/#primaryimage"},"image":{"@id":"https:\/\/grupotorivac.com\/de\/product\/bremswiderstaende\/#primaryimage"},"thumbnailUrl":"https:\/\/grupotorivac.com\/wp-content\/uploads\/2023\/05\/resistencia.jpg","datePublished":"2024-11-12T09:06:48+00:00","dateModified":"2026-03-17T23:00:56+00:00","breadcrumb":{"@id":"https:\/\/grupotorivac.com\/de\/product\/bremswiderstaende\/#breadcrumb"},"inLanguage":"de","potentialAction":[{"@type":"ReadAction","target":["https:\/\/grupotorivac.com\/de\/product\/bremswiderstaende\/"]}]},{"@type":"ImageObject","inLanguage":"de","@id":"https:\/\/grupotorivac.com\/de\/product\/bremswiderstaende\/#primaryimage","url":"https:\/\/grupotorivac.com\/wp-content\/uploads\/2023\/05\/resistencia.jpg","contentUrl":"https:\/\/grupotorivac.com\/wp-content\/uploads\/2023\/05\/resistencia.jpg","width":800,"height":800,"caption":"resistencias de frenado"},{"@type":"BreadcrumbList","@id":"https:\/\/grupotorivac.com\/de\/product\/bremswiderstaende\/#breadcrumb","itemListElement":[{"@type":"ListItem","position":1,"name":"Portada","item":"https:\/\/grupotorivac.com\/de\/"},{"@type":"ListItem","position":2,"name":"Products","item":"https:\/\/grupotorivac.com\/en\/shop\/"},{"@type":"ListItem","position":3,"name":"Bremswiderst\u00e4nde"}]},{"@type":"WebSite","@id":"https:\/\/grupotorivac.com\/#website","url":"https:\/\/grupotorivac.com\/","name":"Torivac","description":"Especializados en dise\u00f1o y fabricaci\u00f3n de variados de tensi\u00f3n","publisher":{"@id":"https:\/\/grupotorivac.com\/#organization"},"alternateName":"Torivac S.L","potentialAction":[{"@type":"SearchAction","target":{"@type":"EntryPoint","urlTemplate":"https:\/\/grupotorivac.com\/?s={search_term_string}"},"query-input":{"@type":"PropertyValueSpecification","valueRequired":true,"valueName":"search_term_string"}}],"inLanguage":"de"},{"@type":"Organization","@id":"https:\/\/grupotorivac.com\/#organization","name":"Torivac","alternateName":"Torivac S.L","url":"https:\/\/grupotorivac.com\/","logo":{"@type":"ImageObject","inLanguage":"de","@id":"https:\/\/grupotorivac.com\/#\/schema\/logo\/image\/","url":"https:\/\/grupotorivac.com\/wp-content\/uploads\/2025\/02\/Diseno-sin-titulo-73.png","contentUrl":"https:\/\/grupotorivac.com\/wp-content\/uploads\/2025\/02\/Diseno-sin-titulo-73.png","width":250,"height":250,"caption":"Torivac"},"image":{"@id":"https:\/\/grupotorivac.com\/#\/schema\/logo\/image\/"}}]}},"_links":{"self":[{"href":"https:\/\/grupotorivac.com\/de\/wp-json\/wp\/v2\/product\/16414","targetHints":{"allow":["GET"]}}],"collection":[{"href":"https:\/\/grupotorivac.com\/de\/wp-json\/wp\/v2\/product"}],"about":[{"href":"https:\/\/grupotorivac.com\/de\/wp-json\/wp\/v2\/types\/product"}],"wp:featuredmedia":[{"embeddable":true,"href":"https:\/\/grupotorivac.com\/de\/wp-json\/wp\/v2\/media\/3296"}],"wp:attachment":[{"href":"https:\/\/grupotorivac.com\/de\/wp-json\/wp\/v2\/media?parent=16414"}],"wp:term":[{"taxonomy":"product_brand","embeddable":true,"href":"https:\/\/grupotorivac.com\/de\/wp-json\/wp\/v2\/product_brand?post=16414"},{"taxonomy":"product_cat","embeddable":true,"href":"https:\/\/grupotorivac.com\/de\/wp-json\/wp\/v2\/product_cat?post=16414"},{"taxonomy":"product_tag","embeddable":true,"href":"https:\/\/grupotorivac.com\/de\/wp-json\/wp\/v2\/product_tag?post=16414"}],"curies":[{"name":"wp","href":"https:\/\/api.w.org\/{rel}","templated":true}]}}