{"id":16379,"date":"2022-06-06T12:49:57","date_gmt":"2022-06-06T12:49:57","guid":{"rendered":"https:\/\/grupotorivac.com\/product\/botones-de-mando-serie-bo-brillante-2\/"},"modified":"2026-03-17T22:00:22","modified_gmt":"2026-03-17T22:00:22","slug":"bedientasten-der-bo-serie-glaenzend","status":"publish","type":"product","link":"https:\/\/grupotorivac.com\/de\/product\/bedientasten-der-bo-serie-glaenzend\/","title":{"rendered":"Bedientasten der BO-Serie (gl\u00e4nzend)"},"content":{"rendered":"","protected":false},"excerpt":{"rendered":"<p>Diese Serie verwendet das System der Zentralbefestigung ohne Schrauben, das eine hohe Anzugskraft (8-20 kp\/cm) erm\u00f6glicht. Der K\u00f6rper ist aus Polyamid 6 gespritzt und die Klemme und die eingesetzte Buchse sind aus Messing. <\/p>\n<p>Die Familie besteht aus f\u00fcnf verschiedenen Gr\u00f6\u00dfen f\u00fcr unterschiedliche Wellendurchmesser.<\/p>\n<p>Standardfarben des Geh\u00e4uses: Schwarz und Grau. Andere auf Anfrage. <\/p>\n<p>Sie werden durch eine gro\u00dfe Auswahl an Abdeckungen und Zubeh\u00f6r in verschiedenen Farben erg\u00e4nzt, um jede Anwendung individuell zu gestalten. Bitte geben Sie bei der Bestellung das Modell, den Schaftdurchmesser und die Farbe an. <\/p>\n<p><a class=\"button button_size_2 button_dark\" href=\"https:\/\/grupotorivac.com\/wp-content\/uploads\/2023\/02\/BOTONES-DE-MANDO.pdf\" target=\"_blank\" rel=\"noopener\"><span class=\"button_label\"><strong>Siehe technisches Datenblatt<\/strong><\/span><\/a><\/p>\n","protected":false},"featured_media":933,"template":"","meta":{"_acf_changed":false},"product_brand":[],"product_cat":[666],"product_tag":[],"class_list":{"0":"post-16379","1":"product","2":"type-product","3":"status-publish","4":"has-post-thumbnail","6":"product_cat-bo-serie-bedieningsknoppen-glanzend","8":"first","9":"instock","10":"product-type-simple"},"acf":[],"yoast_head":"<!-- This site is optimized with the Yoast SEO plugin v27.2 - https:\/\/yoast.com\/product\/yoast-seo-wordpress\/ -->\n<title>Bedientasten der BO-Serie (gl\u00e4nzend) - Torivac<\/title>\n<meta name=\"robots\" content=\"index, follow, max-snippet:-1, max-image-preview:large, max-video-preview:-1\" \/>\n<link rel=\"canonical\" href=\"https:\/\/grupotorivac.com\/de\/product\/bedientasten-der-bo-serie-glaenzend\/\" \/>\n<meta property=\"og:locale\" content=\"de_DE\" \/>\n<meta property=\"og:type\" content=\"article\" \/>\n<meta property=\"og:title\" content=\"Bedientasten der BO-Serie (gl\u00e4nzend) - Torivac\" \/>\n<meta property=\"og:description\" content=\"Diese Serie verwendet das System der Zentralbefestigung ohne Schrauben, das eine hohe Anzugskraft (8-20 kp\/cm) erm\u00f6glicht. Der K\u00f6rper ist aus Polyamid 6 gespritzt und die Klemme und die eingesetzte Buchse sind aus Messing.  Die Familie besteht aus f\u00fcnf verschiedenen Gr\u00f6\u00dfen f\u00fcr unterschiedliche Wellendurchmesser. Standardfarben des Geh\u00e4uses: Schwarz und Grau. Andere auf Anfrage.  Sie werden durch eine gro\u00dfe Auswahl an Abdeckungen und Zubeh\u00f6r in verschiedenen Farben erg\u00e4nzt, um jede Anwendung individuell zu gestalten. Bitte geben Sie bei der Bestellung das Modell, den Schaftdurchmesser und die Farbe an.  Siehe technisches Datenblatt\" \/>\n<meta property=\"og:url\" content=\"https:\/\/grupotorivac.com\/de\/product\/bedientasten-der-bo-serie-glaenzend\/\" \/>\n<meta property=\"og:site_name\" content=\"Torivac\" \/>\n<meta property=\"article:modified_time\" content=\"2026-03-17T22:00:22+00:00\" \/>\n<meta property=\"og:image\" content=\"https:\/\/grupotorivac.com\/wp-content\/uploads\/2022\/06\/boton-serie-bo-torivac-600x600-2.jpg\" \/>\n\t<meta property=\"og:image:width\" content=\"600\" \/>\n\t<meta property=\"og:image:height\" content=\"600\" \/>\n\t<meta property=\"og:image:type\" content=\"image\/png\" \/>\n<meta name=\"twitter:card\" content=\"summary_large_image\" \/>\n<script type=\"application\/ld+json\" class=\"yoast-schema-graph\">{\"@context\":\"https:\/\/schema.org\",\"@graph\":[{\"@type\":\"WebPage\",\"@id\":\"https:\/\/grupotorivac.com\/de\/product\/bedientasten-der-bo-serie-glaenzend\/\",\"url\":\"https:\/\/grupotorivac.com\/de\/product\/bedientasten-der-bo-serie-glaenzend\/\",\"name\":\"Bedientasten der BO-Serie (gl\u00e4nzend) - Torivac\",\"isPartOf\":{\"@id\":\"https:\/\/grupotorivac.com\/#website\"},\"primaryImageOfPage\":{\"@id\":\"https:\/\/grupotorivac.com\/de\/product\/bedientasten-der-bo-serie-glaenzend\/#primaryimage\"},\"image\":{\"@id\":\"https:\/\/grupotorivac.com\/de\/product\/bedientasten-der-bo-serie-glaenzend\/#primaryimage\"},\"thumbnailUrl\":\"https:\/\/grupotorivac.com\/wp-content\/uploads\/2022\/06\/boton-serie-bo-torivac-600x600-2.jpg\",\"datePublished\":\"2022-06-06T12:49:57+00:00\",\"dateModified\":\"2026-03-17T22:00:22+00:00\",\"breadcrumb\":{\"@id\":\"https:\/\/grupotorivac.com\/de\/product\/bedientasten-der-bo-serie-glaenzend\/#breadcrumb\"},\"inLanguage\":\"de\",\"potentialAction\":[{\"@type\":\"ReadAction\",\"target\":[\"https:\/\/grupotorivac.com\/de\/product\/bedientasten-der-bo-serie-glaenzend\/\"]}]},{\"@type\":\"ImageObject\",\"inLanguage\":\"de\",\"@id\":\"https:\/\/grupotorivac.com\/de\/product\/bedientasten-der-bo-serie-glaenzend\/#primaryimage\",\"url\":\"https:\/\/grupotorivac.com\/wp-content\/uploads\/2022\/06\/boton-serie-bo-torivac-600x600-2.jpg\",\"contentUrl\":\"https:\/\/grupotorivac.com\/wp-content\/uploads\/2022\/06\/boton-serie-bo-torivac-600x600-2.jpg\",\"width\":600,\"height\":600},{\"@type\":\"BreadcrumbList\",\"@id\":\"https:\/\/grupotorivac.com\/de\/product\/bedientasten-der-bo-serie-glaenzend\/#breadcrumb\",\"itemListElement\":[{\"@type\":\"ListItem\",\"position\":1,\"name\":\"Portada\",\"item\":\"https:\/\/grupotorivac.com\/de\/\"},{\"@type\":\"ListItem\",\"position\":2,\"name\":\"Products\",\"item\":\"https:\/\/grupotorivac.com\/en\/shop\/\"},{\"@type\":\"ListItem\",\"position\":3,\"name\":\"Bedientasten der BO-Serie (gl\u00e4nzend)\"}]},{\"@type\":\"WebSite\",\"@id\":\"https:\/\/grupotorivac.com\/#website\",\"url\":\"https:\/\/grupotorivac.com\/\",\"name\":\"Torivac\",\"description\":\"Especializados en dise\u00f1o y fabricaci\u00f3n de variados de tensi\u00f3n\",\"publisher\":{\"@id\":\"https:\/\/grupotorivac.com\/#organization\"},\"alternateName\":\"Torivac S.L\",\"potentialAction\":[{\"@type\":\"SearchAction\",\"target\":{\"@type\":\"EntryPoint\",\"urlTemplate\":\"https:\/\/grupotorivac.com\/?s={search_term_string}\"},\"query-input\":{\"@type\":\"PropertyValueSpecification\",\"valueRequired\":true,\"valueName\":\"search_term_string\"}}],\"inLanguage\":\"de\"},{\"@type\":\"Organization\",\"@id\":\"https:\/\/grupotorivac.com\/#organization\",\"name\":\"Torivac\",\"alternateName\":\"Torivac S.L\",\"url\":\"https:\/\/grupotorivac.com\/\",\"logo\":{\"@type\":\"ImageObject\",\"inLanguage\":\"de\",\"@id\":\"https:\/\/grupotorivac.com\/#\/schema\/logo\/image\/\",\"url\":\"https:\/\/grupotorivac.com\/wp-content\/uploads\/2025\/02\/Diseno-sin-titulo-73.png\",\"contentUrl\":\"https:\/\/grupotorivac.com\/wp-content\/uploads\/2025\/02\/Diseno-sin-titulo-73.png\",\"width\":250,\"height\":250,\"caption\":\"Torivac\"},\"image\":{\"@id\":\"https:\/\/grupotorivac.com\/#\/schema\/logo\/image\/\"}}]}<\/script>\n<!-- \/ Yoast SEO plugin. -->","yoast_head_json":{"title":"Bedientasten der BO-Serie (gl\u00e4nzend) - Torivac","robots":{"index":"index","follow":"follow","max-snippet":"max-snippet:-1","max-image-preview":"max-image-preview:large","max-video-preview":"max-video-preview:-1"},"canonical":"https:\/\/grupotorivac.com\/de\/product\/bedientasten-der-bo-serie-glaenzend\/","og_locale":"de_DE","og_type":"article","og_title":"Bedientasten der BO-Serie (gl\u00e4nzend) - Torivac","og_description":"Diese Serie verwendet das System der Zentralbefestigung ohne Schrauben, das eine hohe Anzugskraft (8-20 kp\/cm) erm\u00f6glicht. Der K\u00f6rper ist aus Polyamid 6 gespritzt und die Klemme und die eingesetzte Buchse sind aus Messing.  Die Familie besteht aus f\u00fcnf verschiedenen Gr\u00f6\u00dfen f\u00fcr unterschiedliche Wellendurchmesser. Standardfarben des Geh\u00e4uses: Schwarz und Grau. Andere auf Anfrage.  Sie werden durch eine gro\u00dfe Auswahl an Abdeckungen und Zubeh\u00f6r in verschiedenen Farben erg\u00e4nzt, um jede Anwendung individuell zu gestalten. Bitte geben Sie bei der Bestellung das Modell, den Schaftdurchmesser und die Farbe an.  Siehe technisches Datenblatt","og_url":"https:\/\/grupotorivac.com\/de\/product\/bedientasten-der-bo-serie-glaenzend\/","og_site_name":"Torivac","article_modified_time":"2026-03-17T22:00:22+00:00","og_image":[{"width":600,"height":600,"url":"https:\/\/grupotorivac.com\/wp-content\/uploads\/2022\/06\/boton-serie-bo-torivac-600x600-2.jpg","type":"image\/png"}],"twitter_card":"summary_large_image","schema":{"@context":"https:\/\/schema.org","@graph":[{"@type":"WebPage","@id":"https:\/\/grupotorivac.com\/de\/product\/bedientasten-der-bo-serie-glaenzend\/","url":"https:\/\/grupotorivac.com\/de\/product\/bedientasten-der-bo-serie-glaenzend\/","name":"Bedientasten der BO-Serie (gl\u00e4nzend) - Torivac","isPartOf":{"@id":"https:\/\/grupotorivac.com\/#website"},"primaryImageOfPage":{"@id":"https:\/\/grupotorivac.com\/de\/product\/bedientasten-der-bo-serie-glaenzend\/#primaryimage"},"image":{"@id":"https:\/\/grupotorivac.com\/de\/product\/bedientasten-der-bo-serie-glaenzend\/#primaryimage"},"thumbnailUrl":"https:\/\/grupotorivac.com\/wp-content\/uploads\/2022\/06\/boton-serie-bo-torivac-600x600-2.jpg","datePublished":"2022-06-06T12:49:57+00:00","dateModified":"2026-03-17T22:00:22+00:00","breadcrumb":{"@id":"https:\/\/grupotorivac.com\/de\/product\/bedientasten-der-bo-serie-glaenzend\/#breadcrumb"},"inLanguage":"de","potentialAction":[{"@type":"ReadAction","target":["https:\/\/grupotorivac.com\/de\/product\/bedientasten-der-bo-serie-glaenzend\/"]}]},{"@type":"ImageObject","inLanguage":"de","@id":"https:\/\/grupotorivac.com\/de\/product\/bedientasten-der-bo-serie-glaenzend\/#primaryimage","url":"https:\/\/grupotorivac.com\/wp-content\/uploads\/2022\/06\/boton-serie-bo-torivac-600x600-2.jpg","contentUrl":"https:\/\/grupotorivac.com\/wp-content\/uploads\/2022\/06\/boton-serie-bo-torivac-600x600-2.jpg","width":600,"height":600},{"@type":"BreadcrumbList","@id":"https:\/\/grupotorivac.com\/de\/product\/bedientasten-der-bo-serie-glaenzend\/#breadcrumb","itemListElement":[{"@type":"ListItem","position":1,"name":"Portada","item":"https:\/\/grupotorivac.com\/de\/"},{"@type":"ListItem","position":2,"name":"Products","item":"https:\/\/grupotorivac.com\/en\/shop\/"},{"@type":"ListItem","position":3,"name":"Bedientasten der BO-Serie (gl\u00e4nzend)"}]},{"@type":"WebSite","@id":"https:\/\/grupotorivac.com\/#website","url":"https:\/\/grupotorivac.com\/","name":"Torivac","description":"Especializados en dise\u00f1o y fabricaci\u00f3n de variados de tensi\u00f3n","publisher":{"@id":"https:\/\/grupotorivac.com\/#organization"},"alternateName":"Torivac S.L","potentialAction":[{"@type":"SearchAction","target":{"@type":"EntryPoint","urlTemplate":"https:\/\/grupotorivac.com\/?s={search_term_string}"},"query-input":{"@type":"PropertyValueSpecification","valueRequired":true,"valueName":"search_term_string"}}],"inLanguage":"de"},{"@type":"Organization","@id":"https:\/\/grupotorivac.com\/#organization","name":"Torivac","alternateName":"Torivac S.L","url":"https:\/\/grupotorivac.com\/","logo":{"@type":"ImageObject","inLanguage":"de","@id":"https:\/\/grupotorivac.com\/#\/schema\/logo\/image\/","url":"https:\/\/grupotorivac.com\/wp-content\/uploads\/2025\/02\/Diseno-sin-titulo-73.png","contentUrl":"https:\/\/grupotorivac.com\/wp-content\/uploads\/2025\/02\/Diseno-sin-titulo-73.png","width":250,"height":250,"caption":"Torivac"},"image":{"@id":"https:\/\/grupotorivac.com\/#\/schema\/logo\/image\/"}}]}},"_links":{"self":[{"href":"https:\/\/grupotorivac.com\/de\/wp-json\/wp\/v2\/product\/16379","targetHints":{"allow":["GET"]}}],"collection":[{"href":"https:\/\/grupotorivac.com\/de\/wp-json\/wp\/v2\/product"}],"about":[{"href":"https:\/\/grupotorivac.com\/de\/wp-json\/wp\/v2\/types\/product"}],"wp:featuredmedia":[{"embeddable":true,"href":"https:\/\/grupotorivac.com\/de\/wp-json\/wp\/v2\/media\/933"}],"wp:attachment":[{"href":"https:\/\/grupotorivac.com\/de\/wp-json\/wp\/v2\/media?parent=16379"}],"wp:term":[{"taxonomy":"product_brand","embeddable":true,"href":"https:\/\/grupotorivac.com\/de\/wp-json\/wp\/v2\/product_brand?post=16379"},{"taxonomy":"product_cat","embeddable":true,"href":"https:\/\/grupotorivac.com\/de\/wp-json\/wp\/v2\/product_cat?post=16379"},{"taxonomy":"product_tag","embeddable":true,"href":"https:\/\/grupotorivac.com\/de\/wp-json\/wp\/v2\/product_tag?post=16379"}],"curies":[{"name":"wp","href":"https:\/\/api.w.org\/{rel}","templated":true}]}}