{"id":16376,"date":"2022-06-06T12:49:57","date_gmt":"2022-06-06T12:49:57","guid":{"rendered":"https:\/\/grupotorivac.com\/product\/botones-de-mando-serie-bm-mate-2\/"},"modified":"2026-03-17T22:00:20","modified_gmt":"2026-03-17T22:00:20","slug":"steuertasten-der-bm-serie-matt","status":"publish","type":"product","link":"https:\/\/grupotorivac.com\/de\/product\/steuertasten-der-bm-serie-matt\/","title":{"rendered":"Steuertasten der BM-Serie (Matt)"},"content":{"rendered":"<div style=\"display: flex;\">\n<div style=\"width: 70%;\"><a href=\"https:\/\/grupotorivac.com\/wp-content\/uploads\/2022\/06\/boton_02.jpg\"><img fetchpriority=\"high\" decoding=\"async\" class=\"alignright wp-image-14487 size-full\" style=\"margin-right: 50px;\" src=\"https:\/\/grupotorivac.com\/wp-content\/uploads\/2022\/06\/boton_02.jpg\" alt=\"\" width=\"638\" height=\"638\" srcset=\"https:\/\/grupotorivac.com\/wp-content\/uploads\/2022\/06\/boton_02.jpg 638w, https:\/\/grupotorivac.com\/wp-content\/uploads\/2022\/06\/boton_02-300x300.jpg 300w, https:\/\/grupotorivac.com\/wp-content\/uploads\/2022\/06\/boton_02-150x150.jpg 150w, https:\/\/grupotorivac.com\/wp-content\/uploads\/2022\/06\/boton_02-146x146.jpg 146w, https:\/\/grupotorivac.com\/wp-content\/uploads\/2022\/06\/boton_02-50x50.jpg 50w, https:\/\/grupotorivac.com\/wp-content\/uploads\/2022\/06\/boton_02-75x75.jpg 75w, https:\/\/grupotorivac.com\/wp-content\/uploads\/2022\/06\/boton_02-85x85.jpg 85w, https:\/\/grupotorivac.com\/wp-content\/uploads\/2022\/06\/boton_02-80x80.jpg 80w, https:\/\/grupotorivac.com\/wp-content\/uploads\/2022\/06\/boton_02-600x600.jpg 600w\" sizes=\"(max-width: 638px) 100vw, 638px\" \/><\/a><\/div>\n<div style=\"width: 100%;\">\n<p style=\"text-align: left; margin-bottom: 30px;\"><strong>Steuerungstasten:<\/strong><\/p>\n<p style=\"text-align: left; margin-bottom: 30px;\">Sie bestehen aus Materialien, die dem Dauereinsatz und den industriellen Bedingungen standhalten. Sie sind ein wesentliches Element der Mensch-Maschine-Schnittstelle (HMI) f\u00fcr die Steuerung elektrischer und automatisierter Prozesse.<\/p>\n<table style=\"width: 100%; border-collapse: collapse; text-align: center; font-family: Arial, sans-serif; font-size: 14px;\">\n<thead>\n<tr>\n<th style=\"color: #000; background-color: #e99c3b; padding: 8px; border: 1px solid #000;\" colspan=\"4\"><strong>Pfeil-Reifen<\/strong><\/th>\n<\/tr>\n<tr>\n<th style=\"border: 1px solid #000; padding: 6px; font-size: 13px; background-color: #ffffff;\">MOD.<br \/>\nTYP<\/th>\n<th style=\"border: 1px solid #000; padding: 6px; font-size: 13px; background-color: #ffffff;\">D<\/th>\n<th style=\"border: 1px solid #000; padding: 6px; font-size: 13px; background-color: #ffffff;\">e<\/th>\n<th style=\"border: 1px solid #000; padding: 6px; font-size: 13px; background-color: #ffffff;\">H<\/th>\n<\/tr>\n<\/thead>\n<tbody>\n<tr>\n<td style=\"border: 1px solid #000; padding: 6px; font-size: 13px;\">15<\/td>\n<td style=\"border: 1px solid #000; padding: 6px; font-size: 13px;\">14,5<\/td>\n<td style=\"border: 1px solid #000; padding: 6px; font-size: 13px;\">4,6, 1\/4&#8243;<\/td>\n<td style=\"border: 1px solid #000; padding: 6px; font-size: 13px;\">16<\/td>\n<\/tr>\n<tr>\n<td style=\"border: 1px solid #000; padding: 6px; font-size: 13px;\">21<\/td>\n<td style=\"border: 1px solid #000; padding: 6px; font-size: 13px;\">20,6<\/td>\n<td style=\"border: 1px solid #000; padding: 6px; font-size: 13px;\">4,6, 1\/4&#8243;<\/td>\n<td style=\"border: 1px solid #000; padding: 6px; font-size: 13px;\">19<\/td>\n<\/tr>\n<\/tbody>\n<\/table>\n<\/div>\n<\/div>\n","protected":false},"excerpt":{"rendered":"<p>Sie bestehen aus denselben Materialien wie die BO-Serie, haben aber ein mattes Aussehen. Das Profil ist h\u00f6her und zylindrischer als bei der BO-Serie und die \u00e4u\u00dfere Form ist etwas anders. Sie werden durch matte Abdeckungen und alle anderen Accessoires der BO-Serie erg\u00e4nzt.  <\/p>\n<p>Farben schwarz und grau.<\/p>\n<p><a class=\"button button_size_2 button_dark\" href=\"https:\/\/grupotorivac.com\/wp-content\/uploads\/2023\/02\/BOTONES-DE-MANDO2.pdf\" target=\"_blank\" rel=\"noopener\"><span class=\"button_label\"><strong>Siehe technisches Datenblatt<\/strong><\/span><\/a><\/p>\n","protected":false},"featured_media":937,"template":"","meta":{"_acf_changed":false},"product_brand":[],"product_cat":[663,571],"product_tag":[],"class_list":{"0":"post-16376","1":"product","2":"type-product","3":"status-publish","4":"has-post-thumbnail","6":"product_cat-bm-serie-bedieningsknoppen-mat","7":"product_cat-bedieningsknoppen","9":"first","10":"instock","11":"product-type-simple"},"acf":[],"yoast_head":"<!-- This site is optimized with the Yoast SEO plugin v27.2 - https:\/\/yoast.com\/product\/yoast-seo-wordpress\/ -->\n<title>Steuertasten der BM-Serie (Matt) - Torivac<\/title>\n<meta name=\"robots\" content=\"index, follow, max-snippet:-1, max-image-preview:large, max-video-preview:-1\" \/>\n<link rel=\"canonical\" href=\"https:\/\/grupotorivac.com\/de\/product\/steuertasten-der-bm-serie-matt\/\" \/>\n<meta property=\"og:locale\" content=\"de_DE\" \/>\n<meta property=\"og:type\" content=\"article\" \/>\n<meta property=\"og:title\" content=\"Steuertasten der BM-Serie (Matt) - Torivac\" \/>\n<meta property=\"og:description\" content=\"Sie bestehen aus denselben Materialien wie die BO-Serie, haben aber ein mattes Aussehen. Das Profil ist h\u00f6her und zylindrischer als bei der BO-Serie und die \u00e4u\u00dfere Form ist etwas anders. Sie werden durch matte Abdeckungen und alle anderen Accessoires der BO-Serie erg\u00e4nzt.  Farben schwarz und grau. Siehe technisches Datenblatt\" \/>\n<meta property=\"og:url\" content=\"https:\/\/grupotorivac.com\/de\/product\/steuertasten-der-bm-serie-matt\/\" \/>\n<meta property=\"og:site_name\" content=\"Torivac\" \/>\n<meta property=\"article:modified_time\" content=\"2026-03-17T22:00:20+00:00\" \/>\n<meta property=\"og:image\" content=\"https:\/\/grupotorivac.com\/wp-content\/uploads\/2022\/06\/boton-serie-bm-mate-troivac-600x598-2.jpg\" \/>\n\t<meta property=\"og:image:width\" content=\"600\" \/>\n\t<meta property=\"og:image:height\" content=\"598\" \/>\n\t<meta property=\"og:image:type\" content=\"image\/png\" \/>\n<meta name=\"twitter:card\" content=\"summary_large_image\" \/>\n<script type=\"application\/ld+json\" class=\"yoast-schema-graph\">{\"@context\":\"https:\/\/schema.org\",\"@graph\":[{\"@type\":\"WebPage\",\"@id\":\"https:\/\/grupotorivac.com\/de\/product\/steuertasten-der-bm-serie-matt\/\",\"url\":\"https:\/\/grupotorivac.com\/de\/product\/steuertasten-der-bm-serie-matt\/\",\"name\":\"Steuertasten der BM-Serie (Matt) - Torivac\",\"isPartOf\":{\"@id\":\"https:\/\/grupotorivac.com\/#website\"},\"primaryImageOfPage\":{\"@id\":\"https:\/\/grupotorivac.com\/de\/product\/steuertasten-der-bm-serie-matt\/#primaryimage\"},\"image\":{\"@id\":\"https:\/\/grupotorivac.com\/de\/product\/steuertasten-der-bm-serie-matt\/#primaryimage\"},\"thumbnailUrl\":\"https:\/\/grupotorivac.com\/wp-content\/uploads\/2022\/06\/boton-serie-bm-mate-troivac-600x598-2.jpg\",\"datePublished\":\"2022-06-06T12:49:57+00:00\",\"dateModified\":\"2026-03-17T22:00:20+00:00\",\"breadcrumb\":{\"@id\":\"https:\/\/grupotorivac.com\/de\/product\/steuertasten-der-bm-serie-matt\/#breadcrumb\"},\"inLanguage\":\"de\",\"potentialAction\":[{\"@type\":\"ReadAction\",\"target\":[\"https:\/\/grupotorivac.com\/de\/product\/steuertasten-der-bm-serie-matt\/\"]}]},{\"@type\":\"ImageObject\",\"inLanguage\":\"de\",\"@id\":\"https:\/\/grupotorivac.com\/de\/product\/steuertasten-der-bm-serie-matt\/#primaryimage\",\"url\":\"https:\/\/grupotorivac.com\/wp-content\/uploads\/2022\/06\/boton-serie-bm-mate-troivac-600x598-2.jpg\",\"contentUrl\":\"https:\/\/grupotorivac.com\/wp-content\/uploads\/2022\/06\/boton-serie-bm-mate-troivac-600x598-2.jpg\",\"width\":600,\"height\":598},{\"@type\":\"BreadcrumbList\",\"@id\":\"https:\/\/grupotorivac.com\/de\/product\/steuertasten-der-bm-serie-matt\/#breadcrumb\",\"itemListElement\":[{\"@type\":\"ListItem\",\"position\":1,\"name\":\"Portada\",\"item\":\"https:\/\/grupotorivac.com\/de\/\"},{\"@type\":\"ListItem\",\"position\":2,\"name\":\"Products\",\"item\":\"https:\/\/grupotorivac.com\/en\/shop\/\"},{\"@type\":\"ListItem\",\"position\":3,\"name\":\"Steuertasten der BM-Serie (Matt)\"}]},{\"@type\":\"WebSite\",\"@id\":\"https:\/\/grupotorivac.com\/#website\",\"url\":\"https:\/\/grupotorivac.com\/\",\"name\":\"Torivac\",\"description\":\"Especializados en dise\u00f1o y fabricaci\u00f3n de variados de tensi\u00f3n\",\"publisher\":{\"@id\":\"https:\/\/grupotorivac.com\/#organization\"},\"alternateName\":\"Torivac S.L\",\"potentialAction\":[{\"@type\":\"SearchAction\",\"target\":{\"@type\":\"EntryPoint\",\"urlTemplate\":\"https:\/\/grupotorivac.com\/?s={search_term_string}\"},\"query-input\":{\"@type\":\"PropertyValueSpecification\",\"valueRequired\":true,\"valueName\":\"search_term_string\"}}],\"inLanguage\":\"de\"},{\"@type\":\"Organization\",\"@id\":\"https:\/\/grupotorivac.com\/#organization\",\"name\":\"Torivac\",\"alternateName\":\"Torivac S.L\",\"url\":\"https:\/\/grupotorivac.com\/\",\"logo\":{\"@type\":\"ImageObject\",\"inLanguage\":\"de\",\"@id\":\"https:\/\/grupotorivac.com\/#\/schema\/logo\/image\/\",\"url\":\"https:\/\/grupotorivac.com\/wp-content\/uploads\/2025\/02\/Diseno-sin-titulo-73.png\",\"contentUrl\":\"https:\/\/grupotorivac.com\/wp-content\/uploads\/2025\/02\/Diseno-sin-titulo-73.png\",\"width\":250,\"height\":250,\"caption\":\"Torivac\"},\"image\":{\"@id\":\"https:\/\/grupotorivac.com\/#\/schema\/logo\/image\/\"}}]}<\/script>\n<!-- \/ Yoast SEO plugin. -->","yoast_head_json":{"title":"Steuertasten der BM-Serie (Matt) - Torivac","robots":{"index":"index","follow":"follow","max-snippet":"max-snippet:-1","max-image-preview":"max-image-preview:large","max-video-preview":"max-video-preview:-1"},"canonical":"https:\/\/grupotorivac.com\/de\/product\/steuertasten-der-bm-serie-matt\/","og_locale":"de_DE","og_type":"article","og_title":"Steuertasten der BM-Serie (Matt) - Torivac","og_description":"Sie bestehen aus denselben Materialien wie die BO-Serie, haben aber ein mattes Aussehen. Das Profil ist h\u00f6her und zylindrischer als bei der BO-Serie und die \u00e4u\u00dfere Form ist etwas anders. Sie werden durch matte Abdeckungen und alle anderen Accessoires der BO-Serie erg\u00e4nzt.  Farben schwarz und grau. Siehe technisches Datenblatt","og_url":"https:\/\/grupotorivac.com\/de\/product\/steuertasten-der-bm-serie-matt\/","og_site_name":"Torivac","article_modified_time":"2026-03-17T22:00:20+00:00","og_image":[{"width":600,"height":598,"url":"https:\/\/grupotorivac.com\/wp-content\/uploads\/2022\/06\/boton-serie-bm-mate-troivac-600x598-2.jpg","type":"image\/png"}],"twitter_card":"summary_large_image","schema":{"@context":"https:\/\/schema.org","@graph":[{"@type":"WebPage","@id":"https:\/\/grupotorivac.com\/de\/product\/steuertasten-der-bm-serie-matt\/","url":"https:\/\/grupotorivac.com\/de\/product\/steuertasten-der-bm-serie-matt\/","name":"Steuertasten der BM-Serie (Matt) - Torivac","isPartOf":{"@id":"https:\/\/grupotorivac.com\/#website"},"primaryImageOfPage":{"@id":"https:\/\/grupotorivac.com\/de\/product\/steuertasten-der-bm-serie-matt\/#primaryimage"},"image":{"@id":"https:\/\/grupotorivac.com\/de\/product\/steuertasten-der-bm-serie-matt\/#primaryimage"},"thumbnailUrl":"https:\/\/grupotorivac.com\/wp-content\/uploads\/2022\/06\/boton-serie-bm-mate-troivac-600x598-2.jpg","datePublished":"2022-06-06T12:49:57+00:00","dateModified":"2026-03-17T22:00:20+00:00","breadcrumb":{"@id":"https:\/\/grupotorivac.com\/de\/product\/steuertasten-der-bm-serie-matt\/#breadcrumb"},"inLanguage":"de","potentialAction":[{"@type":"ReadAction","target":["https:\/\/grupotorivac.com\/de\/product\/steuertasten-der-bm-serie-matt\/"]}]},{"@type":"ImageObject","inLanguage":"de","@id":"https:\/\/grupotorivac.com\/de\/product\/steuertasten-der-bm-serie-matt\/#primaryimage","url":"https:\/\/grupotorivac.com\/wp-content\/uploads\/2022\/06\/boton-serie-bm-mate-troivac-600x598-2.jpg","contentUrl":"https:\/\/grupotorivac.com\/wp-content\/uploads\/2022\/06\/boton-serie-bm-mate-troivac-600x598-2.jpg","width":600,"height":598},{"@type":"BreadcrumbList","@id":"https:\/\/grupotorivac.com\/de\/product\/steuertasten-der-bm-serie-matt\/#breadcrumb","itemListElement":[{"@type":"ListItem","position":1,"name":"Portada","item":"https:\/\/grupotorivac.com\/de\/"},{"@type":"ListItem","position":2,"name":"Products","item":"https:\/\/grupotorivac.com\/en\/shop\/"},{"@type":"ListItem","position":3,"name":"Steuertasten der BM-Serie (Matt)"}]},{"@type":"WebSite","@id":"https:\/\/grupotorivac.com\/#website","url":"https:\/\/grupotorivac.com\/","name":"Torivac","description":"Especializados en dise\u00f1o y fabricaci\u00f3n de variados de tensi\u00f3n","publisher":{"@id":"https:\/\/grupotorivac.com\/#organization"},"alternateName":"Torivac S.L","potentialAction":[{"@type":"SearchAction","target":{"@type":"EntryPoint","urlTemplate":"https:\/\/grupotorivac.com\/?s={search_term_string}"},"query-input":{"@type":"PropertyValueSpecification","valueRequired":true,"valueName":"search_term_string"}}],"inLanguage":"de"},{"@type":"Organization","@id":"https:\/\/grupotorivac.com\/#organization","name":"Torivac","alternateName":"Torivac S.L","url":"https:\/\/grupotorivac.com\/","logo":{"@type":"ImageObject","inLanguage":"de","@id":"https:\/\/grupotorivac.com\/#\/schema\/logo\/image\/","url":"https:\/\/grupotorivac.com\/wp-content\/uploads\/2025\/02\/Diseno-sin-titulo-73.png","contentUrl":"https:\/\/grupotorivac.com\/wp-content\/uploads\/2025\/02\/Diseno-sin-titulo-73.png","width":250,"height":250,"caption":"Torivac"},"image":{"@id":"https:\/\/grupotorivac.com\/#\/schema\/logo\/image\/"}}]}},"_links":{"self":[{"href":"https:\/\/grupotorivac.com\/de\/wp-json\/wp\/v2\/product\/16376","targetHints":{"allow":["GET"]}}],"collection":[{"href":"https:\/\/grupotorivac.com\/de\/wp-json\/wp\/v2\/product"}],"about":[{"href":"https:\/\/grupotorivac.com\/de\/wp-json\/wp\/v2\/types\/product"}],"wp:featuredmedia":[{"embeddable":true,"href":"https:\/\/grupotorivac.com\/de\/wp-json\/wp\/v2\/media\/937"}],"wp:attachment":[{"href":"https:\/\/grupotorivac.com\/de\/wp-json\/wp\/v2\/media?parent=16376"}],"wp:term":[{"taxonomy":"product_brand","embeddable":true,"href":"https:\/\/grupotorivac.com\/de\/wp-json\/wp\/v2\/product_brand?post=16376"},{"taxonomy":"product_cat","embeddable":true,"href":"https:\/\/grupotorivac.com\/de\/wp-json\/wp\/v2\/product_cat?post=16376"},{"taxonomy":"product_tag","embeddable":true,"href":"https:\/\/grupotorivac.com\/de\/wp-json\/wp\/v2\/product_tag?post=16376"}],"curies":[{"name":"wp","href":"https:\/\/api.w.org\/{rel}","templated":true}]}}