{"id":16346,"date":"2022-06-06T12:49:57","date_gmt":"2022-06-06T12:49:57","guid":{"rendered":"https:\/\/grupotorivac.com\/product\/nucleos-toroidales\/"},"modified":"2026-03-17T19:47:46","modified_gmt":"2026-03-17T19:47:46","slug":"toroidale-kerne","status":"publish","type":"product","link":"https:\/\/grupotorivac.com\/de\/product\/toroidale-kerne\/","title":{"rendered":"Toroidale Kerne"},"content":{"rendered":"<h4><b style=\"color: #ba6b1e;\">Ringkerne sind wesentliche magnetische Komponenten in einer Vielzahl von elektronischen und industriellen Anwendungen.<\/b><\/h4>\n<p>Das geschlossene Ringdesign erm\u00f6glicht eine gleichm\u00e4\u00dfige Verteilung des magnetischen Flusses, was zu einem h\u00f6heren Wirkungsgrad und einer deutlichen Reduzierung der elektromagnetischen Interferenz (EMI) f\u00fchrt.<\/p>\n<p>In unserer Produktpalette finden Sie Ringbandkerne aus hochpermeablen Materialien wie Ferrit, Eisenpulver und amorphen Legierungen, die ideal f\u00fcr..:<\/p>\n<ul>\n<li><strong>Netzfilter <\/strong>und Rauschunterdr\u00fcckung.<\/li>\n<li><strong>Strom-<\/strong> und <strong>Leistungstransformatoren<\/strong>.<\/li>\n<li><strong>Induktoren<\/strong> <strong>zur Energiespeicherung<\/strong>.<\/li>\n<li><strong>Hochfrequente und energieeffiziente Anwendungen.<\/strong><\/li>\n<\/ul>\n<p>Dank ihrer Geometrie minimieren Ringbandkerne Hysterese- und Wirbelstromverluste, was sie zur bevorzugten Wahl f\u00fcr kompakte, leistungsstarke Designs macht.<\/p>\n<p>Wir bieten Standard- und kundenspezifische L\u00f6sungen an, die an die spezifischen Anforderungen jedes Projekts angepasst sind. Unser technisches Team ber\u00e4t Sie gerne bei der Auswahl des am besten geeigneten Kerns, je nach Ihren Anforderungen an Frequenz, Leistung und Betriebsumgebung. <\/p>\n","protected":false},"excerpt":{"rendered":"<p>Die von Torivac hergestellten Ringkerne bestehen aus kornorientiertem Magnetblech aus einer Eisen-Silizium-Legierung mit sehr geringen Verlusten und einer hohen S\u00e4ttigungsinduktion, die nach einer W\u00e4rmebehandlung die magnetische Permeabilit\u00e4t um etwa 40% erh\u00f6ht. Die verwendeten Blechqualit\u00e4ten sind vom Typ M4 oder M5, je nach den verschiedenen Anwendungen.<br \/>\nAlle Kerne werden am Anfang und am Ende der Wicklung verschwei\u00dft, um m\u00f6gliche Vibrationen zu vermeiden, und dann mit Polyamid-6-Kapseln mit 30% Glasfaser isoliert, die ideal sind, um Temperaturen von etwa 155 Grad Celsius standzuhalten. <\/p>\n<p><a class=\"button button_size_2 button_dark\" href=\"https:\/\/grupotorivac.com\/wp-content\/uploads\/2023\/02\/Nucleos-toroidales.pdf\" target=\"_blank\" rel=\"noopener\"><span class=\"button_label\"><strong>Siehe technisches Datenblatt<\/strong><\/span><\/a><\/p>\n","protected":false},"featured_media":15424,"template":"","meta":{"_acf_changed":false},"product_brand":[],"product_cat":[562],"product_tag":[],"class_list":{"0":"post-16346","1":"product","2":"type-product","3":"status-publish","4":"has-post-thumbnail","6":"product_cat-kernen","8":"first","9":"instock","10":"product-type-simple"},"acf":[],"yoast_head":"<!-- This site is optimized with the Yoast SEO plugin v27.2 - https:\/\/yoast.com\/product\/yoast-seo-wordpress\/ -->\n<title>Toroidale Kerne - Torivac<\/title>\n<meta name=\"description\" content=\"Ringkerne sind wesentliche magnetische Komponenten in einer Vielzahl von elektronischen und industriellen Anwendungen.\" \/>\n<meta name=\"robots\" content=\"index, follow, max-snippet:-1, max-image-preview:large, max-video-preview:-1\" \/>\n<link rel=\"canonical\" href=\"https:\/\/grupotorivac.com\/de\/product\/toroidale-kerne\/\" \/>\n<meta property=\"og:locale\" content=\"de_DE\" \/>\n<meta property=\"og:type\" content=\"article\" \/>\n<meta property=\"og:title\" content=\"Toroidale Kerne - Torivac\" \/>\n<meta property=\"og:description\" content=\"Ringkerne sind wesentliche magnetische Komponenten in einer Vielzahl von elektronischen und industriellen Anwendungen.\" \/>\n<meta property=\"og:url\" content=\"https:\/\/grupotorivac.com\/de\/product\/toroidale-kerne\/\" \/>\n<meta property=\"og:site_name\" content=\"Torivac\" \/>\n<meta property=\"article:modified_time\" content=\"2026-03-17T19:47:46+00:00\" \/>\n<meta property=\"og:image\" content=\"https:\/\/grupotorivac.com\/wp-content\/uploads\/2022\/06\/B7T3102.jpg\" \/>\n\t<meta property=\"og:image:width\" content=\"1000\" \/>\n\t<meta property=\"og:image:height\" content=\"667\" \/>\n\t<meta property=\"og:image:type\" content=\"image\/jpeg\" \/>\n<meta name=\"twitter:card\" content=\"summary_large_image\" \/>\n<meta name=\"twitter:label1\" content=\"Gesch\u00e4tzte Lesezeit\" \/>\n\t<meta name=\"twitter:data1\" content=\"1\u00a0Minute\" \/>\n<script type=\"application\/ld+json\" class=\"yoast-schema-graph\">{\"@context\":\"https:\/\/schema.org\",\"@graph\":[{\"@type\":\"WebPage\",\"@id\":\"https:\/\/grupotorivac.com\/de\/product\/toroidale-kerne\/\",\"url\":\"https:\/\/grupotorivac.com\/de\/product\/toroidale-kerne\/\",\"name\":\"Toroidale Kerne - Torivac\",\"isPartOf\":{\"@id\":\"https:\/\/grupotorivac.com\/#website\"},\"primaryImageOfPage\":{\"@id\":\"https:\/\/grupotorivac.com\/de\/product\/toroidale-kerne\/#primaryimage\"},\"image\":{\"@id\":\"https:\/\/grupotorivac.com\/de\/product\/toroidale-kerne\/#primaryimage\"},\"thumbnailUrl\":\"https:\/\/grupotorivac.com\/wp-content\/uploads\/2022\/06\/B7T3102.jpg\",\"datePublished\":\"2022-06-06T12:49:57+00:00\",\"dateModified\":\"2026-03-17T19:47:46+00:00\",\"description\":\"Ringkerne sind wesentliche magnetische Komponenten in einer Vielzahl von elektronischen und industriellen Anwendungen.\",\"breadcrumb\":{\"@id\":\"https:\/\/grupotorivac.com\/de\/product\/toroidale-kerne\/#breadcrumb\"},\"inLanguage\":\"de\",\"potentialAction\":[{\"@type\":\"ReadAction\",\"target\":[\"https:\/\/grupotorivac.com\/de\/product\/toroidale-kerne\/\"]}]},{\"@type\":\"ImageObject\",\"inLanguage\":\"de\",\"@id\":\"https:\/\/grupotorivac.com\/de\/product\/toroidale-kerne\/#primaryimage\",\"url\":\"https:\/\/grupotorivac.com\/wp-content\/uploads\/2022\/06\/B7T3102.jpg\",\"contentUrl\":\"https:\/\/grupotorivac.com\/wp-content\/uploads\/2022\/06\/B7T3102.jpg\",\"width\":1000,\"height\":667},{\"@type\":\"BreadcrumbList\",\"@id\":\"https:\/\/grupotorivac.com\/de\/product\/toroidale-kerne\/#breadcrumb\",\"itemListElement\":[{\"@type\":\"ListItem\",\"position\":1,\"name\":\"Portada\",\"item\":\"https:\/\/grupotorivac.com\/de\/\"},{\"@type\":\"ListItem\",\"position\":2,\"name\":\"Products\",\"item\":\"https:\/\/grupotorivac.com\/en\/shop\/\"},{\"@type\":\"ListItem\",\"position\":3,\"name\":\"Toroidale Kerne\"}]},{\"@type\":\"WebSite\",\"@id\":\"https:\/\/grupotorivac.com\/#website\",\"url\":\"https:\/\/grupotorivac.com\/\",\"name\":\"Torivac\",\"description\":\"Especializados en dise\u00f1o y fabricaci\u00f3n de variados de tensi\u00f3n\",\"publisher\":{\"@id\":\"https:\/\/grupotorivac.com\/#organization\"},\"alternateName\":\"Torivac S.L\",\"potentialAction\":[{\"@type\":\"SearchAction\",\"target\":{\"@type\":\"EntryPoint\",\"urlTemplate\":\"https:\/\/grupotorivac.com\/?s={search_term_string}\"},\"query-input\":{\"@type\":\"PropertyValueSpecification\",\"valueRequired\":true,\"valueName\":\"search_term_string\"}}],\"inLanguage\":\"de\"},{\"@type\":\"Organization\",\"@id\":\"https:\/\/grupotorivac.com\/#organization\",\"name\":\"Torivac\",\"alternateName\":\"Torivac S.L\",\"url\":\"https:\/\/grupotorivac.com\/\",\"logo\":{\"@type\":\"ImageObject\",\"inLanguage\":\"de\",\"@id\":\"https:\/\/grupotorivac.com\/#\/schema\/logo\/image\/\",\"url\":\"https:\/\/grupotorivac.com\/wp-content\/uploads\/2025\/02\/Diseno-sin-titulo-73.png\",\"contentUrl\":\"https:\/\/grupotorivac.com\/wp-content\/uploads\/2025\/02\/Diseno-sin-titulo-73.png\",\"width\":250,\"height\":250,\"caption\":\"Torivac\"},\"image\":{\"@id\":\"https:\/\/grupotorivac.com\/#\/schema\/logo\/image\/\"}}]}<\/script>\n<!-- \/ Yoast SEO plugin. -->","yoast_head_json":{"title":"Toroidale Kerne - Torivac","description":"Ringkerne sind wesentliche magnetische Komponenten in einer Vielzahl von elektronischen und industriellen Anwendungen.","robots":{"index":"index","follow":"follow","max-snippet":"max-snippet:-1","max-image-preview":"max-image-preview:large","max-video-preview":"max-video-preview:-1"},"canonical":"https:\/\/grupotorivac.com\/de\/product\/toroidale-kerne\/","og_locale":"de_DE","og_type":"article","og_title":"Toroidale Kerne - Torivac","og_description":"Ringkerne sind wesentliche magnetische Komponenten in einer Vielzahl von elektronischen und industriellen Anwendungen.","og_url":"https:\/\/grupotorivac.com\/de\/product\/toroidale-kerne\/","og_site_name":"Torivac","article_modified_time":"2026-03-17T19:47:46+00:00","og_image":[{"width":1000,"height":667,"url":"https:\/\/grupotorivac.com\/wp-content\/uploads\/2022\/06\/B7T3102.jpg","type":"image\/jpeg"}],"twitter_card":"summary_large_image","twitter_misc":{"Gesch\u00e4tzte Lesezeit":"1\u00a0Minute"},"schema":{"@context":"https:\/\/schema.org","@graph":[{"@type":"WebPage","@id":"https:\/\/grupotorivac.com\/de\/product\/toroidale-kerne\/","url":"https:\/\/grupotorivac.com\/de\/product\/toroidale-kerne\/","name":"Toroidale Kerne - Torivac","isPartOf":{"@id":"https:\/\/grupotorivac.com\/#website"},"primaryImageOfPage":{"@id":"https:\/\/grupotorivac.com\/de\/product\/toroidale-kerne\/#primaryimage"},"image":{"@id":"https:\/\/grupotorivac.com\/de\/product\/toroidale-kerne\/#primaryimage"},"thumbnailUrl":"https:\/\/grupotorivac.com\/wp-content\/uploads\/2022\/06\/B7T3102.jpg","datePublished":"2022-06-06T12:49:57+00:00","dateModified":"2026-03-17T19:47:46+00:00","description":"Ringkerne sind wesentliche magnetische Komponenten in einer Vielzahl von elektronischen und industriellen Anwendungen.","breadcrumb":{"@id":"https:\/\/grupotorivac.com\/de\/product\/toroidale-kerne\/#breadcrumb"},"inLanguage":"de","potentialAction":[{"@type":"ReadAction","target":["https:\/\/grupotorivac.com\/de\/product\/toroidale-kerne\/"]}]},{"@type":"ImageObject","inLanguage":"de","@id":"https:\/\/grupotorivac.com\/de\/product\/toroidale-kerne\/#primaryimage","url":"https:\/\/grupotorivac.com\/wp-content\/uploads\/2022\/06\/B7T3102.jpg","contentUrl":"https:\/\/grupotorivac.com\/wp-content\/uploads\/2022\/06\/B7T3102.jpg","width":1000,"height":667},{"@type":"BreadcrumbList","@id":"https:\/\/grupotorivac.com\/de\/product\/toroidale-kerne\/#breadcrumb","itemListElement":[{"@type":"ListItem","position":1,"name":"Portada","item":"https:\/\/grupotorivac.com\/de\/"},{"@type":"ListItem","position":2,"name":"Products","item":"https:\/\/grupotorivac.com\/en\/shop\/"},{"@type":"ListItem","position":3,"name":"Toroidale Kerne"}]},{"@type":"WebSite","@id":"https:\/\/grupotorivac.com\/#website","url":"https:\/\/grupotorivac.com\/","name":"Torivac","description":"Especializados en dise\u00f1o y fabricaci\u00f3n de variados de tensi\u00f3n","publisher":{"@id":"https:\/\/grupotorivac.com\/#organization"},"alternateName":"Torivac S.L","potentialAction":[{"@type":"SearchAction","target":{"@type":"EntryPoint","urlTemplate":"https:\/\/grupotorivac.com\/?s={search_term_string}"},"query-input":{"@type":"PropertyValueSpecification","valueRequired":true,"valueName":"search_term_string"}}],"inLanguage":"de"},{"@type":"Organization","@id":"https:\/\/grupotorivac.com\/#organization","name":"Torivac","alternateName":"Torivac S.L","url":"https:\/\/grupotorivac.com\/","logo":{"@type":"ImageObject","inLanguage":"de","@id":"https:\/\/grupotorivac.com\/#\/schema\/logo\/image\/","url":"https:\/\/grupotorivac.com\/wp-content\/uploads\/2025\/02\/Diseno-sin-titulo-73.png","contentUrl":"https:\/\/grupotorivac.com\/wp-content\/uploads\/2025\/02\/Diseno-sin-titulo-73.png","width":250,"height":250,"caption":"Torivac"},"image":{"@id":"https:\/\/grupotorivac.com\/#\/schema\/logo\/image\/"}}]}},"_links":{"self":[{"href":"https:\/\/grupotorivac.com\/de\/wp-json\/wp\/v2\/product\/16346","targetHints":{"allow":["GET"]}}],"collection":[{"href":"https:\/\/grupotorivac.com\/de\/wp-json\/wp\/v2\/product"}],"about":[{"href":"https:\/\/grupotorivac.com\/de\/wp-json\/wp\/v2\/types\/product"}],"wp:featuredmedia":[{"embeddable":true,"href":"https:\/\/grupotorivac.com\/de\/wp-json\/wp\/v2\/media\/15424"}],"wp:attachment":[{"href":"https:\/\/grupotorivac.com\/de\/wp-json\/wp\/v2\/media?parent=16346"}],"wp:term":[{"taxonomy":"product_brand","embeddable":true,"href":"https:\/\/grupotorivac.com\/de\/wp-json\/wp\/v2\/product_brand?post=16346"},{"taxonomy":"product_cat","embeddable":true,"href":"https:\/\/grupotorivac.com\/de\/wp-json\/wp\/v2\/product_cat?post=16346"},{"taxonomy":"product_tag","embeddable":true,"href":"https:\/\/grupotorivac.com\/de\/wp-json\/wp\/v2\/product_tag?post=16346"}],"curies":[{"name":"wp","href":"https:\/\/api.w.org\/{rel}","templated":true}]}}