{"id":16343,"date":"2022-06-06T12:49:57","date_gmt":"2022-06-06T12:49:57","guid":{"rendered":"https:\/\/grupotorivac.com\/product\/choques-inductancias-reactancias-toroidales\/"},"modified":"2026-03-17T18:09:47","modified_gmt":"2026-03-17T18:09:47","slug":"drosseln-induktivitaeten-ringkerndrosseln","status":"publish","type":"product","link":"https:\/\/grupotorivac.com\/de\/product\/drosseln-induktivitaeten-ringkerndrosseln\/","title":{"rendered":"Drosseln | Induktivit\u00e4ten | Ringkerndrosseln"},"content":{"rendered":"<div style=\"display: flex;\">\n<div style=\"width: 70%; padding: 0px 50px 0px 0px;\"><a href=\"https:\/\/grupotorivac.com\/wp-content\/uploads\/2022\/06\/CHOQUES-TOROIDALES.jpg\"><img fetchpriority=\"high\" decoding=\"async\" class=\"alignleft wp-image-14479 size-full\" style=\"margin-right: 50px;\" src=\"https:\/\/grupotorivac.com\/wp-content\/uploads\/2022\/06\/CHOQUES-TOROIDALES.jpg\" alt=\"\" width=\"570\" height=\"760\" srcset=\"https:\/\/grupotorivac.com\/wp-content\/uploads\/2022\/06\/CHOQUES-TOROIDALES.jpg 570w, https:\/\/grupotorivac.com\/wp-content\/uploads\/2022\/06\/CHOQUES-TOROIDALES-225x300.jpg 225w, https:\/\/grupotorivac.com\/wp-content\/uploads\/2022\/06\/CHOQUES-TOROIDALES-110x146.jpg 110w, https:\/\/grupotorivac.com\/wp-content\/uploads\/2022\/06\/CHOQUES-TOROIDALES-38x50.jpg 38w, https:\/\/grupotorivac.com\/wp-content\/uploads\/2022\/06\/CHOQUES-TOROIDALES-56x75.jpg 56w\" sizes=\"(max-width: 570px) 100vw, 570px\" \/><\/a><\/div>\n<div style=\"width: 100%;\">\n<p style=\"text-align: left;margin-bottom: 30px;\"><strong>Seine wichtigsten Merkmale sind:<\/strong><\/p>\n<ul style=\"text-align: left; margin-bottom: 30px;\">\n<li style=\"text-align: left;\">* Geringe Streuung des Magnetfeldes, wodurch die abgestrahlten Felder auf ein Minimum begrenzt werden.<\/li>\n<li style=\"text-align: left;\">* Hohe Leistung, die es erm\u00f6glicht, Energie auf kleinstem Raum zu filtern oder zu speichern.<\/li>\n<li style=\"text-align: left;\">* Geringe Verluste \u00fcber den gesamten Betriebsfrequenzbereich.<\/li>\n<li style=\"text-align: left;\">* Hohe Temperaturstabilit\u00e4t mit einem Bereich von -50\u00baC bis + 90\u00baC.<\/li>\n<li style=\"text-align: left;\">* Gro\u00dfer Frequenzbereich 10Khz bis 150Khz.<\/li>\n<\/ul>\n<p style=\"text-align: left;margin-bottom: 30px;\">Die Familie besteht aus 27 verschiedenen induktiven Werten, die den Standardwerten f\u00fcr passive Bauelemente in der Elektronik entsprechen, und 11 verschiedenen Kernen. Damit erhalten Sie 297 verschiedene Referenzen, die es in den meisten F\u00e4llen erm\u00f6glichen, den Designbedarf zu decken. Wir k\u00f6nnen Sondermodelle mit anderen Werten oder mit anderen Arten von Kernen in verschiedenen Gr\u00f6\u00dfen herstellen, je nach den Spezifikationen jedes Kunden. <\/p>\n<table style=\"width: 100%; border-collapse: collapse; text-align: center; font-family: Arial, sans-serif; font-size: 14px; height: 394px;\">\n<thead>\n<tr>\n<th style=\"color: #000; background-color: #e99c3b; padding: 8px; border: 1px solid #000;\" colspan=\"4\"><strong>Abmessungen (mm.)<br \/>\n<em>Abmessungen (mm.)<\/em><\/strong><\/th>\n<\/tr>\n<tr>\n<th style=\"border: 1px solid #000; padding: 2px; font-size: 13px; background-color: #ffffff;\">Referenz<br \/>\n<em>Referenz<\/em><\/th>\n<th style=\"border: 1px solid #000; padding: 2px; font-size: 13px; background-color: #ffffff;\">D<\/th>\n<th style=\"border: 1px solid #000; padding: 2px; font-size: 13px; background-color: #ffffff;\">A<\/th>\n<th style=\"border: 1px solid #000; padding: 2px; font-size: 13px; background-color: #ffffff;\">L<\/th>\n<\/tr>\n<\/thead>\n<tbody>\n<tr>\n<th style=\"border: 1px solid #000; padding: 2px; font-size: 13px; background-color: #ffffff;\">1305<\/th>\n<th style=\"border: 1px solid #000; padding: 2px; font-size: 13px; background-color: #ffffff;\">15<\/th>\n<th style=\"border: 1px solid #000; padding: 2px; font-size: 13px; background-color: #ffffff;\">7<\/th>\n<th style=\"border: 1px solid #000; padding: 2px; font-size: 13px; background-color: #ffffff;\">30<\/th>\n<\/tr>\n<tr>\n<th style=\"border: 1px solid #000; padding: 2px; font-size: 13px; background-color: #ffffff;\">1307<\/th>\n<th style=\"border: 1px solid #000; padding: 2px; font-size: 13px; background-color: #ffffff;\">16<\/th>\n<th style=\"border: 1px solid #000; padding: 2px; font-size: 13px; background-color: #ffffff;\">10<\/th>\n<th style=\"border: 1px solid #000; padding: 2px; font-size: 13px; background-color: #ffffff;\">30<\/th>\n<\/tr>\n<tr>\n<th style=\"border: 1px solid #000; padding: 2px; font-size: 13px; background-color: #ffffff;\">1706<\/th>\n<th style=\"border: 1px solid #000; padding: 2px; font-size: 13px; background-color: #ffffff;\">20<\/th>\n<th style=\"border: 1px solid #000; padding: 2px; font-size: 13px; background-color: #ffffff;\">8<\/th>\n<th style=\"border: 1px solid #000; padding: 2px; font-size: 13px; background-color: #ffffff;\">30<\/th>\n<\/tr>\n<tr>\n<th style=\"border: 1px solid #000; padding: 2px; font-size: 13px; background-color: #ffffff;\">2006<\/th>\n<th style=\"border: 1px solid #000; padding: 2px; font-size: 13px; background-color: #ffffff;\">23<\/th>\n<th style=\"border: 1px solid #000; padding: 2px; font-size: 13px; background-color: #ffffff;\">9<\/th>\n<th style=\"border: 1px solid #000; padding: 2px; font-size: 13px; background-color: #ffffff;\">30<\/th>\n<\/tr>\n<tr>\n<th style=\"border: 1px solid #000; padding: 2px; font-size: 13px; background-color: #ffffff;\">2010<\/th>\n<th style=\"border: 1px solid #000; padding: 2px; font-size: 13px; background-color: #ffffff;\">23<\/th>\n<th style=\"border: 1px solid #000; padding: 2px; font-size: 13px; background-color: #ffffff;\">14<\/th>\n<th style=\"border: 1px solid #000; padding: 2px; font-size: 13px; background-color: #ffffff;\">30<\/th>\n<\/tr>\n<tr>\n<th style=\"border: 1px solid #000; padding: 2px; font-size: 13px; background-color: #ffffff;\">2408<\/th>\n<th style=\"border: 1px solid #000; padding: 2px; font-size: 13px; background-color: #ffffff;\">27<\/th>\n<th style=\"border: 1px solid #000; padding: 2px; font-size: 13px; background-color: #ffffff;\">11<\/th>\n<th style=\"border: 1px solid #000; padding: 2px; font-size: 13px; background-color: #ffffff;\">30<\/th>\n<\/tr>\n<tr>\n<th style=\"border: 1px solid #000; padding: 2px; font-size: 13px; background-color: #ffffff;\">2711<\/th>\n<th style=\"border: 1px solid #000; padding: 2px; font-size: 13px; background-color: #ffffff;\">32<\/th>\n<th style=\"border: 1px solid #000; padding: 2px; font-size: 13px; background-color: #ffffff;\">14<\/th>\n<th style=\"border: 1px solid #000; padding: 2px; font-size: 13px; background-color: #ffffff;\">30<\/th>\n<\/tr>\n<tr>\n<th style=\"border: 1px solid #000; padding: 2px; font-size: 13px; background-color: #ffffff;\">3311<\/th>\n<th style=\"border: 1px solid #000; padding: 2px; font-size: 13px; background-color: #ffffff;\">37<\/th>\n<th style=\"border: 1px solid #000; padding: 2px; font-size: 13px; background-color: #ffffff;\">15<\/th>\n<th style=\"border: 1px solid #000; padding: 2px; font-size: 13px; background-color: #ffffff;\">30<\/th>\n<\/tr>\n<tr>\n<th style=\"border: 1px solid #000; padding: 2px; font-size: 13px; background-color: #ffffff;\">3915<\/th>\n<th style=\"border: 1px solid #000; padding: 2px; font-size: 13px; background-color: #ffffff;\">44<\/th>\n<th style=\"border: 1px solid #000; padding: 2px; font-size: 13px; background-color: #ffffff;\">20<\/th>\n<th style=\"border: 1px solid #000; padding: 2px; font-size: 13px; background-color: #ffffff;\">30<\/th>\n<\/tr>\n<tr>\n<th style=\"border: 1px solid #000; padding: 2px; font-size: 13px; background-color: #ffffff;\">4715<\/th>\n<th style=\"border: 1px solid #000; padding: 2px; font-size: 13px; background-color: #ffffff;\">52<\/th>\n<th style=\"border: 1px solid #000; padding: 2px; font-size: 13px; background-color: #ffffff;\">21<\/th>\n<th style=\"border: 1px solid #000; padding: 2px; font-size: 13px; background-color: #ffffff;\">30<\/th>\n<\/tr>\n<tr>\n<th style=\"border: 1px solid #000; padding: 2px; font-size: 13px; background-color: #ffffff;\">5122<\/th>\n<th style=\"border: 1px solid #000; padding: 2px; font-size: 13px; background-color: #ffffff;\">57<\/th>\n<th style=\"border: 1px solid #000; padding: 2px; font-size: 13px; background-color: #ffffff;\">28<\/th>\n<th style=\"border: 1px solid #000; padding: 2px; font-size: 13px; background-color: #ffffff;\">30<\/th>\n<\/tr>\n<\/tbody>\n<\/table>\n<\/div>\n<\/div>\n","protected":false},"excerpt":{"rendered":"<p>Eisenpulver-Ringkerndrosseln sind die idealen induktiven Bauteile f\u00fcr die Entwicklung und Herstellung von DC\/DC-Wandlern oder AC\/DC-Schaltnetzteilen sowie f\u00fcr Netzfilter, elektromagnetische Interferenzfilter und andere Drosseln im Niederfrequenzbereich.<\/p>\n<p><a class=\"button button_size_2 button_dark\" href=\"https:\/\/grupotorivac.com\/wp-content\/uploads\/2023\/02\/CHOQUES-TOROIDALES.pdf\" target=\"_blank\" rel=\"noopener\"><span class=\"button_label\"><strong>Siehe technisches Datenblatt<\/strong><\/span><\/a><\/p>\n","protected":false},"featured_media":920,"template":"","meta":{"_acf_changed":false},"product_brand":[],"product_cat":[574],"product_tag":[],"class_list":{"0":"post-16343","1":"product","2":"type-product","3":"status-publish","4":"has-post-thumbnail","6":"product_cat-smoorspoelen-inductanties-toroidale-reactanties","8":"first","9":"outofstock","10":"product-type-variable"},"acf":[],"yoast_head":"<!-- This site is optimized with the Yoast SEO plugin v27.2 - https:\/\/yoast.com\/product\/yoast-seo-wordpress\/ -->\n<title>Drosseln | Induktivit\u00e4ten | Ringkerndrosseln - Torivac<\/title>\n<meta name=\"description\" content=\"Ringkerndrosseln aus Eisenpulver sind die idealen induktiven Bauteile f\u00fcr die Entwicklung und Herstellung von DC\/DC-Wandlern oder AC\/DC-Schaltnetzteilen.\" \/>\n<meta name=\"robots\" content=\"index, follow, max-snippet:-1, max-image-preview:large, max-video-preview:-1\" \/>\n<link rel=\"canonical\" href=\"https:\/\/grupotorivac.com\/de\/product\/drosseln-induktivitaeten-ringkerndrosseln\/\" \/>\n<meta property=\"og:locale\" content=\"de_DE\" \/>\n<meta property=\"og:type\" content=\"article\" \/>\n<meta property=\"og:title\" content=\"Drosseln | Induktivit\u00e4ten | Ringkerndrosseln - Torivac\" \/>\n<meta property=\"og:description\" content=\"Ringkerndrosseln aus Eisenpulver sind die idealen induktiven Bauteile f\u00fcr die Entwicklung und Herstellung von DC\/DC-Wandlern oder AC\/DC-Schaltnetzteilen.\" \/>\n<meta property=\"og:url\" content=\"https:\/\/grupotorivac.com\/de\/product\/drosseln-induktivitaeten-ringkerndrosseln\/\" \/>\n<meta property=\"og:site_name\" content=\"Torivac\" \/>\n<meta property=\"article:modified_time\" content=\"2026-03-17T18:09:47+00:00\" \/>\n<meta property=\"og:image\" content=\"https:\/\/grupotorivac.com\/wp-content\/uploads\/2022\/06\/choque_toroidal-300x300-2.jpg\" \/>\n\t<meta property=\"og:image:width\" content=\"300\" \/>\n\t<meta property=\"og:image:height\" content=\"300\" \/>\n\t<meta property=\"og:image:type\" content=\"image\/png\" \/>\n<meta name=\"twitter:card\" content=\"summary_large_image\" \/>\n<meta name=\"twitter:label1\" content=\"Gesch\u00e4tzte Lesezeit\" \/>\n\t<meta name=\"twitter:data1\" content=\"1\u00a0Minute\" \/>\n<script type=\"application\/ld+json\" class=\"yoast-schema-graph\">{\"@context\":\"https:\/\/schema.org\",\"@graph\":[{\"@type\":\"WebPage\",\"@id\":\"https:\/\/grupotorivac.com\/de\/product\/drosseln-induktivitaeten-ringkerndrosseln\/\",\"url\":\"https:\/\/grupotorivac.com\/de\/product\/drosseln-induktivitaeten-ringkerndrosseln\/\",\"name\":\"Drosseln | Induktivit\u00e4ten | Ringkerndrosseln - Torivac\",\"isPartOf\":{\"@id\":\"https:\/\/grupotorivac.com\/#website\"},\"primaryImageOfPage\":{\"@id\":\"https:\/\/grupotorivac.com\/de\/product\/drosseln-induktivitaeten-ringkerndrosseln\/#primaryimage\"},\"image\":{\"@id\":\"https:\/\/grupotorivac.com\/de\/product\/drosseln-induktivitaeten-ringkerndrosseln\/#primaryimage\"},\"thumbnailUrl\":\"https:\/\/grupotorivac.com\/wp-content\/uploads\/2022\/06\/choque_toroidal-300x300-2.jpg\",\"datePublished\":\"2022-06-06T12:49:57+00:00\",\"dateModified\":\"2026-03-17T18:09:47+00:00\",\"description\":\"Ringkerndrosseln aus Eisenpulver sind die idealen induktiven Bauteile f\u00fcr die Entwicklung und Herstellung von DC\/DC-Wandlern oder AC\/DC-Schaltnetzteilen.\",\"breadcrumb\":{\"@id\":\"https:\/\/grupotorivac.com\/de\/product\/drosseln-induktivitaeten-ringkerndrosseln\/#breadcrumb\"},\"inLanguage\":\"de\",\"potentialAction\":[{\"@type\":\"ReadAction\",\"target\":[\"https:\/\/grupotorivac.com\/de\/product\/drosseln-induktivitaeten-ringkerndrosseln\/\"]}]},{\"@type\":\"ImageObject\",\"inLanguage\":\"de\",\"@id\":\"https:\/\/grupotorivac.com\/de\/product\/drosseln-induktivitaeten-ringkerndrosseln\/#primaryimage\",\"url\":\"https:\/\/grupotorivac.com\/wp-content\/uploads\/2022\/06\/choque_toroidal-300x300-2.jpg\",\"contentUrl\":\"https:\/\/grupotorivac.com\/wp-content\/uploads\/2022\/06\/choque_toroidal-300x300-2.jpg\",\"width\":300,\"height\":300},{\"@type\":\"BreadcrumbList\",\"@id\":\"https:\/\/grupotorivac.com\/de\/product\/drosseln-induktivitaeten-ringkerndrosseln\/#breadcrumb\",\"itemListElement\":[{\"@type\":\"ListItem\",\"position\":1,\"name\":\"Portada\",\"item\":\"https:\/\/grupotorivac.com\/de\/\"},{\"@type\":\"ListItem\",\"position\":2,\"name\":\"Products\",\"item\":\"https:\/\/grupotorivac.com\/en\/shop\/\"},{\"@type\":\"ListItem\",\"position\":3,\"name\":\"Drosseln | Induktivit\u00e4ten | Ringkerndrosseln\"}]},{\"@type\":\"WebSite\",\"@id\":\"https:\/\/grupotorivac.com\/#website\",\"url\":\"https:\/\/grupotorivac.com\/\",\"name\":\"Torivac\",\"description\":\"Especializados en dise\u00f1o y fabricaci\u00f3n de variados de tensi\u00f3n\",\"publisher\":{\"@id\":\"https:\/\/grupotorivac.com\/#organization\"},\"alternateName\":\"Torivac S.L\",\"potentialAction\":[{\"@type\":\"SearchAction\",\"target\":{\"@type\":\"EntryPoint\",\"urlTemplate\":\"https:\/\/grupotorivac.com\/?s={search_term_string}\"},\"query-input\":{\"@type\":\"PropertyValueSpecification\",\"valueRequired\":true,\"valueName\":\"search_term_string\"}}],\"inLanguage\":\"de\"},{\"@type\":\"Organization\",\"@id\":\"https:\/\/grupotorivac.com\/#organization\",\"name\":\"Torivac\",\"alternateName\":\"Torivac S.L\",\"url\":\"https:\/\/grupotorivac.com\/\",\"logo\":{\"@type\":\"ImageObject\",\"inLanguage\":\"de\",\"@id\":\"https:\/\/grupotorivac.com\/#\/schema\/logo\/image\/\",\"url\":\"https:\/\/grupotorivac.com\/wp-content\/uploads\/2025\/02\/Diseno-sin-titulo-73.png\",\"contentUrl\":\"https:\/\/grupotorivac.com\/wp-content\/uploads\/2025\/02\/Diseno-sin-titulo-73.png\",\"width\":250,\"height\":250,\"caption\":\"Torivac\"},\"image\":{\"@id\":\"https:\/\/grupotorivac.com\/#\/schema\/logo\/image\/\"}}]}<\/script>\n<!-- \/ Yoast SEO plugin. -->","yoast_head_json":{"title":"Drosseln | Induktivit\u00e4ten | Ringkerndrosseln - Torivac","description":"Ringkerndrosseln aus Eisenpulver sind die idealen induktiven Bauteile f\u00fcr die Entwicklung und Herstellung von DC\/DC-Wandlern oder AC\/DC-Schaltnetzteilen.","robots":{"index":"index","follow":"follow","max-snippet":"max-snippet:-1","max-image-preview":"max-image-preview:large","max-video-preview":"max-video-preview:-1"},"canonical":"https:\/\/grupotorivac.com\/de\/product\/drosseln-induktivitaeten-ringkerndrosseln\/","og_locale":"de_DE","og_type":"article","og_title":"Drosseln | Induktivit\u00e4ten | Ringkerndrosseln - Torivac","og_description":"Ringkerndrosseln aus Eisenpulver sind die idealen induktiven Bauteile f\u00fcr die Entwicklung und Herstellung von DC\/DC-Wandlern oder AC\/DC-Schaltnetzteilen.","og_url":"https:\/\/grupotorivac.com\/de\/product\/drosseln-induktivitaeten-ringkerndrosseln\/","og_site_name":"Torivac","article_modified_time":"2026-03-17T18:09:47+00:00","og_image":[{"width":300,"height":300,"url":"https:\/\/grupotorivac.com\/wp-content\/uploads\/2022\/06\/choque_toroidal-300x300-2.jpg","type":"image\/png"}],"twitter_card":"summary_large_image","twitter_misc":{"Gesch\u00e4tzte Lesezeit":"1\u00a0Minute"},"schema":{"@context":"https:\/\/schema.org","@graph":[{"@type":"WebPage","@id":"https:\/\/grupotorivac.com\/de\/product\/drosseln-induktivitaeten-ringkerndrosseln\/","url":"https:\/\/grupotorivac.com\/de\/product\/drosseln-induktivitaeten-ringkerndrosseln\/","name":"Drosseln | Induktivit\u00e4ten | Ringkerndrosseln - Torivac","isPartOf":{"@id":"https:\/\/grupotorivac.com\/#website"},"primaryImageOfPage":{"@id":"https:\/\/grupotorivac.com\/de\/product\/drosseln-induktivitaeten-ringkerndrosseln\/#primaryimage"},"image":{"@id":"https:\/\/grupotorivac.com\/de\/product\/drosseln-induktivitaeten-ringkerndrosseln\/#primaryimage"},"thumbnailUrl":"https:\/\/grupotorivac.com\/wp-content\/uploads\/2022\/06\/choque_toroidal-300x300-2.jpg","datePublished":"2022-06-06T12:49:57+00:00","dateModified":"2026-03-17T18:09:47+00:00","description":"Ringkerndrosseln aus Eisenpulver sind die idealen induktiven Bauteile f\u00fcr die Entwicklung und Herstellung von DC\/DC-Wandlern oder AC\/DC-Schaltnetzteilen.","breadcrumb":{"@id":"https:\/\/grupotorivac.com\/de\/product\/drosseln-induktivitaeten-ringkerndrosseln\/#breadcrumb"},"inLanguage":"de","potentialAction":[{"@type":"ReadAction","target":["https:\/\/grupotorivac.com\/de\/product\/drosseln-induktivitaeten-ringkerndrosseln\/"]}]},{"@type":"ImageObject","inLanguage":"de","@id":"https:\/\/grupotorivac.com\/de\/product\/drosseln-induktivitaeten-ringkerndrosseln\/#primaryimage","url":"https:\/\/grupotorivac.com\/wp-content\/uploads\/2022\/06\/choque_toroidal-300x300-2.jpg","contentUrl":"https:\/\/grupotorivac.com\/wp-content\/uploads\/2022\/06\/choque_toroidal-300x300-2.jpg","width":300,"height":300},{"@type":"BreadcrumbList","@id":"https:\/\/grupotorivac.com\/de\/product\/drosseln-induktivitaeten-ringkerndrosseln\/#breadcrumb","itemListElement":[{"@type":"ListItem","position":1,"name":"Portada","item":"https:\/\/grupotorivac.com\/de\/"},{"@type":"ListItem","position":2,"name":"Products","item":"https:\/\/grupotorivac.com\/en\/shop\/"},{"@type":"ListItem","position":3,"name":"Drosseln | Induktivit\u00e4ten | Ringkerndrosseln"}]},{"@type":"WebSite","@id":"https:\/\/grupotorivac.com\/#website","url":"https:\/\/grupotorivac.com\/","name":"Torivac","description":"Especializados en dise\u00f1o y fabricaci\u00f3n de variados de tensi\u00f3n","publisher":{"@id":"https:\/\/grupotorivac.com\/#organization"},"alternateName":"Torivac S.L","potentialAction":[{"@type":"SearchAction","target":{"@type":"EntryPoint","urlTemplate":"https:\/\/grupotorivac.com\/?s={search_term_string}"},"query-input":{"@type":"PropertyValueSpecification","valueRequired":true,"valueName":"search_term_string"}}],"inLanguage":"de"},{"@type":"Organization","@id":"https:\/\/grupotorivac.com\/#organization","name":"Torivac","alternateName":"Torivac S.L","url":"https:\/\/grupotorivac.com\/","logo":{"@type":"ImageObject","inLanguage":"de","@id":"https:\/\/grupotorivac.com\/#\/schema\/logo\/image\/","url":"https:\/\/grupotorivac.com\/wp-content\/uploads\/2025\/02\/Diseno-sin-titulo-73.png","contentUrl":"https:\/\/grupotorivac.com\/wp-content\/uploads\/2025\/02\/Diseno-sin-titulo-73.png","width":250,"height":250,"caption":"Torivac"},"image":{"@id":"https:\/\/grupotorivac.com\/#\/schema\/logo\/image\/"}}]}},"_links":{"self":[{"href":"https:\/\/grupotorivac.com\/de\/wp-json\/wp\/v2\/product\/16343","targetHints":{"allow":["GET"]}}],"collection":[{"href":"https:\/\/grupotorivac.com\/de\/wp-json\/wp\/v2\/product"}],"about":[{"href":"https:\/\/grupotorivac.com\/de\/wp-json\/wp\/v2\/types\/product"}],"wp:featuredmedia":[{"embeddable":true,"href":"https:\/\/grupotorivac.com\/de\/wp-json\/wp\/v2\/media\/920"}],"wp:attachment":[{"href":"https:\/\/grupotorivac.com\/de\/wp-json\/wp\/v2\/media?parent=16343"}],"wp:term":[{"taxonomy":"product_brand","embeddable":true,"href":"https:\/\/grupotorivac.com\/de\/wp-json\/wp\/v2\/product_brand?post=16343"},{"taxonomy":"product_cat","embeddable":true,"href":"https:\/\/grupotorivac.com\/de\/wp-json\/wp\/v2\/product_cat?post=16343"},{"taxonomy":"product_tag","embeddable":true,"href":"https:\/\/grupotorivac.com\/de\/wp-json\/wp\/v2\/product_tag?post=16343"}],"curies":[{"name":"wp","href":"https:\/\/api.w.org\/{rel}","templated":true}]}}