{"id":16327,"date":"2022-06-06T12:49:11","date_gmt":"2022-06-06T12:49:11","guid":{"rendered":"https:\/\/grupotorivac.com\/product\/reostatos-y-potenciometros-bobinados-4\/"},"modified":"2026-03-17T16:17:57","modified_gmt":"2026-03-17T16:17:57","slug":"rheostate-und-potentiometer-einzelwicklung-5w","status":"publish","type":"product","link":"https:\/\/grupotorivac.com\/de\/product\/rheostate-und-potentiometer-einzelwicklung-5w\/","title":{"rendered":"Rheostate und Potentiometer Einzelwicklung 5W"},"content":{"rendered":"","protected":false},"excerpt":{"rendered":"<p>Die sorgf\u00e4ltige Wicklung des Heizelements und das originelle Design eines sehr empfindlichen Schiebersystems sorgen f\u00fcr einen sehr sanften, pr\u00e4zisen und langlebigen Betrieb. Bei der B\u00fcrste handelt es sich um eine kippbare Messingwalze, die auf der flachen Oberfl\u00e4che des Heizelements mit dem richtigen Druck rotiert, um einen guten Kontakt und eine sehr hohe Anzahl von Man\u00f6vern zu gew\u00e4hrleisten. Der Restwiderstand zu Beginn und am Ende des Hubes ist praktisch gleich null.  <\/p>\n<p><a class=\"button button_size_2 button_dark\" href=\"https:\/\/grupotorivac.com\/wp-content\/uploads\/2023\/02\/POTENCIOMETRO-5W.pdf\" target=\"_blank\" rel=\"noopener\"><span class=\"button_label\"><strong>Siehe technisches Datenblatt<\/strong><\/span><\/a><\/p>\n","protected":false},"featured_media":783,"template":"","meta":{"_acf_changed":false},"product_brand":[],"product_cat":[603,601],"product_tag":[],"class_list":{"0":"post-16327","1":"product","2":"type-product","3":"status-publish","4":"has-post-thumbnail","6":"product_cat-einfach","7":"product_cat-potentiometer","9":"first","10":"instock","11":"product-type-simple"},"acf":[],"yoast_head":"<!-- This site is optimized with the Yoast SEO plugin v27.2 - https:\/\/yoast.com\/product\/yoast-seo-wordpress\/ -->\n<title>Rheostate und Potentiometer Einzelwicklung 5W - Torivac<\/title>\n<meta name=\"robots\" content=\"index, follow, max-snippet:-1, max-image-preview:large, max-video-preview:-1\" \/>\n<link rel=\"canonical\" href=\"https:\/\/grupotorivac.com\/de\/product\/rheostate-und-potentiometer-einzelwicklung-5w\/\" \/>\n<meta property=\"og:locale\" content=\"de_DE\" \/>\n<meta property=\"og:type\" content=\"article\" \/>\n<meta property=\"og:title\" content=\"Rheostate und Potentiometer Einzelwicklung 5W - Torivac\" \/>\n<meta property=\"og:description\" content=\"Die sorgf\u00e4ltige Wicklung des Heizelements und das originelle Design eines sehr empfindlichen Schiebersystems sorgen f\u00fcr einen sehr sanften, pr\u00e4zisen und langlebigen Betrieb. Bei der B\u00fcrste handelt es sich um eine kippbare Messingwalze, die auf der flachen Oberfl\u00e4che des Heizelements mit dem richtigen Druck rotiert, um einen guten Kontakt und eine sehr hohe Anzahl von Man\u00f6vern zu gew\u00e4hrleisten. Der Restwiderstand zu Beginn und am Ende des Hubes ist praktisch gleich null.  Siehe technisches Datenblatt\" \/>\n<meta property=\"og:url\" content=\"https:\/\/grupotorivac.com\/de\/product\/rheostate-und-potentiometer-einzelwicklung-5w\/\" \/>\n<meta property=\"og:site_name\" content=\"Torivac\" \/>\n<meta property=\"article:modified_time\" content=\"2026-03-17T16:17:57+00:00\" \/>\n<meta property=\"og:image\" content=\"https:\/\/grupotorivac.com\/wp-content\/uploads\/2022\/06\/potenciometro-5w-torivac.jpg\" \/>\n\t<meta property=\"og:image:width\" content=\"800\" \/>\n\t<meta property=\"og:image:height\" content=\"800\" \/>\n\t<meta property=\"og:image:type\" content=\"image\/png\" \/>\n<meta name=\"twitter:card\" content=\"summary_large_image\" \/>\n<script type=\"application\/ld+json\" class=\"yoast-schema-graph\">{\"@context\":\"https:\/\/schema.org\",\"@graph\":[{\"@type\":\"WebPage\",\"@id\":\"https:\/\/grupotorivac.com\/de\/product\/rheostate-und-potentiometer-einzelwicklung-5w\/\",\"url\":\"https:\/\/grupotorivac.com\/de\/product\/rheostate-und-potentiometer-einzelwicklung-5w\/\",\"name\":\"Rheostate und Potentiometer Einzelwicklung 5W - Torivac\",\"isPartOf\":{\"@id\":\"https:\/\/grupotorivac.com\/#website\"},\"primaryImageOfPage\":{\"@id\":\"https:\/\/grupotorivac.com\/de\/product\/rheostate-und-potentiometer-einzelwicklung-5w\/#primaryimage\"},\"image\":{\"@id\":\"https:\/\/grupotorivac.com\/de\/product\/rheostate-und-potentiometer-einzelwicklung-5w\/#primaryimage\"},\"thumbnailUrl\":\"https:\/\/grupotorivac.com\/wp-content\/uploads\/2022\/06\/potenciometro-5w-torivac.jpg\",\"datePublished\":\"2022-06-06T12:49:11+00:00\",\"dateModified\":\"2026-03-17T16:17:57+00:00\",\"breadcrumb\":{\"@id\":\"https:\/\/grupotorivac.com\/de\/product\/rheostate-und-potentiometer-einzelwicklung-5w\/#breadcrumb\"},\"inLanguage\":\"de\",\"potentialAction\":[{\"@type\":\"ReadAction\",\"target\":[\"https:\/\/grupotorivac.com\/de\/product\/rheostate-und-potentiometer-einzelwicklung-5w\/\"]}]},{\"@type\":\"ImageObject\",\"inLanguage\":\"de\",\"@id\":\"https:\/\/grupotorivac.com\/de\/product\/rheostate-und-potentiometer-einzelwicklung-5w\/#primaryimage\",\"url\":\"https:\/\/grupotorivac.com\/wp-content\/uploads\/2022\/06\/potenciometro-5w-torivac.jpg\",\"contentUrl\":\"https:\/\/grupotorivac.com\/wp-content\/uploads\/2022\/06\/potenciometro-5w-torivac.jpg\",\"width\":800,\"height\":800},{\"@type\":\"BreadcrumbList\",\"@id\":\"https:\/\/grupotorivac.com\/de\/product\/rheostate-und-potentiometer-einzelwicklung-5w\/#breadcrumb\",\"itemListElement\":[{\"@type\":\"ListItem\",\"position\":1,\"name\":\"Portada\",\"item\":\"https:\/\/grupotorivac.com\/de\/\"},{\"@type\":\"ListItem\",\"position\":2,\"name\":\"Products\",\"item\":\"https:\/\/grupotorivac.com\/en\/shop\/\"},{\"@type\":\"ListItem\",\"position\":3,\"name\":\"Rheostate und Potentiometer Einzelwicklung 5W\"}]},{\"@type\":\"WebSite\",\"@id\":\"https:\/\/grupotorivac.com\/#website\",\"url\":\"https:\/\/grupotorivac.com\/\",\"name\":\"Torivac\",\"description\":\"Especializados en dise\u00f1o y fabricaci\u00f3n de variados de tensi\u00f3n\",\"publisher\":{\"@id\":\"https:\/\/grupotorivac.com\/#organization\"},\"alternateName\":\"Torivac S.L\",\"potentialAction\":[{\"@type\":\"SearchAction\",\"target\":{\"@type\":\"EntryPoint\",\"urlTemplate\":\"https:\/\/grupotorivac.com\/?s={search_term_string}\"},\"query-input\":{\"@type\":\"PropertyValueSpecification\",\"valueRequired\":true,\"valueName\":\"search_term_string\"}}],\"inLanguage\":\"de\"},{\"@type\":\"Organization\",\"@id\":\"https:\/\/grupotorivac.com\/#organization\",\"name\":\"Torivac\",\"alternateName\":\"Torivac S.L\",\"url\":\"https:\/\/grupotorivac.com\/\",\"logo\":{\"@type\":\"ImageObject\",\"inLanguage\":\"de\",\"@id\":\"https:\/\/grupotorivac.com\/#\/schema\/logo\/image\/\",\"url\":\"https:\/\/grupotorivac.com\/wp-content\/uploads\/2025\/02\/Diseno-sin-titulo-73.png\",\"contentUrl\":\"https:\/\/grupotorivac.com\/wp-content\/uploads\/2025\/02\/Diseno-sin-titulo-73.png\",\"width\":250,\"height\":250,\"caption\":\"Torivac\"},\"image\":{\"@id\":\"https:\/\/grupotorivac.com\/#\/schema\/logo\/image\/\"}}]}<\/script>\n<!-- \/ Yoast SEO plugin. -->","yoast_head_json":{"title":"Rheostate und Potentiometer Einzelwicklung 5W - Torivac","robots":{"index":"index","follow":"follow","max-snippet":"max-snippet:-1","max-image-preview":"max-image-preview:large","max-video-preview":"max-video-preview:-1"},"canonical":"https:\/\/grupotorivac.com\/de\/product\/rheostate-und-potentiometer-einzelwicklung-5w\/","og_locale":"de_DE","og_type":"article","og_title":"Rheostate und Potentiometer Einzelwicklung 5W - Torivac","og_description":"Die sorgf\u00e4ltige Wicklung des Heizelements und das originelle Design eines sehr empfindlichen Schiebersystems sorgen f\u00fcr einen sehr sanften, pr\u00e4zisen und langlebigen Betrieb. Bei der B\u00fcrste handelt es sich um eine kippbare Messingwalze, die auf der flachen Oberfl\u00e4che des Heizelements mit dem richtigen Druck rotiert, um einen guten Kontakt und eine sehr hohe Anzahl von Man\u00f6vern zu gew\u00e4hrleisten. Der Restwiderstand zu Beginn und am Ende des Hubes ist praktisch gleich null.  Siehe technisches Datenblatt","og_url":"https:\/\/grupotorivac.com\/de\/product\/rheostate-und-potentiometer-einzelwicklung-5w\/","og_site_name":"Torivac","article_modified_time":"2026-03-17T16:17:57+00:00","og_image":[{"width":800,"height":800,"url":"https:\/\/grupotorivac.com\/wp-content\/uploads\/2022\/06\/potenciometro-5w-torivac.jpg","type":"image\/png"}],"twitter_card":"summary_large_image","schema":{"@context":"https:\/\/schema.org","@graph":[{"@type":"WebPage","@id":"https:\/\/grupotorivac.com\/de\/product\/rheostate-und-potentiometer-einzelwicklung-5w\/","url":"https:\/\/grupotorivac.com\/de\/product\/rheostate-und-potentiometer-einzelwicklung-5w\/","name":"Rheostate und Potentiometer Einzelwicklung 5W - Torivac","isPartOf":{"@id":"https:\/\/grupotorivac.com\/#website"},"primaryImageOfPage":{"@id":"https:\/\/grupotorivac.com\/de\/product\/rheostate-und-potentiometer-einzelwicklung-5w\/#primaryimage"},"image":{"@id":"https:\/\/grupotorivac.com\/de\/product\/rheostate-und-potentiometer-einzelwicklung-5w\/#primaryimage"},"thumbnailUrl":"https:\/\/grupotorivac.com\/wp-content\/uploads\/2022\/06\/potenciometro-5w-torivac.jpg","datePublished":"2022-06-06T12:49:11+00:00","dateModified":"2026-03-17T16:17:57+00:00","breadcrumb":{"@id":"https:\/\/grupotorivac.com\/de\/product\/rheostate-und-potentiometer-einzelwicklung-5w\/#breadcrumb"},"inLanguage":"de","potentialAction":[{"@type":"ReadAction","target":["https:\/\/grupotorivac.com\/de\/product\/rheostate-und-potentiometer-einzelwicklung-5w\/"]}]},{"@type":"ImageObject","inLanguage":"de","@id":"https:\/\/grupotorivac.com\/de\/product\/rheostate-und-potentiometer-einzelwicklung-5w\/#primaryimage","url":"https:\/\/grupotorivac.com\/wp-content\/uploads\/2022\/06\/potenciometro-5w-torivac.jpg","contentUrl":"https:\/\/grupotorivac.com\/wp-content\/uploads\/2022\/06\/potenciometro-5w-torivac.jpg","width":800,"height":800},{"@type":"BreadcrumbList","@id":"https:\/\/grupotorivac.com\/de\/product\/rheostate-und-potentiometer-einzelwicklung-5w\/#breadcrumb","itemListElement":[{"@type":"ListItem","position":1,"name":"Portada","item":"https:\/\/grupotorivac.com\/de\/"},{"@type":"ListItem","position":2,"name":"Products","item":"https:\/\/grupotorivac.com\/en\/shop\/"},{"@type":"ListItem","position":3,"name":"Rheostate und Potentiometer Einzelwicklung 5W"}]},{"@type":"WebSite","@id":"https:\/\/grupotorivac.com\/#website","url":"https:\/\/grupotorivac.com\/","name":"Torivac","description":"Especializados en dise\u00f1o y fabricaci\u00f3n de variados de tensi\u00f3n","publisher":{"@id":"https:\/\/grupotorivac.com\/#organization"},"alternateName":"Torivac S.L","potentialAction":[{"@type":"SearchAction","target":{"@type":"EntryPoint","urlTemplate":"https:\/\/grupotorivac.com\/?s={search_term_string}"},"query-input":{"@type":"PropertyValueSpecification","valueRequired":true,"valueName":"search_term_string"}}],"inLanguage":"de"},{"@type":"Organization","@id":"https:\/\/grupotorivac.com\/#organization","name":"Torivac","alternateName":"Torivac S.L","url":"https:\/\/grupotorivac.com\/","logo":{"@type":"ImageObject","inLanguage":"de","@id":"https:\/\/grupotorivac.com\/#\/schema\/logo\/image\/","url":"https:\/\/grupotorivac.com\/wp-content\/uploads\/2025\/02\/Diseno-sin-titulo-73.png","contentUrl":"https:\/\/grupotorivac.com\/wp-content\/uploads\/2025\/02\/Diseno-sin-titulo-73.png","width":250,"height":250,"caption":"Torivac"},"image":{"@id":"https:\/\/grupotorivac.com\/#\/schema\/logo\/image\/"}}]}},"_links":{"self":[{"href":"https:\/\/grupotorivac.com\/de\/wp-json\/wp\/v2\/product\/16327","targetHints":{"allow":["GET"]}}],"collection":[{"href":"https:\/\/grupotorivac.com\/de\/wp-json\/wp\/v2\/product"}],"about":[{"href":"https:\/\/grupotorivac.com\/de\/wp-json\/wp\/v2\/types\/product"}],"wp:featuredmedia":[{"embeddable":true,"href":"https:\/\/grupotorivac.com\/de\/wp-json\/wp\/v2\/media\/783"}],"wp:attachment":[{"href":"https:\/\/grupotorivac.com\/de\/wp-json\/wp\/v2\/media?parent=16327"}],"wp:term":[{"taxonomy":"product_brand","embeddable":true,"href":"https:\/\/grupotorivac.com\/de\/wp-json\/wp\/v2\/product_brand?post=16327"},{"taxonomy":"product_cat","embeddable":true,"href":"https:\/\/grupotorivac.com\/de\/wp-json\/wp\/v2\/product_cat?post=16327"},{"taxonomy":"product_tag","embeddable":true,"href":"https:\/\/grupotorivac.com\/de\/wp-json\/wp\/v2\/product_tag?post=16327"}],"curies":[{"name":"wp","href":"https:\/\/api.w.org\/{rel}","templated":true}]}}