{"id":16320,"date":"2022-06-06T12:48:52","date_gmt":"2022-06-06T12:48:52","guid":{"rendered":"https:\/\/grupotorivac.com\/product\/comunicacion-modbus-2\/"},"modified":"2026-03-17T14:57:22","modified_gmt":"2026-03-17T14:57:22","slug":"modbus-kommunikation","status":"publish","type":"product","link":"https:\/\/grupotorivac.com\/de\/product\/modbus-kommunikation\/","title":{"rendered":"MODBUS-Kommunikation"},"content":{"rendered":"<p><strong>Tickets erh\u00e4ltlich:<\/strong><\/p>\n<ul>\n<li>Netzspannung<\/li>\n<li>Phase\/Neutralspannung<\/li>\n<li>Strom pro Phase<\/li>\n<li>Steuersignal 0-10VDC<\/li>\n<li>Potentiometer<\/li>\n<li>MODBUS<\/li>\n<\/ul>\n<p><strong>Auf dem Bildschirm angezeigte Parameterausgaben<\/strong><\/p>\n<ul>\n<li>Netzspannung<\/li>\n<li>Phase\/Neutralspannung<\/li>\n<li>Strom pro Phase<\/li>\n<li>Wirkleistung<\/li>\n<li>Blindleistung<\/li>\n<li>Scheinenergie<\/li>\n<li>Frequenz<\/li>\n<li>Phi<\/li>\n<li>Alarm Status<\/li>\n<\/ul>\n<p>Er verf\u00fcgt \u00fcber 4 programmierbare Relaisausg\u00e4nge zur Verwaltung von Alarmen oder benachbarten Systemen.<\/p>\n","protected":false},"excerpt":{"rendered":"<p>Mit diesem elektronischen Treiber kann das elektrische System, an das er angeschlossen ist, verwaltet und parametrisiert werden, so dass er unter Ber\u00fccksichtigung der programmierten Logik und des Status der Ein- und Ausg\u00e4nge auf den Wechselrichtermotor einwirken kann.<br \/>\nEs erm\u00f6glicht eine individuelle Stabilisierung der Spannung zwischen den Phasen, indem es auf drei Motoren gleichzeitig einwirkt und sie auf die gew\u00fcnschte Spannung einstellt, wobei eine Phasendifferenz zwischen den Spannungen erreicht wird &lt;0,5%<br \/>\nDieses System wird nach den Bed\u00fcrfnissen jedes Kunden programmiert, so dass es an jedes angrenzende System angepasst werden kann oder es auf die gew\u00fcnschte Art und Weise funktionieren kann, indem Rampen, Sicherheitsparameter usw. angewendet werden.<\/p>\n","protected":false},"featured_media":15405,"template":"","meta":{"_acf_changed":false},"product_brand":[],"product_cat":[533,555],"product_tag":[],"class_list":{"0":"post-16320","1":"product","2":"type-product","3":"status-publish","4":"has-post-thumbnail","6":"product_cat-spannungsregler-einstellbare-spartransformatoren","7":"product_cat-zubehor-zum-regulieren","9":"first","10":"instock","11":"product-type-simple"},"acf":[],"yoast_head":"<!-- This site is optimized with the Yoast SEO plugin v27.2 - https:\/\/yoast.com\/product\/yoast-seo-wordpress\/ -->\n<title>MODBUS-Kommunikation - Torivac<\/title>\n<meta name=\"robots\" content=\"index, follow, max-snippet:-1, max-image-preview:large, max-video-preview:-1\" \/>\n<link rel=\"canonical\" href=\"https:\/\/grupotorivac.com\/de\/product\/modbus-kommunikation\/\" \/>\n<meta property=\"og:locale\" content=\"de_DE\" \/>\n<meta property=\"og:type\" content=\"article\" \/>\n<meta property=\"og:title\" content=\"MODBUS-Kommunikation - Torivac\" \/>\n<meta property=\"og:description\" content=\"Mit diesem elektronischen Treiber kann das elektrische System, an das er angeschlossen ist, verwaltet und parametrisiert werden, so dass er unter Ber\u00fccksichtigung der programmierten Logik und des Status der Ein- und Ausg\u00e4nge auf den Wechselrichtermotor einwirken kann. Es erm\u00f6glicht eine individuelle Stabilisierung der Spannung zwischen den Phasen, indem es auf drei Motoren gleichzeitig einwirkt und sie auf die gew\u00fcnschte Spannung einstellt, wobei eine Phasendifferenz zwischen den Spannungen erreicht wird &lt;0,5% Dieses System wird nach den Bed\u00fcrfnissen jedes Kunden programmiert, so dass es an jedes angrenzende System angepasst werden kann oder es auf die gew\u00fcnschte Art und Weise funktionieren kann, indem Rampen, Sicherheitsparameter usw. angewendet werden.\" \/>\n<meta property=\"og:url\" content=\"https:\/\/grupotorivac.com\/de\/product\/modbus-kommunikation\/\" \/>\n<meta property=\"og:site_name\" content=\"Torivac\" \/>\n<meta property=\"article:modified_time\" content=\"2026-03-17T14:57:22+00:00\" \/>\n<meta property=\"og:image\" content=\"https:\/\/grupotorivac.com\/wp-content\/uploads\/2022\/06\/WhatsApp-Image-2026-02-25-at-10.48.06.jpeg\" \/>\n\t<meta property=\"og:image:width\" content=\"1600\" \/>\n\t<meta property=\"og:image:height\" content=\"1066\" \/>\n\t<meta property=\"og:image:type\" content=\"image\/jpeg\" \/>\n<meta name=\"twitter:card\" content=\"summary_large_image\" \/>\n<script type=\"application\/ld+json\" class=\"yoast-schema-graph\">{\"@context\":\"https:\/\/schema.org\",\"@graph\":[{\"@type\":\"WebPage\",\"@id\":\"https:\/\/grupotorivac.com\/de\/product\/modbus-kommunikation\/\",\"url\":\"https:\/\/grupotorivac.com\/de\/product\/modbus-kommunikation\/\",\"name\":\"MODBUS-Kommunikation - Torivac\",\"isPartOf\":{\"@id\":\"https:\/\/grupotorivac.com\/#website\"},\"primaryImageOfPage\":{\"@id\":\"https:\/\/grupotorivac.com\/de\/product\/modbus-kommunikation\/#primaryimage\"},\"image\":{\"@id\":\"https:\/\/grupotorivac.com\/de\/product\/modbus-kommunikation\/#primaryimage\"},\"thumbnailUrl\":\"https:\/\/grupotorivac.com\/wp-content\/uploads\/2022\/06\/WhatsApp-Image-2026-02-25-at-10.48.06.jpeg\",\"datePublished\":\"2022-06-06T12:48:52+00:00\",\"dateModified\":\"2026-03-17T14:57:22+00:00\",\"breadcrumb\":{\"@id\":\"https:\/\/grupotorivac.com\/de\/product\/modbus-kommunikation\/#breadcrumb\"},\"inLanguage\":\"de\",\"potentialAction\":[{\"@type\":\"ReadAction\",\"target\":[\"https:\/\/grupotorivac.com\/de\/product\/modbus-kommunikation\/\"]}]},{\"@type\":\"ImageObject\",\"inLanguage\":\"de\",\"@id\":\"https:\/\/grupotorivac.com\/de\/product\/modbus-kommunikation\/#primaryimage\",\"url\":\"https:\/\/grupotorivac.com\/wp-content\/uploads\/2022\/06\/WhatsApp-Image-2026-02-25-at-10.48.06.jpeg\",\"contentUrl\":\"https:\/\/grupotorivac.com\/wp-content\/uploads\/2022\/06\/WhatsApp-Image-2026-02-25-at-10.48.06.jpeg\",\"width\":1600,\"height\":1066,\"caption\":\"Comunicaci\u00f3n MODBUS\"},{\"@type\":\"BreadcrumbList\",\"@id\":\"https:\/\/grupotorivac.com\/de\/product\/modbus-kommunikation\/#breadcrumb\",\"itemListElement\":[{\"@type\":\"ListItem\",\"position\":1,\"name\":\"Portada\",\"item\":\"https:\/\/grupotorivac.com\/de\/\"},{\"@type\":\"ListItem\",\"position\":2,\"name\":\"Products\",\"item\":\"https:\/\/grupotorivac.com\/en\/shop\/\"},{\"@type\":\"ListItem\",\"position\":3,\"name\":\"MODBUS-Kommunikation\"}]},{\"@type\":\"WebSite\",\"@id\":\"https:\/\/grupotorivac.com\/#website\",\"url\":\"https:\/\/grupotorivac.com\/\",\"name\":\"Torivac\",\"description\":\"Especializados en dise\u00f1o y fabricaci\u00f3n de variados de tensi\u00f3n\",\"publisher\":{\"@id\":\"https:\/\/grupotorivac.com\/#organization\"},\"alternateName\":\"Torivac S.L\",\"potentialAction\":[{\"@type\":\"SearchAction\",\"target\":{\"@type\":\"EntryPoint\",\"urlTemplate\":\"https:\/\/grupotorivac.com\/?s={search_term_string}\"},\"query-input\":{\"@type\":\"PropertyValueSpecification\",\"valueRequired\":true,\"valueName\":\"search_term_string\"}}],\"inLanguage\":\"de\"},{\"@type\":\"Organization\",\"@id\":\"https:\/\/grupotorivac.com\/#organization\",\"name\":\"Torivac\",\"alternateName\":\"Torivac S.L\",\"url\":\"https:\/\/grupotorivac.com\/\",\"logo\":{\"@type\":\"ImageObject\",\"inLanguage\":\"de\",\"@id\":\"https:\/\/grupotorivac.com\/#\/schema\/logo\/image\/\",\"url\":\"https:\/\/grupotorivac.com\/wp-content\/uploads\/2025\/02\/Diseno-sin-titulo-73.png\",\"contentUrl\":\"https:\/\/grupotorivac.com\/wp-content\/uploads\/2025\/02\/Diseno-sin-titulo-73.png\",\"width\":250,\"height\":250,\"caption\":\"Torivac\"},\"image\":{\"@id\":\"https:\/\/grupotorivac.com\/#\/schema\/logo\/image\/\"}}]}<\/script>\n<!-- \/ Yoast SEO plugin. -->","yoast_head_json":{"title":"MODBUS-Kommunikation - Torivac","robots":{"index":"index","follow":"follow","max-snippet":"max-snippet:-1","max-image-preview":"max-image-preview:large","max-video-preview":"max-video-preview:-1"},"canonical":"https:\/\/grupotorivac.com\/de\/product\/modbus-kommunikation\/","og_locale":"de_DE","og_type":"article","og_title":"MODBUS-Kommunikation - Torivac","og_description":"Mit diesem elektronischen Treiber kann das elektrische System, an das er angeschlossen ist, verwaltet und parametrisiert werden, so dass er unter Ber\u00fccksichtigung der programmierten Logik und des Status der Ein- und Ausg\u00e4nge auf den Wechselrichtermotor einwirken kann. Es erm\u00f6glicht eine individuelle Stabilisierung der Spannung zwischen den Phasen, indem es auf drei Motoren gleichzeitig einwirkt und sie auf die gew\u00fcnschte Spannung einstellt, wobei eine Phasendifferenz zwischen den Spannungen erreicht wird &lt;0,5% Dieses System wird nach den Bed\u00fcrfnissen jedes Kunden programmiert, so dass es an jedes angrenzende System angepasst werden kann oder es auf die gew\u00fcnschte Art und Weise funktionieren kann, indem Rampen, Sicherheitsparameter usw. angewendet werden.","og_url":"https:\/\/grupotorivac.com\/de\/product\/modbus-kommunikation\/","og_site_name":"Torivac","article_modified_time":"2026-03-17T14:57:22+00:00","og_image":[{"width":1600,"height":1066,"url":"https:\/\/grupotorivac.com\/wp-content\/uploads\/2022\/06\/WhatsApp-Image-2026-02-25-at-10.48.06.jpeg","type":"image\/jpeg"}],"twitter_card":"summary_large_image","schema":{"@context":"https:\/\/schema.org","@graph":[{"@type":"WebPage","@id":"https:\/\/grupotorivac.com\/de\/product\/modbus-kommunikation\/","url":"https:\/\/grupotorivac.com\/de\/product\/modbus-kommunikation\/","name":"MODBUS-Kommunikation - Torivac","isPartOf":{"@id":"https:\/\/grupotorivac.com\/#website"},"primaryImageOfPage":{"@id":"https:\/\/grupotorivac.com\/de\/product\/modbus-kommunikation\/#primaryimage"},"image":{"@id":"https:\/\/grupotorivac.com\/de\/product\/modbus-kommunikation\/#primaryimage"},"thumbnailUrl":"https:\/\/grupotorivac.com\/wp-content\/uploads\/2022\/06\/WhatsApp-Image-2026-02-25-at-10.48.06.jpeg","datePublished":"2022-06-06T12:48:52+00:00","dateModified":"2026-03-17T14:57:22+00:00","breadcrumb":{"@id":"https:\/\/grupotorivac.com\/de\/product\/modbus-kommunikation\/#breadcrumb"},"inLanguage":"de","potentialAction":[{"@type":"ReadAction","target":["https:\/\/grupotorivac.com\/de\/product\/modbus-kommunikation\/"]}]},{"@type":"ImageObject","inLanguage":"de","@id":"https:\/\/grupotorivac.com\/de\/product\/modbus-kommunikation\/#primaryimage","url":"https:\/\/grupotorivac.com\/wp-content\/uploads\/2022\/06\/WhatsApp-Image-2026-02-25-at-10.48.06.jpeg","contentUrl":"https:\/\/grupotorivac.com\/wp-content\/uploads\/2022\/06\/WhatsApp-Image-2026-02-25-at-10.48.06.jpeg","width":1600,"height":1066,"caption":"Comunicaci\u00f3n MODBUS"},{"@type":"BreadcrumbList","@id":"https:\/\/grupotorivac.com\/de\/product\/modbus-kommunikation\/#breadcrumb","itemListElement":[{"@type":"ListItem","position":1,"name":"Portada","item":"https:\/\/grupotorivac.com\/de\/"},{"@type":"ListItem","position":2,"name":"Products","item":"https:\/\/grupotorivac.com\/en\/shop\/"},{"@type":"ListItem","position":3,"name":"MODBUS-Kommunikation"}]},{"@type":"WebSite","@id":"https:\/\/grupotorivac.com\/#website","url":"https:\/\/grupotorivac.com\/","name":"Torivac","description":"Especializados en dise\u00f1o y fabricaci\u00f3n de variados de tensi\u00f3n","publisher":{"@id":"https:\/\/grupotorivac.com\/#organization"},"alternateName":"Torivac S.L","potentialAction":[{"@type":"SearchAction","target":{"@type":"EntryPoint","urlTemplate":"https:\/\/grupotorivac.com\/?s={search_term_string}"},"query-input":{"@type":"PropertyValueSpecification","valueRequired":true,"valueName":"search_term_string"}}],"inLanguage":"de"},{"@type":"Organization","@id":"https:\/\/grupotorivac.com\/#organization","name":"Torivac","alternateName":"Torivac S.L","url":"https:\/\/grupotorivac.com\/","logo":{"@type":"ImageObject","inLanguage":"de","@id":"https:\/\/grupotorivac.com\/#\/schema\/logo\/image\/","url":"https:\/\/grupotorivac.com\/wp-content\/uploads\/2025\/02\/Diseno-sin-titulo-73.png","contentUrl":"https:\/\/grupotorivac.com\/wp-content\/uploads\/2025\/02\/Diseno-sin-titulo-73.png","width":250,"height":250,"caption":"Torivac"},"image":{"@id":"https:\/\/grupotorivac.com\/#\/schema\/logo\/image\/"}}]}},"_links":{"self":[{"href":"https:\/\/grupotorivac.com\/de\/wp-json\/wp\/v2\/product\/16320","targetHints":{"allow":["GET"]}}],"collection":[{"href":"https:\/\/grupotorivac.com\/de\/wp-json\/wp\/v2\/product"}],"about":[{"href":"https:\/\/grupotorivac.com\/de\/wp-json\/wp\/v2\/types\/product"}],"wp:featuredmedia":[{"embeddable":true,"href":"https:\/\/grupotorivac.com\/de\/wp-json\/wp\/v2\/media\/15405"}],"wp:attachment":[{"href":"https:\/\/grupotorivac.com\/de\/wp-json\/wp\/v2\/media?parent=16320"}],"wp:term":[{"taxonomy":"product_brand","embeddable":true,"href":"https:\/\/grupotorivac.com\/de\/wp-json\/wp\/v2\/product_brand?post=16320"},{"taxonomy":"product_cat","embeddable":true,"href":"https:\/\/grupotorivac.com\/de\/wp-json\/wp\/v2\/product_cat?post=16320"},{"taxonomy":"product_tag","embeddable":true,"href":"https:\/\/grupotorivac.com\/de\/wp-json\/wp\/v2\/product_tag?post=16320"}],"curies":[{"name":"wp","href":"https:\/\/api.w.org\/{rel}","templated":true}]}}