{"id":15897,"date":"2022-05-17T13:29:29","date_gmt":"2022-05-17T13:29:29","guid":{"rendered":"https:\/\/grupotorivac.com\/product\/variador-trifasico-motorizado\/"},"modified":"2022-05-17T13:29:29","modified_gmt":"2022-05-17T13:29:29","slug":"variador-trifasico-motorizado","status":"publish","type":"product","link":"https:\/\/grupotorivac.com\/de\/product\/variador-trifasico-motorizado\/","title":{"rendered":"Dreiphasiger motorisierter Wechselrichter"},"content":{"rendered":"<h2 class=\"p1\"><b>Beitr\u00e4ge des dreiphasigen motorgetriebenen Wechselrichters von Torivac<\/b><\/h2>\n<p>Ein dreiphasiger Motorwechselrichter von Torivac ist ein Ger\u00e4t zur Regulierung und Anpassung der Ausgangsspannung in dreiphasigen elektrischen Systemen, das eine pr\u00e4zise Spannungssteuerung entsprechend den Anforderungen der Anlage erm\u00f6glicht. Seine Hauptfunktion besteht darin, die Stromversorgung von Elektromotoren und Industriemaschinen zu stabilisieren und Spannungsspitzen oder -einbr\u00fcche zu vermeiden, die die Leistung und die Betriebseffizienz beeintr\u00e4chtigen k\u00f6nnen.<br \/>\nIn sehr anspruchsvollen Umgebungen ist sein Einsatz der Schl\u00fcssel zur Optimierung des Stromverbrauchs, zur Verl\u00e4ngerung der Nutzungsdauer von Ger\u00e4ten und zur Verbesserung der Sicherheit in der Energieinfrastruktur.<br \/>\nEr befindet sich zwischen dem Motor und der Spannungsquelle des Ger\u00e4ts. Er versorgt, regelt und steuert einen Wechselstrommotor. Wechselrichter haben in der Regel einen Wirkungsgrad zwischen 95 % und 98 %, was eine erhebliche Senkung des Energieverbrauchs der Motoren und damit auch eine Senkung der Kosten bedeutet.   <\/p>\n<h3 class=\"p1\"><b>Wof\u00fcr wird ein motorisierter dreiphasiger Wechselrichter verwendet?<\/b><\/h3>\n<p>Sinusf\u00f6rmige Hochleistungsnetzteile<br \/>\nLeistungssteuerung von linearen Lasten.<br \/>\nWenn Unter- oder \u00dcberspannungstests erforderlich sind<br \/>\nWenn der Prozess eine stabile Stromquelle und eine konstante Versorgung erfordert.<\/p>\n<h3 class=\"p1\"><b>Es sorgt f\u00fcr Stabilit\u00e4t und eine bessere Synchronisierung der Betriebsabl\u00e4ufe in gro\u00dfen Energieunternehmen.<\/b><\/h3>\n<p>Der motorisierte Dreiphasenantrieb erm\u00f6glicht eine pr\u00e4zise Einstellung der Ausgangsspannung, was bei Anwendungen, die Stabilit\u00e4t und Synchronisation erfordern, unerl\u00e4sslich ist.<br \/>\nIn automatisierten Produktionslinien stellt sie beispielsweise sicher, dass die Maschinen mit einer bedarfsgerechten Spannung arbeiten, um Ausf\u00e4lle aufgrund von Temperaturunterschieden in einem Tank oder der Stromst\u00e4rke in einem galvanischen Bad zu vermeiden. In der Lebensmittelindustrie, wo die Prozesse den Qualit\u00e4tsstandards entsprechen m\u00fcssen, ist diese Kontrollfunktion der Schl\u00fcssel f\u00fcr die Konsistenz des Endprodukts. <\/p>\n<p>Dieser Antrieb sch\u00fctzt das System vor Spannungsspitzen und Lastschwankungen, verhindert Sch\u00e4den und gew\u00e4hrleistet einen stabilen Betrieb. In Industrieumgebungen mit schwankenden Stromnetzen ist dieser Schutz unerl\u00e4sslich, um unerwartete Ausf\u00e4lle und St\u00f6rungen zu vermeiden.<br \/>\nEs ist f\u00fcr die Integration in verschiedenen Sektoren konzipiert, von Klimaanlagen bis hin zu schweren Maschinen. In der Logistik und im Transportwesen optimiert es die Leistung von F\u00f6rderb\u00e4ndern und sorgt f\u00fcr einen effizienten Materialfluss. <\/p>\n<h3 class=\"p1\"><b>Torivac ist ein Unternehmen, das sich auf die Entwicklung und Herstellung von Ringkerntransformatoren und Antrieben mit variabler Spannung spezialisiert hat.<\/b><\/h3>\n<p>Wir verf\u00fcgen \u00fcber eine fast 60-j\u00e4hrige Erfahrung in diesem Sektor, die es uns erm\u00f6glicht hat, in mehr als 30 L\u00e4ndern pr\u00e4sent zu sein.<br \/>\nWir verf\u00fcgen \u00fcber ein technisches Team, das die Herstellung von hochpr\u00e4zisen und effizienten Ger\u00e4ten garantiert. Unsere Arbeitsmethodik erm\u00f6glicht es uns, in jeder Phase eines Projekts fortschrittliche Simulationen durchzuf\u00fchren, um zu gew\u00e4hrleisten, dass jedes Bauteil, von Ringkernspannungswandlern, Regeltransformatoren, Batterieentladern, Potentiometern und Ringbandkernen, den h\u00f6chsten Standards der Branche entspricht.<br \/>\nWir arbeiten eng mit Unternehmen zusammen, die \u00fcber eine gro\u00dfe Infrastruktur verf\u00fcgen, um ma\u00dfgeschneiderte und effiziente L\u00f6sungen zu gew\u00e4hrleisten. Wir sind bestrebt, auf die Anforderungen von Branchen wie Technologie, Energie und Automobil zu reagieren. Unser Ziel ist es, weiterhin innovativ zu sein, strategische Allianzen zu st\u00e4rken und unsere globale Reichweite zu erweitern, wobei wir stets das G\u00fctesiegel f\u00fcr Qualit\u00e4t und Exzellenz beibehalten, das uns seit unseren Anf\u00e4ngen auszeichnet.   <\/p>\n","protected":false},"excerpt":{"rendered":"<p>Es wird haupts\u00e4chlich zur Fernsteuerung von Ger\u00e4ten oder zur Stabilisierung von Ger\u00e4ten verwendet. Es ist auch ratsam, Hochleistungs-Spannungsvariatoren zu motorisieren, weil sie so einfach zu bedienen sind.   <\/p>\n<p>Bei dieser Art der Regelung wird die Wechselrichterwelle von einem Getriebemotor \u00fcber einen manuellen Schalter angetrieben, mit dem die Ausgangsspannung erh\u00f6ht oder gesenkt werden kann.  <\/p>\n<p>Die von TORIVAC montierten Motoren haben keine Tr\u00e4gheit, was sie ideal f\u00fcr die Fernsteuerung macht.  <\/p>\n<p>Auf Wunsch k\u00f6nnen stabilisierte Modelle mit unserer eigenen Elektronik mit einer Genauigkeit von 2% hergestellt werden. (Link zum Kontrollzubeh\u00f6r)<\/p>\n<p><a class=\"button button_size_2 button_dark\" href=\"https:\/\/grupotorivac.com\/wp-content\/uploads\/2023\/02\/Variador-tension-trifasico-regulacion-motorizada-1.pdf\" target=\"_blank\" rel=\"noopener\"><span class=\"button_label\"><strong>Siehe technisches Datenblatt<\/strong><\/span><\/a><\/p>\n","protected":false},"featured_media":9092,"template":"","meta":{"_acf_changed":false},"product_brand":[],"product_cat":[538,539,533],"product_tag":[],"class_list":{"0":"post-15897","1":"product","2":"type-product","3":"status-publish","4":"has-post-thumbnail","6":"product_cat-dreiphasige-antriebe","7":"product_cat-motorisiert","8":"product_cat-spannungsregler-einstellbare-spartransformatoren","10":"first","11":"instock","12":"product-type-simple"},"acf":[],"yoast_head":"<!-- This site is optimized with the Yoast SEO plugin v27.2 - https:\/\/yoast.com\/product\/yoast-seo-wordpress\/ -->\n<title>Dreiphasiger motorisierter Wechselrichter - Torivac<\/title>\n<meta name=\"description\" content=\"Die dreiphasigen Motorumrichter von Torivac steuern die Drehzahl von einphasigen und dreiphasigen Induktionsmotoren.\" \/>\n<meta name=\"robots\" content=\"index, follow, max-snippet:-1, max-image-preview:large, max-video-preview:-1\" \/>\n<link rel=\"canonical\" href=\"https:\/\/grupotorivac.com\/product\/variador-trifasico-motorizado\/\" \/>\n<meta property=\"og:locale\" content=\"de_DE\" \/>\n<meta property=\"og:type\" content=\"article\" \/>\n<meta property=\"og:title\" content=\"Dreiphasiger motorisierter Wechselrichter - Torivac\" \/>\n<meta property=\"og:description\" content=\"Die dreiphasigen Motorumrichter von Torivac steuern die Drehzahl von einphasigen und dreiphasigen Induktionsmotoren.\" \/>\n<meta property=\"og:url\" content=\"https:\/\/grupotorivac.com\/product\/variador-trifasico-motorizado\/\" \/>\n<meta property=\"og:site_name\" content=\"Torivac\" \/>\n<meta property=\"og:image\" content=\"https:\/\/grupotorivac.com\/wp-content\/uploads\/2022\/12\/TRIFASICO-MOTORIZADO.jpg\" \/>\n\t<meta property=\"og:image:width\" content=\"1500\" \/>\n\t<meta property=\"og:image:height\" content=\"1500\" \/>\n\t<meta property=\"og:image:type\" content=\"image\/jpeg\" \/>\n<meta name=\"twitter:card\" content=\"summary_large_image\" \/>\n<meta name=\"twitter:label1\" content=\"Gesch\u00e4tzte Lesezeit\" \/>\n\t<meta name=\"twitter:data1\" content=\"3\u00a0Minuten\" \/>\n<script type=\"application\/ld+json\" class=\"yoast-schema-graph\">{\"@context\":\"https:\/\/schema.org\",\"@graph\":[{\"@type\":\"WebPage\",\"@id\":\"https:\/\/grupotorivac.com\/product\/variador-trifasico-motorizado\/\",\"url\":\"https:\/\/grupotorivac.com\/product\/variador-trifasico-motorizado\/\",\"name\":\"Dreiphasiger motorisierter Wechselrichter - Torivac\",\"isPartOf\":{\"@id\":\"https:\/\/grupotorivac.com\/#website\"},\"primaryImageOfPage\":{\"@id\":\"https:\/\/grupotorivac.com\/product\/variador-trifasico-motorizado\/#primaryimage\"},\"image\":{\"@id\":\"https:\/\/grupotorivac.com\/product\/variador-trifasico-motorizado\/#primaryimage\"},\"thumbnailUrl\":\"https:\/\/grupotorivac.com\/wp-content\/uploads\/2022\/12\/TRIFASICO-MOTORIZADO.jpg\",\"datePublished\":\"2022-05-17T13:29:29+00:00\",\"description\":\"Die dreiphasigen Motorumrichter von Torivac steuern die Drehzahl von einphasigen und dreiphasigen Induktionsmotoren.\",\"breadcrumb\":{\"@id\":\"https:\/\/grupotorivac.com\/product\/variador-trifasico-motorizado\/#breadcrumb\"},\"inLanguage\":\"de\",\"potentialAction\":[{\"@type\":\"ReadAction\",\"target\":[\"https:\/\/grupotorivac.com\/product\/variador-trifasico-motorizado\/\"]}]},{\"@type\":\"ImageObject\",\"inLanguage\":\"de\",\"@id\":\"https:\/\/grupotorivac.com\/product\/variador-trifasico-motorizado\/#primaryimage\",\"url\":\"https:\/\/grupotorivac.com\/wp-content\/uploads\/2022\/12\/TRIFASICO-MOTORIZADO.jpg\",\"contentUrl\":\"https:\/\/grupotorivac.com\/wp-content\/uploads\/2022\/12\/TRIFASICO-MOTORIZADO.jpg\",\"width\":1500,\"height\":1500,\"caption\":\"Torivac Dreiphasen-Spannungsumrichter, entwickelt f\u00fcr schwere Maschinen, reduziert den Stromverbrauch und optimiert die Motorleistung.\"},{\"@type\":\"BreadcrumbList\",\"@id\":\"https:\/\/grupotorivac.com\/product\/variador-trifasico-motorizado\/#breadcrumb\",\"itemListElement\":[{\"@type\":\"ListItem\",\"position\":1,\"name\":\"Portada\",\"item\":\"https:\/\/grupotorivac.com\/de\/\"},{\"@type\":\"ListItem\",\"position\":2,\"name\":\"Products\",\"item\":\"https:\/\/grupotorivac.com\/en\/shop\/\"},{\"@type\":\"ListItem\",\"position\":3,\"name\":\"Dreiphasiger motorisierter Wechselrichter\"}]},{\"@type\":\"WebSite\",\"@id\":\"https:\/\/grupotorivac.com\/#website\",\"url\":\"https:\/\/grupotorivac.com\/\",\"name\":\"Torivac\",\"description\":\"Especializados en dise\u00f1o y fabricaci\u00f3n de variados de tensi\u00f3n\",\"publisher\":{\"@id\":\"https:\/\/grupotorivac.com\/#organization\"},\"alternateName\":\"Torivac S.L\",\"potentialAction\":[{\"@type\":\"SearchAction\",\"target\":{\"@type\":\"EntryPoint\",\"urlTemplate\":\"https:\/\/grupotorivac.com\/?s={search_term_string}\"},\"query-input\":{\"@type\":\"PropertyValueSpecification\",\"valueRequired\":true,\"valueName\":\"search_term_string\"}}],\"inLanguage\":\"de\"},{\"@type\":\"Organization\",\"@id\":\"https:\/\/grupotorivac.com\/#organization\",\"name\":\"Torivac\",\"alternateName\":\"Torivac S.L\",\"url\":\"https:\/\/grupotorivac.com\/\",\"logo\":{\"@type\":\"ImageObject\",\"inLanguage\":\"de\",\"@id\":\"https:\/\/grupotorivac.com\/#\/schema\/logo\/image\/\",\"url\":\"https:\/\/grupotorivac.com\/wp-content\/uploads\/2025\/02\/Diseno-sin-titulo-73.png\",\"contentUrl\":\"https:\/\/grupotorivac.com\/wp-content\/uploads\/2025\/02\/Diseno-sin-titulo-73.png\",\"width\":250,\"height\":250,\"caption\":\"Torivac\"},\"image\":{\"@id\":\"https:\/\/grupotorivac.com\/#\/schema\/logo\/image\/\"}}]}<\/script>\n<!-- \/ Yoast SEO plugin. -->","yoast_head_json":{"title":"Dreiphasiger motorisierter Wechselrichter - Torivac","description":"Die dreiphasigen Motorumrichter von Torivac steuern die Drehzahl von einphasigen und dreiphasigen Induktionsmotoren.","robots":{"index":"index","follow":"follow","max-snippet":"max-snippet:-1","max-image-preview":"max-image-preview:large","max-video-preview":"max-video-preview:-1"},"canonical":"https:\/\/grupotorivac.com\/product\/variador-trifasico-motorizado\/","og_locale":"de_DE","og_type":"article","og_title":"Dreiphasiger motorisierter Wechselrichter - Torivac","og_description":"Die dreiphasigen Motorumrichter von Torivac steuern die Drehzahl von einphasigen und dreiphasigen Induktionsmotoren.","og_url":"https:\/\/grupotorivac.com\/product\/variador-trifasico-motorizado\/","og_site_name":"Torivac","og_image":[{"width":1500,"height":1500,"url":"https:\/\/grupotorivac.com\/wp-content\/uploads\/2022\/12\/TRIFASICO-MOTORIZADO.jpg","type":"image\/jpeg"}],"twitter_card":"summary_large_image","twitter_misc":{"Gesch\u00e4tzte Lesezeit":"3\u00a0Minuten"},"schema":{"@context":"https:\/\/schema.org","@graph":[{"@type":"WebPage","@id":"https:\/\/grupotorivac.com\/product\/variador-trifasico-motorizado\/","url":"https:\/\/grupotorivac.com\/product\/variador-trifasico-motorizado\/","name":"Dreiphasiger motorisierter Wechselrichter - Torivac","isPartOf":{"@id":"https:\/\/grupotorivac.com\/#website"},"primaryImageOfPage":{"@id":"https:\/\/grupotorivac.com\/product\/variador-trifasico-motorizado\/#primaryimage"},"image":{"@id":"https:\/\/grupotorivac.com\/product\/variador-trifasico-motorizado\/#primaryimage"},"thumbnailUrl":"https:\/\/grupotorivac.com\/wp-content\/uploads\/2022\/12\/TRIFASICO-MOTORIZADO.jpg","datePublished":"2022-05-17T13:29:29+00:00","description":"Die dreiphasigen Motorumrichter von Torivac steuern die Drehzahl von einphasigen und dreiphasigen Induktionsmotoren.","breadcrumb":{"@id":"https:\/\/grupotorivac.com\/product\/variador-trifasico-motorizado\/#breadcrumb"},"inLanguage":"de","potentialAction":[{"@type":"ReadAction","target":["https:\/\/grupotorivac.com\/product\/variador-trifasico-motorizado\/"]}]},{"@type":"ImageObject","inLanguage":"de","@id":"https:\/\/grupotorivac.com\/product\/variador-trifasico-motorizado\/#primaryimage","url":"https:\/\/grupotorivac.com\/wp-content\/uploads\/2022\/12\/TRIFASICO-MOTORIZADO.jpg","contentUrl":"https:\/\/grupotorivac.com\/wp-content\/uploads\/2022\/12\/TRIFASICO-MOTORIZADO.jpg","width":1500,"height":1500,"caption":"Torivac Dreiphasen-Spannungsumrichter, entwickelt f\u00fcr schwere Maschinen, reduziert den Stromverbrauch und optimiert die Motorleistung."},{"@type":"BreadcrumbList","@id":"https:\/\/grupotorivac.com\/product\/variador-trifasico-motorizado\/#breadcrumb","itemListElement":[{"@type":"ListItem","position":1,"name":"Portada","item":"https:\/\/grupotorivac.com\/de\/"},{"@type":"ListItem","position":2,"name":"Products","item":"https:\/\/grupotorivac.com\/en\/shop\/"},{"@type":"ListItem","position":3,"name":"Dreiphasiger motorisierter Wechselrichter"}]},{"@type":"WebSite","@id":"https:\/\/grupotorivac.com\/#website","url":"https:\/\/grupotorivac.com\/","name":"Torivac","description":"Especializados en dise\u00f1o y fabricaci\u00f3n de variados de tensi\u00f3n","publisher":{"@id":"https:\/\/grupotorivac.com\/#organization"},"alternateName":"Torivac S.L","potentialAction":[{"@type":"SearchAction","target":{"@type":"EntryPoint","urlTemplate":"https:\/\/grupotorivac.com\/?s={search_term_string}"},"query-input":{"@type":"PropertyValueSpecification","valueRequired":true,"valueName":"search_term_string"}}],"inLanguage":"de"},{"@type":"Organization","@id":"https:\/\/grupotorivac.com\/#organization","name":"Torivac","alternateName":"Torivac S.L","url":"https:\/\/grupotorivac.com\/","logo":{"@type":"ImageObject","inLanguage":"de","@id":"https:\/\/grupotorivac.com\/#\/schema\/logo\/image\/","url":"https:\/\/grupotorivac.com\/wp-content\/uploads\/2025\/02\/Diseno-sin-titulo-73.png","contentUrl":"https:\/\/grupotorivac.com\/wp-content\/uploads\/2025\/02\/Diseno-sin-titulo-73.png","width":250,"height":250,"caption":"Torivac"},"image":{"@id":"https:\/\/grupotorivac.com\/#\/schema\/logo\/image\/"}}]}},"_links":{"self":[{"href":"https:\/\/grupotorivac.com\/de\/wp-json\/wp\/v2\/product\/15897","targetHints":{"allow":["GET"]}}],"collection":[{"href":"https:\/\/grupotorivac.com\/de\/wp-json\/wp\/v2\/product"}],"about":[{"href":"https:\/\/grupotorivac.com\/de\/wp-json\/wp\/v2\/types\/product"}],"wp:featuredmedia":[{"embeddable":true,"href":"https:\/\/grupotorivac.com\/de\/wp-json\/wp\/v2\/media\/9092"}],"wp:attachment":[{"href":"https:\/\/grupotorivac.com\/de\/wp-json\/wp\/v2\/media?parent=15897"}],"wp:term":[{"taxonomy":"product_brand","embeddable":true,"href":"https:\/\/grupotorivac.com\/de\/wp-json\/wp\/v2\/product_brand?post=15897"},{"taxonomy":"product_cat","embeddable":true,"href":"https:\/\/grupotorivac.com\/de\/wp-json\/wp\/v2\/product_cat?post=15897"},{"taxonomy":"product_tag","embeddable":true,"href":"https:\/\/grupotorivac.com\/de\/wp-json\/wp\/v2\/product_tag?post=15897"}],"curies":[{"name":"wp","href":"https:\/\/api.w.org\/{rel}","templated":true}]}}