{"id":15891,"date":"2022-06-06T12:49:11","date_gmt":"2022-06-06T12:49:11","guid":{"rendered":"https:\/\/grupotorivac.com\/product\/transformador-convencional-estandar-2\/"},"modified":"2022-06-06T12:49:11","modified_gmt":"2022-06-06T12:49:11","slug":"transformador-convencional-estandar-2","status":"publish","type":"product","link":"https:\/\/grupotorivac.com\/de\/product\/transformador-convencional-estandar-2\/","title":{"rendered":"Herk\u00f6mmlicher Standard-Transformator"},"content":{"rendered":"<p class=\"p1\"><b>Was ist ein herk\u00f6mmlicher Transformator und was ist seine Funktion?<\/b><\/p>\n<p>Ein herk\u00f6mmlicher Standardtransformator wandelt die elektrische Spannung in industriellen und kommerziellen Anlagen um und sorgt daf\u00fcr, dass der Strom die Ger\u00e4te mit der richtigen Spannung erreicht. Seine Hauptfunktion besteht darin, den elektrischen Strom an die spezifischen Anforderungen jeder Anwendung anzupassen und Schwankungen zu vermeiden, die die Leistung oder Sicherheit der Anlage beeintr\u00e4chtigen k\u00f6nnten. <\/p>\n<p>Die konventionellen Transformatoren von Torivac werden mit einfachem, symmetrischem oder mehrfachem Ausgang hergestellt und eignen sich f\u00fcr eine breite Palette von Anforderungen. Sie sind ideal f\u00fcr Funktionen wie Audio-, Impedanz- und 100V-Leitungstransformatoren, was sie in verschiedenen Umgebungen vielseitig einsetzbar macht. <\/p>\n<p>Diese Transformatoren sind unverzichtbar f\u00fcr die Reduzierung von Mittelspannungen auf ein f\u00fcr Niederspannungsnetze geeignetes Niveau. Sie werden h\u00e4ufig in Industrie-, Gewerbe- und Wohngeb\u00e4uden eingesetzt und versorgen Maschinen, Beleuchtungssysteme und andere elektrische Ger\u00e4te zuverl\u00e4ssig mit Strom. Ihr Design erm\u00f6glicht die Bildung von Dreiphasenb\u00e4nken und bietet die Flexibilit\u00e4t, Delta- oder Stern-Sekund\u00e4rschaltungen zu konfigurieren, um sich an die spezifischen Anforderungen jeder Installation anzupassen. <\/p>\n<p class=\"p1\"><b>Welche Funktionen hat der herk\u00f6mmliche Torivac-Transformator?<\/b><\/p>\n<p><span style=\"color: #ac631e;\">1. Erzielen Sie niedrigere Wartungs- und Reparaturkosten:<\/span> Wenn Ger\u00e4te mit einer idealen Spannung betrieben werden, verschlei\u00dfen sie weniger, so dass weniger h\u00e4ufige Reparaturen erforderlich sind und sich ihre Lebensdauer verl\u00e4ngert. Das bedeutet geringere Kosten f\u00fcr den Austausch von Komponenten und weniger Produktionsunterbrechungen. <\/p>\n<p><span style=\"color: #ac631e;\">2. Vermeiden Sie Unterbrechungen und Produktionsausf\u00e4lle:<\/span> In industriellen Umgebungen kann eine pl\u00f6tzliche Unterbrechung oder Schwankung der Spannung Fertigungsprozesse stoppen und wirtschaftliche Verluste und Produktionsverz\u00f6gerungen verursachen. Ein Transformator in Verbindung mit einem Spannungsregulierungssystem garantiert eine kontinuierliche und zuverl\u00e4ssige Versorgung und vermeidet unerwartete Ausf\u00e4lle. <\/p>\n<p><span style=\"color: #ac631e;\">3. die Leistung von Hochpr\u00e4zisionsger\u00e4ten zu verbessern:<\/span> In Bereichen, in denen Hochpr\u00e4zisionsger\u00e4te eingesetzt werden, wie z.B. in Labors, Krankenh\u00e4usern oder Rechenzentren, k\u00f6nnen Spannungsschwankungen Messfehler, Serversch\u00e4den oder Datenverluste verursachen. Unsere Transformatoren und Stabilisatoren halten das Spannungsniveau stabil, um eine optimale Leistung zu gew\u00e4hrleisten und Datenverluste oder den Ausfall kritischer Prozesse zu verhindern. <\/p>\n<p class=\"p1\"><b>Unterschiede zwischen einem Torivac Transformator und jedem anderen Transformator<\/b><\/p>\n<p>W\u00e4hrend ein Standardtransformator nur die Funktion der Spannungsumwandlung \u00fcbernimmt, sind die Transformatoren von Torivac darauf ausgelegt, die Energieeffizienz zu optimieren, Verluste zu minimieren und das Netz zu verbessern. Ihre Konstruktion aus hochwertigen Materialien gew\u00e4hrleistet eine l\u00e4ngere Lebensdauer und Widerstandsf\u00e4higkeit gegen\u00fcber \u00dcberlastungen oder Spannungsschwankungen, wodurch die Wartungskosten und das Risiko von Betriebsausf\u00e4llen reduziert werden. <\/p>\n<p>Dar\u00fcber hinaus erm\u00f6glichen Torivac Transformatoren kundenspezifische Konfigurationen in Dreiphasenb\u00e4nken, die je nach den spezifischen Anforderungen Ihres Projekts Dreieck- oder Sternschaltungen bieten. Diese Flexibilit\u00e4t ist in industriellen Bereichen, in denen die Kontinuit\u00e4t der Stromversorgung eine Priorit\u00e4t ist, von entscheidender Bedeutung. <\/p>\n<p class=\"p1\"><b>Torivac ist ein Unternehmen, das sich auf die Entwicklung und Herstellung von konventionellen und Ringkerntransformatoren spezialisiert hat.<\/b><\/p>\n<p>Wir verf\u00fcgen \u00fcber fast 60 Jahre Erfahrung in der Branche, die uns zu einer Pr\u00e4senz in mehr als 30 L\u00e4ndern gef\u00fchrt hat.<br \/>\nWir verf\u00fcgen \u00fcber ein technisches Team, das die Herstellung von hochpr\u00e4zisen und effizienten Ger\u00e4ten garantiert. Unsere Arbeitsmethodik erm\u00f6glicht es uns, in jeder Phase eines Projekts fortschrittliche Simulationen durchzuf\u00fchren, um zu gew\u00e4hrleisten, dass jedes Bauteil, von Ringkernspannungswandlern, Regeltransformatoren, Batterieentladern, Potentiometern und Ringbandkernen, den h\u00f6chsten Standards der Branche entspricht. <\/p>\n<p>Wir arbeiten eng mit Unternehmen zusammen, die \u00fcber eine gro\u00dfe Infrastruktur verf\u00fcgen, und versuchen, ihnen ma\u00dfgeschneiderte und effiziente L\u00f6sungen zu garantieren. Wir sind bestrebt, auf die Anforderungen von Branchen wie Technologie, Energie und Automobil zu reagieren. Unser Ziel ist es, weiterhin innovativ zu sein, strategische Allianzen zu st\u00e4rken und unsere globale Reichweite zu erweitern, wobei wir stets das Qualit\u00e4tssiegel und die Exzellenz beibehalten, die uns seit unseren Anf\u00e4ngen auszeichnen.  <\/p>\n","protected":false},"excerpt":{"rendered":"<p>Sie werden mit einfachem, symmetrischem oder mehrfachem Ausgang hergestellt und eignen sich perfekt als Audio\u00fcbertrager, Impedanz\u00fcbertrager, Audioleitung 100V und Telefon 600 Ohm.<br \/>\nMit Epoxidlack der Klasse F impr\u00e4gniert und im Ofen getrocknet, entsprechen sie den internationalen Sicherheits- und Qualit\u00e4tsstandards (EN 61558, VDE 0570, VDE 0550-0551, UL-506, CSA C22.2, CEE 15, SEMKO 115), was eine optimale Leistung bei Temperaturschwankungen, Feuchtigkeit und aggressiven Umgebungen gew\u00e4hrleistet.<\/p>\n","protected":false},"featured_media":9172,"template":"","meta":{"_acf_changed":false},"product_brand":[],"product_cat":[460,461],"product_tag":[],"class_list":{"0":"post-15891","1":"product","2":"type-product","3":"status-publish","4":"has-post-thumbnail","6":"product_cat-konventioneller-transformator","7":"product_cat-tc-serie","9":"first","10":"instock","11":"product-type-simple"},"acf":[],"yoast_head":"<!-- This site is optimized with the Yoast SEO plugin v27.2 - https:\/\/yoast.com\/product\/yoast-seo-wordpress\/ -->\n<title>Herk\u00f6mmlicher Standard-Transformator - Torivac<\/title>\n<meta name=\"description\" content=\"Dieser konventionelle Standardtransformator sorgt f\u00fcr geringere magnetische Verluste, eine verbesserte Effizienz und minimierte elektromagnetische St\u00f6rungen.\" \/>\n<meta name=\"robots\" content=\"index, follow, max-snippet:-1, max-image-preview:large, max-video-preview:-1\" \/>\n<link rel=\"canonical\" href=\"https:\/\/grupotorivac.com\/de\/product\/transformador-convencional-estandar-2\/\" \/>\n<meta property=\"og:locale\" content=\"de_DE\" \/>\n<meta property=\"og:type\" content=\"article\" \/>\n<meta property=\"og:title\" content=\"Herk\u00f6mmlicher Standard-Transformator - Torivac\" \/>\n<meta property=\"og:description\" content=\"Dieser konventionelle Standardtransformator sorgt f\u00fcr geringere magnetische Verluste, eine verbesserte Effizienz und minimierte elektromagnetische St\u00f6rungen.\" \/>\n<meta property=\"og:url\" content=\"https:\/\/grupotorivac.com\/de\/product\/transformador-convencional-estandar-2\/\" \/>\n<meta property=\"og:site_name\" content=\"Torivac\" \/>\n<meta property=\"og:image\" content=\"https:\/\/grupotorivac.com\/wp-content\/uploads\/2022\/06\/TC.jpg\" \/>\n\t<meta property=\"og:image:width\" content=\"800\" \/>\n\t<meta property=\"og:image:height\" content=\"600\" \/>\n\t<meta property=\"og:image:type\" content=\"image\/png\" \/>\n<meta name=\"twitter:card\" content=\"summary_large_image\" \/>\n<meta name=\"twitter:label1\" content=\"Gesch\u00e4tzte Lesezeit\" \/>\n\t<meta name=\"twitter:data1\" content=\"3\u00a0Minuten\" \/>\n<script type=\"application\/ld+json\" class=\"yoast-schema-graph\">{\"@context\":\"https:\/\/schema.org\",\"@graph\":[{\"@type\":\"WebPage\",\"@id\":\"https:\/\/grupotorivac.com\/de\/product\/transformador-convencional-estandar-2\/\",\"url\":\"https:\/\/grupotorivac.com\/de\/product\/transformador-convencional-estandar-2\/\",\"name\":\"Herk\u00f6mmlicher Standard-Transformator - Torivac\",\"isPartOf\":{\"@id\":\"https:\/\/grupotorivac.com\/#website\"},\"primaryImageOfPage\":{\"@id\":\"https:\/\/grupotorivac.com\/de\/product\/transformador-convencional-estandar-2\/#primaryimage\"},\"image\":{\"@id\":\"https:\/\/grupotorivac.com\/de\/product\/transformador-convencional-estandar-2\/#primaryimage\"},\"thumbnailUrl\":\"https:\/\/grupotorivac.com\/wp-content\/uploads\/2022\/06\/TC.jpg\",\"datePublished\":\"2022-06-06T12:49:11+00:00\",\"description\":\"Dieser konventionelle Standardtransformator sorgt f\u00fcr geringere magnetische Verluste, eine verbesserte Effizienz und minimierte elektromagnetische St\u00f6rungen.\",\"breadcrumb\":{\"@id\":\"https:\/\/grupotorivac.com\/de\/product\/transformador-convencional-estandar-2\/#breadcrumb\"},\"inLanguage\":\"de\",\"potentialAction\":[{\"@type\":\"ReadAction\",\"target\":[\"https:\/\/grupotorivac.com\/de\/product\/transformador-convencional-estandar-2\/\"]}]},{\"@type\":\"ImageObject\",\"inLanguage\":\"de\",\"@id\":\"https:\/\/grupotorivac.com\/de\/product\/transformador-convencional-estandar-2\/#primaryimage\",\"url\":\"https:\/\/grupotorivac.com\/wp-content\/uploads\/2022\/06\/TC.jpg\",\"contentUrl\":\"https:\/\/grupotorivac.com\/wp-content\/uploads\/2022\/06\/TC.jpg\",\"width\":800,\"height\":600,\"caption\":\"Konventioneller Transformator mit mehreren Ausg\u00e4ngen, entwickelt f\u00fcr industrielle, gewerbliche und private Anwendungen mit hohem Energiebedarf.\"},{\"@type\":\"BreadcrumbList\",\"@id\":\"https:\/\/grupotorivac.com\/de\/product\/transformador-convencional-estandar-2\/#breadcrumb\",\"itemListElement\":[{\"@type\":\"ListItem\",\"position\":1,\"name\":\"Portada\",\"item\":\"https:\/\/grupotorivac.com\/de\/\"},{\"@type\":\"ListItem\",\"position\":2,\"name\":\"Products\",\"item\":\"https:\/\/grupotorivac.com\/en\/shop\/\"},{\"@type\":\"ListItem\",\"position\":3,\"name\":\"Herk\u00f6mmlicher Standard-Transformator\"}]},{\"@type\":\"WebSite\",\"@id\":\"https:\/\/grupotorivac.com\/#website\",\"url\":\"https:\/\/grupotorivac.com\/\",\"name\":\"Torivac\",\"description\":\"Especializados en dise\u00f1o y fabricaci\u00f3n de variados de tensi\u00f3n\",\"publisher\":{\"@id\":\"https:\/\/grupotorivac.com\/#organization\"},\"alternateName\":\"Torivac S.L\",\"potentialAction\":[{\"@type\":\"SearchAction\",\"target\":{\"@type\":\"EntryPoint\",\"urlTemplate\":\"https:\/\/grupotorivac.com\/?s={search_term_string}\"},\"query-input\":{\"@type\":\"PropertyValueSpecification\",\"valueRequired\":true,\"valueName\":\"search_term_string\"}}],\"inLanguage\":\"de\"},{\"@type\":\"Organization\",\"@id\":\"https:\/\/grupotorivac.com\/#organization\",\"name\":\"Torivac\",\"alternateName\":\"Torivac S.L\",\"url\":\"https:\/\/grupotorivac.com\/\",\"logo\":{\"@type\":\"ImageObject\",\"inLanguage\":\"de\",\"@id\":\"https:\/\/grupotorivac.com\/#\/schema\/logo\/image\/\",\"url\":\"https:\/\/grupotorivac.com\/wp-content\/uploads\/2025\/02\/Diseno-sin-titulo-73.png\",\"contentUrl\":\"https:\/\/grupotorivac.com\/wp-content\/uploads\/2025\/02\/Diseno-sin-titulo-73.png\",\"width\":250,\"height\":250,\"caption\":\"Torivac\"},\"image\":{\"@id\":\"https:\/\/grupotorivac.com\/#\/schema\/logo\/image\/\"}}]}<\/script>\n<!-- \/ Yoast SEO plugin. -->","yoast_head_json":{"title":"Herk\u00f6mmlicher Standard-Transformator - Torivac","description":"Dieser konventionelle Standardtransformator sorgt f\u00fcr geringere magnetische Verluste, eine verbesserte Effizienz und minimierte elektromagnetische St\u00f6rungen.","robots":{"index":"index","follow":"follow","max-snippet":"max-snippet:-1","max-image-preview":"max-image-preview:large","max-video-preview":"max-video-preview:-1"},"canonical":"https:\/\/grupotorivac.com\/de\/product\/transformador-convencional-estandar-2\/","og_locale":"de_DE","og_type":"article","og_title":"Herk\u00f6mmlicher Standard-Transformator - Torivac","og_description":"Dieser konventionelle Standardtransformator sorgt f\u00fcr geringere magnetische Verluste, eine verbesserte Effizienz und minimierte elektromagnetische St\u00f6rungen.","og_url":"https:\/\/grupotorivac.com\/de\/product\/transformador-convencional-estandar-2\/","og_site_name":"Torivac","og_image":[{"width":800,"height":600,"url":"https:\/\/grupotorivac.com\/wp-content\/uploads\/2022\/06\/TC.jpg","type":"image\/png"}],"twitter_card":"summary_large_image","twitter_misc":{"Gesch\u00e4tzte Lesezeit":"3\u00a0Minuten"},"schema":{"@context":"https:\/\/schema.org","@graph":[{"@type":"WebPage","@id":"https:\/\/grupotorivac.com\/de\/product\/transformador-convencional-estandar-2\/","url":"https:\/\/grupotorivac.com\/de\/product\/transformador-convencional-estandar-2\/","name":"Herk\u00f6mmlicher Standard-Transformator - Torivac","isPartOf":{"@id":"https:\/\/grupotorivac.com\/#website"},"primaryImageOfPage":{"@id":"https:\/\/grupotorivac.com\/de\/product\/transformador-convencional-estandar-2\/#primaryimage"},"image":{"@id":"https:\/\/grupotorivac.com\/de\/product\/transformador-convencional-estandar-2\/#primaryimage"},"thumbnailUrl":"https:\/\/grupotorivac.com\/wp-content\/uploads\/2022\/06\/TC.jpg","datePublished":"2022-06-06T12:49:11+00:00","description":"Dieser konventionelle Standardtransformator sorgt f\u00fcr geringere magnetische Verluste, eine verbesserte Effizienz und minimierte elektromagnetische St\u00f6rungen.","breadcrumb":{"@id":"https:\/\/grupotorivac.com\/de\/product\/transformador-convencional-estandar-2\/#breadcrumb"},"inLanguage":"de","potentialAction":[{"@type":"ReadAction","target":["https:\/\/grupotorivac.com\/de\/product\/transformador-convencional-estandar-2\/"]}]},{"@type":"ImageObject","inLanguage":"de","@id":"https:\/\/grupotorivac.com\/de\/product\/transformador-convencional-estandar-2\/#primaryimage","url":"https:\/\/grupotorivac.com\/wp-content\/uploads\/2022\/06\/TC.jpg","contentUrl":"https:\/\/grupotorivac.com\/wp-content\/uploads\/2022\/06\/TC.jpg","width":800,"height":600,"caption":"Konventioneller Transformator mit mehreren Ausg\u00e4ngen, entwickelt f\u00fcr industrielle, gewerbliche und private Anwendungen mit hohem Energiebedarf."},{"@type":"BreadcrumbList","@id":"https:\/\/grupotorivac.com\/de\/product\/transformador-convencional-estandar-2\/#breadcrumb","itemListElement":[{"@type":"ListItem","position":1,"name":"Portada","item":"https:\/\/grupotorivac.com\/de\/"},{"@type":"ListItem","position":2,"name":"Products","item":"https:\/\/grupotorivac.com\/en\/shop\/"},{"@type":"ListItem","position":3,"name":"Herk\u00f6mmlicher Standard-Transformator"}]},{"@type":"WebSite","@id":"https:\/\/grupotorivac.com\/#website","url":"https:\/\/grupotorivac.com\/","name":"Torivac","description":"Especializados en dise\u00f1o y fabricaci\u00f3n de variados de tensi\u00f3n","publisher":{"@id":"https:\/\/grupotorivac.com\/#organization"},"alternateName":"Torivac S.L","potentialAction":[{"@type":"SearchAction","target":{"@type":"EntryPoint","urlTemplate":"https:\/\/grupotorivac.com\/?s={search_term_string}"},"query-input":{"@type":"PropertyValueSpecification","valueRequired":true,"valueName":"search_term_string"}}],"inLanguage":"de"},{"@type":"Organization","@id":"https:\/\/grupotorivac.com\/#organization","name":"Torivac","alternateName":"Torivac S.L","url":"https:\/\/grupotorivac.com\/","logo":{"@type":"ImageObject","inLanguage":"de","@id":"https:\/\/grupotorivac.com\/#\/schema\/logo\/image\/","url":"https:\/\/grupotorivac.com\/wp-content\/uploads\/2025\/02\/Diseno-sin-titulo-73.png","contentUrl":"https:\/\/grupotorivac.com\/wp-content\/uploads\/2025\/02\/Diseno-sin-titulo-73.png","width":250,"height":250,"caption":"Torivac"},"image":{"@id":"https:\/\/grupotorivac.com\/#\/schema\/logo\/image\/"}}]}},"_links":{"self":[{"href":"https:\/\/grupotorivac.com\/de\/wp-json\/wp\/v2\/product\/15891","targetHints":{"allow":["GET"]}}],"collection":[{"href":"https:\/\/grupotorivac.com\/de\/wp-json\/wp\/v2\/product"}],"about":[{"href":"https:\/\/grupotorivac.com\/de\/wp-json\/wp\/v2\/types\/product"}],"wp:featuredmedia":[{"embeddable":true,"href":"https:\/\/grupotorivac.com\/de\/wp-json\/wp\/v2\/media\/9172"}],"wp:attachment":[{"href":"https:\/\/grupotorivac.com\/de\/wp-json\/wp\/v2\/media?parent=15891"}],"wp:term":[{"taxonomy":"product_brand","embeddable":true,"href":"https:\/\/grupotorivac.com\/de\/wp-json\/wp\/v2\/product_brand?post=15891"},{"taxonomy":"product_cat","embeddable":true,"href":"https:\/\/grupotorivac.com\/de\/wp-json\/wp\/v2\/product_cat?post=15891"},{"taxonomy":"product_tag","embeddable":true,"href":"https:\/\/grupotorivac.com\/de\/wp-json\/wp\/v2\/product_tag?post=15891"}],"curies":[{"name":"wp","href":"https:\/\/api.w.org\/{rel}","templated":true}]}}