{"id":15887,"date":"2022-06-06T12:48:52","date_gmt":"2022-06-06T12:48:52","guid":{"rendered":"https:\/\/grupotorivac.com\/product\/monofasico-manual\/"},"modified":"2022-06-06T12:48:52","modified_gmt":"2022-06-06T12:48:52","slug":"monofasico-manual","status":"publish","type":"product","link":"https:\/\/grupotorivac.com\/de\/product\/monofasico-manual\/","title":{"rendered":"Einphasiger manueller Antrieb mit variabler Geschwindigkeit"},"content":{"rendered":"","protected":false},"excerpt":{"rendered":"<p>Die Achse wird \u00fcber einen Drehknopf bedient, mit dem der Graphitl\u00e4ufer gedreht werden kann, indem die gew\u00fcnschte Spannung zu einem bestimmten Zeitpunkt gew\u00e4hlt wird.<br \/>\n<br \/><a class=\"button button_size_2 button_dark\" href=\"https:\/\/grupotorivac.com\/wp-content\/uploads\/2024\/09\/1.-Variadores-de-tension_monofasicomanual.pdf\" target=\"_blank\" rel=\"noopener\"><span class=\"button_label\"><strong>Siehe technisches Datenblatt<\/strong><\/span><\/a><\/p>\n","protected":false},"featured_media":9057,"template":"","meta":{"_acf_changed":false},"product_brand":[],"product_cat":[557,559,533],"product_tag":[],"class_list":{"0":"post-15887","1":"product","2":"type-product","3":"status-publish","4":"has-post-thumbnail","6":"product_cat-einphasen-wechselrichter","7":"product_cat-handbuch","8":"product_cat-spannungsregler-einstellbare-spartransformatoren","10":"first","11":"instock","12":"product-type-simple"},"acf":[],"yoast_head":"<!-- This site is optimized with the Yoast SEO plugin v27.2 - https:\/\/yoast.com\/product\/yoast-seo-wordpress\/ -->\n<title>Einphasiger manueller Antrieb mit variabler Geschwindigkeit - Torivac<\/title>\n<meta name=\"robots\" content=\"index, follow, max-snippet:-1, max-image-preview:large, max-video-preview:-1\" \/>\n<link rel=\"canonical\" href=\"https:\/\/grupotorivac.com\/product\/monofasico-manual\/\" \/>\n<meta property=\"og:locale\" content=\"de_DE\" \/>\n<meta property=\"og:type\" content=\"article\" \/>\n<meta property=\"og:title\" content=\"Einphasiger manueller Antrieb mit variabler Geschwindigkeit - Torivac\" \/>\n<meta property=\"og:description\" content=\"Die Achse wird \u00fcber einen Drehknopf bedient, mit dem der Graphitl\u00e4ufer gedreht werden kann, indem die gew\u00fcnschte Spannung zu einem bestimmten Zeitpunkt gew\u00e4hlt wird. Siehe technisches Datenblatt\" \/>\n<meta property=\"og:url\" content=\"https:\/\/grupotorivac.com\/product\/monofasico-manual\/\" \/>\n<meta property=\"og:site_name\" content=\"Torivac\" \/>\n<meta property=\"og:image\" content=\"https:\/\/grupotorivac.com\/wp-content\/uploads\/2022\/05\/MONOFASICO-MANUAL-scaled.jpg\" \/>\n\t<meta property=\"og:image:width\" content=\"2560\" \/>\n\t<meta property=\"og:image:height\" content=\"2560\" \/>\n\t<meta property=\"og:image:type\" content=\"image\/jpeg\" \/>\n<meta name=\"twitter:card\" content=\"summary_large_image\" \/>\n<script type=\"application\/ld+json\" class=\"yoast-schema-graph\">{\"@context\":\"https:\/\/schema.org\",\"@graph\":[{\"@type\":\"WebPage\",\"@id\":\"https:\/\/grupotorivac.com\/product\/monofasico-manual\/\",\"url\":\"https:\/\/grupotorivac.com\/product\/monofasico-manual\/\",\"name\":\"Einphasiger manueller Antrieb mit variabler Geschwindigkeit - Torivac\",\"isPartOf\":{\"@id\":\"https:\/\/grupotorivac.com\/#website\"},\"primaryImageOfPage\":{\"@id\":\"https:\/\/grupotorivac.com\/product\/monofasico-manual\/#primaryimage\"},\"image\":{\"@id\":\"https:\/\/grupotorivac.com\/product\/monofasico-manual\/#primaryimage\"},\"thumbnailUrl\":\"https:\/\/grupotorivac.com\/wp-content\/uploads\/2022\/05\/MONOFASICO-MANUAL-scaled.jpg\",\"datePublished\":\"2022-06-06T12:48:52+00:00\",\"breadcrumb\":{\"@id\":\"https:\/\/grupotorivac.com\/product\/monofasico-manual\/#breadcrumb\"},\"inLanguage\":\"de\",\"potentialAction\":[{\"@type\":\"ReadAction\",\"target\":[\"https:\/\/grupotorivac.com\/product\/monofasico-manual\/\"]}]},{\"@type\":\"ImageObject\",\"inLanguage\":\"de\",\"@id\":\"https:\/\/grupotorivac.com\/product\/monofasico-manual\/#primaryimage\",\"url\":\"https:\/\/grupotorivac.com\/wp-content\/uploads\/2022\/05\/MONOFASICO-MANUAL-scaled.jpg\",\"contentUrl\":\"https:\/\/grupotorivac.com\/wp-content\/uploads\/2022\/05\/MONOFASICO-MANUAL-scaled.jpg\",\"width\":2560,\"height\":2560},{\"@type\":\"BreadcrumbList\",\"@id\":\"https:\/\/grupotorivac.com\/product\/monofasico-manual\/#breadcrumb\",\"itemListElement\":[{\"@type\":\"ListItem\",\"position\":1,\"name\":\"Portada\",\"item\":\"https:\/\/grupotorivac.com\/de\/\"},{\"@type\":\"ListItem\",\"position\":2,\"name\":\"Products\",\"item\":\"https:\/\/grupotorivac.com\/en\/shop\/\"},{\"@type\":\"ListItem\",\"position\":3,\"name\":\"Einphasiger manueller Antrieb mit variabler Geschwindigkeit\"}]},{\"@type\":\"WebSite\",\"@id\":\"https:\/\/grupotorivac.com\/#website\",\"url\":\"https:\/\/grupotorivac.com\/\",\"name\":\"Torivac\",\"description\":\"Especializados en dise\u00f1o y fabricaci\u00f3n de variados de tensi\u00f3n\",\"publisher\":{\"@id\":\"https:\/\/grupotorivac.com\/#organization\"},\"alternateName\":\"Torivac S.L\",\"potentialAction\":[{\"@type\":\"SearchAction\",\"target\":{\"@type\":\"EntryPoint\",\"urlTemplate\":\"https:\/\/grupotorivac.com\/?s={search_term_string}\"},\"query-input\":{\"@type\":\"PropertyValueSpecification\",\"valueRequired\":true,\"valueName\":\"search_term_string\"}}],\"inLanguage\":\"de\"},{\"@type\":\"Organization\",\"@id\":\"https:\/\/grupotorivac.com\/#organization\",\"name\":\"Torivac\",\"alternateName\":\"Torivac S.L\",\"url\":\"https:\/\/grupotorivac.com\/\",\"logo\":{\"@type\":\"ImageObject\",\"inLanguage\":\"de\",\"@id\":\"https:\/\/grupotorivac.com\/#\/schema\/logo\/image\/\",\"url\":\"https:\/\/grupotorivac.com\/wp-content\/uploads\/2025\/02\/Diseno-sin-titulo-73.png\",\"contentUrl\":\"https:\/\/grupotorivac.com\/wp-content\/uploads\/2025\/02\/Diseno-sin-titulo-73.png\",\"width\":250,\"height\":250,\"caption\":\"Torivac\"},\"image\":{\"@id\":\"https:\/\/grupotorivac.com\/#\/schema\/logo\/image\/\"}}]}<\/script>\n<!-- \/ Yoast SEO plugin. -->","yoast_head_json":{"title":"Einphasiger manueller Antrieb mit variabler Geschwindigkeit - Torivac","robots":{"index":"index","follow":"follow","max-snippet":"max-snippet:-1","max-image-preview":"max-image-preview:large","max-video-preview":"max-video-preview:-1"},"canonical":"https:\/\/grupotorivac.com\/product\/monofasico-manual\/","og_locale":"de_DE","og_type":"article","og_title":"Einphasiger manueller Antrieb mit variabler Geschwindigkeit - Torivac","og_description":"Die Achse wird \u00fcber einen Drehknopf bedient, mit dem der Graphitl\u00e4ufer gedreht werden kann, indem die gew\u00fcnschte Spannung zu einem bestimmten Zeitpunkt gew\u00e4hlt wird. Siehe technisches Datenblatt","og_url":"https:\/\/grupotorivac.com\/product\/monofasico-manual\/","og_site_name":"Torivac","og_image":[{"width":2560,"height":2560,"url":"https:\/\/grupotorivac.com\/wp-content\/uploads\/2022\/05\/MONOFASICO-MANUAL-scaled.jpg","type":"image\/jpeg"}],"twitter_card":"summary_large_image","schema":{"@context":"https:\/\/schema.org","@graph":[{"@type":"WebPage","@id":"https:\/\/grupotorivac.com\/product\/monofasico-manual\/","url":"https:\/\/grupotorivac.com\/product\/monofasico-manual\/","name":"Einphasiger manueller Antrieb mit variabler Geschwindigkeit - Torivac","isPartOf":{"@id":"https:\/\/grupotorivac.com\/#website"},"primaryImageOfPage":{"@id":"https:\/\/grupotorivac.com\/product\/monofasico-manual\/#primaryimage"},"image":{"@id":"https:\/\/grupotorivac.com\/product\/monofasico-manual\/#primaryimage"},"thumbnailUrl":"https:\/\/grupotorivac.com\/wp-content\/uploads\/2022\/05\/MONOFASICO-MANUAL-scaled.jpg","datePublished":"2022-06-06T12:48:52+00:00","breadcrumb":{"@id":"https:\/\/grupotorivac.com\/product\/monofasico-manual\/#breadcrumb"},"inLanguage":"de","potentialAction":[{"@type":"ReadAction","target":["https:\/\/grupotorivac.com\/product\/monofasico-manual\/"]}]},{"@type":"ImageObject","inLanguage":"de","@id":"https:\/\/grupotorivac.com\/product\/monofasico-manual\/#primaryimage","url":"https:\/\/grupotorivac.com\/wp-content\/uploads\/2022\/05\/MONOFASICO-MANUAL-scaled.jpg","contentUrl":"https:\/\/grupotorivac.com\/wp-content\/uploads\/2022\/05\/MONOFASICO-MANUAL-scaled.jpg","width":2560,"height":2560},{"@type":"BreadcrumbList","@id":"https:\/\/grupotorivac.com\/product\/monofasico-manual\/#breadcrumb","itemListElement":[{"@type":"ListItem","position":1,"name":"Portada","item":"https:\/\/grupotorivac.com\/de\/"},{"@type":"ListItem","position":2,"name":"Products","item":"https:\/\/grupotorivac.com\/en\/shop\/"},{"@type":"ListItem","position":3,"name":"Einphasiger manueller Antrieb mit variabler Geschwindigkeit"}]},{"@type":"WebSite","@id":"https:\/\/grupotorivac.com\/#website","url":"https:\/\/grupotorivac.com\/","name":"Torivac","description":"Especializados en dise\u00f1o y fabricaci\u00f3n de variados de tensi\u00f3n","publisher":{"@id":"https:\/\/grupotorivac.com\/#organization"},"alternateName":"Torivac S.L","potentialAction":[{"@type":"SearchAction","target":{"@type":"EntryPoint","urlTemplate":"https:\/\/grupotorivac.com\/?s={search_term_string}"},"query-input":{"@type":"PropertyValueSpecification","valueRequired":true,"valueName":"search_term_string"}}],"inLanguage":"de"},{"@type":"Organization","@id":"https:\/\/grupotorivac.com\/#organization","name":"Torivac","alternateName":"Torivac S.L","url":"https:\/\/grupotorivac.com\/","logo":{"@type":"ImageObject","inLanguage":"de","@id":"https:\/\/grupotorivac.com\/#\/schema\/logo\/image\/","url":"https:\/\/grupotorivac.com\/wp-content\/uploads\/2025\/02\/Diseno-sin-titulo-73.png","contentUrl":"https:\/\/grupotorivac.com\/wp-content\/uploads\/2025\/02\/Diseno-sin-titulo-73.png","width":250,"height":250,"caption":"Torivac"},"image":{"@id":"https:\/\/grupotorivac.com\/#\/schema\/logo\/image\/"}}]}},"_links":{"self":[{"href":"https:\/\/grupotorivac.com\/de\/wp-json\/wp\/v2\/product\/15887","targetHints":{"allow":["GET"]}}],"collection":[{"href":"https:\/\/grupotorivac.com\/de\/wp-json\/wp\/v2\/product"}],"about":[{"href":"https:\/\/grupotorivac.com\/de\/wp-json\/wp\/v2\/types\/product"}],"wp:featuredmedia":[{"embeddable":true,"href":"https:\/\/grupotorivac.com\/de\/wp-json\/wp\/v2\/media\/9057"}],"wp:attachment":[{"href":"https:\/\/grupotorivac.com\/de\/wp-json\/wp\/v2\/media?parent=15887"}],"wp:term":[{"taxonomy":"product_brand","embeddable":true,"href":"https:\/\/grupotorivac.com\/de\/wp-json\/wp\/v2\/product_brand?post=15887"},{"taxonomy":"product_cat","embeddable":true,"href":"https:\/\/grupotorivac.com\/de\/wp-json\/wp\/v2\/product_cat?post=15887"},{"taxonomy":"product_tag","embeddable":true,"href":"https:\/\/grupotorivac.com\/de\/wp-json\/wp\/v2\/product_tag?post=15887"}],"curies":[{"name":"wp","href":"https:\/\/api.w.org\/{rel}","templated":true}]}}