{"id":15886,"date":"2022-05-17T13:29:29","date_gmt":"2022-05-17T13:29:29","guid":{"rendered":"https:\/\/grupotorivac.com\/product\/a-medida-2\/"},"modified":"2022-05-17T13:29:29","modified_gmt":"2022-05-17T13:29:29","slug":"a-medida-2","status":"publish","type":"product","link":"https:\/\/grupotorivac.com\/de\/product\/a-medida-2\/","title":{"rendered":"Ma\u00dfgeschneiderter Spannungsregler"},"content":{"rendered":"","protected":false},"excerpt":{"rendered":"<p>Jeder Kunde ist einzigartig, und daher gibt es Nuancen oder Variationen von Standardprodukten, die er ben\u00f6tigt.<\/p>\n<p>Bei TORIVAC passen wir Produkte an, um es zu IHREM Produkt zu machen, von einer l\u00e4ngeren Welle, um den Spannungsregler unten in einem Schrank installieren zu k\u00f6nnen, \u00fcber spezielle Motorisierungen in Gleichstrom oder Drehstrom, spezifische Anzeigeelemente, Sondergr\u00f6\u00dfen. An Ihr System angepasste Befestigungen, usw. <\/p>\n<p>Z\u00f6gern Sie nicht, uns zu kontaktieren und wir werden Ihnen die optimale L\u00f6sung vorschlagen.<\/p>\n","protected":false},"featured_media":9561,"template":"","meta":{"_acf_changed":false},"product_brand":[],"product_cat":[556],"product_tag":[],"class_list":{"0":"post-15886","1":"product","2":"type-product","3":"status-publish","4":"has-post-thumbnail","6":"product_cat-masgeschneiderte-fertigung","8":"first","9":"instock","10":"product-type-simple"},"acf":[],"yoast_head":"<!-- This site is optimized with the Yoast SEO plugin v27.2 - https:\/\/yoast.com\/product\/yoast-seo-wordpress\/ -->\n<title>Ma\u00dfgeschneiderter Spannungsregler - Torivac<\/title>\n<meta name=\"robots\" content=\"index, follow, max-snippet:-1, max-image-preview:large, max-video-preview:-1\" \/>\n<link rel=\"canonical\" href=\"https:\/\/grupotorivac.com\/product\/a-medida-2\/\" \/>\n<meta property=\"og:locale\" content=\"de_DE\" \/>\n<meta property=\"og:type\" content=\"article\" \/>\n<meta property=\"og:title\" content=\"Ma\u00dfgeschneiderter Spannungsregler - Torivac\" \/>\n<meta property=\"og:description\" content=\"Jeder Kunde ist einzigartig, und daher gibt es Nuancen oder Variationen von Standardprodukten, die er ben\u00f6tigt. Bei TORIVAC passen wir Produkte an, um es zu IHREM Produkt zu machen, von einer l\u00e4ngeren Welle, um den Spannungsregler unten in einem Schrank installieren zu k\u00f6nnen, \u00fcber spezielle Motorisierungen in Gleichstrom oder Drehstrom, spezifische Anzeigeelemente, Sondergr\u00f6\u00dfen. An Ihr System angepasste Befestigungen, usw.  Z\u00f6gern Sie nicht, uns zu kontaktieren und wir werden Ihnen die optimale L\u00f6sung vorschlagen.\" \/>\n<meta property=\"og:url\" content=\"https:\/\/grupotorivac.com\/product\/a-medida-2\/\" \/>\n<meta property=\"og:site_name\" content=\"Torivac\" \/>\n<meta property=\"og:image\" content=\"https:\/\/grupotorivac.com\/wp-content\/uploads\/2025\/02\/4Z0A9199.jpg\" \/>\n\t<meta property=\"og:image:width\" content=\"1200\" \/>\n\t<meta property=\"og:image:height\" content=\"800\" \/>\n\t<meta property=\"og:image:type\" content=\"image\/jpeg\" \/>\n<meta name=\"twitter:card\" content=\"summary_large_image\" \/>\n<script type=\"application\/ld+json\" class=\"yoast-schema-graph\">{\"@context\":\"https:\/\/schema.org\",\"@graph\":[{\"@type\":\"WebPage\",\"@id\":\"https:\/\/grupotorivac.com\/product\/a-medida-2\/\",\"url\":\"https:\/\/grupotorivac.com\/product\/a-medida-2\/\",\"name\":\"Ma\u00dfgeschneiderter Spannungsregler - Torivac\",\"isPartOf\":{\"@id\":\"https:\/\/grupotorivac.com\/#website\"},\"primaryImageOfPage\":{\"@id\":\"https:\/\/grupotorivac.com\/product\/a-medida-2\/#primaryimage\"},\"image\":{\"@id\":\"https:\/\/grupotorivac.com\/product\/a-medida-2\/#primaryimage\"},\"thumbnailUrl\":\"https:\/\/grupotorivac.com\/wp-content\/uploads\/2025\/02\/4Z0A9199.jpg\",\"datePublished\":\"2022-05-17T13:29:29+00:00\",\"breadcrumb\":{\"@id\":\"https:\/\/grupotorivac.com\/product\/a-medida-2\/#breadcrumb\"},\"inLanguage\":\"de\",\"potentialAction\":[{\"@type\":\"ReadAction\",\"target\":[\"https:\/\/grupotorivac.com\/product\/a-medida-2\/\"]}]},{\"@type\":\"ImageObject\",\"inLanguage\":\"de\",\"@id\":\"https:\/\/grupotorivac.com\/product\/a-medida-2\/#primaryimage\",\"url\":\"https:\/\/grupotorivac.com\/wp-content\/uploads\/2025\/02\/4Z0A9199.jpg\",\"contentUrl\":\"https:\/\/grupotorivac.com\/wp-content\/uploads\/2025\/02\/4Z0A9199.jpg\",\"width\":1200,\"height\":800,\"caption\":\"Ma\u00dfgeschneiderter Spannungsregler\"},{\"@type\":\"BreadcrumbList\",\"@id\":\"https:\/\/grupotorivac.com\/product\/a-medida-2\/#breadcrumb\",\"itemListElement\":[{\"@type\":\"ListItem\",\"position\":1,\"name\":\"Portada\",\"item\":\"https:\/\/grupotorivac.com\/de\/\"},{\"@type\":\"ListItem\",\"position\":2,\"name\":\"Products\",\"item\":\"https:\/\/grupotorivac.com\/en\/shop\/\"},{\"@type\":\"ListItem\",\"position\":3,\"name\":\"Ma\u00dfgeschneiderter Spannungsregler\"}]},{\"@type\":\"WebSite\",\"@id\":\"https:\/\/grupotorivac.com\/#website\",\"url\":\"https:\/\/grupotorivac.com\/\",\"name\":\"Torivac\",\"description\":\"Especializados en dise\u00f1o y fabricaci\u00f3n de variados de tensi\u00f3n\",\"publisher\":{\"@id\":\"https:\/\/grupotorivac.com\/#organization\"},\"alternateName\":\"Torivac S.L\",\"potentialAction\":[{\"@type\":\"SearchAction\",\"target\":{\"@type\":\"EntryPoint\",\"urlTemplate\":\"https:\/\/grupotorivac.com\/?s={search_term_string}\"},\"query-input\":{\"@type\":\"PropertyValueSpecification\",\"valueRequired\":true,\"valueName\":\"search_term_string\"}}],\"inLanguage\":\"de\"},{\"@type\":\"Organization\",\"@id\":\"https:\/\/grupotorivac.com\/#organization\",\"name\":\"Torivac\",\"alternateName\":\"Torivac S.L\",\"url\":\"https:\/\/grupotorivac.com\/\",\"logo\":{\"@type\":\"ImageObject\",\"inLanguage\":\"de\",\"@id\":\"https:\/\/grupotorivac.com\/#\/schema\/logo\/image\/\",\"url\":\"https:\/\/grupotorivac.com\/wp-content\/uploads\/2025\/02\/Diseno-sin-titulo-73.png\",\"contentUrl\":\"https:\/\/grupotorivac.com\/wp-content\/uploads\/2025\/02\/Diseno-sin-titulo-73.png\",\"width\":250,\"height\":250,\"caption\":\"Torivac\"},\"image\":{\"@id\":\"https:\/\/grupotorivac.com\/#\/schema\/logo\/image\/\"}}]}<\/script>\n<!-- \/ Yoast SEO plugin. -->","yoast_head_json":{"title":"Ma\u00dfgeschneiderter Spannungsregler - Torivac","robots":{"index":"index","follow":"follow","max-snippet":"max-snippet:-1","max-image-preview":"max-image-preview:large","max-video-preview":"max-video-preview:-1"},"canonical":"https:\/\/grupotorivac.com\/product\/a-medida-2\/","og_locale":"de_DE","og_type":"article","og_title":"Ma\u00dfgeschneiderter Spannungsregler - Torivac","og_description":"Jeder Kunde ist einzigartig, und daher gibt es Nuancen oder Variationen von Standardprodukten, die er ben\u00f6tigt. Bei TORIVAC passen wir Produkte an, um es zu IHREM Produkt zu machen, von einer l\u00e4ngeren Welle, um den Spannungsregler unten in einem Schrank installieren zu k\u00f6nnen, \u00fcber spezielle Motorisierungen in Gleichstrom oder Drehstrom, spezifische Anzeigeelemente, Sondergr\u00f6\u00dfen. An Ihr System angepasste Befestigungen, usw.  Z\u00f6gern Sie nicht, uns zu kontaktieren und wir werden Ihnen die optimale L\u00f6sung vorschlagen.","og_url":"https:\/\/grupotorivac.com\/product\/a-medida-2\/","og_site_name":"Torivac","og_image":[{"width":1200,"height":800,"url":"https:\/\/grupotorivac.com\/wp-content\/uploads\/2025\/02\/4Z0A9199.jpg","type":"image\/jpeg"}],"twitter_card":"summary_large_image","schema":{"@context":"https:\/\/schema.org","@graph":[{"@type":"WebPage","@id":"https:\/\/grupotorivac.com\/product\/a-medida-2\/","url":"https:\/\/grupotorivac.com\/product\/a-medida-2\/","name":"Ma\u00dfgeschneiderter Spannungsregler - Torivac","isPartOf":{"@id":"https:\/\/grupotorivac.com\/#website"},"primaryImageOfPage":{"@id":"https:\/\/grupotorivac.com\/product\/a-medida-2\/#primaryimage"},"image":{"@id":"https:\/\/grupotorivac.com\/product\/a-medida-2\/#primaryimage"},"thumbnailUrl":"https:\/\/grupotorivac.com\/wp-content\/uploads\/2025\/02\/4Z0A9199.jpg","datePublished":"2022-05-17T13:29:29+00:00","breadcrumb":{"@id":"https:\/\/grupotorivac.com\/product\/a-medida-2\/#breadcrumb"},"inLanguage":"de","potentialAction":[{"@type":"ReadAction","target":["https:\/\/grupotorivac.com\/product\/a-medida-2\/"]}]},{"@type":"ImageObject","inLanguage":"de","@id":"https:\/\/grupotorivac.com\/product\/a-medida-2\/#primaryimage","url":"https:\/\/grupotorivac.com\/wp-content\/uploads\/2025\/02\/4Z0A9199.jpg","contentUrl":"https:\/\/grupotorivac.com\/wp-content\/uploads\/2025\/02\/4Z0A9199.jpg","width":1200,"height":800,"caption":"Ma\u00dfgeschneiderter Spannungsregler"},{"@type":"BreadcrumbList","@id":"https:\/\/grupotorivac.com\/product\/a-medida-2\/#breadcrumb","itemListElement":[{"@type":"ListItem","position":1,"name":"Portada","item":"https:\/\/grupotorivac.com\/de\/"},{"@type":"ListItem","position":2,"name":"Products","item":"https:\/\/grupotorivac.com\/en\/shop\/"},{"@type":"ListItem","position":3,"name":"Ma\u00dfgeschneiderter Spannungsregler"}]},{"@type":"WebSite","@id":"https:\/\/grupotorivac.com\/#website","url":"https:\/\/grupotorivac.com\/","name":"Torivac","description":"Especializados en dise\u00f1o y fabricaci\u00f3n de variados de tensi\u00f3n","publisher":{"@id":"https:\/\/grupotorivac.com\/#organization"},"alternateName":"Torivac S.L","potentialAction":[{"@type":"SearchAction","target":{"@type":"EntryPoint","urlTemplate":"https:\/\/grupotorivac.com\/?s={search_term_string}"},"query-input":{"@type":"PropertyValueSpecification","valueRequired":true,"valueName":"search_term_string"}}],"inLanguage":"de"},{"@type":"Organization","@id":"https:\/\/grupotorivac.com\/#organization","name":"Torivac","alternateName":"Torivac S.L","url":"https:\/\/grupotorivac.com\/","logo":{"@type":"ImageObject","inLanguage":"de","@id":"https:\/\/grupotorivac.com\/#\/schema\/logo\/image\/","url":"https:\/\/grupotorivac.com\/wp-content\/uploads\/2025\/02\/Diseno-sin-titulo-73.png","contentUrl":"https:\/\/grupotorivac.com\/wp-content\/uploads\/2025\/02\/Diseno-sin-titulo-73.png","width":250,"height":250,"caption":"Torivac"},"image":{"@id":"https:\/\/grupotorivac.com\/#\/schema\/logo\/image\/"}}]}},"_links":{"self":[{"href":"https:\/\/grupotorivac.com\/de\/wp-json\/wp\/v2\/product\/15886","targetHints":{"allow":["GET"]}}],"collection":[{"href":"https:\/\/grupotorivac.com\/de\/wp-json\/wp\/v2\/product"}],"about":[{"href":"https:\/\/grupotorivac.com\/de\/wp-json\/wp\/v2\/types\/product"}],"wp:featuredmedia":[{"embeddable":true,"href":"https:\/\/grupotorivac.com\/de\/wp-json\/wp\/v2\/media\/9561"}],"wp:attachment":[{"href":"https:\/\/grupotorivac.com\/de\/wp-json\/wp\/v2\/media?parent=15886"}],"wp:term":[{"taxonomy":"product_brand","embeddable":true,"href":"https:\/\/grupotorivac.com\/de\/wp-json\/wp\/v2\/product_brand?post=15886"},{"taxonomy":"product_cat","embeddable":true,"href":"https:\/\/grupotorivac.com\/de\/wp-json\/wp\/v2\/product_cat?post=15886"},{"taxonomy":"product_tag","embeddable":true,"href":"https:\/\/grupotorivac.com\/de\/wp-json\/wp\/v2\/product_tag?post=15886"}],"curies":[{"name":"wp","href":"https:\/\/api.w.org\/{rel}","templated":true}]}}