{"id":15877,"date":"2022-06-06T12:50:24","date_gmt":"2022-06-06T12:50:24","guid":{"rendered":"https:\/\/grupotorivac.com\/product\/resistencias-de-puesta-a-tierra\/"},"modified":"2022-06-06T12:50:24","modified_gmt":"2022-06-06T12:50:24","slug":"resistencias-de-puesta-a-tierra","status":"publish","type":"product","link":"https:\/\/grupotorivac.com\/de\/product\/resistencias-de-puesta-a-tierra\/","title":{"rendered":"Erdungswiderst\u00e4nde"},"content":{"rendered":"<p>&nbsp;<\/p>\n<p><b>Funktion von Erdungswiderst\u00e4nden in elektrischen Anlagen<\/b><\/p>\n<p><span style=\"font-weight: 400;\">Erdungswiderst\u00e4nde spielen eine Schl\u00fcsselrolle f\u00fcr den Schutz und die Sicherheit von elektrischen Anlagen, insbesondere in industriellen Hochspannungsumgebungen. In Gebieten, in denen die elektrische Regulierung von entscheidender Bedeutung ist, wie dies in weiten Teilen Europas der Fall ist, sorgen diese Ger\u00e4te f\u00fcr die Kontrolle des Erdpotentials und begrenzen den Fehlerstrom bei Blitzeinschl\u00e4gen oder Kurzschl\u00fcssen. Ihre Hauptfunktion besteht darin, eine sorgf\u00e4ltig berechnete Impedanz zwischen dem Nullleiter und der Erde des Systems einzubauen, so dass die Energie sicher abgeleitet werden kann und die Integrit\u00e4t des elektrischen Systems bei pl\u00f6tzlichen Fehlern erhalten bleibt. Solche L\u00f6sungen werden routinem\u00e4\u00dfig in Industrieanlagen, Stromverteilungszentren und kritische Infrastrukturnetze integriert, wo eine hohe Betriebskontinuit\u00e4t und technische Zuverl\u00e4ssigkeit erforderlich sind.   <\/span><\/p>\n<p>In den am st\u00e4rksten industrialisierten L\u00e4ndern des Kontinents, wie z.B. Deutschland, besteht eine hohe Nachfrage nach hocheffizienten Erdungswiderst\u00e4nden, die nach strengen europ\u00e4ischen Normen hergestellt werden. Unter diesen Bedingungen ist es unerl\u00e4sslich, Zugang zu spezialisierten Herstellern zu haben, die die Einhaltung von Vorschriften, internationale Zertifizierungen und eine effektive technische Unterst\u00fctzung garantieren k\u00f6nnen. Die korrekte Anwendung dieser Elemente verhindert nicht nur Sch\u00e4den an den Ger\u00e4ten, sondern sch\u00fctzt auch das technische Personal und vermeidet Unterbrechungen im Stromnetz, wodurch wirtschaftliche Verluste verringert und die betriebliche Effizienz des gesamten Systems erh\u00f6ht werden. Die richtige Wahl solcher Ger\u00e4te h\u00e4ngt nicht nur von den technischen Spezifikationen ab, sondern auch von der Kenntnis der europ\u00e4ischen Umwelt- und Elektrovorschriften durch den Lieferanten.   <\/p>\n<p>&nbsp;<\/p>\n<p><b>Wir sind spezialisierte Distributoren f\u00fcr Spannungsregelung<\/b><\/p>\n<p><span style=\"font-weight: 400;\">Der europ\u00e4ische Markt weist eine erhebliche technische Komplexit\u00e4t auf, wenn es um den Vertrieb von Elementen zur Variation und Regulierung der elektrischen Spannung geht. Unternehmen, die f\u00fcr elektrische Installationen im zivilen oder industriellen Bereich verantwortlich sind, wie z.B. Unternehmen, die an komplexen Verdrahtungssystemen, der Integration von Frequenzumrichtern oder der Implementierung von L\u00f6sungen in Energiespeicherzentren arbeiten, stehen oft vor Hindernissen, wenn sie versuchen, Erdungswiderst\u00e4nde mit geeigneten Spezifikationen zu beschaffen. Die technischen Anforderungen dieser Projekte erfordern pr\u00e4zise entwickelte Produkte, und im Gegensatz dazu ist die Zahl der H\u00e4ndler, die in der Lage sind, fachkundige Beratung und direkte Lieferung in Europa anzubieten, nach wie vor minimal.  <\/span><\/p>\n<p>Dies verdeutlicht die Herausforderung, Lieferanten zu finden, die nicht nur Komponenten vertreiben, sondern diese auch herstellen, den gesamten Produktionszyklus kennen und sich an besondere Anforderungen anpassen k\u00f6nnen.<\/p>\n<p>Die aktuelle Realit\u00e4t zeigt, dass viele L\u00f6sungen von Zwischenh\u00e4ndlern stammen, die die Kosten in die H\u00f6he treiben und die Qualit\u00e4tskontrolle verw\u00e4ssern. Vor diesem Hintergrund ist der direkte Zugang zu Herstellern mit internem Wissen \u00fcber Design, Test- und Validierungsprozesse entscheidend. In einem Umfeld, in dem die Steigerung der Energieeffizienz und die Einhaltung von Sicherheitsvorschriften von entscheidender Bedeutung sind, wird die Entwicklung von Ger\u00e4ten auf einer soliden technischen Grundlage zu einer nicht verhandelbaren Priorit\u00e4t. Erdungswiderst\u00e4nde, die nach angemessenen technischen Kriterien ausgew\u00e4hlt werden, sorgen f\u00fcr stabile elektrische Systeme, reduzieren Betriebsrisiken und entsprechen den gesetzlichen Vorschriften, die in L\u00e4ndern wie Deutschland, Frankreich oder den Niederlanden sehr unterschiedlich sind.   <\/p>\n<p>&nbsp;<\/p>\n<p><b>Technische Vorteile der &#8220;Erdungswiderst\u00e4nde&#8221; von Torivac<\/b><\/p>\n<p><span style=\"font-weight: 400;\">Im Gegensatz zu vielen Unternehmen, die nur als Zwischenh\u00e4ndler t\u00e4tig sind, entwickelt und produziert Torivac seine eigenen Erdungswiderst\u00e4nde und erm\u00f6glicht so eine umfassende Kontrolle \u00fcber die elektrischen, mechanischen und thermischen Parameter jedes Ger\u00e4ts. Dies ist ein klarer Vorteil f\u00fcr Systemintegratoren, die ma\u00dfgeschneiderte Antworten, eine schnelle Lieferung und Flexibilit\u00e4t bei der Konstruktion gem\u00e4\u00df lokaler Vorschriften oder Integrationsanforderungen mit SCADA-Systemen und industrieller Automatisierung ben\u00f6tigen. Die von Torivac angebotenen L\u00f6sungen werden in kontrollierten Umgebungen unter Verwendung von Qualit\u00e4tsmethoden auf europ\u00e4ischem Niveau und zertifizierten Materialien getestet, um eine stabile Leistung in den Bereichen Ableitstrom, W\u00e4rmewiderstand und Verlustleistung zu gew\u00e4hrleisten.  <\/span><\/p>\n<p>Die Entscheidung, eine eigene Produktionslinie zu unterhalten, gew\u00e4hrleistet nicht nur gleichbleibende Standards, sondern senkt auch die Kosten erheblich, so dass wir Erdungswiderst\u00e4nde zu einem besseren Preis-Leistungs-Verh\u00e4ltnis anbieten k\u00f6nnen, als es auf dem Markt \u00fcblich ist. Unternehmen im Energiesektor, in automatisierten Logistikzentren, Batteriespeichern oder industriellen Pumpsystemen finden in Torivac einen technischen Lieferanten, der eine enge Zusammenarbeit vom Entwurf bis zur Inbetriebnahme erm\u00f6glicht. Detailorientierte technische Unterst\u00fctzung, fundierte Kenntnisse der europ\u00e4ischen Normen wie EN 50522 und die F\u00e4higkeit, gro\u00dfe Mengen zu liefern, runden das ideale Profil f\u00fcr diejenigen ab, die einen langfristigen strategischen Lieferanten suchen.  <\/p>\n<p>&nbsp;<\/p>\n<p><b>Sicherheit und Effizienz von direkt in Europa hergestellten Produkten<\/b><\/p>\n<p><span style=\"font-weight: 400;\">Die Wahl eines Lieferanten wie Torivac bedeutet viel mehr als nur den Kauf einer elektrischen Komponente. Es bedeutet, eine vertrauensvolle Beziehung zu einem Hersteller aufzubauen, der sich bei jeder gelieferten Einheit zu technischer Exzellenz und Verantwortung verpflichtet. In einem sehr anspruchsvollen und regulierten europ\u00e4ischen Kontext, insbesondere in M\u00e4rkten wie Deutschland und den nordischen L\u00e4ndern, stellt das Angebot von lokal entwickelten und hergestellten Erdungswiderst\u00e4nden einen echten Wettbewerbsvorteil dar. Jedes Bauteil wird so entwickelt, dass es sich pr\u00e4zise in komplexe Kontrollsysteme integrieren l\u00e4sst, variablen Spannungen standh\u00e4lt und eine hohe Wiederholbarkeit unter dauerhaft anspruchsvollen Bedingungen bietet. Der direkte Kontakt zwischen Hersteller und Kunde bedeutet auch eine bessere R\u00fcckverfolgbarkeit, die Anpassung des Produkts an die Projektanforderungen und eine erhebliche Verk\u00fcrzung der Lieferzeiten.    <\/span><\/p>\n<p>Torivac ist nicht nur eine weitere Vertriebsstelle, sondern positioniert sich als technischer Partner mit einer industriellen Vision und einem globalen Wissen \u00fcber die Anwendungen, bei denen seine L\u00f6sungen einen Mehrwert bieten. Zahlreiche Projekte in den Bereichen Eisenbahn, Stromerzeugung und automatisierte Logistik haben bereits von Torivac entwickelte Erdungswiderst\u00e4nde integriert und profitieren von Produkten, deren Design, Preis und Effizienz sich an langfristigen europ\u00e4ischen Standards orientieren. Mit seiner eigenen Technologie und seinem absoluten operativen Engagement ist Torivac ein Bezugspunkt f\u00fcr Unternehmen, die verstehen, dass elektrische Komponenten nicht nur funktional sein m\u00fcssen, sondern auch pr\u00e4zise konzipiert sein m\u00fcssen, um Kontinuit\u00e4t, Sicherheit und eine nachhaltige wirtschaftliche Rentabilit\u00e4t zu gew\u00e4hrleisten.  <\/p>\n","protected":false},"excerpt":{"rendered":"<p>Neutrale Erdungswiderst\u00e4nde werden besonders f\u00fcr den Schutz von Leistungstransformatoren und Generatoren im Falle von Erdungsfehlern in Mittel- und Niederspannungsnetzen empfohlen.<\/p>\n<p>Unsere Erdungswiderst\u00e4nde nach Ma\u00df, die mit einem Stromwandler ausgestattet sind, bieten eine hohe thermische Kapazit\u00e4t zur Aufnahme gro\u00dfer Str\u00f6me. In unsere Widerst\u00e4nde k\u00f6nnen auch alle Arten von Zubeh\u00f6r integriert werden (Schalter, Sch\u00fctze, Steuerelemente, Klemmk\u00e4sten usw.). <\/p>\n","protected":false},"featured_media":9417,"template":"","meta":{"_acf_changed":false},"product_brand":[],"product_cat":[507,478],"product_tag":[],"class_list":{"0":"post-15877","1":"product","2":"type-product","3":"status-publish","4":"has-post-thumbnail","6":"product_cat-erdungswiderstande","7":"product_cat-widerstande-lastbanke","9":"first","10":"instock","11":"product-type-simple"},"acf":[],"yoast_head":"<!-- This site is optimized with the Yoast SEO plugin v27.2 - https:\/\/yoast.com\/product\/yoast-seo-wordpress\/ -->\n<title>Erdungswiderst\u00e4nde f\u00fcr elektrische Anlagen<\/title>\n<meta name=\"description\" content=\"Erdungswiderst\u00e4nde f\u00fcr sichere und effiziente elektrische Systeme, entwickelt in Europa mit hohen Qualit\u00e4tsstandards und technischer Unterst\u00fctzung.\" \/>\n<meta name=\"robots\" content=\"index, follow, max-snippet:-1, max-image-preview:large, max-video-preview:-1\" \/>\n<link rel=\"canonical\" href=\"https:\/\/grupotorivac.com\/de\/product\/resistencias-de-puesta-a-tierra\/\" \/>\n<meta property=\"og:locale\" content=\"de_DE\" \/>\n<meta property=\"og:type\" content=\"article\" \/>\n<meta property=\"og:title\" content=\"Erdungswiderst\u00e4nde f\u00fcr elektrische Anlagen\" \/>\n<meta property=\"og:description\" content=\"Erdungswiderst\u00e4nde f\u00fcr sichere und effiziente elektrische Systeme, entwickelt in Europa mit hohen Qualit\u00e4tsstandards und technischer Unterst\u00fctzung.\" \/>\n<meta property=\"og:url\" content=\"https:\/\/grupotorivac.com\/de\/product\/resistencias-de-puesta-a-tierra\/\" \/>\n<meta property=\"og:site_name\" content=\"Torivac\" \/>\n<meta property=\"og:image\" content=\"https:\/\/grupotorivac.com\/wp-content\/uploads\/2022\/06\/puesta-a-tierra.jpg\" \/>\n\t<meta property=\"og:image:width\" content=\"200\" \/>\n\t<meta property=\"og:image:height\" content=\"200\" \/>\n\t<meta property=\"og:image:type\" content=\"image\/png\" \/>\n<meta name=\"twitter:card\" content=\"summary_large_image\" \/>\n<meta name=\"twitter:label1\" content=\"Gesch\u00e4tzte Lesezeit\" \/>\n\t<meta name=\"twitter:data1\" content=\"5\u00a0Minuten\" \/>\n<script type=\"application\/ld+json\" class=\"yoast-schema-graph\">{\"@context\":\"https:\/\/schema.org\",\"@graph\":[{\"@type\":\"WebPage\",\"@id\":\"https:\/\/grupotorivac.com\/de\/product\/resistencias-de-puesta-a-tierra\/\",\"url\":\"https:\/\/grupotorivac.com\/de\/product\/resistencias-de-puesta-a-tierra\/\",\"name\":\"Erdungswiderst\u00e4nde f\u00fcr elektrische Anlagen\",\"isPartOf\":{\"@id\":\"https:\/\/grupotorivac.com\/#website\"},\"primaryImageOfPage\":{\"@id\":\"https:\/\/grupotorivac.com\/de\/product\/resistencias-de-puesta-a-tierra\/#primaryimage\"},\"image\":{\"@id\":\"https:\/\/grupotorivac.com\/de\/product\/resistencias-de-puesta-a-tierra\/#primaryimage\"},\"thumbnailUrl\":\"https:\/\/grupotorivac.com\/wp-content\/uploads\/2022\/06\/puesta-a-tierra.jpg\",\"datePublished\":\"2022-06-06T12:50:24+00:00\",\"description\":\"Erdungswiderst\u00e4nde f\u00fcr sichere und effiziente elektrische Systeme, entwickelt in Europa mit hohen Qualit\u00e4tsstandards und technischer Unterst\u00fctzung.\",\"breadcrumb\":{\"@id\":\"https:\/\/grupotorivac.com\/de\/product\/resistencias-de-puesta-a-tierra\/#breadcrumb\"},\"inLanguage\":\"de\",\"potentialAction\":[{\"@type\":\"ReadAction\",\"target\":[\"https:\/\/grupotorivac.com\/de\/product\/resistencias-de-puesta-a-tierra\/\"]}]},{\"@type\":\"ImageObject\",\"inLanguage\":\"de\",\"@id\":\"https:\/\/grupotorivac.com\/de\/product\/resistencias-de-puesta-a-tierra\/#primaryimage\",\"url\":\"https:\/\/grupotorivac.com\/wp-content\/uploads\/2022\/06\/puesta-a-tierra.jpg\",\"contentUrl\":\"https:\/\/grupotorivac.com\/wp-content\/uploads\/2022\/06\/puesta-a-tierra.jpg\",\"width\":200,\"height\":200},{\"@type\":\"BreadcrumbList\",\"@id\":\"https:\/\/grupotorivac.com\/de\/product\/resistencias-de-puesta-a-tierra\/#breadcrumb\",\"itemListElement\":[{\"@type\":\"ListItem\",\"position\":1,\"name\":\"Portada\",\"item\":\"https:\/\/grupotorivac.com\/de\/\"},{\"@type\":\"ListItem\",\"position\":2,\"name\":\"Products\",\"item\":\"https:\/\/grupotorivac.com\/en\/shop\/\"},{\"@type\":\"ListItem\",\"position\":3,\"name\":\"Erdungswiderst\u00e4nde\"}]},{\"@type\":\"WebSite\",\"@id\":\"https:\/\/grupotorivac.com\/#website\",\"url\":\"https:\/\/grupotorivac.com\/\",\"name\":\"Torivac\",\"description\":\"Especializados en dise\u00f1o y fabricaci\u00f3n de variados de tensi\u00f3n\",\"publisher\":{\"@id\":\"https:\/\/grupotorivac.com\/#organization\"},\"alternateName\":\"Torivac S.L\",\"potentialAction\":[{\"@type\":\"SearchAction\",\"target\":{\"@type\":\"EntryPoint\",\"urlTemplate\":\"https:\/\/grupotorivac.com\/?s={search_term_string}\"},\"query-input\":{\"@type\":\"PropertyValueSpecification\",\"valueRequired\":true,\"valueName\":\"search_term_string\"}}],\"inLanguage\":\"de\"},{\"@type\":\"Organization\",\"@id\":\"https:\/\/grupotorivac.com\/#organization\",\"name\":\"Torivac\",\"alternateName\":\"Torivac S.L\",\"url\":\"https:\/\/grupotorivac.com\/\",\"logo\":{\"@type\":\"ImageObject\",\"inLanguage\":\"de\",\"@id\":\"https:\/\/grupotorivac.com\/#\/schema\/logo\/image\/\",\"url\":\"https:\/\/grupotorivac.com\/wp-content\/uploads\/2025\/02\/Diseno-sin-titulo-73.png\",\"contentUrl\":\"https:\/\/grupotorivac.com\/wp-content\/uploads\/2025\/02\/Diseno-sin-titulo-73.png\",\"width\":250,\"height\":250,\"caption\":\"Torivac\"},\"image\":{\"@id\":\"https:\/\/grupotorivac.com\/#\/schema\/logo\/image\/\"}}]}<\/script>\n<!-- \/ Yoast SEO plugin. -->","yoast_head_json":{"title":"Erdungswiderst\u00e4nde f\u00fcr elektrische Anlagen","description":"Erdungswiderst\u00e4nde f\u00fcr sichere und effiziente elektrische Systeme, entwickelt in Europa mit hohen Qualit\u00e4tsstandards und technischer Unterst\u00fctzung.","robots":{"index":"index","follow":"follow","max-snippet":"max-snippet:-1","max-image-preview":"max-image-preview:large","max-video-preview":"max-video-preview:-1"},"canonical":"https:\/\/grupotorivac.com\/de\/product\/resistencias-de-puesta-a-tierra\/","og_locale":"de_DE","og_type":"article","og_title":"Erdungswiderst\u00e4nde f\u00fcr elektrische Anlagen","og_description":"Erdungswiderst\u00e4nde f\u00fcr sichere und effiziente elektrische Systeme, entwickelt in Europa mit hohen Qualit\u00e4tsstandards und technischer Unterst\u00fctzung.","og_url":"https:\/\/grupotorivac.com\/de\/product\/resistencias-de-puesta-a-tierra\/","og_site_name":"Torivac","og_image":[{"width":200,"height":200,"url":"https:\/\/grupotorivac.com\/wp-content\/uploads\/2022\/06\/puesta-a-tierra.jpg","type":"image\/png"}],"twitter_card":"summary_large_image","twitter_misc":{"Gesch\u00e4tzte Lesezeit":"5\u00a0Minuten"},"schema":{"@context":"https:\/\/schema.org","@graph":[{"@type":"WebPage","@id":"https:\/\/grupotorivac.com\/de\/product\/resistencias-de-puesta-a-tierra\/","url":"https:\/\/grupotorivac.com\/de\/product\/resistencias-de-puesta-a-tierra\/","name":"Erdungswiderst\u00e4nde f\u00fcr elektrische Anlagen","isPartOf":{"@id":"https:\/\/grupotorivac.com\/#website"},"primaryImageOfPage":{"@id":"https:\/\/grupotorivac.com\/de\/product\/resistencias-de-puesta-a-tierra\/#primaryimage"},"image":{"@id":"https:\/\/grupotorivac.com\/de\/product\/resistencias-de-puesta-a-tierra\/#primaryimage"},"thumbnailUrl":"https:\/\/grupotorivac.com\/wp-content\/uploads\/2022\/06\/puesta-a-tierra.jpg","datePublished":"2022-06-06T12:50:24+00:00","description":"Erdungswiderst\u00e4nde f\u00fcr sichere und effiziente elektrische Systeme, entwickelt in Europa mit hohen Qualit\u00e4tsstandards und technischer Unterst\u00fctzung.","breadcrumb":{"@id":"https:\/\/grupotorivac.com\/de\/product\/resistencias-de-puesta-a-tierra\/#breadcrumb"},"inLanguage":"de","potentialAction":[{"@type":"ReadAction","target":["https:\/\/grupotorivac.com\/de\/product\/resistencias-de-puesta-a-tierra\/"]}]},{"@type":"ImageObject","inLanguage":"de","@id":"https:\/\/grupotorivac.com\/de\/product\/resistencias-de-puesta-a-tierra\/#primaryimage","url":"https:\/\/grupotorivac.com\/wp-content\/uploads\/2022\/06\/puesta-a-tierra.jpg","contentUrl":"https:\/\/grupotorivac.com\/wp-content\/uploads\/2022\/06\/puesta-a-tierra.jpg","width":200,"height":200},{"@type":"BreadcrumbList","@id":"https:\/\/grupotorivac.com\/de\/product\/resistencias-de-puesta-a-tierra\/#breadcrumb","itemListElement":[{"@type":"ListItem","position":1,"name":"Portada","item":"https:\/\/grupotorivac.com\/de\/"},{"@type":"ListItem","position":2,"name":"Products","item":"https:\/\/grupotorivac.com\/en\/shop\/"},{"@type":"ListItem","position":3,"name":"Erdungswiderst\u00e4nde"}]},{"@type":"WebSite","@id":"https:\/\/grupotorivac.com\/#website","url":"https:\/\/grupotorivac.com\/","name":"Torivac","description":"Especializados en dise\u00f1o y fabricaci\u00f3n de variados de tensi\u00f3n","publisher":{"@id":"https:\/\/grupotorivac.com\/#organization"},"alternateName":"Torivac S.L","potentialAction":[{"@type":"SearchAction","target":{"@type":"EntryPoint","urlTemplate":"https:\/\/grupotorivac.com\/?s={search_term_string}"},"query-input":{"@type":"PropertyValueSpecification","valueRequired":true,"valueName":"search_term_string"}}],"inLanguage":"de"},{"@type":"Organization","@id":"https:\/\/grupotorivac.com\/#organization","name":"Torivac","alternateName":"Torivac S.L","url":"https:\/\/grupotorivac.com\/","logo":{"@type":"ImageObject","inLanguage":"de","@id":"https:\/\/grupotorivac.com\/#\/schema\/logo\/image\/","url":"https:\/\/grupotorivac.com\/wp-content\/uploads\/2025\/02\/Diseno-sin-titulo-73.png","contentUrl":"https:\/\/grupotorivac.com\/wp-content\/uploads\/2025\/02\/Diseno-sin-titulo-73.png","width":250,"height":250,"caption":"Torivac"},"image":{"@id":"https:\/\/grupotorivac.com\/#\/schema\/logo\/image\/"}}]}},"_links":{"self":[{"href":"https:\/\/grupotorivac.com\/de\/wp-json\/wp\/v2\/product\/15877","targetHints":{"allow":["GET"]}}],"collection":[{"href":"https:\/\/grupotorivac.com\/de\/wp-json\/wp\/v2\/product"}],"about":[{"href":"https:\/\/grupotorivac.com\/de\/wp-json\/wp\/v2\/types\/product"}],"wp:featuredmedia":[{"embeddable":true,"href":"https:\/\/grupotorivac.com\/de\/wp-json\/wp\/v2\/media\/9417"}],"wp:attachment":[{"href":"https:\/\/grupotorivac.com\/de\/wp-json\/wp\/v2\/media?parent=15877"}],"wp:term":[{"taxonomy":"product_brand","embeddable":true,"href":"https:\/\/grupotorivac.com\/de\/wp-json\/wp\/v2\/product_brand?post=15877"},{"taxonomy":"product_cat","embeddable":true,"href":"https:\/\/grupotorivac.com\/de\/wp-json\/wp\/v2\/product_cat?post=15877"},{"taxonomy":"product_tag","embeddable":true,"href":"https:\/\/grupotorivac.com\/de\/wp-json\/wp\/v2\/product_tag?post=15877"}],"curies":[{"name":"wp","href":"https:\/\/api.w.org\/{rel}","templated":true}]}}